{"id":1569,"date":"2019-03-19T14:22:06","date_gmt":"2019-03-19T12:22:06","guid":{"rendered":"https:\/\/rotary.fi\/kristiinankaupunki\/?page_id=1569"},"modified":"2025-10-21T16:04:32","modified_gmt":"2025-10-21T13:04:32","slug":"styrelse-och-funktionarer","status":"publish","type":"page","link":"https:\/\/rotary.fi\/kristiinankaupunki\/sv\/vem-ar-vi\/styrelse-och-funktionarer\/","title":{"rendered":"Styrelse och funktion\u00e4rer"},"content":{"rendered":"<p>[et_pb_section fb_built=&#8221;1&#8243; module_class=&#8221;jumbotron-page&#8221; _builder_version=&#8221;4.16&#8243; background_image=&#8221;https:\/\/rotary.fi\/kristiinankaupunki\/wp-content\/uploads\/sites\/130\/2018\/10\/rotary_klubit_alasivu_paakuva_12.jpg&#8221; global_colors_info=&#8221;{}&#8221;][et_pb_row _builder_version=&#8221;4.16&#8243; background_size=&#8221;initial&#8221; background_position=&#8221;top_left&#8221; background_repeat=&#8221;repeat&#8221; global_colors_info=&#8221;{}&#8221;][et_pb_column type=&#8221;4_4&#8243; _builder_version=&#8221;4.16&#8243; custom_padding=&#8221;|||&#8221; global_colors_info=&#8221;{}&#8221; custom_padding__hover=&#8221;|||&#8221;][et_pb_text admin_label=&#8221;Main \/\/ Styrelse och funktion\u00e4rer&#8221; _builder_version=&#8221;4.16&#8243; text_orientation=&#8221;center&#8221; background_layout=&#8221;dark&#8221; global_colors_info=&#8221;{}&#8221;]<\/p>\n<h1>Styrelse och funktion\u00e4rer<\/h1>\n<p>[\/et_pb_text][\/et_pb_column][\/et_pb_row][\/et_pb_section][et_pb_section fb_built=&#8221;1&#8243; specialty=&#8221;on&#8221; module_class_2=&#8221;sivupalkki&#8221; _builder_version=&#8221;4.16&#8243; global_colors_info=&#8221;{}&#8221;][et_pb_column type=&#8221;2_3&#8243; specialty_columns=&#8221;2&#8243; _builder_version=&#8221;4.16&#8243; custom_padding=&#8221;|||&#8221; global_colors_info=&#8221;{}&#8221; custom_padding__hover=&#8221;|||&#8221;][et_pb_row_inner admin_label=&#8221;Rivi&#8221; _builder_version=&#8221;4.16&#8243; global_colors_info=&#8221;{}&#8221;][et_pb_column_inner saved_specialty_column_type=&#8221;2_3&#8243; _builder_version=&#8221;4.16&#8243; custom_padding=&#8221;|||&#8221; global_colors_info=&#8221;{}&#8221; custom_padding__hover=&#8221;|||&#8221;][et_pb_text admin_label=&#8221;Styrelse och funktion\u00e4rer &#8211; rubrik&#8221; _builder_version=&#8221;4.16&#8243; text_orientation=&#8221;center&#8221; global_colors_info=&#8221;{}&#8221;]<\/p>\n<h1>Styrelse och funktion\u00e4rer<\/h1>\n<p>[\/et_pb_text][\/et_pb_column_inner][\/et_pb_row_inner][et_pb_row_inner column_structure=&#8221;1_2,1_2&#8243; admin_label=&#8221;Rivi&#8221; _builder_version=&#8221;4.16&#8243; global_colors_info=&#8221;{}&#8221;][et_pb_column_inner type=&#8221;1_2&#8243; saved_specialty_column_type=&#8221;2_3&#8243; _builder_version=&#8221;4.16&#8243; custom_padding=&#8221;|||&#8221; global_colors_info=&#8221;{}&#8221; custom_padding__hover=&#8221;|||&#8221;][\/et_pb_column_inner][et_pb_column_inner type=&#8221;1_2&#8243; saved_specialty_column_type=&#8221;2_3&#8243; _builder_version=&#8221;4.16&#8243; custom_padding=&#8221;|||&#8221; global_colors_info=&#8221;{}&#8221; custom_padding__hover=&#8221;|||&#8221;][et_pb_text admin_label=&#8221;Styrelse&#8221; _builder_version=&#8221;4.16&#8243; global_colors_info=&#8221;{}&#8221;]<\/p>\n<h2>Styrelse<\/h2>\n<p><strong>President f\u00f6r 2025-26 Tapio Heino <\/strong><strong>Tilltr\u00e4dande president Tuomo Huuhka<\/strong><br \/><strong>Past president <em>Martti Heikkil\u00e4<\/em><\/strong><br \/><strong>1. sekreterare<\/strong> <strong>H\u00e5kan Blomqvist<\/strong><br \/><strong>Klubbm\u00e4stare Paavol Rantala <\/strong><strong>Skattm\u00e4stare Lasse Vilkevuori<\/strong><\/p>\n<p><strong>Utanf\u00f6r styrelsen\u00a0 \u00a0 \u00a0 \u00a0 \u00a0 \u00a0 \u00a0 \u00a0 \u00a0 \u00a0 \u00a0 \u00a0 \u00a0 \u00a0 \u00a0 \u00a0 \u00a0 \u00a0 \u00a0 \u00a0 \u00a0 \u00a0 IT-samordnare Mika Helander<\/strong><br \/><strong>Ungdomsutbyte Markus Blomqvist\u00a0<\/strong><\/p>\n<p>&nbsp;<\/p>\n<p>[\/et_pb_text][\/et_pb_column_inner][\/et_pb_row_inner][\/et_pb_column][et_pb_column type=&#8221;1_3&#8243; _builder_version=&#8221;4.16&#8243; custom_padding=&#8221;|||&#8221; global_colors_info=&#8221;{}&#8221; custom_padding__hover=&#8221;|||&#8221;][et_pb_sidebar area=&#8221;sidebar-1&#8243; admin_label=&#8221;Sidebar&#8221; module_class=&#8221;sivupalkki_sisalto&#8221; _builder_version=&#8221;4.16&#8243; locked=&#8221;on&#8221; global_colors_info=&#8221;{}&#8221;][\/et_pb_sidebar][\/et_pb_column][\/et_pb_section]<\/p>\n","protected":false},"excerpt":{"rendered":"<p>Styrelse och funktion\u00e4rer Styrelse och funktion\u00e4rer Styrelse President f\u00f6r 2025-26 Tapio Heino Tilltr\u00e4dande president Tuomo HuuhkaPast president Martti Heikkil\u00e41. sekreterare H\u00e5kan BlomqvistKlubbm\u00e4stare Paavol Rantala Skattm\u00e4stare Lasse Vilkevuori Utanf\u00f6r styrelsen\u00a0 \u00a0 \u00a0 \u00a0 \u00a0 \u00a0 \u00a0 \u00a0 \u00a0 \u00a0 \u00a0 \u00a0 \u00a0 \u00a0 \u00a0 \u00a0 \u00a0 \u00a0 \u00a0 \u00a0 \u00a0 \u00a0 IT-samordnare Mika HelanderUngdomsutbyte Markus Blomqvist\u00a0 [&hellip;]<\/p>\n","protected":false},"author":1,"featured_media":0,"parent":1565,"menu_order":1,"comment_status":"closed","ping_status":"closed","template":"","meta":{"_acf_changed":false,"_et_pb_use_builder":"on","_et_pb_old_content":"<p>[et_pb_section fb_built=\"1\" module_class=\"jumbotron-page\" _builder_version=\"3.22\" background_image=\"https:\/\/rotary.fi\/kristiinankaupunki\/wp-content\/uploads\/sites\/130\/2018\/10\/rotary_klubit_alasivu_paakuva_12.jpg\" bb_built=\"1\" _i=\"0\" _address=\"0\"][et_pb_row _builder_version=\"3.25\" background_size=\"initial\" background_position=\"top_left\" background_repeat=\"repeat\" _i=\"0\" _address=\"0.0\"][et_pb_column type=\"4_4\" _builder_version=\"3.25\" custom_padding=\"|||\" _i=\"0\" _address=\"0.0.0\" custom_padding__hover=\"|||\"][et_pb_text admin_label=\"Main \/\/ Styrelse och funktion\u00e4rer\" _builder_version=\"3.27.4\" text_orientation=\"center\" background_layout=\"dark\" _i=\"0\" _address=\"0.0.0.0\"]<\/p><h1>Styrelse och funktion\u00e4rer<\/h1><p>[\/et_pb_text][\/et_pb_column][\/et_pb_row][\/et_pb_section][et_pb_section fb_built=\"1\" specialty=\"on\" module_class_2=\"sivupalkki\" _builder_version=\"3.22\" bb_built=\"1\" _i=\"1\" _address=\"1\"][et_pb_column type=\"2_3\" specialty_columns=\"2\" _builder_version=\"3.25\" custom_padding=\"|||\" _i=\"0\" _address=\"1.0\" custom_padding__hover=\"|||\"][et_pb_row_inner admin_label=\"Rivi\" _builder_version=\"3.25\" _i=\"0\" _address=\"1.0.0\"][et_pb_column_inner saved_specialty_column_type=\"2_3\" _builder_version=\"3.25\" custom_padding=\"|||\" _i=\"0\" _address=\"1.0.0.0\" custom_padding__hover=\"|||\"][et_pb_text admin_label=\"Styrelse och funktion\u00e4rer - rubrik\" _builder_version=\"3.27.4\" text_orientation=\"center\" _i=\"0\" _address=\"1.0.0.0.0\"]<\/p><h1>Styrelse och funktion\u00e4rer<\/h1><p>[\/et_pb_text][\/et_pb_column_inner][\/et_pb_row_inner][et_pb_row_inner admin_label=\"Rivi\" _builder_version=\"3.25\" _i=\"1\" _address=\"1.0.1\" column_structure=\"1_2,1_2\"][et_pb_column_inner type=\"1_2\" saved_specialty_column_type=\"2_3\" _builder_version=\"3.25\" custom_padding=\"|||\" _i=\"0\" _address=\"1.0.1.0\" custom_padding__hover=\"|||\"][et_pb_team_member name=\"Markus Blomqvist\" position=\"President\" image_url=\"https:\/\/rotary.fi\/klubi2\/wp-content\/uploads\/sites\/130\/2018\/08\/henkilokuva_placeholder.jpg\" admin_label=\"President\" _builder_version=\"3.29.3\" hover_enabled=\"0\" _i=\"0\" _address=\"1.0.1.0.0\"]<\/p><p>President f\u00f6r Kristinestads Klubb Markus Blomqvist<\/p><p><img class=\"alignnone size-medium wp-image-2073\" src=\"https:\/\/rotary.fi\/kristiinankaupunki\/wp-content\/uploads\/sites\/130\/2021\/08\/img-4764-300x225.jpg\" alt=\"\" width=\"300\" height=\"225\" \/><\/p><p>\u00a0<\/p><p>[\/et_pb_team_member][\/et_pb_column_inner][et_pb_column_inner type=\"1_2\" saved_specialty_column_type=\"2_3\" _builder_version=\"3.25\" custom_padding=\"|||\" _i=\"1\" _address=\"1.0.1.1\" custom_padding__hover=\"|||\"][et_pb_text admin_label=\"Styrelse\" _builder_version=\"3.27.4\" _i=\"0\" _address=\"1.0.1.1.0\"]<\/p><h2>Styrelse<\/h2><p><strong>President f\u00f6r 2019-20 <\/strong>Martti Heikkil\u00e4 <strong>Tilltr\u00e4dande president <\/strong><span style=\"font-size: small;\">H\u00e5kan Blomqvist<\/span><br \/><strong>Past president\u00a0<\/strong>H\u00e5kan Blomqvist<br \/><strong>1. sekreterare<\/strong> Patric Hellman<br \/><strong>Klubbm\u00e4stare<\/strong><\/p><p><strong>Skattm\u00e4stare <\/strong>Lasse Vilkevuori<br \/><strong>IT-samordnare <\/strong>Mika Helander<br \/><strong>Stiftelseombud <\/strong><br \/><strong>Kontaktperson ungdomsutbyte\u00a0<\/strong><br \/><strong>Media-ansvarig <\/strong>Patrik Hellman<\/p><p>\u00a0<\/p><p>[\/et_pb_text][\/et_pb_column_inner][\/et_pb_row_inner][\/et_pb_column][et_pb_column type=\"1_3\" _builder_version=\"3.25\" custom_padding=\"|||\" _i=\"1\" _address=\"1.1\" custom_padding__hover=\"|||\"][et_pb_sidebar area=\"sidebar-1\" admin_label=\"Sidebar\" module_class=\"sivupalkki_sisalto\" _builder_version=\"3.21\" locked=\"on\" _i=\"0\" _address=\"1.1.0\"]<\/p><p>[\/et_pb_sidebar][\/et_pb_column][\/et_pb_section]<\/p>","_et_gb_content_width":"","footnotes":""},"class_list":["post-1569","page","type-page","status-publish","hentry"],"acf":[],"yoast_head":"<!-- This site is optimized with the Yoast SEO plugin v27.4 - https:\/\/yoast.com\/product\/yoast-seo-wordpress\/ -->\n<title>Styrelse och funktion\u00e4rer - Kristinestads Rotaryklubb - Kristiinankaupungin Rotaryklubi<\/title>\n<meta name=\"robots\" content=\"index, follow, max-snippet:-1, max-image-preview:large, max-video-preview:-1\" \/>\n<link rel=\"canonical\" href=\"https:\/\/rotary.fi\/kristiinankaupunki\/sv\/vem-ar-vi\/styrelse-och-funktionarer\/\" \/>\n<meta property=\"og:locale\" content=\"fi_FI\" \/>\n<meta property=\"og:type\" content=\"article\" \/>\n<meta property=\"og:title\" content=\"Styrelse och funktion\u00e4rer - Kristinestads Rotaryklubb - Kristiinankaupungin Rotaryklubi\" \/>\n<meta property=\"og:description\" content=\"Styrelse och funktion\u00e4rer Styrelse och funktion\u00e4rer Styrelse President f\u00f6r 2025-26 Tapio Heino Tilltr\u00e4dande president Tuomo HuuhkaPast president Martti Heikkil\u00e41. sekreterare H\u00e5kan BlomqvistKlubbm\u00e4stare Paavol Rantala Skattm\u00e4stare Lasse Vilkevuori Utanf\u00f6r styrelsen\u00a0 \u00a0 \u00a0 \u00a0 \u00a0 \u00a0 \u00a0 \u00a0 \u00a0 \u00a0 \u00a0 \u00a0 \u00a0 \u00a0 \u00a0 \u00a0 \u00a0 \u00a0 \u00a0 \u00a0 \u00a0 \u00a0 IT-samordnare Mika HelanderUngdomsutbyte Markus Blomqvist\u00a0 [&hellip;]\" \/>\n<meta property=\"og:url\" content=\"https:\/\/rotary.fi\/kristiinankaupunki\/sv\/vem-ar-vi\/styrelse-och-funktionarer\/\" \/>\n<meta property=\"og:site_name\" content=\"Kristinestads Rotaryklubb - Kristiinankaupungin Rotaryklubi\" \/>\n<meta property=\"article:modified_time\" content=\"2025-10-21T13:04:32+00:00\" \/>\n<meta name=\"twitter:card\" content=\"summary_large_image\" \/>\n<script type=\"application\/ld+json\" class=\"yoast-schema-graph\">{\"@context\":\"https:\\\/\\\/schema.org\",\"@graph\":[{\"@type\":\"WebPage\",\"@id\":\"https:\\\/\\\/rotary.fi\\\/kristiinankaupunki\\\/sv\\\/vem-ar-vi\\\/styrelse-och-funktionarer\\\/\",\"url\":\"https:\\\/\\\/rotary.fi\\\/kristiinankaupunki\\\/sv\\\/vem-ar-vi\\\/styrelse-och-funktionarer\\\/\",\"name\":\"Styrelse och funktion\u00e4rer - Kristinestads Rotaryklubb - Kristiinankaupungin Rotaryklubi\",\"isPartOf\":{\"@id\":\"https:\\\/\\\/rotary.fi\\\/kristiinankaupunki\\\/#website\"},\"datePublished\":\"2019-03-19T12:22:06+00:00\",\"dateModified\":\"2025-10-21T13:04:32+00:00\",\"breadcrumb\":{\"@id\":\"https:\\\/\\\/rotary.fi\\\/kristiinankaupunki\\\/sv\\\/vem-ar-vi\\\/styrelse-och-funktionarer\\\/#breadcrumb\"},\"inLanguage\":\"fi\",\"potentialAction\":[{\"@type\":\"ReadAction\",\"target\":[\"https:\\\/\\\/rotary.fi\\\/kristiinankaupunki\\\/sv\\\/vem-ar-vi\\\/styrelse-och-funktionarer\\\/\"]}]},{\"@type\":\"BreadcrumbList\",\"@id\":\"https:\\\/\\\/rotary.fi\\\/kristiinankaupunki\\\/sv\\\/vem-ar-vi\\\/styrelse-och-funktionarer\\\/#breadcrumb\",\"itemListElement\":[{\"@type\":\"ListItem\",\"position\":1,\"name\":\"Home\",\"item\":\"https:\\\/\\\/rotary.fi\\\/kristiinankaupunki\\\/\"},{\"@type\":\"ListItem\",\"position\":2,\"name\":\"Vem \u00e4r vi\",\"item\":\"https:\\\/\\\/rotary.fi\\\/kristiinankaupunki\\\/sv\\\/vem-ar-vi\\\/\"},{\"@type\":\"ListItem\",\"position\":3,\"name\":\"Styrelse och funktion\u00e4rer\"}]},{\"@type\":\"WebSite\",\"@id\":\"https:\\\/\\\/rotary.fi\\\/kristiinankaupunki\\\/#website\",\"url\":\"https:\\\/\\\/rotary.fi\\\/kristiinankaupunki\\\/\",\"name\":\"Kristinestads Rotaryklubb - Kristiinankaupungin Rotaryklubi\",\"description\":\"Uusi Rotary klubisivusto\",\"potentialAction\":[{\"@type\":\"SearchAction\",\"target\":{\"@type\":\"EntryPoint\",\"urlTemplate\":\"https:\\\/\\\/rotary.fi\\\/kristiinankaupunki\\\/?s={search_term_string}\"},\"query-input\":{\"@type\":\"PropertyValueSpecification\",\"valueRequired\":true,\"valueName\":\"search_term_string\"}}],\"inLanguage\":\"fi\"}]}<\/script>\n<!-- \/ Yoast SEO plugin. -->","yoast_head_json":{"title":"Styrelse och funktion\u00e4rer - Kristinestads Rotaryklubb - Kristiinankaupungin Rotaryklubi","robots":{"index":"index","follow":"follow","max-snippet":"max-snippet:-1","max-image-preview":"max-image-preview:large","max-video-preview":"max-video-preview:-1"},"canonical":"https:\/\/rotary.fi\/kristiinankaupunki\/sv\/vem-ar-vi\/styrelse-och-funktionarer\/","og_locale":"fi_FI","og_type":"article","og_title":"Styrelse och funktion\u00e4rer - Kristinestads Rotaryklubb - Kristiinankaupungin Rotaryklubi","og_description":"Styrelse och funktion\u00e4rer Styrelse och funktion\u00e4rer Styrelse President f\u00f6r 2025-26 Tapio Heino Tilltr\u00e4dande president Tuomo HuuhkaPast president Martti Heikkil\u00e41. sekreterare H\u00e5kan BlomqvistKlubbm\u00e4stare Paavol Rantala Skattm\u00e4stare Lasse Vilkevuori Utanf\u00f6r styrelsen\u00a0 \u00a0 \u00a0 \u00a0 \u00a0 \u00a0 \u00a0 \u00a0 \u00a0 \u00a0 \u00a0 \u00a0 \u00a0 \u00a0 \u00a0 \u00a0 \u00a0 \u00a0 \u00a0 \u00a0 \u00a0 \u00a0 IT-samordnare Mika HelanderUngdomsutbyte Markus Blomqvist\u00a0 [&hellip;]","og_url":"https:\/\/rotary.fi\/kristiinankaupunki\/sv\/vem-ar-vi\/styrelse-och-funktionarer\/","og_site_name":"Kristinestads Rotaryklubb - Kristiinankaupungin Rotaryklubi","article_modified_time":"2025-10-21T13:04:32+00:00","twitter_card":"summary_large_image","schema":{"@context":"https:\/\/schema.org","@graph":[{"@type":"WebPage","@id":"https:\/\/rotary.fi\/kristiinankaupunki\/sv\/vem-ar-vi\/styrelse-och-funktionarer\/","url":"https:\/\/rotary.fi\/kristiinankaupunki\/sv\/vem-ar-vi\/styrelse-och-funktionarer\/","name":"Styrelse och funktion\u00e4rer - Kristinestads Rotaryklubb - Kristiinankaupungin Rotaryklubi","isPartOf":{"@id":"https:\/\/rotary.fi\/kristiinankaupunki\/#website"},"datePublished":"2019-03-19T12:22:06+00:00","dateModified":"2025-10-21T13:04:32+00:00","breadcrumb":{"@id":"https:\/\/rotary.fi\/kristiinankaupunki\/sv\/vem-ar-vi\/styrelse-och-funktionarer\/#breadcrumb"},"inLanguage":"fi","potentialAction":[{"@type":"ReadAction","target":["https:\/\/rotary.fi\/kristiinankaupunki\/sv\/vem-ar-vi\/styrelse-och-funktionarer\/"]}]},{"@type":"BreadcrumbList","@id":"https:\/\/rotary.fi\/kristiinankaupunki\/sv\/vem-ar-vi\/styrelse-och-funktionarer\/#breadcrumb","itemListElement":[{"@type":"ListItem","position":1,"name":"Home","item":"https:\/\/rotary.fi\/kristiinankaupunki\/"},{"@type":"ListItem","position":2,"name":"Vem \u00e4r vi","item":"https:\/\/rotary.fi\/kristiinankaupunki\/sv\/vem-ar-vi\/"},{"@type":"ListItem","position":3,"name":"Styrelse och funktion\u00e4rer"}]},{"@type":"WebSite","@id":"https:\/\/rotary.fi\/kristiinankaupunki\/#website","url":"https:\/\/rotary.fi\/kristiinankaupunki\/","name":"Kristinestads Rotaryklubb - Kristiinankaupungin Rotaryklubi","description":"Uusi Rotary klubisivusto","potentialAction":[{"@type":"SearchAction","target":{"@type":"EntryPoint","urlTemplate":"https:\/\/rotary.fi\/kristiinankaupunki\/?s={search_term_string}"},"query-input":{"@type":"PropertyValueSpecification","valueRequired":true,"valueName":"search_term_string"}}],"inLanguage":"fi"}]}},"lang":"sv","translations":{"sv":1569,"fi":132},"pll_sync_post":[],"_links":{"self":[{"href":"https:\/\/rotary.fi\/kristiinankaupunki\/wp-json\/wp\/v2\/pages\/1569","targetHints":{"allow":["GET"]}}],"collection":[{"href":"https:\/\/rotary.fi\/kristiinankaupunki\/wp-json\/wp\/v2\/pages"}],"about":[{"href":"https:\/\/rotary.fi\/kristiinankaupunki\/wp-json\/wp\/v2\/types\/page"}],"author":[{"embeddable":true,"href":"https:\/\/rotary.fi\/kristiinankaupunki\/wp-json\/wp\/v2\/users\/1"}],"replies":[{"embeddable":true,"href":"https:\/\/rotary.fi\/kristiinankaupunki\/wp-json\/wp\/v2\/comments?post=1569"}],"version-history":[{"count":9,"href":"https:\/\/rotary.fi\/kristiinankaupunki\/wp-json\/wp\/v2\/pages\/1569\/revisions"}],"predecessor-version":[{"id":2261,"href":"https:\/\/rotary.fi\/kristiinankaupunki\/wp-json\/wp\/v2\/pages\/1569\/revisions\/2261"}],"up":[{"embeddable":true,"href":"https:\/\/rotary.fi\/kristiinankaupunki\/wp-json\/wp\/v2\/pages\/1565"}],"wp:attachment":[{"href":"https:\/\/rotary.fi\/kristiinankaupunki\/wp-json\/wp\/v2\/media?parent=1569"}],"curies":[{"name":"wp","href":"https:\/\/api.w.org\/{rel}","templated":true}]}}