{"id":89,"date":"2018-08-09T15:10:00","date_gmt":"2018-08-09T12:10:00","guid":{"rendered":"https:\/\/rotary.fi\/klubi2\/?page_id=89"},"modified":"2024-08-12T20:30:45","modified_gmt":"2024-08-12T17:30:45","slug":"tule-mukaan","status":"publish","type":"page","link":"https:\/\/rotary.fi\/kouvola\/tule-mukaan\/","title":{"rendered":"Tule mukaan"},"content":{"rendered":"<p>[et_pb_section fb_built=&#8221;1&#8243; module_class=&#8221;jumbotron-page&#8221; _builder_version=&#8221;4.16&#8243; background_image=&#8221;https:\/\/rotary.fi\/wp-content\/uploads\/2018\/04\/paakuva_liity_mukaan.jpg&#8221; global_colors_info=&#8221;{}&#8221;][et_pb_row _builder_version=&#8221;4.16&#8243; background_size=&#8221;initial&#8221; background_position=&#8221;top_left&#8221; background_repeat=&#8221;repeat&#8221; global_colors_info=&#8221;{}&#8221;][et_pb_column type=&#8221;4_4&#8243; _builder_version=&#8221;4.16&#8243; custom_padding=&#8221;|||&#8221; global_colors_info=&#8221;{}&#8221; custom_padding__hover=&#8221;|||&#8221;][et_pb_text admin_label=&#8221;P\u00e4\u00e4otsikko&#8221; _builder_version=&#8221;4.16&#8243; text_orientation=&#8221;center&#8221; background_layout=&#8221;dark&#8221; global_colors_info=&#8221;{}&#8221;]<\/p>\n<h1>Tule mukaan<\/h1>\n<p>[\/et_pb_text][\/et_pb_column][\/et_pb_row][\/et_pb_section][et_pb_section fb_built=&#8221;1&#8243; specialty=&#8221;on&#8221; module_class_2=&#8221;sivupalkki&#8221; _builder_version=&#8221;4.16&#8243; global_colors_info=&#8221;{}&#8221;][et_pb_column type=&#8221;2_3&#8243; specialty_columns=&#8221;2&#8243; _builder_version=&#8221;4.16&#8243; custom_padding=&#8221;|||&#8221; global_colors_info=&#8221;{}&#8221; custom_padding__hover=&#8221;|||&#8221;][et_pb_row_inner admin_label=&#8221;Rivi&#8221; _builder_version=&#8221;4.16&#8243; global_colors_info=&#8221;{}&#8221;][et_pb_column_inner saved_specialty_column_type=&#8221;2_3&#8243; _builder_version=&#8221;4.16&#8243; custom_padding=&#8221;|||&#8221; global_colors_info=&#8221;{}&#8221; custom_padding__hover=&#8221;|||&#8221;][et_pb_text admin_label=&#8221;Otsikko ennen teksti\u00e4 &#8211; Tule mukaan&#8221; _builder_version=&#8221;4.16&#8243; text_orientation=&#8221;center&#8221; global_colors_info=&#8221;{}&#8221;]<\/p>\n<h1>Tule mukaan<\/h1>\n<p>[\/et_pb_text][et_pb_text _builder_version=&#8221;4.16&#8243; global_colors_info=&#8221;{}&#8221;]<\/p>\n<p>\nRotary on kansainv\u00e4linen j\u00e4rjest\u00f6, joka muodostuu samalla tavalla ajattelevista ihmisist\u00e4 \u2013 ihmist\u00e4, jotka haluavat tehd\u00e4 hyv\u00e4\u00e4 omalla paikkakunnallaan ja ymp\u00e4ri maailman. Rotaryklubeja on melkein jokaisessa maassa, Suomessakin jokaisella seutukunnalla, kaupungissa ja l\u00e4hes jokaisessa kunnassa.<\/p>\n<p>Tutustu my\u00f6s nuorille suunnattuun toimintaan, <a href=\"\/mita-teemme\/nuorisopalvelut\/interact\/\" target=\"_blank\" rel=\"noopener\">Interactiin<\/a> ja <a href=\"\/mita-teemme\/nuorisopalvelut\/rotaract\/\" target=\"_blank\" rel=\"noopener\">Rotaractiin<\/a>.<\/p>\n<p>[\/et_pb_text][\/et_pb_column_inner][\/et_pb_row_inner][et_pb_row_inner admin_label=&#8221;Rivi&#8221; _builder_version=&#8221;4.16&#8243; global_colors_info=&#8221;{}&#8221;][et_pb_column_inner saved_specialty_column_type=&#8221;2_3&#8243; _builder_version=&#8221;4.16&#8243; custom_padding=&#8221;|||&#8221; global_colors_info=&#8221;{}&#8221; custom_padding__hover=&#8221;|||&#8221;][et_pb_text admin_label=&#8221;Otsikko ennen teksti\u00e4 &#8211; Ota yhteytt\u00e4&#8221; _builder_version=&#8221;4.16&#8243; text_orientation=&#8221;center&#8221; global_colors_info=&#8221;{}&#8221;]<\/p>\n<h1>Ota yhteytt\u00e4<\/h1>\n<p>[\/et_pb_text][et_pb_text _builder_version=&#8221;4.25.2&#8243; hover_enabled=&#8221;0&#8243; global_colors_info=&#8221;{}&#8221; sticky_enabled=&#8221;0&#8243;]<\/p>\n<p>Haluatko mukaan rotarytoimintaan? Ota yhteytt\u00e4, kerromme lis\u00e4\u00e4.\u00a0<\/p>\n<p>Jari Simola 041 432 2170<\/p>\n<p>Reijo Vaurula 0500 848 025<\/p>\n<p>Elina Toimela 050 598 9137<\/p>\n<p>[\/et_pb_text][et_pb_image src=&#8221;https:\/\/rotary.fi\/kouvola\/wp-content\/uploads\/sites\/28\/2024\/08\/jasenyys2.jpg&#8221; _builder_version=&#8221;4.25.2&#8243; _module_preset=&#8221;default&#8221; title_text=&#8221;j\u00e4senyys2&#8243; hover_enabled=&#8221;0&#8243; sticky_enabled=&#8221;0&#8243;][\/et_pb_image][\/et_pb_column_inner][\/et_pb_row_inner][\/et_pb_column][et_pb_column type=&#8221;1_3&#8243; _builder_version=&#8221;4.16&#8243; custom_padding=&#8221;|||&#8221; global_colors_info=&#8221;{}&#8221; custom_padding__hover=&#8221;|||&#8221;][et_pb_sidebar area=&#8221;sidebar-1&#8243; module_class=&#8221;sivupalkki_sisalto&#8221; _builder_version=&#8221;4.16&#8243; locked=&#8221;on&#8221; global_colors_info=&#8221;{}&#8221;][\/et_pb_sidebar][\/et_pb_column][\/et_pb_section]<\/p>\n","protected":false},"excerpt":{"rendered":"<p>Tule mukaan Tule mukaan Rotary on kansainv\u00e4linen j\u00e4rjest\u00f6, joka muodostuu samalla tavalla ajattelevista ihmisist\u00e4 \u2013 ihmist\u00e4, jotka haluavat tehd\u00e4 hyv\u00e4\u00e4 omalla paikkakunnallaan ja ymp\u00e4ri maailman. Rotaryklubeja on melkein jokaisessa maassa, Suomessakin jokaisella seutukunnalla, kaupungissa ja l\u00e4hes jokaisessa kunnassa. Tutustu my\u00f6s nuorille suunnattuun toimintaan, Interactiin ja Rotaractiin. Ota yhteytt\u00e4 Haluatko mukaan rotarytoimintaan? Ota yhteytt\u00e4, kerromme lis\u00e4\u00e4.\u00a0 [&hellip;]<\/p>\n","protected":false},"author":1,"featured_media":0,"parent":0,"menu_order":0,"comment_status":"closed","ping_status":"closed","template":"","meta":{"_acf_changed":false,"_et_pb_use_builder":"on","_et_pb_old_content":"","_et_gb_content_width":"","footnotes":""},"class_list":["post-89","page","type-page","status-publish","hentry"],"acf":[],"yoast_head":"<!-- This site is optimized with the Yoast SEO plugin v27.4 - https:\/\/yoast.com\/product\/yoast-seo-wordpress\/ -->\n<title>Tule mukaan - Kouvolan Rotaryklubi<\/title>\n<meta name=\"robots\" content=\"index, follow, max-snippet:-1, max-image-preview:large, max-video-preview:-1\" \/>\n<link rel=\"canonical\" href=\"https:\/\/rotary.fi\/kouvola\/tule-mukaan\/\" \/>\n<meta property=\"og:locale\" content=\"fi_FI\" \/>\n<meta property=\"og:type\" content=\"article\" \/>\n<meta property=\"og:title\" content=\"Tule mukaan - Kouvolan Rotaryklubi\" \/>\n<meta property=\"og:description\" content=\"Tule mukaan Tule mukaan Rotary on kansainv\u00e4linen j\u00e4rjest\u00f6, joka muodostuu samalla tavalla ajattelevista ihmisist\u00e4 \u2013 ihmist\u00e4, jotka haluavat tehd\u00e4 hyv\u00e4\u00e4 omalla paikkakunnallaan ja ymp\u00e4ri maailman. Rotaryklubeja on melkein jokaisessa maassa, Suomessakin jokaisella seutukunnalla, kaupungissa ja l\u00e4hes jokaisessa kunnassa. Tutustu my\u00f6s nuorille suunnattuun toimintaan, Interactiin ja Rotaractiin. Ota yhteytt\u00e4 Haluatko mukaan rotarytoimintaan? Ota yhteytt\u00e4, kerromme lis\u00e4\u00e4.\u00a0 [&hellip;]\" \/>\n<meta property=\"og:url\" content=\"https:\/\/rotary.fi\/kouvola\/tule-mukaan\/\" \/>\n<meta property=\"og:site_name\" content=\"Kouvolan Rotaryklubi\" \/>\n<meta property=\"article:modified_time\" content=\"2024-08-12T17:30:45+00:00\" \/>\n<meta name=\"twitter:card\" content=\"summary_large_image\" \/>\n<meta name=\"twitter:label1\" content=\"Arvioitu lukuaika\" \/>\n\t<meta name=\"twitter:data1\" content=\"1 minuutti\" \/>\n<script type=\"application\/ld+json\" class=\"yoast-schema-graph\">{\"@context\":\"https:\\\/\\\/schema.org\",\"@graph\":[{\"@type\":\"WebPage\",\"@id\":\"https:\\\/\\\/rotary.fi\\\/kouvola\\\/tule-mukaan\\\/\",\"url\":\"https:\\\/\\\/rotary.fi\\\/kouvola\\\/tule-mukaan\\\/\",\"name\":\"Tule mukaan - Kouvolan Rotaryklubi\",\"isPartOf\":{\"@id\":\"https:\\\/\\\/rotary.fi\\\/kouvola\\\/#website\"},\"datePublished\":\"2018-08-09T12:10:00+00:00\",\"dateModified\":\"2024-08-12T17:30:45+00:00\",\"breadcrumb\":{\"@id\":\"https:\\\/\\\/rotary.fi\\\/kouvola\\\/tule-mukaan\\\/#breadcrumb\"},\"inLanguage\":\"fi\",\"potentialAction\":[{\"@type\":\"ReadAction\",\"target\":[\"https:\\\/\\\/rotary.fi\\\/kouvola\\\/tule-mukaan\\\/\"]}]},{\"@type\":\"BreadcrumbList\",\"@id\":\"https:\\\/\\\/rotary.fi\\\/kouvola\\\/tule-mukaan\\\/#breadcrumb\",\"itemListElement\":[{\"@type\":\"ListItem\",\"position\":1,\"name\":\"Home\",\"item\":\"https:\\\/\\\/rotary.fi\\\/kouvola\\\/\"},{\"@type\":\"ListItem\",\"position\":2,\"name\":\"Tule mukaan\"}]},{\"@type\":\"WebSite\",\"@id\":\"https:\\\/\\\/rotary.fi\\\/kouvola\\\/#website\",\"url\":\"https:\\\/\\\/rotary.fi\\\/kouvola\\\/\",\"name\":\"Kouvolan Rotaryklubi\",\"description\":\"Uusi Rotary klubisivusto\",\"potentialAction\":[{\"@type\":\"SearchAction\",\"target\":{\"@type\":\"EntryPoint\",\"urlTemplate\":\"https:\\\/\\\/rotary.fi\\\/kouvola\\\/?s={search_term_string}\"},\"query-input\":{\"@type\":\"PropertyValueSpecification\",\"valueRequired\":true,\"valueName\":\"search_term_string\"}}],\"inLanguage\":\"fi\"}]}<\/script>\n<!-- \/ Yoast SEO plugin. -->","yoast_head_json":{"title":"Tule mukaan - Kouvolan Rotaryklubi","robots":{"index":"index","follow":"follow","max-snippet":"max-snippet:-1","max-image-preview":"max-image-preview:large","max-video-preview":"max-video-preview:-1"},"canonical":"https:\/\/rotary.fi\/kouvola\/tule-mukaan\/","og_locale":"fi_FI","og_type":"article","og_title":"Tule mukaan - Kouvolan Rotaryklubi","og_description":"Tule mukaan Tule mukaan Rotary on kansainv\u00e4linen j\u00e4rjest\u00f6, joka muodostuu samalla tavalla ajattelevista ihmisist\u00e4 \u2013 ihmist\u00e4, jotka haluavat tehd\u00e4 hyv\u00e4\u00e4 omalla paikkakunnallaan ja ymp\u00e4ri maailman. Rotaryklubeja on melkein jokaisessa maassa, Suomessakin jokaisella seutukunnalla, kaupungissa ja l\u00e4hes jokaisessa kunnassa. Tutustu my\u00f6s nuorille suunnattuun toimintaan, Interactiin ja Rotaractiin. Ota yhteytt\u00e4 Haluatko mukaan rotarytoimintaan? Ota yhteytt\u00e4, kerromme lis\u00e4\u00e4.\u00a0 [&hellip;]","og_url":"https:\/\/rotary.fi\/kouvola\/tule-mukaan\/","og_site_name":"Kouvolan Rotaryklubi","article_modified_time":"2024-08-12T17:30:45+00:00","twitter_card":"summary_large_image","twitter_misc":{"Arvioitu lukuaika":"1 minuutti"},"schema":{"@context":"https:\/\/schema.org","@graph":[{"@type":"WebPage","@id":"https:\/\/rotary.fi\/kouvola\/tule-mukaan\/","url":"https:\/\/rotary.fi\/kouvola\/tule-mukaan\/","name":"Tule mukaan - Kouvolan Rotaryklubi","isPartOf":{"@id":"https:\/\/rotary.fi\/kouvola\/#website"},"datePublished":"2018-08-09T12:10:00+00:00","dateModified":"2024-08-12T17:30:45+00:00","breadcrumb":{"@id":"https:\/\/rotary.fi\/kouvola\/tule-mukaan\/#breadcrumb"},"inLanguage":"fi","potentialAction":[{"@type":"ReadAction","target":["https:\/\/rotary.fi\/kouvola\/tule-mukaan\/"]}]},{"@type":"BreadcrumbList","@id":"https:\/\/rotary.fi\/kouvola\/tule-mukaan\/#breadcrumb","itemListElement":[{"@type":"ListItem","position":1,"name":"Home","item":"https:\/\/rotary.fi\/kouvola\/"},{"@type":"ListItem","position":2,"name":"Tule mukaan"}]},{"@type":"WebSite","@id":"https:\/\/rotary.fi\/kouvola\/#website","url":"https:\/\/rotary.fi\/kouvola\/","name":"Kouvolan Rotaryklubi","description":"Uusi Rotary klubisivusto","potentialAction":[{"@type":"SearchAction","target":{"@type":"EntryPoint","urlTemplate":"https:\/\/rotary.fi\/kouvola\/?s={search_term_string}"},"query-input":{"@type":"PropertyValueSpecification","valueRequired":true,"valueName":"search_term_string"}}],"inLanguage":"fi"}]}},"lang":"fi","translations":{"fi":89},"pll_sync_post":[],"_links":{"self":[{"href":"https:\/\/rotary.fi\/kouvola\/wp-json\/wp\/v2\/pages\/89","targetHints":{"allow":["GET"]}}],"collection":[{"href":"https:\/\/rotary.fi\/kouvola\/wp-json\/wp\/v2\/pages"}],"about":[{"href":"https:\/\/rotary.fi\/kouvola\/wp-json\/wp\/v2\/types\/page"}],"author":[{"embeddable":true,"href":"https:\/\/rotary.fi\/kouvola\/wp-json\/wp\/v2\/users\/1"}],"replies":[{"embeddable":true,"href":"https:\/\/rotary.fi\/kouvola\/wp-json\/wp\/v2\/comments?post=89"}],"version-history":[{"count":10,"href":"https:\/\/rotary.fi\/kouvola\/wp-json\/wp\/v2\/pages\/89\/revisions"}],"predecessor-version":[{"id":1773,"href":"https:\/\/rotary.fi\/kouvola\/wp-json\/wp\/v2\/pages\/89\/revisions\/1773"}],"wp:attachment":[{"href":"https:\/\/rotary.fi\/kouvola\/wp-json\/wp\/v2\/media?parent=89"}],"curies":[{"name":"wp","href":"https:\/\/api.w.org\/{rel}","templated":true}]}}