{"id":295,"date":"2018-10-25T08:25:11","date_gmt":"2018-10-25T05:25:11","guid":{"rendered":"https:\/\/rotary.fi\/kouvola\/?page_id=295"},"modified":"2023-08-29T21:12:51","modified_gmt":"2023-08-29T18:12:51","slug":"charitygame","status":"publish","type":"page","link":"https:\/\/rotary.fi\/kouvola\/mita-teemme\/charitygame\/","title":{"rendered":"CharityGame"},"content":{"rendered":"<p>[et_pb_section fb_built=&#8221;1&#8243; module_class=&#8221;jumbotron-page&#8221; _builder_version=&#8221;4.22.0&#8243; background_image=&#8221;https:\/\/rotary.fi\/kouvola\/wp-content\/uploads\/sites\/28\/2023\/06\/charitygame.png&#8221; background_position=&#8221;top_right&#8221; global_colors_info=&#8221;{}&#8221;][\/et_pb_section][et_pb_section fb_built=&#8221;1&#8243; specialty=&#8221;on&#8221; module_class_2=&#8221;sivupalkki&#8221; _builder_version=&#8221;4.16&#8243; global_colors_info=&#8221;{}&#8221;][et_pb_column type=&#8221;2_3&#8243; specialty_columns=&#8221;2&#8243; _builder_version=&#8221;4.16&#8243; custom_padding=&#8221;|||&#8221; global_colors_info=&#8221;{}&#8221; parallax__hover=&#8221;off&#8221; parallax_method__hover=&#8221;on&#8221; custom_padding__hover=&#8221;|||&#8221;][et_pb_row_inner admin_label=&#8221;Rivi&#8221; _builder_version=&#8221;4.16&#8243; global_colors_info=&#8221;{}&#8221;][et_pb_column_inner saved_specialty_column_type=&#8221;2_3&#8243; _builder_version=&#8221;4.16&#8243; custom_padding=&#8221;|||&#8221; global_colors_info=&#8221;{}&#8221; parallax__hover=&#8221;off&#8221; parallax_method__hover=&#8221;on&#8221; custom_padding__hover=&#8221;|||&#8221;][et_pb_text admin_label=&#8221;L\u00e4\u00e4k\u00e4ripankki &#8211; Otsikko&#8221; _builder_version=&#8221;4.21.0&#8243; text_orientation=&#8221;center&#8221; global_colors_info=&#8221;{}&#8221;]<\/p>\n<h1>Rotary Charity Game<\/h1>\n<p>&nbsp;<\/p>\n<p>&nbsp;<\/p>\n<p>[\/et_pb_text][et_pb_image src=&#8221;https:\/\/rotary.fi\/kouvola\/wp-content\/uploads\/sites\/28\/2023\/08\/ch3.jpg&#8221; title_text=&#8221;ch3&#8243; _builder_version=&#8221;4.22.0&#8243; _module_preset=&#8221;default&#8221; global_colors_info=&#8221;{}&#8221;][\/et_pb_image][et_pb_text _builder_version=&#8221;4.22.0&#8243; custom_padding=&#8221;||0px|70px||&#8221; global_colors_info=&#8221;{}&#8221;]<\/p>\n<p><strong><\/strong><\/p>\n<p><strong><\/strong><\/p>\n<p><strong>Hyv\u00e4ntekev\u00e4isyysottelu 2.9.2023 Lumon Areenalla<\/strong><\/p>\n<p><strong>Mika Saukkonen Dream Team &#8211; Rotary Charity Team Kouvola<\/strong><\/p>\n<p><strong><\/strong><\/p>\n<p>&nbsp;<\/p>\n<p>Kouvolan Rotaryklubi j\u00e4rjest\u00e4\u00e4 hyv\u00e4ntekev\u00e4isyys j\u00e4\u00e4kiekko-ottelun 2.9.2023 Kouvolan j\u00e4\u00e4hallilla, Lumon Areenalla klo 17 alkaen. Ottelu j\u00e4rjestet\u00e4\u00e4n yhteisty\u00f6ss\u00e4 KooKoon, MLL Kymen piirin ja KymLin kanssa.<\/p>\n<p>Ottelun tuotot ohjataan KymLin v\u00e4h\u00e4varaisten lasten perheiden rahastoon sek\u00e4 MLL Kymen piirin ja Rotary-j\u00e4rjest\u00f6n kautta lasten ja nuorten hyv\u00e4ksi Kouvolassa.<\/p>\n<p><strong><em>Yritysliput NYT myynniss\u00e4!<\/em><\/strong><em><\/em><\/p>\n<p>Pelitapahtuman liput ovat saatavissa mukaan l\u00e4htevien yrityksien kautta. <b>Rajoitettu m\u00e4\u00e4r\u00e4 lippuja saatavissa my\u00f6s j\u00e4\u00e4hallin ovelta, ovet avataan 2.9. klo 16.<\/b><\/p>\n<p><b><\/b><\/p>\n<p>Er\u00e4tauolla esiintyy Aleksanteri Hakaniemi.<b><\/b><\/p>\n<p><b><\/b><\/p>\n<p><b><\/b><\/p>\n<p>Projektip\u00e4\u00e4llikk\u00f6in\u00e4 toimivat\u00a0Esko Lavonen ja Reijo Vaurula.<\/p>\n<p>Otahan yhteytt\u00e4: Raijo Vaurula, puh 0500 848025, rvaurula(at)gmail.com<\/p>\n<p>YHTEISTY\u00d6SS\u00c4:<\/p>\n<p><img loading=\"lazy\" decoding=\"async\" class=\"alignnone wp-image-1687\" src=\"https:\/\/rotary.fi\/kouvola\/wp-content\/uploads\/sites\/28\/2023\/07\/kookoo-300x278.jpg\" alt=\"\" width=\"128\" height=\"118\" srcset=\"https:\/\/rotary.fi\/kouvola\/wp-content\/uploads\/sites\/28\/2023\/07\/kookoo-300x278.jpg 300w, https:\/\/rotary.fi\/kouvola\/wp-content\/uploads\/sites\/28\/2023\/07\/kookoo.jpg 474w\" sizes=\"(max-width: 128px) 100vw, 128px\" \/><img loading=\"lazy\" decoding=\"async\" class=\"alignnone size-medium wp-image-1688\" src=\"https:\/\/rotary.fi\/kouvola\/wp-content\/uploads\/sites\/28\/2023\/06\/kaakkoissuomenmll-hor-rgb-300x131.jpg\" alt=\"\" width=\"300\" height=\"131\" \/><img loading=\"lazy\" decoding=\"async\" class=\"alignnone wp-image-1689\" src=\"https:\/\/rotary.fi\/kouvola\/wp-content\/uploads\/sites\/28\/2023\/06\/kymli.jpg\" alt=\"\" width=\"157\" height=\"157\" \/><\/p>\n<p>&nbsp;<\/p>\n<p><strong>Kouvolan Rotaryklubi tilinumero FI07 5750 0120 2757 49<\/strong><\/p>\n<p>&nbsp;<\/p>\n<p>[\/et_pb_text][\/et_pb_column_inner][\/et_pb_row_inner][\/et_pb_column][et_pb_column type=&#8221;1_3&#8243; module_class=&#8221;sivupalkki&#8221; _builder_version=&#8221;4.16&#8243; custom_padding=&#8221;|||&#8221; global_colors_info=&#8221;{}&#8221; parallax__hover=&#8221;off&#8221; parallax_method__hover=&#8221;on&#8221; module_class__hover=&#8221;sivupalkki&#8221; custom_padding__hover=&#8221;|||&#8221;][et_pb_sidebar area=&#8221;sidebar-1&#8243; module_class=&#8221;sivupalkki_sisalto&#8221; _builder_version=&#8221;4.16&#8243; locked=&#8221;on&#8221; global_colors_info=&#8221;{}&#8221;][\/et_pb_sidebar][\/et_pb_column][\/et_pb_section]<\/p>\n","protected":false},"excerpt":{"rendered":"<p>Rotary Charity Game &nbsp; &nbsp; Hyv\u00e4ntekev\u00e4isyysottelu 2.9.2023 Lumon Areenalla Mika Saukkonen Dream Team &#8211; Rotary Charity Team Kouvola &nbsp; Kouvolan Rotaryklubi j\u00e4rjest\u00e4\u00e4 hyv\u00e4ntekev\u00e4isyys j\u00e4\u00e4kiekko-ottelun 2.9.2023 Kouvolan j\u00e4\u00e4hallilla, Lumon Areenalla klo 17 alkaen. Ottelu j\u00e4rjestet\u00e4\u00e4n yhteisty\u00f6ss\u00e4 KooKoon, MLL Kymen piirin ja KymLin kanssa. Ottelun tuotot ohjataan KymLin v\u00e4h\u00e4varaisten lasten perheiden rahastoon sek\u00e4 MLL Kymen piirin ja [&hellip;]<\/p>\n","protected":false},"author":1,"featured_media":0,"parent":77,"menu_order":0,"comment_status":"closed","ping_status":"closed","template":"","meta":{"_acf_changed":false,"_et_pb_use_builder":"on","_et_pb_old_content":"","_et_gb_content_width":"","footnotes":""},"class_list":["post-295","page","type-page","status-publish","hentry"],"acf":[],"yoast_head":"<!-- This site is optimized with the Yoast SEO plugin v27.0 - https:\/\/yoast.com\/product\/yoast-seo-wordpress\/ -->\n<title>CharityGame - Kouvolan Rotaryklubi<\/title>\n<meta name=\"robots\" content=\"index, follow, max-snippet:-1, max-image-preview:large, max-video-preview:-1\" \/>\n<link rel=\"canonical\" href=\"https:\/\/rotary.fi\/kouvola\/mita-teemme\/charitygame\/\" \/>\n<meta property=\"og:locale\" content=\"fi_FI\" \/>\n<meta property=\"og:type\" content=\"article\" \/>\n<meta property=\"og:title\" content=\"CharityGame - Kouvolan Rotaryklubi\" \/>\n<meta property=\"og:description\" content=\"Rotary Charity Game &nbsp; &nbsp; Hyv\u00e4ntekev\u00e4isyysottelu 2.9.2023 Lumon Areenalla Mika Saukkonen Dream Team - Rotary Charity Team Kouvola &nbsp; Kouvolan Rotaryklubi j\u00e4rjest\u00e4\u00e4 hyv\u00e4ntekev\u00e4isyys j\u00e4\u00e4kiekko-ottelun 2.9.2023 Kouvolan j\u00e4\u00e4hallilla, Lumon Areenalla klo 17 alkaen. Ottelu j\u00e4rjestet\u00e4\u00e4n yhteisty\u00f6ss\u00e4 KooKoon, MLL Kymen piirin ja KymLin kanssa. Ottelun tuotot ohjataan KymLin v\u00e4h\u00e4varaisten lasten perheiden rahastoon sek\u00e4 MLL Kymen piirin ja [&hellip;]\" \/>\n<meta property=\"og:url\" content=\"https:\/\/rotary.fi\/kouvola\/mita-teemme\/charitygame\/\" \/>\n<meta property=\"og:site_name\" content=\"Kouvolan Rotaryklubi\" \/>\n<meta property=\"article:modified_time\" content=\"2023-08-29T18:12:51+00:00\" \/>\n<meta property=\"og:image\" content=\"https:\/\/rotary.fi\/kouvola\/wp-content\/uploads\/sites\/28\/2023\/07\/kookoo-300x278.jpg\" \/>\n<meta name=\"twitter:card\" content=\"summary_large_image\" \/>\n<meta name=\"twitter:label1\" content=\"Arvioitu lukuaika\" \/>\n\t<meta name=\"twitter:data1\" content=\"2 minuuttia\" \/>\n<script type=\"application\/ld+json\" class=\"yoast-schema-graph\">{\"@context\":\"https:\/\/schema.org\",\"@graph\":[{\"@type\":\"WebPage\",\"@id\":\"https:\/\/rotary.fi\/kouvola\/mita-teemme\/charitygame\/\",\"url\":\"https:\/\/rotary.fi\/kouvola\/mita-teemme\/charitygame\/\",\"name\":\"CharityGame - Kouvolan Rotaryklubi\",\"isPartOf\":{\"@id\":\"https:\/\/rotary.fi\/kouvola\/#website\"},\"primaryImageOfPage\":{\"@id\":\"https:\/\/rotary.fi\/kouvola\/mita-teemme\/charitygame\/#primaryimage\"},\"image\":{\"@id\":\"https:\/\/rotary.fi\/kouvola\/mita-teemme\/charitygame\/#primaryimage\"},\"thumbnailUrl\":\"https:\/\/rotary.fi\/kouvola\/wp-content\/uploads\/sites\/28\/2023\/07\/kookoo-300x278.jpg\",\"datePublished\":\"2018-10-25T05:25:11+00:00\",\"dateModified\":\"2023-08-29T18:12:51+00:00\",\"breadcrumb\":{\"@id\":\"https:\/\/rotary.fi\/kouvola\/mita-teemme\/charitygame\/#breadcrumb\"},\"inLanguage\":\"fi\",\"potentialAction\":[{\"@type\":\"ReadAction\",\"target\":[\"https:\/\/rotary.fi\/kouvola\/mita-teemme\/charitygame\/\"]}]},{\"@type\":\"ImageObject\",\"inLanguage\":\"fi\",\"@id\":\"https:\/\/rotary.fi\/kouvola\/mita-teemme\/charitygame\/#primaryimage\",\"url\":\"https:\/\/rotary.fi\/kouvola\/wp-content\/uploads\/sites\/28\/2023\/07\/kookoo.jpg\",\"contentUrl\":\"https:\/\/rotary.fi\/kouvola\/wp-content\/uploads\/sites\/28\/2023\/07\/kookoo.jpg\",\"width\":474,\"height\":439},{\"@type\":\"BreadcrumbList\",\"@id\":\"https:\/\/rotary.fi\/kouvola\/mita-teemme\/charitygame\/#breadcrumb\",\"itemListElement\":[{\"@type\":\"ListItem\",\"position\":1,\"name\":\"Home\",\"item\":\"https:\/\/rotary.fi\/kouvola\/\"},{\"@type\":\"ListItem\",\"position\":2,\"name\":\"Mit\u00e4 teemme\",\"item\":\"https:\/\/rotary.fi\/kouvola\/mita-teemme\/\"},{\"@type\":\"ListItem\",\"position\":3,\"name\":\"CharityGame\"}]},{\"@type\":\"WebSite\",\"@id\":\"https:\/\/rotary.fi\/kouvola\/#website\",\"url\":\"https:\/\/rotary.fi\/kouvola\/\",\"name\":\"Kouvolan Rotaryklubi\",\"description\":\"Uusi Rotary klubisivusto\",\"potentialAction\":[{\"@type\":\"SearchAction\",\"target\":{\"@type\":\"EntryPoint\",\"urlTemplate\":\"https:\/\/rotary.fi\/kouvola\/?s={search_term_string}\"},\"query-input\":{\"@type\":\"PropertyValueSpecification\",\"valueRequired\":true,\"valueName\":\"search_term_string\"}}],\"inLanguage\":\"fi\"}]}<\/script>\n<!-- \/ Yoast SEO plugin. -->","yoast_head_json":{"title":"CharityGame - Kouvolan Rotaryklubi","robots":{"index":"index","follow":"follow","max-snippet":"max-snippet:-1","max-image-preview":"max-image-preview:large","max-video-preview":"max-video-preview:-1"},"canonical":"https:\/\/rotary.fi\/kouvola\/mita-teemme\/charitygame\/","og_locale":"fi_FI","og_type":"article","og_title":"CharityGame - Kouvolan Rotaryklubi","og_description":"Rotary Charity Game &nbsp; &nbsp; Hyv\u00e4ntekev\u00e4isyysottelu 2.9.2023 Lumon Areenalla Mika Saukkonen Dream Team - Rotary Charity Team Kouvola &nbsp; Kouvolan Rotaryklubi j\u00e4rjest\u00e4\u00e4 hyv\u00e4ntekev\u00e4isyys j\u00e4\u00e4kiekko-ottelun 2.9.2023 Kouvolan j\u00e4\u00e4hallilla, Lumon Areenalla klo 17 alkaen. Ottelu j\u00e4rjestet\u00e4\u00e4n yhteisty\u00f6ss\u00e4 KooKoon, MLL Kymen piirin ja KymLin kanssa. Ottelun tuotot ohjataan KymLin v\u00e4h\u00e4varaisten lasten perheiden rahastoon sek\u00e4 MLL Kymen piirin ja [&hellip;]","og_url":"https:\/\/rotary.fi\/kouvola\/mita-teemme\/charitygame\/","og_site_name":"Kouvolan Rotaryklubi","article_modified_time":"2023-08-29T18:12:51+00:00","og_image":[{"url":"https:\/\/rotary.fi\/kouvola\/wp-content\/uploads\/sites\/28\/2023\/07\/kookoo-300x278.jpg","type":"","width":"","height":""}],"twitter_card":"summary_large_image","twitter_misc":{"Arvioitu lukuaika":"2 minuuttia"},"schema":{"@context":"https:\/\/schema.org","@graph":[{"@type":"WebPage","@id":"https:\/\/rotary.fi\/kouvola\/mita-teemme\/charitygame\/","url":"https:\/\/rotary.fi\/kouvola\/mita-teemme\/charitygame\/","name":"CharityGame - Kouvolan Rotaryklubi","isPartOf":{"@id":"https:\/\/rotary.fi\/kouvola\/#website"},"primaryImageOfPage":{"@id":"https:\/\/rotary.fi\/kouvola\/mita-teemme\/charitygame\/#primaryimage"},"image":{"@id":"https:\/\/rotary.fi\/kouvola\/mita-teemme\/charitygame\/#primaryimage"},"thumbnailUrl":"https:\/\/rotary.fi\/kouvola\/wp-content\/uploads\/sites\/28\/2023\/07\/kookoo-300x278.jpg","datePublished":"2018-10-25T05:25:11+00:00","dateModified":"2023-08-29T18:12:51+00:00","breadcrumb":{"@id":"https:\/\/rotary.fi\/kouvola\/mita-teemme\/charitygame\/#breadcrumb"},"inLanguage":"fi","potentialAction":[{"@type":"ReadAction","target":["https:\/\/rotary.fi\/kouvola\/mita-teemme\/charitygame\/"]}]},{"@type":"ImageObject","inLanguage":"fi","@id":"https:\/\/rotary.fi\/kouvola\/mita-teemme\/charitygame\/#primaryimage","url":"https:\/\/rotary.fi\/kouvola\/wp-content\/uploads\/sites\/28\/2023\/07\/kookoo.jpg","contentUrl":"https:\/\/rotary.fi\/kouvola\/wp-content\/uploads\/sites\/28\/2023\/07\/kookoo.jpg","width":474,"height":439},{"@type":"BreadcrumbList","@id":"https:\/\/rotary.fi\/kouvola\/mita-teemme\/charitygame\/#breadcrumb","itemListElement":[{"@type":"ListItem","position":1,"name":"Home","item":"https:\/\/rotary.fi\/kouvola\/"},{"@type":"ListItem","position":2,"name":"Mit\u00e4 teemme","item":"https:\/\/rotary.fi\/kouvola\/mita-teemme\/"},{"@type":"ListItem","position":3,"name":"CharityGame"}]},{"@type":"WebSite","@id":"https:\/\/rotary.fi\/kouvola\/#website","url":"https:\/\/rotary.fi\/kouvola\/","name":"Kouvolan Rotaryklubi","description":"Uusi Rotary klubisivusto","potentialAction":[{"@type":"SearchAction","target":{"@type":"EntryPoint","urlTemplate":"https:\/\/rotary.fi\/kouvola\/?s={search_term_string}"},"query-input":{"@type":"PropertyValueSpecification","valueRequired":true,"valueName":"search_term_string"}}],"inLanguage":"fi"}]}},"lang":"fi","translations":{"fi":295},"pll_sync_post":[],"_links":{"self":[{"href":"https:\/\/rotary.fi\/kouvola\/wp-json\/wp\/v2\/pages\/295","targetHints":{"allow":["GET"]}}],"collection":[{"href":"https:\/\/rotary.fi\/kouvola\/wp-json\/wp\/v2\/pages"}],"about":[{"href":"https:\/\/rotary.fi\/kouvola\/wp-json\/wp\/v2\/types\/page"}],"author":[{"embeddable":true,"href":"https:\/\/rotary.fi\/kouvola\/wp-json\/wp\/v2\/users\/1"}],"replies":[{"embeddable":true,"href":"https:\/\/rotary.fi\/kouvola\/wp-json\/wp\/v2\/comments?post=295"}],"version-history":[{"count":11,"href":"https:\/\/rotary.fi\/kouvola\/wp-json\/wp\/v2\/pages\/295\/revisions"}],"predecessor-version":[{"id":1729,"href":"https:\/\/rotary.fi\/kouvola\/wp-json\/wp\/v2\/pages\/295\/revisions\/1729"}],"up":[{"embeddable":true,"href":"https:\/\/rotary.fi\/kouvola\/wp-json\/wp\/v2\/pages\/77"}],"wp:attachment":[{"href":"https:\/\/rotary.fi\/kouvola\/wp-json\/wp\/v2\/media?parent=295"}],"curies":[{"name":"wp","href":"https:\/\/api.w.org\/{rel}","templated":true}]}}