{"id":142,"date":"2018-08-10T14:04:45","date_gmt":"2018-08-10T11:04:45","guid":{"rendered":"https:\/\/rotary.fi\/klubi2\/?page_id=142"},"modified":"2023-06-06T21:55:08","modified_gmt":"2023-06-06T18:55:08","slug":"ilo-esitella","status":"publish","type":"page","link":"https:\/\/rotary.fi\/kouvola\/keita-olemme\/ilo-esitella\/","title":{"rendered":"Ilo esitell\u00e4"},"content":{"rendered":"<p>[et_pb_section fb_built=&#8221;1&#8243; module_class=&#8221;jumbotron-page&#8221; _builder_version=&#8221;4.16&#8243; background_image=&#8221;https:\/\/rotary.fi\/kouvola\/wp-content\/uploads\/sites\/28\/2018\/10\/rotary_klubit_alasivu_paakuva_14.jpg&#8221; global_colors_info=&#8221;{}&#8221;][et_pb_row _builder_version=&#8221;4.16&#8243; background_size=&#8221;initial&#8221; background_position=&#8221;top_left&#8221; background_repeat=&#8221;repeat&#8221; global_colors_info=&#8221;{}&#8221;][et_pb_column type=&#8221;4_4&#8243; _builder_version=&#8221;4.16&#8243; custom_padding=&#8221;|||&#8221; global_colors_info=&#8221;{}&#8221; custom_padding__hover=&#8221;|||&#8221;][et_pb_text admin_label=&#8221;P\u00e4\u00e4otsikko&#8221; _builder_version=&#8221;4.16&#8243; text_orientation=&#8221;center&#8221; background_layout=&#8221;dark&#8221; global_colors_info=&#8221;{}&#8221;]<\/p>\n<h1>Ilo esitell\u00e4<\/h1>\n<p>[\/et_pb_text][\/et_pb_column][\/et_pb_row][\/et_pb_section][et_pb_section fb_built=&#8221;1&#8243; specialty=&#8221;on&#8221; module_class_2=&#8221;sivupalkki&#8221; _builder_version=&#8221;4.16&#8243; global_colors_info=&#8221;{}&#8221;][et_pb_column type=&#8221;2_3&#8243; specialty_columns=&#8221;2&#8243; _builder_version=&#8221;4.16&#8243; custom_padding=&#8221;|||&#8221; global_colors_info=&#8221;{}&#8221; parallax__hover=&#8221;off&#8221; parallax_method__hover=&#8221;on&#8221; custom_padding__hover=&#8221;|||&#8221;][et_pb_row_inner admin_label=&#8221;Rivi&#8221; _builder_version=&#8221;4.16&#8243; global_colors_info=&#8221;{}&#8221;][et_pb_column_inner saved_specialty_column_type=&#8221;2_3&#8243; _builder_version=&#8221;4.16&#8243; custom_padding=&#8221;|||&#8221; global_colors_info=&#8221;{}&#8221; parallax__hover=&#8221;off&#8221; parallax_method__hover=&#8221;on&#8221; custom_padding__hover=&#8221;|||&#8221;][et_pb_text admin_label=&#8221;Ilo esitell\u00e4 &#8211; Otsikko&#8221; _builder_version=&#8221;4.16&#8243; text_orientation=&#8221;center&#8221; global_colors_info=&#8221;{}&#8221;]<\/p>\n<h1>Ilo esitell\u00e4<\/h1>\n<p>[\/et_pb_text][et_pb_text _builder_version=&#8221;4.21.0&#8243; custom_padding=&#8221;65px|||||&#8221; hover_enabled=&#8221;0&#8243; global_colors_info=&#8221;{}&#8221; sticky_enabled=&#8221;0&#8243;]<\/p>\n<h1><img loading=\"lazy\" decoding=\"async\" src=\"https:\/\/rotary.fi\/kouvola\/wp-content\/uploads\/sites\/28\/2023\/06\/katjaaholakuva-300x300.jpg\" width=\"300\" height=\"300\" alt=\"\" class=\"wp-image-1662 alignnone size-medium\" \/><\/h1>\n<h1><\/h1>\n<h1>Uusi presidentti esitt\u00e4ytyy<\/h1>\n<p>Moikka, Oon Aholan Katja, ja toimikauteni Kouvolan Rotaryklubin puheenjohtajana alkaa 1.7.2023. Muutama sananen itsest\u00e4ni. Toimin nykyisin Kouvolan kaupungilla toimitilajohtajana. Perheeseen kuuluu aviomies ja 2 poikaa. Hektiseen arkeen pit\u00e4\u00e4 saada mahtumaan joku oma harrastus, ja rotarytoiminta on t\u00e4ll\u00e4 hetkell\u00e4 t\u00e4\u00e4 mun juttu (lasten harrastuskuskauksien yms.lis\u00e4ksi). Rorarytoiminnassa kiehtoo erityisesti nuorisovaihto sek\u00e4 hyv\u00e4ntekeminen, tekemisest\u00e4 tulee oikeasti hyv\u00e4 mieli. Jos sulle rotarytoiminta ei oo tuttua, niin tulehan tutustuu, jos vaikka t\u00e4\u00e4 ois my\u00f6s sulle &#8221;se juttu&#8221; \ud83d\ude42<\/p>\n<h4><\/h4>\n<h4><\/h4>\n<p>&nbsp;<\/p>\n<h4><\/h4>\n<h4><\/h4>\n<p>[\/et_pb_text][\/et_pb_column_inner][\/et_pb_row_inner][\/et_pb_column][et_pb_column type=&#8221;1_3&#8243; module_class=&#8221;sivupalkki&#8221; _builder_version=&#8221;4.16&#8243; custom_padding=&#8221;|||&#8221; global_colors_info=&#8221;{}&#8221; parallax__hover=&#8221;off&#8221; parallax_method__hover=&#8221;on&#8221; module_class__hover=&#8221;sivupalkki&#8221; custom_padding__hover=&#8221;|||&#8221;][et_pb_sidebar area=&#8221;sidebar-1&#8243; module_class=&#8221;sivupalkki_sisalto&#8221; _builder_version=&#8221;4.16&#8243; locked=&#8221;on&#8221; global_colors_info=&#8221;{}&#8221;][\/et_pb_sidebar][\/et_pb_column][\/et_pb_section]<\/p>\n","protected":false},"excerpt":{"rendered":"<p>Ilo esitell\u00e4 Ilo esitell\u00e4 Uusi presidentti esitt\u00e4ytyy Moikka, Oon Aholan Katja, ja toimikauteni Kouvolan Rotaryklubin puheenjohtajana alkaa 1.7.2023. Muutama sananen itsest\u00e4ni. Toimin nykyisin Kouvolan kaupungilla toimitilajohtajana. Perheeseen kuuluu aviomies ja 2 poikaa. Hektiseen arkeen pit\u00e4\u00e4 saada mahtumaan joku oma harrastus, ja rotarytoiminta on t\u00e4ll\u00e4 hetkell\u00e4 t\u00e4\u00e4 mun juttu (lasten harrastuskuskauksien yms.lis\u00e4ksi). Rorarytoiminnassa kiehtoo erityisesti nuorisovaihto [&hellip;]<\/p>\n","protected":false},"author":1,"featured_media":0,"parent":129,"menu_order":0,"comment_status":"closed","ping_status":"closed","template":"","meta":{"_acf_changed":false,"_et_pb_use_builder":"on","_et_pb_old_content":"","_et_gb_content_width":"","footnotes":""},"class_list":["post-142","page","type-page","status-publish","hentry"],"acf":[],"yoast_head":"<!-- This site is optimized with the Yoast SEO plugin v27.0 - https:\/\/yoast.com\/product\/yoast-seo-wordpress\/ -->\n<title>Ilo esitell\u00e4 - Kouvolan Rotaryklubi<\/title>\n<meta name=\"robots\" content=\"index, follow, max-snippet:-1, max-image-preview:large, max-video-preview:-1\" \/>\n<link rel=\"canonical\" href=\"https:\/\/rotary.fi\/kouvola\/keita-olemme\/ilo-esitella\/\" \/>\n<meta property=\"og:locale\" content=\"fi_FI\" \/>\n<meta property=\"og:type\" content=\"article\" \/>\n<meta property=\"og:title\" content=\"Ilo esitell\u00e4 - Kouvolan Rotaryklubi\" \/>\n<meta property=\"og:description\" content=\"Ilo esitell\u00e4 Ilo esitell\u00e4 Uusi presidentti esitt\u00e4ytyy Moikka, Oon Aholan Katja, ja toimikauteni Kouvolan Rotaryklubin puheenjohtajana alkaa 1.7.2023. Muutama sananen itsest\u00e4ni. Toimin nykyisin Kouvolan kaupungilla toimitilajohtajana. Perheeseen kuuluu aviomies ja 2 poikaa. Hektiseen arkeen pit\u00e4\u00e4 saada mahtumaan joku oma harrastus, ja rotarytoiminta on t\u00e4ll\u00e4 hetkell\u00e4 t\u00e4\u00e4 mun juttu (lasten harrastuskuskauksien yms.lis\u00e4ksi). Rorarytoiminnassa kiehtoo erityisesti nuorisovaihto [&hellip;]\" \/>\n<meta property=\"og:url\" content=\"https:\/\/rotary.fi\/kouvola\/keita-olemme\/ilo-esitella\/\" \/>\n<meta property=\"og:site_name\" content=\"Kouvolan Rotaryklubi\" \/>\n<meta property=\"article:modified_time\" content=\"2023-06-06T18:55:08+00:00\" \/>\n<meta property=\"og:image\" content=\"https:\/\/rotary.fi\/kouvola\/wp-content\/uploads\/sites\/28\/2023\/06\/katjaaholakuva-300x300.jpg\" \/>\n<meta name=\"twitter:card\" content=\"summary_large_image\" \/>\n<meta name=\"twitter:label1\" content=\"Arvioitu lukuaika\" \/>\n\t<meta name=\"twitter:data1\" content=\"1 minuutti\" \/>\n<script type=\"application\/ld+json\" class=\"yoast-schema-graph\">{\"@context\":\"https:\/\/schema.org\",\"@graph\":[{\"@type\":\"WebPage\",\"@id\":\"https:\/\/rotary.fi\/kouvola\/keita-olemme\/ilo-esitella\/\",\"url\":\"https:\/\/rotary.fi\/kouvola\/keita-olemme\/ilo-esitella\/\",\"name\":\"Ilo esitell\u00e4 - Kouvolan Rotaryklubi\",\"isPartOf\":{\"@id\":\"https:\/\/rotary.fi\/kouvola\/#website\"},\"primaryImageOfPage\":{\"@id\":\"https:\/\/rotary.fi\/kouvola\/keita-olemme\/ilo-esitella\/#primaryimage\"},\"image\":{\"@id\":\"https:\/\/rotary.fi\/kouvola\/keita-olemme\/ilo-esitella\/#primaryimage\"},\"thumbnailUrl\":\"https:\/\/rotary.fi\/kouvola\/wp-content\/uploads\/sites\/28\/2023\/06\/katjaaholakuva-300x300.jpg\",\"datePublished\":\"2018-08-10T11:04:45+00:00\",\"dateModified\":\"2023-06-06T18:55:08+00:00\",\"breadcrumb\":{\"@id\":\"https:\/\/rotary.fi\/kouvola\/keita-olemme\/ilo-esitella\/#breadcrumb\"},\"inLanguage\":\"fi\",\"potentialAction\":[{\"@type\":\"ReadAction\",\"target\":[\"https:\/\/rotary.fi\/kouvola\/keita-olemme\/ilo-esitella\/\"]}]},{\"@type\":\"ImageObject\",\"inLanguage\":\"fi\",\"@id\":\"https:\/\/rotary.fi\/kouvola\/keita-olemme\/ilo-esitella\/#primaryimage\",\"url\":\"https:\/\/rotary.fi\/kouvola\/wp-content\/uploads\/sites\/28\/2023\/06\/katjaaholakuva.jpg\",\"contentUrl\":\"https:\/\/rotary.fi\/kouvola\/wp-content\/uploads\/sites\/28\/2023\/06\/katjaaholakuva.jpg\",\"width\":716,\"height\":716},{\"@type\":\"BreadcrumbList\",\"@id\":\"https:\/\/rotary.fi\/kouvola\/keita-olemme\/ilo-esitella\/#breadcrumb\",\"itemListElement\":[{\"@type\":\"ListItem\",\"position\":1,\"name\":\"Home\",\"item\":\"https:\/\/rotary.fi\/kouvola\/\"},{\"@type\":\"ListItem\",\"position\":2,\"name\":\"Keit\u00e4 olemme\",\"item\":\"https:\/\/rotary.fi\/kouvola\/keita-olemme\/\"},{\"@type\":\"ListItem\",\"position\":3,\"name\":\"Ilo esitell\u00e4\"}]},{\"@type\":\"WebSite\",\"@id\":\"https:\/\/rotary.fi\/kouvola\/#website\",\"url\":\"https:\/\/rotary.fi\/kouvola\/\",\"name\":\"Kouvolan Rotaryklubi\",\"description\":\"Uusi Rotary klubisivusto\",\"potentialAction\":[{\"@type\":\"SearchAction\",\"target\":{\"@type\":\"EntryPoint\",\"urlTemplate\":\"https:\/\/rotary.fi\/kouvola\/?s={search_term_string}\"},\"query-input\":{\"@type\":\"PropertyValueSpecification\",\"valueRequired\":true,\"valueName\":\"search_term_string\"}}],\"inLanguage\":\"fi\"}]}<\/script>\n<!-- \/ Yoast SEO plugin. -->","yoast_head_json":{"title":"Ilo esitell\u00e4 - Kouvolan Rotaryklubi","robots":{"index":"index","follow":"follow","max-snippet":"max-snippet:-1","max-image-preview":"max-image-preview:large","max-video-preview":"max-video-preview:-1"},"canonical":"https:\/\/rotary.fi\/kouvola\/keita-olemme\/ilo-esitella\/","og_locale":"fi_FI","og_type":"article","og_title":"Ilo esitell\u00e4 - Kouvolan Rotaryklubi","og_description":"Ilo esitell\u00e4 Ilo esitell\u00e4 Uusi presidentti esitt\u00e4ytyy Moikka, Oon Aholan Katja, ja toimikauteni Kouvolan Rotaryklubin puheenjohtajana alkaa 1.7.2023. Muutama sananen itsest\u00e4ni. Toimin nykyisin Kouvolan kaupungilla toimitilajohtajana. Perheeseen kuuluu aviomies ja 2 poikaa. Hektiseen arkeen pit\u00e4\u00e4 saada mahtumaan joku oma harrastus, ja rotarytoiminta on t\u00e4ll\u00e4 hetkell\u00e4 t\u00e4\u00e4 mun juttu (lasten harrastuskuskauksien yms.lis\u00e4ksi). Rorarytoiminnassa kiehtoo erityisesti nuorisovaihto [&hellip;]","og_url":"https:\/\/rotary.fi\/kouvola\/keita-olemme\/ilo-esitella\/","og_site_name":"Kouvolan Rotaryklubi","article_modified_time":"2023-06-06T18:55:08+00:00","og_image":[{"url":"https:\/\/rotary.fi\/kouvola\/wp-content\/uploads\/sites\/28\/2023\/06\/katjaaholakuva-300x300.jpg","type":"","width":"","height":""}],"twitter_card":"summary_large_image","twitter_misc":{"Arvioitu lukuaika":"1 minuutti"},"schema":{"@context":"https:\/\/schema.org","@graph":[{"@type":"WebPage","@id":"https:\/\/rotary.fi\/kouvola\/keita-olemme\/ilo-esitella\/","url":"https:\/\/rotary.fi\/kouvola\/keita-olemme\/ilo-esitella\/","name":"Ilo esitell\u00e4 - Kouvolan Rotaryklubi","isPartOf":{"@id":"https:\/\/rotary.fi\/kouvola\/#website"},"primaryImageOfPage":{"@id":"https:\/\/rotary.fi\/kouvola\/keita-olemme\/ilo-esitella\/#primaryimage"},"image":{"@id":"https:\/\/rotary.fi\/kouvola\/keita-olemme\/ilo-esitella\/#primaryimage"},"thumbnailUrl":"https:\/\/rotary.fi\/kouvola\/wp-content\/uploads\/sites\/28\/2023\/06\/katjaaholakuva-300x300.jpg","datePublished":"2018-08-10T11:04:45+00:00","dateModified":"2023-06-06T18:55:08+00:00","breadcrumb":{"@id":"https:\/\/rotary.fi\/kouvola\/keita-olemme\/ilo-esitella\/#breadcrumb"},"inLanguage":"fi","potentialAction":[{"@type":"ReadAction","target":["https:\/\/rotary.fi\/kouvola\/keita-olemme\/ilo-esitella\/"]}]},{"@type":"ImageObject","inLanguage":"fi","@id":"https:\/\/rotary.fi\/kouvola\/keita-olemme\/ilo-esitella\/#primaryimage","url":"https:\/\/rotary.fi\/kouvola\/wp-content\/uploads\/sites\/28\/2023\/06\/katjaaholakuva.jpg","contentUrl":"https:\/\/rotary.fi\/kouvola\/wp-content\/uploads\/sites\/28\/2023\/06\/katjaaholakuva.jpg","width":716,"height":716},{"@type":"BreadcrumbList","@id":"https:\/\/rotary.fi\/kouvola\/keita-olemme\/ilo-esitella\/#breadcrumb","itemListElement":[{"@type":"ListItem","position":1,"name":"Home","item":"https:\/\/rotary.fi\/kouvola\/"},{"@type":"ListItem","position":2,"name":"Keit\u00e4 olemme","item":"https:\/\/rotary.fi\/kouvola\/keita-olemme\/"},{"@type":"ListItem","position":3,"name":"Ilo esitell\u00e4"}]},{"@type":"WebSite","@id":"https:\/\/rotary.fi\/kouvola\/#website","url":"https:\/\/rotary.fi\/kouvola\/","name":"Kouvolan Rotaryklubi","description":"Uusi Rotary klubisivusto","potentialAction":[{"@type":"SearchAction","target":{"@type":"EntryPoint","urlTemplate":"https:\/\/rotary.fi\/kouvola\/?s={search_term_string}"},"query-input":{"@type":"PropertyValueSpecification","valueRequired":true,"valueName":"search_term_string"}}],"inLanguage":"fi"}]}},"lang":"fi","translations":{"fi":142},"pll_sync_post":[],"_links":{"self":[{"href":"https:\/\/rotary.fi\/kouvola\/wp-json\/wp\/v2\/pages\/142","targetHints":{"allow":["GET"]}}],"collection":[{"href":"https:\/\/rotary.fi\/kouvola\/wp-json\/wp\/v2\/pages"}],"about":[{"href":"https:\/\/rotary.fi\/kouvola\/wp-json\/wp\/v2\/types\/page"}],"author":[{"embeddable":true,"href":"https:\/\/rotary.fi\/kouvola\/wp-json\/wp\/v2\/users\/1"}],"replies":[{"embeddable":true,"href":"https:\/\/rotary.fi\/kouvola\/wp-json\/wp\/v2\/comments?post=142"}],"version-history":[{"count":10,"href":"https:\/\/rotary.fi\/kouvola\/wp-json\/wp\/v2\/pages\/142\/revisions"}],"predecessor-version":[{"id":1664,"href":"https:\/\/rotary.fi\/kouvola\/wp-json\/wp\/v2\/pages\/142\/revisions\/1664"}],"up":[{"embeddable":true,"href":"https:\/\/rotary.fi\/kouvola\/wp-json\/wp\/v2\/pages\/129"}],"wp:attachment":[{"href":"https:\/\/rotary.fi\/kouvola\/wp-json\/wp\/v2\/media?parent=142"}],"curies":[{"name":"wp","href":"https:\/\/api.w.org\/{rel}","templated":true}]}}