{"id":138,"date":"2018-08-10T14:01:44","date_gmt":"2018-08-10T11:01:44","guid":{"rendered":"https:\/\/rotary.fi\/klubi2\/?page_id=138"},"modified":"2023-02-19T20:24:12","modified_gmt":"2023-02-19T18:24:12","slug":"vuositeema","status":"publish","type":"page","link":"https:\/\/rotary.fi\/kouvola\/keita-olemme\/vuositeema\/","title":{"rendered":"Vuositeema"},"content":{"rendered":"<p>[et_pb_section fb_built=&#8221;1&#8243; module_class=&#8221;jumbotron-page&#8221; _builder_version=&#8221;4.16&#8243; background_image=&#8221;https:\/\/rotary.fi\/kouvola\/wp-content\/uploads\/sites\/28\/2018\/08\/rotary_klubit_alasivu_paakuva_7.jpg&#8221; global_colors_info=&#8221;{}&#8221;][et_pb_row _builder_version=&#8221;4.16&#8243; background_size=&#8221;initial&#8221; background_position=&#8221;top_left&#8221; background_repeat=&#8221;repeat&#8221; global_colors_info=&#8221;{}&#8221;][et_pb_column type=&#8221;4_4&#8243; _builder_version=&#8221;4.16&#8243; custom_padding=&#8221;|||&#8221; global_colors_info=&#8221;{}&#8221; custom_padding__hover=&#8221;|||&#8221;][et_pb_text admin_label=&#8221;P\u00e4\u00e4otsikko&#8221; _builder_version=&#8221;4.16&#8243; text_orientation=&#8221;center&#8221; background_layout=&#8221;dark&#8221; global_colors_info=&#8221;{}&#8221;]<\/p>\n<h1>Vuositeema<\/h1>\n<p>&nbsp;<\/p>\n<p>[\/et_pb_text][\/et_pb_column][\/et_pb_row][\/et_pb_section][et_pb_section fb_built=&#8221;1&#8243; specialty=&#8221;on&#8221; module_class_2=&#8221;sivupalkki&#8221; _builder_version=&#8221;4.16&#8243; global_colors_info=&#8221;{}&#8221;][et_pb_column type=&#8221;2_3&#8243; specialty_columns=&#8221;2&#8243; _builder_version=&#8221;4.16&#8243; custom_padding=&#8221;|||&#8221; global_colors_info=&#8221;{}&#8221; custom_padding__hover=&#8221;|||&#8221;][et_pb_row_inner column_structure=&#8221;1_4,1_4,1_4,1_4&#8243; admin_label=&#8221;Rivi&#8221; _builder_version=&#8221;4.16&#8243; global_colors_info=&#8221;{}&#8221;][et_pb_column_inner type=&#8221;1_4&#8243; saved_specialty_column_type=&#8221;2_3&#8243; _builder_version=&#8221;4.16&#8243; custom_padding=&#8221;|||&#8221; custom_css_main_element=&#8221;width:24%!important;&#8221; global_colors_info=&#8221;{}&#8221; custom_padding__hover=&#8221;|||&#8221;][et_pb_image align_tablet=&#8221;center&#8221; align_phone=&#8221;&#8221; align_last_edited=&#8221;on|desktop&#8221; _builder_version=&#8221;4.16&#8243; global_colors_info=&#8221;{}&#8221;][\/et_pb_image][\/et_pb_column_inner][et_pb_column_inner type=&#8221;1_4&#8243; saved_specialty_column_type=&#8221;2_3&#8243; _builder_version=&#8221;4.16&#8243; custom_padding=&#8221;|||&#8221; custom_css_main_element=&#8221;width:24%!important;&#8221; global_colors_info=&#8221;{}&#8221; custom_padding__hover=&#8221;|||&#8221;][et_pb_image align_tablet=&#8221;center&#8221; align_phone=&#8221;&#8221; align_last_edited=&#8221;on|desktop&#8221; _builder_version=&#8221;4.16&#8243; global_colors_info=&#8221;{}&#8221;][\/et_pb_image][\/et_pb_column_inner][et_pb_column_inner type=&#8221;1_4&#8243; saved_specialty_column_type=&#8221;2_3&#8243; _builder_version=&#8221;4.16&#8243; custom_padding=&#8221;|||&#8221; custom_css_main_element=&#8221;width:24%!important;&#8221; global_colors_info=&#8221;{}&#8221; custom_padding__hover=&#8221;|||&#8221;][et_pb_image align_tablet=&#8221;center&#8221; align_phone=&#8221;&#8221; align_last_edited=&#8221;on|desktop&#8221; _builder_version=&#8221;4.16&#8243; global_colors_info=&#8221;{}&#8221;][\/et_pb_image][\/et_pb_column_inner][et_pb_column_inner type=&#8221;1_4&#8243; saved_specialty_column_type=&#8221;2_3&#8243; _builder_version=&#8221;4.16&#8243; custom_padding=&#8221;|||&#8221; custom_css_main_element=&#8221;display:none;||width:0%!important;&#8221; global_colors_info=&#8221;{}&#8221; custom_padding__hover=&#8221;|||&#8221;][\/et_pb_column_inner][\/et_pb_row_inner][et_pb_row_inner admin_label=&#8221;Rivi&#8221; _builder_version=&#8221;4.16&#8243; global_colors_info=&#8221;{}&#8221;][et_pb_column_inner saved_specialty_column_type=&#8221;2_3&#8243; _builder_version=&#8221;4.16&#8243; custom_padding=&#8221;|||&#8221; global_colors_info=&#8221;{}&#8221; custom_padding__hover=&#8221;|||&#8221;][et_pb_text admin_label=&#8221;Rotary Internationalin vuositeema &#8211; Otsikko&#8221; _builder_version=&#8221;4.16&#8243; text_orientation=&#8221;center&#8221; global_colors_info=&#8221;{}&#8221;]<\/p>\n<h1>Rotary Internationalin vuositeema\u00a0<\/h1>\n<p>[\/et_pb_text][et_pb_text _builder_version=&#8221;4.16&#8243; global_colors_info=&#8221;{}&#8221;]<\/p>\n<p>Kanadalainen Jennifer E. Jones, on nimitetty Rotary Internationalin presidentiksi vuosiksi 2022\u20132023. T\u00e4m\u00e4 uraauurtava valinta tekee h\u00e4nest\u00e4 ensimm\u00e4isen naisen, joka hoitaa t\u00e4t\u00e4 virkaa j\u00e4rjest\u00f6ss\u00e4 sen 115 vuotisen historian aikana. Teemanaan vuodelle 2022-2023 Jennifer Jones kuvittelee Rotaryn, jossa j\u00e4senet toimivat tehd\u00e4kseen unelmistaan totta ja he saavat kaiken irti klubikokemuksistaan. H\u00e4n kehottaa j\u00e4seni\u00e4 olemaan enemm\u00e4n tekemisiss\u00e4 toistensa kanssa ja k\u00e4ytt\u00e4m\u00e4\u00e4n n\u00e4it\u00e4 yhteyksi\u00e4 kumppanuuksien rakentamiseen, jotka muuttavat maailmaa.<\/p>\n<p>\u00b4\u00b4Kuvittele maailma, joka ansaitsee parhaamme ja jossa nousemme joka p\u00e4iv\u00e4 tiet\u00e4en, ett\u00e4 voimme vaikuttaa.<br \/>Emme kuvittele eilist\u00e4. Kuvittelemme huomista.<br \/>Kuvittele maailma ilman poliota.<br \/>Kuvittele maailma, jossa on puhdasta vett\u00e4 kaikille.<br \/>Kuvittele maailma, jossa ei ole sairauksia.<br \/>Maailma, jossa jokainen lapsi oppii lukemaan.<br \/>Kuvittele yst\u00e4v\u00e4llisyytt\u00e4 ja toivoa ja rakkautta ja rauhaa.<br \/>Ja siksi, rakkaat yst\u00e4v\u00e4ni, teemamme on<em> Imagine Rotary<\/em>.&#8221;<\/p>\n<p>&nbsp;<\/p>\n<p>[\/et_pb_text][\/et_pb_column_inner][\/et_pb_row_inner][et_pb_row_inner admin_label=&#8221;Rivi&#8221; _builder_version=&#8221;4.16&#8243; global_colors_info=&#8221;{}&#8221;][et_pb_column_inner saved_specialty_column_type=&#8221;2_3&#8243; _builder_version=&#8221;4.16&#8243; custom_padding=&#8221;|||&#8221; global_colors_info=&#8221;{}&#8221; custom_padding__hover=&#8221;|||&#8221;][et_pb_text admin_label=&#8221;Klubin vuositeema &#8211; Otsikko&#8221; _builder_version=&#8221;4.16&#8243; text_orientation=&#8221;center&#8221; global_colors_info=&#8221;{}&#8221;]<\/p>\n<h4>Kouvolan Rotaryklubin vuositeema<\/h4>\n<p>[\/et_pb_text][et_pb_text _builder_version=&#8221;4.16&#8243; global_colors_info=&#8221;{}&#8221;]<\/p>\n<p>Kouvolan rotaryklubi on kiinnostava, keskusteleva, kunnioittava ja kansainv\u00e4linen klubi. Toimimme edell\u00e4k\u00e4vij\u00e4yhteis\u00f6n\u00e4, kehitysmy\u00f6nteisen keskustelun alustana ja Kouvolan tulevaisuuden rakentajana.\u00a0<\/p>\n<p class=\"p1\"><span class=\"s1\">Tavoitteenamme on olla aktiivisia rotareita, kasvattaa rotary-toiminnan tunnettuutta ja rotareiden m\u00e4\u00e4r\u00e4 Kouvolassa ja edist\u00e4\u00e4 eri alojen ammattilaisten ja vaikuttajien yhteisty\u00f6t\u00e4.<\/span><\/p>\n<p>[\/et_pb_text][\/et_pb_column_inner][\/et_pb_row_inner][\/et_pb_column][et_pb_column type=&#8221;1_3&#8243; _builder_version=&#8221;4.16&#8243; custom_padding=&#8221;|||&#8221; global_colors_info=&#8221;{}&#8221; custom_padding__hover=&#8221;|||&#8221;][et_pb_sidebar area=&#8221;sidebar-1&#8243; module_class=&#8221;sivupalkki_sisalto&#8221; _builder_version=&#8221;4.16&#8243; locked=&#8221;on&#8221; global_colors_info=&#8221;{}&#8221;][\/et_pb_sidebar][\/et_pb_column][\/et_pb_section]<\/p>\n","protected":false},"excerpt":{"rendered":"<p>Vuositeema &nbsp; Rotary Internationalin vuositeema\u00a0Kanadalainen Jennifer E. Jones, on nimitetty Rotary Internationalin presidentiksi vuosiksi 2022\u20132023. T\u00e4m\u00e4 uraauurtava valinta tekee h\u00e4nest\u00e4 ensimm\u00e4isen naisen, joka hoitaa t\u00e4t\u00e4 virkaa j\u00e4rjest\u00f6ss\u00e4 sen 115 vuotisen historian aikana. Teemanaan vuodelle 2022-2023 Jennifer Jones kuvittelee Rotaryn, jossa j\u00e4senet toimivat tehd\u00e4kseen unelmistaan totta ja he saavat kaiken irti klubikokemuksistaan. H\u00e4n kehottaa j\u00e4seni\u00e4 olemaan [&hellip;]<\/p>\n","protected":false},"author":1,"featured_media":0,"parent":129,"menu_order":0,"comment_status":"closed","ping_status":"closed","template":"","meta":{"_acf_changed":false,"_et_pb_use_builder":"on","_et_pb_old_content":"","_et_gb_content_width":"","footnotes":""},"class_list":["post-138","page","type-page","status-publish","hentry"],"acf":[],"yoast_head":"<!-- This site is optimized with the Yoast SEO plugin v27.4 - https:\/\/yoast.com\/product\/yoast-seo-wordpress\/ -->\n<title>Vuositeema - Kouvolan Rotaryklubi<\/title>\n<meta name=\"robots\" content=\"index, follow, max-snippet:-1, max-image-preview:large, max-video-preview:-1\" \/>\n<link rel=\"canonical\" href=\"https:\/\/rotary.fi\/kouvola\/keita-olemme\/vuositeema\/\" \/>\n<meta property=\"og:locale\" content=\"fi_FI\" \/>\n<meta property=\"og:type\" content=\"article\" \/>\n<meta property=\"og:title\" content=\"Vuositeema - Kouvolan Rotaryklubi\" \/>\n<meta property=\"og:description\" content=\"Vuositeema &nbsp; Rotary Internationalin vuositeema\u00a0Kanadalainen Jennifer E. Jones, on nimitetty Rotary Internationalin presidentiksi vuosiksi 2022\u20132023. T\u00e4m\u00e4 uraauurtava valinta tekee h\u00e4nest\u00e4 ensimm\u00e4isen naisen, joka hoitaa t\u00e4t\u00e4 virkaa j\u00e4rjest\u00f6ss\u00e4 sen 115 vuotisen historian aikana. Teemanaan vuodelle 2022-2023 Jennifer Jones kuvittelee Rotaryn, jossa j\u00e4senet toimivat tehd\u00e4kseen unelmistaan totta ja he saavat kaiken irti klubikokemuksistaan. H\u00e4n kehottaa j\u00e4seni\u00e4 olemaan [&hellip;]\" \/>\n<meta property=\"og:url\" content=\"https:\/\/rotary.fi\/kouvola\/keita-olemme\/vuositeema\/\" \/>\n<meta property=\"og:site_name\" content=\"Kouvolan Rotaryklubi\" \/>\n<meta property=\"article:modified_time\" content=\"2023-02-19T18:24:12+00:00\" \/>\n<meta name=\"twitter:card\" content=\"summary_large_image\" \/>\n<meta name=\"twitter:label1\" content=\"Arvioitu lukuaika\" \/>\n\t<meta name=\"twitter:data1\" content=\"2 minuuttia\" \/>\n<script type=\"application\/ld+json\" class=\"yoast-schema-graph\">{\"@context\":\"https:\\\/\\\/schema.org\",\"@graph\":[{\"@type\":\"WebPage\",\"@id\":\"https:\\\/\\\/rotary.fi\\\/kouvola\\\/keita-olemme\\\/vuositeema\\\/\",\"url\":\"https:\\\/\\\/rotary.fi\\\/kouvola\\\/keita-olemme\\\/vuositeema\\\/\",\"name\":\"Vuositeema - Kouvolan Rotaryklubi\",\"isPartOf\":{\"@id\":\"https:\\\/\\\/rotary.fi\\\/kouvola\\\/#website\"},\"datePublished\":\"2018-08-10T11:01:44+00:00\",\"dateModified\":\"2023-02-19T18:24:12+00:00\",\"breadcrumb\":{\"@id\":\"https:\\\/\\\/rotary.fi\\\/kouvola\\\/keita-olemme\\\/vuositeema\\\/#breadcrumb\"},\"inLanguage\":\"fi\",\"potentialAction\":[{\"@type\":\"ReadAction\",\"target\":[\"https:\\\/\\\/rotary.fi\\\/kouvola\\\/keita-olemme\\\/vuositeema\\\/\"]}]},{\"@type\":\"BreadcrumbList\",\"@id\":\"https:\\\/\\\/rotary.fi\\\/kouvola\\\/keita-olemme\\\/vuositeema\\\/#breadcrumb\",\"itemListElement\":[{\"@type\":\"ListItem\",\"position\":1,\"name\":\"Home\",\"item\":\"https:\\\/\\\/rotary.fi\\\/kouvola\\\/\"},{\"@type\":\"ListItem\",\"position\":2,\"name\":\"Keit\u00e4 olemme\",\"item\":\"https:\\\/\\\/rotary.fi\\\/kouvola\\\/keita-olemme\\\/\"},{\"@type\":\"ListItem\",\"position\":3,\"name\":\"Vuositeema\"}]},{\"@type\":\"WebSite\",\"@id\":\"https:\\\/\\\/rotary.fi\\\/kouvola\\\/#website\",\"url\":\"https:\\\/\\\/rotary.fi\\\/kouvola\\\/\",\"name\":\"Kouvolan Rotaryklubi\",\"description\":\"Uusi Rotary klubisivusto\",\"potentialAction\":[{\"@type\":\"SearchAction\",\"target\":{\"@type\":\"EntryPoint\",\"urlTemplate\":\"https:\\\/\\\/rotary.fi\\\/kouvola\\\/?s={search_term_string}\"},\"query-input\":{\"@type\":\"PropertyValueSpecification\",\"valueRequired\":true,\"valueName\":\"search_term_string\"}}],\"inLanguage\":\"fi\"}]}<\/script>\n<!-- \/ Yoast SEO plugin. -->","yoast_head_json":{"title":"Vuositeema - Kouvolan Rotaryklubi","robots":{"index":"index","follow":"follow","max-snippet":"max-snippet:-1","max-image-preview":"max-image-preview:large","max-video-preview":"max-video-preview:-1"},"canonical":"https:\/\/rotary.fi\/kouvola\/keita-olemme\/vuositeema\/","og_locale":"fi_FI","og_type":"article","og_title":"Vuositeema - Kouvolan Rotaryklubi","og_description":"Vuositeema &nbsp; Rotary Internationalin vuositeema\u00a0Kanadalainen Jennifer E. Jones, on nimitetty Rotary Internationalin presidentiksi vuosiksi 2022\u20132023. T\u00e4m\u00e4 uraauurtava valinta tekee h\u00e4nest\u00e4 ensimm\u00e4isen naisen, joka hoitaa t\u00e4t\u00e4 virkaa j\u00e4rjest\u00f6ss\u00e4 sen 115 vuotisen historian aikana. Teemanaan vuodelle 2022-2023 Jennifer Jones kuvittelee Rotaryn, jossa j\u00e4senet toimivat tehd\u00e4kseen unelmistaan totta ja he saavat kaiken irti klubikokemuksistaan. H\u00e4n kehottaa j\u00e4seni\u00e4 olemaan [&hellip;]","og_url":"https:\/\/rotary.fi\/kouvola\/keita-olemme\/vuositeema\/","og_site_name":"Kouvolan Rotaryklubi","article_modified_time":"2023-02-19T18:24:12+00:00","twitter_card":"summary_large_image","twitter_misc":{"Arvioitu lukuaika":"2 minuuttia"},"schema":{"@context":"https:\/\/schema.org","@graph":[{"@type":"WebPage","@id":"https:\/\/rotary.fi\/kouvola\/keita-olemme\/vuositeema\/","url":"https:\/\/rotary.fi\/kouvola\/keita-olemme\/vuositeema\/","name":"Vuositeema - Kouvolan Rotaryklubi","isPartOf":{"@id":"https:\/\/rotary.fi\/kouvola\/#website"},"datePublished":"2018-08-10T11:01:44+00:00","dateModified":"2023-02-19T18:24:12+00:00","breadcrumb":{"@id":"https:\/\/rotary.fi\/kouvola\/keita-olemme\/vuositeema\/#breadcrumb"},"inLanguage":"fi","potentialAction":[{"@type":"ReadAction","target":["https:\/\/rotary.fi\/kouvola\/keita-olemme\/vuositeema\/"]}]},{"@type":"BreadcrumbList","@id":"https:\/\/rotary.fi\/kouvola\/keita-olemme\/vuositeema\/#breadcrumb","itemListElement":[{"@type":"ListItem","position":1,"name":"Home","item":"https:\/\/rotary.fi\/kouvola\/"},{"@type":"ListItem","position":2,"name":"Keit\u00e4 olemme","item":"https:\/\/rotary.fi\/kouvola\/keita-olemme\/"},{"@type":"ListItem","position":3,"name":"Vuositeema"}]},{"@type":"WebSite","@id":"https:\/\/rotary.fi\/kouvola\/#website","url":"https:\/\/rotary.fi\/kouvola\/","name":"Kouvolan Rotaryklubi","description":"Uusi Rotary klubisivusto","potentialAction":[{"@type":"SearchAction","target":{"@type":"EntryPoint","urlTemplate":"https:\/\/rotary.fi\/kouvola\/?s={search_term_string}"},"query-input":{"@type":"PropertyValueSpecification","valueRequired":true,"valueName":"search_term_string"}}],"inLanguage":"fi"}]}},"lang":"fi","translations":{"fi":138},"pll_sync_post":[],"_links":{"self":[{"href":"https:\/\/rotary.fi\/kouvola\/wp-json\/wp\/v2\/pages\/138","targetHints":{"allow":["GET"]}}],"collection":[{"href":"https:\/\/rotary.fi\/kouvola\/wp-json\/wp\/v2\/pages"}],"about":[{"href":"https:\/\/rotary.fi\/kouvola\/wp-json\/wp\/v2\/types\/page"}],"author":[{"embeddable":true,"href":"https:\/\/rotary.fi\/kouvola\/wp-json\/wp\/v2\/users\/1"}],"replies":[{"embeddable":true,"href":"https:\/\/rotary.fi\/kouvola\/wp-json\/wp\/v2\/comments?post=138"}],"version-history":[{"count":9,"href":"https:\/\/rotary.fi\/kouvola\/wp-json\/wp\/v2\/pages\/138\/revisions"}],"predecessor-version":[{"id":1624,"href":"https:\/\/rotary.fi\/kouvola\/wp-json\/wp\/v2\/pages\/138\/revisions\/1624"}],"up":[{"embeddable":true,"href":"https:\/\/rotary.fi\/kouvola\/wp-json\/wp\/v2\/pages\/129"}],"wp:attachment":[{"href":"https:\/\/rotary.fi\/kouvola\/wp-json\/wp\/v2\/media?parent=138"}],"curies":[{"name":"wp","href":"https:\/\/api.w.org\/{rel}","templated":true}]}}