{"id":156,"date":"2018-08-13T09:46:59","date_gmt":"2018-08-13T06:46:59","guid":{"rendered":"https:\/\/rotary.fi\/kotkalanginkoski\/?page_id=156"},"modified":"2024-01-07T23:01:51","modified_gmt":"2024-01-07T21:01:51","slug":"projektit","status":"publish","type":"page","link":"https:\/\/rotary.fi\/kotka-langinkoski\/mita-teemme\/projektit\/","title":{"rendered":"Projektit"},"content":{"rendered":"<p>[et_pb_section fb_built=&#8221;1&#8243; module_class=&#8221;jumbotron-page&#8221; _builder_version=&#8221;4.22.1&#8243; background_image=&#8221;https:\/\/rotary.fi\/kotka-langinkoski\/wp-content\/uploads\/sites\/146\/2023\/10\/20230715-113327.jpg&#8221; hover_enabled=&#8221;0&#8243; global_colors_info=&#8221;{}&#8221; sticky_enabled=&#8221;0&#8243; min_height=&#8221;201.2px&#8221; custom_padding=&#8221;105px|||||&#8221; title_text=&#8221;20230715_113327&#8243;][et_pb_row _builder_version=&#8221;4.16&#8243; background_size=&#8221;initial&#8221; background_position=&#8221;top_left&#8221; background_repeat=&#8221;repeat&#8221; hover_enabled=&#8221;0&#8243; global_colors_info=&#8221;{}&#8221; custom_margin=&#8221;|auto|-10px|auto||&#8221; sticky_enabled=&#8221;0&#8243;][et_pb_column type=&#8221;4_4&#8243; _builder_version=&#8221;4.16&#8243; custom_padding=&#8221;|||&#8221; global_colors_info=&#8221;{}&#8221; custom_padding__hover=&#8221;|||&#8221;][et_pb_text admin_label=&#8221;P\u00e4\u00e4otsikko&#8221; _builder_version=&#8221;4.16&#8243; text_orientation=&#8221;center&#8221; background_layout=&#8221;dark&#8221; global_colors_info=&#8221;{}&#8221;]<\/p>\n<h1>Projektit<\/h1>\n<p>[\/et_pb_text][\/et_pb_column][\/et_pb_row][\/et_pb_section][et_pb_section fb_built=&#8221;1&#8243; specialty=&#8221;on&#8221; module_class_2=&#8221;sivupalkki&#8221; _builder_version=&#8221;4.16&#8243; global_colors_info=&#8221;{}&#8221; custom_margin=&#8221;43px|||||&#8221;][et_pb_column type=&#8221;2_3&#8243; specialty_columns=&#8221;2&#8243; _builder_version=&#8221;4.16&#8243; custom_padding=&#8221;|||&#8221; global_colors_info=&#8221;{}&#8221; parallax__hover=&#8221;off&#8221; parallax_method__hover=&#8221;on&#8221; custom_padding__hover=&#8221;|||&#8221;][et_pb_row_inner admin_label=&#8221;Rivi&#8221; _builder_version=&#8221;4.16&#8243; global_colors_info=&#8221;{}&#8221;][et_pb_column_inner saved_specialty_column_type=&#8221;2_3&#8243; _builder_version=&#8221;4.16&#8243; custom_padding=&#8221;|||&#8221; global_colors_info=&#8221;{}&#8221; parallax__hover=&#8221;off&#8221; parallax_method__hover=&#8221;on&#8221; custom_padding__hover=&#8221;|||&#8221;][et_pb_text admin_label=&#8221;Projektit &#8211; Otsikko&#8221; _builder_version=&#8221;4.16&#8243; text_orientation=&#8221;center&#8221; global_colors_info=&#8221;{}&#8221;]<\/p>\n<h1>Projektit<\/h1>\n<p>[\/et_pb_text][et_pb_text _builder_version=&#8221;4.20.4&#8243; global_colors_info=&#8221;{}&#8221;]<\/p>\n<p><span style=\"font-size: 16px\">Rotary on palveluj\u00e4rjest\u00f6. Toimimme tunnuslauseemme Palvelu itsekkyyden edelle (Service above self) mukaisesti paikallisesti ja maailmanlaajuisesti. Kansainv\u00e4linen humanit\u00e4\u00e4rinen palvelumme toteutuu Rotarys\u00e4\u00e4ti\u00f6mme koordinoimana ja hyv\u00e4ksyttyjen kumppaneiden kanssa.<\/span><\/p>\n<p><b>Merip\u00e4iv\u00e4tapahtuma<\/b><br \/><b>Merip\u00e4ivien aikana pystyt\u00e4mme Rotary teltat,\u00a0 esittelemme kriisialueille suunniteltua\u00a0 Shelter Box -majoitusta, joka mahdollistaa ruuanlaiton sek\u00e4 muut p\u00e4iv\u00e4n t\u00e4rkeimm\u00e4t asiat p\u00e4ivitt\u00e4iseen selviytymiseen. Kerromme my\u00f6s nuorisovaihdosta yms. toiminnasta.<\/b><\/p>\n<p><b>Nuorisovaihto-oppilas-toiminta, esittelemme uudelle vaihto-oppilaalle Suomea ja paikallista kulttuuria, ja tuemme h\u00e4nen harrastuksiaan my\u00f6s t\u00e4\u00e4ll\u00e4.<\/b><\/p>\n<p><strong style=\"font-size: 16px\">Siisti Biitsi &#8211; projekti liittyy It\u00e4meri-projektiin, ymp\u00e4rist\u00f6n siisteyteen, kierr\u00e4tykseen ja luonnonsuojeluun.<\/strong><\/p>\n<p><strong style=\"font-size: 16px\">RYLA-Johtajakoulutus nuorille 18-30 vuotiaille.<\/strong><\/p>\n<p><strong style=\"font-size: 16px\">Osallistumme my\u00f6s l\u00e4hiklubien kanssa yhteisiin projekteihin, kuten it\u00e4-meren suojeluun ja eritt\u00e4in t\u00e4rke\u00e4\u00e4n kansainv\u00e4liseen ty\u00f6h\u00f6n- polion h\u00e4vitt\u00e4mis -projektiin maailmasta.<\/strong><\/p>\n<p>[\/et_pb_text][\/et_pb_column_inner][\/et_pb_row_inner][\/et_pb_column][et_pb_column type=&#8221;1_3&#8243; module_class=&#8221;sivupalkki&#8221; _builder_version=&#8221;4.16&#8243; custom_padding=&#8221;|||&#8221; global_colors_info=&#8221;{}&#8221; parallax__hover=&#8221;off&#8221; parallax_method__hover=&#8221;on&#8221; module_class__hover=&#8221;sivupalkki&#8221; custom_padding__hover=&#8221;|||&#8221;][et_pb_sidebar area=&#8221;sidebar-1&#8243; module_class=&#8221;sivupalkki_sisalto&#8221; _builder_version=&#8221;4.16&#8243; locked=&#8221;on&#8221; global_colors_info=&#8221;{}&#8221;][\/et_pb_sidebar][\/et_pb_column][\/et_pb_section]<\/p>\n","protected":false},"excerpt":{"rendered":"<p>Projektit Projektit Rotary on palveluj\u00e4rjest\u00f6. Toimimme tunnuslauseemme Palvelu itsekkyyden edelle (Service above self) mukaisesti paikallisesti ja maailmanlaajuisesti. Kansainv\u00e4linen humanit\u00e4\u00e4rinen palvelumme toteutuu Rotarys\u00e4\u00e4ti\u00f6mme koordinoimana ja hyv\u00e4ksyttyjen kumppaneiden kanssa. Merip\u00e4iv\u00e4tapahtumaMerip\u00e4ivien aikana pystyt\u00e4mme Rotary teltat,\u00a0 esittelemme kriisialueille suunniteltua\u00a0 Shelter Box -majoitusta, joka mahdollistaa ruuanlaiton sek\u00e4 muut p\u00e4iv\u00e4n t\u00e4rkeimm\u00e4t asiat p\u00e4ivitt\u00e4iseen selviytymiseen. Kerromme my\u00f6s nuorisovaihdosta yms. toiminnasta. Nuorisovaihto-oppilas-toiminta, esittelemme [&hellip;]<\/p>\n","protected":false},"author":1,"featured_media":0,"parent":77,"menu_order":0,"comment_status":"closed","ping_status":"closed","template":"","meta":{"_acf_changed":false,"_et_pb_use_builder":"on","_et_pb_old_content":"","_et_gb_content_width":"","footnotes":""},"class_list":["post-156","page","type-page","status-publish","hentry"],"acf":[],"yoast_head":"<!-- This site is optimized with the Yoast SEO plugin v27.0 - https:\/\/yoast.com\/product\/yoast-seo-wordpress\/ -->\n<title>Projektit - Kotka-Langinkoski Rotaryklubi ry<\/title>\n<meta name=\"robots\" content=\"index, follow, max-snippet:-1, max-image-preview:large, max-video-preview:-1\" \/>\n<link rel=\"canonical\" href=\"https:\/\/rotary.fi\/kotka-langinkoski\/mita-teemme\/projektit\/\" \/>\n<meta property=\"og:locale\" content=\"fi_FI\" \/>\n<meta property=\"og:type\" content=\"article\" \/>\n<meta property=\"og:title\" content=\"Projektit - Kotka-Langinkoski Rotaryklubi ry\" \/>\n<meta property=\"og:description\" content=\"Projektit Projektit Rotary on palveluj\u00e4rjest\u00f6. Toimimme tunnuslauseemme Palvelu itsekkyyden edelle (Service above self) mukaisesti paikallisesti ja maailmanlaajuisesti. Kansainv\u00e4linen humanit\u00e4\u00e4rinen palvelumme toteutuu Rotarys\u00e4\u00e4ti\u00f6mme koordinoimana ja hyv\u00e4ksyttyjen kumppaneiden kanssa. Merip\u00e4iv\u00e4tapahtumaMerip\u00e4ivien aikana pystyt\u00e4mme Rotary teltat,\u00a0 esittelemme kriisialueille suunniteltua\u00a0 Shelter Box -majoitusta, joka mahdollistaa ruuanlaiton sek\u00e4 muut p\u00e4iv\u00e4n t\u00e4rkeimm\u00e4t asiat p\u00e4ivitt\u00e4iseen selviytymiseen. Kerromme my\u00f6s nuorisovaihdosta yms. toiminnasta. Nuorisovaihto-oppilas-toiminta, esittelemme [&hellip;]\" \/>\n<meta property=\"og:url\" content=\"https:\/\/rotary.fi\/kotka-langinkoski\/mita-teemme\/projektit\/\" \/>\n<meta property=\"og:site_name\" content=\"Kotka-Langinkoski Rotaryklubi ry\" \/>\n<meta property=\"article:modified_time\" content=\"2024-01-07T21:01:51+00:00\" \/>\n<meta name=\"twitter:card\" content=\"summary_large_image\" \/>\n<meta name=\"twitter:label1\" content=\"Arvioitu lukuaika\" \/>\n\t<meta name=\"twitter:data1\" content=\"2 minuuttia\" \/>\n<script type=\"application\/ld+json\" class=\"yoast-schema-graph\">{\"@context\":\"https:\/\/schema.org\",\"@graph\":[{\"@type\":\"WebPage\",\"@id\":\"https:\/\/rotary.fi\/kotka-langinkoski\/mita-teemme\/projektit\/\",\"url\":\"https:\/\/rotary.fi\/kotka-langinkoski\/mita-teemme\/projektit\/\",\"name\":\"Projektit - Kotka-Langinkoski Rotaryklubi ry\",\"isPartOf\":{\"@id\":\"https:\/\/rotary.fi\/kotka-langinkoski\/#website\"},\"datePublished\":\"2018-08-13T06:46:59+00:00\",\"dateModified\":\"2024-01-07T21:01:51+00:00\",\"breadcrumb\":{\"@id\":\"https:\/\/rotary.fi\/kotka-langinkoski\/mita-teemme\/projektit\/#breadcrumb\"},\"inLanguage\":\"fi\",\"potentialAction\":[{\"@type\":\"ReadAction\",\"target\":[\"https:\/\/rotary.fi\/kotka-langinkoski\/mita-teemme\/projektit\/\"]}]},{\"@type\":\"BreadcrumbList\",\"@id\":\"https:\/\/rotary.fi\/kotka-langinkoski\/mita-teemme\/projektit\/#breadcrumb\",\"itemListElement\":[{\"@type\":\"ListItem\",\"position\":1,\"name\":\"Home\",\"item\":\"https:\/\/rotary.fi\/kotka-langinkoski\/\"},{\"@type\":\"ListItem\",\"position\":2,\"name\":\"Mit\u00e4 teemme\",\"item\":\"https:\/\/rotary.fi\/kotka-langinkoski\/mita-teemme\/\"},{\"@type\":\"ListItem\",\"position\":3,\"name\":\"Projektit\"}]},{\"@type\":\"WebSite\",\"@id\":\"https:\/\/rotary.fi\/kotka-langinkoski\/#website\",\"url\":\"https:\/\/rotary.fi\/kotka-langinkoski\/\",\"name\":\"Kotka-Langinkoski Rotaryklubi ry\",\"description\":\"Uusi Rotary klubisivusto\",\"potentialAction\":[{\"@type\":\"SearchAction\",\"target\":{\"@type\":\"EntryPoint\",\"urlTemplate\":\"https:\/\/rotary.fi\/kotka-langinkoski\/?s={search_term_string}\"},\"query-input\":{\"@type\":\"PropertyValueSpecification\",\"valueRequired\":true,\"valueName\":\"search_term_string\"}}],\"inLanguage\":\"fi\"}]}<\/script>\n<!-- \/ Yoast SEO plugin. -->","yoast_head_json":{"title":"Projektit - Kotka-Langinkoski Rotaryklubi ry","robots":{"index":"index","follow":"follow","max-snippet":"max-snippet:-1","max-image-preview":"max-image-preview:large","max-video-preview":"max-video-preview:-1"},"canonical":"https:\/\/rotary.fi\/kotka-langinkoski\/mita-teemme\/projektit\/","og_locale":"fi_FI","og_type":"article","og_title":"Projektit - Kotka-Langinkoski Rotaryklubi ry","og_description":"Projektit Projektit Rotary on palveluj\u00e4rjest\u00f6. Toimimme tunnuslauseemme Palvelu itsekkyyden edelle (Service above self) mukaisesti paikallisesti ja maailmanlaajuisesti. Kansainv\u00e4linen humanit\u00e4\u00e4rinen palvelumme toteutuu Rotarys\u00e4\u00e4ti\u00f6mme koordinoimana ja hyv\u00e4ksyttyjen kumppaneiden kanssa. Merip\u00e4iv\u00e4tapahtumaMerip\u00e4ivien aikana pystyt\u00e4mme Rotary teltat,\u00a0 esittelemme kriisialueille suunniteltua\u00a0 Shelter Box -majoitusta, joka mahdollistaa ruuanlaiton sek\u00e4 muut p\u00e4iv\u00e4n t\u00e4rkeimm\u00e4t asiat p\u00e4ivitt\u00e4iseen selviytymiseen. Kerromme my\u00f6s nuorisovaihdosta yms. toiminnasta. Nuorisovaihto-oppilas-toiminta, esittelemme [&hellip;]","og_url":"https:\/\/rotary.fi\/kotka-langinkoski\/mita-teemme\/projektit\/","og_site_name":"Kotka-Langinkoski Rotaryklubi ry","article_modified_time":"2024-01-07T21:01:51+00:00","twitter_card":"summary_large_image","twitter_misc":{"Arvioitu lukuaika":"2 minuuttia"},"schema":{"@context":"https:\/\/schema.org","@graph":[{"@type":"WebPage","@id":"https:\/\/rotary.fi\/kotka-langinkoski\/mita-teemme\/projektit\/","url":"https:\/\/rotary.fi\/kotka-langinkoski\/mita-teemme\/projektit\/","name":"Projektit - Kotka-Langinkoski Rotaryklubi ry","isPartOf":{"@id":"https:\/\/rotary.fi\/kotka-langinkoski\/#website"},"datePublished":"2018-08-13T06:46:59+00:00","dateModified":"2024-01-07T21:01:51+00:00","breadcrumb":{"@id":"https:\/\/rotary.fi\/kotka-langinkoski\/mita-teemme\/projektit\/#breadcrumb"},"inLanguage":"fi","potentialAction":[{"@type":"ReadAction","target":["https:\/\/rotary.fi\/kotka-langinkoski\/mita-teemme\/projektit\/"]}]},{"@type":"BreadcrumbList","@id":"https:\/\/rotary.fi\/kotka-langinkoski\/mita-teemme\/projektit\/#breadcrumb","itemListElement":[{"@type":"ListItem","position":1,"name":"Home","item":"https:\/\/rotary.fi\/kotka-langinkoski\/"},{"@type":"ListItem","position":2,"name":"Mit\u00e4 teemme","item":"https:\/\/rotary.fi\/kotka-langinkoski\/mita-teemme\/"},{"@type":"ListItem","position":3,"name":"Projektit"}]},{"@type":"WebSite","@id":"https:\/\/rotary.fi\/kotka-langinkoski\/#website","url":"https:\/\/rotary.fi\/kotka-langinkoski\/","name":"Kotka-Langinkoski Rotaryklubi ry","description":"Uusi Rotary klubisivusto","potentialAction":[{"@type":"SearchAction","target":{"@type":"EntryPoint","urlTemplate":"https:\/\/rotary.fi\/kotka-langinkoski\/?s={search_term_string}"},"query-input":{"@type":"PropertyValueSpecification","valueRequired":true,"valueName":"search_term_string"}}],"inLanguage":"fi"}]}},"lang":"fi","translations":{"fi":156,"en":1451},"pll_sync_post":[],"_links":{"self":[{"href":"https:\/\/rotary.fi\/kotka-langinkoski\/wp-json\/wp\/v2\/pages\/156","targetHints":{"allow":["GET"]}}],"collection":[{"href":"https:\/\/rotary.fi\/kotka-langinkoski\/wp-json\/wp\/v2\/pages"}],"about":[{"href":"https:\/\/rotary.fi\/kotka-langinkoski\/wp-json\/wp\/v2\/types\/page"}],"author":[{"embeddable":true,"href":"https:\/\/rotary.fi\/kotka-langinkoski\/wp-json\/wp\/v2\/users\/1"}],"replies":[{"embeddable":true,"href":"https:\/\/rotary.fi\/kotka-langinkoski\/wp-json\/wp\/v2\/comments?post=156"}],"version-history":[{"count":9,"href":"https:\/\/rotary.fi\/kotka-langinkoski\/wp-json\/wp\/v2\/pages\/156\/revisions"}],"predecessor-version":[{"id":1928,"href":"https:\/\/rotary.fi\/kotka-langinkoski\/wp-json\/wp\/v2\/pages\/156\/revisions\/1928"}],"up":[{"embeddable":true,"href":"https:\/\/rotary.fi\/kotka-langinkoski\/wp-json\/wp\/v2\/pages\/77"}],"wp:attachment":[{"href":"https:\/\/rotary.fi\/kotka-langinkoski\/wp-json\/wp\/v2\/media?parent=156"}],"curies":[{"name":"wp","href":"https:\/\/api.w.org\/{rel}","templated":true}]}}