{"id":1602,"date":"2019-03-19T15:22:36","date_gmt":"2019-03-19T13:22:36","guid":{"rendered":"https:\/\/rotary.fi\/kokkolahakalax\/?page_id=1602"},"modified":"2023-10-29T18:46:02","modified_gmt":"2023-10-29T16:46:02","slug":"vad-ar-rotary","status":"publish","type":"page","link":"https:\/\/rotary.fi\/kokkola\/sv\/vad-ar-rotary\/","title":{"rendered":"Vad \u00c4r Rotary?"},"content":{"rendered":"<p>[et_pb_section fb_built=&#8221;1&#8243; module_class=&#8221;jumbotron-page&#8221; _builder_version=&#8221;4.22.1&#8243; hover_enabled=&#8221;0&#8243; global_colors_info=&#8221;{}&#8221; background_enable_image=&#8221;off&#8221; sticky_enabled=&#8221;0&#8243; use_background_color_gradient=&#8221;on&#8221;][et_pb_row _builder_version=&#8221;4.16&#8243; background_size=&#8221;initial&#8221; background_position=&#8221;top_left&#8221; background_repeat=&#8221;repeat&#8221; global_colors_info=&#8221;{}&#8221;][et_pb_column type=&#8221;4_4&#8243; _builder_version=&#8221;4.16&#8243; custom_padding=&#8221;|||&#8221; global_colors_info=&#8221;{}&#8221; custom_padding__hover=&#8221;|||&#8221;][et_pb_text admin_label=&#8221;Main \/\/ Vad g\u00f6r vi&#8221; _builder_version=&#8221;4.16&#8243; text_orientation=&#8221;center&#8221; background_layout=&#8221;dark&#8221; global_colors_info=&#8221;{}&#8221;]<\/p>\n<h1>Vad \u00e4r Rotary?<\/h1>\n<p>[\/et_pb_text][\/et_pb_column][\/et_pb_row][\/et_pb_section][et_pb_section fb_built=&#8221;1&#8243; specialty=&#8221;on&#8221; module_class_2=&#8221;sivupalkki&#8221; _builder_version=&#8221;4.16&#8243; global_colors_info=&#8221;{}&#8221;][et_pb_column type=&#8221;2_3&#8243; specialty_columns=&#8221;2&#8243; _builder_version=&#8221;4.16&#8243; custom_padding=&#8221;|||&#8221; global_colors_info=&#8221;{}&#8221; custom_padding__hover=&#8221;|||&#8221;][et_pb_row_inner admin_label=&#8221;Rivi&#8221; _builder_version=&#8221;4.16&#8243; global_colors_info=&#8221;{}&#8221;][et_pb_column_inner saved_specialty_column_type=&#8221;2_3&#8243; _builder_version=&#8221;4.16&#8243; custom_padding=&#8221;|||&#8221; global_colors_info=&#8221;{}&#8221; custom_padding__hover=&#8221;|||&#8221;][et_pb_text admin_label=&#8221;Vad g\u00f6r vi &#8211; rubrik&#8221; _builder_version=&#8221;4.16&#8243; text_orientation=&#8221;center&#8221; global_colors_info=&#8221;{}&#8221;]<\/p>\n<h1>Vad \u00e4r Rotary?<\/h1>\n<p>[\/et_pb_text][et_pb_text admin_label=&#8221;Text: Vad g\u00f6r vi&#8221; _builder_version=&#8221;4.22.1&#8243; hover_enabled=&#8221;0&#8243; global_colors_info=&#8221;{}&#8221; sticky_enabled=&#8221;0&#8243;]<\/p>\n<p>Rotary \u00e4r en global tj\u00e4nsteorganisation som bygger p\u00e5 fyra grundl\u00e4ggande principer:<\/p>\n<ol>\n<li>V\u00e4nskap: Rotary uppmuntrar m\u00e4nniskor att skapa varaktiga v\u00e4nskapsrelationer och kulturell f\u00f6rst\u00e5else \u00f6ver hela v\u00e4rlden.<\/li>\n<li>Yrkesutveckling: Organisationen str\u00e4var efter att fr\u00e4mja yrkesm\u00e4ssig och etisk tillv\u00e4xt bland sina medlemmar, vilket positivt p\u00e5verkar arbetslivet.<\/li>\n<li>Tj\u00e4nst: Rotarys centrala m\u00e5l \u00e4r att genomf\u00f6ra tj\u00e4nsteprojekt b\u00e5de lokalt och globalt, som hj\u00e4lper m\u00e4nniskor och samh\u00e4llen, exempelvis genom att f\u00f6rb\u00e4ttra h\u00e4lsov\u00e5rd och bek\u00e4mpa fattigdom.<\/li>\n<li>Internationell inriktning: Rotarys verksamhet str\u00e4cker sig \u00f6ver gr\u00e4nser och kulturella skillnader, och de arbetar f\u00f6r att fr\u00e4mja v\u00e4rldsfrid och f\u00f6rst\u00e5else.<\/li>\n<\/ol>\n<p>Dessutom \u00e4r Rotary v\u00e4lk\u00e4nt f\u00f6r sitt utbytesprogram f\u00f6r ungdomar, som ger unga m\u00f6jlighet att uppleva kulturutbyte och l\u00e4ra sig nya spr\u00e5k. Rotary Internationals utbytesstudentprogram ger unga m\u00f6jlighet att tillbringa ett \u00e5r utomlands i en annan kultur, vilket fr\u00e4mjar f\u00f6rst\u00e5else mellan olika l\u00e4nder och fr\u00e4mjar ungdomars personliga tillv\u00e4xt.<\/p>\n<p><strong>Du kan hitta mer information om Rotary-verksamheten <a href=\"https:\/\/rotary.fi\/sv\/rotary-framsida\/\">h\u00e4r.<\/a><\/strong><\/p>\n<h1 style=\"text-align: center\">Klubbar<\/h1>\n<p>Det finns ungef\u00e4r 250 Rotaryklubbar i Finland. I st\u00f6rre st\u00e4der kan det finnas flera Rotaryklubbar. I Karleby finns tv\u00e5 klubbar: Kokkola-Gamlakarleby Rotaryklubb och Kokkola-Hakalax Rotaryklubb.<\/p>\n<p>Rotarys huvudsakliga verksamhetsform \u00e4r klubbm\u00f6ten, som vanligtvis h\u00e5lls en g\u00e5ng i veckan vid samma tid och plats.<\/p>\n<p>Rotarianer bes\u00f6ker traditionellt andra klubbar. Din resa f\u00e5r en ny dimension n\u00e4r du bes\u00f6ker en lokal klubb, \u00e4ven om det \u00e4r p\u00e5 andra sidan Finland eller v\u00e4rlden.<\/p>\n<p><strong>Du kan s\u00f6ka efter lokala klubbar i Finland och globalt <a href=\"https:\/\/my.rotary.org\/en\/club-search\">h\u00e4r.<\/a><\/strong><\/p>\n<p>&nbsp;<\/p>\n<div>\n<h1 style=\"text-align: center\">Rotarydistrikt D1385<\/h1>\n<p><span lang=\"EN-US\"><\/span><\/p>\n<p><span lang=\"EN-US\">I Finland finns fem Rotarydistrikt, var och ett leds av en guvern\u00f6r med st\u00f6d av distriktsr\u00e5det, kommitt\u00e9er och assisterande guvern\u00f6rer i olika delar av distriktet.<\/span><\/p>\n<p><span lang=\"EN-US\">Kokkolas klubbar tillh\u00f6r Rotarydistrikt D1385, som omfattar sex landskap. Denna distrikt 1385 \u00e4r det st\u00f6rsta i Finland n\u00e4r det g\u00e4ller yta.<\/span><\/p>\n<p><span lang=\"EN-US\"><strong>Du kan hitta omfattande information om Rotary-verksamheten och aktiviteter inom distrikt 1385 <a href=\"https:\/\/rotary.fi\/d1385\/sv\/rotarydistrikt-1380\/\">h\u00e4r.<\/a><\/strong><\/span><\/p>\n<h1 style=\"text-align: center\">Rotary International<\/h1>\n<p><span lang=\"EN-US\"><\/span><\/p>\n<p><span lang=\"EN-US\">Rotary International Rotary International st\u00f6der och v\u00e4gleder rotarianer och klubbar i att uppn\u00e5 Rotarys m\u00e5l. Rotary Internationals h\u00f6gsta beslutande organ \u00e4r den \u00e5rliga konferensen, d\u00e4r varje klubb har r\u00e4tt att skicka en officiell representant och d\u00e4r varje rotarian har r\u00e4tt att delta.<\/span><\/p>\n<p><span><strong>Kontakta Rotary International <a href=\"https:\/\/www.rotary.org\/en\">h\u00e4r.<\/a><\/strong><\/span><\/p>\n<\/div>\n<div><button class=\"flex ml-auto gizmo:ml-0 gap-2 items-center rounded-md p-1 text-xs gizmo:gap-1.5 gizmo:pl-0 dark:text-gray-400 dark:hover:text-gray-200 disabled:dark:hover:text-gray-400 hover:text-gray-700\"><\/button><\/div>\n<div><button class=\"p-1 gizmo:pl-0 rounded-md disabled:dark:hover:text-gray-400 dark:hover:text-gray-200 dark:text-gray-400 hover:bg-gray-100 hover:text-gray-700 dark:hover:bg-gray-700\"><\/button><\/div>\n<div><button class=\"p-1 gizmo:pl-0 rounded-md disabled:dark:hover:text-gray-400 dark:hover:text-gray-200 dark:text-gray-400 hover:bg-gray-100 hover:text-gray-700 dark:hover:bg-gray-700\"><\/button><\/div>\n<div><\/div>\n<p>[\/et_pb_text][\/et_pb_column_inner][\/et_pb_row_inner][et_pb_row_inner _builder_version=&#8221;4.22.1&#8243; _module_preset=&#8221;default&#8221; hover_enabled=&#8221;0&#8243; sticky_enabled=&#8221;0&#8243;][et_pb_column_inner saved_specialty_column_type=&#8221;2_3&#8243; _builder_version=&#8221;4.22.1&#8243; _module_preset=&#8221;default&#8221;][\/et_pb_column_inner][\/et_pb_row_inner][\/et_pb_column][et_pb_column type=&#8221;1_3&#8243; _builder_version=&#8221;4.16&#8243; custom_padding=&#8221;|||&#8221; global_colors_info=&#8221;{}&#8221; custom_padding__hover=&#8221;|||&#8221;][et_pb_sidebar area=&#8221;sidebar-1&#8243; admin_label=&#8221;Sidebar&#8221; module_class=&#8221;sivupalkki_sisalto&#8221; _builder_version=&#8221;4.16&#8243; locked=&#8221;on&#8221; global_colors_info=&#8221;{}&#8221;][\/et_pb_sidebar][\/et_pb_column][\/et_pb_section]<\/p>\n","protected":false},"excerpt":{"rendered":"<p>Vad \u00e4r Rotary?Vad \u00e4r Rotary?Rotary \u00e4r en global tj\u00e4nsteorganisation som bygger p\u00e5 fyra grundl\u00e4ggande principer: V\u00e4nskap: Rotary uppmuntrar m\u00e4nniskor att skapa varaktiga v\u00e4nskapsrelationer och kulturell f\u00f6rst\u00e5else \u00f6ver hela v\u00e4rlden. Yrkesutveckling: Organisationen str\u00e4var efter att fr\u00e4mja yrkesm\u00e4ssig och etisk tillv\u00e4xt bland sina medlemmar, vilket positivt p\u00e5verkar arbetslivet. Tj\u00e4nst: Rotarys centrala m\u00e5l \u00e4r att genomf\u00f6ra tj\u00e4nsteprojekt b\u00e5de [&hellip;]<\/p>\n","protected":false},"author":1,"featured_media":0,"parent":0,"menu_order":2,"comment_status":"closed","ping_status":"closed","template":"","meta":{"_acf_changed":false,"_et_pb_use_builder":"on","_et_pb_old_content":"","_et_gb_content_width":"","footnotes":""},"class_list":["post-1602","page","type-page","status-publish","hentry"],"acf":[],"yoast_head":"<!-- This site is optimized with the Yoast SEO plugin v27.4 - https:\/\/yoast.com\/product\/yoast-seo-wordpress\/ -->\n<title>Vad \u00c4r Rotary? - Kokkolan Rotaryklubit<\/title>\n<meta name=\"robots\" content=\"index, follow, max-snippet:-1, max-image-preview:large, max-video-preview:-1\" \/>\n<link rel=\"canonical\" href=\"https:\/\/rotary.fi\/kokkola\/sv\/vad-ar-rotary\/\" \/>\n<meta property=\"og:locale\" content=\"fi_FI\" \/>\n<meta property=\"og:type\" content=\"article\" \/>\n<meta property=\"og:title\" content=\"Vad \u00c4r Rotary? - Kokkolan Rotaryklubit\" \/>\n<meta property=\"og:description\" content=\"Vad \u00e4r Rotary?Vad \u00e4r Rotary?Rotary \u00e4r en global tj\u00e4nsteorganisation som bygger p\u00e5 fyra grundl\u00e4ggande principer: V\u00e4nskap: Rotary uppmuntrar m\u00e4nniskor att skapa varaktiga v\u00e4nskapsrelationer och kulturell f\u00f6rst\u00e5else \u00f6ver hela v\u00e4rlden. Yrkesutveckling: Organisationen str\u00e4var efter att fr\u00e4mja yrkesm\u00e4ssig och etisk tillv\u00e4xt bland sina medlemmar, vilket positivt p\u00e5verkar arbetslivet. Tj\u00e4nst: Rotarys centrala m\u00e5l \u00e4r att genomf\u00f6ra tj\u00e4nsteprojekt b\u00e5de [&hellip;]\" \/>\n<meta property=\"og:url\" content=\"https:\/\/rotary.fi\/kokkola\/sv\/vad-ar-rotary\/\" \/>\n<meta property=\"og:site_name\" content=\"Kokkolan Rotaryklubit\" \/>\n<meta property=\"article:modified_time\" content=\"2023-10-29T16:46:02+00:00\" \/>\n<meta name=\"twitter:card\" content=\"summary_large_image\" \/>\n<meta name=\"twitter:label1\" content=\"Arvioitu lukuaika\" \/>\n\t<meta name=\"twitter:data1\" content=\"2 minuuttia\" \/>\n<script type=\"application\/ld+json\" class=\"yoast-schema-graph\">{\"@context\":\"https:\\\/\\\/schema.org\",\"@graph\":[{\"@type\":\"WebPage\",\"@id\":\"https:\\\/\\\/rotary.fi\\\/kokkola\\\/sv\\\/vad-ar-rotary\\\/\",\"url\":\"https:\\\/\\\/rotary.fi\\\/kokkola\\\/sv\\\/vad-ar-rotary\\\/\",\"name\":\"Vad \u00c4r Rotary? - Kokkolan Rotaryklubit\",\"isPartOf\":{\"@id\":\"https:\\\/\\\/rotary.fi\\\/kokkola\\\/#website\"},\"datePublished\":\"2019-03-19T13:22:36+00:00\",\"dateModified\":\"2023-10-29T16:46:02+00:00\",\"breadcrumb\":{\"@id\":\"https:\\\/\\\/rotary.fi\\\/kokkola\\\/sv\\\/vad-ar-rotary\\\/#breadcrumb\"},\"inLanguage\":\"fi\",\"potentialAction\":[{\"@type\":\"ReadAction\",\"target\":[\"https:\\\/\\\/rotary.fi\\\/kokkola\\\/sv\\\/vad-ar-rotary\\\/\"]}]},{\"@type\":\"BreadcrumbList\",\"@id\":\"https:\\\/\\\/rotary.fi\\\/kokkola\\\/sv\\\/vad-ar-rotary\\\/#breadcrumb\",\"itemListElement\":[{\"@type\":\"ListItem\",\"position\":1,\"name\":\"Home\",\"item\":\"https:\\\/\\\/rotary.fi\\\/kokkola\\\/\"},{\"@type\":\"ListItem\",\"position\":2,\"name\":\"Vad \u00c4r Rotary?\"}]},{\"@type\":\"WebSite\",\"@id\":\"https:\\\/\\\/rotary.fi\\\/kokkola\\\/#website\",\"url\":\"https:\\\/\\\/rotary.fi\\\/kokkola\\\/\",\"name\":\"Kokkolan Rotaryklubit\",\"description\":\"Kokkola-Hakalax\",\"publisher\":{\"@id\":\"https:\\\/\\\/rotary.fi\\\/kokkola\\\/#organization\"},\"potentialAction\":[{\"@type\":\"SearchAction\",\"target\":{\"@type\":\"EntryPoint\",\"urlTemplate\":\"https:\\\/\\\/rotary.fi\\\/kokkola\\\/?s={search_term_string}\"},\"query-input\":{\"@type\":\"PropertyValueSpecification\",\"valueRequired\":true,\"valueName\":\"search_term_string\"}}],\"inLanguage\":\"fi\"},{\"@type\":\"Organization\",\"@id\":\"https:\\\/\\\/rotary.fi\\\/kokkola\\\/#organization\",\"name\":\"Kokkolan Rotaryklubit\",\"url\":\"https:\\\/\\\/rotary.fi\\\/kokkola\\\/\",\"logo\":{\"@type\":\"ImageObject\",\"inLanguage\":\"fi\",\"@id\":\"https:\\\/\\\/rotary.fi\\\/kokkola\\\/#\\\/schema\\\/logo\\\/image\\\/\",\"url\":\"https:\\\/\\\/rotary.fi\\\/kokkolahakalax\\\/wp-content\\\/uploads\\\/sites\\\/244\\\/2018\\\/08\\\/rotary-logo-main-2.png\",\"contentUrl\":\"https:\\\/\\\/rotary.fi\\\/kokkolahakalax\\\/wp-content\\\/uploads\\\/sites\\\/244\\\/2018\\\/08\\\/rotary-logo-main-2.png\",\"width\":135,\"height\":52,\"caption\":\"Kokkolan Rotaryklubit\"},\"image\":{\"@id\":\"https:\\\/\\\/rotary.fi\\\/kokkola\\\/#\\\/schema\\\/logo\\\/image\\\/\"}}]}<\/script>\n<!-- \/ Yoast SEO plugin. -->","yoast_head_json":{"title":"Vad \u00c4r Rotary? - Kokkolan Rotaryklubit","robots":{"index":"index","follow":"follow","max-snippet":"max-snippet:-1","max-image-preview":"max-image-preview:large","max-video-preview":"max-video-preview:-1"},"canonical":"https:\/\/rotary.fi\/kokkola\/sv\/vad-ar-rotary\/","og_locale":"fi_FI","og_type":"article","og_title":"Vad \u00c4r Rotary? - Kokkolan Rotaryklubit","og_description":"Vad \u00e4r Rotary?Vad \u00e4r Rotary?Rotary \u00e4r en global tj\u00e4nsteorganisation som bygger p\u00e5 fyra grundl\u00e4ggande principer: V\u00e4nskap: Rotary uppmuntrar m\u00e4nniskor att skapa varaktiga v\u00e4nskapsrelationer och kulturell f\u00f6rst\u00e5else \u00f6ver hela v\u00e4rlden. Yrkesutveckling: Organisationen str\u00e4var efter att fr\u00e4mja yrkesm\u00e4ssig och etisk tillv\u00e4xt bland sina medlemmar, vilket positivt p\u00e5verkar arbetslivet. Tj\u00e4nst: Rotarys centrala m\u00e5l \u00e4r att genomf\u00f6ra tj\u00e4nsteprojekt b\u00e5de [&hellip;]","og_url":"https:\/\/rotary.fi\/kokkola\/sv\/vad-ar-rotary\/","og_site_name":"Kokkolan Rotaryklubit","article_modified_time":"2023-10-29T16:46:02+00:00","twitter_card":"summary_large_image","twitter_misc":{"Arvioitu lukuaika":"2 minuuttia"},"schema":{"@context":"https:\/\/schema.org","@graph":[{"@type":"WebPage","@id":"https:\/\/rotary.fi\/kokkola\/sv\/vad-ar-rotary\/","url":"https:\/\/rotary.fi\/kokkola\/sv\/vad-ar-rotary\/","name":"Vad \u00c4r Rotary? - Kokkolan Rotaryklubit","isPartOf":{"@id":"https:\/\/rotary.fi\/kokkola\/#website"},"datePublished":"2019-03-19T13:22:36+00:00","dateModified":"2023-10-29T16:46:02+00:00","breadcrumb":{"@id":"https:\/\/rotary.fi\/kokkola\/sv\/vad-ar-rotary\/#breadcrumb"},"inLanguage":"fi","potentialAction":[{"@type":"ReadAction","target":["https:\/\/rotary.fi\/kokkola\/sv\/vad-ar-rotary\/"]}]},{"@type":"BreadcrumbList","@id":"https:\/\/rotary.fi\/kokkola\/sv\/vad-ar-rotary\/#breadcrumb","itemListElement":[{"@type":"ListItem","position":1,"name":"Home","item":"https:\/\/rotary.fi\/kokkola\/"},{"@type":"ListItem","position":2,"name":"Vad \u00c4r Rotary?"}]},{"@type":"WebSite","@id":"https:\/\/rotary.fi\/kokkola\/#website","url":"https:\/\/rotary.fi\/kokkola\/","name":"Kokkolan Rotaryklubit","description":"Kokkola-Hakalax","publisher":{"@id":"https:\/\/rotary.fi\/kokkola\/#organization"},"potentialAction":[{"@type":"SearchAction","target":{"@type":"EntryPoint","urlTemplate":"https:\/\/rotary.fi\/kokkola\/?s={search_term_string}"},"query-input":{"@type":"PropertyValueSpecification","valueRequired":true,"valueName":"search_term_string"}}],"inLanguage":"fi"},{"@type":"Organization","@id":"https:\/\/rotary.fi\/kokkola\/#organization","name":"Kokkolan Rotaryklubit","url":"https:\/\/rotary.fi\/kokkola\/","logo":{"@type":"ImageObject","inLanguage":"fi","@id":"https:\/\/rotary.fi\/kokkola\/#\/schema\/logo\/image\/","url":"https:\/\/rotary.fi\/kokkolahakalax\/wp-content\/uploads\/sites\/244\/2018\/08\/rotary-logo-main-2.png","contentUrl":"https:\/\/rotary.fi\/kokkolahakalax\/wp-content\/uploads\/sites\/244\/2018\/08\/rotary-logo-main-2.png","width":135,"height":52,"caption":"Kokkolan Rotaryklubit"},"image":{"@id":"https:\/\/rotary.fi\/kokkola\/#\/schema\/logo\/image\/"}}]}},"lang":"sv","translations":{"sv":1602,"en":1447,"fi":77},"pll_sync_post":[],"_links":{"self":[{"href":"https:\/\/rotary.fi\/kokkola\/wp-json\/wp\/v2\/pages\/1602","targetHints":{"allow":["GET"]}}],"collection":[{"href":"https:\/\/rotary.fi\/kokkola\/wp-json\/wp\/v2\/pages"}],"about":[{"href":"https:\/\/rotary.fi\/kokkola\/wp-json\/wp\/v2\/types\/page"}],"author":[{"embeddable":true,"href":"https:\/\/rotary.fi\/kokkola\/wp-json\/wp\/v2\/users\/1"}],"replies":[{"embeddable":true,"href":"https:\/\/rotary.fi\/kokkola\/wp-json\/wp\/v2\/comments?post=1602"}],"version-history":[{"count":4,"href":"https:\/\/rotary.fi\/kokkola\/wp-json\/wp\/v2\/pages\/1602\/revisions"}],"predecessor-version":[{"id":1934,"href":"https:\/\/rotary.fi\/kokkola\/wp-json\/wp\/v2\/pages\/1602\/revisions\/1934"}],"wp:attachment":[{"href":"https:\/\/rotary.fi\/kokkola\/wp-json\/wp\/v2\/media?parent=1602"}],"curies":[{"name":"wp","href":"https:\/\/api.w.org\/{rel}","templated":true}]}}