{"id":1565,"date":"2019-03-19T14:04:50","date_gmt":"2019-03-19T12:04:50","guid":{"rendered":"https:\/\/rotary.fi\/kokkolahakalax\/?page_id=1565"},"modified":"2025-06-25T10:31:03","modified_gmt":"2025-06-25T07:31:03","slug":"karlebys-klubbar","status":"publish","type":"page","link":"https:\/\/rotary.fi\/kokkola\/sv\/karlebys-klubbar\/","title":{"rendered":"Karlebys Klubbar"},"content":{"rendered":"<p>[et_pb_section fb_built=&#8221;1&#8243; module_class=&#8221;jumbotron-page&#8221; _builder_version=&#8221;4.22.1&#8243; background_image=&#8221;https:\/\/rotary.fi\/kokkola\/wp-content\/uploads\/sites\/244\/2023\/11\/sunti-ja-puuvene-1-2.jpg&#8221; global_colors_info=&#8221;{}&#8221;][et_pb_row _builder_version=&#8221;4.16&#8243; background_size=&#8221;initial&#8221; background_position=&#8221;top_left&#8221; background_repeat=&#8221;repeat&#8221; global_colors_info=&#8221;{}&#8221;][et_pb_column type=&#8221;4_4&#8243; _builder_version=&#8221;4.16&#8243; custom_padding=&#8221;|||&#8221; global_colors_info=&#8221;{}&#8221; custom_padding__hover=&#8221;|||&#8221;][et_pb_text admin_label=&#8221;Main \/\/ Vem \u00e4r vi&#8221; _builder_version=&#8221;4.16&#8243; text_orientation=&#8221;center&#8221; background_layout=&#8221;dark&#8221; global_colors_info=&#8221;{}&#8221;]<\/p>\n<h1>Rotaryklubben i Karleby<\/h1>\n<p>[\/et_pb_text][\/et_pb_column][\/et_pb_row][\/et_pb_section][et_pb_section fb_built=&#8221;1&#8243; specialty=&#8221;on&#8221; module_class_2=&#8221;sivupalkki&#8221; _builder_version=&#8221;4.16&#8243; global_colors_info=&#8221;{}&#8221;][et_pb_column type=&#8221;2_3&#8243; specialty_columns=&#8221;2&#8243; _builder_version=&#8221;4.16&#8243; custom_padding=&#8221;|||&#8221; global_colors_info=&#8221;{}&#8221; custom_padding__hover=&#8221;|||&#8221;][et_pb_row_inner admin_label=&#8221;Rivi&#8221; _builder_version=&#8221;4.16&#8243; custom_margin=&#8221;|||1px||&#8221; global_colors_info=&#8221;{}&#8221;][et_pb_column_inner saved_specialty_column_type=&#8221;2_3&#8243; _builder_version=&#8221;4.16&#8243; custom_padding=&#8221;|||&#8221; global_colors_info=&#8221;{}&#8221; custom_padding__hover=&#8221;|||&#8221;][et_pb_text admin_label=&#8221;Vem \u00e4r vi &#8211; rubrik&#8221; _builder_version=&#8221;4.22.1&#8243; text_orientation=&#8221;center&#8221; global_colors_info=&#8221;{}&#8221;]<\/p>\n<h1>Rotaryklubben i Karleby<\/h1>\n<p>[\/et_pb_text][et_pb_text admin_label=&#8221;Text: Vem \u00e4r vi&#8221; _builder_version=&#8221;4.16&#8243; global_colors_info=&#8221;{}&#8221;]<\/p>\n<div>\n<p><span>I Karleby finns Rotaryklubben Kokkola-Gamlakarleby. Klubben har cirka 60 medlemmar som representerar olika yrkesgrupper.<\/span><\/p>\n<p><span>Rotarys centrala verksamhetsform \u00e4r klubbm\u00f6ten, som vanligtvis h\u00e5lls en g\u00e5ng i veckan vid samma tid och plats. Rotarianerna i Karleby samlas till lunchm\u00f6te p\u00e5 m\u00e5ndagar. Fr\u00e5n h\u00f6sten till v\u00e5ren (september till maj) h\u00e5lls m\u00f6tena p\u00e5 Restaurang S\u00e4llskapsklubben kl. 11.45\u201313.00. Under juni och augusti h\u00e5lls m\u00f6tena vid samma tid p\u00e5 Sommarrestaurang Mustakari. I juli h\u00e5lls inga m\u00f6ten.<\/span><\/p>\n<p><span>F\u00f6redrag och presentationer som h\u00e5lls i samband med klubbm\u00f6ten \u00e4r en grundpelare i v\u00e5r verksamhet. Presentationerna h\u00e5lls av klubbens medlemmar eller av experter de bjuder in, och de behandlar \u00e4mnen med yrkesm\u00e4ssig relevans eller andra aktuella teman.<\/span><\/p>\n<p><span>M\u00f6tena \u00e4r \u00f6ppna f\u00f6r alla intresserade. V\u00e4lkommen att f\u00f6lja intressanta presentationer och delta i v\u00e5r verksamhet!<\/span><\/p>\n<p><span>F\u00f6rutom klubbm\u00f6ten arrangerar vi ocks\u00e5 andra aktiviteter, s\u00e5som f\u00f6retagsbes\u00f6k, f\u00f6rel\u00e4sningar och olika medlemskv\u00e4llar. Vi genomf\u00f6r \u00e4ven olika tj\u00e4nsteprojekt, varav den mest k\u00e4nda har varit en talart\u00e4vling f\u00f6r niondeklassare i Karleby.<\/span><\/p>\n<\/div>\n<p>[\/et_pb_text][\/et_pb_column_inner][\/et_pb_row_inner][\/et_pb_column][et_pb_column type=&#8221;1_3&#8243; _builder_version=&#8221;4.16&#8243; custom_padding=&#8221;|||&#8221; global_colors_info=&#8221;{}&#8221; custom_padding__hover=&#8221;|||&#8221;][et_pb_sidebar area=&#8221;sidebar-1&#8243; module_class=&#8221;sivupalkki_sisalto&#8221; _builder_version=&#8221;4.16&#8243; locked=&#8221;on&#8221; global_colors_info=&#8221;{}&#8221;]<\/p>\n<p>[\/et_pb_sidebar][\/et_pb_column][\/et_pb_section]<\/p>\n","protected":false},"excerpt":{"rendered":"<p>Rotaryklubben i KarlebyRotaryklubben i Karleby I Karleby finns Rotaryklubben Kokkola-Gamlakarleby. Klubben har cirka 60 medlemmar som representerar olika yrkesgrupper. Rotarys centrala verksamhetsform \u00e4r klubbm\u00f6ten, som vanligtvis h\u00e5lls en g\u00e5ng i veckan vid samma tid och plats. Rotarianerna i Karleby samlas till lunchm\u00f6te p\u00e5 m\u00e5ndagar. Fr\u00e5n h\u00f6sten till v\u00e5ren (september till maj) h\u00e5lls m\u00f6tena p\u00e5 Restaurang [&hellip;]<\/p>\n","protected":false},"author":1,"featured_media":0,"parent":0,"menu_order":1,"comment_status":"closed","ping_status":"closed","template":"","meta":{"_acf_changed":false,"_et_pb_use_builder":"on","_et_pb_old_content":"","_et_gb_content_width":"","footnotes":""},"class_list":["post-1565","page","type-page","status-publish","hentry"],"acf":[],"yoast_head":"<!-- This site is optimized with the Yoast SEO plugin v27.4 - https:\/\/yoast.com\/product\/yoast-seo-wordpress\/ -->\n<title>Karlebys Klubbar - Kokkolan Rotaryklubit<\/title>\n<meta name=\"robots\" content=\"index, follow, max-snippet:-1, max-image-preview:large, max-video-preview:-1\" \/>\n<link rel=\"canonical\" href=\"https:\/\/rotary.fi\/kokkola\/sv\/karlebys-klubbar\/\" \/>\n<meta property=\"og:locale\" content=\"fi_FI\" \/>\n<meta property=\"og:type\" content=\"article\" \/>\n<meta property=\"og:title\" content=\"Karlebys Klubbar - Kokkolan Rotaryklubit\" \/>\n<meta property=\"og:description\" content=\"Rotaryklubben i KarlebyRotaryklubben i Karleby I Karleby finns Rotaryklubben Kokkola-Gamlakarleby. Klubben har cirka 60 medlemmar som representerar olika yrkesgrupper. Rotarys centrala verksamhetsform \u00e4r klubbm\u00f6ten, som vanligtvis h\u00e5lls en g\u00e5ng i veckan vid samma tid och plats. Rotarianerna i Karleby samlas till lunchm\u00f6te p\u00e5 m\u00e5ndagar. Fr\u00e5n h\u00f6sten till v\u00e5ren (september till maj) h\u00e5lls m\u00f6tena p\u00e5 Restaurang [&hellip;]\" \/>\n<meta property=\"og:url\" content=\"https:\/\/rotary.fi\/kokkola\/sv\/karlebys-klubbar\/\" \/>\n<meta property=\"og:site_name\" content=\"Kokkolan Rotaryklubit\" \/>\n<meta property=\"article:modified_time\" content=\"2025-06-25T07:31:03+00:00\" \/>\n<meta name=\"twitter:card\" content=\"summary_large_image\" \/>\n<meta name=\"twitter:label1\" content=\"Arvioitu lukuaika\" \/>\n\t<meta name=\"twitter:data1\" content=\"3 minuuttia\" \/>\n<script type=\"application\/ld+json\" class=\"yoast-schema-graph\">{\"@context\":\"https:\\\/\\\/schema.org\",\"@graph\":[{\"@type\":\"WebPage\",\"@id\":\"https:\\\/\\\/rotary.fi\\\/kokkola\\\/sv\\\/karlebys-klubbar\\\/\",\"url\":\"https:\\\/\\\/rotary.fi\\\/kokkola\\\/sv\\\/karlebys-klubbar\\\/\",\"name\":\"Karlebys Klubbar - Kokkolan Rotaryklubit\",\"isPartOf\":{\"@id\":\"https:\\\/\\\/rotary.fi\\\/kokkola\\\/#website\"},\"datePublished\":\"2019-03-19T12:04:50+00:00\",\"dateModified\":\"2025-06-25T07:31:03+00:00\",\"breadcrumb\":{\"@id\":\"https:\\\/\\\/rotary.fi\\\/kokkola\\\/sv\\\/karlebys-klubbar\\\/#breadcrumb\"},\"inLanguage\":\"fi\",\"potentialAction\":[{\"@type\":\"ReadAction\",\"target\":[\"https:\\\/\\\/rotary.fi\\\/kokkola\\\/sv\\\/karlebys-klubbar\\\/\"]}]},{\"@type\":\"BreadcrumbList\",\"@id\":\"https:\\\/\\\/rotary.fi\\\/kokkola\\\/sv\\\/karlebys-klubbar\\\/#breadcrumb\",\"itemListElement\":[{\"@type\":\"ListItem\",\"position\":1,\"name\":\"Home\",\"item\":\"https:\\\/\\\/rotary.fi\\\/kokkola\\\/\"},{\"@type\":\"ListItem\",\"position\":2,\"name\":\"Karlebys Klubbar\"}]},{\"@type\":\"WebSite\",\"@id\":\"https:\\\/\\\/rotary.fi\\\/kokkola\\\/#website\",\"url\":\"https:\\\/\\\/rotary.fi\\\/kokkola\\\/\",\"name\":\"Kokkolan Rotaryklubit\",\"description\":\"Kokkola-Hakalax\",\"publisher\":{\"@id\":\"https:\\\/\\\/rotary.fi\\\/kokkola\\\/#organization\"},\"potentialAction\":[{\"@type\":\"SearchAction\",\"target\":{\"@type\":\"EntryPoint\",\"urlTemplate\":\"https:\\\/\\\/rotary.fi\\\/kokkola\\\/?s={search_term_string}\"},\"query-input\":{\"@type\":\"PropertyValueSpecification\",\"valueRequired\":true,\"valueName\":\"search_term_string\"}}],\"inLanguage\":\"fi\"},{\"@type\":\"Organization\",\"@id\":\"https:\\\/\\\/rotary.fi\\\/kokkola\\\/#organization\",\"name\":\"Kokkolan Rotaryklubit\",\"url\":\"https:\\\/\\\/rotary.fi\\\/kokkola\\\/\",\"logo\":{\"@type\":\"ImageObject\",\"inLanguage\":\"fi\",\"@id\":\"https:\\\/\\\/rotary.fi\\\/kokkola\\\/#\\\/schema\\\/logo\\\/image\\\/\",\"url\":\"https:\\\/\\\/rotary.fi\\\/kokkolahakalax\\\/wp-content\\\/uploads\\\/sites\\\/244\\\/2018\\\/08\\\/rotary-logo-main-2.png\",\"contentUrl\":\"https:\\\/\\\/rotary.fi\\\/kokkolahakalax\\\/wp-content\\\/uploads\\\/sites\\\/244\\\/2018\\\/08\\\/rotary-logo-main-2.png\",\"width\":135,\"height\":52,\"caption\":\"Kokkolan Rotaryklubit\"},\"image\":{\"@id\":\"https:\\\/\\\/rotary.fi\\\/kokkola\\\/#\\\/schema\\\/logo\\\/image\\\/\"}}]}<\/script>\n<!-- \/ Yoast SEO plugin. -->","yoast_head_json":{"title":"Karlebys Klubbar - Kokkolan Rotaryklubit","robots":{"index":"index","follow":"follow","max-snippet":"max-snippet:-1","max-image-preview":"max-image-preview:large","max-video-preview":"max-video-preview:-1"},"canonical":"https:\/\/rotary.fi\/kokkola\/sv\/karlebys-klubbar\/","og_locale":"fi_FI","og_type":"article","og_title":"Karlebys Klubbar - Kokkolan Rotaryklubit","og_description":"Rotaryklubben i KarlebyRotaryklubben i Karleby I Karleby finns Rotaryklubben Kokkola-Gamlakarleby. Klubben har cirka 60 medlemmar som representerar olika yrkesgrupper. Rotarys centrala verksamhetsform \u00e4r klubbm\u00f6ten, som vanligtvis h\u00e5lls en g\u00e5ng i veckan vid samma tid och plats. Rotarianerna i Karleby samlas till lunchm\u00f6te p\u00e5 m\u00e5ndagar. Fr\u00e5n h\u00f6sten till v\u00e5ren (september till maj) h\u00e5lls m\u00f6tena p\u00e5 Restaurang [&hellip;]","og_url":"https:\/\/rotary.fi\/kokkola\/sv\/karlebys-klubbar\/","og_site_name":"Kokkolan Rotaryklubit","article_modified_time":"2025-06-25T07:31:03+00:00","twitter_card":"summary_large_image","twitter_misc":{"Arvioitu lukuaika":"3 minuuttia"},"schema":{"@context":"https:\/\/schema.org","@graph":[{"@type":"WebPage","@id":"https:\/\/rotary.fi\/kokkola\/sv\/karlebys-klubbar\/","url":"https:\/\/rotary.fi\/kokkola\/sv\/karlebys-klubbar\/","name":"Karlebys Klubbar - Kokkolan Rotaryklubit","isPartOf":{"@id":"https:\/\/rotary.fi\/kokkola\/#website"},"datePublished":"2019-03-19T12:04:50+00:00","dateModified":"2025-06-25T07:31:03+00:00","breadcrumb":{"@id":"https:\/\/rotary.fi\/kokkola\/sv\/karlebys-klubbar\/#breadcrumb"},"inLanguage":"fi","potentialAction":[{"@type":"ReadAction","target":["https:\/\/rotary.fi\/kokkola\/sv\/karlebys-klubbar\/"]}]},{"@type":"BreadcrumbList","@id":"https:\/\/rotary.fi\/kokkola\/sv\/karlebys-klubbar\/#breadcrumb","itemListElement":[{"@type":"ListItem","position":1,"name":"Home","item":"https:\/\/rotary.fi\/kokkola\/"},{"@type":"ListItem","position":2,"name":"Karlebys Klubbar"}]},{"@type":"WebSite","@id":"https:\/\/rotary.fi\/kokkola\/#website","url":"https:\/\/rotary.fi\/kokkola\/","name":"Kokkolan Rotaryklubit","description":"Kokkola-Hakalax","publisher":{"@id":"https:\/\/rotary.fi\/kokkola\/#organization"},"potentialAction":[{"@type":"SearchAction","target":{"@type":"EntryPoint","urlTemplate":"https:\/\/rotary.fi\/kokkola\/?s={search_term_string}"},"query-input":{"@type":"PropertyValueSpecification","valueRequired":true,"valueName":"search_term_string"}}],"inLanguage":"fi"},{"@type":"Organization","@id":"https:\/\/rotary.fi\/kokkola\/#organization","name":"Kokkolan Rotaryklubit","url":"https:\/\/rotary.fi\/kokkola\/","logo":{"@type":"ImageObject","inLanguage":"fi","@id":"https:\/\/rotary.fi\/kokkola\/#\/schema\/logo\/image\/","url":"https:\/\/rotary.fi\/kokkolahakalax\/wp-content\/uploads\/sites\/244\/2018\/08\/rotary-logo-main-2.png","contentUrl":"https:\/\/rotary.fi\/kokkolahakalax\/wp-content\/uploads\/sites\/244\/2018\/08\/rotary-logo-main-2.png","width":135,"height":52,"caption":"Kokkolan Rotaryklubit"},"image":{"@id":"https:\/\/rotary.fi\/kokkola\/#\/schema\/logo\/image\/"}}]}},"lang":"sv","translations":{"sv":1565,"en":1424},"pll_sync_post":[],"_links":{"self":[{"href":"https:\/\/rotary.fi\/kokkola\/wp-json\/wp\/v2\/pages\/1565","targetHints":{"allow":["GET"]}}],"collection":[{"href":"https:\/\/rotary.fi\/kokkola\/wp-json\/wp\/v2\/pages"}],"about":[{"href":"https:\/\/rotary.fi\/kokkola\/wp-json\/wp\/v2\/types\/page"}],"author":[{"embeddable":true,"href":"https:\/\/rotary.fi\/kokkola\/wp-json\/wp\/v2\/users\/1"}],"replies":[{"embeddable":true,"href":"https:\/\/rotary.fi\/kokkola\/wp-json\/wp\/v2\/comments?post=1565"}],"version-history":[{"count":9,"href":"https:\/\/rotary.fi\/kokkola\/wp-json\/wp\/v2\/pages\/1565\/revisions"}],"predecessor-version":[{"id":2093,"href":"https:\/\/rotary.fi\/kokkola\/wp-json\/wp\/v2\/pages\/1565\/revisions\/2093"}],"wp:attachment":[{"href":"https:\/\/rotary.fi\/kokkola\/wp-json\/wp\/v2\/media?parent=1565"}],"curies":[{"name":"wp","href":"https:\/\/api.w.org\/{rel}","templated":true}]}}