{"id":129,"date":"2018-08-10T13:41:39","date_gmt":"2018-08-10T10:41:39","guid":{"rendered":"https:\/\/rotary.fi\/klubi2\/?page_id=129"},"modified":"2025-06-25T10:45:11","modified_gmt":"2025-06-25T07:45:11","slug":"kokkolan-klubit","status":"publish","type":"page","link":"https:\/\/rotary.fi\/kokkola\/kokkolan-klubit\/","title":{"rendered":"Kokkolan Klubit"},"content":{"rendered":"<p>[et_pb_section fb_built=&#8221;1&#8243; module_class=&#8221;jumbotron-page&#8221; _builder_version=&#8221;4.22.1&#8243; background_image=&#8221;https:\/\/rotary.fi\/kokkola\/wp-content\/uploads\/sites\/244\/2023\/11\/sunti-ja-puuvene-1-1.jpg&#8221; global_colors_info=&#8221;{}&#8221;][et_pb_row _builder_version=&#8221;4.16&#8243; background_size=&#8221;initial&#8221; background_position=&#8221;top_left&#8221; background_repeat=&#8221;repeat&#8221; global_colors_info=&#8221;{}&#8221;][et_pb_column type=&#8221;4_4&#8243; _builder_version=&#8221;4.16&#8243; custom_padding=&#8221;|||&#8221; global_colors_info=&#8221;{}&#8221; custom_padding__hover=&#8221;|||&#8221;][et_pb_text admin_label=&#8221;P\u00e4\u00e4otsikko&#8221; _builder_version=&#8221;4.16&#8243; text_orientation=&#8221;center&#8221; background_layout=&#8221;dark&#8221; global_colors_info=&#8221;{}&#8221;]<\/p>\n<h1>Kokkolan Rotaryklubi<\/h1>\n<p>[\/et_pb_text][\/et_pb_column][\/et_pb_row][\/et_pb_section][et_pb_section fb_built=&#8221;1&#8243; specialty=&#8221;on&#8221; module_class_2=&#8221;sivupalkki&#8221; _builder_version=&#8221;4.16&#8243; global_colors_info=&#8221;{}&#8221;][et_pb_column type=&#8221;2_3&#8243; specialty_columns=&#8221;2&#8243; _builder_version=&#8221;4.16&#8243; custom_padding=&#8221;|||&#8221; global_colors_info=&#8221;{}&#8221; custom_padding__hover=&#8221;|||&#8221;][et_pb_row_inner admin_label=&#8221;Rivi&#8221; _builder_version=&#8221;4.16&#8243; global_colors_info=&#8221;{}&#8221;][et_pb_column_inner saved_specialty_column_type=&#8221;2_3&#8243; _builder_version=&#8221;4.16&#8243; custom_padding=&#8221;|||&#8221; global_colors_info=&#8221;{}&#8221; custom_padding__hover=&#8221;|||&#8221;][et_pb_text admin_label=&#8221;Otsikko&#8221; _builder_version=&#8221;4.22.1&#8243; text_orientation=&#8221;center&#8221; global_colors_info=&#8221;{}&#8221;]<\/p>\n<h1>Kokkola-Gamlakarleby<\/h1>\n<p>[\/et_pb_text][et_pb_text _builder_version=&#8221;4.16&#8243; custom_padding=&#8221;31px|||||&#8221; global_colors_info=&#8221;{}&#8221;]<\/p>\n<p>Kokkolassa toimii yksi aktiviinen Rotaryklubi: Kokkola-Gamlakarlebyn Rotaryklubi.<\/p>\n<p><span style=\"font-size: 16px\">\u00a0J\u00e4seni\u00e4 klubissamme \u00a0on noin 60.\u00a0<\/span><\/p>\n<div>\n<p><span>Rotaryn keskeisin toimintamuoto on klubikokous, jotka pidet\u00e4\u00e4n yleens\u00e4 kerran viikossa samaan aikaan ja samassa paikassa. <\/span><\/p>\n<\/div>\n<div>\n<p><span>\u00a0<\/span><\/p>\n<\/div>\n<div>\n<p><span>Kokkolan rotarit kokoontuvat yhteiseen lounaskokoukseen maanantaisin. Syksyst\u00e4 kev\u00e4\u00e4seen (syyskuu-toukokuu) kokoukset pidet\u00e4\u00e4n Ravintola S\u00e4lskapsklubbenilla klo 11.45-13.00. Kes\u00e4- ja elokuussa kokoukset pidet\u00e4\u00e4n samaan aikaan Kes\u00e4ravintola Mustakarilla. Hein\u00e4kuussa kokouksia ei j\u00e4rjestet\u00e4. <\/span><\/p>\n<\/div>\n<div>\n<p><span>\u00a0<\/span><\/p>\n<\/div>\n<div>\n<p><span>Klubikokouksen yhteydess\u00e4 pidett\u00e4v\u00e4t esitelm\u00e4t ja alustukset ovat yksi toimintamme perusta. Esitelmi\u00e4 pit\u00e4v\u00e4t klubin j\u00e4senet tai heid\u00e4n kutsumansa asiantuntijat ammatillisista n\u00e4k\u00f6kulmista tai muuten ajankohtaisista aiheista.<\/span><\/p>\n<\/div>\n<div>\n<p><span>\u00a0<\/span><\/p>\n<\/div>\n<div>\n<p><b><span>Kokoukset ovat kaikille avoimia tilaisuuksia. Tervetuloa seuraamaan mielenkiintoisia esitelmi\u00e4 ja osallistumaan toimintaamme! <\/span><\/b><\/p>\n<\/div>\n<div>\n<p><span>\u00a0<\/span><\/p>\n<\/div>\n<div>\n<p><span>Klubikokousten lis\u00e4ksi j\u00e4rjest\u00e4mme muutakin ohjelmaa, kuten yritysvierailuja, luentoja tai erilaisia j\u00e4seniltoja. <\/span><\/p>\n<\/div>\n<div>\n<p><span>\u00a0<\/span><\/p>\n<\/div>\n<div>\n<p><span>J\u00e4rjest\u00e4mme my\u00f6s erilaisia palveluprojekteja, joista tunnetuin on ollut Kokkolan ysiluokkalaisille j\u00e4rjestetty puhetaitokilpailu. <\/span><\/p>\n<\/div>\n<p>&nbsp;<\/p>\n<p>[\/et_pb_text][\/et_pb_column_inner][\/et_pb_row_inner][\/et_pb_column][et_pb_column type=&#8221;1_3&#8243; _builder_version=&#8221;4.16&#8243; custom_padding=&#8221;|||&#8221; global_colors_info=&#8221;{}&#8221; custom_padding__hover=&#8221;|||&#8221;][et_pb_sidebar area=&#8221;sidebar-1&#8243; module_class=&#8221;sivupalkki_sisalto&#8221; _builder_version=&#8221;4.16&#8243; locked=&#8221;on&#8221; global_colors_info=&#8221;{}&#8221;][\/et_pb_sidebar][\/et_pb_column][\/et_pb_section]<\/p>\n","protected":false},"excerpt":{"rendered":"<p>Kokkolan RotaryklubiKokkola-GamlakarlebyKokkolassa toimii yksi aktiviinen Rotaryklubi: Kokkola-Gamlakarlebyn Rotaryklubi. \u00a0J\u00e4seni\u00e4 klubissamme \u00a0on noin 60.\u00a0 Rotaryn keskeisin toimintamuoto on klubikokous, jotka pidet\u00e4\u00e4n yleens\u00e4 kerran viikossa samaan aikaan ja samassa paikassa. \u00a0 Kokkolan rotarit kokoontuvat yhteiseen lounaskokoukseen maanantaisin. Syksyst\u00e4 kev\u00e4\u00e4seen (syyskuu-toukokuu) kokoukset pidet\u00e4\u00e4n Ravintola S\u00e4lskapsklubbenilla klo 11.45-13.00. Kes\u00e4- ja elokuussa kokoukset pidet\u00e4\u00e4n samaan aikaan Kes\u00e4ravintola Mustakarilla. Hein\u00e4kuussa kokouksia [&hellip;]<\/p>\n","protected":false},"author":1,"featured_media":0,"parent":0,"menu_order":1,"comment_status":"closed","ping_status":"closed","template":"","meta":{"_acf_changed":false,"_et_pb_use_builder":"on","_et_pb_old_content":"","_et_gb_content_width":"","footnotes":""},"class_list":["post-129","page","type-page","status-publish","hentry"],"acf":[],"yoast_head":"<!-- This site is optimized with the Yoast SEO plugin v27.4 - https:\/\/yoast.com\/product\/yoast-seo-wordpress\/ -->\n<title>Kokkolan Klubit - Kokkolan Rotaryklubit<\/title>\n<meta name=\"robots\" content=\"index, follow, max-snippet:-1, max-image-preview:large, max-video-preview:-1\" \/>\n<link rel=\"canonical\" href=\"https:\/\/rotary.fi\/kokkola\/kokkolan-klubit\/\" \/>\n<meta property=\"og:locale\" content=\"fi_FI\" \/>\n<meta property=\"og:type\" content=\"article\" \/>\n<meta property=\"og:title\" content=\"Kokkolan Klubit - Kokkolan Rotaryklubit\" \/>\n<meta property=\"og:description\" content=\"Kokkolan RotaryklubiKokkola-GamlakarlebyKokkolassa toimii yksi aktiviinen Rotaryklubi: Kokkola-Gamlakarlebyn Rotaryklubi. \u00a0J\u00e4seni\u00e4 klubissamme \u00a0on noin 60.\u00a0 Rotaryn keskeisin toimintamuoto on klubikokous, jotka pidet\u00e4\u00e4n yleens\u00e4 kerran viikossa samaan aikaan ja samassa paikassa. \u00a0 Kokkolan rotarit kokoontuvat yhteiseen lounaskokoukseen maanantaisin. Syksyst\u00e4 kev\u00e4\u00e4seen (syyskuu-toukokuu) kokoukset pidet\u00e4\u00e4n Ravintola S\u00e4lskapsklubbenilla klo 11.45-13.00. Kes\u00e4- ja elokuussa kokoukset pidet\u00e4\u00e4n samaan aikaan Kes\u00e4ravintola Mustakarilla. Hein\u00e4kuussa kokouksia [&hellip;]\" \/>\n<meta property=\"og:url\" content=\"https:\/\/rotary.fi\/kokkola\/kokkolan-klubit\/\" \/>\n<meta property=\"og:site_name\" content=\"Kokkolan Rotaryklubit\" \/>\n<meta property=\"article:modified_time\" content=\"2025-06-25T07:45:11+00:00\" \/>\n<meta name=\"twitter:card\" content=\"summary_large_image\" \/>\n<script type=\"application\/ld+json\" class=\"yoast-schema-graph\">{\"@context\":\"https:\\\/\\\/schema.org\",\"@graph\":[{\"@type\":\"WebPage\",\"@id\":\"https:\\\/\\\/rotary.fi\\\/kokkola\\\/kokkolan-klubit\\\/\",\"url\":\"https:\\\/\\\/rotary.fi\\\/kokkola\\\/kokkolan-klubit\\\/\",\"name\":\"Kokkolan Klubit - Kokkolan Rotaryklubit\",\"isPartOf\":{\"@id\":\"https:\\\/\\\/rotary.fi\\\/kokkola\\\/#website\"},\"datePublished\":\"2018-08-10T10:41:39+00:00\",\"dateModified\":\"2025-06-25T07:45:11+00:00\",\"breadcrumb\":{\"@id\":\"https:\\\/\\\/rotary.fi\\\/kokkola\\\/kokkolan-klubit\\\/#breadcrumb\"},\"inLanguage\":\"fi\",\"potentialAction\":[{\"@type\":\"ReadAction\",\"target\":[\"https:\\\/\\\/rotary.fi\\\/kokkola\\\/kokkolan-klubit\\\/\"]}]},{\"@type\":\"BreadcrumbList\",\"@id\":\"https:\\\/\\\/rotary.fi\\\/kokkola\\\/kokkolan-klubit\\\/#breadcrumb\",\"itemListElement\":[{\"@type\":\"ListItem\",\"position\":1,\"name\":\"Home\",\"item\":\"https:\\\/\\\/rotary.fi\\\/kokkola\\\/\"},{\"@type\":\"ListItem\",\"position\":2,\"name\":\"Kokkolan Klubit\"}]},{\"@type\":\"WebSite\",\"@id\":\"https:\\\/\\\/rotary.fi\\\/kokkola\\\/#website\",\"url\":\"https:\\\/\\\/rotary.fi\\\/kokkola\\\/\",\"name\":\"Kokkolan Rotaryklubit\",\"description\":\"Kokkola-Hakalax\",\"publisher\":{\"@id\":\"https:\\\/\\\/rotary.fi\\\/kokkola\\\/#organization\"},\"potentialAction\":[{\"@type\":\"SearchAction\",\"target\":{\"@type\":\"EntryPoint\",\"urlTemplate\":\"https:\\\/\\\/rotary.fi\\\/kokkola\\\/?s={search_term_string}\"},\"query-input\":{\"@type\":\"PropertyValueSpecification\",\"valueRequired\":true,\"valueName\":\"search_term_string\"}}],\"inLanguage\":\"fi\"},{\"@type\":\"Organization\",\"@id\":\"https:\\\/\\\/rotary.fi\\\/kokkola\\\/#organization\",\"name\":\"Kokkolan Rotaryklubit\",\"url\":\"https:\\\/\\\/rotary.fi\\\/kokkola\\\/\",\"logo\":{\"@type\":\"ImageObject\",\"inLanguage\":\"fi\",\"@id\":\"https:\\\/\\\/rotary.fi\\\/kokkola\\\/#\\\/schema\\\/logo\\\/image\\\/\",\"url\":\"https:\\\/\\\/rotary.fi\\\/kokkolahakalax\\\/wp-content\\\/uploads\\\/sites\\\/244\\\/2018\\\/08\\\/rotary-logo-main-2.png\",\"contentUrl\":\"https:\\\/\\\/rotary.fi\\\/kokkolahakalax\\\/wp-content\\\/uploads\\\/sites\\\/244\\\/2018\\\/08\\\/rotary-logo-main-2.png\",\"width\":135,\"height\":52,\"caption\":\"Kokkolan Rotaryklubit\"},\"image\":{\"@id\":\"https:\\\/\\\/rotary.fi\\\/kokkola\\\/#\\\/schema\\\/logo\\\/image\\\/\"}}]}<\/script>\n<!-- \/ Yoast SEO plugin. -->","yoast_head_json":{"title":"Kokkolan Klubit - Kokkolan Rotaryklubit","robots":{"index":"index","follow":"follow","max-snippet":"max-snippet:-1","max-image-preview":"max-image-preview:large","max-video-preview":"max-video-preview:-1"},"canonical":"https:\/\/rotary.fi\/kokkola\/kokkolan-klubit\/","og_locale":"fi_FI","og_type":"article","og_title":"Kokkolan Klubit - Kokkolan Rotaryklubit","og_description":"Kokkolan RotaryklubiKokkola-GamlakarlebyKokkolassa toimii yksi aktiviinen Rotaryklubi: Kokkola-Gamlakarlebyn Rotaryklubi. \u00a0J\u00e4seni\u00e4 klubissamme \u00a0on noin 60.\u00a0 Rotaryn keskeisin toimintamuoto on klubikokous, jotka pidet\u00e4\u00e4n yleens\u00e4 kerran viikossa samaan aikaan ja samassa paikassa. \u00a0 Kokkolan rotarit kokoontuvat yhteiseen lounaskokoukseen maanantaisin. Syksyst\u00e4 kev\u00e4\u00e4seen (syyskuu-toukokuu) kokoukset pidet\u00e4\u00e4n Ravintola S\u00e4lskapsklubbenilla klo 11.45-13.00. Kes\u00e4- ja elokuussa kokoukset pidet\u00e4\u00e4n samaan aikaan Kes\u00e4ravintola Mustakarilla. Hein\u00e4kuussa kokouksia [&hellip;]","og_url":"https:\/\/rotary.fi\/kokkola\/kokkolan-klubit\/","og_site_name":"Kokkolan Rotaryklubit","article_modified_time":"2025-06-25T07:45:11+00:00","twitter_card":"summary_large_image","schema":{"@context":"https:\/\/schema.org","@graph":[{"@type":"WebPage","@id":"https:\/\/rotary.fi\/kokkola\/kokkolan-klubit\/","url":"https:\/\/rotary.fi\/kokkola\/kokkolan-klubit\/","name":"Kokkolan Klubit - Kokkolan Rotaryklubit","isPartOf":{"@id":"https:\/\/rotary.fi\/kokkola\/#website"},"datePublished":"2018-08-10T10:41:39+00:00","dateModified":"2025-06-25T07:45:11+00:00","breadcrumb":{"@id":"https:\/\/rotary.fi\/kokkola\/kokkolan-klubit\/#breadcrumb"},"inLanguage":"fi","potentialAction":[{"@type":"ReadAction","target":["https:\/\/rotary.fi\/kokkola\/kokkolan-klubit\/"]}]},{"@type":"BreadcrumbList","@id":"https:\/\/rotary.fi\/kokkola\/kokkolan-klubit\/#breadcrumb","itemListElement":[{"@type":"ListItem","position":1,"name":"Home","item":"https:\/\/rotary.fi\/kokkola\/"},{"@type":"ListItem","position":2,"name":"Kokkolan Klubit"}]},{"@type":"WebSite","@id":"https:\/\/rotary.fi\/kokkola\/#website","url":"https:\/\/rotary.fi\/kokkola\/","name":"Kokkolan Rotaryklubit","description":"Kokkola-Hakalax","publisher":{"@id":"https:\/\/rotary.fi\/kokkola\/#organization"},"potentialAction":[{"@type":"SearchAction","target":{"@type":"EntryPoint","urlTemplate":"https:\/\/rotary.fi\/kokkola\/?s={search_term_string}"},"query-input":{"@type":"PropertyValueSpecification","valueRequired":true,"valueName":"search_term_string"}}],"inLanguage":"fi"},{"@type":"Organization","@id":"https:\/\/rotary.fi\/kokkola\/#organization","name":"Kokkolan Rotaryklubit","url":"https:\/\/rotary.fi\/kokkola\/","logo":{"@type":"ImageObject","inLanguage":"fi","@id":"https:\/\/rotary.fi\/kokkola\/#\/schema\/logo\/image\/","url":"https:\/\/rotary.fi\/kokkolahakalax\/wp-content\/uploads\/sites\/244\/2018\/08\/rotary-logo-main-2.png","contentUrl":"https:\/\/rotary.fi\/kokkolahakalax\/wp-content\/uploads\/sites\/244\/2018\/08\/rotary-logo-main-2.png","width":135,"height":52,"caption":"Kokkolan Rotaryklubit"},"image":{"@id":"https:\/\/rotary.fi\/kokkola\/#\/schema\/logo\/image\/"}}]}},"lang":"fi","translations":{"fi":129},"pll_sync_post":[],"_links":{"self":[{"href":"https:\/\/rotary.fi\/kokkola\/wp-json\/wp\/v2\/pages\/129","targetHints":{"allow":["GET"]}}],"collection":[{"href":"https:\/\/rotary.fi\/kokkola\/wp-json\/wp\/v2\/pages"}],"about":[{"href":"https:\/\/rotary.fi\/kokkola\/wp-json\/wp\/v2\/types\/page"}],"author":[{"embeddable":true,"href":"https:\/\/rotary.fi\/kokkola\/wp-json\/wp\/v2\/users\/1"}],"replies":[{"embeddable":true,"href":"https:\/\/rotary.fi\/kokkola\/wp-json\/wp\/v2\/comments?post=129"}],"version-history":[{"count":10,"href":"https:\/\/rotary.fi\/kokkola\/wp-json\/wp\/v2\/pages\/129\/revisions"}],"predecessor-version":[{"id":2099,"href":"https:\/\/rotary.fi\/kokkola\/wp-json\/wp\/v2\/pages\/129\/revisions\/2099"}],"wp:attachment":[{"href":"https:\/\/rotary.fi\/kokkola\/wp-json\/wp\/v2\/media?parent=129"}],"curies":[{"name":"wp","href":"https:\/\/api.w.org\/{rel}","templated":true}]}}