{"id":89,"date":"2018-08-09T15:10:00","date_gmt":"2018-08-09T12:10:00","guid":{"rendered":"https:\/\/rotary.fi\/klubi2\/?page_id=89"},"modified":"2019-09-09T05:24:35","modified_gmt":"2019-09-09T02:24:35","slug":"tule-mukaan","status":"publish","type":"page","link":"https:\/\/rotary.fi\/kokemaki\/tule-mukaan\/","title":{"rendered":"Tule mukaan"},"content":{"rendered":"<p>[et_pb_section bb_built=&#8221;1&#8243; _builder_version=&#8221;3.25.3&#8243; background_image=&#8221;https:\/\/rotary.fi\/wp-content\/uploads\/2018\/04\/paakuva_liity_mukaan.jpg&#8221; next_background_color=&#8221;#ffffff&#8221; inner_width_tablet=&#8221;50px&#8221; inner_max_width_tablet=&#8221;100px&#8221; inner_max_width_phone=&#8221;50px&#8221; width=&#8221;100%&#8221; max_width=&#8221;90%&#8221; custom_margin=&#8221;|5%||5%&#8221; box_shadow_horizontal_tablet=&#8221;0px&#8221; box_shadow_vertical_tablet=&#8221;0px&#8221; box_shadow_blur_tablet=&#8221;40px&#8221; box_shadow_spread_tablet=&#8221;0px&#8221; z_index_tablet=&#8221;500&#8243;][et_pb_row][et_pb_column type=&#8221;4_4&#8243; custom_padding__hover=&#8221;|||&#8221; custom_padding=&#8221;|||&#8221;][et_pb_text admin_label=&#8221;P\u00e4\u00e4otsikko&#8221; _builder_version=&#8221;3.27.4&#8243; text_orientation=&#8221;center&#8221; background_layout=&#8221;dark&#8221; text_text_shadow_horizontal_length=&#8221;text_text_shadow_style,%91object Object%93&#8243; text_text_shadow_horizontal_length_tablet=&#8221;0px&#8221; text_text_shadow_vertical_length=&#8221;text_text_shadow_style,%91object Object%93&#8243; text_text_shadow_vertical_length_tablet=&#8221;0px&#8221; text_text_shadow_blur_strength=&#8221;text_text_shadow_style,%91object Object%93&#8243; text_text_shadow_blur_strength_tablet=&#8221;1px&#8221; link_text_shadow_horizontal_length=&#8221;link_text_shadow_style,%91object Object%93&#8243; link_text_shadow_horizontal_length_tablet=&#8221;0px&#8221; link_text_shadow_vertical_length=&#8221;link_text_shadow_style,%91object Object%93&#8243; link_text_shadow_vertical_length_tablet=&#8221;0px&#8221; link_text_shadow_blur_strength=&#8221;link_text_shadow_style,%91object Object%93&#8243; link_text_shadow_blur_strength_tablet=&#8221;1px&#8221; ul_text_shadow_horizontal_length=&#8221;ul_text_shadow_style,%91object Object%93&#8243; ul_text_shadow_horizontal_length_tablet=&#8221;0px&#8221; ul_text_shadow_vertical_length=&#8221;ul_text_shadow_style,%91object Object%93&#8243; ul_text_shadow_vertical_length_tablet=&#8221;0px&#8221; ul_text_shadow_blur_strength=&#8221;ul_text_shadow_style,%91object Object%93&#8243; ul_text_shadow_blur_strength_tablet=&#8221;1px&#8221; ol_text_shadow_horizontal_length=&#8221;ol_text_shadow_style,%91object Object%93&#8243; ol_text_shadow_horizontal_length_tablet=&#8221;0px&#8221; ol_text_shadow_vertical_length=&#8221;ol_text_shadow_style,%91object Object%93&#8243; ol_text_shadow_vertical_length_tablet=&#8221;0px&#8221; ol_text_shadow_blur_strength=&#8221;ol_text_shadow_style,%91object Object%93&#8243; ol_text_shadow_blur_strength_tablet=&#8221;1px&#8221; quote_text_shadow_horizontal_length=&#8221;quote_text_shadow_style,%91object Object%93&#8243; quote_text_shadow_horizontal_length_tablet=&#8221;0px&#8221; quote_text_shadow_vertical_length=&#8221;quote_text_shadow_style,%91object Object%93&#8243; quote_text_shadow_vertical_length_tablet=&#8221;0px&#8221; quote_text_shadow_blur_strength=&#8221;quote_text_shadow_style,%91object Object%93&#8243; quote_text_shadow_blur_strength_tablet=&#8221;1px&#8221; header_text_shadow_horizontal_length=&#8221;header_text_shadow_style,%91object Object%93&#8243; header_text_shadow_horizontal_length_tablet=&#8221;0px&#8221; header_text_shadow_vertical_length=&#8221;header_text_shadow_style,%91object Object%93&#8243; header_text_shadow_vertical_length_tablet=&#8221;0px&#8221; header_text_shadow_blur_strength=&#8221;header_text_shadow_style,%91object Object%93&#8243; header_text_shadow_blur_strength_tablet=&#8221;1px&#8221; header_2_text_shadow_horizontal_length=&#8221;header_2_text_shadow_style,%91object Object%93&#8243; header_2_text_shadow_horizontal_length_tablet=&#8221;0px&#8221; header_2_text_shadow_vertical_length=&#8221;header_2_text_shadow_style,%91object Object%93&#8243; header_2_text_shadow_vertical_length_tablet=&#8221;0px&#8221; header_2_text_shadow_blur_strength=&#8221;header_2_text_shadow_style,%91object Object%93&#8243; header_2_text_shadow_blur_strength_tablet=&#8221;1px&#8221; header_3_text_shadow_horizontal_length=&#8221;header_3_text_shadow_style,%91object Object%93&#8243; header_3_text_shadow_horizontal_length_tablet=&#8221;0px&#8221; header_3_text_shadow_vertical_length=&#8221;header_3_text_shadow_style,%91object Object%93&#8243; header_3_text_shadow_vertical_length_tablet=&#8221;0px&#8221; header_3_text_shadow_blur_strength=&#8221;header_3_text_shadow_style,%91object Object%93&#8243; header_3_text_shadow_blur_strength_tablet=&#8221;1px&#8221; header_4_text_shadow_horizontal_length=&#8221;header_4_text_shadow_style,%91object Object%93&#8243; header_4_text_shadow_horizontal_length_tablet=&#8221;0px&#8221; header_4_text_shadow_vertical_length=&#8221;header_4_text_shadow_style,%91object Object%93&#8243; header_4_text_shadow_vertical_length_tablet=&#8221;0px&#8221; header_4_text_shadow_blur_strength=&#8221;header_4_text_shadow_style,%91object Object%93&#8243; header_4_text_shadow_blur_strength_tablet=&#8221;1px&#8221; header_5_text_shadow_horizontal_length=&#8221;header_5_text_shadow_style,%91object Object%93&#8243; header_5_text_shadow_horizontal_length_tablet=&#8221;0px&#8221; header_5_text_shadow_vertical_length=&#8221;header_5_text_shadow_style,%91object Object%93&#8243; header_5_text_shadow_vertical_length_tablet=&#8221;0px&#8221; header_5_text_shadow_blur_strength=&#8221;header_5_text_shadow_style,%91object Object%93&#8243; header_5_text_shadow_blur_strength_tablet=&#8221;1px&#8221; header_6_text_shadow_horizontal_length=&#8221;header_6_text_shadow_style,%91object Object%93&#8243; header_6_text_shadow_horizontal_length_tablet=&#8221;0px&#8221; header_6_text_shadow_vertical_length=&#8221;header_6_text_shadow_style,%91object Object%93&#8243; header_6_text_shadow_vertical_length_tablet=&#8221;0px&#8221; header_6_text_shadow_blur_strength=&#8221;header_6_text_shadow_style,%91object Object%93&#8243; header_6_text_shadow_blur_strength_tablet=&#8221;1px&#8221; box_shadow_horizontal_tablet=&#8221;0px&#8221; box_shadow_vertical_tablet=&#8221;0px&#8221; box_shadow_blur_tablet=&#8221;40px&#8221; box_shadow_spread_tablet=&#8221;0px&#8221; animation_style=&#8221;fade&#8221; animation_duration=&#8221;2000ms&#8221; z_index_tablet=&#8221;500&#8243;]<\/p>\n<h1>Tule mukaan<\/h1>\n<p>[\/et_pb_text][\/et_pb_column][\/et_pb_row][\/et_pb_section][et_pb_section bb_built=&#8221;1&#8243; specialty=&#8221;on&#8221; prev_background_color=&#8221;#000000&#8243; _builder_version=&#8221;3.4.1&#8243; module_class_2=&#8221;sivupalkki&#8221; inner_width=&#8221;auto&#8221; inner_max_width=&#8221;1080px&#8221;][et_pb_column type=&#8221;2_3&#8243; specialty_columns=&#8221;2&#8243;][et_pb_row_inner admin_label=&#8221;Rivi&#8221;][et_pb_column_inner type=&#8221;4_4&#8243; saved_specialty_column_type=&#8221;2_3&#8243; custom_padding__hover=&#8221;|||&#8221; custom_padding=&#8221;|||&#8221; saved_specialty_column_type=&#8221;2_3&#8243;][et_pb_text _builder_version=&#8221;3.27.4&#8243; text_text_shadow_horizontal_length=&#8221;text_text_shadow_style,%91object Object%93&#8243; text_text_shadow_horizontal_length_tablet=&#8221;0px&#8221; text_text_shadow_vertical_length=&#8221;text_text_shadow_style,%91object Object%93&#8243; text_text_shadow_vertical_length_tablet=&#8221;0px&#8221; text_text_shadow_blur_strength=&#8221;text_text_shadow_style,%91object Object%93&#8243; text_text_shadow_blur_strength_tablet=&#8221;1px&#8221; link_text_shadow_horizontal_length=&#8221;link_text_shadow_style,%91object Object%93&#8243; link_text_shadow_horizontal_length_tablet=&#8221;0px&#8221; link_text_shadow_vertical_length=&#8221;link_text_shadow_style,%91object Object%93&#8243; link_text_shadow_vertical_length_tablet=&#8221;0px&#8221; link_text_shadow_blur_strength=&#8221;link_text_shadow_style,%91object Object%93&#8243; link_text_shadow_blur_strength_tablet=&#8221;1px&#8221; ul_text_shadow_horizontal_length=&#8221;ul_text_shadow_style,%91object Object%93&#8243; ul_text_shadow_horizontal_length_tablet=&#8221;0px&#8221; ul_text_shadow_vertical_length=&#8221;ul_text_shadow_style,%91object Object%93&#8243; ul_text_shadow_vertical_length_tablet=&#8221;0px&#8221; ul_text_shadow_blur_strength=&#8221;ul_text_shadow_style,%91object Object%93&#8243; ul_text_shadow_blur_strength_tablet=&#8221;1px&#8221; ol_text_shadow_horizontal_length=&#8221;ol_text_shadow_style,%91object Object%93&#8243; ol_text_shadow_horizontal_length_tablet=&#8221;0px&#8221; ol_text_shadow_vertical_length=&#8221;ol_text_shadow_style,%91object Object%93&#8243; ol_text_shadow_vertical_length_tablet=&#8221;0px&#8221; ol_text_shadow_blur_strength=&#8221;ol_text_shadow_style,%91object Object%93&#8243; ol_text_shadow_blur_strength_tablet=&#8221;1px&#8221; quote_text_shadow_horizontal_length=&#8221;quote_text_shadow_style,%91object Object%93&#8243; quote_text_shadow_horizontal_length_tablet=&#8221;0px&#8221; quote_text_shadow_vertical_length=&#8221;quote_text_shadow_style,%91object Object%93&#8243; quote_text_shadow_vertical_length_tablet=&#8221;0px&#8221; quote_text_shadow_blur_strength=&#8221;quote_text_shadow_style,%91object Object%93&#8243; quote_text_shadow_blur_strength_tablet=&#8221;1px&#8221; header_text_shadow_horizontal_length=&#8221;header_text_shadow_style,%91object Object%93&#8243; header_text_shadow_horizontal_length_tablet=&#8221;0px&#8221; header_text_shadow_vertical_length=&#8221;header_text_shadow_style,%91object Object%93&#8243; header_text_shadow_vertical_length_tablet=&#8221;0px&#8221; header_text_shadow_blur_strength=&#8221;header_text_shadow_style,%91object Object%93&#8243; header_text_shadow_blur_strength_tablet=&#8221;1px&#8221; header_2_text_shadow_horizontal_length=&#8221;header_2_text_shadow_style,%91object Object%93&#8243; header_2_text_shadow_horizontal_length_tablet=&#8221;0px&#8221; header_2_text_shadow_vertical_length=&#8221;header_2_text_shadow_style,%91object Object%93&#8243; header_2_text_shadow_vertical_length_tablet=&#8221;0px&#8221; header_2_text_shadow_blur_strength=&#8221;header_2_text_shadow_style,%91object Object%93&#8243; header_2_text_shadow_blur_strength_tablet=&#8221;1px&#8221; header_3_text_shadow_horizontal_length=&#8221;header_3_text_shadow_style,%91object Object%93&#8243; header_3_text_shadow_horizontal_length_tablet=&#8221;0px&#8221; header_3_text_shadow_vertical_length=&#8221;header_3_text_shadow_style,%91object Object%93&#8243; header_3_text_shadow_vertical_length_tablet=&#8221;0px&#8221; header_3_text_shadow_blur_strength=&#8221;header_3_text_shadow_style,%91object Object%93&#8243; header_3_text_shadow_blur_strength_tablet=&#8221;1px&#8221; header_4_text_shadow_horizontal_length=&#8221;header_4_text_shadow_style,%91object Object%93&#8243; header_4_text_shadow_horizontal_length_tablet=&#8221;0px&#8221; header_4_text_shadow_vertical_length=&#8221;header_4_text_shadow_style,%91object Object%93&#8243; header_4_text_shadow_vertical_length_tablet=&#8221;0px&#8221; header_4_text_shadow_blur_strength=&#8221;header_4_text_shadow_style,%91object Object%93&#8243; header_4_text_shadow_blur_strength_tablet=&#8221;1px&#8221; header_5_text_shadow_horizontal_length=&#8221;header_5_text_shadow_style,%91object Object%93&#8243; header_5_text_shadow_horizontal_length_tablet=&#8221;0px&#8221; header_5_text_shadow_vertical_length=&#8221;header_5_text_shadow_style,%91object Object%93&#8243; header_5_text_shadow_vertical_length_tablet=&#8221;0px&#8221; header_5_text_shadow_blur_strength=&#8221;header_5_text_shadow_style,%91object Object%93&#8243; header_5_text_shadow_blur_strength_tablet=&#8221;1px&#8221; header_6_text_shadow_horizontal_length=&#8221;header_6_text_shadow_style,%91object Object%93&#8243; header_6_text_shadow_horizontal_length_tablet=&#8221;0px&#8221; header_6_text_shadow_vertical_length=&#8221;header_6_text_shadow_style,%91object Object%93&#8243; header_6_text_shadow_vertical_length_tablet=&#8221;0px&#8221; header_6_text_shadow_blur_strength=&#8221;header_6_text_shadow_style,%91object Object%93&#8243; header_6_text_shadow_blur_strength_tablet=&#8221;1px&#8221; box_shadow_horizontal_tablet=&#8221;0px&#8221; box_shadow_vertical_tablet=&#8221;0px&#8221; box_shadow_blur_tablet=&#8221;40px&#8221; box_shadow_spread_tablet=&#8221;0px&#8221; z_index_tablet=&#8221;500&#8243;]<\/p>\n<p><strong>J\u00e4senyys Kokem\u00e4en rotaryklubissa on toveruutta<\/strong>, joka tekee toiminnastamme iloisen asian. Mik\u00e4li kiinnostuit Kokem\u00e4en rotaryklubin toiminnasta ja haluat lis\u00e4tietoa, niin ota yhteytt\u00e4 klubimme hallituksen j\u00e4seniin.<\/p>\n<p>Tulevilla j\u00e4senill\u00e4 on mahdollisuus tulla tutustumaan rotaryklubitoimintaan ennen varsinaista j\u00e4senyytt\u00e4.<\/p>\n<p>Tutustu my\u00f6s nuorille suunnattuun toimintaan, <a href=\"\/mita-teemme\/nuorisopalvelut\/interact\/\" target=\"_blank\" rel=\"noopener noreferrer\">Interactiin<\/a> ja <a href=\"\/mita-teemme\/nuorisopalvelut\/rotaract\/\" target=\"_blank\" rel=\"noopener noreferrer\">Rotaractiin<\/a>.<\/p>\n<p>[\/et_pb_text][\/et_pb_column_inner][\/et_pb_row_inner][et_pb_row_inner admin_label=&#8221;Rivi&#8221;][et_pb_column_inner type=&#8221;4_4&#8243; saved_specialty_column_type=&#8221;2_3&#8243; custom_padding__hover=&#8221;|||&#8221; custom_padding=&#8221;|||&#8221; saved_specialty_column_type=&#8221;2_3&#8243;][et_pb_text admin_label=&#8221;Otsikko ennen teksti\u00e4 &#8211; Ota yhteytt\u00e4&#8221; _builder_version=&#8221;3.4.1&#8243; text_orientation=&#8221;center&#8221;]<\/p>\n<h1>Ota yhteytt\u00e4<\/h1>\n<p>[\/et_pb_text][et_pb_text _builder_version=&#8221;3.4.1&#8243; text_orientation=&#8221;left&#8221;]<\/p>\n<p>\nHaluatko mukaan rotarytoimintaan? Yhteydenottolomakkeella voit olla suoraan yhteydess\u00e4 klubiin.<\/p>\n<p>[\/et_pb_text][et_pb_contact_form _builder_version=&#8221;3.19.5&#8243; success_message=&#8221;Viestisi on l\u00e4hetetty. Kiitos yhteydenotostasi!&#8221; custom_message=&#8221;Viesti:||et_pb_line_break_holder||%%message%%||et_pb_line_break_holder||||et_pb_line_break_holder||Kenelt\u00e4:||et_pb_line_break_holder||%%name%%||et_pb_line_break_holder||%%email%%&#8221; email=&#8221;matti.brandt@sataedu.fi&#8221; locked=&#8221;on&#8221;][et_pb_contact_field field_title=&#8221;Nimi&#8221; field_type=&#8221;input&#8221; field_id=&#8221;Name&#8221; required_mark=&#8221;on&#8221; fullwidth_field=&#8221;off&#8221; _builder_version=&#8221;3.4.1&#8243; checkbox_checked=&#8221;off&#8221; checkbox_options=&#8221;%91{%22value%22:%22Nimi%22,%22checked%22:0}%93&#8243; radio_options=&#8221;%91{%22value%22:%22Nimi%22,%22checked%22:0}%93&#8243; select_options=&#8221;%91{%22value%22:%22Nimi%22,%22checked%22:0}%93&#8243; min_length=&#8221;0&#8243; max_length=&#8221;0&#8243; allowed_symbols=&#8221;all&#8221; conditional_logic=&#8221;off&#8221; conditional_logic_relation=&#8221;off&#8221; conditional_logic_rules=&#8221;%91{%22field%22:%22email%22,%22condition%22:%22is%22,%22value%22:%22%22}%93&#8243; use_background_color_gradient=&#8221;off&#8221; background_color_gradient_start=&#8221;#2b87da&#8221; background_color_gradient_end=&#8221;#29c4a9&#8243; background_color_gradient_type=&#8221;linear&#8221; background_color_gradient_direction=&#8221;180deg&#8221; background_color_gradient_direction_radial=&#8221;center&#8221; background_color_gradient_start_position=&#8221;0%&#8221; background_color_gradient_end_position=&#8221;100%&#8221; background_color_gradient_overlays_image=&#8221;off&#8221; parallax=&#8221;off&#8221; parallax_method=&#8221;on&#8221; background_size=&#8221;cover&#8221; background_position=&#8221;center&#8221; background_repeat=&#8221;no-repeat&#8221; background_blend=&#8221;normal&#8221; allow_player_pause=&#8221;off&#8221; background_video_pause_outside_viewport=&#8221;on&#8221; form_field_text_shadow_style=&#8221;none&#8221; box_shadow_style=&#8221;none&#8221; \/][et_pb_contact_field field_title=&#8221;S\u00e4hk\u00f6postiosoite&#8221; field_type=&#8221;email&#8221; field_id=&#8221;Email&#8221; required_mark=&#8221;on&#8221; fullwidth_field=&#8221;off&#8221; _builder_version=&#8221;3.4.1&#8243; checkbox_checked=&#8221;off&#8221; checkbox_options=&#8221;%91{%22value%22:%22S\u00e4hk\u00f6postiosoite%22,%22checked%22:0}%93&#8243; radio_options=&#8221;%91{%22value%22:%22S\u00e4hk\u00f6postiosoite%22,%22checked%22:0}%93&#8243; select_options=&#8221;%91{%22value%22:%22S\u00e4hk\u00f6postiosoite%22,%22checked%22:0}%93&#8243; min_length=&#8221;0&#8243; max_length=&#8221;0&#8243; allowed_symbols=&#8221;all&#8221; conditional_logic=&#8221;off&#8221; conditional_logic_relation=&#8221;off&#8221; conditional_logic_rules=&#8221;%91{%22field%22:%22name%22,%22condition%22:%22is%22,%22value%22:%22%22}%93&#8243; use_background_color_gradient=&#8221;off&#8221; background_color_gradient_start=&#8221;#2b87da&#8221; background_color_gradient_end=&#8221;#29c4a9&#8243; background_color_gradient_type=&#8221;linear&#8221; background_color_gradient_direction=&#8221;180deg&#8221; background_color_gradient_direction_radial=&#8221;center&#8221; background_color_gradient_start_position=&#8221;0%&#8221; background_color_gradient_end_position=&#8221;100%&#8221; background_color_gradient_overlays_image=&#8221;off&#8221; parallax=&#8221;off&#8221; parallax_method=&#8221;on&#8221; background_size=&#8221;cover&#8221; background_position=&#8221;center&#8221; background_repeat=&#8221;no-repeat&#8221; background_blend=&#8221;normal&#8221; allow_player_pause=&#8221;off&#8221; background_video_pause_outside_viewport=&#8221;on&#8221; form_field_text_shadow_style=&#8221;none&#8221; box_shadow_style=&#8221;none&#8221; \/][et_pb_contact_field field_title=&#8221;S\u00e4hk\u00f6postiviesti&#8221; field_type=&#8221;text&#8221; field_id=&#8221;Message&#8221; required_mark=&#8221;on&#8221; fullwidth_field=&#8221;on&#8221; _builder_version=&#8221;3.4.1&#8243; \/][\/et_pb_contact_form][\/et_pb_column_inner][\/et_pb_row_inner][\/et_pb_column][et_pb_column type=&#8221;1_3&#8243;][et_pb_sidebar _builder_version=&#8221;3.4.1&#8243; area=&#8221;sidebar-1&#8243; module_class=&#8221;sivupalkki_sisalto&#8221; locked=&#8221;on&#8221; \/][\/et_pb_column][\/et_pb_section]<\/p>\n","protected":false},"excerpt":{"rendered":"<p><div class=\"et_pb_row et_pb_row_0 et_pb_row_empty\">\n\t\t\t\t\n\t\t\t\t\n\t\t\t\t\n\t\t\t\t\n\t\t\t\t\n\t\t\t<\/div> Tule mukaan J\u00e4senyys Kokem\u00e4en rotaryklubissa on toveruutta, joka tekee toiminnastamme iloisen asian. Mik\u00e4li kiinnostuit Kokem\u00e4en rotaryklubin toiminnasta ja haluat lis\u00e4tietoa, niin ota yhteytt\u00e4 klubimme hallituksen j\u00e4seniin. Tulevilla j\u00e4senill\u00e4 on mahdollisuus tulla tutustumaan rotaryklubitoimintaan ennen varsinaista j\u00e4senyytt\u00e4. Tutustu my\u00f6s nuorille suunnattuun toimintaan, Interactiin ja Rotaractiin. Ota yhteytt\u00e4 Haluatko mukaan rotarytoimintaan? Yhteydenottolomakkeella voit olla suoraan yhteydess\u00e4 [&hellip;]<\/p>\n","protected":false},"author":1,"featured_media":0,"parent":0,"menu_order":0,"comment_status":"closed","ping_status":"closed","template":"","meta":{"_acf_changed":false,"_et_pb_use_builder":"on","_et_pb_old_content":"","_et_gb_content_width":"","footnotes":""},"class_list":["post-89","page","type-page","status-publish","hentry"],"acf":[],"yoast_head":"<!-- This site is optimized with the Yoast SEO plugin v27.4 - https:\/\/yoast.com\/product\/yoast-seo-wordpress\/ -->\n<title>Tule mukaan - Kokem\u00e4en Rotaryklubi<\/title>\n<meta name=\"robots\" content=\"index, follow, max-snippet:-1, max-image-preview:large, max-video-preview:-1\" \/>\n<link rel=\"canonical\" href=\"https:\/\/rotary.fi\/kokemaki\/tule-mukaan\/\" \/>\n<meta property=\"og:locale\" content=\"fi_FI\" \/>\n<meta property=\"og:type\" content=\"article\" \/>\n<meta property=\"og:title\" content=\"Tule mukaan - Kokem\u00e4en Rotaryklubi\" \/>\n<meta property=\"og:description\" content=\"Tule mukaan J\u00e4senyys Kokem\u00e4en rotaryklubissa on toveruutta, joka tekee toiminnastamme iloisen asian. Mik\u00e4li kiinnostuit Kokem\u00e4en rotaryklubin toiminnasta ja haluat lis\u00e4tietoa, niin ota yhteytt\u00e4 klubimme hallituksen j\u00e4seniin. Tulevilla j\u00e4senill\u00e4 on mahdollisuus tulla tutustumaan rotaryklubitoimintaan ennen varsinaista j\u00e4senyytt\u00e4. Tutustu my\u00f6s nuorille suunnattuun toimintaan, Interactiin ja Rotaractiin. Ota yhteytt\u00e4 Haluatko mukaan rotarytoimintaan? Yhteydenottolomakkeella voit olla suoraan yhteydess\u00e4 [&hellip;]\" \/>\n<meta property=\"og:url\" content=\"https:\/\/rotary.fi\/kokemaki\/tule-mukaan\/\" \/>\n<meta property=\"og:site_name\" content=\"Kokem\u00e4en Rotaryklubi\" \/>\n<meta property=\"article:modified_time\" content=\"2019-09-09T02:24:35+00:00\" \/>\n<meta name=\"twitter:card\" content=\"summary_large_image\" \/>\n<meta name=\"twitter:label1\" content=\"Arvioitu lukuaika\" \/>\n\t<meta name=\"twitter:data1\" content=\"10 minuuttia\" \/>\n<script type=\"application\/ld+json\" class=\"yoast-schema-graph\">{\"@context\":\"https:\\\/\\\/schema.org\",\"@graph\":[{\"@type\":\"WebPage\",\"@id\":\"https:\\\/\\\/rotary.fi\\\/kokemaki\\\/tule-mukaan\\\/\",\"url\":\"https:\\\/\\\/rotary.fi\\\/kokemaki\\\/tule-mukaan\\\/\",\"name\":\"Tule mukaan - Kokem\u00e4en Rotaryklubi\",\"isPartOf\":{\"@id\":\"https:\\\/\\\/rotary.fi\\\/kokemaki\\\/#website\"},\"datePublished\":\"2018-08-09T12:10:00+00:00\",\"dateModified\":\"2019-09-09T02:24:35+00:00\",\"breadcrumb\":{\"@id\":\"https:\\\/\\\/rotary.fi\\\/kokemaki\\\/tule-mukaan\\\/#breadcrumb\"},\"inLanguage\":\"fi\",\"potentialAction\":[{\"@type\":\"ReadAction\",\"target\":[\"https:\\\/\\\/rotary.fi\\\/kokemaki\\\/tule-mukaan\\\/\"]}]},{\"@type\":\"BreadcrumbList\",\"@id\":\"https:\\\/\\\/rotary.fi\\\/kokemaki\\\/tule-mukaan\\\/#breadcrumb\",\"itemListElement\":[{\"@type\":\"ListItem\",\"position\":1,\"name\":\"Home\",\"item\":\"https:\\\/\\\/rotary.fi\\\/kokemaki\\\/\"},{\"@type\":\"ListItem\",\"position\":2,\"name\":\"Tule mukaan\"}]},{\"@type\":\"WebSite\",\"@id\":\"https:\\\/\\\/rotary.fi\\\/kokemaki\\\/#website\",\"url\":\"https:\\\/\\\/rotary.fi\\\/kokemaki\\\/\",\"name\":\"Kokem\u00e4en Rotaryklubi\",\"description\":\"Uusi Rotary klubisivusto\",\"potentialAction\":[{\"@type\":\"SearchAction\",\"target\":{\"@type\":\"EntryPoint\",\"urlTemplate\":\"https:\\\/\\\/rotary.fi\\\/kokemaki\\\/?s={search_term_string}\"},\"query-input\":{\"@type\":\"PropertyValueSpecification\",\"valueRequired\":true,\"valueName\":\"search_term_string\"}}],\"inLanguage\":\"fi\"}]}<\/script>\n<!-- \/ Yoast SEO plugin. -->","yoast_head_json":{"title":"Tule mukaan - Kokem\u00e4en Rotaryklubi","robots":{"index":"index","follow":"follow","max-snippet":"max-snippet:-1","max-image-preview":"max-image-preview:large","max-video-preview":"max-video-preview:-1"},"canonical":"https:\/\/rotary.fi\/kokemaki\/tule-mukaan\/","og_locale":"fi_FI","og_type":"article","og_title":"Tule mukaan - Kokem\u00e4en Rotaryklubi","og_description":"Tule mukaan J\u00e4senyys Kokem\u00e4en rotaryklubissa on toveruutta, joka tekee toiminnastamme iloisen asian. Mik\u00e4li kiinnostuit Kokem\u00e4en rotaryklubin toiminnasta ja haluat lis\u00e4tietoa, niin ota yhteytt\u00e4 klubimme hallituksen j\u00e4seniin. Tulevilla j\u00e4senill\u00e4 on mahdollisuus tulla tutustumaan rotaryklubitoimintaan ennen varsinaista j\u00e4senyytt\u00e4. Tutustu my\u00f6s nuorille suunnattuun toimintaan, Interactiin ja Rotaractiin. Ota yhteytt\u00e4 Haluatko mukaan rotarytoimintaan? Yhteydenottolomakkeella voit olla suoraan yhteydess\u00e4 [&hellip;]","og_url":"https:\/\/rotary.fi\/kokemaki\/tule-mukaan\/","og_site_name":"Kokem\u00e4en Rotaryklubi","article_modified_time":"2019-09-09T02:24:35+00:00","twitter_card":"summary_large_image","twitter_misc":{"Arvioitu lukuaika":"10 minuuttia"},"schema":{"@context":"https:\/\/schema.org","@graph":[{"@type":"WebPage","@id":"https:\/\/rotary.fi\/kokemaki\/tule-mukaan\/","url":"https:\/\/rotary.fi\/kokemaki\/tule-mukaan\/","name":"Tule mukaan - Kokem\u00e4en Rotaryklubi","isPartOf":{"@id":"https:\/\/rotary.fi\/kokemaki\/#website"},"datePublished":"2018-08-09T12:10:00+00:00","dateModified":"2019-09-09T02:24:35+00:00","breadcrumb":{"@id":"https:\/\/rotary.fi\/kokemaki\/tule-mukaan\/#breadcrumb"},"inLanguage":"fi","potentialAction":[{"@type":"ReadAction","target":["https:\/\/rotary.fi\/kokemaki\/tule-mukaan\/"]}]},{"@type":"BreadcrumbList","@id":"https:\/\/rotary.fi\/kokemaki\/tule-mukaan\/#breadcrumb","itemListElement":[{"@type":"ListItem","position":1,"name":"Home","item":"https:\/\/rotary.fi\/kokemaki\/"},{"@type":"ListItem","position":2,"name":"Tule mukaan"}]},{"@type":"WebSite","@id":"https:\/\/rotary.fi\/kokemaki\/#website","url":"https:\/\/rotary.fi\/kokemaki\/","name":"Kokem\u00e4en Rotaryklubi","description":"Uusi Rotary klubisivusto","potentialAction":[{"@type":"SearchAction","target":{"@type":"EntryPoint","urlTemplate":"https:\/\/rotary.fi\/kokemaki\/?s={search_term_string}"},"query-input":{"@type":"PropertyValueSpecification","valueRequired":true,"valueName":"search_term_string"}}],"inLanguage":"fi"}]}},"lang":"fi","translations":{"fi":89},"pll_sync_post":[],"_links":{"self":[{"href":"https:\/\/rotary.fi\/kokemaki\/wp-json\/wp\/v2\/pages\/89","targetHints":{"allow":["GET"]}}],"collection":[{"href":"https:\/\/rotary.fi\/kokemaki\/wp-json\/wp\/v2\/pages"}],"about":[{"href":"https:\/\/rotary.fi\/kokemaki\/wp-json\/wp\/v2\/types\/page"}],"author":[{"embeddable":true,"href":"https:\/\/rotary.fi\/kokemaki\/wp-json\/wp\/v2\/users\/1"}],"replies":[{"embeddable":true,"href":"https:\/\/rotary.fi\/kokemaki\/wp-json\/wp\/v2\/comments?post=89"}],"version-history":[{"count":13,"href":"https:\/\/rotary.fi\/kokemaki\/wp-json\/wp\/v2\/pages\/89\/revisions"}],"predecessor-version":[{"id":4021,"href":"https:\/\/rotary.fi\/kokemaki\/wp-json\/wp\/v2\/pages\/89\/revisions\/4021"}],"wp:attachment":[{"href":"https:\/\/rotary.fi\/kokemaki\/wp-json\/wp\/v2\/media?parent=89"}],"curies":[{"name":"wp","href":"https:\/\/api.w.org\/{rel}","templated":true}]}}