{"id":77,"date":"2018-08-09T14:01:56","date_gmt":"2018-08-09T11:01:56","guid":{"rendered":"https:\/\/rotary.fi\/klubi2\/?page_id=77"},"modified":"2023-08-13T18:56:52","modified_gmt":"2023-08-13T15:56:52","slug":"mita-teemme","status":"publish","type":"page","link":"https:\/\/rotary.fi\/kokemaki\/mita-teemme\/","title":{"rendered":"Mit\u00e4 teemme"},"content":{"rendered":"<p>[et_pb_section fb_built=&#8221;1&#8243; _builder_version=&#8221;4.16&#8243; background_image=&#8221;https:\/\/rotary.fi\/kokemaki\/wp-content\/uploads\/sites\/104\/2019\/07\/mitateemme_2.jpg&#8221; background_position=&#8221;top_center&#8221; width=&#8221;100%&#8221; max_width=&#8221;90%&#8221; inner_width_tablet=&#8221;50px&#8221; inner_max_width_tablet=&#8221;100px&#8221; inner_max_width_phone=&#8221;50px&#8221; min_height_last_edited=&#8221;off|&#8221; height_last_edited=&#8221;off|&#8221; custom_margin=&#8221;|5%||5%&#8221; z_index_tablet=&#8221;500&#8243; box_shadow_horizontal_tablet=&#8221;0px&#8221; box_shadow_vertical_tablet=&#8221;0px&#8221; box_shadow_blur_tablet=&#8221;40px&#8221; box_shadow_spread_tablet=&#8221;0px&#8221; global_colors_info=&#8221;{}&#8221;][et_pb_row _builder_version=&#8221;4.16&#8243; background_size=&#8221;initial&#8221; background_position=&#8221;top_left&#8221; background_repeat=&#8221;repeat&#8221; global_colors_info=&#8221;{}&#8221;][et_pb_column type=&#8221;4_4&#8243; _builder_version=&#8221;4.16&#8243; custom_padding=&#8221;|||&#8221; global_colors_info=&#8221;{}&#8221; custom_padding__hover=&#8221;|||&#8221;][et_pb_text admin_label=&#8221;P\u00e4\u00e4otsikko&#8221; _builder_version=&#8221;4.16&#8243; text_orientation=&#8221;center&#8221; background_layout=&#8221;dark&#8221; animation_style=&#8221;fade&#8221; animation_duration=&#8221;2000ms&#8221; z_index_tablet=&#8221;500&#8243; text_text_shadow_horizontal_length_tablet=&#8221;0px&#8221; text_text_shadow_vertical_length_tablet=&#8221;0px&#8221; text_text_shadow_blur_strength_tablet=&#8221;1px&#8221; link_text_shadow_horizontal_length_tablet=&#8221;0px&#8221; link_text_shadow_vertical_length_tablet=&#8221;0px&#8221; link_text_shadow_blur_strength_tablet=&#8221;1px&#8221; ul_text_shadow_horizontal_length_tablet=&#8221;0px&#8221; ul_text_shadow_vertical_length_tablet=&#8221;0px&#8221; ul_text_shadow_blur_strength_tablet=&#8221;1px&#8221; ol_text_shadow_horizontal_length_tablet=&#8221;0px&#8221; ol_text_shadow_vertical_length_tablet=&#8221;0px&#8221; ol_text_shadow_blur_strength_tablet=&#8221;1px&#8221; quote_text_shadow_horizontal_length_tablet=&#8221;0px&#8221; quote_text_shadow_vertical_length_tablet=&#8221;0px&#8221; quote_text_shadow_blur_strength_tablet=&#8221;1px&#8221; header_text_shadow_horizontal_length_tablet=&#8221;0px&#8221; header_text_shadow_vertical_length_tablet=&#8221;0px&#8221; header_text_shadow_blur_strength_tablet=&#8221;1px&#8221; header_2_text_shadow_horizontal_length_tablet=&#8221;0px&#8221; header_2_text_shadow_vertical_length_tablet=&#8221;0px&#8221; header_2_text_shadow_blur_strength_tablet=&#8221;1px&#8221; header_3_text_shadow_horizontal_length_tablet=&#8221;0px&#8221; header_3_text_shadow_vertical_length_tablet=&#8221;0px&#8221; header_3_text_shadow_blur_strength_tablet=&#8221;1px&#8221; header_4_text_shadow_horizontal_length_tablet=&#8221;0px&#8221; header_4_text_shadow_vertical_length_tablet=&#8221;0px&#8221; header_4_text_shadow_blur_strength_tablet=&#8221;1px&#8221; header_5_text_shadow_horizontal_length_tablet=&#8221;0px&#8221; header_5_text_shadow_vertical_length_tablet=&#8221;0px&#8221; header_5_text_shadow_blur_strength_tablet=&#8221;1px&#8221; header_6_text_shadow_horizontal_length_tablet=&#8221;0px&#8221; header_6_text_shadow_vertical_length_tablet=&#8221;0px&#8221; header_6_text_shadow_blur_strength_tablet=&#8221;1px&#8221; box_shadow_horizontal_tablet=&#8221;0px&#8221; box_shadow_vertical_tablet=&#8221;0px&#8221; box_shadow_blur_tablet=&#8221;40px&#8221; box_shadow_spread_tablet=&#8221;0px&#8221; global_colors_info=&#8221;{}&#8221;]<\/p>\n<h1>Mit\u00e4 teemme<\/h1>\n<p>[\/et_pb_text][\/et_pb_column][\/et_pb_row][\/et_pb_section][et_pb_section fb_built=&#8221;1&#8243; _builder_version=&#8221;4.21.2&#8243; _module_preset=&#8221;default&#8221; global_colors_info=&#8221;{}&#8221;][et_pb_row column_structure=&#8221;1_4,3_4&#8243; _builder_version=&#8221;4.21.2&#8243; _module_preset=&#8221;default&#8221; global_colors_info=&#8221;{}&#8221;][et_pb_column type=&#8221;1_4&#8243; _builder_version=&#8221;4.21.2&#8243; _module_preset=&#8221;default&#8221; global_colors_info=&#8221;{}&#8221;][et_pb_image src=&#8221;https:\/\/rotary.fi\/kokemaki\/wp-content\/uploads\/sites\/104\/2019\/03\/matkailu.jpg&#8221; title_text=&#8221;matkailu&#8221; align=&#8221;center&#8221; _builder_version=&#8221;4.21.2&#8243; _module_preset=&#8221;default&#8221; height=&#8221;180px&#8221; hover_enabled=&#8221;0&#8243; global_colors_info=&#8221;{}&#8221; sticky_enabled=&#8221;0&#8243;][\/et_pb_image][\/et_pb_column][et_pb_column type=&#8221;3_4&#8243; _builder_version=&#8221;4.21.2&#8243; _module_preset=&#8221;default&#8221; global_colors_info=&#8221;{}&#8221;][et_pb_text _builder_version=&#8221;4.21.2&#8243; _module_preset=&#8221;default&#8221; global_colors_info=&#8221;{}&#8221;]<\/p>\n<p><strong>Rotaryklubi ja sen yksitt\u00e4iset rotaryt ovat rotarytoiminnan t\u00e4rkeimm\u00e4t perusyksik\u00f6t. K<\/strong><strong>eskeinen toimintamuoto on klubikokous ja siihen liittyv\u00e4t muut klubitapahtumat.<\/strong><\/p>\n<p>Kokem\u00e4en rotaryklubi ry kokoontuu noin 3 kertaa kuukaudessa tunnin kest\u00e4v\u00e4\u00e4n viikkokokoukseen Kokem\u00e4en Seuratalolla. Viikkokokouksessa nautitaan p\u00e4iv\u00e4llinen, k\u00e4yd\u00e4\u00e4n l\u00e4pi rotarien ajankohtaiset asiat ja kuunnellaan kunkin j\u00e4senen vuorollaan valmistelema luokite-esitelm\u00e4. Vuotuinen ohjelma sis\u00e4lt\u00e4\u00e4 my\u00f6s vierailuja mm. maakunnan yrityksiin.<br \/>Klubitoiminnassa hallinto- ja toimihenkil\u00f6teht\u00e4v\u00e4t kiert\u00e4v\u00e4t rotaryvuosittain. Teht\u00e4vist\u00e4 ei voi kielt\u00e4yty\u00e4 ilman todella painavaa estett\u00e4.<\/p>\n<p>[\/et_pb_text][\/et_pb_column][\/et_pb_row][\/et_pb_section][et_pb_section fb_built=&#8221;1&#8243; specialty=&#8221;on&#8221; module_class_2=&#8221;sivupalkki&#8221; _builder_version=&#8221;4.21.2&#8243; hover_enabled=&#8221;0&#8243; global_colors_info=&#8221;{}&#8221; custom_margin=&#8221;-60px||||false|false&#8221; sticky_enabled=&#8221;0&#8243;][et_pb_column type=&#8221;2_3&#8243; specialty_columns=&#8221;2&#8243; _builder_version=&#8221;4.16&#8243; custom_padding=&#8221;|||&#8221; global_colors_info=&#8221;{}&#8221; custom_padding__hover=&#8221;|||&#8221;][et_pb_row_inner admin_label=&#8221;Rivi&#8221; _builder_version=&#8221;4.16&#8243; global_colors_info=&#8221;{}&#8221;][et_pb_column_inner saved_specialty_column_type=&#8221;2_3&#8243; _builder_version=&#8221;4.16&#8243; custom_padding=&#8221;|||&#8221; global_colors_info=&#8221;{}&#8221; custom_padding__hover=&#8221;|||&#8221;][et_pb_text _builder_version=&#8221;4.16&#8243; custom_margin=&#8221;0%|||&#8221; z_index_tablet=&#8221;500&#8243; text_text_shadow_horizontal_length_tablet=&#8221;0px&#8221; text_text_shadow_vertical_length_tablet=&#8221;0px&#8221; text_text_shadow_blur_strength_tablet=&#8221;1px&#8221; link_text_shadow_horizontal_length_tablet=&#8221;0px&#8221; link_text_shadow_vertical_length_tablet=&#8221;0px&#8221; link_text_shadow_blur_strength_tablet=&#8221;1px&#8221; ul_text_shadow_horizontal_length_tablet=&#8221;0px&#8221; ul_text_shadow_vertical_length_tablet=&#8221;0px&#8221; ul_text_shadow_blur_strength_tablet=&#8221;1px&#8221; ol_text_shadow_horizontal_length_tablet=&#8221;0px&#8221; ol_text_shadow_vertical_length_tablet=&#8221;0px&#8221; ol_text_shadow_blur_strength_tablet=&#8221;1px&#8221; quote_text_shadow_horizontal_length_tablet=&#8221;0px&#8221; quote_text_shadow_vertical_length_tablet=&#8221;0px&#8221; quote_text_shadow_blur_strength_tablet=&#8221;1px&#8221; header_text_shadow_horizontal_length_tablet=&#8221;0px&#8221; header_text_shadow_vertical_length_tablet=&#8221;0px&#8221; header_text_shadow_blur_strength_tablet=&#8221;1px&#8221; header_2_text_shadow_horizontal_length_tablet=&#8221;0px&#8221; header_2_text_shadow_vertical_length_tablet=&#8221;0px&#8221; header_2_text_shadow_blur_strength_tablet=&#8221;1px&#8221; header_3_text_shadow_horizontal_length_tablet=&#8221;0px&#8221; header_3_text_shadow_vertical_length_tablet=&#8221;0px&#8221; header_3_text_shadow_blur_strength_tablet=&#8221;1px&#8221; header_4_text_shadow_horizontal_length_tablet=&#8221;0px&#8221; header_4_text_shadow_vertical_length_tablet=&#8221;0px&#8221; header_4_text_shadow_blur_strength_tablet=&#8221;1px&#8221; header_5_text_shadow_horizontal_length_tablet=&#8221;0px&#8221; header_5_text_shadow_vertical_length_tablet=&#8221;0px&#8221; header_5_text_shadow_blur_strength_tablet=&#8221;1px&#8221; header_6_text_shadow_horizontal_length_tablet=&#8221;0px&#8221; header_6_text_shadow_vertical_length_tablet=&#8221;0px&#8221; header_6_text_shadow_blur_strength_tablet=&#8221;1px&#8221; box_shadow_horizontal_tablet=&#8221;0px&#8221; box_shadow_vertical_tablet=&#8221;0px&#8221; box_shadow_blur_tablet=&#8221;40px&#8221; box_shadow_spread_tablet=&#8221;0px&#8221; global_colors_info=&#8221;{}&#8221;]<\/p>\n<p>Klubin vuotuiseen ohjelmaan kuuluvat avec-tilaisuudet, joihin kutsutaan my\u00f6s puolisot.<\/p>\n<p>Perinteisi\u00e4 ja toistuvia klubitapahtumia ovat vuosijuhla, vaihtokokous, aamusauna, naapurikuntien klubien kanssa j\u00e4rjestett\u00e4v\u00e4t Intercity-kokoukset sek\u00e4 palveluprojektit ja matkat.<\/p>\n<p>Rotaryvuosi alkaa hein\u00e4kuun alussa ja s\u00e4\u00e4nn\u00f6lliset viikkokokoukset elokuussa. Kokem\u00e4en rotaryklubissa viikkokokoukset toteutetaan syys- ja kev\u00e4tkaudelle laaditun ohjelman mukaisesti.<\/p>\n<p>Kokem\u00e4en rotaryklubin tavoitteena on kehitt\u00e4\u00e4 ja ajanmukaistaa klubikokouksia sek\u00e4 tarkentaa presidenttien, sihteereiden ja muiden toimihenkil\u00f6iden toimenkuvia.<\/p>\n<p>Yhteisty\u00f6n\u00e4 Rotarypiirin kanssa j\u00e4rjest\u00e4mme l\u00e4hiaikoina, Rotary RYLA &#8211; Rotary Youth Leadership Awards \u2013koulutuksen sek\u00e4 kutsumme naapuriklubit Intercity-kokoukseen.<\/p>\n<p>Tavoitteenamme on lis\u00e4t\u00e4 yhteisty\u00f6t\u00e4 kokem\u00e4kel\u00e4isten yritysten ja yhdistysten kanssa.<\/p>\n<p>&nbsp;<\/p>\n<p>[\/et_pb_text][\/et_pb_column_inner][\/et_pb_row_inner][\/et_pb_column][et_pb_column type=&#8221;1_3&#8243; _builder_version=&#8221;4.16&#8243; custom_padding=&#8221;|||&#8221; global_colors_info=&#8221;{}&#8221; custom_padding__hover=&#8221;|||&#8221;][et_pb_sidebar area=&#8221;sidebar-1&#8243; module_class=&#8221;sivupalkki_sisalto&#8221; _builder_version=&#8221;4.16&#8243; locked=&#8221;on&#8221; global_colors_info=&#8221;{}&#8221;][\/et_pb_sidebar][\/et_pb_column][\/et_pb_section]<\/p>\n","protected":false},"excerpt":{"rendered":"<p>Mit\u00e4 teemme Rotaryklubi ja sen yksitt\u00e4iset rotaryt ovat rotarytoiminnan t\u00e4rkeimm\u00e4t perusyksik\u00f6t. Keskeinen toimintamuoto on klubikokous ja siihen liittyv\u00e4t muut klubitapahtumat. Kokem\u00e4en rotaryklubi ry kokoontuu noin 3 kertaa kuukaudessa tunnin kest\u00e4v\u00e4\u00e4n viikkokokoukseen Kokem\u00e4en Seuratalolla. Viikkokokouksessa nautitaan p\u00e4iv\u00e4llinen, k\u00e4yd\u00e4\u00e4n l\u00e4pi rotarien ajankohtaiset asiat ja kuunnellaan kunkin j\u00e4senen vuorollaan valmistelema luokite-esitelm\u00e4. Vuotuinen ohjelma sis\u00e4lt\u00e4\u00e4 my\u00f6s vierailuja mm. maakunnan [&hellip;]<\/p>\n","protected":false},"author":1,"featured_media":0,"parent":0,"menu_order":0,"comment_status":"closed","ping_status":"closed","template":"","meta":{"_acf_changed":false,"_et_pb_use_builder":"on","_et_pb_old_content":"","_et_gb_content_width":"","footnotes":""},"class_list":["post-77","page","type-page","status-publish","hentry"],"acf":[],"yoast_head":"<!-- This site is optimized with the Yoast SEO plugin v27.0 - https:\/\/yoast.com\/product\/yoast-seo-wordpress\/ -->\n<title>Mit\u00e4 teemme - Kokem\u00e4en Rotaryklubi<\/title>\n<meta name=\"robots\" content=\"index, follow, max-snippet:-1, max-image-preview:large, max-video-preview:-1\" \/>\n<link rel=\"canonical\" href=\"https:\/\/rotary.fi\/kokemaki\/mita-teemme\/\" \/>\n<meta property=\"og:locale\" content=\"fi_FI\" \/>\n<meta property=\"og:type\" content=\"article\" \/>\n<meta property=\"og:title\" content=\"Mit\u00e4 teemme - Kokem\u00e4en Rotaryklubi\" \/>\n<meta property=\"og:description\" content=\"Mit\u00e4 teemme Rotaryklubi ja sen yksitt\u00e4iset rotaryt ovat rotarytoiminnan t\u00e4rkeimm\u00e4t perusyksik\u00f6t. Keskeinen toimintamuoto on klubikokous ja siihen liittyv\u00e4t muut klubitapahtumat. Kokem\u00e4en rotaryklubi ry kokoontuu noin 3 kertaa kuukaudessa tunnin kest\u00e4v\u00e4\u00e4n viikkokokoukseen Kokem\u00e4en Seuratalolla. Viikkokokouksessa nautitaan p\u00e4iv\u00e4llinen, k\u00e4yd\u00e4\u00e4n l\u00e4pi rotarien ajankohtaiset asiat ja kuunnellaan kunkin j\u00e4senen vuorollaan valmistelema luokite-esitelm\u00e4. Vuotuinen ohjelma sis\u00e4lt\u00e4\u00e4 my\u00f6s vierailuja mm. maakunnan [&hellip;]\" \/>\n<meta property=\"og:url\" content=\"https:\/\/rotary.fi\/kokemaki\/mita-teemme\/\" \/>\n<meta property=\"og:site_name\" content=\"Kokem\u00e4en Rotaryklubi\" \/>\n<meta property=\"article:modified_time\" content=\"2023-08-13T15:56:52+00:00\" \/>\n<meta name=\"twitter:card\" content=\"summary_large_image\" \/>\n<meta name=\"twitter:label1\" content=\"Arvioitu lukuaika\" \/>\n\t<meta name=\"twitter:data1\" content=\"3 minuuttia\" \/>\n<script type=\"application\/ld+json\" class=\"yoast-schema-graph\">{\"@context\":\"https:\/\/schema.org\",\"@graph\":[{\"@type\":\"WebPage\",\"@id\":\"https:\/\/rotary.fi\/kokemaki\/mita-teemme\/\",\"url\":\"https:\/\/rotary.fi\/kokemaki\/mita-teemme\/\",\"name\":\"Mit\u00e4 teemme - Kokem\u00e4en Rotaryklubi\",\"isPartOf\":{\"@id\":\"https:\/\/rotary.fi\/kokemaki\/#website\"},\"datePublished\":\"2018-08-09T11:01:56+00:00\",\"dateModified\":\"2023-08-13T15:56:52+00:00\",\"breadcrumb\":{\"@id\":\"https:\/\/rotary.fi\/kokemaki\/mita-teemme\/#breadcrumb\"},\"inLanguage\":\"fi\",\"potentialAction\":[{\"@type\":\"ReadAction\",\"target\":[\"https:\/\/rotary.fi\/kokemaki\/mita-teemme\/\"]}]},{\"@type\":\"BreadcrumbList\",\"@id\":\"https:\/\/rotary.fi\/kokemaki\/mita-teemme\/#breadcrumb\",\"itemListElement\":[{\"@type\":\"ListItem\",\"position\":1,\"name\":\"Home\",\"item\":\"https:\/\/rotary.fi\/kokemaki\/\"},{\"@type\":\"ListItem\",\"position\":2,\"name\":\"Mit\u00e4 teemme\"}]},{\"@type\":\"WebSite\",\"@id\":\"https:\/\/rotary.fi\/kokemaki\/#website\",\"url\":\"https:\/\/rotary.fi\/kokemaki\/\",\"name\":\"Kokem\u00e4en Rotaryklubi\",\"description\":\"Uusi Rotary klubisivusto\",\"potentialAction\":[{\"@type\":\"SearchAction\",\"target\":{\"@type\":\"EntryPoint\",\"urlTemplate\":\"https:\/\/rotary.fi\/kokemaki\/?s={search_term_string}\"},\"query-input\":{\"@type\":\"PropertyValueSpecification\",\"valueRequired\":true,\"valueName\":\"search_term_string\"}}],\"inLanguage\":\"fi\"}]}<\/script>\n<!-- \/ Yoast SEO plugin. -->","yoast_head_json":{"title":"Mit\u00e4 teemme - Kokem\u00e4en Rotaryklubi","robots":{"index":"index","follow":"follow","max-snippet":"max-snippet:-1","max-image-preview":"max-image-preview:large","max-video-preview":"max-video-preview:-1"},"canonical":"https:\/\/rotary.fi\/kokemaki\/mita-teemme\/","og_locale":"fi_FI","og_type":"article","og_title":"Mit\u00e4 teemme - Kokem\u00e4en Rotaryklubi","og_description":"Mit\u00e4 teemme Rotaryklubi ja sen yksitt\u00e4iset rotaryt ovat rotarytoiminnan t\u00e4rkeimm\u00e4t perusyksik\u00f6t. Keskeinen toimintamuoto on klubikokous ja siihen liittyv\u00e4t muut klubitapahtumat. Kokem\u00e4en rotaryklubi ry kokoontuu noin 3 kertaa kuukaudessa tunnin kest\u00e4v\u00e4\u00e4n viikkokokoukseen Kokem\u00e4en Seuratalolla. Viikkokokouksessa nautitaan p\u00e4iv\u00e4llinen, k\u00e4yd\u00e4\u00e4n l\u00e4pi rotarien ajankohtaiset asiat ja kuunnellaan kunkin j\u00e4senen vuorollaan valmistelema luokite-esitelm\u00e4. Vuotuinen ohjelma sis\u00e4lt\u00e4\u00e4 my\u00f6s vierailuja mm. maakunnan [&hellip;]","og_url":"https:\/\/rotary.fi\/kokemaki\/mita-teemme\/","og_site_name":"Kokem\u00e4en Rotaryklubi","article_modified_time":"2023-08-13T15:56:52+00:00","twitter_card":"summary_large_image","twitter_misc":{"Arvioitu lukuaika":"3 minuuttia"},"schema":{"@context":"https:\/\/schema.org","@graph":[{"@type":"WebPage","@id":"https:\/\/rotary.fi\/kokemaki\/mita-teemme\/","url":"https:\/\/rotary.fi\/kokemaki\/mita-teemme\/","name":"Mit\u00e4 teemme - Kokem\u00e4en Rotaryklubi","isPartOf":{"@id":"https:\/\/rotary.fi\/kokemaki\/#website"},"datePublished":"2018-08-09T11:01:56+00:00","dateModified":"2023-08-13T15:56:52+00:00","breadcrumb":{"@id":"https:\/\/rotary.fi\/kokemaki\/mita-teemme\/#breadcrumb"},"inLanguage":"fi","potentialAction":[{"@type":"ReadAction","target":["https:\/\/rotary.fi\/kokemaki\/mita-teemme\/"]}]},{"@type":"BreadcrumbList","@id":"https:\/\/rotary.fi\/kokemaki\/mita-teemme\/#breadcrumb","itemListElement":[{"@type":"ListItem","position":1,"name":"Home","item":"https:\/\/rotary.fi\/kokemaki\/"},{"@type":"ListItem","position":2,"name":"Mit\u00e4 teemme"}]},{"@type":"WebSite","@id":"https:\/\/rotary.fi\/kokemaki\/#website","url":"https:\/\/rotary.fi\/kokemaki\/","name":"Kokem\u00e4en Rotaryklubi","description":"Uusi Rotary klubisivusto","potentialAction":[{"@type":"SearchAction","target":{"@type":"EntryPoint","urlTemplate":"https:\/\/rotary.fi\/kokemaki\/?s={search_term_string}"},"query-input":{"@type":"PropertyValueSpecification","valueRequired":true,"valueName":"search_term_string"}}],"inLanguage":"fi"}]}},"lang":"fi","translations":{"fi":77},"pll_sync_post":[],"_links":{"self":[{"href":"https:\/\/rotary.fi\/kokemaki\/wp-json\/wp\/v2\/pages\/77","targetHints":{"allow":["GET"]}}],"collection":[{"href":"https:\/\/rotary.fi\/kokemaki\/wp-json\/wp\/v2\/pages"}],"about":[{"href":"https:\/\/rotary.fi\/kokemaki\/wp-json\/wp\/v2\/types\/page"}],"author":[{"embeddable":true,"href":"https:\/\/rotary.fi\/kokemaki\/wp-json\/wp\/v2\/users\/1"}],"replies":[{"embeddable":true,"href":"https:\/\/rotary.fi\/kokemaki\/wp-json\/wp\/v2\/comments?post=77"}],"version-history":[{"count":12,"href":"https:\/\/rotary.fi\/kokemaki\/wp-json\/wp\/v2\/pages\/77\/revisions"}],"predecessor-version":[{"id":6385,"href":"https:\/\/rotary.fi\/kokemaki\/wp-json\/wp\/v2\/pages\/77\/revisions\/6385"}],"wp:attachment":[{"href":"https:\/\/rotary.fi\/kokemaki\/wp-json\/wp\/v2\/media?parent=77"}],"curies":[{"name":"wp","href":"https:\/\/api.w.org\/{rel}","templated":true}]}}