{"id":2960,"date":"2019-08-04T20:36:50","date_gmt":"2019-08-04T17:36:50","guid":{"rendered":"https:\/\/rotary.fi\/kokemaki\/?page_id=2960"},"modified":"2023-09-16T18:27:32","modified_gmt":"2023-09-16T15:27:32","slug":"vuositeema","status":"publish","type":"page","link":"https:\/\/rotary.fi\/kokemaki\/vuositeema\/","title":{"rendered":"Vuositeema"},"content":{"rendered":"<p>[et_pb_section fb_built=&#8221;1&#8243; _builder_version=&#8221;4.22.0&#8243; background_image=&#8221;https:\/\/rotary.fi\/kokemaki\/wp-content\/uploads\/sites\/104\/2019\/07\/peltorata.jpg&#8221; background_position=&#8221;top_center&#8221; width=&#8221;100%&#8221; max_width=&#8221;90%&#8221; inner_width_tablet=&#8221;50px&#8221; inner_max_width_tablet=&#8221;100px&#8221; inner_max_width_phone=&#8221;50px&#8221; height=&#8221;160px&#8221; custom_margin=&#8221;|5%||5%&#8221; z_index_tablet=&#8221;500&#8243; box_shadow_horizontal_tablet=&#8221;0px&#8221; box_shadow_vertical_tablet=&#8221;0px&#8221; box_shadow_blur_tablet=&#8221;40px&#8221; box_shadow_spread_tablet=&#8221;0px&#8221; global_colors_info=&#8221;{}&#8221;][et_pb_row _builder_version=&#8221;4.22.0&#8243; background_size=&#8221;initial&#8221; background_position=&#8221;top_left&#8221; background_repeat=&#8221;repeat&#8221; global_colors_info=&#8221;{}&#8221;][et_pb_column type=&#8221;4_4&#8243; _builder_version=&#8221;4.16&#8243; custom_padding=&#8221;|||&#8221; global_colors_info=&#8221;{}&#8221; custom_padding__hover=&#8221;|||&#8221;][et_pb_text admin_label=&#8221;P\u00e4\u00e4otsikko&#8221; _builder_version=&#8221;4.22.0&#8243; text_orientation=&#8221;center&#8221; background_layout=&#8221;dark&#8221; width=&#8221;100%&#8221; max_width=&#8221;90%&#8221; custom_margin=&#8221;-30px||||false|false&#8221; z_index_tablet=&#8221;500&#8243; text_text_shadow_horizontal_length_tablet=&#8221;0px&#8221; text_text_shadow_vertical_length_tablet=&#8221;0px&#8221; text_text_shadow_blur_strength_tablet=&#8221;1px&#8221; link_text_shadow_horizontal_length_tablet=&#8221;0px&#8221; link_text_shadow_vertical_length_tablet=&#8221;0px&#8221; link_text_shadow_blur_strength_tablet=&#8221;1px&#8221; ul_text_shadow_horizontal_length_tablet=&#8221;0px&#8221; ul_text_shadow_vertical_length_tablet=&#8221;0px&#8221; ul_text_shadow_blur_strength_tablet=&#8221;1px&#8221; ol_text_shadow_horizontal_length_tablet=&#8221;0px&#8221; ol_text_shadow_vertical_length_tablet=&#8221;0px&#8221; ol_text_shadow_blur_strength_tablet=&#8221;1px&#8221; quote_text_shadow_horizontal_length_tablet=&#8221;0px&#8221; quote_text_shadow_vertical_length_tablet=&#8221;0px&#8221; quote_text_shadow_blur_strength_tablet=&#8221;1px&#8221; header_text_shadow_horizontal_length_tablet=&#8221;0px&#8221; header_text_shadow_vertical_length_tablet=&#8221;0px&#8221; header_text_shadow_blur_strength_tablet=&#8221;1px&#8221; header_2_text_shadow_horizontal_length_tablet=&#8221;0px&#8221; header_2_text_shadow_vertical_length_tablet=&#8221;0px&#8221; header_2_text_shadow_blur_strength_tablet=&#8221;1px&#8221; header_3_text_shadow_horizontal_length_tablet=&#8221;0px&#8221; header_3_text_shadow_vertical_length_tablet=&#8221;0px&#8221; header_3_text_shadow_blur_strength_tablet=&#8221;1px&#8221; header_4_text_shadow_horizontal_length_tablet=&#8221;0px&#8221; header_4_text_shadow_vertical_length_tablet=&#8221;0px&#8221; header_4_text_shadow_blur_strength_tablet=&#8221;1px&#8221; header_5_text_shadow_horizontal_length_tablet=&#8221;0px&#8221; header_5_text_shadow_vertical_length_tablet=&#8221;0px&#8221; header_5_text_shadow_blur_strength_tablet=&#8221;1px&#8221; header_6_text_shadow_horizontal_length_tablet=&#8221;0px&#8221; header_6_text_shadow_vertical_length_tablet=&#8221;0px&#8221; header_6_text_shadow_blur_strength_tablet=&#8221;1px&#8221; box_shadow_horizontal_tablet=&#8221;0px&#8221; box_shadow_vertical_tablet=&#8221;0px&#8221; box_shadow_blur_tablet=&#8221;40px&#8221; box_shadow_spread_tablet=&#8221;0px&#8221; global_colors_info=&#8221;{}&#8221;]<\/p>\n<h1>Vuositeema<\/h1>\n<p>[\/et_pb_text][\/et_pb_column][\/et_pb_row][\/et_pb_section][et_pb_section fb_built=&#8221;1&#8243; _builder_version=&#8221;4.21.2&#8243; _module_preset=&#8221;default&#8221; global_colors_info=&#8221;{}&#8221;][et_pb_row column_structure=&#8221;1_5,3_5,1_5&#8243; _builder_version=&#8221;4.21.2&#8243; _module_preset=&#8221;default&#8221; global_colors_info=&#8221;{}&#8221;][et_pb_column type=&#8221;1_5&#8243; _builder_version=&#8221;4.21.2&#8243; _module_preset=&#8221;default&#8221; global_colors_info=&#8221;{}&#8221;][\/et_pb_column][et_pb_column type=&#8221;3_5&#8243; _builder_version=&#8221;4.21.2&#8243; _module_preset=&#8221;default&#8221; global_colors_info=&#8221;{}&#8221;][et_pb_text admin_label=&#8221;Rotary Intenaional otsikko&#8221; _builder_version=&#8221;4.21.2&#8243; _module_preset=&#8221;default&#8221; global_colors_info=&#8221;{}&#8221;]<\/p>\n<h4 class=\"et_post_meta_wrapper\">Gordon R. McInally, RI-Presidentti 2023-24<\/h4>\n<p>[\/et_pb_text][\/et_pb_column][et_pb_column type=&#8221;1_5&#8243; _builder_version=&#8221;4.21.2&#8243; _module_preset=&#8221;default&#8221; global_colors_info=&#8221;{}&#8221;][\/et_pb_column][\/et_pb_row][et_pb_row column_structure=&#8221;1_5,3_5,1_5&#8243; _builder_version=&#8221;4.21.2&#8243; _module_preset=&#8221;default&#8221; custom_margin=&#8221;-120px||||false|false&#8221; global_colors_info=&#8221;{}&#8221;][et_pb_column type=&#8221;1_5&#8243; _builder_version=&#8221;4.21.2&#8243; _module_preset=&#8221;default&#8221; global_colors_info=&#8221;{}&#8221;][et_pb_image src=&#8221;https:\/\/rotary.fi\/kokemaki\/wp-content\/uploads\/sites\/104\/2023\/08\/2023-24-ri-presidentti.jpg&#8221; title_text=&#8221;2023-24 RI-presidentti&#8221; align=&#8221;center&#8221; _builder_version=&#8221;4.21.2&#8243; _module_preset=&#8221;default&#8221; max_height=&#8221;140px&#8221; global_colors_info=&#8221;{}&#8221;][\/et_pb_image][\/et_pb_column][et_pb_column type=&#8221;3_5&#8243; _builder_version=&#8221;4.21.2&#8243; _module_preset=&#8221;default&#8221; global_colors_info=&#8221;{}&#8221;][et_pb_text admin_label=&#8221;Teksti&#8221; _builder_version=&#8221;4.21.2&#8243; _module_preset=&#8221;default&#8221; global_colors_info=&#8221;{}&#8221;]<\/p>\n<p><a href=\"https:\/\/my.rotary.org\/en\/news-media\/office-president\/ri-president\" target=\"_blank\" rel=\"noopener noreferrer\">Rotary Internationalin presidentti<\/a><span data-tt=\"{}\">\u00a02023<\/span><span data-tt=\"{}\">\u2013<\/span><span data-tt=\"{}\">24 Gordon R. McInally, South Queensferryn Rotary Clubin j\u00e4sen Lothianista Skotlannista, on valinnut presidenttikautensa teemaksi \u201dCreate Hope in the World\u201d\u00a0<em>(<\/em><\/span><em>\u201dLuo toivoa maailmaan\u201d<\/em><span data-tt=\"{}\"><em>)<\/em>.<\/span><\/p>\n<p><span data-tt=\"{}\">McInally kehottaakin rotareita palauttamaan toivon ja auttamaan maailmaa parantumaan tuhoisista konflikteista sek\u00e4 auttamaan saavuttamaan kest\u00e4v\u00e4\u00e4 muutosta.<\/span><\/p>\n<p>[\/et_pb_text][\/et_pb_column][et_pb_column type=&#8221;1_5&#8243; _builder_version=&#8221;4.21.2&#8243; _module_preset=&#8221;default&#8221; global_colors_info=&#8221;{}&#8221;][et_pb_image src=&#8221;https:\/\/rotary.fi\/kokemaki\/wp-content\/uploads\/sites\/104\/2023\/08\/luo-toivoa.jpg&#8221; title_text=&#8221;Luo toivoa&#8221; align=&#8221;center&#8221; _builder_version=&#8221;4.21.2&#8243; _module_preset=&#8221;default&#8221; max_height=&#8221;140px&#8221; global_colors_info=&#8221;{}&#8221;][\/et_pb_image][\/et_pb_column][\/et_pb_row][\/et_pb_section][et_pb_section fb_built=&#8221;1&#8243; specialty=&#8221;on&#8221; module_class_2=&#8221;sivupalkki&#8221; _builder_version=&#8221;4.21.2&#8243; custom_margin=&#8221;-120px||||false|false&#8221; global_colors_info=&#8221;{}&#8221;][et_pb_column type=&#8221;2_3&#8243; specialty_columns=&#8221;2&#8243; _builder_version=&#8221;4.16&#8243; custom_padding=&#8221;|||&#8221; global_colors_info=&#8221;{}&#8221; custom_padding__hover=&#8221;|||&#8221;][et_pb_row_inner admin_label=&#8221;Rivi&#8221; _builder_version=&#8221;4.16&#8243; global_colors_info=&#8221;{}&#8221;][et_pb_column_inner saved_specialty_column_type=&#8221;2_3&#8243; _builder_version=&#8221;4.16&#8243; custom_padding=&#8221;|||&#8221; global_colors_info=&#8221;{}&#8221; custom_padding__hover=&#8221;|||&#8221;][et_pb_text admin_label=&#8221;Otsikko Kokem\u00e4en rotaryklubi&#8221; _builder_version=&#8221;4.21.2&#8243; header_text_align=&#8221;left&#8221; text_orientation=&#8221;center&#8221; z_index_tablet=&#8221;500&#8243; text_text_shadow_horizontal_length_tablet=&#8221;0px&#8221; text_text_shadow_vertical_length_tablet=&#8221;0px&#8221; text_text_shadow_blur_strength_tablet=&#8221;1px&#8221; link_text_shadow_horizontal_length_tablet=&#8221;0px&#8221; link_text_shadow_vertical_length_tablet=&#8221;0px&#8221; link_text_shadow_blur_strength_tablet=&#8221;1px&#8221; ul_text_shadow_horizontal_length_tablet=&#8221;0px&#8221; ul_text_shadow_vertical_length_tablet=&#8221;0px&#8221; ul_text_shadow_blur_strength_tablet=&#8221;1px&#8221; ol_text_shadow_horizontal_length_tablet=&#8221;0px&#8221; ol_text_shadow_vertical_length_tablet=&#8221;0px&#8221; ol_text_shadow_blur_strength_tablet=&#8221;1px&#8221; quote_text_shadow_horizontal_length_tablet=&#8221;0px&#8221; quote_text_shadow_vertical_length_tablet=&#8221;0px&#8221; quote_text_shadow_blur_strength_tablet=&#8221;1px&#8221; header_text_shadow_horizontal_length_tablet=&#8221;0px&#8221; header_text_shadow_vertical_length_tablet=&#8221;0px&#8221; header_text_shadow_blur_strength_tablet=&#8221;1px&#8221; header_2_text_shadow_horizontal_length_tablet=&#8221;0px&#8221; header_2_text_shadow_vertical_length_tablet=&#8221;0px&#8221; header_2_text_shadow_blur_strength_tablet=&#8221;1px&#8221; header_3_text_shadow_horizontal_length_tablet=&#8221;0px&#8221; header_3_text_shadow_vertical_length_tablet=&#8221;0px&#8221; header_3_text_shadow_blur_strength_tablet=&#8221;1px&#8221; header_4_text_shadow_horizontal_length_tablet=&#8221;0px&#8221; header_4_text_shadow_vertical_length_tablet=&#8221;0px&#8221; header_4_text_shadow_blur_strength_tablet=&#8221;1px&#8221; header_5_text_shadow_horizontal_length_tablet=&#8221;0px&#8221; header_5_text_shadow_vertical_length_tablet=&#8221;0px&#8221; header_5_text_shadow_blur_strength_tablet=&#8221;1px&#8221; header_6_text_shadow_horizontal_length_tablet=&#8221;0px&#8221; header_6_text_shadow_vertical_length_tablet=&#8221;0px&#8221; header_6_text_shadow_blur_strength_tablet=&#8221;1px&#8221; box_shadow_horizontal_tablet=&#8221;0px&#8221; box_shadow_vertical_tablet=&#8221;0px&#8221; box_shadow_blur_tablet=&#8221;40px&#8221; box_shadow_spread_tablet=&#8221;0px&#8221; global_colors_info=&#8221;{}&#8221;]<\/p>\n<h4 style=\"text-align: left\">Kokem\u00e4en Rotaryklubi<\/h4>\n<p>[\/et_pb_text][et_pb_text _builder_version=&#8221;4.22.1&#8243; hover_enabled=&#8221;0&#8243; z_index_tablet=&#8221;500&#8243; text_text_shadow_horizontal_length_tablet=&#8221;0px&#8221; text_text_shadow_vertical_length_tablet=&#8221;0px&#8221; text_text_shadow_blur_strength_tablet=&#8221;1px&#8221; link_text_shadow_horizontal_length_tablet=&#8221;0px&#8221; link_text_shadow_vertical_length_tablet=&#8221;0px&#8221; link_text_shadow_blur_strength_tablet=&#8221;1px&#8221; ul_text_shadow_horizontal_length_tablet=&#8221;0px&#8221; ul_text_shadow_vertical_length_tablet=&#8221;0px&#8221; ul_text_shadow_blur_strength_tablet=&#8221;1px&#8221; ol_text_shadow_horizontal_length_tablet=&#8221;0px&#8221; ol_text_shadow_vertical_length_tablet=&#8221;0px&#8221; ol_text_shadow_blur_strength_tablet=&#8221;1px&#8221; quote_text_shadow_horizontal_length_tablet=&#8221;0px&#8221; quote_text_shadow_vertical_length_tablet=&#8221;0px&#8221; quote_text_shadow_blur_strength_tablet=&#8221;1px&#8221; header_text_shadow_horizontal_length_tablet=&#8221;0px&#8221; header_text_shadow_vertical_length_tablet=&#8221;0px&#8221; header_text_shadow_blur_strength_tablet=&#8221;1px&#8221; header_2_text_shadow_horizontal_length_tablet=&#8221;0px&#8221; header_2_text_shadow_vertical_length_tablet=&#8221;0px&#8221; header_2_text_shadow_blur_strength_tablet=&#8221;1px&#8221; header_3_text_shadow_horizontal_length_tablet=&#8221;0px&#8221; header_3_text_shadow_vertical_length_tablet=&#8221;0px&#8221; header_3_text_shadow_blur_strength_tablet=&#8221;1px&#8221; header_4_text_shadow_horizontal_length_tablet=&#8221;0px&#8221; header_4_text_shadow_vertical_length_tablet=&#8221;0px&#8221; header_4_text_shadow_blur_strength_tablet=&#8221;1px&#8221; header_5_text_shadow_horizontal_length_tablet=&#8221;0px&#8221; header_5_text_shadow_vertical_length_tablet=&#8221;0px&#8221; header_5_text_shadow_blur_strength_tablet=&#8221;1px&#8221; header_6_text_shadow_horizontal_length_tablet=&#8221;0px&#8221; header_6_text_shadow_vertical_length_tablet=&#8221;0px&#8221; header_6_text_shadow_blur_strength_tablet=&#8221;1px&#8221; box_shadow_horizontal_tablet=&#8221;0px&#8221; box_shadow_vertical_tablet=&#8221;0px&#8221; box_shadow_blur_tablet=&#8221;40px&#8221; box_shadow_spread_tablet=&#8221;0px&#8221; global_colors_info=&#8221;{}&#8221; sticky_enabled=&#8221;0&#8243;]<\/p>\n<p><strong>Kokem\u00e4en rotaryklubi<\/strong>\u00a0 kiinnit\u00e4\u00e4\u00a0 huomiota klubin j\u00e4senkehitykseen ja sen rakenteeseen.\u00a0 Haasteina ovat j\u00e4senist\u00f6n korkea ik\u00e4 ja nuorten saaminen mukaan rotarytoimintaan.<\/p>\n<p>Lis\u00e4ksi klubi keskittyy j\u00e4senten aktivoimiseen ja julkisuuskuvansa kehitt\u00e4miseen. Tahdomme tehd\u00e4 Rotaryn saavutukset n\u00e4kyv\u00e4mm\u00e4ksi. Aktivoidumme yh\u00e4 voimakkaammin nuorten ja heid\u00e4n perheidens\u00e4 suuntaan tukeaksemme heid\u00e4n kasvuaan kohti toimintakykyist\u00e4, hyvinvoivaa aikuisuutta.<\/p>\n<p><strong><br \/>Erityisteemat rotaryvuodelle 2023\u20132024<\/strong><\/p>\n<p>Rotaryvuoden aikana korostetaan erityisesti seuraavia teemoja klubin toiminnassa:<\/p>\n<p>&#8211; Klubikokouksien sis\u00e4inen kehitt\u00e4minen mm. lis\u00e4\u00e4m\u00e4ll\u00e4 et\u00e4osallistumismahdollisuuksia (hybridikokoukset) sek\u00e4 teett\u00e4m\u00e4ll\u00e4 s\u00e4hk\u00f6inen j\u00e4senkysely.<\/p>\n<p>&#8211; J\u00e4senhankintakampanjoiden kehitt\u00e4minen (ml. SOME-tilej\u00e4 hy\u00f6dynt\u00e4m\u00e4ll\u00e4)<br \/>&#8211; Positiivisen julkikuvan luominen<br \/>&#8211; Klubin j\u00e4senm\u00e4\u00e4r\u00e4n lis\u00e4\u00e4minen (3-5 hl\u00f6\u00e4)<br \/>&#8211; Klubin j\u00e4senist\u00f6n monimuotoisuuden lis\u00e4\u00e4minen<br \/>&#8211; Yhteisty\u00f6n lis\u00e4\u00e4minen paikallisten yhdistystoimijoiden kanssa<br \/>&#8211; Yhteisty\u00f6n lis\u00e4\u00e4minen l\u00e4hialueen rotaryklubien kanssa (Intercity-kokoukset)<br \/>&#8211; Hyv\u00e4ntekev\u00e4isyyskampanjat tai ker\u00e4ykset (vuosittaisten yhteisty\u00f6kumppanien ja\/tai<br \/>avustuskohteiden p\u00e4\u00e4tt\u00e4minen elo-syyskuussa 2024, ml. lahjoitusvarat)<\/p>\n<p>&nbsp;<\/p>\n<p>[\/et_pb_text][\/et_pb_column_inner][\/et_pb_row_inner][\/et_pb_column][et_pb_column type=&#8221;1_3&#8243; _builder_version=&#8221;4.16&#8243; custom_padding=&#8221;|||&#8221; global_colors_info=&#8221;{}&#8221; custom_padding__hover=&#8221;|||&#8221;][et_pb_sidebar area=&#8221;sidebar-1&#8243; module_class=&#8221;sivupalkki_sisalto&#8221; _builder_version=&#8221;4.16&#8243; locked=&#8221;on&#8221; global_colors_info=&#8221;{}&#8221;]<br \/>\n[\/et_pb_sidebar][\/et_pb_column][\/et_pb_section]<\/p>\n","protected":false},"excerpt":{"rendered":"<p>VuositeemaGordon R. McInally, RI-Presidentti 2023-24Rotary Internationalin presidentti\u00a02023\u201324 Gordon R. McInally, South Queensferryn Rotary Clubin j\u00e4sen Lothianista Skotlannista, on valinnut presidenttikautensa teemaksi \u201dCreate Hope in the World\u201d\u00a0(\u201dLuo toivoa maailmaan\u201d). McInally kehottaakin rotareita palauttamaan toivon ja auttamaan maailmaa parantumaan tuhoisista konflikteista sek\u00e4 auttamaan saavuttamaan kest\u00e4v\u00e4\u00e4 muutosta.Kokem\u00e4en RotaryklubiKokem\u00e4en rotaryklubi\u00a0 kiinnit\u00e4\u00e4\u00a0 huomiota klubin j\u00e4senkehitykseen ja sen rakenteeseen.\u00a0 Haasteina ovat [&hellip;]<\/p>\n","protected":false},"author":193,"featured_media":0,"parent":0,"menu_order":0,"comment_status":"closed","ping_status":"closed","template":"","meta":{"_acf_changed":false,"_et_pb_use_builder":"on","_et_pb_old_content":"","_et_gb_content_width":"","footnotes":""},"class_list":["post-2960","page","type-page","status-publish","hentry"],"acf":[],"yoast_head":"<!-- This site is optimized with the Yoast SEO plugin v27.0 - https:\/\/yoast.com\/product\/yoast-seo-wordpress\/ -->\n<title>Vuositeema - Kokem\u00e4en Rotaryklubi<\/title>\n<meta name=\"robots\" content=\"index, follow, max-snippet:-1, max-image-preview:large, max-video-preview:-1\" \/>\n<link rel=\"canonical\" href=\"https:\/\/rotary.fi\/kokemaki\/vuositeema\/\" \/>\n<meta property=\"og:locale\" content=\"fi_FI\" \/>\n<meta property=\"og:type\" content=\"article\" \/>\n<meta property=\"og:title\" content=\"Vuositeema - Kokem\u00e4en Rotaryklubi\" \/>\n<meta property=\"og:description\" content=\"VuositeemaGordon R. McInally, RI-Presidentti 2023-24Rotary Internationalin presidentti\u00a02023\u201324 Gordon R. McInally, South Queensferryn Rotary Clubin j\u00e4sen Lothianista Skotlannista, on valinnut presidenttikautensa teemaksi \u201dCreate Hope in the World\u201d\u00a0(\u201dLuo toivoa maailmaan\u201d). McInally kehottaakin rotareita palauttamaan toivon ja auttamaan maailmaa parantumaan tuhoisista konflikteista sek\u00e4 auttamaan saavuttamaan kest\u00e4v\u00e4\u00e4 muutosta.Kokem\u00e4en RotaryklubiKokem\u00e4en rotaryklubi\u00a0 kiinnit\u00e4\u00e4\u00a0 huomiota klubin j\u00e4senkehitykseen ja sen rakenteeseen.\u00a0 Haasteina ovat [&hellip;]\" \/>\n<meta property=\"og:url\" content=\"https:\/\/rotary.fi\/kokemaki\/vuositeema\/\" \/>\n<meta property=\"og:site_name\" content=\"Kokem\u00e4en Rotaryklubi\" \/>\n<meta property=\"article:modified_time\" content=\"2023-09-16T15:27:32+00:00\" \/>\n<meta name=\"twitter:card\" content=\"summary_large_image\" \/>\n<meta name=\"twitter:label1\" content=\"Arvioitu lukuaika\" \/>\n\t<meta name=\"twitter:data1\" content=\"3 minuuttia\" \/>\n<script type=\"application\/ld+json\" class=\"yoast-schema-graph\">{\"@context\":\"https:\/\/schema.org\",\"@graph\":[{\"@type\":\"WebPage\",\"@id\":\"https:\/\/rotary.fi\/kokemaki\/vuositeema\/\",\"url\":\"https:\/\/rotary.fi\/kokemaki\/vuositeema\/\",\"name\":\"Vuositeema - Kokem\u00e4en Rotaryklubi\",\"isPartOf\":{\"@id\":\"https:\/\/rotary.fi\/kokemaki\/#website\"},\"datePublished\":\"2019-08-04T17:36:50+00:00\",\"dateModified\":\"2023-09-16T15:27:32+00:00\",\"breadcrumb\":{\"@id\":\"https:\/\/rotary.fi\/kokemaki\/vuositeema\/#breadcrumb\"},\"inLanguage\":\"fi\",\"potentialAction\":[{\"@type\":\"ReadAction\",\"target\":[\"https:\/\/rotary.fi\/kokemaki\/vuositeema\/\"]}]},{\"@type\":\"BreadcrumbList\",\"@id\":\"https:\/\/rotary.fi\/kokemaki\/vuositeema\/#breadcrumb\",\"itemListElement\":[{\"@type\":\"ListItem\",\"position\":1,\"name\":\"Home\",\"item\":\"https:\/\/rotary.fi\/kokemaki\/\"},{\"@type\":\"ListItem\",\"position\":2,\"name\":\"Vuositeema\"}]},{\"@type\":\"WebSite\",\"@id\":\"https:\/\/rotary.fi\/kokemaki\/#website\",\"url\":\"https:\/\/rotary.fi\/kokemaki\/\",\"name\":\"Kokem\u00e4en Rotaryklubi\",\"description\":\"Uusi Rotary klubisivusto\",\"potentialAction\":[{\"@type\":\"SearchAction\",\"target\":{\"@type\":\"EntryPoint\",\"urlTemplate\":\"https:\/\/rotary.fi\/kokemaki\/?s={search_term_string}\"},\"query-input\":{\"@type\":\"PropertyValueSpecification\",\"valueRequired\":true,\"valueName\":\"search_term_string\"}}],\"inLanguage\":\"fi\"}]}<\/script>\n<!-- \/ Yoast SEO plugin. -->","yoast_head_json":{"title":"Vuositeema - Kokem\u00e4en Rotaryklubi","robots":{"index":"index","follow":"follow","max-snippet":"max-snippet:-1","max-image-preview":"max-image-preview:large","max-video-preview":"max-video-preview:-1"},"canonical":"https:\/\/rotary.fi\/kokemaki\/vuositeema\/","og_locale":"fi_FI","og_type":"article","og_title":"Vuositeema - Kokem\u00e4en Rotaryklubi","og_description":"VuositeemaGordon R. McInally, RI-Presidentti 2023-24Rotary Internationalin presidentti\u00a02023\u201324 Gordon R. McInally, South Queensferryn Rotary Clubin j\u00e4sen Lothianista Skotlannista, on valinnut presidenttikautensa teemaksi \u201dCreate Hope in the World\u201d\u00a0(\u201dLuo toivoa maailmaan\u201d). McInally kehottaakin rotareita palauttamaan toivon ja auttamaan maailmaa parantumaan tuhoisista konflikteista sek\u00e4 auttamaan saavuttamaan kest\u00e4v\u00e4\u00e4 muutosta.Kokem\u00e4en RotaryklubiKokem\u00e4en rotaryklubi\u00a0 kiinnit\u00e4\u00e4\u00a0 huomiota klubin j\u00e4senkehitykseen ja sen rakenteeseen.\u00a0 Haasteina ovat [&hellip;]","og_url":"https:\/\/rotary.fi\/kokemaki\/vuositeema\/","og_site_name":"Kokem\u00e4en Rotaryklubi","article_modified_time":"2023-09-16T15:27:32+00:00","twitter_card":"summary_large_image","twitter_misc":{"Arvioitu lukuaika":"3 minuuttia"},"schema":{"@context":"https:\/\/schema.org","@graph":[{"@type":"WebPage","@id":"https:\/\/rotary.fi\/kokemaki\/vuositeema\/","url":"https:\/\/rotary.fi\/kokemaki\/vuositeema\/","name":"Vuositeema - Kokem\u00e4en Rotaryklubi","isPartOf":{"@id":"https:\/\/rotary.fi\/kokemaki\/#website"},"datePublished":"2019-08-04T17:36:50+00:00","dateModified":"2023-09-16T15:27:32+00:00","breadcrumb":{"@id":"https:\/\/rotary.fi\/kokemaki\/vuositeema\/#breadcrumb"},"inLanguage":"fi","potentialAction":[{"@type":"ReadAction","target":["https:\/\/rotary.fi\/kokemaki\/vuositeema\/"]}]},{"@type":"BreadcrumbList","@id":"https:\/\/rotary.fi\/kokemaki\/vuositeema\/#breadcrumb","itemListElement":[{"@type":"ListItem","position":1,"name":"Home","item":"https:\/\/rotary.fi\/kokemaki\/"},{"@type":"ListItem","position":2,"name":"Vuositeema"}]},{"@type":"WebSite","@id":"https:\/\/rotary.fi\/kokemaki\/#website","url":"https:\/\/rotary.fi\/kokemaki\/","name":"Kokem\u00e4en Rotaryklubi","description":"Uusi Rotary klubisivusto","potentialAction":[{"@type":"SearchAction","target":{"@type":"EntryPoint","urlTemplate":"https:\/\/rotary.fi\/kokemaki\/?s={search_term_string}"},"query-input":{"@type":"PropertyValueSpecification","valueRequired":true,"valueName":"search_term_string"}}],"inLanguage":"fi"}]}},"lang":"fi","translations":{"fi":2960},"pll_sync_post":[],"_links":{"self":[{"href":"https:\/\/rotary.fi\/kokemaki\/wp-json\/wp\/v2\/pages\/2960","targetHints":{"allow":["GET"]}}],"collection":[{"href":"https:\/\/rotary.fi\/kokemaki\/wp-json\/wp\/v2\/pages"}],"about":[{"href":"https:\/\/rotary.fi\/kokemaki\/wp-json\/wp\/v2\/types\/page"}],"author":[{"embeddable":true,"href":"https:\/\/rotary.fi\/kokemaki\/wp-json\/wp\/v2\/users\/193"}],"replies":[{"embeddable":true,"href":"https:\/\/rotary.fi\/kokemaki\/wp-json\/wp\/v2\/comments?post=2960"}],"version-history":[{"count":9,"href":"https:\/\/rotary.fi\/kokemaki\/wp-json\/wp\/v2\/pages\/2960\/revisions"}],"predecessor-version":[{"id":6647,"href":"https:\/\/rotary.fi\/kokemaki\/wp-json\/wp\/v2\/pages\/2960\/revisions\/6647"}],"wp:attachment":[{"href":"https:\/\/rotary.fi\/kokemaki\/wp-json\/wp\/v2\/media?parent=2960"}],"curies":[{"name":"wp","href":"https:\/\/api.w.org\/{rel}","templated":true}]}}