{"id":2874,"date":"2019-07-27T20:57:38","date_gmt":"2019-07-27T17:57:38","guid":{"rendered":"https:\/\/rotary.fi\/kokemaki\/?page_id=2874"},"modified":"2024-11-14T12:19:32","modified_gmt":"2024-11-14T10:19:32","slug":"keita-olemme-2","status":"publish","type":"page","link":"https:\/\/rotary.fi\/kokemaki\/keita-olemme-2\/","title":{"rendered":"Keit\u00e4 olemme"},"content":{"rendered":"<p>[et_pb_section fb_built=&#8221;1&#8243; _builder_version=&#8221;4.22.0&#8243; background_image=&#8221;https:\/\/rotary.fi\/kokemaki\/wp-content\/uploads\/sites\/104\/2019\/09\/ryhmakuva.jpg&#8221; background_position=&#8221;top_center&#8221; width=&#8221;100%&#8221; max_width=&#8221;90%&#8221; inner_width_tablet=&#8221;50px&#8221; inner_max_width_tablet=&#8221;100px&#8221; inner_max_width_phone=&#8221;50px&#8221; custom_margin=&#8221;|5%||5%&#8221; hover_enabled=&#8221;0&#8243; z_index_tablet=&#8221;500&#8243; box_shadow_horizontal_tablet=&#8221;0px&#8221; box_shadow_vertical_tablet=&#8221;0px&#8221; box_shadow_blur_tablet=&#8221;40px&#8221; box_shadow_spread_tablet=&#8221;0px&#8221; global_colors_info=&#8221;{}&#8221; sticky_enabled=&#8221;0&#8243;][et_pb_row _builder_version=&#8221;4.16&#8243; background_size=&#8221;initial&#8221; background_position=&#8221;top_left&#8221; background_repeat=&#8221;repeat&#8221; global_colors_info=&#8221;{}&#8221;][et_pb_column type=&#8221;4_4&#8243; _builder_version=&#8221;4.16&#8243; custom_padding=&#8221;|||&#8221; global_colors_info=&#8221;{}&#8221; custom_padding__hover=&#8221;|||&#8221;][et_pb_text admin_label=&#8221;P\u00e4\u00e4otsikko&#8221; _builder_version=&#8221;4.16&#8243; text_orientation=&#8221;center&#8221; background_layout=&#8221;dark&#8221; width=&#8221;100%&#8221; max_width=&#8221;90%&#8221; animation_style=&#8221;fade&#8221; animation_duration=&#8221;2000ms&#8221; z_index_tablet=&#8221;500&#8243; text_text_shadow_style=&#8221;preset3&#8243; text_text_shadow_blur_strength_tablet=&#8221;1px&#8221; link_text_shadow_horizontal_length_tablet=&#8221;0px&#8221; link_text_shadow_vertical_length_tablet=&#8221;0px&#8221; link_text_shadow_blur_strength_tablet=&#8221;1px&#8221; ul_text_shadow_horizontal_length_tablet=&#8221;0px&#8221; ul_text_shadow_vertical_length_tablet=&#8221;0px&#8221; ul_text_shadow_blur_strength_tablet=&#8221;1px&#8221; ol_text_shadow_horizontal_length_tablet=&#8221;0px&#8221; ol_text_shadow_vertical_length_tablet=&#8221;0px&#8221; ol_text_shadow_blur_strength_tablet=&#8221;1px&#8221; quote_text_shadow_horizontal_length_tablet=&#8221;0px&#8221; quote_text_shadow_vertical_length_tablet=&#8221;0px&#8221; quote_text_shadow_blur_strength_tablet=&#8221;1px&#8221; header_text_shadow_horizontal_length_tablet=&#8221;0px&#8221; header_text_shadow_vertical_length_tablet=&#8221;0px&#8221; header_text_shadow_blur_strength_tablet=&#8221;1px&#8221; header_2_text_shadow_horizontal_length_tablet=&#8221;0px&#8221; header_2_text_shadow_vertical_length_tablet=&#8221;0px&#8221; header_2_text_shadow_blur_strength_tablet=&#8221;1px&#8221; header_3_text_shadow_horizontal_length_tablet=&#8221;0px&#8221; header_3_text_shadow_vertical_length_tablet=&#8221;0px&#8221; header_3_text_shadow_blur_strength_tablet=&#8221;1px&#8221; header_4_text_shadow_horizontal_length_tablet=&#8221;0px&#8221; header_4_text_shadow_vertical_length_tablet=&#8221;0px&#8221; header_4_text_shadow_blur_strength_tablet=&#8221;1px&#8221; header_5_text_shadow_horizontal_length_tablet=&#8221;0px&#8221; header_5_text_shadow_vertical_length_tablet=&#8221;0px&#8221; header_5_text_shadow_blur_strength_tablet=&#8221;1px&#8221; header_6_text_shadow_horizontal_length_tablet=&#8221;0px&#8221; header_6_text_shadow_vertical_length_tablet=&#8221;0px&#8221; header_6_text_shadow_blur_strength_tablet=&#8221;1px&#8221; box_shadow_horizontal_tablet=&#8221;0px&#8221; box_shadow_vertical_tablet=&#8221;0px&#8221; box_shadow_blur_tablet=&#8221;40px&#8221; box_shadow_spread_tablet=&#8221;0px&#8221; global_colors_info=&#8221;{}&#8221;]<\/p>\n<h1>Keit\u00e4 olemme<\/h1>\n<p>[\/et_pb_text][\/et_pb_column][\/et_pb_row][\/et_pb_section][et_pb_section fb_built=&#8221;1&#8243; specialty=&#8221;on&#8221; module_class_2=&#8221;sivupalkki&#8221; _builder_version=&#8221;4.16&#8243; global_colors_info=&#8221;{}&#8221;][et_pb_column type=&#8221;2_3&#8243; specialty_columns=&#8221;2&#8243; _builder_version=&#8221;4.16&#8243; custom_padding=&#8221;|||&#8221; global_colors_info=&#8221;{}&#8221; custom_padding__hover=&#8221;|||&#8221;][et_pb_row_inner admin_label=&#8221;Rivi&#8221; _builder_version=&#8221;4.16&#8243; global_colors_info=&#8221;{}&#8221;][et_pb_column_inner saved_specialty_column_type=&#8221;2_3&#8243; _builder_version=&#8221;4.16&#8243; custom_padding=&#8221;|||&#8221; global_colors_info=&#8221;{}&#8221; custom_padding__hover=&#8221;|||&#8221;][et_pb_text admin_label=&#8221;Otsikko&#8221; _builder_version=&#8221;4.16&#8243; text_orientation=&#8221;center&#8221; z_index_tablet=&#8221;500&#8243; text_text_shadow_horizontal_length_tablet=&#8221;0px&#8221; text_text_shadow_vertical_length_tablet=&#8221;0px&#8221; text_text_shadow_blur_strength_tablet=&#8221;1px&#8221; link_text_shadow_horizontal_length_tablet=&#8221;0px&#8221; link_text_shadow_vertical_length_tablet=&#8221;0px&#8221; link_text_shadow_blur_strength_tablet=&#8221;1px&#8221; ul_text_shadow_horizontal_length_tablet=&#8221;0px&#8221; ul_text_shadow_vertical_length_tablet=&#8221;0px&#8221; ul_text_shadow_blur_strength_tablet=&#8221;1px&#8221; ol_text_shadow_horizontal_length_tablet=&#8221;0px&#8221; ol_text_shadow_vertical_length_tablet=&#8221;0px&#8221; ol_text_shadow_blur_strength_tablet=&#8221;1px&#8221; quote_text_shadow_horizontal_length_tablet=&#8221;0px&#8221; quote_text_shadow_vertical_length_tablet=&#8221;0px&#8221; quote_text_shadow_blur_strength_tablet=&#8221;1px&#8221; header_text_shadow_horizontal_length_tablet=&#8221;0px&#8221; header_text_shadow_vertical_length_tablet=&#8221;0px&#8221; header_text_shadow_blur_strength_tablet=&#8221;1px&#8221; header_2_text_shadow_horizontal_length_tablet=&#8221;0px&#8221; header_2_text_shadow_vertical_length_tablet=&#8221;0px&#8221; header_2_text_shadow_blur_strength_tablet=&#8221;1px&#8221; header_3_text_shadow_horizontal_length_tablet=&#8221;0px&#8221; header_3_text_shadow_vertical_length_tablet=&#8221;0px&#8221; header_3_text_shadow_blur_strength_tablet=&#8221;1px&#8221; header_4_text_shadow_horizontal_length_tablet=&#8221;0px&#8221; header_4_text_shadow_vertical_length_tablet=&#8221;0px&#8221; header_4_text_shadow_blur_strength_tablet=&#8221;1px&#8221; header_5_text_shadow_horizontal_length_tablet=&#8221;0px&#8221; header_5_text_shadow_vertical_length_tablet=&#8221;0px&#8221; header_5_text_shadow_blur_strength_tablet=&#8221;1px&#8221; header_6_text_shadow_horizontal_length_tablet=&#8221;0px&#8221; header_6_text_shadow_vertical_length_tablet=&#8221;0px&#8221; header_6_text_shadow_blur_strength_tablet=&#8221;1px&#8221; box_shadow_horizontal_tablet=&#8221;0px&#8221; box_shadow_vertical_tablet=&#8221;0px&#8221; box_shadow_blur_tablet=&#8221;40px&#8221; box_shadow_spread_tablet=&#8221;0px&#8221; global_colors_info=&#8221;{}&#8221;][\/et_pb_text][et_pb_image src=&#8221;https:\/\/rotary.fi\/kokemaki\/wp-content\/uploads\/sites\/104\/2019\/09\/tahdet-1.jpg&#8221; admin_label=&#8221;Vaaleat t\u00e4hdet&#8221; _builder_version=&#8221;4.16&#8243; z_index_tablet=&#8221;500&#8243; box_shadow_horizontal_tablet=&#8221;0px&#8221; box_shadow_vertical_tablet=&#8221;0px&#8221; box_shadow_blur_tablet=&#8221;40px&#8221; box_shadow_spread_tablet=&#8221;0px&#8221; global_colors_info=&#8221;{}&#8221;][\/et_pb_image][et_pb_text _builder_version=&#8221;4.16&#8243; z_index_tablet=&#8221;500&#8243; text_text_shadow_horizontal_length_tablet=&#8221;0px&#8221; text_text_shadow_vertical_length_tablet=&#8221;0px&#8221; text_text_shadow_blur_strength_tablet=&#8221;1px&#8221; link_text_shadow_horizontal_length_tablet=&#8221;0px&#8221; link_text_shadow_vertical_length_tablet=&#8221;0px&#8221; link_text_shadow_blur_strength_tablet=&#8221;1px&#8221; ul_text_shadow_horizontal_length_tablet=&#8221;0px&#8221; ul_text_shadow_vertical_length_tablet=&#8221;0px&#8221; ul_text_shadow_blur_strength_tablet=&#8221;1px&#8221; ol_text_shadow_horizontal_length_tablet=&#8221;0px&#8221; ol_text_shadow_vertical_length_tablet=&#8221;0px&#8221; ol_text_shadow_blur_strength_tablet=&#8221;1px&#8221; quote_text_shadow_horizontal_length_tablet=&#8221;0px&#8221; quote_text_shadow_vertical_length_tablet=&#8221;0px&#8221; quote_text_shadow_blur_strength_tablet=&#8221;1px&#8221; header_text_shadow_horizontal_length_tablet=&#8221;0px&#8221; header_text_shadow_vertical_length_tablet=&#8221;0px&#8221; header_text_shadow_blur_strength_tablet=&#8221;1px&#8221; header_2_text_shadow_horizontal_length_tablet=&#8221;0px&#8221; header_2_text_shadow_vertical_length_tablet=&#8221;0px&#8221; header_2_text_shadow_blur_strength_tablet=&#8221;1px&#8221; header_3_text_shadow_horizontal_length_tablet=&#8221;0px&#8221; header_3_text_shadow_vertical_length_tablet=&#8221;0px&#8221; header_3_text_shadow_blur_strength_tablet=&#8221;1px&#8221; header_4_text_shadow_horizontal_length_tablet=&#8221;0px&#8221; header_4_text_shadow_vertical_length_tablet=&#8221;0px&#8221; header_4_text_shadow_blur_strength_tablet=&#8221;1px&#8221; header_5_text_shadow_horizontal_length_tablet=&#8221;0px&#8221; header_5_text_shadow_vertical_length_tablet=&#8221;0px&#8221; header_5_text_shadow_blur_strength_tablet=&#8221;1px&#8221; header_6_text_shadow_horizontal_length_tablet=&#8221;0px&#8221; header_6_text_shadow_vertical_length_tablet=&#8221;0px&#8221; header_6_text_shadow_blur_strength_tablet=&#8221;1px&#8221; box_shadow_horizontal_tablet=&#8221;0px&#8221; box_shadow_vertical_tablet=&#8221;0px&#8221; box_shadow_blur_tablet=&#8221;40px&#8221; box_shadow_spread_tablet=&#8221;0px&#8221; global_colors_info=&#8221;{}&#8221;]<\/p>\n<p><strong>J\u00e4senyys Kokem\u00e4en rotaryklubissa on toveruutta, joka tekee toiminnastamme iloisen asian.<\/strong><\/p>\n<p>Kokem\u00e4en rotaryklubin j\u00e4senist\u00f6 koostuu eri ammattiryhmi\u00e4 edustavista ja eri-ik\u00e4isist\u00e4 henkil\u00f6ist\u00e4. J\u00e4senet edustavat klubissa omaa ammattikuntaansa luokitteensa mukaisesti ja tuovat ammattitaitoaan, omaa n\u00e4kemyst\u00e4\u00e4n ja el\u00e4m\u00e4nkokemustaan klubitoimintamme kehitt\u00e4miseksi.<\/p>\n<p>J\u00e4senilt\u00e4mme edellytet\u00e4\u00e4n mm. hyv\u00e4\u00e4 mainetta ja palveluhenkisyytt\u00e4. J\u00e4senhankintamme tapahtuu kutsumismenettelyll\u00e4.<\/p>\n<p>Rotary toteuttaa toimissaan humanit\u00e4\u00e4rist\u00e4 palvelua sek\u00e4 kotimaassa ett\u00e4 maailmanlaajuisesti monin eri tavoin.<\/p>\n<p>[\/et_pb_text][\/et_pb_column_inner][\/et_pb_row_inner][et_pb_row_inner admin_label=&#8221;Rivi&#8221; _builder_version=&#8221;4.16&#8243; global_colors_info=&#8221;{}&#8221;][et_pb_column_inner saved_specialty_column_type=&#8221;2_3&#8243; _builder_version=&#8221;4.16&#8243; custom_padding=&#8221;|||&#8221; global_colors_info=&#8221;{}&#8221; custom_padding__hover=&#8221;|||&#8221;][et_pb_image src=&#8221;https:\/\/rotary.fi\/kokemaki\/wp-content\/uploads\/sites\/104\/2019\/09\/tahdet-1.jpg&#8221; admin_label=&#8221;Vaaleat t\u00e4hdet&#8221; _builder_version=&#8221;4.16&#8243; z_index_tablet=&#8221;500&#8243; box_shadow_horizontal_tablet=&#8221;0px&#8221; box_shadow_vertical_tablet=&#8221;0px&#8221; box_shadow_blur_tablet=&#8221;40px&#8221; box_shadow_spread_tablet=&#8221;0px&#8221; global_colors_info=&#8221;{}&#8221;][\/et_pb_image][\/et_pb_column_inner][\/et_pb_row_inner][et_pb_row_inner admin_label=&#8221;Rivi&#8221; _builder_version=&#8221;4.16&#8243; global_colors_info=&#8221;{}&#8221;][et_pb_column_inner saved_specialty_column_type=&#8221;2_3&#8243; _builder_version=&#8221;4.16&#8243; custom_padding=&#8221;|||&#8221; global_colors_info=&#8221;{}&#8221; custom_padding__hover=&#8221;|||&#8221;][et_pb_text _builder_version=&#8221;4.21.0&#8243; z_index_tablet=&#8221;500&#8243; text_text_shadow_horizontal_length_tablet=&#8221;0px&#8221; text_text_shadow_vertical_length_tablet=&#8221;0px&#8221; text_text_shadow_blur_strength_tablet=&#8221;1px&#8221; link_text_shadow_horizontal_length_tablet=&#8221;0px&#8221; link_text_shadow_vertical_length_tablet=&#8221;0px&#8221; link_text_shadow_blur_strength_tablet=&#8221;1px&#8221; ul_text_shadow_horizontal_length_tablet=&#8221;0px&#8221; ul_text_shadow_vertical_length_tablet=&#8221;0px&#8221; ul_text_shadow_blur_strength_tablet=&#8221;1px&#8221; ol_text_shadow_horizontal_length_tablet=&#8221;0px&#8221; ol_text_shadow_vertical_length_tablet=&#8221;0px&#8221; ol_text_shadow_blur_strength_tablet=&#8221;1px&#8221; quote_text_shadow_horizontal_length_tablet=&#8221;0px&#8221; quote_text_shadow_vertical_length_tablet=&#8221;0px&#8221; quote_text_shadow_blur_strength_tablet=&#8221;1px&#8221; header_text_shadow_horizontal_length_tablet=&#8221;0px&#8221; header_text_shadow_vertical_length_tablet=&#8221;0px&#8221; header_text_shadow_blur_strength_tablet=&#8221;1px&#8221; header_2_text_shadow_horizontal_length_tablet=&#8221;0px&#8221; header_2_text_shadow_vertical_length_tablet=&#8221;0px&#8221; header_2_text_shadow_blur_strength_tablet=&#8221;1px&#8221; header_3_text_shadow_horizontal_length_tablet=&#8221;0px&#8221; header_3_text_shadow_vertical_length_tablet=&#8221;0px&#8221; header_3_text_shadow_blur_strength_tablet=&#8221;1px&#8221; header_4_text_shadow_horizontal_length_tablet=&#8221;0px&#8221; header_4_text_shadow_vertical_length_tablet=&#8221;0px&#8221; header_4_text_shadow_blur_strength_tablet=&#8221;1px&#8221; header_5_text_shadow_horizontal_length_tablet=&#8221;0px&#8221; header_5_text_shadow_vertical_length_tablet=&#8221;0px&#8221; header_5_text_shadow_blur_strength_tablet=&#8221;1px&#8221; header_6_text_shadow_horizontal_length_tablet=&#8221;0px&#8221; header_6_text_shadow_vertical_length_tablet=&#8221;0px&#8221; header_6_text_shadow_blur_strength_tablet=&#8221;1px&#8221; box_shadow_horizontal_tablet=&#8221;0px&#8221; box_shadow_vertical_tablet=&#8221;0px&#8221; box_shadow_blur_tablet=&#8221;40px&#8221; box_shadow_spread_tablet=&#8221;0px&#8221; global_colors_info=&#8221;{}&#8221;]<\/p>\n<div class=\"et_pb_module et_pb_text et_pb_text_1 et_pb_bg_layout_light et_pb_text_align_center\">\n<div class=\"et_pb_text_inner\">\n<h3 style=\"text-align: left\">Mik\u00e4 on Rotary<\/h3>\n<p style=\"text-align: left\">Rotary on eettisell\u00e4 pohjalla toimiva kansainv\u00e4linen palveluj\u00e4rjest\u00f6, joka toimii yli 200 maassa. J\u00e4seni\u00e4 sill\u00e4 on yli 1,2 miljoonaa. Suomessa ja Virossa on noin 270 rotaryklubia ja rotareita niiss\u00e4 on yhteens\u00e4 noin 8900.<\/p>\n<\/div>\n<\/div>\n<div class=\"et_pb_module et_pb_text et_pb_text_2 et_pb_bg_layout_light et_pb_text_align_left\">\n<div class=\"et_pb_text_inner\">\n<p>Rotarytoiminnan perustana ovat paikalliset rotaryklubit, jotka kokoavat yhteen samanmielisi\u00e4 vaikuttajia tekem\u00e4\u00e4n hyv\u00e4\u00e4 omalla paikkakunnallaan. Klubit kutsuvat j\u00e4senikseen paikkakuntiensa hyv\u00e4maineisia ammattimiehi\u00e4 ja -naisia. Klubeilla on s\u00e4\u00e4nn\u00f6lliset kokoontumisajat, joissa eri ammattiryhmist\u00e4 koostuvat j\u00e4senet pit\u00e4v\u00e4t esitelmi\u00e4 ajankohtaisista aiheista tai kutsuvat ulkopuolisia puhujavieraita.<\/p>\n<p>Rotary tunnetaan maailmanlaajuisesta nuorisovaihdosta ja nuorten johtajien koulutuksesta. L\u00e4hes jokaisella suurehkolla paikkakunnalla Rotary j\u00e4rjest\u00e4\u00e4 vuosittain paikallisen nuoren vaihto-oppilasvuoden ja ottaa vastaan nuoren jostain p\u00e4in maailmaa.<\/p>\n<p>Rotaryn n\u00e4kyvin projekti on polion poistaminen maapallolta. Rotary on ker\u00e4nnyt rahaa ja tehnyt ty\u00f6t\u00e4 vuodesta 1985 PolioPlus-hankkeessa. Tavoitteena on rokottaa kaikki maailman lapset poliota vastaan. Yhteisty\u00f6kumppaneina t\u00e4ss\u00e4 ty\u00f6ss\u00e4 ovat mm. Maailman terveysj\u00e4rjest\u00f6 WHO, Rotary International, USA:n terveysviraston osa ja YK:n lastenrahasto sek\u00e4 monet valtiot. My\u00f6hemmin t\u00e4rke\u00e4ksi yhteisty\u00f6kumppaniksi on tullut my\u00f6s Bill ja Melinda Gatesin s\u00e4\u00e4ti\u00f6.<\/p>\n<p>Mittavan kampanjan ansiosta poliotapaukset ovat v\u00e4hentyneet maailmassa yli 350 000 tapauksesta vuodessa l\u00e4hes nollaan.<\/p>\n<p>Lue lis\u00e4\u00e4 Rotarysta\u00a0<a href=\"https:\/\/rotary.fi\/wp-content\/uploads\/2022\/07\/Matrikkeli-2022%E2%80%932023.pdf\" rel=\"attachment wp-att-6131\">Perustietoa Rotarysta 2022\u20132023<\/a>\u00a0-julkaisusta.<\/p>\n<\/div>\n<\/div>\n<p>[\/et_pb_text][\/et_pb_column_inner][\/et_pb_row_inner][\/et_pb_column][et_pb_column type=&#8221;1_3&#8243; _builder_version=&#8221;4.16&#8243; custom_padding=&#8221;|||&#8221; global_colors_info=&#8221;{}&#8221; custom_padding__hover=&#8221;|||&#8221;][et_pb_sidebar area=&#8221;sidebar-1&#8243; module_class=&#8221;sivupalkki_sisalto&#8221; _builder_version=&#8221;4.16&#8243; locked=&#8221;on&#8221; global_colors_info=&#8221;{}&#8221;]<br \/>\n[\/et_pb_sidebar][\/et_pb_column][\/et_pb_section]<\/p>\n","protected":false},"excerpt":{"rendered":"<p>Keit\u00e4 olemme J\u00e4senyys Kokem\u00e4en rotaryklubissa on toveruutta, joka tekee toiminnastamme iloisen asian. Kokem\u00e4en rotaryklubin j\u00e4senist\u00f6 koostuu eri ammattiryhmi\u00e4 edustavista ja eri-ik\u00e4isist\u00e4 henkil\u00f6ist\u00e4. J\u00e4senet edustavat klubissa omaa ammattikuntaansa luokitteensa mukaisesti ja tuovat ammattitaitoaan, omaa n\u00e4kemyst\u00e4\u00e4n ja el\u00e4m\u00e4nkokemustaan klubitoimintamme kehitt\u00e4miseksi. J\u00e4senilt\u00e4mme edellytet\u00e4\u00e4n mm. hyv\u00e4\u00e4 mainetta ja palveluhenkisyytt\u00e4. J\u00e4senhankintamme tapahtuu kutsumismenettelyll\u00e4. Rotary toteuttaa toimissaan humanit\u00e4\u00e4rist\u00e4 palvelua sek\u00e4 kotimaassa [&hellip;]<\/p>\n","protected":false},"author":193,"featured_media":0,"parent":0,"menu_order":0,"comment_status":"closed","ping_status":"closed","template":"","meta":{"_acf_changed":false,"_et_pb_use_builder":"on","_et_pb_old_content":"","_et_gb_content_width":"","footnotes":""},"class_list":["post-2874","page","type-page","status-publish","hentry"],"acf":[],"yoast_head":"<!-- This site is optimized with the Yoast SEO plugin v27.0 - https:\/\/yoast.com\/product\/yoast-seo-wordpress\/ -->\n<title>Keit\u00e4 olemme - Kokem\u00e4en Rotaryklubi<\/title>\n<meta name=\"robots\" content=\"index, follow, max-snippet:-1, max-image-preview:large, max-video-preview:-1\" \/>\n<link rel=\"canonical\" href=\"https:\/\/rotary.fi\/kokemaki\/keita-olemme-2\/\" \/>\n<meta property=\"og:locale\" content=\"fi_FI\" \/>\n<meta property=\"og:type\" content=\"article\" \/>\n<meta property=\"og:title\" content=\"Keit\u00e4 olemme - Kokem\u00e4en Rotaryklubi\" \/>\n<meta property=\"og:description\" content=\"Keit\u00e4 olemme J\u00e4senyys Kokem\u00e4en rotaryklubissa on toveruutta, joka tekee toiminnastamme iloisen asian. Kokem\u00e4en rotaryklubin j\u00e4senist\u00f6 koostuu eri ammattiryhmi\u00e4 edustavista ja eri-ik\u00e4isist\u00e4 henkil\u00f6ist\u00e4. J\u00e4senet edustavat klubissa omaa ammattikuntaansa luokitteensa mukaisesti ja tuovat ammattitaitoaan, omaa n\u00e4kemyst\u00e4\u00e4n ja el\u00e4m\u00e4nkokemustaan klubitoimintamme kehitt\u00e4miseksi. J\u00e4senilt\u00e4mme edellytet\u00e4\u00e4n mm. hyv\u00e4\u00e4 mainetta ja palveluhenkisyytt\u00e4. J\u00e4senhankintamme tapahtuu kutsumismenettelyll\u00e4. Rotary toteuttaa toimissaan humanit\u00e4\u00e4rist\u00e4 palvelua sek\u00e4 kotimaassa [&hellip;]\" \/>\n<meta property=\"og:url\" content=\"https:\/\/rotary.fi\/kokemaki\/keita-olemme-2\/\" \/>\n<meta property=\"og:site_name\" content=\"Kokem\u00e4en Rotaryklubi\" \/>\n<meta property=\"article:modified_time\" content=\"2024-11-14T10:19:32+00:00\" \/>\n<meta name=\"twitter:card\" content=\"summary_large_image\" \/>\n<meta name=\"twitter:label1\" content=\"Arvioitu lukuaika\" \/>\n\t<meta name=\"twitter:data1\" content=\"4 minuuttia\" \/>\n<script type=\"application\/ld+json\" class=\"yoast-schema-graph\">{\"@context\":\"https:\/\/schema.org\",\"@graph\":[{\"@type\":\"WebPage\",\"@id\":\"https:\/\/rotary.fi\/kokemaki\/keita-olemme-2\/\",\"url\":\"https:\/\/rotary.fi\/kokemaki\/keita-olemme-2\/\",\"name\":\"Keit\u00e4 olemme - Kokem\u00e4en Rotaryklubi\",\"isPartOf\":{\"@id\":\"https:\/\/rotary.fi\/kokemaki\/#website\"},\"datePublished\":\"2019-07-27T17:57:38+00:00\",\"dateModified\":\"2024-11-14T10:19:32+00:00\",\"breadcrumb\":{\"@id\":\"https:\/\/rotary.fi\/kokemaki\/keita-olemme-2\/#breadcrumb\"},\"inLanguage\":\"fi\",\"potentialAction\":[{\"@type\":\"ReadAction\",\"target\":[\"https:\/\/rotary.fi\/kokemaki\/keita-olemme-2\/\"]}]},{\"@type\":\"BreadcrumbList\",\"@id\":\"https:\/\/rotary.fi\/kokemaki\/keita-olemme-2\/#breadcrumb\",\"itemListElement\":[{\"@type\":\"ListItem\",\"position\":1,\"name\":\"Home\",\"item\":\"https:\/\/rotary.fi\/kokemaki\/\"},{\"@type\":\"ListItem\",\"position\":2,\"name\":\"Keit\u00e4 olemme\"}]},{\"@type\":\"WebSite\",\"@id\":\"https:\/\/rotary.fi\/kokemaki\/#website\",\"url\":\"https:\/\/rotary.fi\/kokemaki\/\",\"name\":\"Kokem\u00e4en Rotaryklubi\",\"description\":\"Uusi Rotary klubisivusto\",\"potentialAction\":[{\"@type\":\"SearchAction\",\"target\":{\"@type\":\"EntryPoint\",\"urlTemplate\":\"https:\/\/rotary.fi\/kokemaki\/?s={search_term_string}\"},\"query-input\":{\"@type\":\"PropertyValueSpecification\",\"valueRequired\":true,\"valueName\":\"search_term_string\"}}],\"inLanguage\":\"fi\"}]}<\/script>\n<!-- \/ Yoast SEO plugin. -->","yoast_head_json":{"title":"Keit\u00e4 olemme - Kokem\u00e4en Rotaryklubi","robots":{"index":"index","follow":"follow","max-snippet":"max-snippet:-1","max-image-preview":"max-image-preview:large","max-video-preview":"max-video-preview:-1"},"canonical":"https:\/\/rotary.fi\/kokemaki\/keita-olemme-2\/","og_locale":"fi_FI","og_type":"article","og_title":"Keit\u00e4 olemme - Kokem\u00e4en Rotaryklubi","og_description":"Keit\u00e4 olemme J\u00e4senyys Kokem\u00e4en rotaryklubissa on toveruutta, joka tekee toiminnastamme iloisen asian. Kokem\u00e4en rotaryklubin j\u00e4senist\u00f6 koostuu eri ammattiryhmi\u00e4 edustavista ja eri-ik\u00e4isist\u00e4 henkil\u00f6ist\u00e4. J\u00e4senet edustavat klubissa omaa ammattikuntaansa luokitteensa mukaisesti ja tuovat ammattitaitoaan, omaa n\u00e4kemyst\u00e4\u00e4n ja el\u00e4m\u00e4nkokemustaan klubitoimintamme kehitt\u00e4miseksi. J\u00e4senilt\u00e4mme edellytet\u00e4\u00e4n mm. hyv\u00e4\u00e4 mainetta ja palveluhenkisyytt\u00e4. J\u00e4senhankintamme tapahtuu kutsumismenettelyll\u00e4. Rotary toteuttaa toimissaan humanit\u00e4\u00e4rist\u00e4 palvelua sek\u00e4 kotimaassa [&hellip;]","og_url":"https:\/\/rotary.fi\/kokemaki\/keita-olemme-2\/","og_site_name":"Kokem\u00e4en Rotaryklubi","article_modified_time":"2024-11-14T10:19:32+00:00","twitter_card":"summary_large_image","twitter_misc":{"Arvioitu lukuaika":"4 minuuttia"},"schema":{"@context":"https:\/\/schema.org","@graph":[{"@type":"WebPage","@id":"https:\/\/rotary.fi\/kokemaki\/keita-olemme-2\/","url":"https:\/\/rotary.fi\/kokemaki\/keita-olemme-2\/","name":"Keit\u00e4 olemme - Kokem\u00e4en Rotaryklubi","isPartOf":{"@id":"https:\/\/rotary.fi\/kokemaki\/#website"},"datePublished":"2019-07-27T17:57:38+00:00","dateModified":"2024-11-14T10:19:32+00:00","breadcrumb":{"@id":"https:\/\/rotary.fi\/kokemaki\/keita-olemme-2\/#breadcrumb"},"inLanguage":"fi","potentialAction":[{"@type":"ReadAction","target":["https:\/\/rotary.fi\/kokemaki\/keita-olemme-2\/"]}]},{"@type":"BreadcrumbList","@id":"https:\/\/rotary.fi\/kokemaki\/keita-olemme-2\/#breadcrumb","itemListElement":[{"@type":"ListItem","position":1,"name":"Home","item":"https:\/\/rotary.fi\/kokemaki\/"},{"@type":"ListItem","position":2,"name":"Keit\u00e4 olemme"}]},{"@type":"WebSite","@id":"https:\/\/rotary.fi\/kokemaki\/#website","url":"https:\/\/rotary.fi\/kokemaki\/","name":"Kokem\u00e4en Rotaryklubi","description":"Uusi Rotary klubisivusto","potentialAction":[{"@type":"SearchAction","target":{"@type":"EntryPoint","urlTemplate":"https:\/\/rotary.fi\/kokemaki\/?s={search_term_string}"},"query-input":{"@type":"PropertyValueSpecification","valueRequired":true,"valueName":"search_term_string"}}],"inLanguage":"fi"}]}},"lang":"fi","translations":{"fi":2874},"pll_sync_post":[],"_links":{"self":[{"href":"https:\/\/rotary.fi\/kokemaki\/wp-json\/wp\/v2\/pages\/2874","targetHints":{"allow":["GET"]}}],"collection":[{"href":"https:\/\/rotary.fi\/kokemaki\/wp-json\/wp\/v2\/pages"}],"about":[{"href":"https:\/\/rotary.fi\/kokemaki\/wp-json\/wp\/v2\/types\/page"}],"author":[{"embeddable":true,"href":"https:\/\/rotary.fi\/kokemaki\/wp-json\/wp\/v2\/users\/193"}],"replies":[{"embeddable":true,"href":"https:\/\/rotary.fi\/kokemaki\/wp-json\/wp\/v2\/comments?post=2874"}],"version-history":[{"count":10,"href":"https:\/\/rotary.fi\/kokemaki\/wp-json\/wp\/v2\/pages\/2874\/revisions"}],"predecessor-version":[{"id":6563,"href":"https:\/\/rotary.fi\/kokemaki\/wp-json\/wp\/v2\/pages\/2874\/revisions\/6563"}],"wp:attachment":[{"href":"https:\/\/rotary.fi\/kokemaki\/wp-json\/wp\/v2\/media?parent=2874"}],"curies":[{"name":"wp","href":"https:\/\/api.w.org\/{rel}","templated":true}]}}