{"id":156,"date":"2018-08-13T09:46:59","date_gmt":"2018-08-13T06:46:59","guid":{"rendered":"https:\/\/rotary.fi\/kokemaki\/?page_id=156"},"modified":"2021-11-19T17:59:00","modified_gmt":"2021-11-19T15:59:00","slug":"projektit","status":"publish","type":"page","link":"https:\/\/rotary.fi\/kokemaki\/mita-teemme\/projektit\/","title":{"rendered":"Projektit"},"content":{"rendered":"<p>[et_pb_section fb_built=&#8221;1&#8243; module_class=&#8221;jumbotron-page&#8221; _builder_version=&#8221;3.22&#8243; background_image=&#8221;https:\/\/rotary.fi\/kokemaki\/wp-content\/uploads\/sites\/104\/2018\/08\/rotary_klubit_alasivu_paakuva_5.jpg&#8221;][et_pb_row _builder_version=&#8221;3.25&#8243; background_size=&#8221;initial&#8221; background_position=&#8221;top_left&#8221; background_repeat=&#8221;repeat&#8221;][et_pb_column type=&#8221;4_4&#8243; _builder_version=&#8221;3.25&#8243; custom_padding=&#8221;|||&#8221; custom_padding__hover=&#8221;|||&#8221;][et_pb_text admin_label=&#8221;P\u00e4\u00e4otsikko&#8221; _builder_version=&#8221;3.27.4&#8243; text_orientation=&#8221;center&#8221; background_layout=&#8221;dark&#8221;]<\/p>\n<h1>Projektit<\/h1>\n<p>[\/et_pb_text][\/et_pb_column][\/et_pb_row][\/et_pb_section][et_pb_section fb_built=&#8221;1&#8243; specialty=&#8221;on&#8221; module_class_2=&#8221;sivupalkki&#8221; _builder_version=&#8221;3.22&#8243;][et_pb_column type=&#8221;2_3&#8243; specialty_columns=&#8221;2&#8243; _builder_version=&#8221;3.25&#8243; custom_padding=&#8221;|||&#8221; parallax__hover=&#8221;off&#8221; parallax_method__hover=&#8221;on&#8221; custom_padding__hover=&#8221;|||&#8221;][et_pb_row_inner admin_label=&#8221;Rivi&#8221; _builder_version=&#8221;3.25&#8243;][et_pb_column_inner saved_specialty_column_type=&#8221;2_3&#8243; _builder_version=&#8221;3.25&#8243; custom_padding=&#8221;|||&#8221; parallax__hover=&#8221;off&#8221; parallax_method__hover=&#8221;on&#8221; custom_padding__hover=&#8221;|||&#8221;][et_pb_text admin_label=&#8221;Py\u00f6r\u00e4ilykyp\u00e4r\u00e4t Villa Vilin\u00e4\u00e4n&#8221; _builder_version=&#8221;4.9.10&#8243; text_orientation=&#8221;center&#8221;]<\/p>\n<h3 style=\"text-align: left\">Villa Vilin\u00e4\u00e4n py\u00f6r\u00e4ilykyp\u00e4r\u00e4t\u00a0<\/h3>\n<p>[\/et_pb_text][\/et_pb_column_inner][\/et_pb_row_inner][et_pb_row_inner column_structure=&#8221;1_2,1_2&#8243; _builder_version=&#8221;4.9.10&#8243; _module_preset=&#8221;default&#8221;][et_pb_column_inner type=&#8221;1_2&#8243; saved_specialty_column_type=&#8221;2_3&#8243; _builder_version=&#8221;4.9.10&#8243; _module_preset=&#8221;default&#8221;][et_pb_text _builder_version=&#8221;4.9.10&#8243; _module_preset=&#8221;default&#8221; hover_enabled=&#8221;0&#8243; sticky_enabled=&#8221;0&#8243;]<\/p>\n<p>Jouko ja Ville-Veikko k\u00e4viv\u00e4t 19.11.2021\u00a0 luovuttamassa p\u00e4iv\u00e4kodin lapsille hankkimamme py\u00f6r\u00e4ilykyp\u00e4r\u00e4t.<\/p>\n<p>P\u00e4iv\u00e4kodin puolesta kyp\u00e4r\u00e4t otti vastaan Kaisa Malinen ja Piia V\u00e4lkkynen.<\/p>\n<p>[\/et_pb_text][\/et_pb_column_inner][et_pb_column_inner type=&#8221;1_2&#8243; saved_specialty_column_type=&#8221;2_3&#8243; _builder_version=&#8221;4.9.10&#8243; _module_preset=&#8221;default&#8221;][et_pb_image src=&#8221;https:\/\/rotary.fi\/kokemaki\/wp-content\/uploads\/sites\/104\/2021\/11\/20211119-pyorailykyparat-2.jpg&#8221; title_text=&#8221;20211119_py\u00f6r\u00e4ilykyp\u00e4r\u00e4t_2&#8243; _builder_version=&#8221;4.9.10&#8243; _module_preset=&#8221;default&#8221;][\/et_pb_image][\/et_pb_column_inner][\/et_pb_row_inner][et_pb_row_inner admin_label=&#8221;Rivi&#8221; _builder_version=&#8221;3.25&#8243;][et_pb_column_inner saved_specialty_column_type=&#8221;2_3&#8243; _builder_version=&#8221;3.25&#8243; custom_padding=&#8221;|||&#8221; parallax__hover=&#8221;off&#8221; parallax_method__hover=&#8221;on&#8221; custom_padding__hover=&#8221;|||&#8221;][et_pb_text admin_label=&#8221;Omenapuut&#8221; _builder_version=&#8221;4.9.10&#8243; text_orientation=&#8221;center&#8221;]<\/p>\n<h3>\u00a0<\/h3>\n<h3 style=\"text-align: left\">Omenapuiden leikkaustalkoot<\/h3>\n<p>[\/et_pb_text][\/et_pb_column_inner][\/et_pb_row_inner][et_pb_row_inner column_structure=&#8221;1_2,1_2&#8243; admin_label=&#8221;Rivi&#8221; _builder_version=&#8221;3.25&#8243;][et_pb_column_inner type=&#8221;1_2&#8243; saved_specialty_column_type=&#8221;2_3&#8243; _builder_version=&#8221;3.25&#8243; custom_padding=&#8221;|||&#8221; parallax__hover=&#8221;off&#8221; parallax_method__hover=&#8221;on&#8221; custom_padding__hover=&#8221;|||&#8221;][et_pb_text _builder_version=&#8221;4.9.4&#8243;]<\/p>\n<p>Klubimme j\u00e4rjesti 20.4.2021 omenapuiden leikkaus ja -karsintatalkoot Eeva &#8211; Liisa Suomalaisen puutarhassa. Korona-ajasta johtuen osallistujien m\u00e4\u00e4r\u00e4 oli rajoitettu.<\/p>\n<p>&nbsp;<\/p>\n<p>K\u00e4sitelt\u00e4vi\u00e4 puita oli nelj\u00e4 ja ne olivat kaikki vanhoja. Lis\u00e4ksi kaadoimme muutaman pienehk\u00f6n koivun.<\/p>\n<p>&nbsp;<\/p>\n<p>Lopuksi siivosimme j\u00e4lkemme viem\u00e4ll\u00e4 kaikki oksat ja rungot pois.<\/p>\n<p>&nbsp;<\/p>\n<p>[\/et_pb_text][\/et_pb_column_inner][et_pb_column_inner type=&#8221;1_2&#8243; saved_specialty_column_type=&#8221;2_3&#8243; _builder_version=&#8221;3.25&#8243; custom_padding=&#8221;|||&#8221; parallax__hover=&#8221;off&#8221; parallax_method__hover=&#8221;on&#8221; custom_padding__hover=&#8221;|||&#8221;][et_pb_image src=&#8221;https:\/\/rotary.fi\/kokemaki\/wp-content\/uploads\/sites\/104\/2021\/04\/20210420-omenapuut-ennen-netti.jpg&#8221; title_text=&#8221;20210420_omenapuut_ennen_netti&#8221; _builder_version=&#8221;4.9.10&#8243; _module_preset=&#8221;default&#8221;][\/et_pb_image][et_pb_image src=&#8221;https:\/\/rotary.fi\/kokemaki\/wp-content\/uploads\/sites\/104\/2021\/04\/20210420-omenapuut-jalkeen-netti.jpg&#8221; title_text=&#8221;20210420_omenapuut_j\u00e4lkeen_netti&#8221; _builder_version=&#8221;4.9.10&#8243; _module_preset=&#8221;default&#8221;][\/et_pb_image][\/et_pb_column_inner][\/et_pb_row_inner][\/et_pb_column][et_pb_column type=&#8221;1_3&#8243; module_class=&#8221;sivupalkki&#8221; _builder_version=&#8221;3.25&#8243; custom_padding=&#8221;|||&#8221; parallax__hover=&#8221;off&#8221; parallax_method__hover=&#8221;on&#8221; module_class__hover=&#8221;sivupalkki&#8221; custom_padding__hover=&#8221;|||&#8221;][et_pb_sidebar area=&#8221;sidebar-1&#8243; module_class=&#8221;sivupalkki_sisalto&#8221; _builder_version=&#8221;3.4.1&#8243; locked=&#8221;on&#8221;][\/et_pb_sidebar][\/et_pb_column][\/et_pb_section]<\/p>\n","protected":false},"excerpt":{"rendered":"<p>Projektit Villa Vilin\u00e4\u00e4n py\u00f6r\u00e4ilykyp\u00e4r\u00e4t\u00a0Jouko ja Ville-Veikko k\u00e4viv\u00e4t 19.11.2021\u00a0 luovuttamassa p\u00e4iv\u00e4kodin lapsille hankkimamme py\u00f6r\u00e4ilykyp\u00e4r\u00e4t. P\u00e4iv\u00e4kodin puolesta kyp\u00e4r\u00e4t otti vastaan Kaisa Malinen ja Piia V\u00e4lkkynen.\u00a0 Omenapuiden leikkaustalkootKlubimme j\u00e4rjesti 20.4.2021 omenapuiden leikkaus ja -karsintatalkoot Eeva &#8211; Liisa Suomalaisen puutarhassa. Korona-ajasta johtuen osallistujien m\u00e4\u00e4r\u00e4 oli rajoitettu. &nbsp; K\u00e4sitelt\u00e4vi\u00e4 puita oli nelj\u00e4 ja ne olivat kaikki vanhoja. Lis\u00e4ksi kaadoimme muutaman [&hellip;]<\/p>\n","protected":false},"author":1,"featured_media":0,"parent":77,"menu_order":0,"comment_status":"closed","ping_status":"closed","template":"","meta":{"_acf_changed":false,"_et_pb_use_builder":"on","_et_pb_old_content":"","_et_gb_content_width":"","footnotes":""},"class_list":["post-156","page","type-page","status-publish","hentry"],"acf":[],"yoast_head":"<!-- This site is optimized with the Yoast SEO plugin v27.0 - https:\/\/yoast.com\/product\/yoast-seo-wordpress\/ -->\n<title>Projektit - Kokem\u00e4en Rotaryklubi<\/title>\n<meta name=\"robots\" content=\"index, follow, max-snippet:-1, max-image-preview:large, max-video-preview:-1\" \/>\n<link rel=\"canonical\" href=\"https:\/\/rotary.fi\/kokemaki\/mita-teemme\/projektit\/\" \/>\n<meta property=\"og:locale\" content=\"fi_FI\" \/>\n<meta property=\"og:type\" content=\"article\" \/>\n<meta property=\"og:title\" content=\"Projektit - Kokem\u00e4en Rotaryklubi\" \/>\n<meta property=\"og:description\" content=\"Projektit Villa Vilin\u00e4\u00e4n py\u00f6r\u00e4ilykyp\u00e4r\u00e4t\u00a0Jouko ja Ville-Veikko k\u00e4viv\u00e4t 19.11.2021\u00a0 luovuttamassa p\u00e4iv\u00e4kodin lapsille hankkimamme py\u00f6r\u00e4ilykyp\u00e4r\u00e4t. P\u00e4iv\u00e4kodin puolesta kyp\u00e4r\u00e4t otti vastaan Kaisa Malinen ja Piia V\u00e4lkkynen.\u00a0 Omenapuiden leikkaustalkootKlubimme j\u00e4rjesti 20.4.2021 omenapuiden leikkaus ja -karsintatalkoot Eeva - Liisa Suomalaisen puutarhassa. Korona-ajasta johtuen osallistujien m\u00e4\u00e4r\u00e4 oli rajoitettu. &nbsp; K\u00e4sitelt\u00e4vi\u00e4 puita oli nelj\u00e4 ja ne olivat kaikki vanhoja. Lis\u00e4ksi kaadoimme muutaman [&hellip;]\" \/>\n<meta property=\"og:url\" content=\"https:\/\/rotary.fi\/kokemaki\/mita-teemme\/projektit\/\" \/>\n<meta property=\"og:site_name\" content=\"Kokem\u00e4en Rotaryklubi\" \/>\n<meta property=\"article:modified_time\" content=\"2021-11-19T15:59:00+00:00\" \/>\n<meta name=\"twitter:card\" content=\"summary_large_image\" \/>\n<meta name=\"twitter:label1\" content=\"Arvioitu lukuaika\" \/>\n\t<meta name=\"twitter:data1\" content=\"3 minuuttia\" \/>\n<script type=\"application\/ld+json\" class=\"yoast-schema-graph\">{\"@context\":\"https:\/\/schema.org\",\"@graph\":[{\"@type\":\"WebPage\",\"@id\":\"https:\/\/rotary.fi\/kokemaki\/mita-teemme\/projektit\/\",\"url\":\"https:\/\/rotary.fi\/kokemaki\/mita-teemme\/projektit\/\",\"name\":\"Projektit - Kokem\u00e4en Rotaryklubi\",\"isPartOf\":{\"@id\":\"https:\/\/rotary.fi\/kokemaki\/#website\"},\"datePublished\":\"2018-08-13T06:46:59+00:00\",\"dateModified\":\"2021-11-19T15:59:00+00:00\",\"breadcrumb\":{\"@id\":\"https:\/\/rotary.fi\/kokemaki\/mita-teemme\/projektit\/#breadcrumb\"},\"inLanguage\":\"fi\",\"potentialAction\":[{\"@type\":\"ReadAction\",\"target\":[\"https:\/\/rotary.fi\/kokemaki\/mita-teemme\/projektit\/\"]}]},{\"@type\":\"BreadcrumbList\",\"@id\":\"https:\/\/rotary.fi\/kokemaki\/mita-teemme\/projektit\/#breadcrumb\",\"itemListElement\":[{\"@type\":\"ListItem\",\"position\":1,\"name\":\"Home\",\"item\":\"https:\/\/rotary.fi\/kokemaki\/\"},{\"@type\":\"ListItem\",\"position\":2,\"name\":\"Mit\u00e4 teemme\",\"item\":\"https:\/\/rotary.fi\/kokemaki\/mita-teemme\/\"},{\"@type\":\"ListItem\",\"position\":3,\"name\":\"Projektit\"}]},{\"@type\":\"WebSite\",\"@id\":\"https:\/\/rotary.fi\/kokemaki\/#website\",\"url\":\"https:\/\/rotary.fi\/kokemaki\/\",\"name\":\"Kokem\u00e4en Rotaryklubi\",\"description\":\"Uusi Rotary klubisivusto\",\"potentialAction\":[{\"@type\":\"SearchAction\",\"target\":{\"@type\":\"EntryPoint\",\"urlTemplate\":\"https:\/\/rotary.fi\/kokemaki\/?s={search_term_string}\"},\"query-input\":{\"@type\":\"PropertyValueSpecification\",\"valueRequired\":true,\"valueName\":\"search_term_string\"}}],\"inLanguage\":\"fi\"}]}<\/script>\n<!-- \/ Yoast SEO plugin. -->","yoast_head_json":{"title":"Projektit - Kokem\u00e4en Rotaryklubi","robots":{"index":"index","follow":"follow","max-snippet":"max-snippet:-1","max-image-preview":"max-image-preview:large","max-video-preview":"max-video-preview:-1"},"canonical":"https:\/\/rotary.fi\/kokemaki\/mita-teemme\/projektit\/","og_locale":"fi_FI","og_type":"article","og_title":"Projektit - Kokem\u00e4en Rotaryklubi","og_description":"Projektit Villa Vilin\u00e4\u00e4n py\u00f6r\u00e4ilykyp\u00e4r\u00e4t\u00a0Jouko ja Ville-Veikko k\u00e4viv\u00e4t 19.11.2021\u00a0 luovuttamassa p\u00e4iv\u00e4kodin lapsille hankkimamme py\u00f6r\u00e4ilykyp\u00e4r\u00e4t. P\u00e4iv\u00e4kodin puolesta kyp\u00e4r\u00e4t otti vastaan Kaisa Malinen ja Piia V\u00e4lkkynen.\u00a0 Omenapuiden leikkaustalkootKlubimme j\u00e4rjesti 20.4.2021 omenapuiden leikkaus ja -karsintatalkoot Eeva - Liisa Suomalaisen puutarhassa. Korona-ajasta johtuen osallistujien m\u00e4\u00e4r\u00e4 oli rajoitettu. &nbsp; K\u00e4sitelt\u00e4vi\u00e4 puita oli nelj\u00e4 ja ne olivat kaikki vanhoja. Lis\u00e4ksi kaadoimme muutaman [&hellip;]","og_url":"https:\/\/rotary.fi\/kokemaki\/mita-teemme\/projektit\/","og_site_name":"Kokem\u00e4en Rotaryklubi","article_modified_time":"2021-11-19T15:59:00+00:00","twitter_card":"summary_large_image","twitter_misc":{"Arvioitu lukuaika":"3 minuuttia"},"schema":{"@context":"https:\/\/schema.org","@graph":[{"@type":"WebPage","@id":"https:\/\/rotary.fi\/kokemaki\/mita-teemme\/projektit\/","url":"https:\/\/rotary.fi\/kokemaki\/mita-teemme\/projektit\/","name":"Projektit - Kokem\u00e4en Rotaryklubi","isPartOf":{"@id":"https:\/\/rotary.fi\/kokemaki\/#website"},"datePublished":"2018-08-13T06:46:59+00:00","dateModified":"2021-11-19T15:59:00+00:00","breadcrumb":{"@id":"https:\/\/rotary.fi\/kokemaki\/mita-teemme\/projektit\/#breadcrumb"},"inLanguage":"fi","potentialAction":[{"@type":"ReadAction","target":["https:\/\/rotary.fi\/kokemaki\/mita-teemme\/projektit\/"]}]},{"@type":"BreadcrumbList","@id":"https:\/\/rotary.fi\/kokemaki\/mita-teemme\/projektit\/#breadcrumb","itemListElement":[{"@type":"ListItem","position":1,"name":"Home","item":"https:\/\/rotary.fi\/kokemaki\/"},{"@type":"ListItem","position":2,"name":"Mit\u00e4 teemme","item":"https:\/\/rotary.fi\/kokemaki\/mita-teemme\/"},{"@type":"ListItem","position":3,"name":"Projektit"}]},{"@type":"WebSite","@id":"https:\/\/rotary.fi\/kokemaki\/#website","url":"https:\/\/rotary.fi\/kokemaki\/","name":"Kokem\u00e4en Rotaryklubi","description":"Uusi Rotary klubisivusto","potentialAction":[{"@type":"SearchAction","target":{"@type":"EntryPoint","urlTemplate":"https:\/\/rotary.fi\/kokemaki\/?s={search_term_string}"},"query-input":{"@type":"PropertyValueSpecification","valueRequired":true,"valueName":"search_term_string"}}],"inLanguage":"fi"}]}},"lang":"fi","translations":{"fi":156},"pll_sync_post":[],"_links":{"self":[{"href":"https:\/\/rotary.fi\/kokemaki\/wp-json\/wp\/v2\/pages\/156","targetHints":{"allow":["GET"]}}],"collection":[{"href":"https:\/\/rotary.fi\/kokemaki\/wp-json\/wp\/v2\/pages"}],"about":[{"href":"https:\/\/rotary.fi\/kokemaki\/wp-json\/wp\/v2\/types\/page"}],"author":[{"embeddable":true,"href":"https:\/\/rotary.fi\/kokemaki\/wp-json\/wp\/v2\/users\/1"}],"replies":[{"embeddable":true,"href":"https:\/\/rotary.fi\/kokemaki\/wp-json\/wp\/v2\/comments?post=156"}],"version-history":[{"count":10,"href":"https:\/\/rotary.fi\/kokemaki\/wp-json\/wp\/v2\/pages\/156\/revisions"}],"predecessor-version":[{"id":5400,"href":"https:\/\/rotary.fi\/kokemaki\/wp-json\/wp\/v2\/pages\/156\/revisions\/5400"}],"up":[{"embeddable":true,"href":"https:\/\/rotary.fi\/kokemaki\/wp-json\/wp\/v2\/pages\/77"}],"wp:attachment":[{"href":"https:\/\/rotary.fi\/kokemaki\/wp-json\/wp\/v2\/media?parent=156"}],"curies":[{"name":"wp","href":"https:\/\/api.w.org\/{rel}","templated":true}]}}