{"id":1862,"date":"2019-04-24T13:55:43","date_gmt":"2019-04-24T10:55:43","guid":{"rendered":"https:\/\/rotary.fi\/kluuvi\/?page_id=1862"},"modified":"2019-04-24T13:55:43","modified_gmt":"2019-04-24T10:55:43","slug":"ryla-noortele-moeldud-juhtimiskoolitus","status":"publish","type":"page","link":"https:\/\/rotary.fi\/kluuvi\/et\/tule-meiega-kaasa\/ryla-noortele-moeldud-juhtimiskoolitus\/","title":{"rendered":"RYLA &#8211; noortele m\u00f5eldud juhtimiskoolitus"},"content":{"rendered":"<p>[et_pb_section bb_built=&#8221;1&#8243; module_class=&#8221;jumbotron-page&#8221; _builder_version=&#8221;3.17.2&#8243; background_image=&#8221;https:\/\/rotary.fi\/kluuvi\/wp-content\/uploads\/sites\/158\/2018\/10\/rotary_klubit_alasivu_paakuva_10.jpg&#8221; inner_width=&#8221;auto&#8221; inner_max_width=&#8221;none&#8221; next_background_color=&#8221;#ffffff&#8221;][et_pb_row _builder_version=&#8221;3.0.48&#8243; background_size=&#8221;initial&#8221; background_position=&#8221;top_left&#8221; background_repeat=&#8221;repeat&#8221; width=&#8221;80%&#8221; max_width=&#8221;1080px&#8221;][et_pb_column type=&#8221;4_4&#8243;][et_pb_text admin_label=&#8221;P\u00e4\u00e4otsikko&#8221; _builder_version=&#8221;3.22.3&#8243; text_orientation=&#8221;center&#8221; background_layout=&#8221;dark&#8221; text_text_shadow_horizontal_length=&#8221;text_text_shadow_style,%91object Object%93&#8243; text_text_shadow_vertical_length=&#8221;text_text_shadow_style,%91object Object%93&#8243; text_text_shadow_blur_strength=&#8221;text_text_shadow_style,%91object Object%93&#8243; link_text_shadow_horizontal_length=&#8221;link_text_shadow_style,%91object Object%93&#8243; link_text_shadow_vertical_length=&#8221;link_text_shadow_style,%91object Object%93&#8243; link_text_shadow_blur_strength=&#8221;link_text_shadow_style,%91object Object%93&#8243; ul_text_shadow_horizontal_length=&#8221;ul_text_shadow_style,%91object Object%93&#8243; ul_text_shadow_vertical_length=&#8221;ul_text_shadow_style,%91object Object%93&#8243; ul_text_shadow_blur_strength=&#8221;ul_text_shadow_style,%91object Object%93&#8243; ol_text_shadow_horizontal_length=&#8221;ol_text_shadow_style,%91object Object%93&#8243; ol_text_shadow_vertical_length=&#8221;ol_text_shadow_style,%91object Object%93&#8243; ol_text_shadow_blur_strength=&#8221;ol_text_shadow_style,%91object Object%93&#8243; quote_text_shadow_horizontal_length=&#8221;quote_text_shadow_style,%91object Object%93&#8243; quote_text_shadow_vertical_length=&#8221;quote_text_shadow_style,%91object Object%93&#8243; quote_text_shadow_blur_strength=&#8221;quote_text_shadow_style,%91object Object%93&#8243; header_text_shadow_horizontal_length=&#8221;header_text_shadow_style,%91object Object%93&#8243; header_text_shadow_vertical_length=&#8221;header_text_shadow_style,%91object Object%93&#8243; header_text_shadow_blur_strength=&#8221;header_text_shadow_style,%91object Object%93&#8243; header_2_text_shadow_horizontal_length=&#8221;header_2_text_shadow_style,%91object Object%93&#8243; header_2_text_shadow_vertical_length=&#8221;header_2_text_shadow_style,%91object Object%93&#8243; header_2_text_shadow_blur_strength=&#8221;header_2_text_shadow_style,%91object Object%93&#8243; header_3_text_shadow_horizontal_length=&#8221;header_3_text_shadow_style,%91object Object%93&#8243; header_3_text_shadow_vertical_length=&#8221;header_3_text_shadow_style,%91object Object%93&#8243; header_3_text_shadow_blur_strength=&#8221;header_3_text_shadow_style,%91object Object%93&#8243; header_4_text_shadow_horizontal_length=&#8221;header_4_text_shadow_style,%91object Object%93&#8243; header_4_text_shadow_vertical_length=&#8221;header_4_text_shadow_style,%91object Object%93&#8243; header_4_text_shadow_blur_strength=&#8221;header_4_text_shadow_style,%91object Object%93&#8243; header_5_text_shadow_horizontal_length=&#8221;header_5_text_shadow_style,%91object Object%93&#8243; header_5_text_shadow_vertical_length=&#8221;header_5_text_shadow_style,%91object Object%93&#8243; header_5_text_shadow_blur_strength=&#8221;header_5_text_shadow_style,%91object Object%93&#8243; header_6_text_shadow_horizontal_length=&#8221;header_6_text_shadow_style,%91object Object%93&#8243; header_6_text_shadow_vertical_length=&#8221;header_6_text_shadow_style,%91object Object%93&#8243; header_6_text_shadow_blur_strength=&#8221;header_6_text_shadow_style,%91object Object%93&#8243; z_index_tablet=&#8221;500&#8243;]<\/p>\n<h1>RYLA<\/h1>\n<p>[\/et_pb_text][\/et_pb_column][\/et_pb_row][\/et_pb_section][et_pb_section bb_built=&#8221;1&#8243; specialty=&#8221;on&#8221; module_class_2=&#8221;sivupalkki&#8221; _builder_version=&#8221;3.4.1&#8243; inner_width=&#8221;auto&#8221; inner_max_width=&#8221;none&#8221; prev_background_color=&#8221;#000000&#8243;][et_pb_column type=&#8221;2_3&#8243; specialty_columns=&#8221;2&#8243;][et_pb_row_inner admin_label=&#8221;Rivi&#8221; _builder_version=&#8221;3.0.47&#8243;][et_pb_column_inner type=&#8221;4_4&#8243; saved_specialty_column_type=&#8221;2_3&#8243;][et_pb_text admin_label=&#8221;RYLA &#8211; noortele m\u00f5eldud juhtimiskoolitus&#8221; _builder_version=&#8221;3.22.3&#8243; text_orientation=&#8221;center&#8221; text_text_shadow_horizontal_length=&#8221;text_text_shadow_style,%91object Object%93&#8243; text_text_shadow_vertical_length=&#8221;text_text_shadow_style,%91object Object%93&#8243; text_text_shadow_blur_strength=&#8221;text_text_shadow_style,%91object Object%93&#8243; link_text_shadow_horizontal_length=&#8221;link_text_shadow_style,%91object Object%93&#8243; link_text_shadow_vertical_length=&#8221;link_text_shadow_style,%91object Object%93&#8243; link_text_shadow_blur_strength=&#8221;link_text_shadow_style,%91object Object%93&#8243; ul_text_shadow_horizontal_length=&#8221;ul_text_shadow_style,%91object Object%93&#8243; ul_text_shadow_vertical_length=&#8221;ul_text_shadow_style,%91object Object%93&#8243; ul_text_shadow_blur_strength=&#8221;ul_text_shadow_style,%91object Object%93&#8243; ol_text_shadow_horizontal_length=&#8221;ol_text_shadow_style,%91object Object%93&#8243; ol_text_shadow_vertical_length=&#8221;ol_text_shadow_style,%91object Object%93&#8243; ol_text_shadow_blur_strength=&#8221;ol_text_shadow_style,%91object Object%93&#8243; quote_text_shadow_horizontal_length=&#8221;quote_text_shadow_style,%91object Object%93&#8243; quote_text_shadow_vertical_length=&#8221;quote_text_shadow_style,%91object Object%93&#8243; quote_text_shadow_blur_strength=&#8221;quote_text_shadow_style,%91object Object%93&#8243; header_text_shadow_horizontal_length=&#8221;header_text_shadow_style,%91object Object%93&#8243; header_text_shadow_vertical_length=&#8221;header_text_shadow_style,%91object Object%93&#8243; header_text_shadow_blur_strength=&#8221;header_text_shadow_style,%91object Object%93&#8243; header_2_text_shadow_horizontal_length=&#8221;header_2_text_shadow_style,%91object Object%93&#8243; header_2_text_shadow_vertical_length=&#8221;header_2_text_shadow_style,%91object Object%93&#8243; header_2_text_shadow_blur_strength=&#8221;header_2_text_shadow_style,%91object Object%93&#8243; header_3_text_shadow_horizontal_length=&#8221;header_3_text_shadow_style,%91object Object%93&#8243; header_3_text_shadow_vertical_length=&#8221;header_3_text_shadow_style,%91object Object%93&#8243; header_3_text_shadow_blur_strength=&#8221;header_3_text_shadow_style,%91object Object%93&#8243; header_4_text_shadow_horizontal_length=&#8221;header_4_text_shadow_style,%91object Object%93&#8243; header_4_text_shadow_vertical_length=&#8221;header_4_text_shadow_style,%91object Object%93&#8243; header_4_text_shadow_blur_strength=&#8221;header_4_text_shadow_style,%91object Object%93&#8243; header_5_text_shadow_horizontal_length=&#8221;header_5_text_shadow_style,%91object Object%93&#8243; header_5_text_shadow_vertical_length=&#8221;header_5_text_shadow_style,%91object Object%93&#8243; header_5_text_shadow_blur_strength=&#8221;header_5_text_shadow_style,%91object Object%93&#8243; header_6_text_shadow_horizontal_length=&#8221;header_6_text_shadow_style,%91object Object%93&#8243; header_6_text_shadow_vertical_length=&#8221;header_6_text_shadow_style,%91object Object%93&#8243; header_6_text_shadow_blur_strength=&#8221;header_6_text_shadow_style,%91object Object%93&#8243; z_index_tablet=&#8221;500&#8243;]<\/p>\n<h1>RYLA<br \/>\n\u2013 noortele m\u00f5eldud juhtimiskoolitus<\/h1>\n<p>[\/et_pb_text][et_pb_text _builder_version=&#8221;3.22.3&#8243; text_text_shadow_horizontal_length=&#8221;text_text_shadow_style,%91object Object%93&#8243; text_text_shadow_vertical_length=&#8221;text_text_shadow_style,%91object Object%93&#8243; text_text_shadow_blur_strength=&#8221;text_text_shadow_style,%91object Object%93&#8243; link_text_shadow_horizontal_length=&#8221;link_text_shadow_style,%91object Object%93&#8243; link_text_shadow_vertical_length=&#8221;link_text_shadow_style,%91object Object%93&#8243; link_text_shadow_blur_strength=&#8221;link_text_shadow_style,%91object Object%93&#8243; ul_text_shadow_horizontal_length=&#8221;ul_text_shadow_style,%91object Object%93&#8243; ul_text_shadow_vertical_length=&#8221;ul_text_shadow_style,%91object Object%93&#8243; ul_text_shadow_blur_strength=&#8221;ul_text_shadow_style,%91object Object%93&#8243; ol_text_shadow_horizontal_length=&#8221;ol_text_shadow_style,%91object Object%93&#8243; ol_text_shadow_vertical_length=&#8221;ol_text_shadow_style,%91object Object%93&#8243; ol_text_shadow_blur_strength=&#8221;ol_text_shadow_style,%91object Object%93&#8243; quote_text_shadow_horizontal_length=&#8221;quote_text_shadow_style,%91object Object%93&#8243; quote_text_shadow_vertical_length=&#8221;quote_text_shadow_style,%91object Object%93&#8243; quote_text_shadow_blur_strength=&#8221;quote_text_shadow_style,%91object Object%93&#8243; header_text_shadow_horizontal_length=&#8221;header_text_shadow_style,%91object Object%93&#8243; header_text_shadow_vertical_length=&#8221;header_text_shadow_style,%91object Object%93&#8243; header_text_shadow_blur_strength=&#8221;header_text_shadow_style,%91object Object%93&#8243; header_2_text_shadow_horizontal_length=&#8221;header_2_text_shadow_style,%91object Object%93&#8243; header_2_text_shadow_vertical_length=&#8221;header_2_text_shadow_style,%91object Object%93&#8243; header_2_text_shadow_blur_strength=&#8221;header_2_text_shadow_style,%91object Object%93&#8243; header_3_text_shadow_horizontal_length=&#8221;header_3_text_shadow_style,%91object Object%93&#8243; header_3_text_shadow_vertical_length=&#8221;header_3_text_shadow_style,%91object Object%93&#8243; header_3_text_shadow_blur_strength=&#8221;header_3_text_shadow_style,%91object Object%93&#8243; header_4_text_shadow_horizontal_length=&#8221;header_4_text_shadow_style,%91object Object%93&#8243; header_4_text_shadow_vertical_length=&#8221;header_4_text_shadow_style,%91object Object%93&#8243; header_4_text_shadow_blur_strength=&#8221;header_4_text_shadow_style,%91object Object%93&#8243; header_5_text_shadow_horizontal_length=&#8221;header_5_text_shadow_style,%91object Object%93&#8243; header_5_text_shadow_vertical_length=&#8221;header_5_text_shadow_style,%91object Object%93&#8243; header_5_text_shadow_blur_strength=&#8221;header_5_text_shadow_style,%91object Object%93&#8243; header_6_text_shadow_horizontal_length=&#8221;header_6_text_shadow_style,%91object Object%93&#8243; header_6_text_shadow_vertical_length=&#8221;header_6_text_shadow_style,%91object Object%93&#8243; header_6_text_shadow_blur_strength=&#8221;header_6_text_shadow_style,%91object Object%93&#8243; z_index_tablet=&#8221;500&#8243;]<\/p>\n<p><span style=\"color: #8300e9;\"><strong><span class=\"s1\">NB! Lisage alamlehek\u00fclg \/ link klubi RYLA tegevusele, kui klubi korraldab RYLA koolitust. V\u00f5ite kirjutada ka sellele lehele teksti, kuid kasutage allpealkirju ja pilte.<\/span><\/strong><\/span><\/p>\n<p><strong>RYLA (Rotary Youth Leadership Awards)<\/strong><\/p>\n<p class=\"p1\"><span class=\"s1\">RYLA on Rotary noorte tegevus, mis \u00f5petab spontaanseid ja aktiivseid 14-30-aastaseid noori juhtima ja tegutsema iseseisvalt. Seda tehakse Rotary korraldatud RYLA seminaaridel, kus muuhulgas arendatakse noorte arukust, olukordade hinnangut, otsustusv\u00f5imet ja esinemisoskusi. Koolitajatena on kohaliku Rotary klubi liikmed v\u00f5i teised eri valdkondade eksperdid, kes r\u00e4\u00e4givad oma kutsealast ja juhtimisega seotud kogemustest.<\/span><\/p>\n<p class=\"p1\"><span class=\"s1\">Tutvuge RYLA tegevustega siit <span style=\"color: #8300e9;\"><strong><span class=\"s1\"> (link klubi ja\/v\u00f5i piirkonna RYLA-lehek\u00fcljele, kui klubi\/ piirkond korraldab RYLA-koolitusi)<\/span><\/strong><\/span><\/p>\n<p>[\/et_pb_text][\/et_pb_column_inner][\/et_pb_row_inner][\/et_pb_column][et_pb_column type=&#8221;1_3&#8243;][et_pb_sidebar area=&#8221;sidebar-1&#8243; module_class=&#8221;sivupalkki_sisalto&#8221; _builder_version=&#8221;3.4.1&#8243; locked=&#8221;on&#8221; \/][\/et_pb_column][\/et_pb_section]<\/p>\n","protected":false},"excerpt":{"rendered":"<p>RYLA RYLA \u2013 noortele m\u00f5eldud juhtimiskoolitus NB! Lisage alamlehek\u00fclg \/ link klubi RYLA tegevusele, kui klubi korraldab RYLA koolitust. V\u00f5ite kirjutada ka sellele lehele teksti, kuid kasutage allpealkirju ja pilte. RYLA (Rotary Youth Leadership Awards) RYLA on Rotary noorte tegevus, mis \u00f5petab spontaanseid ja aktiivseid 14-30-aastaseid noori juhtima ja tegutsema iseseisvalt. Seda tehakse Rotary korraldatud [&hellip;]<\/p>\n","protected":false},"author":1,"featured_media":0,"parent":1855,"menu_order":2,"comment_status":"closed","ping_status":"closed","template":"","meta":{"_acf_changed":false,"_et_pb_use_builder":"on","_et_pb_old_content":"","_et_gb_content_width":"","footnotes":""},"class_list":["post-1862","page","type-page","status-publish","hentry"],"acf":[],"yoast_head":"<!-- This site is optimized with the Yoast SEO plugin v27.0 - https:\/\/yoast.com\/product\/yoast-seo-wordpress\/ -->\n<title>RYLA - noortele m\u00f5eldud juhtimiskoolitus - Kluuvin Rotaryklubi - Gloets Rotaryklubb<\/title>\n<meta name=\"robots\" content=\"index, follow, max-snippet:-1, max-image-preview:large, max-video-preview:-1\" \/>\n<link rel=\"canonical\" href=\"https:\/\/rotary.fi\/kluuvi\/et\/tule-meiega-kaasa\/ryla-noortele-moeldud-juhtimiskoolitus\/\" \/>\n<meta property=\"og:locale\" content=\"fi_FI\" \/>\n<meta property=\"og:type\" content=\"article\" \/>\n<meta property=\"og:title\" content=\"RYLA - noortele m\u00f5eldud juhtimiskoolitus - Kluuvin Rotaryklubi - Gloets Rotaryklubb\" \/>\n<meta property=\"og:description\" content=\"RYLA RYLA \u2013 noortele m\u00f5eldud juhtimiskoolitus NB! Lisage alamlehek\u00fclg \/ link klubi RYLA tegevusele, kui klubi korraldab RYLA koolitust. V\u00f5ite kirjutada ka sellele lehele teksti, kuid kasutage allpealkirju ja pilte. RYLA (Rotary Youth Leadership Awards) RYLA on Rotary noorte tegevus, mis \u00f5petab spontaanseid ja aktiivseid 14-30-aastaseid noori juhtima ja tegutsema iseseisvalt. Seda tehakse Rotary korraldatud [&hellip;]\" \/>\n<meta property=\"og:url\" content=\"https:\/\/rotary.fi\/kluuvi\/et\/tule-meiega-kaasa\/ryla-noortele-moeldud-juhtimiskoolitus\/\" \/>\n<meta property=\"og:site_name\" content=\"Kluuvin Rotaryklubi - Gloets Rotaryklubb\" \/>\n<meta name=\"twitter:card\" content=\"summary_large_image\" \/>\n<meta name=\"twitter:label1\" content=\"Arvioitu lukuaika\" \/>\n\t<meta name=\"twitter:data1\" content=\"7 minuuttia\" \/>\n<script type=\"application\/ld+json\" class=\"yoast-schema-graph\">{\"@context\":\"https:\/\/schema.org\",\"@graph\":[{\"@type\":\"WebPage\",\"@id\":\"https:\/\/rotary.fi\/kluuvi\/et\/tule-meiega-kaasa\/ryla-noortele-moeldud-juhtimiskoolitus\/\",\"url\":\"https:\/\/rotary.fi\/kluuvi\/et\/tule-meiega-kaasa\/ryla-noortele-moeldud-juhtimiskoolitus\/\",\"name\":\"RYLA - noortele m\u00f5eldud juhtimiskoolitus - Kluuvin Rotaryklubi - Gloets Rotaryklubb\",\"isPartOf\":{\"@id\":\"https:\/\/rotary.fi\/kluuvi\/#website\"},\"datePublished\":\"2019-04-24T10:55:43+00:00\",\"breadcrumb\":{\"@id\":\"https:\/\/rotary.fi\/kluuvi\/et\/tule-meiega-kaasa\/ryla-noortele-moeldud-juhtimiskoolitus\/#breadcrumb\"},\"inLanguage\":\"fi\",\"potentialAction\":[{\"@type\":\"ReadAction\",\"target\":[\"https:\/\/rotary.fi\/kluuvi\/et\/tule-meiega-kaasa\/ryla-noortele-moeldud-juhtimiskoolitus\/\"]}]},{\"@type\":\"BreadcrumbList\",\"@id\":\"https:\/\/rotary.fi\/kluuvi\/et\/tule-meiega-kaasa\/ryla-noortele-moeldud-juhtimiskoolitus\/#breadcrumb\",\"itemListElement\":[{\"@type\":\"ListItem\",\"position\":1,\"name\":\"Home\",\"item\":\"https:\/\/rotary.fi\/kluuvi\/\"},{\"@type\":\"ListItem\",\"position\":2,\"name\":\"Tule meiega kaasa\",\"item\":\"https:\/\/rotary.fi\/kluuvi\/et\/tule-meiega-kaasa\/\"},{\"@type\":\"ListItem\",\"position\":3,\"name\":\"RYLA &#8211; noortele m\u00f5eldud juhtimiskoolitus\"}]},{\"@type\":\"WebSite\",\"@id\":\"https:\/\/rotary.fi\/kluuvi\/#website\",\"url\":\"https:\/\/rotary.fi\/kluuvi\/\",\"name\":\"Kluuvin Rotaryklubi - Gloets Rotaryklubb\",\"description\":\"Uusi Rotary klubisivusto\",\"potentialAction\":[{\"@type\":\"SearchAction\",\"target\":{\"@type\":\"EntryPoint\",\"urlTemplate\":\"https:\/\/rotary.fi\/kluuvi\/?s={search_term_string}\"},\"query-input\":{\"@type\":\"PropertyValueSpecification\",\"valueRequired\":true,\"valueName\":\"search_term_string\"}}],\"inLanguage\":\"fi\"}]}<\/script>\n<!-- \/ Yoast SEO plugin. -->","yoast_head_json":{"title":"RYLA - noortele m\u00f5eldud juhtimiskoolitus - Kluuvin Rotaryklubi - Gloets Rotaryklubb","robots":{"index":"index","follow":"follow","max-snippet":"max-snippet:-1","max-image-preview":"max-image-preview:large","max-video-preview":"max-video-preview:-1"},"canonical":"https:\/\/rotary.fi\/kluuvi\/et\/tule-meiega-kaasa\/ryla-noortele-moeldud-juhtimiskoolitus\/","og_locale":"fi_FI","og_type":"article","og_title":"RYLA - noortele m\u00f5eldud juhtimiskoolitus - Kluuvin Rotaryklubi - Gloets Rotaryklubb","og_description":"RYLA RYLA \u2013 noortele m\u00f5eldud juhtimiskoolitus NB! Lisage alamlehek\u00fclg \/ link klubi RYLA tegevusele, kui klubi korraldab RYLA koolitust. V\u00f5ite kirjutada ka sellele lehele teksti, kuid kasutage allpealkirju ja pilte. RYLA (Rotary Youth Leadership Awards) RYLA on Rotary noorte tegevus, mis \u00f5petab spontaanseid ja aktiivseid 14-30-aastaseid noori juhtima ja tegutsema iseseisvalt. Seda tehakse Rotary korraldatud [&hellip;]","og_url":"https:\/\/rotary.fi\/kluuvi\/et\/tule-meiega-kaasa\/ryla-noortele-moeldud-juhtimiskoolitus\/","og_site_name":"Kluuvin Rotaryklubi - Gloets Rotaryklubb","twitter_card":"summary_large_image","twitter_misc":{"Arvioitu lukuaika":"7 minuuttia"},"schema":{"@context":"https:\/\/schema.org","@graph":[{"@type":"WebPage","@id":"https:\/\/rotary.fi\/kluuvi\/et\/tule-meiega-kaasa\/ryla-noortele-moeldud-juhtimiskoolitus\/","url":"https:\/\/rotary.fi\/kluuvi\/et\/tule-meiega-kaasa\/ryla-noortele-moeldud-juhtimiskoolitus\/","name":"RYLA - noortele m\u00f5eldud juhtimiskoolitus - Kluuvin Rotaryklubi - Gloets Rotaryklubb","isPartOf":{"@id":"https:\/\/rotary.fi\/kluuvi\/#website"},"datePublished":"2019-04-24T10:55:43+00:00","breadcrumb":{"@id":"https:\/\/rotary.fi\/kluuvi\/et\/tule-meiega-kaasa\/ryla-noortele-moeldud-juhtimiskoolitus\/#breadcrumb"},"inLanguage":"fi","potentialAction":[{"@type":"ReadAction","target":["https:\/\/rotary.fi\/kluuvi\/et\/tule-meiega-kaasa\/ryla-noortele-moeldud-juhtimiskoolitus\/"]}]},{"@type":"BreadcrumbList","@id":"https:\/\/rotary.fi\/kluuvi\/et\/tule-meiega-kaasa\/ryla-noortele-moeldud-juhtimiskoolitus\/#breadcrumb","itemListElement":[{"@type":"ListItem","position":1,"name":"Home","item":"https:\/\/rotary.fi\/kluuvi\/"},{"@type":"ListItem","position":2,"name":"Tule meiega kaasa","item":"https:\/\/rotary.fi\/kluuvi\/et\/tule-meiega-kaasa\/"},{"@type":"ListItem","position":3,"name":"RYLA &#8211; noortele m\u00f5eldud juhtimiskoolitus"}]},{"@type":"WebSite","@id":"https:\/\/rotary.fi\/kluuvi\/#website","url":"https:\/\/rotary.fi\/kluuvi\/","name":"Kluuvin Rotaryklubi - Gloets Rotaryklubb","description":"Uusi Rotary klubisivusto","potentialAction":[{"@type":"SearchAction","target":{"@type":"EntryPoint","urlTemplate":"https:\/\/rotary.fi\/kluuvi\/?s={search_term_string}"},"query-input":{"@type":"PropertyValueSpecification","valueRequired":true,"valueName":"search_term_string"}}],"inLanguage":"fi"}]}},"lang":"et","translations":{"et":1862,"en":1477,"fi":179,"sv":1644},"pll_sync_post":[],"_links":{"self":[{"href":"https:\/\/rotary.fi\/kluuvi\/wp-json\/wp\/v2\/pages\/1862","targetHints":{"allow":["GET"]}}],"collection":[{"href":"https:\/\/rotary.fi\/kluuvi\/wp-json\/wp\/v2\/pages"}],"about":[{"href":"https:\/\/rotary.fi\/kluuvi\/wp-json\/wp\/v2\/types\/page"}],"author":[{"embeddable":true,"href":"https:\/\/rotary.fi\/kluuvi\/wp-json\/wp\/v2\/users\/1"}],"replies":[{"embeddable":true,"href":"https:\/\/rotary.fi\/kluuvi\/wp-json\/wp\/v2\/comments?post=1862"}],"version-history":[{"count":1,"href":"https:\/\/rotary.fi\/kluuvi\/wp-json\/wp\/v2\/pages\/1862\/revisions"}],"predecessor-version":[{"id":1863,"href":"https:\/\/rotary.fi\/kluuvi\/wp-json\/wp\/v2\/pages\/1862\/revisions\/1863"}],"up":[{"embeddable":true,"href":"https:\/\/rotary.fi\/kluuvi\/wp-json\/wp\/v2\/pages\/1855"}],"wp:attachment":[{"href":"https:\/\/rotary.fi\/kluuvi\/wp-json\/wp\/v2\/media?parent=1862"}],"curies":[{"name":"wp","href":"https:\/\/api.w.org\/{rel}","templated":true}]}}