{"id":1846,"date":"2019-04-24T13:13:11","date_gmt":"2019-04-24T10:13:11","guid":{"rendered":"https:\/\/rotary.fi\/kluuvi\/?page_id=1846"},"modified":"2019-04-24T13:13:11","modified_gmt":"2019-04-24T10:13:11","slug":"uhised-projektid","status":"publish","type":"page","link":"https:\/\/rotary.fi\/kluuvi\/et\/mida-me-teeme\/uhised-projektid\/","title":{"rendered":"\u00dbhised projektid"},"content":{"rendered":"<p>[et_pb_section bb_built=&#8221;1&#8243; module_class=&#8221;jumbotron-page&#8221; _builder_version=&#8221;3.17.2&#8243; background_image=&#8221;https:\/\/rotary.fi\/kluuvi\/wp-content\/uploads\/sites\/158\/2018\/10\/rotary_klubit_alasivu_paakuva_15.jpg&#8221; next_background_color=&#8221;#ffffff&#8221; inner_width=&#8221;auto&#8221; inner_max_width=&#8221;none&#8221;][et_pb_row _builder_version=&#8221;3.0.48&#8243; background_size=&#8221;initial&#8221; background_position=&#8221;top_left&#8221; background_repeat=&#8221;repeat&#8221; width=&#8221;80%&#8221; max_width=&#8221;1080px&#8221;][et_pb_column type=&#8221;4_4&#8243;][et_pb_text admin_label=&#8221;P\u00e4\u00e4otsikko&#8221; _builder_version=&#8221;3.22.3&#8243; text_orientation=&#8221;center&#8221; background_layout=&#8221;dark&#8221; text_text_shadow_horizontal_length=&#8221;text_text_shadow_style,%91object Object%93&#8243; text_text_shadow_vertical_length=&#8221;text_text_shadow_style,%91object Object%93&#8243; text_text_shadow_blur_strength=&#8221;text_text_shadow_style,%91object Object%93&#8243; link_text_shadow_horizontal_length=&#8221;link_text_shadow_style,%91object Object%93&#8243; link_text_shadow_vertical_length=&#8221;link_text_shadow_style,%91object Object%93&#8243; link_text_shadow_blur_strength=&#8221;link_text_shadow_style,%91object Object%93&#8243; ul_text_shadow_horizontal_length=&#8221;ul_text_shadow_style,%91object Object%93&#8243; ul_text_shadow_vertical_length=&#8221;ul_text_shadow_style,%91object Object%93&#8243; ul_text_shadow_blur_strength=&#8221;ul_text_shadow_style,%91object Object%93&#8243; ol_text_shadow_horizontal_length=&#8221;ol_text_shadow_style,%91object Object%93&#8243; ol_text_shadow_vertical_length=&#8221;ol_text_shadow_style,%91object Object%93&#8243; ol_text_shadow_blur_strength=&#8221;ol_text_shadow_style,%91object Object%93&#8243; quote_text_shadow_horizontal_length=&#8221;quote_text_shadow_style,%91object Object%93&#8243; quote_text_shadow_vertical_length=&#8221;quote_text_shadow_style,%91object Object%93&#8243; quote_text_shadow_blur_strength=&#8221;quote_text_shadow_style,%91object Object%93&#8243; header_text_shadow_horizontal_length=&#8221;header_text_shadow_style,%91object Object%93&#8243; header_text_shadow_vertical_length=&#8221;header_text_shadow_style,%91object Object%93&#8243; header_text_shadow_blur_strength=&#8221;header_text_shadow_style,%91object Object%93&#8243; header_2_text_shadow_horizontal_length=&#8221;header_2_text_shadow_style,%91object Object%93&#8243; header_2_text_shadow_vertical_length=&#8221;header_2_text_shadow_style,%91object Object%93&#8243; header_2_text_shadow_blur_strength=&#8221;header_2_text_shadow_style,%91object Object%93&#8243; header_3_text_shadow_horizontal_length=&#8221;header_3_text_shadow_style,%91object Object%93&#8243; header_3_text_shadow_vertical_length=&#8221;header_3_text_shadow_style,%91object Object%93&#8243; header_3_text_shadow_blur_strength=&#8221;header_3_text_shadow_style,%91object Object%93&#8243; header_4_text_shadow_horizontal_length=&#8221;header_4_text_shadow_style,%91object Object%93&#8243; header_4_text_shadow_vertical_length=&#8221;header_4_text_shadow_style,%91object Object%93&#8243; header_4_text_shadow_blur_strength=&#8221;header_4_text_shadow_style,%91object Object%93&#8243; header_5_text_shadow_horizontal_length=&#8221;header_5_text_shadow_style,%91object Object%93&#8243; header_5_text_shadow_vertical_length=&#8221;header_5_text_shadow_style,%91object Object%93&#8243; header_5_text_shadow_blur_strength=&#8221;header_5_text_shadow_style,%91object Object%93&#8243; header_6_text_shadow_horizontal_length=&#8221;header_6_text_shadow_style,%91object Object%93&#8243; header_6_text_shadow_vertical_length=&#8221;header_6_text_shadow_style,%91object Object%93&#8243; header_6_text_shadow_blur_strength=&#8221;header_6_text_shadow_style,%91object Object%93&#8243; z_index_tablet=&#8221;500&#8243;]<\/p>\n<h1>\u00dbhised projektid<\/h1>\n<p>[\/et_pb_text][\/et_pb_column][\/et_pb_row][\/et_pb_section][et_pb_section bb_built=&#8221;1&#8243; specialty=&#8221;on&#8221; module_class_2=&#8221;sivupalkki&#8221; _builder_version=&#8221;3.4.1&#8243; prev_background_color=&#8221;#000000&#8243; inner_width=&#8221;auto&#8221; inner_max_width=&#8221;none&#8221;][et_pb_column type=&#8221;2_3&#8243; specialty_columns=&#8221;2&#8243;][et_pb_row_inner admin_label=&#8221;Rivi&#8221; _builder_version=&#8221;3.0.47&#8243;][et_pb_column_inner type=&#8221;4_4&#8243; saved_specialty_column_type=&#8221;2_3&#8243;][et_pb_text admin_label=&#8221;\u00dbhised projektid &#8211; Otsikko&#8221; _builder_version=&#8221;3.22.3&#8243; text_orientation=&#8221;center&#8221; text_text_shadow_horizontal_length=&#8221;text_text_shadow_style,%91object Object%93&#8243; text_text_shadow_vertical_length=&#8221;text_text_shadow_style,%91object Object%93&#8243; text_text_shadow_blur_strength=&#8221;text_text_shadow_style,%91object Object%93&#8243; link_text_shadow_horizontal_length=&#8221;link_text_shadow_style,%91object Object%93&#8243; link_text_shadow_vertical_length=&#8221;link_text_shadow_style,%91object Object%93&#8243; link_text_shadow_blur_strength=&#8221;link_text_shadow_style,%91object Object%93&#8243; ul_text_shadow_horizontal_length=&#8221;ul_text_shadow_style,%91object Object%93&#8243; ul_text_shadow_vertical_length=&#8221;ul_text_shadow_style,%91object Object%93&#8243; ul_text_shadow_blur_strength=&#8221;ul_text_shadow_style,%91object Object%93&#8243; ol_text_shadow_horizontal_length=&#8221;ol_text_shadow_style,%91object Object%93&#8243; ol_text_shadow_vertical_length=&#8221;ol_text_shadow_style,%91object Object%93&#8243; ol_text_shadow_blur_strength=&#8221;ol_text_shadow_style,%91object Object%93&#8243; quote_text_shadow_horizontal_length=&#8221;quote_text_shadow_style,%91object Object%93&#8243; quote_text_shadow_vertical_length=&#8221;quote_text_shadow_style,%91object Object%93&#8243; quote_text_shadow_blur_strength=&#8221;quote_text_shadow_style,%91object Object%93&#8243; header_text_shadow_horizontal_length=&#8221;header_text_shadow_style,%91object Object%93&#8243; header_text_shadow_vertical_length=&#8221;header_text_shadow_style,%91object Object%93&#8243; header_text_shadow_blur_strength=&#8221;header_text_shadow_style,%91object Object%93&#8243; header_2_text_shadow_horizontal_length=&#8221;header_2_text_shadow_style,%91object Object%93&#8243; header_2_text_shadow_vertical_length=&#8221;header_2_text_shadow_style,%91object Object%93&#8243; header_2_text_shadow_blur_strength=&#8221;header_2_text_shadow_style,%91object Object%93&#8243; header_3_text_shadow_horizontal_length=&#8221;header_3_text_shadow_style,%91object Object%93&#8243; header_3_text_shadow_vertical_length=&#8221;header_3_text_shadow_style,%91object Object%93&#8243; header_3_text_shadow_blur_strength=&#8221;header_3_text_shadow_style,%91object Object%93&#8243; header_4_text_shadow_horizontal_length=&#8221;header_4_text_shadow_style,%91object Object%93&#8243; header_4_text_shadow_vertical_length=&#8221;header_4_text_shadow_style,%91object Object%93&#8243; header_4_text_shadow_blur_strength=&#8221;header_4_text_shadow_style,%91object Object%93&#8243; header_5_text_shadow_horizontal_length=&#8221;header_5_text_shadow_style,%91object Object%93&#8243; header_5_text_shadow_vertical_length=&#8221;header_5_text_shadow_style,%91object Object%93&#8243; header_5_text_shadow_blur_strength=&#8221;header_5_text_shadow_style,%91object Object%93&#8243; header_6_text_shadow_horizontal_length=&#8221;header_6_text_shadow_style,%91object Object%93&#8243; header_6_text_shadow_vertical_length=&#8221;header_6_text_shadow_style,%91object Object%93&#8243; header_6_text_shadow_blur_strength=&#8221;header_6_text_shadow_style,%91object Object%93&#8243; z_index_tablet=&#8221;500&#8243;]<\/p>\n<h1>\u00dbhised projektid<\/h1>\n<p>[\/et_pb_text][et_pb_text _builder_version=&#8221;3.22.3&#8243; text_text_shadow_horizontal_length=&#8221;text_text_shadow_style,%91object Object%93&#8243; text_text_shadow_vertical_length=&#8221;text_text_shadow_style,%91object Object%93&#8243; text_text_shadow_blur_strength=&#8221;text_text_shadow_style,%91object Object%93&#8243; link_text_shadow_horizontal_length=&#8221;link_text_shadow_style,%91object Object%93&#8243; link_text_shadow_vertical_length=&#8221;link_text_shadow_style,%91object Object%93&#8243; link_text_shadow_blur_strength=&#8221;link_text_shadow_style,%91object Object%93&#8243; ul_text_shadow_horizontal_length=&#8221;ul_text_shadow_style,%91object Object%93&#8243; ul_text_shadow_vertical_length=&#8221;ul_text_shadow_style,%91object Object%93&#8243; ul_text_shadow_blur_strength=&#8221;ul_text_shadow_style,%91object Object%93&#8243; ol_text_shadow_horizontal_length=&#8221;ol_text_shadow_style,%91object Object%93&#8243; ol_text_shadow_vertical_length=&#8221;ol_text_shadow_style,%91object Object%93&#8243; ol_text_shadow_blur_strength=&#8221;ol_text_shadow_style,%91object Object%93&#8243; quote_text_shadow_horizontal_length=&#8221;quote_text_shadow_style,%91object Object%93&#8243; quote_text_shadow_vertical_length=&#8221;quote_text_shadow_style,%91object Object%93&#8243; quote_text_shadow_blur_strength=&#8221;quote_text_shadow_style,%91object Object%93&#8243; header_text_shadow_horizontal_length=&#8221;header_text_shadow_style,%91object Object%93&#8243; header_text_shadow_vertical_length=&#8221;header_text_shadow_style,%91object Object%93&#8243; header_text_shadow_blur_strength=&#8221;header_text_shadow_style,%91object Object%93&#8243; header_2_text_shadow_horizontal_length=&#8221;header_2_text_shadow_style,%91object Object%93&#8243; header_2_text_shadow_vertical_length=&#8221;header_2_text_shadow_style,%91object Object%93&#8243; header_2_text_shadow_blur_strength=&#8221;header_2_text_shadow_style,%91object Object%93&#8243; header_3_text_shadow_horizontal_length=&#8221;header_3_text_shadow_style,%91object Object%93&#8243; header_3_text_shadow_vertical_length=&#8221;header_3_text_shadow_style,%91object Object%93&#8243; header_3_text_shadow_blur_strength=&#8221;header_3_text_shadow_style,%91object Object%93&#8243; header_4_text_shadow_horizontal_length=&#8221;header_4_text_shadow_style,%91object Object%93&#8243; header_4_text_shadow_vertical_length=&#8221;header_4_text_shadow_style,%91object Object%93&#8243; header_4_text_shadow_blur_strength=&#8221;header_4_text_shadow_style,%91object Object%93&#8243; header_5_text_shadow_horizontal_length=&#8221;header_5_text_shadow_style,%91object Object%93&#8243; header_5_text_shadow_vertical_length=&#8221;header_5_text_shadow_style,%91object Object%93&#8243; header_5_text_shadow_blur_strength=&#8221;header_5_text_shadow_style,%91object Object%93&#8243; header_6_text_shadow_horizontal_length=&#8221;header_6_text_shadow_style,%91object Object%93&#8243; header_6_text_shadow_vertical_length=&#8221;header_6_text_shadow_style,%91object Object%93&#8243; header_6_text_shadow_blur_strength=&#8221;header_6_text_shadow_style,%91object Object%93&#8243; z_index_tablet=&#8221;500&#8243;]<\/p>\n<p><span style=\"color: #8300e9;\"><strong>NB! T\u00e4itke leht nii, et see sobiks teie klubi tegevusega.<\/strong><\/span><\/p>\n<p>Osaleme piirkonna \u00fchises Rotary Day-p\u00e4evas. Rotary Day on s\u00fcndmus, milles r\u00e4\u00e4gime nii Rotary kui ka meie klubi tegevusest, n\u00e4iteks noorsoovahetus-t\u00f6\u00f6st ja projektidest. M\u00fc\u00fcme tooteid meie teenuste ja heategevuslike tegevuste rahastamiseks. J\u00e4lgige meie tegevust. Me kuulutame j\u00e4rgmise aasta s\u00fcndmused ja meie osalemine nendel \u00fchistel \u00fcritustel nendel lehek\u00fclgedel ja meie sotsiaalmeedia kanalitel.<\/p>\n<p><strong><span style=\"color: #8300e9;\">N\u00e4iteks:<\/span><\/strong><br \/><a href=\"https:\/\/rotary.fi\/kluuvi\/mita-teemme\/yhteiset-projektit\/rotary-day\/\">Rotary Day<\/a> \u2013 alamlehek\u00fclg, vajadusel.<br \/>Piirkonna muud \u00fchised projektid (ntks. It\u00e4meri \/ Silakkasoutu) <br \/>(Sissejuhatus tekst ja link projekti lehek\u00fcljele.)<\/p>\n<p>Loe lisaks \u00fcrituste infot meie piirkonna veebilehelt (linkki piirin sivuille)<\/p>\n<p>[\/et_pb_text][\/et_pb_column_inner][\/et_pb_row_inner][\/et_pb_column][et_pb_column type=&#8221;1_3&#8243;][et_pb_sidebar area=&#8221;sidebar-1&#8243; module_class=&#8221;sivupalkki_sisalto&#8221; _builder_version=&#8221;3.4.1&#8243; locked=&#8221;on&#8221;]<\/p>\n<p><\/p>\n<p>[\/et_pb_sidebar][\/et_pb_column][\/et_pb_section]<\/p>\n","protected":false},"excerpt":{"rendered":"<p>\u00dbhised projektid \u00dbhised projektid NB! T\u00e4itke leht nii, et see sobiks teie klubi tegevusega. Osaleme piirkonna \u00fchises Rotary Day-p\u00e4evas. Rotary Day on s\u00fcndmus, milles r\u00e4\u00e4gime nii Rotary kui ka meie klubi tegevusest, n\u00e4iteks noorsoovahetus-t\u00f6\u00f6st ja projektidest. M\u00fc\u00fcme tooteid meie teenuste ja heategevuslike tegevuste rahastamiseks. J\u00e4lgige meie tegevust. Me kuulutame j\u00e4rgmise aasta s\u00fcndmused ja meie osalemine [&hellip;]<\/p>\n","protected":false},"author":1,"featured_media":0,"parent":1835,"menu_order":4,"comment_status":"closed","ping_status":"closed","template":"","meta":{"_acf_changed":false,"_et_pb_use_builder":"on","_et_pb_old_content":"","_et_gb_content_width":"","footnotes":""},"class_list":["post-1846","page","type-page","status-publish","hentry"],"acf":[],"yoast_head":"<!-- This site is optimized with the Yoast SEO plugin v27.4 - https:\/\/yoast.com\/product\/yoast-seo-wordpress\/ -->\n<title>\u00dbhised projektid - Kluuvin Rotaryklubi - Gloets Rotaryklubb<\/title>\n<meta name=\"robots\" content=\"index, follow, max-snippet:-1, max-image-preview:large, max-video-preview:-1\" \/>\n<link rel=\"canonical\" href=\"https:\/\/rotary.fi\/kluuvi\/et\/mida-me-teeme\/uhised-projektid\/\" \/>\n<meta property=\"og:locale\" content=\"fi_FI\" \/>\n<meta property=\"og:type\" content=\"article\" \/>\n<meta property=\"og:title\" content=\"\u00dbhised projektid - Kluuvin Rotaryklubi - Gloets Rotaryklubb\" \/>\n<meta property=\"og:description\" content=\"\u00dbhised projektid \u00dbhised projektid NB! T\u00e4itke leht nii, et see sobiks teie klubi tegevusega. Osaleme piirkonna \u00fchises Rotary Day-p\u00e4evas. Rotary Day on s\u00fcndmus, milles r\u00e4\u00e4gime nii Rotary kui ka meie klubi tegevusest, n\u00e4iteks noorsoovahetus-t\u00f6\u00f6st ja projektidest. M\u00fc\u00fcme tooteid meie teenuste ja heategevuslike tegevuste rahastamiseks. J\u00e4lgige meie tegevust. Me kuulutame j\u00e4rgmise aasta s\u00fcndmused ja meie osalemine [&hellip;]\" \/>\n<meta property=\"og:url\" content=\"https:\/\/rotary.fi\/kluuvi\/et\/mida-me-teeme\/uhised-projektid\/\" \/>\n<meta property=\"og:site_name\" content=\"Kluuvin Rotaryklubi - Gloets Rotaryklubb\" \/>\n<meta name=\"twitter:card\" content=\"summary_large_image\" \/>\n<meta name=\"twitter:label1\" content=\"Arvioitu lukuaika\" \/>\n\t<meta name=\"twitter:data1\" content=\"7 minuuttia\" \/>\n<script type=\"application\/ld+json\" class=\"yoast-schema-graph\">{\"@context\":\"https:\\\/\\\/schema.org\",\"@graph\":[{\"@type\":\"WebPage\",\"@id\":\"https:\\\/\\\/rotary.fi\\\/kluuvi\\\/et\\\/mida-me-teeme\\\/uhised-projektid\\\/\",\"url\":\"https:\\\/\\\/rotary.fi\\\/kluuvi\\\/et\\\/mida-me-teeme\\\/uhised-projektid\\\/\",\"name\":\"\u00dbhised projektid - Kluuvin Rotaryklubi - Gloets Rotaryklubb\",\"isPartOf\":{\"@id\":\"https:\\\/\\\/rotary.fi\\\/kluuvi\\\/#website\"},\"datePublished\":\"2019-04-24T10:13:11+00:00\",\"breadcrumb\":{\"@id\":\"https:\\\/\\\/rotary.fi\\\/kluuvi\\\/et\\\/mida-me-teeme\\\/uhised-projektid\\\/#breadcrumb\"},\"inLanguage\":\"fi\",\"potentialAction\":[{\"@type\":\"ReadAction\",\"target\":[\"https:\\\/\\\/rotary.fi\\\/kluuvi\\\/et\\\/mida-me-teeme\\\/uhised-projektid\\\/\"]}]},{\"@type\":\"BreadcrumbList\",\"@id\":\"https:\\\/\\\/rotary.fi\\\/kluuvi\\\/et\\\/mida-me-teeme\\\/uhised-projektid\\\/#breadcrumb\",\"itemListElement\":[{\"@type\":\"ListItem\",\"position\":1,\"name\":\"Home\",\"item\":\"https:\\\/\\\/rotary.fi\\\/kluuvi\\\/\"},{\"@type\":\"ListItem\",\"position\":2,\"name\":\"Mida me teeme\",\"item\":\"https:\\\/\\\/rotary.fi\\\/kluuvi\\\/et\\\/mida-me-teeme\\\/\"},{\"@type\":\"ListItem\",\"position\":3,\"name\":\"\u00dbhised projektid\"}]},{\"@type\":\"WebSite\",\"@id\":\"https:\\\/\\\/rotary.fi\\\/kluuvi\\\/#website\",\"url\":\"https:\\\/\\\/rotary.fi\\\/kluuvi\\\/\",\"name\":\"Kluuvin Rotaryklubi - Gloets Rotaryklubb\",\"description\":\"Uusi Rotary klubisivusto\",\"potentialAction\":[{\"@type\":\"SearchAction\",\"target\":{\"@type\":\"EntryPoint\",\"urlTemplate\":\"https:\\\/\\\/rotary.fi\\\/kluuvi\\\/?s={search_term_string}\"},\"query-input\":{\"@type\":\"PropertyValueSpecification\",\"valueRequired\":true,\"valueName\":\"search_term_string\"}}],\"inLanguage\":\"fi\"}]}<\/script>\n<!-- \/ Yoast SEO plugin. -->","yoast_head_json":{"title":"\u00dbhised projektid - Kluuvin Rotaryklubi - Gloets Rotaryklubb","robots":{"index":"index","follow":"follow","max-snippet":"max-snippet:-1","max-image-preview":"max-image-preview:large","max-video-preview":"max-video-preview:-1"},"canonical":"https:\/\/rotary.fi\/kluuvi\/et\/mida-me-teeme\/uhised-projektid\/","og_locale":"fi_FI","og_type":"article","og_title":"\u00dbhised projektid - Kluuvin Rotaryklubi - Gloets Rotaryklubb","og_description":"\u00dbhised projektid \u00dbhised projektid NB! T\u00e4itke leht nii, et see sobiks teie klubi tegevusega. Osaleme piirkonna \u00fchises Rotary Day-p\u00e4evas. Rotary Day on s\u00fcndmus, milles r\u00e4\u00e4gime nii Rotary kui ka meie klubi tegevusest, n\u00e4iteks noorsoovahetus-t\u00f6\u00f6st ja projektidest. M\u00fc\u00fcme tooteid meie teenuste ja heategevuslike tegevuste rahastamiseks. J\u00e4lgige meie tegevust. Me kuulutame j\u00e4rgmise aasta s\u00fcndmused ja meie osalemine [&hellip;]","og_url":"https:\/\/rotary.fi\/kluuvi\/et\/mida-me-teeme\/uhised-projektid\/","og_site_name":"Kluuvin Rotaryklubi - Gloets Rotaryklubb","twitter_card":"summary_large_image","twitter_misc":{"Arvioitu lukuaika":"7 minuuttia"},"schema":{"@context":"https:\/\/schema.org","@graph":[{"@type":"WebPage","@id":"https:\/\/rotary.fi\/kluuvi\/et\/mida-me-teeme\/uhised-projektid\/","url":"https:\/\/rotary.fi\/kluuvi\/et\/mida-me-teeme\/uhised-projektid\/","name":"\u00dbhised projektid - Kluuvin Rotaryklubi - Gloets Rotaryklubb","isPartOf":{"@id":"https:\/\/rotary.fi\/kluuvi\/#website"},"datePublished":"2019-04-24T10:13:11+00:00","breadcrumb":{"@id":"https:\/\/rotary.fi\/kluuvi\/et\/mida-me-teeme\/uhised-projektid\/#breadcrumb"},"inLanguage":"fi","potentialAction":[{"@type":"ReadAction","target":["https:\/\/rotary.fi\/kluuvi\/et\/mida-me-teeme\/uhised-projektid\/"]}]},{"@type":"BreadcrumbList","@id":"https:\/\/rotary.fi\/kluuvi\/et\/mida-me-teeme\/uhised-projektid\/#breadcrumb","itemListElement":[{"@type":"ListItem","position":1,"name":"Home","item":"https:\/\/rotary.fi\/kluuvi\/"},{"@type":"ListItem","position":2,"name":"Mida me teeme","item":"https:\/\/rotary.fi\/kluuvi\/et\/mida-me-teeme\/"},{"@type":"ListItem","position":3,"name":"\u00dbhised projektid"}]},{"@type":"WebSite","@id":"https:\/\/rotary.fi\/kluuvi\/#website","url":"https:\/\/rotary.fi\/kluuvi\/","name":"Kluuvin Rotaryklubi - Gloets Rotaryklubb","description":"Uusi Rotary klubisivusto","potentialAction":[{"@type":"SearchAction","target":{"@type":"EntryPoint","urlTemplate":"https:\/\/rotary.fi\/kluuvi\/?s={search_term_string}"},"query-input":{"@type":"PropertyValueSpecification","valueRequired":true,"valueName":"search_term_string"}}],"inLanguage":"fi"}]}},"lang":"et","translations":{"et":1846,"en":1455,"fi":160,"sv":1617},"pll_sync_post":[],"_links":{"self":[{"href":"https:\/\/rotary.fi\/kluuvi\/wp-json\/wp\/v2\/pages\/1846","targetHints":{"allow":["GET"]}}],"collection":[{"href":"https:\/\/rotary.fi\/kluuvi\/wp-json\/wp\/v2\/pages"}],"about":[{"href":"https:\/\/rotary.fi\/kluuvi\/wp-json\/wp\/v2\/types\/page"}],"author":[{"embeddable":true,"href":"https:\/\/rotary.fi\/kluuvi\/wp-json\/wp\/v2\/users\/1"}],"replies":[{"embeddable":true,"href":"https:\/\/rotary.fi\/kluuvi\/wp-json\/wp\/v2\/comments?post=1846"}],"version-history":[{"count":1,"href":"https:\/\/rotary.fi\/kluuvi\/wp-json\/wp\/v2\/pages\/1846\/revisions"}],"predecessor-version":[{"id":1847,"href":"https:\/\/rotary.fi\/kluuvi\/wp-json\/wp\/v2\/pages\/1846\/revisions\/1847"}],"up":[{"embeddable":true,"href":"https:\/\/rotary.fi\/kluuvi\/wp-json\/wp\/v2\/pages\/1835"}],"wp:attachment":[{"href":"https:\/\/rotary.fi\/kluuvi\/wp-json\/wp\/v2\/media?parent=1846"}],"curies":[{"name":"wp","href":"https:\/\/api.w.org\/{rel}","templated":true}]}}