{"id":1578,"date":"2019-03-19T14:37:01","date_gmt":"2019-03-19T12:37:01","guid":{"rendered":"https:\/\/rotary.fi\/kluuvi\/?page_id=1578"},"modified":"2019-08-12T10:57:17","modified_gmt":"2019-08-12T07:57:17","slug":"vi-ar-en-del-av-distrikt-1420","status":"publish","type":"page","link":"https:\/\/rotary.fi\/kluuvi\/sv\/vem-ar-vi\/vi-ar-en-del-av-distrikt-1420\/","title":{"rendered":"Vi \u00e4r en del av distrikt 1420"},"content":{"rendered":"<p>[et_pb_section bb_built=&#8221;1&#8243; module_class=&#8221;jumbotron-page&#8221; _builder_version=&#8221;3.17.2&#8243; background_image=&#8221;https:\/\/rotary.fi\/kluuvi\/wp-content\/uploads\/sites\/158\/2018\/08\/rotary_klubit_alasivu_paakuva_4.jpg&#8221; next_background_color=&#8221;#ffffff&#8221; inner_width=&#8221;auto&#8221; inner_max_width=&#8221;1080px&#8221;][et_pb_row _builder_version=&#8221;3.0.48&#8243; background_size=&#8221;initial&#8221; background_position=&#8221;top_left&#8221; background_repeat=&#8221;repeat&#8221; width=&#8221;80%&#8221; max_width=&#8221;1080px&#8221;][et_pb_column type=&#8221;4_4&#8243; custom_padding__hover=&#8221;|||&#8221; custom_padding=&#8221;|||&#8221;][et_pb_text admin_label=&#8221;Main \/\/ Vi \u00e4r en del av distrikt 1420&#8243; _builder_version=&#8221;3.25.3&#8243; text_orientation=&#8221;center&#8221; background_layout=&#8221;dark&#8221; text_text_shadow_horizontal_length=&#8221;text_text_shadow_style,%91object Object%93&#8243; text_text_shadow_horizontal_length_tablet=&#8221;0px&#8221; text_text_shadow_vertical_length=&#8221;text_text_shadow_style,%91object Object%93&#8243; text_text_shadow_vertical_length_tablet=&#8221;0px&#8221; text_text_shadow_blur_strength=&#8221;text_text_shadow_style,%91object Object%93&#8243; text_text_shadow_blur_strength_tablet=&#8221;1px&#8221; link_text_shadow_horizontal_length=&#8221;link_text_shadow_style,%91object Object%93&#8243; link_text_shadow_horizontal_length_tablet=&#8221;0px&#8221; link_text_shadow_vertical_length=&#8221;link_text_shadow_style,%91object Object%93&#8243; link_text_shadow_vertical_length_tablet=&#8221;0px&#8221; link_text_shadow_blur_strength=&#8221;link_text_shadow_style,%91object Object%93&#8243; link_text_shadow_blur_strength_tablet=&#8221;1px&#8221; ul_text_shadow_horizontal_length=&#8221;ul_text_shadow_style,%91object Object%93&#8243; ul_text_shadow_horizontal_length_tablet=&#8221;0px&#8221; ul_text_shadow_vertical_length=&#8221;ul_text_shadow_style,%91object Object%93&#8243; ul_text_shadow_vertical_length_tablet=&#8221;0px&#8221; ul_text_shadow_blur_strength=&#8221;ul_text_shadow_style,%91object Object%93&#8243; ul_text_shadow_blur_strength_tablet=&#8221;1px&#8221; ol_text_shadow_horizontal_length=&#8221;ol_text_shadow_style,%91object Object%93&#8243; ol_text_shadow_horizontal_length_tablet=&#8221;0px&#8221; ol_text_shadow_vertical_length=&#8221;ol_text_shadow_style,%91object Object%93&#8243; ol_text_shadow_vertical_length_tablet=&#8221;0px&#8221; ol_text_shadow_blur_strength=&#8221;ol_text_shadow_style,%91object Object%93&#8243; ol_text_shadow_blur_strength_tablet=&#8221;1px&#8221; quote_text_shadow_horizontal_length=&#8221;quote_text_shadow_style,%91object Object%93&#8243; quote_text_shadow_horizontal_length_tablet=&#8221;0px&#8221; quote_text_shadow_vertical_length=&#8221;quote_text_shadow_style,%91object Object%93&#8243; quote_text_shadow_vertical_length_tablet=&#8221;0px&#8221; quote_text_shadow_blur_strength=&#8221;quote_text_shadow_style,%91object Object%93&#8243; quote_text_shadow_blur_strength_tablet=&#8221;1px&#8221; header_text_shadow_horizontal_length=&#8221;header_text_shadow_style,%91object Object%93&#8243; header_text_shadow_horizontal_length_tablet=&#8221;0px&#8221; header_text_shadow_vertical_length=&#8221;header_text_shadow_style,%91object Object%93&#8243; header_text_shadow_vertical_length_tablet=&#8221;0px&#8221; header_text_shadow_blur_strength=&#8221;header_text_shadow_style,%91object Object%93&#8243; header_text_shadow_blur_strength_tablet=&#8221;1px&#8221; header_2_text_shadow_horizontal_length=&#8221;header_2_text_shadow_style,%91object Object%93&#8243; header_2_text_shadow_horizontal_length_tablet=&#8221;0px&#8221; header_2_text_shadow_vertical_length=&#8221;header_2_text_shadow_style,%91object Object%93&#8243; header_2_text_shadow_vertical_length_tablet=&#8221;0px&#8221; header_2_text_shadow_blur_strength=&#8221;header_2_text_shadow_style,%91object Object%93&#8243; header_2_text_shadow_blur_strength_tablet=&#8221;1px&#8221; header_3_text_shadow_horizontal_length=&#8221;header_3_text_shadow_style,%91object Object%93&#8243; header_3_text_shadow_horizontal_length_tablet=&#8221;0px&#8221; header_3_text_shadow_vertical_length=&#8221;header_3_text_shadow_style,%91object Object%93&#8243; header_3_text_shadow_vertical_length_tablet=&#8221;0px&#8221; header_3_text_shadow_blur_strength=&#8221;header_3_text_shadow_style,%91object Object%93&#8243; header_3_text_shadow_blur_strength_tablet=&#8221;1px&#8221; header_4_text_shadow_horizontal_length=&#8221;header_4_text_shadow_style,%91object Object%93&#8243; header_4_text_shadow_horizontal_length_tablet=&#8221;0px&#8221; header_4_text_shadow_vertical_length=&#8221;header_4_text_shadow_style,%91object Object%93&#8243; header_4_text_shadow_vertical_length_tablet=&#8221;0px&#8221; header_4_text_shadow_blur_strength=&#8221;header_4_text_shadow_style,%91object Object%93&#8243; header_4_text_shadow_blur_strength_tablet=&#8221;1px&#8221; header_5_text_shadow_horizontal_length=&#8221;header_5_text_shadow_style,%91object Object%93&#8243; header_5_text_shadow_horizontal_length_tablet=&#8221;0px&#8221; header_5_text_shadow_vertical_length=&#8221;header_5_text_shadow_style,%91object Object%93&#8243; header_5_text_shadow_vertical_length_tablet=&#8221;0px&#8221; header_5_text_shadow_blur_strength=&#8221;header_5_text_shadow_style,%91object Object%93&#8243; header_5_text_shadow_blur_strength_tablet=&#8221;1px&#8221; header_6_text_shadow_horizontal_length=&#8221;header_6_text_shadow_style,%91object Object%93&#8243; header_6_text_shadow_horizontal_length_tablet=&#8221;0px&#8221; header_6_text_shadow_vertical_length=&#8221;header_6_text_shadow_style,%91object Object%93&#8243; header_6_text_shadow_vertical_length_tablet=&#8221;0px&#8221; header_6_text_shadow_blur_strength=&#8221;header_6_text_shadow_style,%91object Object%93&#8243; header_6_text_shadow_blur_strength_tablet=&#8221;1px&#8221; box_shadow_horizontal_tablet=&#8221;0px&#8221; box_shadow_vertical_tablet=&#8221;0px&#8221; box_shadow_blur_tablet=&#8221;40px&#8221; box_shadow_spread_tablet=&#8221;0px&#8221; z_index_tablet=&#8221;500&#8243;]<\/p>\n<h1>Vi \u00e4r en del av distrikt 1420<\/h1>\n<p>[\/et_pb_text][\/et_pb_column][\/et_pb_row][\/et_pb_section][et_pb_section bb_built=&#8221;1&#8243; specialty=&#8221;on&#8221; module_class_2=&#8221;sivupalkki&#8221; _builder_version=&#8221;3.4.1&#8243; prev_background_color=&#8221;#000000&#8243; inner_width=&#8221;auto&#8221; inner_max_width=&#8221;1080px&#8221;][et_pb_column type=&#8221;2_3&#8243; specialty_columns=&#8221;2&#8243;][et_pb_row_inner admin_label=&#8221;Rivi&#8221; _builder_version=&#8221;3.0.47&#8243;][et_pb_column_inner type=&#8221;4_4&#8243; saved_specialty_column_type=&#8221;2_3&#8243; custom_padding__hover=&#8221;|||&#8221; custom_padding=&#8221;|||&#8221; saved_specialty_column_type=&#8221;2_3&#8243;][et_pb_text admin_label=&#8221;Rotarydistrikt &#8211; rubrik&#8221; _builder_version=&#8221;3.21&#8243; text_orientation=&#8221;center&#8221;]<\/p>\n<h1>Rotarydistrikt<\/h1>\n<p>[\/et_pb_text][et_pb_text admin_label=&#8221;Text: Rotarydistrikt&#8221; _builder_version=&#8221;3.21&#8243;]<\/p>\n<p><span style=\"color: #8300e9;\"><strong>OBS. Komplettera sidans uppgifter att motsvara uppgifterna om ditt distrikt.<\/strong><\/span><\/p>\n<p>Det finns sex rotarydistrikt i Finland, d\u00e4r \u00e4ven Estland ing\u00e5r. Distriktet leds av en distriktguvern\u00f6r.<\/p>\n<p>Guvern\u00f6r f\u00f6r v\u00e5rt eget distrikt 1380 f\u00f6r verksamhets\u00e5ret 2018-2019 \u00e4r <strong>DG Jaakko Panula<\/strong> fr\u00e5n Kauhajoki.<\/p>\n<p>Guvern\u00f6rens arbete st\u00f6ds av ett distriktr\u00e5d, ett antal kommitt\u00e9er och arbetsgrupper samt av bitr\u00e4dande guvern\u00f6rer f\u00f6r distriktets olika delomr\u00e5den. Klubbarna g\u00f6r framst\u00e4llning om guvern\u00f6r och distriktets utn\u00e4mningskommitt\u00e9 utser av kandidaterna den mest l\u00e4mpade till guvern\u00f6r. Den tilltr\u00e4dande guvern\u00f6ren utses p\u00e5 Rotary Internationals v\u00e4rldskonferens.<\/p>\n<p>Distriktet ordnar under \u00e5ret f\u00f6r klubbarna ett flertal tillst\u00e4llningar, av vilka den viktigaste \u00e4r utbildningsseminariet f\u00f6r tilltr\u00e4dande klubbpresidenter och funktion\u00e4rer (PETS).<\/p>\n<p>Distriktsm\u00f6tet h\u00e5lls i allm\u00e4nhet p\u00e5 h\u00f6sten och den mera festliga distriktskonferensen p\u00e5 v\u00e5ren.<\/p>\n<p>Distriktsguvern\u00f6ren bes\u00f6ker samtliga klubbar i sitt distrikt under verksamhets\u00e5ret. De bitr\u00e4dande guvern\u00f6rerna bes\u00f6ker regelbundet klubbarna p\u00e5 sitt omr\u00e5de.<\/p>\n<p>[\/et_pb_text][\/et_pb_column_inner][\/et_pb_row_inner][\/et_pb_column][et_pb_column type=&#8221;1_3&#8243;][et_pb_sidebar admin_label=&#8221;Sidebar&#8221; area=&#8221;sidebar-1&#8243; module_class=&#8221;sivupalkki_sisalto&#8221; _builder_version=&#8221;3.21&#8243; locked=&#8221;on&#8221; \/][\/et_pb_column][\/et_pb_section]<\/p>\n","protected":false},"excerpt":{"rendered":"<p>Vi \u00e4r en del av distrikt 1420 Rotarydistrikt OBS. Komplettera sidans uppgifter att motsvara uppgifterna om ditt distrikt. Det finns sex rotarydistrikt i Finland, d\u00e4r \u00e4ven Estland ing\u00e5r. Distriktet leds av en distriktguvern\u00f6r. Guvern\u00f6r f\u00f6r v\u00e5rt eget distrikt 1380 f\u00f6r verksamhets\u00e5ret 2018-2019 \u00e4r DG Jaakko Panula fr\u00e5n Kauhajoki. Guvern\u00f6rens arbete st\u00f6ds av ett distriktr\u00e5d, ett [&hellip;]<\/p>\n","protected":false},"author":1,"featured_media":0,"parent":1565,"menu_order":3,"comment_status":"closed","ping_status":"closed","template":"","meta":{"_acf_changed":false,"_et_pb_use_builder":"on","_et_pb_old_content":"","_et_gb_content_width":"","footnotes":""},"class_list":["post-1578","page","type-page","status-publish","hentry"],"acf":[],"yoast_head":"<!-- This site is optimized with the Yoast SEO plugin v27.0 - https:\/\/yoast.com\/product\/yoast-seo-wordpress\/ -->\n<title>Vi \u00e4r en del av distrikt 1420 - Kluuvin Rotaryklubi - Gloets Rotaryklubb<\/title>\n<meta name=\"robots\" content=\"index, follow, max-snippet:-1, max-image-preview:large, max-video-preview:-1\" \/>\n<link rel=\"canonical\" href=\"https:\/\/rotary.fi\/kluuvi\/sv\/vem-ar-vi\/vi-ar-en-del-av-distrikt-1420\/\" \/>\n<meta property=\"og:locale\" content=\"fi_FI\" \/>\n<meta property=\"og:type\" content=\"article\" \/>\n<meta property=\"og:title\" content=\"Vi \u00e4r en del av distrikt 1420 - Kluuvin Rotaryklubi - Gloets Rotaryklubb\" \/>\n<meta property=\"og:description\" content=\"Vi \u00e4r en del av distrikt 1420 Rotarydistrikt OBS. Komplettera sidans uppgifter att motsvara uppgifterna om ditt distrikt. Det finns sex rotarydistrikt i Finland, d\u00e4r \u00e4ven Estland ing\u00e5r. Distriktet leds av en distriktguvern\u00f6r. Guvern\u00f6r f\u00f6r v\u00e5rt eget distrikt 1380 f\u00f6r verksamhets\u00e5ret 2018-2019 \u00e4r DG Jaakko Panula fr\u00e5n Kauhajoki. Guvern\u00f6rens arbete st\u00f6ds av ett distriktr\u00e5d, ett [&hellip;]\" \/>\n<meta property=\"og:url\" content=\"https:\/\/rotary.fi\/kluuvi\/sv\/vem-ar-vi\/vi-ar-en-del-av-distrikt-1420\/\" \/>\n<meta property=\"og:site_name\" content=\"Kluuvin Rotaryklubi - Gloets Rotaryklubb\" \/>\n<meta property=\"article:modified_time\" content=\"2019-08-12T07:57:17+00:00\" \/>\n<meta name=\"twitter:card\" content=\"summary_large_image\" \/>\n<meta name=\"twitter:label1\" content=\"Arvioitu lukuaika\" \/>\n\t<meta name=\"twitter:data1\" content=\"5 minuuttia\" \/>\n<script type=\"application\/ld+json\" class=\"yoast-schema-graph\">{\"@context\":\"https:\/\/schema.org\",\"@graph\":[{\"@type\":\"WebPage\",\"@id\":\"https:\/\/rotary.fi\/kluuvi\/sv\/vem-ar-vi\/vi-ar-en-del-av-distrikt-1420\/\",\"url\":\"https:\/\/rotary.fi\/kluuvi\/sv\/vem-ar-vi\/vi-ar-en-del-av-distrikt-1420\/\",\"name\":\"Vi \u00e4r en del av distrikt 1420 - Kluuvin Rotaryklubi - Gloets Rotaryklubb\",\"isPartOf\":{\"@id\":\"https:\/\/rotary.fi\/kluuvi\/#website\"},\"datePublished\":\"2019-03-19T12:37:01+00:00\",\"dateModified\":\"2019-08-12T07:57:17+00:00\",\"breadcrumb\":{\"@id\":\"https:\/\/rotary.fi\/kluuvi\/sv\/vem-ar-vi\/vi-ar-en-del-av-distrikt-1420\/#breadcrumb\"},\"inLanguage\":\"fi\",\"potentialAction\":[{\"@type\":\"ReadAction\",\"target\":[\"https:\/\/rotary.fi\/kluuvi\/sv\/vem-ar-vi\/vi-ar-en-del-av-distrikt-1420\/\"]}]},{\"@type\":\"BreadcrumbList\",\"@id\":\"https:\/\/rotary.fi\/kluuvi\/sv\/vem-ar-vi\/vi-ar-en-del-av-distrikt-1420\/#breadcrumb\",\"itemListElement\":[{\"@type\":\"ListItem\",\"position\":1,\"name\":\"Home\",\"item\":\"https:\/\/rotary.fi\/kluuvi\/\"},{\"@type\":\"ListItem\",\"position\":2,\"name\":\"Vem \u00e4r vi\",\"item\":\"https:\/\/rotary.fi\/kluuvi\/sv\/vem-ar-vi\/\"},{\"@type\":\"ListItem\",\"position\":3,\"name\":\"Vi \u00e4r en del av distrikt 1420\"}]},{\"@type\":\"WebSite\",\"@id\":\"https:\/\/rotary.fi\/kluuvi\/#website\",\"url\":\"https:\/\/rotary.fi\/kluuvi\/\",\"name\":\"Kluuvin Rotaryklubi - Gloets Rotaryklubb\",\"description\":\"Uusi Rotary klubisivusto\",\"potentialAction\":[{\"@type\":\"SearchAction\",\"target\":{\"@type\":\"EntryPoint\",\"urlTemplate\":\"https:\/\/rotary.fi\/kluuvi\/?s={search_term_string}\"},\"query-input\":{\"@type\":\"PropertyValueSpecification\",\"valueRequired\":true,\"valueName\":\"search_term_string\"}}],\"inLanguage\":\"fi\"}]}<\/script>\n<!-- \/ Yoast SEO plugin. -->","yoast_head_json":{"title":"Vi \u00e4r en del av distrikt 1420 - Kluuvin Rotaryklubi - Gloets Rotaryklubb","robots":{"index":"index","follow":"follow","max-snippet":"max-snippet:-1","max-image-preview":"max-image-preview:large","max-video-preview":"max-video-preview:-1"},"canonical":"https:\/\/rotary.fi\/kluuvi\/sv\/vem-ar-vi\/vi-ar-en-del-av-distrikt-1420\/","og_locale":"fi_FI","og_type":"article","og_title":"Vi \u00e4r en del av distrikt 1420 - Kluuvin Rotaryklubi - Gloets Rotaryklubb","og_description":"Vi \u00e4r en del av distrikt 1420 Rotarydistrikt OBS. Komplettera sidans uppgifter att motsvara uppgifterna om ditt distrikt. Det finns sex rotarydistrikt i Finland, d\u00e4r \u00e4ven Estland ing\u00e5r. Distriktet leds av en distriktguvern\u00f6r. Guvern\u00f6r f\u00f6r v\u00e5rt eget distrikt 1380 f\u00f6r verksamhets\u00e5ret 2018-2019 \u00e4r DG Jaakko Panula fr\u00e5n Kauhajoki. Guvern\u00f6rens arbete st\u00f6ds av ett distriktr\u00e5d, ett [&hellip;]","og_url":"https:\/\/rotary.fi\/kluuvi\/sv\/vem-ar-vi\/vi-ar-en-del-av-distrikt-1420\/","og_site_name":"Kluuvin Rotaryklubi - Gloets Rotaryklubb","article_modified_time":"2019-08-12T07:57:17+00:00","twitter_card":"summary_large_image","twitter_misc":{"Arvioitu lukuaika":"5 minuuttia"},"schema":{"@context":"https:\/\/schema.org","@graph":[{"@type":"WebPage","@id":"https:\/\/rotary.fi\/kluuvi\/sv\/vem-ar-vi\/vi-ar-en-del-av-distrikt-1420\/","url":"https:\/\/rotary.fi\/kluuvi\/sv\/vem-ar-vi\/vi-ar-en-del-av-distrikt-1420\/","name":"Vi \u00e4r en del av distrikt 1420 - Kluuvin Rotaryklubi - Gloets Rotaryklubb","isPartOf":{"@id":"https:\/\/rotary.fi\/kluuvi\/#website"},"datePublished":"2019-03-19T12:37:01+00:00","dateModified":"2019-08-12T07:57:17+00:00","breadcrumb":{"@id":"https:\/\/rotary.fi\/kluuvi\/sv\/vem-ar-vi\/vi-ar-en-del-av-distrikt-1420\/#breadcrumb"},"inLanguage":"fi","potentialAction":[{"@type":"ReadAction","target":["https:\/\/rotary.fi\/kluuvi\/sv\/vem-ar-vi\/vi-ar-en-del-av-distrikt-1420\/"]}]},{"@type":"BreadcrumbList","@id":"https:\/\/rotary.fi\/kluuvi\/sv\/vem-ar-vi\/vi-ar-en-del-av-distrikt-1420\/#breadcrumb","itemListElement":[{"@type":"ListItem","position":1,"name":"Home","item":"https:\/\/rotary.fi\/kluuvi\/"},{"@type":"ListItem","position":2,"name":"Vem \u00e4r vi","item":"https:\/\/rotary.fi\/kluuvi\/sv\/vem-ar-vi\/"},{"@type":"ListItem","position":3,"name":"Vi \u00e4r en del av distrikt 1420"}]},{"@type":"WebSite","@id":"https:\/\/rotary.fi\/kluuvi\/#website","url":"https:\/\/rotary.fi\/kluuvi\/","name":"Kluuvin Rotaryklubi - Gloets Rotaryklubb","description":"Uusi Rotary klubisivusto","potentialAction":[{"@type":"SearchAction","target":{"@type":"EntryPoint","urlTemplate":"https:\/\/rotary.fi\/kluuvi\/?s={search_term_string}"},"query-input":{"@type":"PropertyValueSpecification","valueRequired":true,"valueName":"search_term_string"}}],"inLanguage":"fi"}]}},"lang":"sv","translations":{"sv":1578,"en":1434,"fi":273,"et":1829},"pll_sync_post":[],"_links":{"self":[{"href":"https:\/\/rotary.fi\/kluuvi\/wp-json\/wp\/v2\/pages\/1578","targetHints":{"allow":["GET"]}}],"collection":[{"href":"https:\/\/rotary.fi\/kluuvi\/wp-json\/wp\/v2\/pages"}],"about":[{"href":"https:\/\/rotary.fi\/kluuvi\/wp-json\/wp\/v2\/types\/page"}],"author":[{"embeddable":true,"href":"https:\/\/rotary.fi\/kluuvi\/wp-json\/wp\/v2\/users\/1"}],"replies":[{"embeddable":true,"href":"https:\/\/rotary.fi\/kluuvi\/wp-json\/wp\/v2\/comments?post=1578"}],"version-history":[{"count":2,"href":"https:\/\/rotary.fi\/kluuvi\/wp-json\/wp\/v2\/pages\/1578\/revisions"}],"predecessor-version":[{"id":1967,"href":"https:\/\/rotary.fi\/kluuvi\/wp-json\/wp\/v2\/pages\/1578\/revisions\/1967"}],"up":[{"embeddable":true,"href":"https:\/\/rotary.fi\/kluuvi\/wp-json\/wp\/v2\/pages\/1565"}],"wp:attachment":[{"href":"https:\/\/rotary.fi\/kluuvi\/wp-json\/wp\/v2\/media?parent=1578"}],"curies":[{"name":"wp","href":"https:\/\/api.w.org\/{rel}","templated":true}]}}