{"id":138,"date":"2018-08-10T14:01:44","date_gmt":"2018-08-10T11:01:44","guid":{"rendered":"https:\/\/rotary.fi\/klubi2\/?page_id=138"},"modified":"2025-06-25T08:38:48","modified_gmt":"2025-06-25T05:38:48","slug":"vuositeema","status":"publish","type":"page","link":"https:\/\/rotary.fi\/kluuvi\/keita-olemme\/vuositeema\/","title":{"rendered":"Vuositeema"},"content":{"rendered":"<p>[et_pb_section fb_built=&#8221;1&#8243; module_class=&#8221;jumbotron-page&#8221; _builder_version=&#8221;4.16&#8243; background_image=&#8221;https:\/\/rotary.fi\/kluuvi\/wp-content\/uploads\/sites\/158\/2020\/02\/kluuvi-kyltti.jpg&#8221; custom_padding=&#8221;103px|||||&#8221; global_colors_info=&#8221;{}&#8221;][et_pb_row _builder_version=&#8221;4.16&#8243; background_size=&#8221;initial&#8221; background_position=&#8221;top_left&#8221; background_repeat=&#8221;repeat&#8221; custom_margin=&#8221;|362px||auto||&#8221; global_colors_info=&#8221;{}&#8221;][et_pb_column type=&#8221;4_4&#8243; _builder_version=&#8221;4.16&#8243; custom_padding=&#8221;|||&#8221; global_colors_info=&#8221;{}&#8221; custom_padding__hover=&#8221;|||&#8221;][et_pb_text admin_label=&#8221;P\u00e4\u00e4otsikko&#8221; _builder_version=&#8221;4.16&#8243; text_orientation=&#8221;center&#8221; background_layout=&#8221;dark&#8221; custom_padding=&#8221;||2px|||&#8221; global_colors_info=&#8221;{}&#8221;]<\/p>\n<h1>Vuositeema<\/h1>\n<p>&nbsp;<\/p>\n<p>[\/et_pb_text][\/et_pb_column][\/et_pb_row][\/et_pb_section][et_pb_section fb_built=&#8221;1&#8243; specialty=&#8221;on&#8221; module_class_2=&#8221;sivupalkki&#8221; _builder_version=&#8221;4.16&#8243; global_colors_info=&#8221;{}&#8221;][et_pb_column type=&#8221;2_3&#8243; specialty_columns=&#8221;2&#8243; _builder_version=&#8221;4.16&#8243; custom_padding=&#8221;|||&#8221; global_colors_info=&#8221;{}&#8221; custom_padding__hover=&#8221;|||&#8221;][et_pb_row_inner admin_label=&#8221;Rivi&#8221; _builder_version=&#8221;4.16&#8243; locked=&#8221;off&#8221; global_colors_info=&#8221;{}&#8221;][et_pb_column_inner saved_specialty_column_type=&#8221;2_3&#8243; _builder_version=&#8221;4.16&#8243; custom_padding=&#8221;|||&#8221; global_colors_info=&#8221;{}&#8221; custom_padding__hover=&#8221;|||&#8221;][et_pb_text admin_label=&#8221;Rotary Internationalin vuositeema &#8211; Otsikko&#8221; _builder_version=&#8221;4.16&#8243; text_orientation=&#8221;center&#8221; global_colors_info=&#8221;{}&#8221;][\/et_pb_text][\/et_pb_column_inner][\/et_pb_row_inner][et_pb_row_inner admin_label=&#8221;Rivi&#8221; _builder_version=&#8221;4.16&#8243; global_colors_info=&#8221;{}&#8221;][et_pb_column_inner saved_specialty_column_type=&#8221;2_3&#8243; _builder_version=&#8221;4.16&#8243; custom_padding=&#8221;|||&#8221; global_colors_info=&#8221;{}&#8221; custom_padding__hover=&#8221;|||&#8221;][et_pb_text admin_label=&#8221;Klubin vuositeema &#8211; Otsikko&#8221; _builder_version=&#8221;4.16&#8243; text_orientation=&#8221;center&#8221; global_colors_info=&#8221;{}&#8221;]<\/p>\n<h4>Kluuvin Rotaryklubin vuositeema\u00a0<\/h4>\n<p>[\/et_pb_text][et_pb_text _builder_version=&#8221;4.16&#8243; custom_padding=&#8221;||131px|||&#8221; global_colors_info=&#8221;{}&#8221;]<\/p>\n<p>\u00a0<strong><\/strong><\/p>\n<p><strong><\/strong><\/p>\n<p><strong><\/strong><\/p>\n<p><strong><\/strong><\/p>\n<p><strong style=\"font-size: 16px\">Kluuvin Rotaryklubin vuositeema on t\u00e4n\u00e4kin vuonna:<\/strong><\/p>\n<p><strong style=\"font-size: 16px\"><\/strong><\/p>\n<ul>\n<li>\n<p>\uf0b7 Rotaryaatteen palveluperiaatteen toteuttaminen<\/p>\n<\/li>\n<li>\n<p>\uf0b7 Rehdin toveruuden ja hyv\u00e4n klubihengen yll\u00e4pit\u00e4minen<\/p>\n<\/li>\n<li>\n<p>\uf0b7 Elinik\u00e4inen oppiminen<\/p>\n<p><strong><span style=\"font-size: medium\">Klubin arvot<\/span><\/strong><\/p>\n<p><strong><span style=\"font-size: medium\"><\/span><\/strong><\/p>\n<\/li>\n<li><strong><span style=\"font-size: medium\"><\/span><\/strong><\/li>\n<li>\n<p><span style=\"font-size: 16px\">Rotaryslogan \u201dService above self\u201d sek\u00e4 nelj\u00e4n kysymyksen koe m\u00e4\u00e4rittelev\u00e4t klubin arvopohjan<\/span><\/p>\n<\/li>\n<li>\n<p><span style=\"font-size: 16px\"><\/span><span style=\"font-size: 16px\"><\/span><span style=\"font-size: 16px\">1. Onko t\u00e4m\u00e4 totta?<\/span><\/p>\n<\/li>\n<li>\n<p><span style=\"font-size: 16px\"><\/span><span style=\"font-size: 16px\">2. Onko t\u00e4m\u00e4 oikeudenmukaista kaikkia asianosaisia kohtaan?<\/span><\/p>\n<\/li>\n<li>\n<p><span style=\"font-size: 16px\"><\/span>3. Luoko t\u00e4m\u00e4 hyv\u00e4\u00e4 tahtoa ja parantaako t\u00e4m\u00e4 yst\u00e4vyyssuhteita?<\/p>\n<\/li>\n<li>\n<p>4. Onko t\u00e4m\u00e4 kaikkien osapuolten edun mukaista?<\/p>\n<p><strong>Toimintasuunnitelma 2025-26<\/strong><\/p>\n<p>Keskeiset operatiiviset l\u00e4ht\u00f6kohdat klubin toiminnassa ovat:<\/p>\n<\/li>\n<li>\n<p>Klubikokoukset pidet\u00e4\u00e4n lounaskokouksina viikoittain aina toimintakaudeksi hyv\u00e4ksytyn<br \/>kausiohjelman mukaisesti.\u00a0<\/p>\n<\/li>\n<li>\n<p>Ohjelman suunnittelussa painotetaan aihealueiden<br \/>monipuolisuutta ja esitelmien korkeaa tasoa.<\/p>\n<\/li>\n<li>\n<p>Klubilla ei ole ulkopuolista varainhankintaa, joten tulot saadaan yksinomaan j\u00e4senilt\u00e4.<span style=\"font-size: 16px\">\u00a0<\/span><\/p>\n<\/li>\n<li>\n<p><span style=\"font-size: 16px\">Hyv\u00e4n rotaryhengen yll\u00e4pit\u00e4minen ja vahvistaminen ovat klubin toiminnan t\u00e4rke\u00e4 <\/span><span style=\"font-size: 16px\">edellytys.<\/span><\/p>\n<\/li>\n<li>\n<p>Klubi osallistuu kahden Rotaryn nuorisovaihto-ohjelmaan osallistuvan nuoren<br \/>kustannuksiin.<\/p>\n<\/li>\n<li>\n<p>Yhteisty\u00f6ss\u00e4 4H-j\u00e4rjest\u00f6n kanssa sovittua Rotary Startkick yritt\u00e4jyyskilpailua jatketaan<br \/>alkavana ja seuraavana rotaryvuonna.<\/p>\n<\/li>\n<li>\n<p><span style=\"font-size: 16px\">Klubi tukee Pelastusarmeijan kes\u00e4leiritoimintaa<\/span><\/p>\n<\/li>\n<li>\n<p><span style=\"font-size: 16px\">Klubi ottaa ilomielin uusia j\u00e4seni\u00e4, jotka hyv\u00e4ksyv\u00e4t Rotaryn arvot ja toimintaperiaatteet ja\u00a0<\/span><span style=\"font-size: 16px\"><\/span>jotka ovat valmiita osallistumaan aktiivisesti toimintaan.<\/p>\n<p><strong>Elinik\u00e4inen oppiminen<\/strong><\/p>\n<p>Elinik\u00e4inen oppiminen on yksi rotarytoiminnan keskeisi\u00e4 tavoitteita. Se toteutetaan hankkimalla klubin j\u00e4senyyteen eri alojen ja el\u00e4m\u00e4npiirien edustajia, joiden keskin\u00e4inen vuorovaikutus rotary-yhteis\u00f6ss\u00e4 on avointa ja vilkasta. N\u00e4in menetellen klubin edustamien ammattien ja osaamisalueiden kirjo s\u00e4ilyy monipuolisena. My\u00f6s esitelm\u00f6itsij\u00f6iden kutsuminen noudattaa samaa periaatetta ja tavoitteena on esitell\u00e4 erilaisia n\u00e4k\u00f6kulmia kaikilta inhimillisen toiminnan alueilta.<\/p>\n<\/li>\n<\/ul>\n<p>[\/et_pb_text][\/et_pb_column_inner][\/et_pb_row_inner][\/et_pb_column][et_pb_column type=&#8221;1_3&#8243; _builder_version=&#8221;4.16&#8243; custom_padding=&#8221;|||&#8221; global_colors_info=&#8221;{}&#8221; custom_padding__hover=&#8221;|||&#8221;][et_pb_sidebar area=&#8221;sidebar-1&#8243; module_class=&#8221;sivupalkki_sisalto&#8221; _builder_version=&#8221;4.16&#8243; locked=&#8221;on&#8221; global_colors_info=&#8221;{}&#8221;][\/et_pb_sidebar][\/et_pb_column][\/et_pb_section]<\/p>\n","protected":false},"excerpt":{"rendered":"<p>Vuositeema &nbsp;Kluuvin Rotaryklubin vuositeema\u00a0\u00a0 Kluuvin Rotaryklubin vuositeema on t\u00e4n\u00e4kin vuonna: \uf0b7 Rotaryaatteen palveluperiaatteen toteuttaminen \uf0b7 Rehdin toveruuden ja hyv\u00e4n klubihengen yll\u00e4pit\u00e4minen \uf0b7 Elinik\u00e4inen oppiminen Klubin arvot Rotaryslogan \u201dService above self\u201d sek\u00e4 nelj\u00e4n kysymyksen koe m\u00e4\u00e4rittelev\u00e4t klubin arvopohjan 1. Onko t\u00e4m\u00e4 totta? 2. Onko t\u00e4m\u00e4 oikeudenmukaista kaikkia asianosaisia kohtaan? 3. Luoko t\u00e4m\u00e4 hyv\u00e4\u00e4 tahtoa ja parantaako [&hellip;]<\/p>\n","protected":false},"author":1,"featured_media":0,"parent":129,"menu_order":2,"comment_status":"closed","ping_status":"closed","template":"","meta":{"_acf_changed":false,"_et_pb_use_builder":"on","_et_pb_old_content":"","_et_gb_content_width":"","footnotes":""},"class_list":["post-138","page","type-page","status-publish","hentry"],"acf":[],"yoast_head":"<!-- This site is optimized with the Yoast SEO plugin v27.4 - https:\/\/yoast.com\/product\/yoast-seo-wordpress\/ -->\n<title>Vuositeema - Kluuvin Rotaryklubi - Gloets Rotaryklubb<\/title>\n<meta name=\"robots\" content=\"index, follow, max-snippet:-1, max-image-preview:large, max-video-preview:-1\" \/>\n<link rel=\"canonical\" href=\"https:\/\/rotary.fi\/kluuvi\/keita-olemme\/vuositeema\/\" \/>\n<meta property=\"og:locale\" content=\"fi_FI\" \/>\n<meta property=\"og:type\" content=\"article\" \/>\n<meta property=\"og:title\" content=\"Vuositeema - Kluuvin Rotaryklubi - Gloets Rotaryklubb\" \/>\n<meta property=\"og:description\" content=\"Vuositeema &nbsp;Kluuvin Rotaryklubin vuositeema\u00a0\u00a0 Kluuvin Rotaryklubin vuositeema on t\u00e4n\u00e4kin vuonna: \uf0b7 Rotaryaatteen palveluperiaatteen toteuttaminen \uf0b7 Rehdin toveruuden ja hyv\u00e4n klubihengen yll\u00e4pit\u00e4minen \uf0b7 Elinik\u00e4inen oppiminen Klubin arvot Rotaryslogan \u201dService above self\u201d sek\u00e4 nelj\u00e4n kysymyksen koe m\u00e4\u00e4rittelev\u00e4t klubin arvopohjan 1. Onko t\u00e4m\u00e4 totta? 2. Onko t\u00e4m\u00e4 oikeudenmukaista kaikkia asianosaisia kohtaan? 3. Luoko t\u00e4m\u00e4 hyv\u00e4\u00e4 tahtoa ja parantaako [&hellip;]\" \/>\n<meta property=\"og:url\" content=\"https:\/\/rotary.fi\/kluuvi\/keita-olemme\/vuositeema\/\" \/>\n<meta property=\"og:site_name\" content=\"Kluuvin Rotaryklubi - Gloets Rotaryklubb\" \/>\n<meta property=\"article:modified_time\" content=\"2025-06-25T05:38:48+00:00\" \/>\n<meta name=\"twitter:card\" content=\"summary_large_image\" \/>\n<meta name=\"twitter:label1\" content=\"Arvioitu lukuaika\" \/>\n\t<meta name=\"twitter:data1\" content=\"2 minuuttia\" \/>\n<script type=\"application\/ld+json\" class=\"yoast-schema-graph\">{\"@context\":\"https:\\\/\\\/schema.org\",\"@graph\":[{\"@type\":\"WebPage\",\"@id\":\"https:\\\/\\\/rotary.fi\\\/kluuvi\\\/keita-olemme\\\/vuositeema\\\/\",\"url\":\"https:\\\/\\\/rotary.fi\\\/kluuvi\\\/keita-olemme\\\/vuositeema\\\/\",\"name\":\"Vuositeema - Kluuvin Rotaryklubi - Gloets Rotaryklubb\",\"isPartOf\":{\"@id\":\"https:\\\/\\\/rotary.fi\\\/kluuvi\\\/#website\"},\"datePublished\":\"2018-08-10T11:01:44+00:00\",\"dateModified\":\"2025-06-25T05:38:48+00:00\",\"breadcrumb\":{\"@id\":\"https:\\\/\\\/rotary.fi\\\/kluuvi\\\/keita-olemme\\\/vuositeema\\\/#breadcrumb\"},\"inLanguage\":\"fi\",\"potentialAction\":[{\"@type\":\"ReadAction\",\"target\":[\"https:\\\/\\\/rotary.fi\\\/kluuvi\\\/keita-olemme\\\/vuositeema\\\/\"]}]},{\"@type\":\"BreadcrumbList\",\"@id\":\"https:\\\/\\\/rotary.fi\\\/kluuvi\\\/keita-olemme\\\/vuositeema\\\/#breadcrumb\",\"itemListElement\":[{\"@type\":\"ListItem\",\"position\":1,\"name\":\"Home\",\"item\":\"https:\\\/\\\/rotary.fi\\\/kluuvi\\\/\"},{\"@type\":\"ListItem\",\"position\":2,\"name\":\"Keit\u00e4 olemme\",\"item\":\"https:\\\/\\\/rotary.fi\\\/kluuvi\\\/keita-olemme\\\/\"},{\"@type\":\"ListItem\",\"position\":3,\"name\":\"Vuositeema\"}]},{\"@type\":\"WebSite\",\"@id\":\"https:\\\/\\\/rotary.fi\\\/kluuvi\\\/#website\",\"url\":\"https:\\\/\\\/rotary.fi\\\/kluuvi\\\/\",\"name\":\"Kluuvin Rotaryklubi - Gloets Rotaryklubb\",\"description\":\"Uusi Rotary klubisivusto\",\"potentialAction\":[{\"@type\":\"SearchAction\",\"target\":{\"@type\":\"EntryPoint\",\"urlTemplate\":\"https:\\\/\\\/rotary.fi\\\/kluuvi\\\/?s={search_term_string}\"},\"query-input\":{\"@type\":\"PropertyValueSpecification\",\"valueRequired\":true,\"valueName\":\"search_term_string\"}}],\"inLanguage\":\"fi\"}]}<\/script>\n<!-- \/ Yoast SEO plugin. -->","yoast_head_json":{"title":"Vuositeema - Kluuvin Rotaryklubi - Gloets Rotaryklubb","robots":{"index":"index","follow":"follow","max-snippet":"max-snippet:-1","max-image-preview":"max-image-preview:large","max-video-preview":"max-video-preview:-1"},"canonical":"https:\/\/rotary.fi\/kluuvi\/keita-olemme\/vuositeema\/","og_locale":"fi_FI","og_type":"article","og_title":"Vuositeema - Kluuvin Rotaryklubi - Gloets Rotaryklubb","og_description":"Vuositeema &nbsp;Kluuvin Rotaryklubin vuositeema\u00a0\u00a0 Kluuvin Rotaryklubin vuositeema on t\u00e4n\u00e4kin vuonna: \uf0b7 Rotaryaatteen palveluperiaatteen toteuttaminen \uf0b7 Rehdin toveruuden ja hyv\u00e4n klubihengen yll\u00e4pit\u00e4minen \uf0b7 Elinik\u00e4inen oppiminen Klubin arvot Rotaryslogan \u201dService above self\u201d sek\u00e4 nelj\u00e4n kysymyksen koe m\u00e4\u00e4rittelev\u00e4t klubin arvopohjan 1. Onko t\u00e4m\u00e4 totta? 2. Onko t\u00e4m\u00e4 oikeudenmukaista kaikkia asianosaisia kohtaan? 3. Luoko t\u00e4m\u00e4 hyv\u00e4\u00e4 tahtoa ja parantaako [&hellip;]","og_url":"https:\/\/rotary.fi\/kluuvi\/keita-olemme\/vuositeema\/","og_site_name":"Kluuvin Rotaryklubi - Gloets Rotaryklubb","article_modified_time":"2025-06-25T05:38:48+00:00","twitter_card":"summary_large_image","twitter_misc":{"Arvioitu lukuaika":"2 minuuttia"},"schema":{"@context":"https:\/\/schema.org","@graph":[{"@type":"WebPage","@id":"https:\/\/rotary.fi\/kluuvi\/keita-olemme\/vuositeema\/","url":"https:\/\/rotary.fi\/kluuvi\/keita-olemme\/vuositeema\/","name":"Vuositeema - Kluuvin Rotaryklubi - Gloets Rotaryklubb","isPartOf":{"@id":"https:\/\/rotary.fi\/kluuvi\/#website"},"datePublished":"2018-08-10T11:01:44+00:00","dateModified":"2025-06-25T05:38:48+00:00","breadcrumb":{"@id":"https:\/\/rotary.fi\/kluuvi\/keita-olemme\/vuositeema\/#breadcrumb"},"inLanguage":"fi","potentialAction":[{"@type":"ReadAction","target":["https:\/\/rotary.fi\/kluuvi\/keita-olemme\/vuositeema\/"]}]},{"@type":"BreadcrumbList","@id":"https:\/\/rotary.fi\/kluuvi\/keita-olemme\/vuositeema\/#breadcrumb","itemListElement":[{"@type":"ListItem","position":1,"name":"Home","item":"https:\/\/rotary.fi\/kluuvi\/"},{"@type":"ListItem","position":2,"name":"Keit\u00e4 olemme","item":"https:\/\/rotary.fi\/kluuvi\/keita-olemme\/"},{"@type":"ListItem","position":3,"name":"Vuositeema"}]},{"@type":"WebSite","@id":"https:\/\/rotary.fi\/kluuvi\/#website","url":"https:\/\/rotary.fi\/kluuvi\/","name":"Kluuvin Rotaryklubi - Gloets Rotaryklubb","description":"Uusi Rotary klubisivusto","potentialAction":[{"@type":"SearchAction","target":{"@type":"EntryPoint","urlTemplate":"https:\/\/rotary.fi\/kluuvi\/?s={search_term_string}"},"query-input":{"@type":"PropertyValueSpecification","valueRequired":true,"valueName":"search_term_string"}}],"inLanguage":"fi"}]}},"lang":"fi","translations":{"fi":138,"en":1430,"sv":1573,"et":1823},"pll_sync_post":[],"_links":{"self":[{"href":"https:\/\/rotary.fi\/kluuvi\/wp-json\/wp\/v2\/pages\/138","targetHints":{"allow":["GET"]}}],"collection":[{"href":"https:\/\/rotary.fi\/kluuvi\/wp-json\/wp\/v2\/pages"}],"about":[{"href":"https:\/\/rotary.fi\/kluuvi\/wp-json\/wp\/v2\/types\/page"}],"author":[{"embeddable":true,"href":"https:\/\/rotary.fi\/kluuvi\/wp-json\/wp\/v2\/users\/1"}],"replies":[{"embeddable":true,"href":"https:\/\/rotary.fi\/kluuvi\/wp-json\/wp\/v2\/comments?post=138"}],"version-history":[{"count":9,"href":"https:\/\/rotary.fi\/kluuvi\/wp-json\/wp\/v2\/pages\/138\/revisions"}],"predecessor-version":[{"id":3090,"href":"https:\/\/rotary.fi\/kluuvi\/wp-json\/wp\/v2\/pages\/138\/revisions\/3090"}],"up":[{"embeddable":true,"href":"https:\/\/rotary.fi\/kluuvi\/wp-json\/wp\/v2\/pages\/129"}],"wp:attachment":[{"href":"https:\/\/rotary.fi\/kluuvi\/wp-json\/wp\/v2\/media?parent=138"}],"curies":[{"name":"wp","href":"https:\/\/api.w.org\/{rel}","templated":true}]}}