{"id":132,"date":"2018-08-10T13:59:56","date_gmt":"2018-08-10T10:59:56","guid":{"rendered":"https:\/\/rotary.fi\/klubi2\/?page_id=132"},"modified":"2025-06-25T10:39:38","modified_gmt":"2025-06-25T07:39:38","slug":"hallitus-ja-toimihenkilot","status":"publish","type":"page","link":"https:\/\/rotary.fi\/kluuvi\/keita-olemme\/hallitus-ja-toimihenkilot\/","title":{"rendered":"Hallitus ja toimihenkil\u00f6t"},"content":{"rendered":"<p>[et_pb_section fb_built=&#8221;1&#8243; module_class=&#8221;jumbotron-page&#8221; _builder_version=&#8221;4.16&#8243; background_image=&#8221;https:\/\/rotary.fi\/kluuvi\/wp-content\/uploads\/sites\/158\/2020\/01\/my-helsinki.jpg&#8221; collapsed=&#8221;off&#8221; global_colors_info=&#8221;{}&#8221;][et_pb_row _builder_version=&#8221;4.16&#8243; background_size=&#8221;initial&#8221; background_position=&#8221;top_left&#8221; background_repeat=&#8221;repeat&#8221; global_colors_info=&#8221;{}&#8221;][et_pb_column type=&#8221;4_4&#8243; _builder_version=&#8221;4.16&#8243; custom_padding=&#8221;|||&#8221; global_colors_info=&#8221;{}&#8221; custom_padding__hover=&#8221;|||&#8221;][et_pb_text admin_label=&#8221;P\u00e4\u00e4otsikko&#8221; _builder_version=&#8221;4.16&#8243; text_orientation=&#8221;center&#8221; background_layout=&#8221;dark&#8221; global_colors_info=&#8221;{}&#8221;]<\/p>\n<h1>Hallitus ja toimihenkil\u00f6t<\/h1>\n<p>[\/et_pb_text][\/et_pb_column][\/et_pb_row][\/et_pb_section][et_pb_section fb_built=&#8221;1&#8243; specialty=&#8221;on&#8221; module_class_2=&#8221;sivupalkki&#8221; _builder_version=&#8221;4.16&#8243; global_colors_info=&#8221;{}&#8221;][et_pb_column type=&#8221;2_3&#8243; specialty_columns=&#8221;2&#8243; _builder_version=&#8221;4.16&#8243; custom_padding=&#8221;|||&#8221; global_colors_info=&#8221;{}&#8221; parallax__hover=&#8221;off&#8221; parallax_method__hover=&#8221;on&#8221; custom_padding__hover=&#8221;|||&#8221;][et_pb_row_inner admin_label=&#8221;Rivi&#8221; _builder_version=&#8221;4.16&#8243; global_colors_info=&#8221;{}&#8221;][et_pb_column_inner saved_specialty_column_type=&#8221;2_3&#8243; _builder_version=&#8221;4.16&#8243; custom_padding=&#8221;|||&#8221; global_colors_info=&#8221;{}&#8221; parallax__hover=&#8221;off&#8221; parallax_method__hover=&#8221;on&#8221; custom_padding__hover=&#8221;|||&#8221;][et_pb_text admin_label=&#8221;Otsikko&#8221; _builder_version=&#8221;4.16&#8243; text_orientation=&#8221;center&#8221; global_colors_info=&#8221;{}&#8221;]<\/p>\n<h1>Hallitus ja toimihenkil\u00f6t<\/h1>\n<p>[\/et_pb_text][\/et_pb_column_inner][\/et_pb_row_inner][et_pb_row_inner column_structure=&#8221;1_2,1_2&#8243; admin_label=&#8221;Rivi&#8221; _builder_version=&#8221;4.27.4&#8243; global_colors_info=&#8221;{}&#8221;][et_pb_column_inner type=&#8221;1_2&#8243; saved_specialty_column_type=&#8221;2_3&#8243; _builder_version=&#8221;4.16&#8243; custom_padding=&#8221;|||&#8221; global_colors_info=&#8221;{}&#8221; parallax__hover=&#8221;off&#8221; parallax_method__hover=&#8221;on&#8221; custom_padding__hover=&#8221;|||&#8221;][et_pb_text _builder_version=&#8221;4.27.4&#8243; global_colors_info=&#8221;{}&#8221;]<\/p>\n<p><span style=\"color: #336666; font-family: verdana, sans-serif;\"><a href=\"https:\/\/rotary.fi\/kluuvi\/wp-content\/uploads\/sites\/158\/2025\/06\/kjell-westermark-kuva.jpg\"><img loading=\"lazy\" decoding=\"async\" class=\"wp-image-3096 alignnone size-medium\" src=\"https:\/\/rotary.fi\/kluuvi\/wp-content\/uploads\/sites\/158\/2025\/06\/kjell-westermark-kuva-182x300.jpg\" alt=\"\" width=\"182\" height=\"300\" \/><\/a><br \/>Presidentti, puheenjohtaja:\u00a0 Kjell Westermark (P)<\/p>\n<p>1. varapuheenjohtaja: Sakari Karjalainen (PP)<br \/>2. varapuheenjohtaja: Esa Tommila (PE)<br \/>1. sihteeri: Eero-Pekka M\u00e4nd<br \/>2. sihteeri: Pekka Orpana<br \/>3. Sihteeri: Harri Markkula<br \/>Rahastonhoitaja: Jarmo Lohi<br \/>Klubimestari: Heikki Tulenheimo<br \/>Pelastusarmeija:<br \/>Viljo Seliverstov<br \/>Webmaster: Heikki Malinen Kulttuurivastaava sihteerin teht\u00e4v\u00e4n ohessa: Harri Markkula<br \/>J\u00e4sen: Marja-Liisa R\u00f6nkk\u00f6<br \/><\/span><\/p>\n<p>[\/et_pb_text][\/et_pb_column_inner][et_pb_column_inner type=&#8221;1_2&#8243; saved_specialty_column_type=&#8221;2_3&#8243; _builder_version=&#8221;4.17.4&#8243; _module_preset=&#8221;default&#8221; global_colors_info=&#8221;{}&#8221;][\/et_pb_column_inner][\/et_pb_row_inner][\/et_pb_column][et_pb_column type=&#8221;1_3&#8243; module_class=&#8221;sivupalkki&#8221; _builder_version=&#8221;4.16&#8243; custom_padding=&#8221;|||&#8221; global_colors_info=&#8221;{}&#8221; parallax__hover=&#8221;off&#8221; parallax_method__hover=&#8221;on&#8221; module_class__hover=&#8221;sivupalkki&#8221; custom_padding__hover=&#8221;|||&#8221;][et_pb_sidebar area=&#8221;sidebar-1&#8243; module_class=&#8221;sivupalkki_sisalto&#8221; _builder_version=&#8221;4.16&#8243; locked=&#8221;on&#8221; global_colors_info=&#8221;{}&#8221;][\/et_pb_sidebar][\/et_pb_column][\/et_pb_section]<\/p>\n","protected":false},"excerpt":{"rendered":"<p>Hallitus ja toimihenkil\u00f6t Hallitus ja toimihenkil\u00f6t Presidentti, puheenjohtaja:\u00a0 Kjell Westermark (P) 1. varapuheenjohtaja: Sakari Karjalainen (PP)2. varapuheenjohtaja: Esa Tommila (PE)1. sihteeri: Eero-Pekka M\u00e4nd2. sihteeri: Pekka Orpana3. Sihteeri: Harri MarkkulaRahastonhoitaja: Jarmo LohiKlubimestari: Heikki TulenheimoPelastusarmeija:Viljo SeliverstovWebmaster: Heikki Malinen Kulttuurivastaava sihteerin teht\u00e4v\u00e4n ohessa: Harri MarkkulaJ\u00e4sen: Marja-Liisa R\u00f6nkk\u00f6<\/p>\n","protected":false},"author":1,"featured_media":0,"parent":129,"menu_order":1,"comment_status":"closed","ping_status":"closed","template":"","meta":{"_acf_changed":false,"_et_pb_use_builder":"on","_et_pb_old_content":"","_et_gb_content_width":"","footnotes":""},"class_list":["post-132","page","type-page","status-publish","hentry"],"acf":[],"yoast_head":"<!-- This site is optimized with the Yoast SEO plugin v27.0 - https:\/\/yoast.com\/product\/yoast-seo-wordpress\/ -->\n<title>Hallitus ja toimihenkil\u00f6t - Kluuvin Rotaryklubi - Gloets Rotaryklubb<\/title>\n<meta name=\"robots\" content=\"index, follow, max-snippet:-1, max-image-preview:large, max-video-preview:-1\" \/>\n<link rel=\"canonical\" href=\"https:\/\/rotary.fi\/kluuvi\/keita-olemme\/hallitus-ja-toimihenkilot\/\" \/>\n<meta property=\"og:locale\" content=\"fi_FI\" \/>\n<meta property=\"og:type\" content=\"article\" \/>\n<meta property=\"og:title\" content=\"Hallitus ja toimihenkil\u00f6t - Kluuvin Rotaryklubi - Gloets Rotaryklubb\" \/>\n<meta property=\"og:description\" content=\"Hallitus ja toimihenkil\u00f6t Hallitus ja toimihenkil\u00f6t Presidentti, puheenjohtaja:\u00a0 Kjell Westermark (P) 1. varapuheenjohtaja: Sakari Karjalainen (PP)2. varapuheenjohtaja: Esa Tommila (PE)1. sihteeri: Eero-Pekka M\u00e4nd2. sihteeri: Pekka Orpana3. Sihteeri: Harri MarkkulaRahastonhoitaja: Jarmo LohiKlubimestari: Heikki TulenheimoPelastusarmeija:Viljo SeliverstovWebmaster: Heikki Malinen Kulttuurivastaava sihteerin teht\u00e4v\u00e4n ohessa: Harri MarkkulaJ\u00e4sen: Marja-Liisa R\u00f6nkk\u00f6\" \/>\n<meta property=\"og:url\" content=\"https:\/\/rotary.fi\/kluuvi\/keita-olemme\/hallitus-ja-toimihenkilot\/\" \/>\n<meta property=\"og:site_name\" content=\"Kluuvin Rotaryklubi - Gloets Rotaryklubb\" \/>\n<meta property=\"article:modified_time\" content=\"2025-06-25T07:39:38+00:00\" \/>\n<meta property=\"og:image\" content=\"https:\/\/rotary.fi\/kluuvi\/wp-content\/uploads\/sites\/158\/2025\/06\/kjell-westermark-kuva.jpg\" \/>\n\t<meta property=\"og:image:width\" content=\"796\" \/>\n\t<meta property=\"og:image:height\" content=\"1315\" \/>\n\t<meta property=\"og:image:type\" content=\"image\/jpeg\" \/>\n<meta name=\"twitter:card\" content=\"summary_large_image\" \/>\n<meta name=\"twitter:label1\" content=\"Arvioitu lukuaika\" \/>\n\t<meta name=\"twitter:data1\" content=\"1 minuutti\" \/>\n<script type=\"application\/ld+json\" class=\"yoast-schema-graph\">{\"@context\":\"https:\/\/schema.org\",\"@graph\":[{\"@type\":\"WebPage\",\"@id\":\"https:\/\/rotary.fi\/kluuvi\/keita-olemme\/hallitus-ja-toimihenkilot\/\",\"url\":\"https:\/\/rotary.fi\/kluuvi\/keita-olemme\/hallitus-ja-toimihenkilot\/\",\"name\":\"Hallitus ja toimihenkil\u00f6t - Kluuvin Rotaryklubi - Gloets Rotaryklubb\",\"isPartOf\":{\"@id\":\"https:\/\/rotary.fi\/kluuvi\/#website\"},\"primaryImageOfPage\":{\"@id\":\"https:\/\/rotary.fi\/kluuvi\/keita-olemme\/hallitus-ja-toimihenkilot\/#primaryimage\"},\"image\":{\"@id\":\"https:\/\/rotary.fi\/kluuvi\/keita-olemme\/hallitus-ja-toimihenkilot\/#primaryimage\"},\"thumbnailUrl\":\"https:\/\/rotary.fi\/kluuvi\/wp-content\/uploads\/sites\/158\/2025\/06\/kjell-westermark-kuva-182x300.jpg\",\"datePublished\":\"2018-08-10T10:59:56+00:00\",\"dateModified\":\"2025-06-25T07:39:38+00:00\",\"breadcrumb\":{\"@id\":\"https:\/\/rotary.fi\/kluuvi\/keita-olemme\/hallitus-ja-toimihenkilot\/#breadcrumb\"},\"inLanguage\":\"fi\",\"potentialAction\":[{\"@type\":\"ReadAction\",\"target\":[\"https:\/\/rotary.fi\/kluuvi\/keita-olemme\/hallitus-ja-toimihenkilot\/\"]}]},{\"@type\":\"ImageObject\",\"inLanguage\":\"fi\",\"@id\":\"https:\/\/rotary.fi\/kluuvi\/keita-olemme\/hallitus-ja-toimihenkilot\/#primaryimage\",\"url\":\"https:\/\/rotary.fi\/kluuvi\/wp-content\/uploads\/sites\/158\/2025\/06\/kjell-westermark-kuva.jpg\",\"contentUrl\":\"https:\/\/rotary.fi\/kluuvi\/wp-content\/uploads\/sites\/158\/2025\/06\/kjell-westermark-kuva.jpg\",\"width\":796,\"height\":1315},{\"@type\":\"BreadcrumbList\",\"@id\":\"https:\/\/rotary.fi\/kluuvi\/keita-olemme\/hallitus-ja-toimihenkilot\/#breadcrumb\",\"itemListElement\":[{\"@type\":\"ListItem\",\"position\":1,\"name\":\"Home\",\"item\":\"https:\/\/rotary.fi\/kluuvi\/\"},{\"@type\":\"ListItem\",\"position\":2,\"name\":\"Keit\u00e4 olemme\",\"item\":\"https:\/\/rotary.fi\/kluuvi\/keita-olemme\/\"},{\"@type\":\"ListItem\",\"position\":3,\"name\":\"Hallitus ja toimihenkil\u00f6t\"}]},{\"@type\":\"WebSite\",\"@id\":\"https:\/\/rotary.fi\/kluuvi\/#website\",\"url\":\"https:\/\/rotary.fi\/kluuvi\/\",\"name\":\"Kluuvin Rotaryklubi - Gloets Rotaryklubb\",\"description\":\"Uusi Rotary klubisivusto\",\"potentialAction\":[{\"@type\":\"SearchAction\",\"target\":{\"@type\":\"EntryPoint\",\"urlTemplate\":\"https:\/\/rotary.fi\/kluuvi\/?s={search_term_string}\"},\"query-input\":{\"@type\":\"PropertyValueSpecification\",\"valueRequired\":true,\"valueName\":\"search_term_string\"}}],\"inLanguage\":\"fi\"}]}<\/script>\n<!-- \/ Yoast SEO plugin. -->","yoast_head_json":{"title":"Hallitus ja toimihenkil\u00f6t - Kluuvin Rotaryklubi - Gloets Rotaryklubb","robots":{"index":"index","follow":"follow","max-snippet":"max-snippet:-1","max-image-preview":"max-image-preview:large","max-video-preview":"max-video-preview:-1"},"canonical":"https:\/\/rotary.fi\/kluuvi\/keita-olemme\/hallitus-ja-toimihenkilot\/","og_locale":"fi_FI","og_type":"article","og_title":"Hallitus ja toimihenkil\u00f6t - Kluuvin Rotaryklubi - Gloets Rotaryklubb","og_description":"Hallitus ja toimihenkil\u00f6t Hallitus ja toimihenkil\u00f6t Presidentti, puheenjohtaja:\u00a0 Kjell Westermark (P) 1. varapuheenjohtaja: Sakari Karjalainen (PP)2. varapuheenjohtaja: Esa Tommila (PE)1. sihteeri: Eero-Pekka M\u00e4nd2. sihteeri: Pekka Orpana3. Sihteeri: Harri MarkkulaRahastonhoitaja: Jarmo LohiKlubimestari: Heikki TulenheimoPelastusarmeija:Viljo SeliverstovWebmaster: Heikki Malinen Kulttuurivastaava sihteerin teht\u00e4v\u00e4n ohessa: Harri MarkkulaJ\u00e4sen: Marja-Liisa R\u00f6nkk\u00f6","og_url":"https:\/\/rotary.fi\/kluuvi\/keita-olemme\/hallitus-ja-toimihenkilot\/","og_site_name":"Kluuvin Rotaryklubi - Gloets Rotaryklubb","article_modified_time":"2025-06-25T07:39:38+00:00","og_image":[{"width":796,"height":1315,"url":"https:\/\/rotary.fi\/kluuvi\/wp-content\/uploads\/sites\/158\/2025\/06\/kjell-westermark-kuva.jpg","type":"image\/jpeg"}],"twitter_card":"summary_large_image","twitter_misc":{"Arvioitu lukuaika":"1 minuutti"},"schema":{"@context":"https:\/\/schema.org","@graph":[{"@type":"WebPage","@id":"https:\/\/rotary.fi\/kluuvi\/keita-olemme\/hallitus-ja-toimihenkilot\/","url":"https:\/\/rotary.fi\/kluuvi\/keita-olemme\/hallitus-ja-toimihenkilot\/","name":"Hallitus ja toimihenkil\u00f6t - Kluuvin Rotaryklubi - Gloets Rotaryklubb","isPartOf":{"@id":"https:\/\/rotary.fi\/kluuvi\/#website"},"primaryImageOfPage":{"@id":"https:\/\/rotary.fi\/kluuvi\/keita-olemme\/hallitus-ja-toimihenkilot\/#primaryimage"},"image":{"@id":"https:\/\/rotary.fi\/kluuvi\/keita-olemme\/hallitus-ja-toimihenkilot\/#primaryimage"},"thumbnailUrl":"https:\/\/rotary.fi\/kluuvi\/wp-content\/uploads\/sites\/158\/2025\/06\/kjell-westermark-kuva-182x300.jpg","datePublished":"2018-08-10T10:59:56+00:00","dateModified":"2025-06-25T07:39:38+00:00","breadcrumb":{"@id":"https:\/\/rotary.fi\/kluuvi\/keita-olemme\/hallitus-ja-toimihenkilot\/#breadcrumb"},"inLanguage":"fi","potentialAction":[{"@type":"ReadAction","target":["https:\/\/rotary.fi\/kluuvi\/keita-olemme\/hallitus-ja-toimihenkilot\/"]}]},{"@type":"ImageObject","inLanguage":"fi","@id":"https:\/\/rotary.fi\/kluuvi\/keita-olemme\/hallitus-ja-toimihenkilot\/#primaryimage","url":"https:\/\/rotary.fi\/kluuvi\/wp-content\/uploads\/sites\/158\/2025\/06\/kjell-westermark-kuva.jpg","contentUrl":"https:\/\/rotary.fi\/kluuvi\/wp-content\/uploads\/sites\/158\/2025\/06\/kjell-westermark-kuva.jpg","width":796,"height":1315},{"@type":"BreadcrumbList","@id":"https:\/\/rotary.fi\/kluuvi\/keita-olemme\/hallitus-ja-toimihenkilot\/#breadcrumb","itemListElement":[{"@type":"ListItem","position":1,"name":"Home","item":"https:\/\/rotary.fi\/kluuvi\/"},{"@type":"ListItem","position":2,"name":"Keit\u00e4 olemme","item":"https:\/\/rotary.fi\/kluuvi\/keita-olemme\/"},{"@type":"ListItem","position":3,"name":"Hallitus ja toimihenkil\u00f6t"}]},{"@type":"WebSite","@id":"https:\/\/rotary.fi\/kluuvi\/#website","url":"https:\/\/rotary.fi\/kluuvi\/","name":"Kluuvin Rotaryklubi - Gloets Rotaryklubb","description":"Uusi Rotary klubisivusto","potentialAction":[{"@type":"SearchAction","target":{"@type":"EntryPoint","urlTemplate":"https:\/\/rotary.fi\/kluuvi\/?s={search_term_string}"},"query-input":{"@type":"PropertyValueSpecification","valueRequired":true,"valueName":"search_term_string"}}],"inLanguage":"fi"}]}},"lang":"fi","translations":{"fi":132,"en":1428,"sv":1569,"et":1818},"pll_sync_post":[],"_links":{"self":[{"href":"https:\/\/rotary.fi\/kluuvi\/wp-json\/wp\/v2\/pages\/132","targetHints":{"allow":["GET"]}}],"collection":[{"href":"https:\/\/rotary.fi\/kluuvi\/wp-json\/wp\/v2\/pages"}],"about":[{"href":"https:\/\/rotary.fi\/kluuvi\/wp-json\/wp\/v2\/types\/page"}],"author":[{"embeddable":true,"href":"https:\/\/rotary.fi\/kluuvi\/wp-json\/wp\/v2\/users\/1"}],"replies":[{"embeddable":true,"href":"https:\/\/rotary.fi\/kluuvi\/wp-json\/wp\/v2\/comments?post=132"}],"version-history":[{"count":9,"href":"https:\/\/rotary.fi\/kluuvi\/wp-json\/wp\/v2\/pages\/132\/revisions"}],"predecessor-version":[{"id":3101,"href":"https:\/\/rotary.fi\/kluuvi\/wp-json\/wp\/v2\/pages\/132\/revisions\/3101"}],"up":[{"embeddable":true,"href":"https:\/\/rotary.fi\/kluuvi\/wp-json\/wp\/v2\/pages\/129"}],"wp:attachment":[{"href":"https:\/\/rotary.fi\/kluuvi\/wp-json\/wp\/v2\/media?parent=132"}],"curies":[{"name":"wp","href":"https:\/\/api.w.org\/{rel}","templated":true}]}}