{"id":94,"date":"2018-08-09T15:14:30","date_gmt":"2018-08-09T12:14:30","guid":{"rendered":"https:\/\/rotary.fi\/klubi2\/?page_id=94"},"modified":"2019-04-25T11:59:42","modified_gmt":"2019-04-25T08:59:42","slug":"ajankohtaista","status":"publish","type":"page","link":"https:\/\/rotary.fi\/klubisivusto\/ajankohtaista\/","title":{"rendered":"Ajankohtaista"},"content":{"rendered":"<p>[et_pb_section bb_built=&#8221;1&#8243; _builder_version=&#8221;3.4.1&#8243; background_image=&#8221;https:\/\/rotary.fi\/wp-content\/uploads\/2018\/02\/paakuva-sisasivu1.jpg&#8221; next_background_color=&#8221;#ffffff&#8221; module_class=&#8221;jumbotron-page&#8221; inner_width=&#8221;auto&#8221; inner_max_width=&#8221;none&#8221;][et_pb_row][et_pb_column type=&#8221;4_4&#8243;][et_pb_text admin_label=&#8221;P\u00e4\u00e4otsikko&#8221; _builder_version=&#8221;3.4.1&#8243; text_orientation=&#8221;center&#8221; background_layout=&#8221;dark&#8221;]<\/p>\n<h1>Ajankohtaista<\/h1>\n<p>[\/et_pb_text][\/et_pb_column][\/et_pb_row][\/et_pb_section][et_pb_section bb_built=&#8221;1&#8243; specialty=&#8221;on&#8221; prev_background_color=&#8221;#000000&#8243; _builder_version=&#8221;3.4.1&#8243; module_class_2=&#8221;sivupalkki&#8221; locked=&#8221;on&#8221; inner_width=&#8221;auto&#8221; inner_max_width=&#8221;none&#8221;][et_pb_column type=&#8221;2_3&#8243; specialty_columns=&#8221;2&#8243;][et_pb_row_inner admin_label=&#8221;Rivi&#8221; locked=&#8221;on&#8221; parent_locked=&#8221;on&#8221;][et_pb_column_inner type=&#8221;4_4&#8243; saved_specialty_column_type=&#8221;2_3&#8243;][et_pb_text admin_label=&#8221;Otsikko&#8221; _builder_version=&#8221;3.4.1&#8243; text_orientation=&#8221;center&#8221; parent_locked=&#8221;on&#8221;]<\/p>\n<h1>Ajankohtaista<\/h1>\n<p>[\/et_pb_text][et_pb_code admin_label=&#8221;Ajankohtaisten listaus&#8221; _builder_version=&#8221;3.17.6&#8243; module_class=&#8221;kaikki_ajankohtaiset&#8221; parent_locked=&#8221;on&#8221;]<ul class=\"display-posts-listing\"><li class=\"listing-item\"><a class=\"title\" href=\"https:\/\/rotary.fi\/klubisivusto\/sv\/presidentin_uutiset\/ruotsinkielinen-otsikko\/\">Ruotsinkielinen otsikko<\/a> <span class=\"date\">9.1. 2020<\/span><\/li><li class=\"listing-item\"><a class=\"title\" href=\"https:\/\/rotary.fi\/klubisivusto\/presidentin_uutiset\/uusi-presidentin-uutinen\/\">Uusi presidentin uutinen<\/a> <span class=\"date\">9.1. 2020<\/span><\/li><li class=\"listing-item\"><a class=\"title\" href=\"https:\/\/rotary.fi\/klubisivusto\/et\/presidentin_uutiset\/soome-rotarypalvelu-tulevane-juhatus-valitud\/\">Soome Rotarypalvelu tulevane juhatus valitud<\/a> <span class=\"date\">25.4. 2019<\/span><\/li><li class=\"listing-item\"><a class=\"title\" href=\"https:\/\/rotary.fi\/klubisivusto\/et\/ajankohtaiset\/ajakohane-uudis-veidi-pikema-pealkirjaga\/\">Ajakohane uudis veidi pikema pealkirjaga<\/a> <span class=\"date\">25.4. 2019<\/span><\/li><li class=\"listing-item\"><a class=\"title\" href=\"https:\/\/rotary.fi\/klubisivusto\/sv\/ajankohtaiset\/och-annu-ett-aktuellt-arende\/\">och \u00e4nnu ett aktuellt \u00e4rende<\/a> <span class=\"date\">26.3. 2019<\/span><\/li><li class=\"listing-item\"><a class=\"title\" href=\"https:\/\/rotary.fi\/klubisivusto\/sv\/ajankohtaiset\/provartikel-till-aktuellt\/\">Provartikel till aktuellt<\/a> <span class=\"date\">26.3. 2019<\/span><\/li><li class=\"listing-item\"><a class=\"title\" href=\"https:\/\/rotary.fi\/klubisivusto\/sv\/ajankohtaiset\/aktuell-nyhet-med-nagot-langre-rubrik\/\">Aktuell nyhet med n\u00e5got l\u00e4ngre rubrik<\/a> <span class=\"date\">26.3. 2019<\/span><\/li><li class=\"listing-item\"><a class=\"title\" href=\"https:\/\/rotary.fi\/klubisivusto\/en\/ajankohtaiset\/a-test-feature-for-upcoming-events-news-and-features\/\">A test feature for \u201dUpcoming Events, News and Features\u201d<\/a> <span class=\"date\">5.3. 2019<\/span><\/li><li class=\"listing-item\"><a class=\"title\" href=\"https:\/\/rotary.fi\/klubisivusto\/en\/ajankohtaiset\/a-piece-of-news-of-current-interest-with-a-somewhat-longer-heading\/\">A piece of news of current interest with a somewhat longer heading<\/a> <span class=\"date\">5.3. 2019<\/span><\/li><li class=\"listing-item\"><a class=\"title\" href=\"https:\/\/rotary.fi\/klubisivusto\/en\/ajankohtaiset\/and-one-more-piece-of-news-of-current-interest\/\">And one more piece of news of current interest<\/a> <span class=\"date\">5.3. 2019<\/span><\/li><li class=\"listing-item\"><a class=\"title\" href=\"https:\/\/rotary.fi\/klubisivusto\/presidentin_uutiset\/hyvaa-rotarysaation-kuukautta\/\">Hyv\u00e4\u00e4 Rotarys\u00e4\u00e4ti\u00f6n kuukautta!<\/a> <span class=\"date\">30.11. 2018<\/span><\/li><li class=\"listing-item\"><a class=\"title\" href=\"https:\/\/rotary.fi\/klubisivusto\/en\/presidentin_uutiset\/have-a-good-rotary-foundation-month\/\">Have a Good Rotary Foundation Month!<\/a> <span class=\"date\">30.11. 2018<\/span><\/li><li class=\"listing-item\"><a class=\"title\" href=\"https:\/\/rotary.fi\/klubisivusto\/et\/presidentin_uutiset\/head-rotary-asutuse-kuud\/\">Head Rotary-asutuse kuud!<\/a> <span class=\"date\">30.11. 2018<\/span><\/li><li class=\"listing-item\"><a class=\"title\" href=\"https:\/\/rotary.fi\/klubisivusto\/sv\/presidentin_uutiset\/rotary-foundation-manaden\/\">Rotary Foundation-m\u00e5naden!<\/a> <span class=\"date\">30.11. 2018<\/span><\/li><li class=\"listing-item\"><a class=\"title\" href=\"https:\/\/rotary.fi\/klubisivusto\/presidentin_uutiset\/suomen-rotarypalvelun-tuleva-hallitus-valittu\/\">Suomen Rotarypalvelun tuleva hallitus valittu<\/a> <span class=\"date\">25.11. 2018<\/span><\/li><li class=\"listing-item\"><a class=\"title\" href=\"https:\/\/rotary.fi\/klubisivusto\/en\/presidentin_uutiset\/the-next-executive-board-of-finlands-rotary-service-elected\/\">The next Executive Board of Finland\u2019s Rotary Service elected<\/a> <span class=\"date\">25.11. 2018<\/span><\/li><li class=\"listing-item\"><a class=\"title\" href=\"https:\/\/rotary.fi\/klubisivusto\/sv\/presidentin_uutiset\/den-kommande-styrelsen-for-finlands-rotary-ar-vald\/\">Den kommande styrelsen f\u00f6r Finlands Rotary \u00e4r vald<\/a> <span class=\"date\">25.11. 2018<\/span><\/li><li class=\"listing-item\"><a class=\"title\" href=\"https:\/\/rotary.fi\/klubisivusto\/ajankohtaiset\/ajankohtainen-uutinen-vahan-pidemmalla-otsikolla\/\">Ajankohtainen uutinen v\u00e4h\u00e4n pidemm\u00e4ll\u00e4 otsikolla<\/a> <span class=\"date\">15.8. 2018<\/span><\/li><li class=\"listing-item\"><a class=\"title\" href=\"https:\/\/rotary.fi\/klubisivusto\/ajankohtaiset\/ja-viela-yksi-ajankohtainen-juttu\/\">Ja viel\u00e4 yksi ajankohtainen juttu<\/a> <span class=\"date\">8.8. 2018<\/span><\/li><li class=\"listing-item\"><a class=\"title\" href=\"https:\/\/rotary.fi\/klubisivusto\/ajankohtaiset\/testiartikkeli-ajankohtaisiin\/\">Testiartikkeli ajankohtaisiin<\/a> <span class=\"date\">8.8. 2018<\/span><\/li><li class=\"listing-item\"><a class=\"title\" href=\"https:\/\/rotary.fi\/klubisivusto\/et\/ajankohtaiset\/ja-veel-u%cc%88ks-ajakohane-uudis\/\">Ja veel u\u0308ks ajakohane uudis<\/a> <span class=\"date\">8.8. 2018<\/span><\/li><\/ul>[\/et_pb_code][\/et_pb_column_inner][\/et_pb_row_inner][\/et_pb_column][et_pb_column type=&#8221;1_3&#8243;][et_pb_sidebar _builder_version=&#8221;3.22.3&#8243; area=&#8221;sidebar-1&#8243; module_class=&#8221;sivupalkki_sisalto&#8221; parent_locked=&#8221;on&#8221; \/][\/et_pb_column][\/et_pb_section]<\/p>\n","protected":false},"excerpt":{"rendered":"<p>[et_pb_section bb_built=&#8221;1&#8243; _builder_version=&#8221;3.4.1&#8243; background_image=&#8221;https:\/\/rotary.fi\/wp-content\/uploads\/2018\/02\/paakuva-sisasivu1.jpg&#8221; next_background_color=&#8221;#ffffff&#8221; module_class=&#8221;jumbotron-page&#8221; inner_width=&#8221;auto&#8221; inner_max_width=&#8221;none&#8221;][et_pb_row][et_pb_column type=&#8221;4_4&#8243;][et_pb_text admin_label=&#8221;P\u00e4\u00e4otsikko&#8221; _builder_version=&#8221;3.4.1&#8243; text_orientation=&#8221;center&#8221; background_layout=&#8221;dark&#8221;] Ajankohtaista [\/et_pb_text][\/et_pb_column][\/et_pb_row][\/et_pb_section][et_pb_section bb_built=&#8221;1&#8243; specialty=&#8221;on&#8221; prev_background_color=&#8221;#000000&#8243; _builder_version=&#8221;3.4.1&#8243; module_class_2=&#8221;sivupalkki&#8221; locked=&#8221;on&#8221; inner_width=&#8221;auto&#8221; inner_max_width=&#8221;none&#8221;][et_pb_column type=&#8221;2_3&#8243; specialty_columns=&#8221;2&#8243;][et_pb_row_inner admin_label=&#8221;Rivi&#8221; locked=&#8221;on&#8221; parent_locked=&#8221;on&#8221;][et_pb_column_inner type=&#8221;4_4&#8243; saved_specialty_column_type=&#8221;2_3&#8243;][et_pb_text admin_label=&#8221;Otsikko&#8221; _builder_version=&#8221;3.4.1&#8243; text_orientation=&#8221;center&#8221; parent_locked=&#8221;on&#8221;] Ajankohtaista [\/et_pb_text][et_pb_code admin_label=&#8221;Ajankohtaisten listaus&#8221; _builder_version=&#8221;3.17.6&#8243; module_class=&#8221;kaikki_ajankohtaiset&#8221; parent_locked=&#8221;on&#8221;][\/et_pb_code][\/et_pb_column_inner][\/et_pb_row_inner][\/et_pb_column][et_pb_column type=&#8221;1_3&#8243;][et_pb_sidebar _builder_version=&#8221;3.22.3&#8243; area=&#8221;sidebar-1&#8243; module_class=&#8221;sivupalkki_sisalto&#8221; parent_locked=&#8221;on&#8221; \/][\/et_pb_column][\/et_pb_section]<\/p>\n","protected":false},"author":1,"featured_media":0,"parent":0,"menu_order":4,"comment_status":"closed","ping_status":"closed","template":"","meta":{"_acf_changed":false,"_et_pb_use_builder":"on","_et_pb_old_content":"","_et_gb_content_width":"","footnotes":""},"class_list":["post-94","page","type-page","status-publish","hentry"],"acf":[],"yoast_head":"<!-- This site is optimized with the Yoast SEO plugin v27.0 - https:\/\/yoast.com\/product\/yoast-seo-wordpress\/ -->\n<title>Ajankohtaista - Klubitason sivustopohja<\/title>\n<meta name=\"robots\" content=\"noindex, follow, max-snippet:-1, max-image-preview:large, max-video-preview:-1\" \/>\n<meta property=\"og:locale\" content=\"fi_FI\" \/>\n<meta property=\"og:type\" content=\"article\" \/>\n<meta property=\"og:title\" content=\"Ajankohtaista - Klubitason sivustopohja\" \/>\n<meta property=\"og:description\" content=\"[et_pb_section bb_built=&#8221;1&#8243; _builder_version=&#8221;3.4.1&#8243; background_image=&#8221;https:\/\/rotary.fi\/wp-content\/uploads\/2018\/02\/paakuva-sisasivu1.jpg&#8221; next_background_color=&#8221;#ffffff&#8221; module_class=&#8221;jumbotron-page&#8221; inner_width=&#8221;auto&#8221; inner_max_width=&#8221;none&#8221;][et_pb_row][et_pb_column type=&#8221;4_4&#8243;][et_pb_text admin_label=&#8221;P\u00e4\u00e4otsikko&#8221; _builder_version=&#8221;3.4.1&#8243; text_orientation=&#8221;center&#8221; background_layout=&#8221;dark&#8221;] Ajankohtaista [\/et_pb_text][\/et_pb_column][\/et_pb_row][\/et_pb_section][et_pb_section bb_built=&#8221;1&#8243; specialty=&#8221;on&#8221; prev_background_color=&#8221;#000000&#8243; _builder_version=&#8221;3.4.1&#8243; module_class_2=&#8221;sivupalkki&#8221; locked=&#8221;on&#8221; inner_width=&#8221;auto&#8221; inner_max_width=&#8221;none&#8221;][et_pb_column type=&#8221;2_3&#8243; specialty_columns=&#8221;2&#8243;][et_pb_row_inner admin_label=&#8221;Rivi&#8221; locked=&#8221;on&#8221; parent_locked=&#8221;on&#8221;][et_pb_column_inner type=&#8221;4_4&#8243; saved_specialty_column_type=&#8221;2_3&#8243;][et_pb_text admin_label=&#8221;Otsikko&#8221; _builder_version=&#8221;3.4.1&#8243; text_orientation=&#8221;center&#8221; parent_locked=&#8221;on&#8221;] Ajankohtaista [\/et_pb_text][et_pb_code admin_label=&#8221;Ajankohtaisten listaus&#8221; _builder_version=&#8221;3.17.6&#8243; module_class=&#8221;kaikki_ajankohtaiset&#8221; parent_locked=&#8221;on&#8221;][\/et_pb_code][\/et_pb_column_inner][\/et_pb_row_inner][\/et_pb_column][et_pb_column type=&#8221;1_3&#8243;][et_pb_sidebar _builder_version=&#8221;3.22.3&#8243; area=&#8221;sidebar-1&#8243; module_class=&#8221;sivupalkki_sisalto&#8221; parent_locked=&#8221;on&#8221; \/][\/et_pb_column][\/et_pb_section]\" \/>\n<meta property=\"og:url\" content=\"https:\/\/rotary.fi\/klubisivusto\/ajankohtaista\/\" \/>\n<meta property=\"og:site_name\" content=\"Klubitason sivustopohja\" \/>\n<meta property=\"article:modified_time\" content=\"2019-04-25T08:59:42+00:00\" \/>\n<meta name=\"twitter:card\" content=\"summary_large_image\" \/>\n<meta name=\"twitter:label1\" content=\"Arvioitu lukuaika\" \/>\n\t<meta name=\"twitter:data1\" content=\"1 minuutti\" \/>\n<script type=\"application\/ld+json\" class=\"yoast-schema-graph\">{\"@context\":\"https:\/\/schema.org\",\"@graph\":[{\"@type\":\"WebPage\",\"@id\":\"https:\/\/rotary.fi\/klubisivusto\/ajankohtaista\/\",\"url\":\"https:\/\/rotary.fi\/klubisivusto\/ajankohtaista\/\",\"name\":\"Ajankohtaista - Klubitason sivustopohja\",\"isPartOf\":{\"@id\":\"https:\/\/rotary.fi\/klubisivusto\/#website\"},\"datePublished\":\"2018-08-09T12:14:30+00:00\",\"dateModified\":\"2019-04-25T08:59:42+00:00\",\"breadcrumb\":{\"@id\":\"https:\/\/rotary.fi\/klubisivusto\/ajankohtaista\/#breadcrumb\"},\"inLanguage\":\"fi\",\"potentialAction\":[{\"@type\":\"ReadAction\",\"target\":[\"https:\/\/rotary.fi\/klubisivusto\/ajankohtaista\/\"]}]},{\"@type\":\"BreadcrumbList\",\"@id\":\"https:\/\/rotary.fi\/klubisivusto\/ajankohtaista\/#breadcrumb\",\"itemListElement\":[{\"@type\":\"ListItem\",\"position\":1,\"name\":\"Home\",\"item\":\"https:\/\/rotary.fi\/klubisivusto\/\"},{\"@type\":\"ListItem\",\"position\":2,\"name\":\"Ajankohtaista\"}]},{\"@type\":\"WebSite\",\"@id\":\"https:\/\/rotary.fi\/klubisivusto\/#website\",\"url\":\"https:\/\/rotary.fi\/klubisivusto\/\",\"name\":\"Klubitason sivustopohja\",\"description\":\"Uusi Rotary klubisivusto\",\"potentialAction\":[{\"@type\":\"SearchAction\",\"target\":{\"@type\":\"EntryPoint\",\"urlTemplate\":\"https:\/\/rotary.fi\/klubisivusto\/?s={search_term_string}\"},\"query-input\":{\"@type\":\"PropertyValueSpecification\",\"valueRequired\":true,\"valueName\":\"search_term_string\"}}],\"inLanguage\":\"fi\"}]}<\/script>\n<!-- \/ Yoast SEO plugin. -->","yoast_head_json":{"title":"Ajankohtaista - Klubitason sivustopohja","robots":{"index":"noindex","follow":"follow","max-snippet":"max-snippet:-1","max-image-preview":"max-image-preview:large","max-video-preview":"max-video-preview:-1"},"og_locale":"fi_FI","og_type":"article","og_title":"Ajankohtaista - Klubitason sivustopohja","og_description":"[et_pb_section bb_built=&#8221;1&#8243; _builder_version=&#8221;3.4.1&#8243; background_image=&#8221;https:\/\/rotary.fi\/wp-content\/uploads\/2018\/02\/paakuva-sisasivu1.jpg&#8221; next_background_color=&#8221;#ffffff&#8221; module_class=&#8221;jumbotron-page&#8221; inner_width=&#8221;auto&#8221; inner_max_width=&#8221;none&#8221;][et_pb_row][et_pb_column type=&#8221;4_4&#8243;][et_pb_text admin_label=&#8221;P\u00e4\u00e4otsikko&#8221; _builder_version=&#8221;3.4.1&#8243; text_orientation=&#8221;center&#8221; background_layout=&#8221;dark&#8221;] Ajankohtaista [\/et_pb_text][\/et_pb_column][\/et_pb_row][\/et_pb_section][et_pb_section bb_built=&#8221;1&#8243; specialty=&#8221;on&#8221; prev_background_color=&#8221;#000000&#8243; _builder_version=&#8221;3.4.1&#8243; module_class_2=&#8221;sivupalkki&#8221; locked=&#8221;on&#8221; inner_width=&#8221;auto&#8221; inner_max_width=&#8221;none&#8221;][et_pb_column type=&#8221;2_3&#8243; specialty_columns=&#8221;2&#8243;][et_pb_row_inner admin_label=&#8221;Rivi&#8221; locked=&#8221;on&#8221; parent_locked=&#8221;on&#8221;][et_pb_column_inner type=&#8221;4_4&#8243; saved_specialty_column_type=&#8221;2_3&#8243;][et_pb_text admin_label=&#8221;Otsikko&#8221; _builder_version=&#8221;3.4.1&#8243; text_orientation=&#8221;center&#8221; parent_locked=&#8221;on&#8221;] Ajankohtaista [\/et_pb_text][et_pb_code admin_label=&#8221;Ajankohtaisten listaus&#8221; _builder_version=&#8221;3.17.6&#8243; module_class=&#8221;kaikki_ajankohtaiset&#8221; parent_locked=&#8221;on&#8221;][\/et_pb_code][\/et_pb_column_inner][\/et_pb_row_inner][\/et_pb_column][et_pb_column type=&#8221;1_3&#8243;][et_pb_sidebar _builder_version=&#8221;3.22.3&#8243; area=&#8221;sidebar-1&#8243; module_class=&#8221;sivupalkki_sisalto&#8221; parent_locked=&#8221;on&#8221; \/][\/et_pb_column][\/et_pb_section]","og_url":"https:\/\/rotary.fi\/klubisivusto\/ajankohtaista\/","og_site_name":"Klubitason sivustopohja","article_modified_time":"2019-04-25T08:59:42+00:00","twitter_card":"summary_large_image","twitter_misc":{"Arvioitu lukuaika":"1 minuutti"},"schema":{"@context":"https:\/\/schema.org","@graph":[{"@type":"WebPage","@id":"https:\/\/rotary.fi\/klubisivusto\/ajankohtaista\/","url":"https:\/\/rotary.fi\/klubisivusto\/ajankohtaista\/","name":"Ajankohtaista - Klubitason sivustopohja","isPartOf":{"@id":"https:\/\/rotary.fi\/klubisivusto\/#website"},"datePublished":"2018-08-09T12:14:30+00:00","dateModified":"2019-04-25T08:59:42+00:00","breadcrumb":{"@id":"https:\/\/rotary.fi\/klubisivusto\/ajankohtaista\/#breadcrumb"},"inLanguage":"fi","potentialAction":[{"@type":"ReadAction","target":["https:\/\/rotary.fi\/klubisivusto\/ajankohtaista\/"]}]},{"@type":"BreadcrumbList","@id":"https:\/\/rotary.fi\/klubisivusto\/ajankohtaista\/#breadcrumb","itemListElement":[{"@type":"ListItem","position":1,"name":"Home","item":"https:\/\/rotary.fi\/klubisivusto\/"},{"@type":"ListItem","position":2,"name":"Ajankohtaista"}]},{"@type":"WebSite","@id":"https:\/\/rotary.fi\/klubisivusto\/#website","url":"https:\/\/rotary.fi\/klubisivusto\/","name":"Klubitason sivustopohja","description":"Uusi Rotary klubisivusto","potentialAction":[{"@type":"SearchAction","target":{"@type":"EntryPoint","urlTemplate":"https:\/\/rotary.fi\/klubisivusto\/?s={search_term_string}"},"query-input":{"@type":"PropertyValueSpecification","valueRequired":true,"valueName":"search_term_string"}}],"inLanguage":"fi"}]}},"lang":"fi","translations":{"fi":94,"en":1492,"sv":1657,"et":1867},"pll_sync_post":[],"_links":{"self":[{"href":"https:\/\/rotary.fi\/klubisivusto\/wp-json\/wp\/v2\/pages\/94","targetHints":{"allow":["GET"]}}],"collection":[{"href":"https:\/\/rotary.fi\/klubisivusto\/wp-json\/wp\/v2\/pages"}],"about":[{"href":"https:\/\/rotary.fi\/klubisivusto\/wp-json\/wp\/v2\/types\/page"}],"author":[{"embeddable":true,"href":"https:\/\/rotary.fi\/klubisivusto\/wp-json\/wp\/v2\/users\/1"}],"replies":[{"embeddable":true,"href":"https:\/\/rotary.fi\/klubisivusto\/wp-json\/wp\/v2\/comments?post=94"}],"version-history":[{"count":6,"href":"https:\/\/rotary.fi\/klubisivusto\/wp-json\/wp\/v2\/pages\/94\/revisions"}],"predecessor-version":[{"id":1914,"href":"https:\/\/rotary.fi\/klubisivusto\/wp-json\/wp\/v2\/pages\/94\/revisions\/1914"}],"wp:attachment":[{"href":"https:\/\/rotary.fi\/klubisivusto\/wp-json\/wp\/v2\/media?parent=94"}],"curies":[{"name":"wp","href":"https:\/\/api.w.org\/{rel}","templated":true}]}}