{"id":1848,"date":"2019-04-24T13:17:30","date_gmt":"2019-04-24T10:17:30","guid":{"rendered":"https:\/\/rotary.fi\/klubisivusto\/?page_id=1848"},"modified":"2019-08-21T10:48:40","modified_gmt":"2019-08-21T07:48:40","slug":"rotaract-ja-interact","status":"publish","type":"page","link":"https:\/\/rotary.fi\/klubisivusto\/et\/mida-me-teeme\/rotaract-ja-interact\/","title":{"rendered":"Rotaract ja Interact"},"content":{"rendered":"<p>[et_pb_section bb_built=&#8221;1&#8243; module_class=&#8221;jumbotron-page&#8221; _builder_version=&#8221;3.17.2&#8243; background_image=&#8221;https:\/\/rotary.fi\/klubisivusto\/wp-content\/uploads\/sites\/6\/2018\/10\/rotary_klubit_alasivu_paakuva_10.jpg&#8221; inner_width=&#8221;auto&#8221; inner_max_width=&#8221;none&#8221; next_background_color=&#8221;#ffffff&#8221;][et_pb_row _builder_version=&#8221;3.0.48&#8243; background_size=&#8221;initial&#8221; background_position=&#8221;top_left&#8221; background_repeat=&#8221;repeat&#8221; width=&#8221;80%&#8221; max_width=&#8221;1080px&#8221;][et_pb_column type=&#8221;4_4&#8243; custom_padding__hover=&#8221;|||&#8221; custom_padding=&#8221;|||&#8221;][et_pb_text admin_label=&#8221;P\u00e4\u00e4otsikko&#8221; _builder_version=&#8221;3.22.3&#8243; text_orientation=&#8221;center&#8221; background_layout=&#8221;dark&#8221; text_text_shadow_horizontal_length=&#8221;text_text_shadow_style,%91object Object%93&#8243; text_text_shadow_vertical_length=&#8221;text_text_shadow_style,%91object Object%93&#8243; text_text_shadow_blur_strength=&#8221;text_text_shadow_style,%91object Object%93&#8243; link_text_shadow_horizontal_length=&#8221;link_text_shadow_style,%91object Object%93&#8243; link_text_shadow_vertical_length=&#8221;link_text_shadow_style,%91object Object%93&#8243; link_text_shadow_blur_strength=&#8221;link_text_shadow_style,%91object Object%93&#8243; ul_text_shadow_horizontal_length=&#8221;ul_text_shadow_style,%91object Object%93&#8243; ul_text_shadow_vertical_length=&#8221;ul_text_shadow_style,%91object Object%93&#8243; ul_text_shadow_blur_strength=&#8221;ul_text_shadow_style,%91object Object%93&#8243; ol_text_shadow_horizontal_length=&#8221;ol_text_shadow_style,%91object Object%93&#8243; ol_text_shadow_vertical_length=&#8221;ol_text_shadow_style,%91object Object%93&#8243; ol_text_shadow_blur_strength=&#8221;ol_text_shadow_style,%91object Object%93&#8243; quote_text_shadow_horizontal_length=&#8221;quote_text_shadow_style,%91object Object%93&#8243; quote_text_shadow_vertical_length=&#8221;quote_text_shadow_style,%91object Object%93&#8243; quote_text_shadow_blur_strength=&#8221;quote_text_shadow_style,%91object Object%93&#8243; header_text_shadow_horizontal_length=&#8221;header_text_shadow_style,%91object Object%93&#8243; header_text_shadow_vertical_length=&#8221;header_text_shadow_style,%91object Object%93&#8243; header_text_shadow_blur_strength=&#8221;header_text_shadow_style,%91object Object%93&#8243; header_2_text_shadow_horizontal_length=&#8221;header_2_text_shadow_style,%91object Object%93&#8243; header_2_text_shadow_vertical_length=&#8221;header_2_text_shadow_style,%91object Object%93&#8243; header_2_text_shadow_blur_strength=&#8221;header_2_text_shadow_style,%91object Object%93&#8243; header_3_text_shadow_horizontal_length=&#8221;header_3_text_shadow_style,%91object Object%93&#8243; header_3_text_shadow_vertical_length=&#8221;header_3_text_shadow_style,%91object Object%93&#8243; header_3_text_shadow_blur_strength=&#8221;header_3_text_shadow_style,%91object Object%93&#8243; header_4_text_shadow_horizontal_length=&#8221;header_4_text_shadow_style,%91object Object%93&#8243; header_4_text_shadow_vertical_length=&#8221;header_4_text_shadow_style,%91object Object%93&#8243; header_4_text_shadow_blur_strength=&#8221;header_4_text_shadow_style,%91object Object%93&#8243; header_5_text_shadow_horizontal_length=&#8221;header_5_text_shadow_style,%91object Object%93&#8243; header_5_text_shadow_vertical_length=&#8221;header_5_text_shadow_style,%91object Object%93&#8243; header_5_text_shadow_blur_strength=&#8221;header_5_text_shadow_style,%91object Object%93&#8243; header_6_text_shadow_horizontal_length=&#8221;header_6_text_shadow_style,%91object Object%93&#8243; header_6_text_shadow_vertical_length=&#8221;header_6_text_shadow_style,%91object Object%93&#8243; header_6_text_shadow_blur_strength=&#8221;header_6_text_shadow_style,%91object Object%93&#8243; z_index_tablet=&#8221;500&#8243;]<\/p>\n<h1>Rotaract ja Interact<\/h1>\n<p>[\/et_pb_text][\/et_pb_column][\/et_pb_row][\/et_pb_section][et_pb_section bb_built=&#8221;1&#8243; specialty=&#8221;on&#8221; module_class_2=&#8221;sivupalkki&#8221; _builder_version=&#8221;3.4.1&#8243; inner_width=&#8221;auto&#8221; inner_max_width=&#8221;none&#8221; prev_background_color=&#8221;#000000&#8243;][et_pb_column type=&#8221;2_3&#8243; specialty_columns=&#8221;2&#8243;][et_pb_row_inner admin_label=&#8221;Rivi&#8221; _builder_version=&#8221;3.0.47&#8243;][et_pb_column_inner type=&#8221;4_4&#8243; saved_specialty_column_type=&#8221;2_3&#8243; custom_padding__hover=&#8221;|||&#8221; custom_padding=&#8221;|||&#8221; saved_specialty_column_type=&#8221;2_3&#8243;][et_pb_text admin_label=&#8221;Rotaract ja Interact &#8211; Otsikko&#8221; _builder_version=&#8221;3.22.3&#8243; text_orientation=&#8221;center&#8221; text_text_shadow_horizontal_length=&#8221;text_text_shadow_style,%91object Object%93&#8243; text_text_shadow_vertical_length=&#8221;text_text_shadow_style,%91object Object%93&#8243; text_text_shadow_blur_strength=&#8221;text_text_shadow_style,%91object Object%93&#8243; link_text_shadow_horizontal_length=&#8221;link_text_shadow_style,%91object Object%93&#8243; link_text_shadow_vertical_length=&#8221;link_text_shadow_style,%91object Object%93&#8243; link_text_shadow_blur_strength=&#8221;link_text_shadow_style,%91object Object%93&#8243; ul_text_shadow_horizontal_length=&#8221;ul_text_shadow_style,%91object Object%93&#8243; ul_text_shadow_vertical_length=&#8221;ul_text_shadow_style,%91object Object%93&#8243; ul_text_shadow_blur_strength=&#8221;ul_text_shadow_style,%91object Object%93&#8243; ol_text_shadow_horizontal_length=&#8221;ol_text_shadow_style,%91object Object%93&#8243; ol_text_shadow_vertical_length=&#8221;ol_text_shadow_style,%91object Object%93&#8243; ol_text_shadow_blur_strength=&#8221;ol_text_shadow_style,%91object Object%93&#8243; quote_text_shadow_horizontal_length=&#8221;quote_text_shadow_style,%91object Object%93&#8243; quote_text_shadow_vertical_length=&#8221;quote_text_shadow_style,%91object Object%93&#8243; quote_text_shadow_blur_strength=&#8221;quote_text_shadow_style,%91object Object%93&#8243; header_text_shadow_horizontal_length=&#8221;header_text_shadow_style,%91object Object%93&#8243; header_text_shadow_vertical_length=&#8221;header_text_shadow_style,%91object Object%93&#8243; header_text_shadow_blur_strength=&#8221;header_text_shadow_style,%91object Object%93&#8243; header_2_text_shadow_horizontal_length=&#8221;header_2_text_shadow_style,%91object Object%93&#8243; header_2_text_shadow_vertical_length=&#8221;header_2_text_shadow_style,%91object Object%93&#8243; header_2_text_shadow_blur_strength=&#8221;header_2_text_shadow_style,%91object Object%93&#8243; header_3_text_shadow_horizontal_length=&#8221;header_3_text_shadow_style,%91object Object%93&#8243; header_3_text_shadow_vertical_length=&#8221;header_3_text_shadow_style,%91object Object%93&#8243; header_3_text_shadow_blur_strength=&#8221;header_3_text_shadow_style,%91object Object%93&#8243; header_4_text_shadow_horizontal_length=&#8221;header_4_text_shadow_style,%91object Object%93&#8243; header_4_text_shadow_vertical_length=&#8221;header_4_text_shadow_style,%91object Object%93&#8243; header_4_text_shadow_blur_strength=&#8221;header_4_text_shadow_style,%91object Object%93&#8243; header_5_text_shadow_horizontal_length=&#8221;header_5_text_shadow_style,%91object Object%93&#8243; header_5_text_shadow_vertical_length=&#8221;header_5_text_shadow_style,%91object Object%93&#8243; header_5_text_shadow_blur_strength=&#8221;header_5_text_shadow_style,%91object Object%93&#8243; header_6_text_shadow_horizontal_length=&#8221;header_6_text_shadow_style,%91object Object%93&#8243; header_6_text_shadow_vertical_length=&#8221;header_6_text_shadow_style,%91object Object%93&#8243; header_6_text_shadow_blur_strength=&#8221;header_6_text_shadow_style,%91object Object%93&#8243; z_index_tablet=&#8221;500&#8243;]<\/p>\n<h1>Rotaract ja Interact<\/h1>\n<p>[\/et_pb_text][et_pb_text _builder_version=&#8221;3.25.3&#8243; text_text_shadow_horizontal_length=&#8221;text_text_shadow_style,%91object Object%93&#8243; text_text_shadow_vertical_length=&#8221;text_text_shadow_style,%91object Object%93&#8243; text_text_shadow_blur_strength=&#8221;text_text_shadow_style,%91object Object%93&#8243; link_text_shadow_horizontal_length=&#8221;link_text_shadow_style,%91object Object%93&#8243; link_text_shadow_vertical_length=&#8221;link_text_shadow_style,%91object Object%93&#8243; link_text_shadow_blur_strength=&#8221;link_text_shadow_style,%91object Object%93&#8243; ul_text_shadow_horizontal_length=&#8221;ul_text_shadow_style,%91object Object%93&#8243; ul_text_shadow_vertical_length=&#8221;ul_text_shadow_style,%91object Object%93&#8243; ul_text_shadow_blur_strength=&#8221;ul_text_shadow_style,%91object Object%93&#8243; ol_text_shadow_horizontal_length=&#8221;ol_text_shadow_style,%91object Object%93&#8243; ol_text_shadow_vertical_length=&#8221;ol_text_shadow_style,%91object Object%93&#8243; ol_text_shadow_blur_strength=&#8221;ol_text_shadow_style,%91object Object%93&#8243; quote_text_shadow_horizontal_length=&#8221;quote_text_shadow_style,%91object Object%93&#8243; quote_text_shadow_vertical_length=&#8221;quote_text_shadow_style,%91object Object%93&#8243; quote_text_shadow_blur_strength=&#8221;quote_text_shadow_style,%91object Object%93&#8243; header_text_shadow_horizontal_length=&#8221;header_text_shadow_style,%91object Object%93&#8243; header_text_shadow_vertical_length=&#8221;header_text_shadow_style,%91object Object%93&#8243; header_text_shadow_blur_strength=&#8221;header_text_shadow_style,%91object Object%93&#8243; header_2_text_shadow_horizontal_length=&#8221;header_2_text_shadow_style,%91object Object%93&#8243; header_2_text_shadow_vertical_length=&#8221;header_2_text_shadow_style,%91object Object%93&#8243; header_2_text_shadow_blur_strength=&#8221;header_2_text_shadow_style,%91object Object%93&#8243; header_3_text_shadow_horizontal_length=&#8221;header_3_text_shadow_style,%91object Object%93&#8243; header_3_text_shadow_vertical_length=&#8221;header_3_text_shadow_style,%91object Object%93&#8243; header_3_text_shadow_blur_strength=&#8221;header_3_text_shadow_style,%91object Object%93&#8243; header_4_text_shadow_horizontal_length=&#8221;header_4_text_shadow_style,%91object Object%93&#8243; header_4_text_shadow_vertical_length=&#8221;header_4_text_shadow_style,%91object Object%93&#8243; header_4_text_shadow_blur_strength=&#8221;header_4_text_shadow_style,%91object Object%93&#8243; header_5_text_shadow_horizontal_length=&#8221;header_5_text_shadow_style,%91object Object%93&#8243; header_5_text_shadow_vertical_length=&#8221;header_5_text_shadow_style,%91object Object%93&#8243; header_5_text_shadow_blur_strength=&#8221;header_5_text_shadow_style,%91object Object%93&#8243; header_6_text_shadow_horizontal_length=&#8221;header_6_text_shadow_style,%91object Object%93&#8243; header_6_text_shadow_vertical_length=&#8221;header_6_text_shadow_style,%91object Object%93&#8243; header_6_text_shadow_blur_strength=&#8221;header_6_text_shadow_style,%91object Object%93&#8243; z_index_tablet=&#8221;500&#8243; box_shadow_horizontal_tablet=&#8221;0px&#8221; box_shadow_vertical_tablet=&#8221;0px&#8221; box_shadow_blur_tablet=&#8221;40px&#8221; box_shadow_spread_tablet=&#8221;0px&#8221;]<\/p>\n<p><span style=\"color: #8300e9;\"><strong>NB. Muuda lehe sisu, et see sobiks teie klubi andmetega.<\/strong><\/span><\/p>\n<p>Rotaract-klubide tegevus on suunatud 18\u250030-aastastele noortele. Tegevuse eesm\u00e4rk on arendada noorte kasvamist vastutustundlikeks t\u00e4iskasvanuteks ja juhtideks. Rotaract klubi liikmed otsustavad ise oma projektide ja tegevuste u\u0308le. Noorte klubi sponsoreerib ja toetab Rotary klubi.<\/p>\n<p>Interact on m\u00f5eldud 12-18-aastastele noortele. Ka Interact-klubil on rotary klubi ristivanemaks. Interactis saavad noored m\u00f5jutada neile olulisi ku\u0308simusi projektide abil, mida kavandatakse ja rakendatakse igal aastal. Rotary klubi toetab noori nendes projektides.<\/p>\n<p>Nii Interactis kui Rotaractis on noortel v\u00f5imalus v\u00f5rgustuda mitte ainult kohalikul, vaid ka riiklikul ja rahvusvahelisel tasandil.<\/p>\n<p>Loe lisaks <a href=\"https:\/\/rotary.fi\/mita-teemme\/nuorisopalvelut\/rotaract\/\" target=\"_blank\" rel=\"noopener noreferrer\">Rotaractist<\/a><\/p>\n<p>Loe lisaks <a href=\"https:\/\/rotary.fi\/mita-teemme\/nuorisopalvelut\/interact\/\" target=\"_blank\" rel=\"noopener noreferrer\">Interactist<\/a><\/p>\n<p>Kui olete huvitatud Rotaractist v\u00f5i Interactist v\u00f5i soovid luua uue klubi, v\u00f5tke julgesti u\u0308hendust klubi presidendiga! Parim viis temani j\u00f5uda (e-post ja telefoninumber)<\/p>\n<p>[\/et_pb_text][\/et_pb_column_inner][\/et_pb_row_inner][\/et_pb_column][et_pb_column type=&#8221;1_3&#8243;][et_pb_sidebar area=&#8221;sidebar-1&#8243; module_class=&#8221;sivupalkki_sisalto&#8221; _builder_version=&#8221;3.4.1&#8243; locked=&#8221;on&#8221; \/][\/et_pb_column][\/et_pb_section]<\/p>\n","protected":false},"excerpt":{"rendered":"<p>Rotaract ja Interact Rotaract ja Interact NB. Muuda lehe sisu, et see sobiks teie klubi andmetega.Rotaract-klubide tegevus on suunatud 18\u250030-aastastele noortele. Tegevuse eesm\u00e4rk on arendada noorte kasvamist vastutustundlikeks t\u00e4iskasvanuteks ja juhtideks. Rotaract klubi liikmed otsustavad ise oma projektide ja tegevuste u\u0308le. Noorte klubi sponsoreerib ja toetab Rotary klubi.Interact on m\u00f5eldud 12-18-aastastele noortele. Ka Interact-klubil on [&hellip;]<\/p>\n","protected":false},"author":1,"featured_media":0,"parent":1835,"menu_order":5,"comment_status":"closed","ping_status":"closed","template":"","meta":{"_acf_changed":false,"_et_pb_use_builder":"on","_et_pb_old_content":"","_et_gb_content_width":"","footnotes":""},"class_list":["post-1848","page","type-page","status-publish","hentry"],"acf":[],"yoast_head":"<!-- This site is optimized with the Yoast SEO plugin v27.0 - https:\/\/yoast.com\/product\/yoast-seo-wordpress\/ -->\n<title>Rotaract ja Interact - Klubitason sivustopohja<\/title>\n<meta name=\"robots\" content=\"noindex, follow, max-snippet:-1, max-image-preview:large, max-video-preview:-1\" \/>\n<meta property=\"og:locale\" content=\"fi_FI\" \/>\n<meta property=\"og:type\" content=\"article\" \/>\n<meta property=\"og:title\" content=\"Rotaract ja Interact - Klubitason sivustopohja\" \/>\n<meta property=\"og:description\" content=\"Rotaract ja Interact Rotaract ja Interact NB. Muuda lehe sisu, et see sobiks teie klubi andmetega.Rotaract-klubide tegevus on suunatud 18\u250030-aastastele noortele. Tegevuse eesm\u00e4rk on arendada noorte kasvamist vastutustundlikeks t\u00e4iskasvanuteks ja juhtideks. Rotaract klubi liikmed otsustavad ise oma projektide ja tegevuste u\u0308le. Noorte klubi sponsoreerib ja toetab Rotary klubi.Interact on m\u00f5eldud 12-18-aastastele noortele. Ka Interact-klubil on [&hellip;]\" \/>\n<meta property=\"og:url\" content=\"https:\/\/rotary.fi\/klubisivusto\/et\/mida-me-teeme\/rotaract-ja-interact\/\" \/>\n<meta property=\"og:site_name\" content=\"Klubitason sivustopohja\" \/>\n<meta property=\"article:modified_time\" content=\"2019-08-21T07:48:40+00:00\" \/>\n<meta name=\"twitter:card\" content=\"summary_large_image\" \/>\n<meta name=\"twitter:label1\" content=\"Arvioitu lukuaika\" \/>\n\t<meta name=\"twitter:data1\" content=\"7 minuuttia\" \/>\n<script type=\"application\/ld+json\" class=\"yoast-schema-graph\">{\"@context\":\"https:\/\/schema.org\",\"@graph\":[{\"@type\":\"WebPage\",\"@id\":\"https:\/\/rotary.fi\/klubisivusto\/et\/mida-me-teeme\/rotaract-ja-interact\/\",\"url\":\"https:\/\/rotary.fi\/klubisivusto\/et\/mida-me-teeme\/rotaract-ja-interact\/\",\"name\":\"Rotaract ja Interact - Klubitason sivustopohja\",\"isPartOf\":{\"@id\":\"https:\/\/rotary.fi\/klubisivusto\/#website\"},\"datePublished\":\"2019-04-24T10:17:30+00:00\",\"dateModified\":\"2019-08-21T07:48:40+00:00\",\"breadcrumb\":{\"@id\":\"https:\/\/rotary.fi\/klubisivusto\/et\/mida-me-teeme\/rotaract-ja-interact\/#breadcrumb\"},\"inLanguage\":\"fi\",\"potentialAction\":[{\"@type\":\"ReadAction\",\"target\":[\"https:\/\/rotary.fi\/klubisivusto\/et\/mida-me-teeme\/rotaract-ja-interact\/\"]}]},{\"@type\":\"BreadcrumbList\",\"@id\":\"https:\/\/rotary.fi\/klubisivusto\/et\/mida-me-teeme\/rotaract-ja-interact\/#breadcrumb\",\"itemListElement\":[{\"@type\":\"ListItem\",\"position\":1,\"name\":\"Home\",\"item\":\"https:\/\/rotary.fi\/klubisivusto\/\"},{\"@type\":\"ListItem\",\"position\":2,\"name\":\"Mida me teeme\",\"item\":\"https:\/\/rotary.fi\/klubisivusto\/et\/mida-me-teeme\/\"},{\"@type\":\"ListItem\",\"position\":3,\"name\":\"Rotaract ja Interact\"}]},{\"@type\":\"WebSite\",\"@id\":\"https:\/\/rotary.fi\/klubisivusto\/#website\",\"url\":\"https:\/\/rotary.fi\/klubisivusto\/\",\"name\":\"Klubitason sivustopohja\",\"description\":\"Uusi Rotary klubisivusto\",\"potentialAction\":[{\"@type\":\"SearchAction\",\"target\":{\"@type\":\"EntryPoint\",\"urlTemplate\":\"https:\/\/rotary.fi\/klubisivusto\/?s={search_term_string}\"},\"query-input\":{\"@type\":\"PropertyValueSpecification\",\"valueRequired\":true,\"valueName\":\"search_term_string\"}}],\"inLanguage\":\"fi\"}]}<\/script>\n<!-- \/ Yoast SEO plugin. -->","yoast_head_json":{"title":"Rotaract ja Interact - Klubitason sivustopohja","robots":{"index":"noindex","follow":"follow","max-snippet":"max-snippet:-1","max-image-preview":"max-image-preview:large","max-video-preview":"max-video-preview:-1"},"og_locale":"fi_FI","og_type":"article","og_title":"Rotaract ja Interact - Klubitason sivustopohja","og_description":"Rotaract ja Interact Rotaract ja Interact NB. Muuda lehe sisu, et see sobiks teie klubi andmetega.Rotaract-klubide tegevus on suunatud 18\u250030-aastastele noortele. Tegevuse eesm\u00e4rk on arendada noorte kasvamist vastutustundlikeks t\u00e4iskasvanuteks ja juhtideks. Rotaract klubi liikmed otsustavad ise oma projektide ja tegevuste u\u0308le. Noorte klubi sponsoreerib ja toetab Rotary klubi.Interact on m\u00f5eldud 12-18-aastastele noortele. Ka Interact-klubil on [&hellip;]","og_url":"https:\/\/rotary.fi\/klubisivusto\/et\/mida-me-teeme\/rotaract-ja-interact\/","og_site_name":"Klubitason sivustopohja","article_modified_time":"2019-08-21T07:48:40+00:00","twitter_card":"summary_large_image","twitter_misc":{"Arvioitu lukuaika":"7 minuuttia"},"schema":{"@context":"https:\/\/schema.org","@graph":[{"@type":"WebPage","@id":"https:\/\/rotary.fi\/klubisivusto\/et\/mida-me-teeme\/rotaract-ja-interact\/","url":"https:\/\/rotary.fi\/klubisivusto\/et\/mida-me-teeme\/rotaract-ja-interact\/","name":"Rotaract ja Interact - Klubitason sivustopohja","isPartOf":{"@id":"https:\/\/rotary.fi\/klubisivusto\/#website"},"datePublished":"2019-04-24T10:17:30+00:00","dateModified":"2019-08-21T07:48:40+00:00","breadcrumb":{"@id":"https:\/\/rotary.fi\/klubisivusto\/et\/mida-me-teeme\/rotaract-ja-interact\/#breadcrumb"},"inLanguage":"fi","potentialAction":[{"@type":"ReadAction","target":["https:\/\/rotary.fi\/klubisivusto\/et\/mida-me-teeme\/rotaract-ja-interact\/"]}]},{"@type":"BreadcrumbList","@id":"https:\/\/rotary.fi\/klubisivusto\/et\/mida-me-teeme\/rotaract-ja-interact\/#breadcrumb","itemListElement":[{"@type":"ListItem","position":1,"name":"Home","item":"https:\/\/rotary.fi\/klubisivusto\/"},{"@type":"ListItem","position":2,"name":"Mida me teeme","item":"https:\/\/rotary.fi\/klubisivusto\/et\/mida-me-teeme\/"},{"@type":"ListItem","position":3,"name":"Rotaract ja Interact"}]},{"@type":"WebSite","@id":"https:\/\/rotary.fi\/klubisivusto\/#website","url":"https:\/\/rotary.fi\/klubisivusto\/","name":"Klubitason sivustopohja","description":"Uusi Rotary klubisivusto","potentialAction":[{"@type":"SearchAction","target":{"@type":"EntryPoint","urlTemplate":"https:\/\/rotary.fi\/klubisivusto\/?s={search_term_string}"},"query-input":{"@type":"PropertyValueSpecification","valueRequired":true,"valueName":"search_term_string"}}],"inLanguage":"fi"}]}},"lang":"et","translations":{"et":1848,"en":1458,"fi":163,"sv":1620},"pll_sync_post":[],"_links":{"self":[{"href":"https:\/\/rotary.fi\/klubisivusto\/wp-json\/wp\/v2\/pages\/1848","targetHints":{"allow":["GET"]}}],"collection":[{"href":"https:\/\/rotary.fi\/klubisivusto\/wp-json\/wp\/v2\/pages"}],"about":[{"href":"https:\/\/rotary.fi\/klubisivusto\/wp-json\/wp\/v2\/types\/page"}],"author":[{"embeddable":true,"href":"https:\/\/rotary.fi\/klubisivusto\/wp-json\/wp\/v2\/users\/1"}],"replies":[{"embeddable":true,"href":"https:\/\/rotary.fi\/klubisivusto\/wp-json\/wp\/v2\/comments?post=1848"}],"version-history":[{"count":3,"href":"https:\/\/rotary.fi\/klubisivusto\/wp-json\/wp\/v2\/pages\/1848\/revisions"}],"predecessor-version":[{"id":1983,"href":"https:\/\/rotary.fi\/klubisivusto\/wp-json\/wp\/v2\/pages\/1848\/revisions\/1983"}],"up":[{"embeddable":true,"href":"https:\/\/rotary.fi\/klubisivusto\/wp-json\/wp\/v2\/pages\/1835"}],"wp:attachment":[{"href":"https:\/\/rotary.fi\/klubisivusto\/wp-json\/wp\/v2\/media?parent=1848"}],"curies":[{"name":"wp","href":"https:\/\/api.w.org\/{rel}","templated":true}]}}