{"id":1844,"date":"2019-04-24T13:09:49","date_gmt":"2019-04-24T10:09:49","guid":{"rendered":"https:\/\/rotary.fi\/klubisivusto\/?page_id=1844"},"modified":"2019-08-21T10:42:53","modified_gmt":"2019-08-21T07:42:53","slug":"varade-kogumine-ja-annetused","status":"publish","type":"page","link":"https:\/\/rotary.fi\/klubisivusto\/et\/mida-me-teeme\/varade-kogumine-ja-annetused\/","title":{"rendered":"Varade kogumine ja annetused"},"content":{"rendered":"<p>[et_pb_section fb_built=&#8221;1&#8243; module_class=&#8221;jumbotron-page&#8221; _builder_version=&#8221;3.22.3&#8243; background_image=&#8221;https:\/\/rotary.fi\/klubisivusto\/wp-content\/uploads\/sites\/6\/2018\/10\/rotary_klubit_alasivu_paakuva_11.jpg&#8221;][et_pb_row _builder_version=&#8221;3.25&#8243; background_size=&#8221;initial&#8221; background_position=&#8221;top_left&#8221; background_repeat=&#8221;repeat&#8221;][et_pb_column type=&#8221;4_4&#8243; _builder_version=&#8221;3.25&#8243; custom_padding=&#8221;|||&#8221; custom_padding__hover=&#8221;|||&#8221;][et_pb_text admin_label=&#8221;P\u00e4\u00e4otsikko&#8221; _builder_version=&#8221;3.22.3&#8243; text_orientation=&#8221;center&#8221; background_layout=&#8221;dark&#8221; z_index_tablet=&#8221;500&#8243;]<\/p>\n<h1>Varade kogumine ja annetused<\/h1>\n<p>[\/et_pb_text][\/et_pb_column][\/et_pb_row][\/et_pb_section][et_pb_section fb_built=&#8221;1&#8243; specialty=&#8221;on&#8221; module_class_2=&#8221;sivupalkki&#8221; _builder_version=&#8221;3.22.3&#8243; inner_max_width=&#8221;none&#8221;][et_pb_column type=&#8221;2_3&#8243; specialty_columns=&#8221;2&#8243; _builder_version=&#8221;3.25&#8243; custom_padding=&#8221;|||&#8221; custom_padding__hover=&#8221;|||&#8221;][et_pb_row_inner admin_label=&#8221;Rivi&#8221; _builder_version=&#8221;3.25&#8243;][et_pb_column_inner saved_specialty_column_type=&#8221;2_3&#8243; _builder_version=&#8221;3.25&#8243; custom_padding=&#8221;|||&#8221; custom_padding__hover=&#8221;|||&#8221;][et_pb_text admin_label=&#8221;Varade kogumine ja annetused &#8211; Otsikko&#8221; _builder_version=&#8221;3.22.3&#8243; text_orientation=&#8221;center&#8221; z_index_tablet=&#8221;500&#8243;]<\/p>\n<h1>Varade kogumine ja annetused<\/h1>\n<p>[\/et_pb_text][et_pb_text _builder_version=&#8221;3.22.3&#8243; z_index_tablet=&#8221;500&#8243;]<\/p>\n<p><span style=\"color: #8300e9;\"><strong>NB. Muuda leheku\u0308lge, et see sobiks teie klubi andmetega. Kui teil ei ole kolmandatele isikutele raha kogumist, v\u00f5ib selle lehe \u00e4ra j\u00e4tta. Kui teil on raha kogumise kampaaniaid, r\u00e4\u00e4kige neist.<\/strong><\/span><strong style=\"color: #8300e9; font-size: 16px;\">.<\/strong><\/p>\n<p>Meie Rotary klubi on kaasatud nii kohalikku kui ka globaalsesse teenindusse mitmel erineval viisil. Osaleme rotarite noorsoovahetuses ja kogume raha selle rahastamiseks.<\/p>\n<p>Annetame raha humanitaarabi projektidele Rotary Sihtasutuse kaudu. Rotary Sihtasutus toetab paljude projektidega emade ja laste tervise parandamist ning haiguste ennetamist ja ravi. Sihtasutus edendab haridust ja kirjaoskust, tugevdab rahut\u00f6\u00f6d ning suurendab kohalikku majandust ja kogukondi. Rotary Sihtasutus toetab juurdep\u00e4\u00e4su puhtale veele ja hu\u0308gieenialastele teadmistele, seal kus sellest on puudus.<\/p>\n<p>Meie klubi osaleb isiklike annetuste ja projektide kaudu ka rotarite poolt algatatud t\u00f6\u00f6s lastehalvatuse k\u00f5rvaldamiseks maailmast. Rotarid on t\u00f6\u00f6tanud juba u\u0308le kolmeku\u0308mne aasta loodusliku poliomu\u0308eliidi k\u00f5rvaldamiseks. T\u00e4nap\u00e4eval nakatub looduslikku poliomu\u0308eliidi viirusesse igal aastal vaid ku\u0308mneid lapsi, kui projekti algusaastatel nakatus pea 350 000 last aastas.<\/p>\n<p>T\u00e4nap\u00e4eval elavad sellesse kodup\u00f5hisesse lastehalvatusse haigestunud lapsed n\u00e4iteks rasketesti ligip\u00e4\u00e4setavates piirkondades nagu Afganistanis. Rotarid on lubanud projekti l\u00f5pule viia, nii et ka meie klubi annab oma panuse sellele t\u00f6\u00f6le, kuni see Rotari lubadus on t\u00e4idetud<\/p>\n<p><strong>Vaadake l\u00e4hemalt meie raha kogumise projekte:<br \/><\/strong>Teie klubi raha kogumise projekt &#8211; link alamlehele<\/p>\n<p>[\/et_pb_text][\/et_pb_column_inner][\/et_pb_row_inner][\/et_pb_column][et_pb_column type=&#8221;1_3&#8243; _builder_version=&#8221;3.25&#8243; custom_padding=&#8221;|||&#8221; custom_padding__hover=&#8221;|||&#8221;][et_pb_sidebar area=&#8221;sidebar-1&#8243; module_class=&#8221;sivupalkki_sisalto&#8221; _builder_version=&#8221;3.4.1&#8243; locked=&#8221;on&#8221;]<br \/>\n[\/et_pb_sidebar][\/et_pb_column][\/et_pb_section]<\/p>\n","protected":false},"excerpt":{"rendered":"<p>Varade kogumine ja annetused Varade kogumine ja annetused NB. Muuda leheku\u0308lge, et see sobiks teie klubi andmetega. Kui teil ei ole kolmandatele isikutele raha kogumist, v\u00f5ib selle lehe \u00e4ra j\u00e4tta. Kui teil on raha kogumise kampaaniaid, r\u00e4\u00e4kige neist.. Meie Rotary klubi on kaasatud nii kohalikku kui ka globaalsesse teenindusse mitmel erineval viisil. Osaleme rotarite noorsoovahetuses [&hellip;]<\/p>\n","protected":false},"author":1,"featured_media":0,"parent":1835,"menu_order":3,"comment_status":"closed","ping_status":"closed","template":"","meta":{"_acf_changed":false,"_et_pb_use_builder":"on","_et_pb_old_content":"","_et_gb_content_width":"","footnotes":""},"class_list":["post-1844","page","type-page","status-publish","hentry"],"acf":[],"yoast_head":"<!-- This site is optimized with the Yoast SEO plugin v27.0 - https:\/\/yoast.com\/product\/yoast-seo-wordpress\/ -->\n<title>Varade kogumine ja annetused - Klubitason sivustopohja<\/title>\n<meta name=\"robots\" content=\"noindex, follow, max-snippet:-1, max-image-preview:large, max-video-preview:-1\" \/>\n<meta property=\"og:locale\" content=\"fi_FI\" \/>\n<meta property=\"og:type\" content=\"article\" \/>\n<meta property=\"og:title\" content=\"Varade kogumine ja annetused - Klubitason sivustopohja\" \/>\n<meta property=\"og:description\" content=\"Varade kogumine ja annetused Varade kogumine ja annetused NB. Muuda leheku\u0308lge, et see sobiks teie klubi andmetega. Kui teil ei ole kolmandatele isikutele raha kogumist, v\u00f5ib selle lehe \u00e4ra j\u00e4tta. Kui teil on raha kogumise kampaaniaid, r\u00e4\u00e4kige neist.. Meie Rotary klubi on kaasatud nii kohalikku kui ka globaalsesse teenindusse mitmel erineval viisil. Osaleme rotarite noorsoovahetuses [&hellip;]\" \/>\n<meta property=\"og:url\" content=\"https:\/\/rotary.fi\/klubisivusto\/et\/mida-me-teeme\/varade-kogumine-ja-annetused\/\" \/>\n<meta property=\"og:site_name\" content=\"Klubitason sivustopohja\" \/>\n<meta property=\"article:modified_time\" content=\"2019-08-21T07:42:53+00:00\" \/>\n<meta name=\"twitter:card\" content=\"summary_large_image\" \/>\n<meta name=\"twitter:label1\" content=\"Arvioitu lukuaika\" \/>\n\t<meta name=\"twitter:data1\" content=\"2 minuuttia\" \/>\n<script type=\"application\/ld+json\" class=\"yoast-schema-graph\">{\"@context\":\"https:\/\/schema.org\",\"@graph\":[{\"@type\":\"WebPage\",\"@id\":\"https:\/\/rotary.fi\/klubisivusto\/et\/mida-me-teeme\/varade-kogumine-ja-annetused\/\",\"url\":\"https:\/\/rotary.fi\/klubisivusto\/et\/mida-me-teeme\/varade-kogumine-ja-annetused\/\",\"name\":\"Varade kogumine ja annetused - Klubitason sivustopohja\",\"isPartOf\":{\"@id\":\"https:\/\/rotary.fi\/klubisivusto\/#website\"},\"datePublished\":\"2019-04-24T10:09:49+00:00\",\"dateModified\":\"2019-08-21T07:42:53+00:00\",\"breadcrumb\":{\"@id\":\"https:\/\/rotary.fi\/klubisivusto\/et\/mida-me-teeme\/varade-kogumine-ja-annetused\/#breadcrumb\"},\"inLanguage\":\"fi\",\"potentialAction\":[{\"@type\":\"ReadAction\",\"target\":[\"https:\/\/rotary.fi\/klubisivusto\/et\/mida-me-teeme\/varade-kogumine-ja-annetused\/\"]}]},{\"@type\":\"BreadcrumbList\",\"@id\":\"https:\/\/rotary.fi\/klubisivusto\/et\/mida-me-teeme\/varade-kogumine-ja-annetused\/#breadcrumb\",\"itemListElement\":[{\"@type\":\"ListItem\",\"position\":1,\"name\":\"Home\",\"item\":\"https:\/\/rotary.fi\/klubisivusto\/\"},{\"@type\":\"ListItem\",\"position\":2,\"name\":\"Mida me teeme\",\"item\":\"https:\/\/rotary.fi\/klubisivusto\/et\/mida-me-teeme\/\"},{\"@type\":\"ListItem\",\"position\":3,\"name\":\"Varade kogumine ja annetused\"}]},{\"@type\":\"WebSite\",\"@id\":\"https:\/\/rotary.fi\/klubisivusto\/#website\",\"url\":\"https:\/\/rotary.fi\/klubisivusto\/\",\"name\":\"Klubitason sivustopohja\",\"description\":\"Uusi Rotary klubisivusto\",\"potentialAction\":[{\"@type\":\"SearchAction\",\"target\":{\"@type\":\"EntryPoint\",\"urlTemplate\":\"https:\/\/rotary.fi\/klubisivusto\/?s={search_term_string}\"},\"query-input\":{\"@type\":\"PropertyValueSpecification\",\"valueRequired\":true,\"valueName\":\"search_term_string\"}}],\"inLanguage\":\"fi\"}]}<\/script>\n<!-- \/ Yoast SEO plugin. -->","yoast_head_json":{"title":"Varade kogumine ja annetused - Klubitason sivustopohja","robots":{"index":"noindex","follow":"follow","max-snippet":"max-snippet:-1","max-image-preview":"max-image-preview:large","max-video-preview":"max-video-preview:-1"},"og_locale":"fi_FI","og_type":"article","og_title":"Varade kogumine ja annetused - Klubitason sivustopohja","og_description":"Varade kogumine ja annetused Varade kogumine ja annetused NB. Muuda leheku\u0308lge, et see sobiks teie klubi andmetega. Kui teil ei ole kolmandatele isikutele raha kogumist, v\u00f5ib selle lehe \u00e4ra j\u00e4tta. Kui teil on raha kogumise kampaaniaid, r\u00e4\u00e4kige neist.. Meie Rotary klubi on kaasatud nii kohalikku kui ka globaalsesse teenindusse mitmel erineval viisil. Osaleme rotarite noorsoovahetuses [&hellip;]","og_url":"https:\/\/rotary.fi\/klubisivusto\/et\/mida-me-teeme\/varade-kogumine-ja-annetused\/","og_site_name":"Klubitason sivustopohja","article_modified_time":"2019-08-21T07:42:53+00:00","twitter_card":"summary_large_image","twitter_misc":{"Arvioitu lukuaika":"2 minuuttia"},"schema":{"@context":"https:\/\/schema.org","@graph":[{"@type":"WebPage","@id":"https:\/\/rotary.fi\/klubisivusto\/et\/mida-me-teeme\/varade-kogumine-ja-annetused\/","url":"https:\/\/rotary.fi\/klubisivusto\/et\/mida-me-teeme\/varade-kogumine-ja-annetused\/","name":"Varade kogumine ja annetused - Klubitason sivustopohja","isPartOf":{"@id":"https:\/\/rotary.fi\/klubisivusto\/#website"},"datePublished":"2019-04-24T10:09:49+00:00","dateModified":"2019-08-21T07:42:53+00:00","breadcrumb":{"@id":"https:\/\/rotary.fi\/klubisivusto\/et\/mida-me-teeme\/varade-kogumine-ja-annetused\/#breadcrumb"},"inLanguage":"fi","potentialAction":[{"@type":"ReadAction","target":["https:\/\/rotary.fi\/klubisivusto\/et\/mida-me-teeme\/varade-kogumine-ja-annetused\/"]}]},{"@type":"BreadcrumbList","@id":"https:\/\/rotary.fi\/klubisivusto\/et\/mida-me-teeme\/varade-kogumine-ja-annetused\/#breadcrumb","itemListElement":[{"@type":"ListItem","position":1,"name":"Home","item":"https:\/\/rotary.fi\/klubisivusto\/"},{"@type":"ListItem","position":2,"name":"Mida me teeme","item":"https:\/\/rotary.fi\/klubisivusto\/et\/mida-me-teeme\/"},{"@type":"ListItem","position":3,"name":"Varade kogumine ja annetused"}]},{"@type":"WebSite","@id":"https:\/\/rotary.fi\/klubisivusto\/#website","url":"https:\/\/rotary.fi\/klubisivusto\/","name":"Klubitason sivustopohja","description":"Uusi Rotary klubisivusto","potentialAction":[{"@type":"SearchAction","target":{"@type":"EntryPoint","urlTemplate":"https:\/\/rotary.fi\/klubisivusto\/?s={search_term_string}"},"query-input":{"@type":"PropertyValueSpecification","valueRequired":true,"valueName":"search_term_string"}}],"inLanguage":"fi"}]}},"lang":"et","translations":{"et":1844,"en":1453,"fi":158,"sv":1611},"pll_sync_post":[],"_links":{"self":[{"href":"https:\/\/rotary.fi\/klubisivusto\/wp-json\/wp\/v2\/pages\/1844","targetHints":{"allow":["GET"]}}],"collection":[{"href":"https:\/\/rotary.fi\/klubisivusto\/wp-json\/wp\/v2\/pages"}],"about":[{"href":"https:\/\/rotary.fi\/klubisivusto\/wp-json\/wp\/v2\/types\/page"}],"author":[{"embeddable":true,"href":"https:\/\/rotary.fi\/klubisivusto\/wp-json\/wp\/v2\/users\/1"}],"replies":[{"embeddable":true,"href":"https:\/\/rotary.fi\/klubisivusto\/wp-json\/wp\/v2\/comments?post=1844"}],"version-history":[{"count":2,"href":"https:\/\/rotary.fi\/klubisivusto\/wp-json\/wp\/v2\/pages\/1844\/revisions"}],"predecessor-version":[{"id":1980,"href":"https:\/\/rotary.fi\/klubisivusto\/wp-json\/wp\/v2\/pages\/1844\/revisions\/1980"}],"up":[{"embeddable":true,"href":"https:\/\/rotary.fi\/klubisivusto\/wp-json\/wp\/v2\/pages\/1835"}],"wp:attachment":[{"href":"https:\/\/rotary.fi\/klubisivusto\/wp-json\/wp\/v2\/media?parent=1844"}],"curies":[{"name":"wp","href":"https:\/\/api.w.org\/{rel}","templated":true}]}}