{"id":1647,"date":"2019-03-20T07:40:06","date_gmt":"2019-03-20T05:40:06","guid":{"rendered":"https:\/\/rotary.fi\/klubisivusto\/?page_id=1647"},"modified":"2019-03-20T07:49:47","modified_gmt":"2019-03-20T05:49:47","slug":"kontaktuppgifter","status":"publish","type":"page","link":"https:\/\/rotary.fi\/klubisivusto\/sv\/kontaktuppgifter\/","title":{"rendered":"Kontaktuppgifter"},"content":{"rendered":"<p>[et_pb_section bb_built=&#8221;1&#8243; module_class=&#8221;jumbotron-page&#8221; _builder_version=&#8221;3.17.2&#8243; background_image=&#8221;https:\/\/rotary.fi\/klubisivusto\/wp-content\/uploads\/sites\/6\/2018\/10\/rotary_klubit_alasivu_paakuva_15.jpg&#8221; next_background_color=&#8221;#ffffff&#8221;][et_pb_row _builder_version=&#8221;3.0.47&#8243; background_size=&#8221;initial&#8221; background_position=&#8221;top_left&#8221; background_repeat=&#8221;repeat&#8221;][et_pb_column type=&#8221;4_4&#8243;][et_pb_text admin_label=&#8221;Main \/\/ Kontaktuppgifter&#8221; _builder_version=&#8221;3.21&#8243; text_orientation=&#8221;center&#8221; background_layout=&#8221;dark&#8221;]<\/p>\n<h1>Kontaktuppgifter<\/h1>\n<p>[\/et_pb_text][\/et_pb_column][\/et_pb_row][\/et_pb_section][et_pb_section bb_built=&#8221;1&#8243; specialty=&#8221;on&#8221; module_class_2=&#8221;sivupalkki&#8221; _builder_version=&#8221;3.4.1&#8243; prev_background_color=&#8221;#000000&#8243;][et_pb_column type=&#8221;2_3&#8243; specialty_columns=&#8221;2&#8243;][et_pb_row_inner admin_label=&#8221;Rivi&#8221; _builder_version=&#8221;3.0.47&#8243;][et_pb_column_inner type=&#8221;4_4&#8243; saved_specialty_column_type=&#8221;2_3&#8243;][et_pb_text admin_label=&#8221;Kontaktuppgifter &#8211; rubrik&#8221; _builder_version=&#8221;3.21&#8243; text_orientation=&#8221;center&#8221;]<\/p>\n<h1>Kontaktuppgifter<\/h1>\n<p>[\/et_pb_text][et_pb_text admin_label=&#8221;Text: Kontaktuppgifter&#8221; _builder_version=&#8221;3.21&#8243;]<\/p>\n<p><span style=\"color: #8300e9\"><strong>OBS! Fyll i den egna klubbens kontaktuppgifter i det h\u00e4r avsnittet. <\/strong><\/span><\/p>\n<p>[\/et_pb_text][\/et_pb_column_inner][\/et_pb_row_inner][et_pb_row_inner admin_label=&#8221;Rivi&#8221; custom_padding=&#8221;||20px|&#8221; padding_bottom_1=&#8221;20px&#8221; padding_bottom_2=&#8221;20px&#8221; _builder_version=&#8221;3.4.1&#8243; border_width_bottom=&#8221;1px&#8221; border_color_bottom=&#8221;#d8d8d8&#8243; custom_margin=&#8221;||20px|&#8221;][et_pb_column_inner type=&#8221;1_2&#8243; saved_specialty_column_type=&#8221;2_3&#8243;][et_pb_text admin_label=&#8221;M\u00f6tesplats&#8221; _builder_version=&#8221;3.21&#8243;]<\/p>\n<p><strong>M\u00f6tesplats:<\/strong><br \/>\nHotell Restaurang Xxx<br \/>\nAdressgatan 11<br \/>\n60100 Sein\u00e4joki<\/p>\n<p><strong>M\u00f6testidpunkt:<\/strong><br \/>\nM\u00e5ndagar kl. 12.00-13.00<\/p>\n<p>[\/et_pb_text][\/et_pb_column_inner][et_pb_column_inner type=&#8221;1_2&#8243; saved_specialty_column_type=&#8221;2_3&#8243;][et_pb_map admin_label=&#8221;Identifieringar &#8211; Google Maps&#8221; address=&#8221;Ruukintie 4, 60100 Sein\u00e4joki, Suomi&#8221; zoom_level=&#8221;16&#8243; address_lat=&#8221;62.7900055&#8243; address_lng=&#8221;22.84615370000006&#8243; _builder_version=&#8221;3.21&#8243;][et_pb_map_pin title=&#8221;Hotell-Restaurang Alma&#8221; pin_address=&#8221;Ruukintie 4, 60100 Sein\u00e4joki, Suomi&#8221; pin_address_lat=&#8221;62.7900055&#8243; pin_address_lng=&#8221;22.84615370000006&#8243; _builder_version=&#8221;3.21&#8243; zoom_level=&#8221;18&#8243; db_start_open=&#8221;off&#8221; \/][\/et_pb_map][\/et_pb_column_inner][\/et_pb_row_inner][et_pb_row_inner admin_label=&#8221;Rivi&#8221; custom_padding=&#8221;20px||20px|&#8221; padding_bottom_1=&#8221;20px&#8221; padding_bottom_2=&#8221;20px&#8221; _builder_version=&#8221;3.4.1&#8243; custom_margin=&#8221;20px||20px|&#8221;][et_pb_column_inner type=&#8221;1_2&#8243; saved_specialty_column_type=&#8221;2_3&#8243;][et_pb_text admin_label=&#8221;President&#8221; _builder_version=&#8221;3.21&#8243;]<\/p>\n<h3>President<\/h3>\n<p>F\u00f6rnamn Efternamn<br \/>\ntel. 050 123 4567<br \/>\nemail@email.com<\/p>\n<p>[\/et_pb_text][\/et_pb_column_inner][et_pb_column_inner type=&#8221;1_2&#8243; saved_specialty_column_type=&#8221;2_3&#8243;][et_pb_text admin_label=&#8221;Sekreterare&#8221; _builder_version=&#8221;3.21&#8243;]<\/p>\n<h3>Sekreterare<\/h3>\n<p>F\u00f6rnamn Efternamn<br \/>\ntel. 050 123 4567<br \/>\nemail@email.com<\/p>\n<p>[\/et_pb_text][\/et_pb_column_inner][\/et_pb_row_inner][et_pb_row_inner admin_label=&#8221;Rivi&#8221; _builder_version=&#8221;3.0.47&#8243;][et_pb_column_inner type=&#8221;4_4&#8243; saved_specialty_column_type=&#8221;2_3&#8243;][et_pb_text admin_label=&#8221;\u00d6vriga viktiga kontaktpersoner&#8221; _builder_version=&#8221;3.21&#8243; custom_margin=&#8221;20px|||&#8221;]<\/p>\n<h3>\u00d6vriga viktiga kontaktpersoner<\/h3>\n<p>F\u00f6rnamn Efternamn<br \/>\ntel. 050 123 4567<br \/>\nemail@email.com<\/p>\n<p>[\/et_pb_text][\/et_pb_column_inner][\/et_pb_row_inner][\/et_pb_column][et_pb_column type=&#8221;1_3&#8243;][et_pb_sidebar admin_label=&#8221;Sidebar&#8221; area=&#8221;sidebar-1&#8243; module_class=&#8221;sivupalkki_sisalto&#8221; _builder_version=&#8221;3.21&#8243; locked=&#8221;on&#8221;]<\/p>\n<p>&nbsp;<\/p>\n<p>[\/et_pb_sidebar][\/et_pb_column][\/et_pb_section]<\/p>\n","protected":false},"excerpt":{"rendered":"<p>Kontaktuppgifter Kontaktuppgifter OBS! Fyll i den egna klubbens kontaktuppgifter i det h\u00e4r avsnittet. M\u00f6tesplats: Hotell Restaurang Xxx Adressgatan 11 60100 Sein\u00e4joki M\u00f6testidpunkt: M\u00e5ndagar kl. 12.00-13.00 President F\u00f6rnamn Efternamn tel. 050 123 4567 email@email.com Sekreterare F\u00f6rnamn Efternamn tel. 050 123 4567 email@email.com \u00d6vriga viktiga kontaktpersoner F\u00f6rnamn Efternamn tel. 050 123 4567 email@email.com &nbsp;<\/p>\n","protected":false},"author":1,"featured_media":0,"parent":0,"menu_order":6,"comment_status":"closed","ping_status":"closed","template":"","meta":{"_acf_changed":false,"_et_pb_use_builder":"on","_et_pb_old_content":"","_et_gb_content_width":"","footnotes":""},"class_list":["post-1647","page","type-page","status-publish","hentry"],"acf":[],"yoast_head":"<!-- This site is optimized with the Yoast SEO plugin v27.0 - https:\/\/yoast.com\/product\/yoast-seo-wordpress\/ -->\n<title>Kontaktuppgifter - Klubitason sivustopohja<\/title>\n<meta name=\"robots\" content=\"noindex, follow, max-snippet:-1, max-image-preview:large, max-video-preview:-1\" \/>\n<meta property=\"og:locale\" content=\"fi_FI\" \/>\n<meta property=\"og:type\" content=\"article\" \/>\n<meta property=\"og:title\" content=\"Kontaktuppgifter - Klubitason sivustopohja\" \/>\n<meta property=\"og:description\" content=\"Kontaktuppgifter Kontaktuppgifter OBS! Fyll i den egna klubbens kontaktuppgifter i det h\u00e4r avsnittet. M\u00f6tesplats: Hotell Restaurang Xxx Adressgatan 11 60100 Sein\u00e4joki M\u00f6testidpunkt: M\u00e5ndagar kl. 12.00-13.00 President F\u00f6rnamn Efternamn tel. 050 123 4567 email@email.com Sekreterare F\u00f6rnamn Efternamn tel. 050 123 4567 email@email.com \u00d6vriga viktiga kontaktpersoner F\u00f6rnamn Efternamn tel. 050 123 4567 email@email.com &nbsp;\" \/>\n<meta property=\"og:url\" content=\"https:\/\/rotary.fi\/klubisivusto\/sv\/kontaktuppgifter\/\" \/>\n<meta property=\"og:site_name\" content=\"Klubitason sivustopohja\" \/>\n<meta property=\"article:modified_time\" content=\"2019-03-20T05:49:47+00:00\" \/>\n<meta name=\"twitter:card\" content=\"summary_large_image\" \/>\n<meta name=\"twitter:label1\" content=\"Arvioitu lukuaika\" \/>\n\t<meta name=\"twitter:data1\" content=\"2 minuuttia\" \/>\n<script type=\"application\/ld+json\" class=\"yoast-schema-graph\">{\"@context\":\"https:\/\/schema.org\",\"@graph\":[{\"@type\":\"WebPage\",\"@id\":\"https:\/\/rotary.fi\/klubisivusto\/sv\/kontaktuppgifter\/\",\"url\":\"https:\/\/rotary.fi\/klubisivusto\/sv\/kontaktuppgifter\/\",\"name\":\"Kontaktuppgifter - Klubitason sivustopohja\",\"isPartOf\":{\"@id\":\"https:\/\/rotary.fi\/klubisivusto\/#website\"},\"datePublished\":\"2019-03-20T05:40:06+00:00\",\"dateModified\":\"2019-03-20T05:49:47+00:00\",\"breadcrumb\":{\"@id\":\"https:\/\/rotary.fi\/klubisivusto\/sv\/kontaktuppgifter\/#breadcrumb\"},\"inLanguage\":\"fi\",\"potentialAction\":[{\"@type\":\"ReadAction\",\"target\":[\"https:\/\/rotary.fi\/klubisivusto\/sv\/kontaktuppgifter\/\"]}]},{\"@type\":\"BreadcrumbList\",\"@id\":\"https:\/\/rotary.fi\/klubisivusto\/sv\/kontaktuppgifter\/#breadcrumb\",\"itemListElement\":[{\"@type\":\"ListItem\",\"position\":1,\"name\":\"Home\",\"item\":\"https:\/\/rotary.fi\/klubisivusto\/\"},{\"@type\":\"ListItem\",\"position\":2,\"name\":\"Kontaktuppgifter\"}]},{\"@type\":\"WebSite\",\"@id\":\"https:\/\/rotary.fi\/klubisivusto\/#website\",\"url\":\"https:\/\/rotary.fi\/klubisivusto\/\",\"name\":\"Klubitason sivustopohja\",\"description\":\"Uusi Rotary klubisivusto\",\"potentialAction\":[{\"@type\":\"SearchAction\",\"target\":{\"@type\":\"EntryPoint\",\"urlTemplate\":\"https:\/\/rotary.fi\/klubisivusto\/?s={search_term_string}\"},\"query-input\":{\"@type\":\"PropertyValueSpecification\",\"valueRequired\":true,\"valueName\":\"search_term_string\"}}],\"inLanguage\":\"fi\"}]}<\/script>\n<!-- \/ Yoast SEO plugin. -->","yoast_head_json":{"title":"Kontaktuppgifter - Klubitason sivustopohja","robots":{"index":"noindex","follow":"follow","max-snippet":"max-snippet:-1","max-image-preview":"max-image-preview:large","max-video-preview":"max-video-preview:-1"},"og_locale":"fi_FI","og_type":"article","og_title":"Kontaktuppgifter - Klubitason sivustopohja","og_description":"Kontaktuppgifter Kontaktuppgifter OBS! Fyll i den egna klubbens kontaktuppgifter i det h\u00e4r avsnittet. M\u00f6tesplats: Hotell Restaurang Xxx Adressgatan 11 60100 Sein\u00e4joki M\u00f6testidpunkt: M\u00e5ndagar kl. 12.00-13.00 President F\u00f6rnamn Efternamn tel. 050 123 4567 email@email.com Sekreterare F\u00f6rnamn Efternamn tel. 050 123 4567 email@email.com \u00d6vriga viktiga kontaktpersoner F\u00f6rnamn Efternamn tel. 050 123 4567 email@email.com &nbsp;","og_url":"https:\/\/rotary.fi\/klubisivusto\/sv\/kontaktuppgifter\/","og_site_name":"Klubitason sivustopohja","article_modified_time":"2019-03-20T05:49:47+00:00","twitter_card":"summary_large_image","twitter_misc":{"Arvioitu lukuaika":"2 minuuttia"},"schema":{"@context":"https:\/\/schema.org","@graph":[{"@type":"WebPage","@id":"https:\/\/rotary.fi\/klubisivusto\/sv\/kontaktuppgifter\/","url":"https:\/\/rotary.fi\/klubisivusto\/sv\/kontaktuppgifter\/","name":"Kontaktuppgifter - Klubitason sivustopohja","isPartOf":{"@id":"https:\/\/rotary.fi\/klubisivusto\/#website"},"datePublished":"2019-03-20T05:40:06+00:00","dateModified":"2019-03-20T05:49:47+00:00","breadcrumb":{"@id":"https:\/\/rotary.fi\/klubisivusto\/sv\/kontaktuppgifter\/#breadcrumb"},"inLanguage":"fi","potentialAction":[{"@type":"ReadAction","target":["https:\/\/rotary.fi\/klubisivusto\/sv\/kontaktuppgifter\/"]}]},{"@type":"BreadcrumbList","@id":"https:\/\/rotary.fi\/klubisivusto\/sv\/kontaktuppgifter\/#breadcrumb","itemListElement":[{"@type":"ListItem","position":1,"name":"Home","item":"https:\/\/rotary.fi\/klubisivusto\/"},{"@type":"ListItem","position":2,"name":"Kontaktuppgifter"}]},{"@type":"WebSite","@id":"https:\/\/rotary.fi\/klubisivusto\/#website","url":"https:\/\/rotary.fi\/klubisivusto\/","name":"Klubitason sivustopohja","description":"Uusi Rotary klubisivusto","potentialAction":[{"@type":"SearchAction","target":{"@type":"EntryPoint","urlTemplate":"https:\/\/rotary.fi\/klubisivusto\/?s={search_term_string}"},"query-input":{"@type":"PropertyValueSpecification","valueRequired":true,"valueName":"search_term_string"}}],"inLanguage":"fi"}]}},"lang":"sv","translations":{"sv":1647,"en":1481,"fi":98,"et":1864},"pll_sync_post":[],"_links":{"self":[{"href":"https:\/\/rotary.fi\/klubisivusto\/wp-json\/wp\/v2\/pages\/1647","targetHints":{"allow":["GET"]}}],"collection":[{"href":"https:\/\/rotary.fi\/klubisivusto\/wp-json\/wp\/v2\/pages"}],"about":[{"href":"https:\/\/rotary.fi\/klubisivusto\/wp-json\/wp\/v2\/types\/page"}],"author":[{"embeddable":true,"href":"https:\/\/rotary.fi\/klubisivusto\/wp-json\/wp\/v2\/users\/1"}],"replies":[{"embeddable":true,"href":"https:\/\/rotary.fi\/klubisivusto\/wp-json\/wp\/v2\/comments?post=1647"}],"version-history":[{"count":1,"href":"https:\/\/rotary.fi\/klubisivusto\/wp-json\/wp\/v2\/pages\/1647\/revisions"}],"predecessor-version":[{"id":1648,"href":"https:\/\/rotary.fi\/klubisivusto\/wp-json\/wp\/v2\/pages\/1647\/revisions\/1648"}],"wp:attachment":[{"href":"https:\/\/rotary.fi\/klubisivusto\/wp-json\/wp\/v2\/media?parent=1647"}],"curies":[{"name":"wp","href":"https:\/\/api.w.org\/{rel}","templated":true}]}}