{"id":1590,"date":"2019-03-19T15:09:44","date_gmt":"2019-03-19T13:09:44","guid":{"rendered":"https:\/\/rotary.fi\/klubisivusto\/?page_id=1590"},"modified":"2019-03-19T15:29:45","modified_gmt":"2019-03-19T13:29:45","slug":"ungdomsutbytet","status":"publish","type":"page","link":"https:\/\/rotary.fi\/klubisivusto\/sv\/vad-gor-vi\/ungdomsutbytet\/","title":{"rendered":"Ungdomsutbytet"},"content":{"rendered":"<p>[et_pb_section bb_built=&#8221;1&#8243; module_class=&#8221;jumbotron-page&#8221; _builder_version=&#8221;3.17.2&#8243; background_image=&#8221;https:\/\/rotary.fi\/klubisivusto\/wp-content\/uploads\/sites\/6\/2018\/10\/rotary_klubit_alasivu_paakuva_9.jpg&#8221; next_background_color=&#8221;#ffffff&#8221;][et_pb_row _builder_version=&#8221;3.0.48&#8243; background_size=&#8221;initial&#8221; background_position=&#8221;top_left&#8221; background_repeat=&#8221;repeat&#8221;][et_pb_column type=&#8221;4_4&#8243;][et_pb_text admin_label=&#8221;Main \/\/ Ungdomsutbytet&#8221; _builder_version=&#8221;3.21&#8243; text_orientation=&#8221;center&#8221; background_layout=&#8221;dark&#8221;]<\/p>\n<h1>Ungdomsutbytet<\/h1>\n<p>[\/et_pb_text][\/et_pb_column][\/et_pb_row][\/et_pb_section][et_pb_section bb_built=&#8221;1&#8243; specialty=&#8221;on&#8221; module_class_2=&#8221;sivupalkki&#8221; _builder_version=&#8221;3.4.1&#8243; prev_background_color=&#8221;#000000&#8243;][et_pb_column type=&#8221;2_3&#8243; specialty_columns=&#8221;2&#8243;][et_pb_row_inner admin_label=&#8221;Rivi&#8221; _builder_version=&#8221;3.0.47&#8243;][et_pb_column_inner type=&#8221;4_4&#8243; saved_specialty_column_type=&#8221;2_3&#8243;][et_pb_text admin_label=&#8221;Ungdomsutbytet &#8211; rubrik&#8221; _builder_version=&#8221;3.21&#8243; text_orientation=&#8221;center&#8221;]<\/p>\n<h1>Ungdomsutbytet<\/h1>\n<p>[\/et_pb_text][et_pb_text admin_label=&#8221;Text: Ungdomsutbytet&#8221; _builder_version=&#8221;3.21&#8243;]<\/p>\n<p><span style=\"color: #8300e9;\"><strong>OBS. Komplettera slutdelen av sidan att motsvara situationen i din klubb.<\/strong><\/span><\/p>\n<p class=\"p1\"><span class=\"s1\">Rotarys ungdomsutbyte \u00e4r ett tryggt och oftast r\u00e4tt f\u00f6rm\u00e5nligt s\u00e4tt att ge sig som utbytesstuderande utomlands. Rotarys ungdomsutbyte \u00e4r certifierat och \u00f6vervakat. Rotarianernas anvisningar och regler \u00e4r bindande f\u00f6r de unga, detta utg\u00f6r en del av tryggheten. Den unga och hans familj f\u00e5r skolning i utbytes\u00e5rets utmaningar innan man far ut.<\/span><\/p>\n<p class=\"p1\"><span class=\"s1\">Den mottagande familjen tar emot den unga som familjemedlem. Den mottagande rotaryklubben st\u00e5r bl.a. f\u00f6r utbytesstuderandens skolkostnader. Den unga f\u00e5r \u00e4ven en liten m\u00e5nadspeng av sin rotaryklubb. Familjen f\u00e5r ingen monet\u00e4r ers\u00e4ttning f\u00f6r den ungas uppeh\u00e4lle.<\/span><\/p>\n<p class=\"p1\"><span class=\"s1\">V\u00e4rdfamiljer beh\u00f6vs f\u00f6r de utbytesstuderande som kommer till Finland. Studeranden nor under utbytes\u00e5ret i regel i tre familjer, cirka fyra m\u00e5nader i var. Om du vill erbjuda ett tryggt hem f\u00f6r en ung utl\u00e4ndsk studerande, ta kontakt med kontaktpersonen f\u00f6r ungdomsutbytet i v\u00e5r klubb.<\/span><\/p>\n<p class=\"p1\"><span class=\"s1\">N\u00e4r rotaryklubben tar emot en utl\u00e4ndsk utbytesstuderande, medf\u00f6r detta, att en av v\u00e5ra unga i geng\u00e4ld ges m\u00f6jlighet att komma utomlands. Skolg\u00e5ngen utomlands \u00e4r n\u00e4rmelsevis inte alltid kostnadsfritt, men den mottagande rotaryklubben st\u00e5r \u00e4ven f\u00f6r dessa kostnader.  Den unga f\u00e5r ocks\u00e5 samma f\u00f6rm\u00e5ner och uppeh\u00e4lle, som den som kommer till oss.<\/span><\/p>\n<p>[\/et_pb_text][\/et_pb_column_inner][\/et_pb_row_inner][et_pb_row_inner admin_label=&#8221;Rivi&#8221; _builder_version=&#8221;3.0.47&#8243;][et_pb_column_inner type=&#8221;4_4&#8243; saved_specialty_column_type=&#8221;2_3&#8243;][et_pb_text admin_label=&#8221;Blev du intresserad av ungdomsutbytet? &#8211; rubrik&#8221; _builder_version=&#8221;3.21&#8243; text_orientation=&#8221;center&#8221;]<\/p>\n<h4>Blev du intresserad av ungdomsutbytet?<\/h4>\n<p>[\/et_pb_text][et_pb_text admin_label=&#8221;Text: Blev du intresserad av ungdomsutbytet?&#8221; _builder_version=&#8221;3.21&#8243;]<\/p>\n<p class=\"p1\"><span class=\"s1\">Genom Rotary kan du komma till \u00e5rsutbyte, sommarutbyte eller l\u00e4gerutbyrte. Du kan l\u00e4sa mera om dessa alternativ p\u00e5 <a href=\"https:\/\/rotary.fi\/sv\/vad-gor-vi\/ungdomsservice\/ungdomsutbyte\/\" rel=\"noopener noreferrer\" target=\"_blank\">Finlands Rotarys ungdomsutbytessidor<\/a>. Ans\u00f6kningstiden f\u00f6r ans\u00f6kningar under n\u00e4sta l\u00e4s\u00e5r \u00e4r under f\u00f6reg\u00e5ende h\u00f6sten. Om du blev intresserad, ta kontakt med kontaktpersonen f\u00f6r ungdomsutbytet i v\u00e5r klubb och h\u00f6r dig f\u00f6r, om vi skall skicka ut en utbytesstuderande n\u00e4sta \u00e5r.<\/span><\/p>\n<p class=\"p2\"><strong><span class=\"s4\">Var ibnte blyg, fr\u00e5ga mera om Rotarys ungdomsutbyte!<br \/><\/span><\/strong><span class=\"s1\">Kontaktpersonen f\u00f6r ungdomsutbyte i v\u00e5r klubb:<br \/><\/span><\/p>\n<p class=\"p2\"><span class=\"s1\">L\u00e4s mera om ungdomsutbytesverksamheten i v\u00e5r klubb:<\/span><\/p>\n<p>[\/et_pb_text][\/et_pb_column_inner][\/et_pb_row_inner][\/et_pb_column][et_pb_column type=&#8221;1_3&#8243;][et_pb_sidebar admin_label=&#8221;Sidebar&#8221; area=&#8221;sidebar-1&#8243; module_class=&#8221;sivupalkki_sisalto&#8221; _builder_version=&#8221;3.21&#8243; locked=&#8221;on&#8221; \/][\/et_pb_column][\/et_pb_section]<\/p>\n","protected":false},"excerpt":{"rendered":"<p>Ungdomsutbytet Ungdomsutbytet OBS. Komplettera slutdelen av sidan att motsvara situationen i din klubb. Rotarys ungdomsutbyte \u00e4r ett tryggt och oftast r\u00e4tt f\u00f6rm\u00e5nligt s\u00e4tt att ge sig som utbytesstuderande utomlands. Rotarys ungdomsutbyte \u00e4r certifierat och \u00f6vervakat. Rotarianernas anvisningar och regler \u00e4r bindande f\u00f6r de unga, detta utg\u00f6r en del av tryggheten. Den unga och hans familj [&hellip;]<\/p>\n","protected":false},"author":1,"featured_media":0,"parent":1602,"menu_order":1,"comment_status":"closed","ping_status":"closed","template":"","meta":{"_acf_changed":false,"_et_pb_use_builder":"on","_et_pb_old_content":"","_et_gb_content_width":"","footnotes":""},"class_list":["post-1590","page","type-page","status-publish","hentry"],"acf":[],"yoast_head":"<!-- This site is optimized with the Yoast SEO plugin v27.0 - https:\/\/yoast.com\/product\/yoast-seo-wordpress\/ -->\n<title>Ungdomsutbytet - Klubitason sivustopohja<\/title>\n<meta name=\"robots\" content=\"noindex, follow, max-snippet:-1, max-image-preview:large, max-video-preview:-1\" \/>\n<meta property=\"og:locale\" content=\"fi_FI\" \/>\n<meta property=\"og:type\" content=\"article\" \/>\n<meta property=\"og:title\" content=\"Ungdomsutbytet - Klubitason sivustopohja\" \/>\n<meta property=\"og:description\" content=\"Ungdomsutbytet Ungdomsutbytet OBS. Komplettera slutdelen av sidan att motsvara situationen i din klubb. Rotarys ungdomsutbyte \u00e4r ett tryggt och oftast r\u00e4tt f\u00f6rm\u00e5nligt s\u00e4tt att ge sig som utbytesstuderande utomlands. Rotarys ungdomsutbyte \u00e4r certifierat och \u00f6vervakat. Rotarianernas anvisningar och regler \u00e4r bindande f\u00f6r de unga, detta utg\u00f6r en del av tryggheten. Den unga och hans familj [&hellip;]\" \/>\n<meta property=\"og:url\" content=\"https:\/\/rotary.fi\/klubisivusto\/sv\/vad-gor-vi\/ungdomsutbytet\/\" \/>\n<meta property=\"og:site_name\" content=\"Klubitason sivustopohja\" \/>\n<meta property=\"article:modified_time\" content=\"2019-03-19T13:29:45+00:00\" \/>\n<meta name=\"twitter:card\" content=\"summary_large_image\" \/>\n<meta name=\"twitter:label1\" content=\"Arvioitu lukuaika\" \/>\n\t<meta name=\"twitter:data1\" content=\"3 minuuttia\" \/>\n<script type=\"application\/ld+json\" class=\"yoast-schema-graph\">{\"@context\":\"https:\/\/schema.org\",\"@graph\":[{\"@type\":\"WebPage\",\"@id\":\"https:\/\/rotary.fi\/klubisivusto\/sv\/vad-gor-vi\/ungdomsutbytet\/\",\"url\":\"https:\/\/rotary.fi\/klubisivusto\/sv\/vad-gor-vi\/ungdomsutbytet\/\",\"name\":\"Ungdomsutbytet - Klubitason sivustopohja\",\"isPartOf\":{\"@id\":\"https:\/\/rotary.fi\/klubisivusto\/#website\"},\"datePublished\":\"2019-03-19T13:09:44+00:00\",\"dateModified\":\"2019-03-19T13:29:45+00:00\",\"breadcrumb\":{\"@id\":\"https:\/\/rotary.fi\/klubisivusto\/sv\/vad-gor-vi\/ungdomsutbytet\/#breadcrumb\"},\"inLanguage\":\"fi\",\"potentialAction\":[{\"@type\":\"ReadAction\",\"target\":[\"https:\/\/rotary.fi\/klubisivusto\/sv\/vad-gor-vi\/ungdomsutbytet\/\"]}]},{\"@type\":\"BreadcrumbList\",\"@id\":\"https:\/\/rotary.fi\/klubisivusto\/sv\/vad-gor-vi\/ungdomsutbytet\/#breadcrumb\",\"itemListElement\":[{\"@type\":\"ListItem\",\"position\":1,\"name\":\"Home\",\"item\":\"https:\/\/rotary.fi\/klubisivusto\/\"},{\"@type\":\"ListItem\",\"position\":2,\"name\":\"Vad g\u00f6r vi\",\"item\":\"https:\/\/rotary.fi\/klubisivusto\/sv\/vad-gor-vi\/\"},{\"@type\":\"ListItem\",\"position\":3,\"name\":\"Ungdomsutbytet\"}]},{\"@type\":\"WebSite\",\"@id\":\"https:\/\/rotary.fi\/klubisivusto\/#website\",\"url\":\"https:\/\/rotary.fi\/klubisivusto\/\",\"name\":\"Klubitason sivustopohja\",\"description\":\"Uusi Rotary klubisivusto\",\"potentialAction\":[{\"@type\":\"SearchAction\",\"target\":{\"@type\":\"EntryPoint\",\"urlTemplate\":\"https:\/\/rotary.fi\/klubisivusto\/?s={search_term_string}\"},\"query-input\":{\"@type\":\"PropertyValueSpecification\",\"valueRequired\":true,\"valueName\":\"search_term_string\"}}],\"inLanguage\":\"fi\"}]}<\/script>\n<!-- \/ Yoast SEO plugin. -->","yoast_head_json":{"title":"Ungdomsutbytet - Klubitason sivustopohja","robots":{"index":"noindex","follow":"follow","max-snippet":"max-snippet:-1","max-image-preview":"max-image-preview:large","max-video-preview":"max-video-preview:-1"},"og_locale":"fi_FI","og_type":"article","og_title":"Ungdomsutbytet - Klubitason sivustopohja","og_description":"Ungdomsutbytet Ungdomsutbytet OBS. Komplettera slutdelen av sidan att motsvara situationen i din klubb. Rotarys ungdomsutbyte \u00e4r ett tryggt och oftast r\u00e4tt f\u00f6rm\u00e5nligt s\u00e4tt att ge sig som utbytesstuderande utomlands. Rotarys ungdomsutbyte \u00e4r certifierat och \u00f6vervakat. Rotarianernas anvisningar och regler \u00e4r bindande f\u00f6r de unga, detta utg\u00f6r en del av tryggheten. Den unga och hans familj [&hellip;]","og_url":"https:\/\/rotary.fi\/klubisivusto\/sv\/vad-gor-vi\/ungdomsutbytet\/","og_site_name":"Klubitason sivustopohja","article_modified_time":"2019-03-19T13:29:45+00:00","twitter_card":"summary_large_image","twitter_misc":{"Arvioitu lukuaika":"3 minuuttia"},"schema":{"@context":"https:\/\/schema.org","@graph":[{"@type":"WebPage","@id":"https:\/\/rotary.fi\/klubisivusto\/sv\/vad-gor-vi\/ungdomsutbytet\/","url":"https:\/\/rotary.fi\/klubisivusto\/sv\/vad-gor-vi\/ungdomsutbytet\/","name":"Ungdomsutbytet - Klubitason sivustopohja","isPartOf":{"@id":"https:\/\/rotary.fi\/klubisivusto\/#website"},"datePublished":"2019-03-19T13:09:44+00:00","dateModified":"2019-03-19T13:29:45+00:00","breadcrumb":{"@id":"https:\/\/rotary.fi\/klubisivusto\/sv\/vad-gor-vi\/ungdomsutbytet\/#breadcrumb"},"inLanguage":"fi","potentialAction":[{"@type":"ReadAction","target":["https:\/\/rotary.fi\/klubisivusto\/sv\/vad-gor-vi\/ungdomsutbytet\/"]}]},{"@type":"BreadcrumbList","@id":"https:\/\/rotary.fi\/klubisivusto\/sv\/vad-gor-vi\/ungdomsutbytet\/#breadcrumb","itemListElement":[{"@type":"ListItem","position":1,"name":"Home","item":"https:\/\/rotary.fi\/klubisivusto\/"},{"@type":"ListItem","position":2,"name":"Vad g\u00f6r vi","item":"https:\/\/rotary.fi\/klubisivusto\/sv\/vad-gor-vi\/"},{"@type":"ListItem","position":3,"name":"Ungdomsutbytet"}]},{"@type":"WebSite","@id":"https:\/\/rotary.fi\/klubisivusto\/#website","url":"https:\/\/rotary.fi\/klubisivusto\/","name":"Klubitason sivustopohja","description":"Uusi Rotary klubisivusto","potentialAction":[{"@type":"SearchAction","target":{"@type":"EntryPoint","urlTemplate":"https:\/\/rotary.fi\/klubisivusto\/?s={search_term_string}"},"query-input":{"@type":"PropertyValueSpecification","valueRequired":true,"valueName":"search_term_string"}}],"inLanguage":"fi"}]}},"lang":"sv","translations":{"sv":1590,"en":1449,"fi":154,"et":1837},"pll_sync_post":[],"_links":{"self":[{"href":"https:\/\/rotary.fi\/klubisivusto\/wp-json\/wp\/v2\/pages\/1590","targetHints":{"allow":["GET"]}}],"collection":[{"href":"https:\/\/rotary.fi\/klubisivusto\/wp-json\/wp\/v2\/pages"}],"about":[{"href":"https:\/\/rotary.fi\/klubisivusto\/wp-json\/wp\/v2\/types\/page"}],"author":[{"embeddable":true,"href":"https:\/\/rotary.fi\/klubisivusto\/wp-json\/wp\/v2\/users\/1"}],"replies":[{"embeddable":true,"href":"https:\/\/rotary.fi\/klubisivusto\/wp-json\/wp\/v2\/comments?post=1590"}],"version-history":[{"count":3,"href":"https:\/\/rotary.fi\/klubisivusto\/wp-json\/wp\/v2\/pages\/1590\/revisions"}],"predecessor-version":[{"id":1593,"href":"https:\/\/rotary.fi\/klubisivusto\/wp-json\/wp\/v2\/pages\/1590\/revisions\/1593"}],"up":[{"embeddable":true,"href":"https:\/\/rotary.fi\/klubisivusto\/wp-json\/wp\/v2\/pages\/1602"}],"wp:attachment":[{"href":"https:\/\/rotary.fi\/klubisivusto\/wp-json\/wp\/v2\/media?parent=1590"}],"curies":[{"name":"wp","href":"https:\/\/api.w.org\/{rel}","templated":true}]}}