{"id":1584,"date":"2019-03-19T14:56:44","date_gmt":"2019-03-19T12:56:44","guid":{"rendered":"https:\/\/rotary.fi\/klubisivusto\/?page_id=1584"},"modified":"2019-03-19T14:56:44","modified_gmt":"2019-03-19T12:56:44","slug":"vi-har-nojet-att-presentera","status":"publish","type":"page","link":"https:\/\/rotary.fi\/klubisivusto\/sv\/vem-ar-vi\/vi-har-nojet-att-presentera\/","title":{"rendered":"Vi har n\u00f6jet att presentera"},"content":{"rendered":"<p>[et_pb_section bb_built=&#8221;1&#8243; module_class=&#8221;jumbotron-page&#8221; _builder_version=&#8221;3.17.2&#8243; background_image=&#8221;https:\/\/rotary.fi\/klubisivusto\/wp-content\/uploads\/sites\/6\/2018\/10\/rotary_klubit_alasivu_paakuva_14.jpg&#8221; next_background_color=&#8221;#ffffff&#8221;][et_pb_row _builder_version=&#8221;3.0.48&#8243; background_size=&#8221;initial&#8221; background_position=&#8221;top_left&#8221; background_repeat=&#8221;repeat&#8221;][et_pb_column type=&#8221;4_4&#8243;][et_pb_text admin_label=&#8221;Main \/\/ Vi har n\u00f6jet att presentera&#8221; _builder_version=&#8221;3.21&#8243; text_orientation=&#8221;center&#8221; background_layout=&#8221;dark&#8221;]<\/p>\n<h1>Vi har n\u00f6jet att presentera<\/h1>\n<p>[\/et_pb_text][\/et_pb_column][\/et_pb_row][\/et_pb_section][et_pb_section bb_built=&#8221;1&#8243; specialty=&#8221;on&#8221; module_class_2=&#8221;sivupalkki&#8221; _builder_version=&#8221;3.4.1&#8243; prev_background_color=&#8221;#000000&#8243;][et_pb_column type=&#8221;2_3&#8243; specialty_columns=&#8221;2&#8243;][et_pb_row_inner admin_label=&#8221;Rivi&#8221; _builder_version=&#8221;3.0.47&#8243;][et_pb_column_inner type=&#8221;4_4&#8243; saved_specialty_column_type=&#8221;2_3&#8243;][et_pb_text admin_label=&#8221;Vi har n\u00f6jet att presentera &#8211; rubrik&#8221; _builder_version=&#8221;3.21&#8243; text_orientation=&#8221;center&#8221;]<\/p>\n<h1>Vi har n\u00f6jet att presentera<\/h1>\n<p>[\/et_pb_text][et_pb_text admin_label=&#8221;Text: Vi har n\u00f6jet att presentera&#8221; _builder_version=&#8221;3.21&#8243;]<\/p>\n<p><span style=\"color: #8300e9\"><strong>OBS. P\u00e5 denna sida kan klubben f\u00f6ra fram korta presentationer av medlemmar, projekt eller samarbets-partners. Om vederb\u00f6rande ger tillst\u00e5nd kan dessa presentationer \u00e4ven delas ut i social media, till exempel p\u00e5 klubbens fb-sida. Det l\u00f6nar sig att anv\u00e4nda bilder.<\/strong><\/span><\/p>\n<p><span style=\"color: #8300e9\"><strong>L\u00e4mpliga rubriker<\/strong><\/span><\/p>\n<ul>\n<li><span style=\"color: #8300e9\"><strong>Varf\u00f6r tillh\u00f6r jag Rotary<\/strong><\/span><\/li>\n<li><span style=\"color: #8300e9\"><strong>Allt var annorlunda i Australien. Utbyteseleven Teemu kom hem som en ny karl<\/strong><\/span><\/li>\n<li><span style=\"color: #8300e9\"><strong>Taru h\u00e5ller klubbens finanser i styr<\/strong><\/span><\/li>\n<li><span style=\"color: #8300e9\"><strong>En liten text skriven kring ett nyhetstema. Teater Totti \u00e4r ett exempel fr\u00e5n ett par \u00e5r tillbaka: n\u00e5got omformulerat skulle den \u00e4ven passa in under rubriken Vad g\u00f6r vi\/Klubbprojekt, men nu vill vi mera betona handlingar som befr\u00e4mjar hindersl\u00f6shet.<\/strong><\/span><\/li>\n<\/ul>\n<p><span style=\"color: #8300e9\"><strong>Modelltext:<\/strong><\/span><\/p>\n<h1>Teater Totti upptr\u00e4der p\u00e5 teckenspr\u00e5k<\/h1>\n<h4><\/h4>\n<h4>Mordmysteriet tolkades p\u00e5 talspr\u00e5k<\/h4>\n<p>Teater Totti framf\u00f6rde i Sein\u00e4joki 7.9. p\u00e5 teckenspr\u00e5k mordmysteriet Fru Rozens hemlighet. Stycket bj\u00f6d p\u00e5 en intressant upplevelse f\u00f6r b\u00e5de h\u00f6rselskadade och h\u00f6rande, f\u00f6r teaterupptr\u00e4dandet p\u00e5 teckenspr\u00e5k \u00e4ven tolkades p\u00e5 talspr\u00e5k. F\u00f6rest\u00e4llningen drog fullt hus till m\u00e5ngaktivitetssalen vid Eskoo.<\/p>\n<p>Teater Tottis f\u00f6rest\u00e4llningar \u00e4r huvudsakligen hindersl\u00f6sa. I detta fall tolkades f\u00f6rest\u00e4llningen p\u00e5 talspr\u00e5k. P\u00e5 scenen anv\u00e4nde sk\u00e5despelarna teckenspr\u00e5k, men allt sades \u00e4ven h\u00f6gt. F\u00f6rest\u00e4llningen var \u00f6ppen f\u00f6r alla oberoende av funktionshinder eller dess avsaknad, \u00e5lder eller k\u00f6n.<\/p>\n<h4><\/h4>\n<h4>\u00d6sterbottniskt p\u00e5 scenen<\/h4>\n<p>Liisa Kauppinen fr\u00e5n Nurmo \u00e4r en av sk\u00e5despelarva vid Teater Totti. Liisa Kauppinen bel\u00f6nades som f\u00f6rsta finl\u00e4ndare med FN:s m\u00e4nniskor\u00e4ttighetspriset \u00e5r 2013.<\/p>\n<p>M\u00e4nniskor som talar teckenspr\u00e5k ser och upplever v\u00e4rlden genom ett minoriotetsspr\u00e5k, inte som handikappade. De j\u00e4mst\u00e4ller sig hellre med findlandssvenskar \u00e4n med n\u00e5gon handikappgrupp.<\/p>\n<p>Teater Totti kom till Sein\u00e4joki p\u00e5 initiativ av Lakeuden Rotaryklubi. Distriktsfunktion\u00e4ren <strong>Sirpa Kallio<\/strong> vid Kuurojen Liitto ry var mycket n\u00f6jd att se att en hindersl\u00f6\u00e4s f\u00f6rest\u00e4llning ordnades.<\/p>\n<p>&#8211; Detta var en fin g\u00e4rning. M\u00e4nniskor som talar teckenspr\u00e5k kan bara mycket s\u00e4llan njuta av en kulturproduktion p\u00e5 sitt spr\u00e5k p\u00e5 dessa vidder, s\u00e4ger Kallio.<\/p>\n<p>F\u00f6r att finansiera teaterf\u00f6rest\u00e4llningen ordnade klubben p\u00e5 v\u00e5ren en v\u00e4lg\u00f6renhetskonsert. F\u00f6rutom Lakeuden Rotaryklubi deltog Sein\u00e4joki f\u00f6rsamling, Kuurojen Liitto, Ilmajoki Festspel, Ilmajoen Rotaryklubi och St\u00f6d- och kunskapscentret vid Eskoo i arrangemangen. Insamlingsresultatet donerades via diakoniarbetet vid Sein\u00e4joki f\u00f6rsamling till teaterproduktionen.  Teaterf\u00f6rest\u00e4llningen p\u00e5 h\u00f6sten underst\u00f6ddes \u00e4ven av Kulturn\u00e4mnden i Sein\u00e4joki, N\u00e4rTapiola, Kalevalaisten Naisten Liitto och S-Market Lehtinen.<\/p>\n<p>[\/et_pb_text][\/et_pb_column_inner][\/et_pb_row_inner][\/et_pb_column][et_pb_column type=&#8221;1_3&#8243;][et_pb_sidebar admin_label=&#8221;Sidebar&#8221; area=&#8221;sidebar-1&#8243; module_class=&#8221;sivupalkki_sisalto&#8221; _builder_version=&#8221;3.21&#8243; locked=&#8221;on&#8221; \/][\/et_pb_column][\/et_pb_section]<\/p>\n","protected":false},"excerpt":{"rendered":"<p>Vi har n\u00f6jet att presentera Vi har n\u00f6jet att presentera OBS. P\u00e5 denna sida kan klubben f\u00f6ra fram korta presentationer av medlemmar, projekt eller samarbets-partners. Om vederb\u00f6rande ger tillst\u00e5nd kan dessa presentationer \u00e4ven delas ut i social media, till exempel p\u00e5 klubbens fb-sida. Det l\u00f6nar sig att anv\u00e4nda bilder. L\u00e4mpliga rubriker Varf\u00f6r tillh\u00f6r jag Rotary [&hellip;]<\/p>\n","protected":false},"author":1,"featured_media":0,"parent":1565,"menu_order":5,"comment_status":"closed","ping_status":"closed","template":"","meta":{"_acf_changed":false,"_et_pb_use_builder":"on","_et_pb_old_content":"","_et_gb_content_width":"","footnotes":""},"class_list":["post-1584","page","type-page","status-publish","hentry"],"acf":[],"yoast_head":"<!-- This site is optimized with the Yoast SEO plugin v27.0 - https:\/\/yoast.com\/product\/yoast-seo-wordpress\/ -->\n<title>Vi har n\u00f6jet att presentera - Klubitason sivustopohja<\/title>\n<meta name=\"robots\" content=\"noindex, follow, max-snippet:-1, max-image-preview:large, max-video-preview:-1\" \/>\n<meta property=\"og:locale\" content=\"fi_FI\" \/>\n<meta property=\"og:type\" content=\"article\" \/>\n<meta property=\"og:title\" content=\"Vi har n\u00f6jet att presentera - Klubitason sivustopohja\" \/>\n<meta property=\"og:description\" content=\"Vi har n\u00f6jet att presentera Vi har n\u00f6jet att presentera OBS. P\u00e5 denna sida kan klubben f\u00f6ra fram korta presentationer av medlemmar, projekt eller samarbets-partners. Om vederb\u00f6rande ger tillst\u00e5nd kan dessa presentationer \u00e4ven delas ut i social media, till exempel p\u00e5 klubbens fb-sida. Det l\u00f6nar sig att anv\u00e4nda bilder. L\u00e4mpliga rubriker Varf\u00f6r tillh\u00f6r jag Rotary [&hellip;]\" \/>\n<meta property=\"og:url\" content=\"https:\/\/rotary.fi\/klubisivusto\/sv\/vem-ar-vi\/vi-har-nojet-att-presentera\/\" \/>\n<meta property=\"og:site_name\" content=\"Klubitason sivustopohja\" \/>\n<meta name=\"twitter:card\" content=\"summary_large_image\" \/>\n<meta name=\"twitter:label1\" content=\"Arvioitu lukuaika\" \/>\n\t<meta name=\"twitter:data1\" content=\"3 minuuttia\" \/>\n<script type=\"application\/ld+json\" class=\"yoast-schema-graph\">{\"@context\":\"https:\/\/schema.org\",\"@graph\":[{\"@type\":\"WebPage\",\"@id\":\"https:\/\/rotary.fi\/klubisivusto\/sv\/vem-ar-vi\/vi-har-nojet-att-presentera\/\",\"url\":\"https:\/\/rotary.fi\/klubisivusto\/sv\/vem-ar-vi\/vi-har-nojet-att-presentera\/\",\"name\":\"Vi har n\u00f6jet att presentera - Klubitason sivustopohja\",\"isPartOf\":{\"@id\":\"https:\/\/rotary.fi\/klubisivusto\/#website\"},\"datePublished\":\"2019-03-19T12:56:44+00:00\",\"breadcrumb\":{\"@id\":\"https:\/\/rotary.fi\/klubisivusto\/sv\/vem-ar-vi\/vi-har-nojet-att-presentera\/#breadcrumb\"},\"inLanguage\":\"fi\",\"potentialAction\":[{\"@type\":\"ReadAction\",\"target\":[\"https:\/\/rotary.fi\/klubisivusto\/sv\/vem-ar-vi\/vi-har-nojet-att-presentera\/\"]}]},{\"@type\":\"BreadcrumbList\",\"@id\":\"https:\/\/rotary.fi\/klubisivusto\/sv\/vem-ar-vi\/vi-har-nojet-att-presentera\/#breadcrumb\",\"itemListElement\":[{\"@type\":\"ListItem\",\"position\":1,\"name\":\"Home\",\"item\":\"https:\/\/rotary.fi\/klubisivusto\/\"},{\"@type\":\"ListItem\",\"position\":2,\"name\":\"Vem \u00e4r vi\",\"item\":\"https:\/\/rotary.fi\/klubisivusto\/sv\/vem-ar-vi\/\"},{\"@type\":\"ListItem\",\"position\":3,\"name\":\"Vi har n\u00f6jet att presentera\"}]},{\"@type\":\"WebSite\",\"@id\":\"https:\/\/rotary.fi\/klubisivusto\/#website\",\"url\":\"https:\/\/rotary.fi\/klubisivusto\/\",\"name\":\"Klubitason sivustopohja\",\"description\":\"Uusi Rotary klubisivusto\",\"potentialAction\":[{\"@type\":\"SearchAction\",\"target\":{\"@type\":\"EntryPoint\",\"urlTemplate\":\"https:\/\/rotary.fi\/klubisivusto\/?s={search_term_string}\"},\"query-input\":{\"@type\":\"PropertyValueSpecification\",\"valueRequired\":true,\"valueName\":\"search_term_string\"}}],\"inLanguage\":\"fi\"}]}<\/script>\n<!-- \/ Yoast SEO plugin. -->","yoast_head_json":{"title":"Vi har n\u00f6jet att presentera - Klubitason sivustopohja","robots":{"index":"noindex","follow":"follow","max-snippet":"max-snippet:-1","max-image-preview":"max-image-preview:large","max-video-preview":"max-video-preview:-1"},"og_locale":"fi_FI","og_type":"article","og_title":"Vi har n\u00f6jet att presentera - Klubitason sivustopohja","og_description":"Vi har n\u00f6jet att presentera Vi har n\u00f6jet att presentera OBS. P\u00e5 denna sida kan klubben f\u00f6ra fram korta presentationer av medlemmar, projekt eller samarbets-partners. Om vederb\u00f6rande ger tillst\u00e5nd kan dessa presentationer \u00e4ven delas ut i social media, till exempel p\u00e5 klubbens fb-sida. Det l\u00f6nar sig att anv\u00e4nda bilder. L\u00e4mpliga rubriker Varf\u00f6r tillh\u00f6r jag Rotary [&hellip;]","og_url":"https:\/\/rotary.fi\/klubisivusto\/sv\/vem-ar-vi\/vi-har-nojet-att-presentera\/","og_site_name":"Klubitason sivustopohja","twitter_card":"summary_large_image","twitter_misc":{"Arvioitu lukuaika":"3 minuuttia"},"schema":{"@context":"https:\/\/schema.org","@graph":[{"@type":"WebPage","@id":"https:\/\/rotary.fi\/klubisivusto\/sv\/vem-ar-vi\/vi-har-nojet-att-presentera\/","url":"https:\/\/rotary.fi\/klubisivusto\/sv\/vem-ar-vi\/vi-har-nojet-att-presentera\/","name":"Vi har n\u00f6jet att presentera - Klubitason sivustopohja","isPartOf":{"@id":"https:\/\/rotary.fi\/klubisivusto\/#website"},"datePublished":"2019-03-19T12:56:44+00:00","breadcrumb":{"@id":"https:\/\/rotary.fi\/klubisivusto\/sv\/vem-ar-vi\/vi-har-nojet-att-presentera\/#breadcrumb"},"inLanguage":"fi","potentialAction":[{"@type":"ReadAction","target":["https:\/\/rotary.fi\/klubisivusto\/sv\/vem-ar-vi\/vi-har-nojet-att-presentera\/"]}]},{"@type":"BreadcrumbList","@id":"https:\/\/rotary.fi\/klubisivusto\/sv\/vem-ar-vi\/vi-har-nojet-att-presentera\/#breadcrumb","itemListElement":[{"@type":"ListItem","position":1,"name":"Home","item":"https:\/\/rotary.fi\/klubisivusto\/"},{"@type":"ListItem","position":2,"name":"Vem \u00e4r vi","item":"https:\/\/rotary.fi\/klubisivusto\/sv\/vem-ar-vi\/"},{"@type":"ListItem","position":3,"name":"Vi har n\u00f6jet att presentera"}]},{"@type":"WebSite","@id":"https:\/\/rotary.fi\/klubisivusto\/#website","url":"https:\/\/rotary.fi\/klubisivusto\/","name":"Klubitason sivustopohja","description":"Uusi Rotary klubisivusto","potentialAction":[{"@type":"SearchAction","target":{"@type":"EntryPoint","urlTemplate":"https:\/\/rotary.fi\/klubisivusto\/?s={search_term_string}"},"query-input":{"@type":"PropertyValueSpecification","valueRequired":true,"valueName":"search_term_string"}}],"inLanguage":"fi"}]}},"lang":"sv","translations":{"sv":1584,"en":1438,"fi":142,"et":1833},"pll_sync_post":[],"_links":{"self":[{"href":"https:\/\/rotary.fi\/klubisivusto\/wp-json\/wp\/v2\/pages\/1584","targetHints":{"allow":["GET"]}}],"collection":[{"href":"https:\/\/rotary.fi\/klubisivusto\/wp-json\/wp\/v2\/pages"}],"about":[{"href":"https:\/\/rotary.fi\/klubisivusto\/wp-json\/wp\/v2\/types\/page"}],"author":[{"embeddable":true,"href":"https:\/\/rotary.fi\/klubisivusto\/wp-json\/wp\/v2\/users\/1"}],"replies":[{"embeddable":true,"href":"https:\/\/rotary.fi\/klubisivusto\/wp-json\/wp\/v2\/comments?post=1584"}],"version-history":[{"count":1,"href":"https:\/\/rotary.fi\/klubisivusto\/wp-json\/wp\/v2\/pages\/1584\/revisions"}],"predecessor-version":[{"id":1585,"href":"https:\/\/rotary.fi\/klubisivusto\/wp-json\/wp\/v2\/pages\/1584\/revisions\/1585"}],"up":[{"embeddable":true,"href":"https:\/\/rotary.fi\/klubisivusto\/wp-json\/wp\/v2\/pages\/1565"}],"wp:attachment":[{"href":"https:\/\/rotary.fi\/klubisivusto\/wp-json\/wp\/v2\/media?parent=1584"}],"curies":[{"name":"wp","href":"https:\/\/api.w.org\/{rel}","templated":true}]}}