{"id":1573,"date":"2019-03-19T14:27:31","date_gmt":"2019-03-19T12:27:31","guid":{"rendered":"https:\/\/rotary.fi\/klubisivusto\/?page_id=1573"},"modified":"2019-03-19T14:32:38","modified_gmt":"2019-03-19T12:32:38","slug":"arstema","status":"publish","type":"page","link":"https:\/\/rotary.fi\/klubisivusto\/sv\/vem-ar-vi\/arstema\/","title":{"rendered":"\u00c5rstema"},"content":{"rendered":"<p>[et_pb_section bb_built=&#8221;1&#8243; _builder_version=&#8221;3.17.2&#8243; background_image=&#8221;https:\/\/rotary.fi\/klubisivusto\/wp-content\/uploads\/sites\/6\/2018\/08\/rotary_klubit_alasivu_paakuva_7.jpg&#8221; next_background_color=&#8221;#ffffff&#8221; module_class=&#8221;jumbotron-page&#8221;][et_pb_row][et_pb_column type=&#8221;4_4&#8243;][et_pb_text admin_label=&#8221;Main \/\/ \u00c5rstema&#8221; _builder_version=&#8221;3.21&#8243; text_orientation=&#8221;center&#8221; background_layout=&#8221;dark&#8221;]<\/p>\n<h1>Rotary Internationals \u00e5rstema<\/h1>\n<p>[\/et_pb_text][\/et_pb_column][\/et_pb_row][\/et_pb_section][et_pb_section bb_built=&#8221;1&#8243; specialty=&#8221;on&#8221; prev_background_color=&#8221;#000000&#8243; _builder_version=&#8221;3.4.1&#8243; module_class_2=&#8221;sivupalkki&#8221;][et_pb_column type=&#8221;2_3&#8243; specialty_columns=&#8221;2&#8243;][et_pb_row_inner admin_label=&#8221;Rivi&#8221; _builder_version=&#8221;3.17.6&#8243; custom_css_main_4=&#8221;display:none;||width:0%!important;&#8221; custom_css_main_1=&#8221;width:24%!important;&#8221; custom_css_main_2=&#8221;width:24%!important;&#8221; custom_css_main_3=&#8221;width:24%!important;&#8221;][et_pb_column_inner type=&#8221;1_4&#8243; saved_specialty_column_type=&#8221;2_3&#8243;][et_pb_image _builder_version=&#8221;3.17.6&#8243; src=&#8221;https:\/\/rotary.fi\/klubisivusto\/wp-content\/uploads\/sites\/6\/2018\/11\/t1819fin_pms-c-01-300&#215;300.jpg&#8221; \/][\/et_pb_column_inner][et_pb_column_inner type=&#8221;1_4&#8243; saved_specialty_column_type=&#8221;2_3&#8243;][et_pb_image _builder_version=&#8221;3.17.6&#8243; src=&#8221;https:\/\/rotary.fi\/klubisivusto\/wp-content\/uploads\/sites\/6\/2018\/11\/t1819sv_pms-c-01-300&#215;300.jpg&#8221; \/][\/et_pb_column_inner][et_pb_column_inner type=&#8221;1_4&#8243; saved_specialty_column_type=&#8221;2_3&#8243;][et_pb_image _builder_version=&#8221;3.17.6&#8243; src=&#8221;https:\/\/rotary.fi\/klubisivusto\/wp-content\/uploads\/sites\/6\/2018\/11\/t1819en_pms-c-01-300&#215;300.jpg&#8221; \/][\/et_pb_column_inner][et_pb_column_inner type=&#8221;1_4&#8243; saved_specialty_column_type=&#8221;2_3&#8243;][\/et_pb_column_inner][\/et_pb_row_inner][et_pb_row_inner admin_label=&#8221;Rivi&#8221;][et_pb_column_inner type=&#8221;4_4&#8243; saved_specialty_column_type=&#8221;2_3&#8243;][et_pb_text admin_label=&#8221;Rotary Internationals \u00e5rstema &#8211; rubrik&#8221; _builder_version=&#8221;3.21&#8243; text_orientation=&#8221;center&#8221;]<\/p>\n<h1>Rotary Internationals \u00e5rstema<\/h1>\n<p>[\/et_pb_text][et_pb_text admin_label=&#8221;Text: \u00e5rstema&#8221; _builder_version=&#8221;3.21&#8243;]<\/p>\n<p>Presidenten f\u00f6r Rotary International Barry Rassin har satt som tema f\u00f6r sitt president\u00e5r 2018-2019<\/p>\n<p><strong>Be the Inspiration | Ole innostaja | En inspirationsk\u00e4lla<\/strong><\/p>\n<blockquote>\n<p>\u201dJag hoppas att vi alla inspirerar varandra att agera \u2013 att se p\u00e5 milj\u00f6fr\u00e5gor, som p\u00e5verkar h\u00e4lsa och v\u00e4lm\u00e5ende v\u00e4rlden \u00f6ver, och g\u00f6ra v\u00e5rt b\u00e4sta att hj\u00e4lpa till.\u201d<\/p>\n<\/blockquote>\n<p>President Rassin \u00e4r \u00e4rligt bekymrad \u00f6ver milj\u00f6n och klimatf\u00f6r\u00e4ndringen. Han kommer fr\u00e5n Bahamas\u00f6arna, d\u00e4r havsniv\u00e5ns stegring i takt med klimatuppv\u00e4rmningen utg\u00f6r ett hot mot framtiden p\u00e5 hans hem\u00f6. \u00c5rstemats symbol, havets v\u00e5g, f\u00f6r v\u00e4l fram Rassins budskap. Han uppmuntrar oss att m\u00f6ta milj\u00f6ns utmaningar tappert, optimistiskt och inspirerat \u2013 i samf\u00f6rst\u00e5nd i v\u00e5ra egna samfund och i v\u00e5ra personliga val.<\/p>\n<p>[\/et_pb_text][\/et_pb_column_inner][\/et_pb_row_inner][et_pb_row_inner admin_label=&#8221;Rivi&#8221;][et_pb_column_inner type=&#8221;4_4&#8243; saved_specialty_column_type=&#8221;2_3&#8243;][et_pb_text admin_label=&#8221;\u00c5rstemat f\u00f6r klubben &#8211; rubrik&#8221; _builder_version=&#8221;3.21&#8243; text_orientation=&#8221;center&#8221;]<\/p>\n<h4>\u00c5rstemat f\u00f6r Lakeuden Rotaryklubi (byt namnet p\u00e5 klubben och kontrollera texten)<\/h4>\n<p>[\/et_pb_text][et_pb_text admin_label=&#8221;Text: \u00c5rstemat f\u00f6r klubben&#8221; _builder_version=&#8221;3.21&#8243;]<\/p>\n<p class=\"p1\"><span class=\"s1\">V\u00e5r egen klubb koncentrerar sig p\u00e5 att aktivera medlemmarna och p\u00e5 att utveckla v\u00e5r yttre image. Vi vill g\u00f6ra Rotarys prestationer mera synliga. Vi riktar allt mera v\u00e5ra aktiviteter mot unga och deras familjer f\u00f6r att st\u00f6da deras uppv\u00e4xt mot en handlingskraftig, v\u00e4lm\u00e5ende vuxenhet.<\/span><\/p>\n<p>[\/et_pb_text][\/et_pb_column_inner][\/et_pb_row_inner][\/et_pb_column][et_pb_column type=&#8221;1_3&#8243;][et_pb_sidebar admin_label=&#8221;Sidebar&#8221; _builder_version=&#8221;3.21&#8243; area=&#8221;sidebar-1&#8243; module_class=&#8221;sivupalkki_sisalto&#8221; locked=&#8221;on&#8221; \/][\/et_pb_column][\/et_pb_section]<\/p>\n","protected":false},"excerpt":{"rendered":"<p><div class=\"et_pb_row et_pb_row_0 et_pb_row_empty\">\n\t\t\t\t\n\t\t\t\t\n\t\t\t\t\n\t\t\t\t\n\t\t\t\t\n\t\t\t<\/div> Rotary Internationals \u00e5rstema Rotary Internationals \u00e5rstema Presidenten f\u00f6r Rotary International Barry Rassin har satt som tema f\u00f6r sitt president\u00e5r 2018-2019 Be the Inspiration | Ole innostaja | En inspirationsk\u00e4lla \u201dJag hoppas att vi alla inspirerar varandra att agera \u2013 att se p\u00e5 milj\u00f6fr\u00e5gor, som p\u00e5verkar h\u00e4lsa och v\u00e4lm\u00e5ende v\u00e4rlden \u00f6ver, och g\u00f6ra v\u00e5rt b\u00e4sta [&hellip;]<\/p>\n","protected":false},"author":1,"featured_media":0,"parent":1565,"menu_order":2,"comment_status":"closed","ping_status":"closed","template":"","meta":{"_acf_changed":false,"_et_pb_use_builder":"on","_et_pb_old_content":"","_et_gb_content_width":"","footnotes":""},"class_list":["post-1573","page","type-page","status-publish","hentry"],"acf":[],"yoast_head":"<!-- This site is optimized with the Yoast SEO plugin v27.0 - https:\/\/yoast.com\/product\/yoast-seo-wordpress\/ -->\n<title>\u00c5rstema - Klubitason sivustopohja<\/title>\n<meta name=\"robots\" content=\"noindex, follow, max-snippet:-1, max-image-preview:large, max-video-preview:-1\" \/>\n<meta property=\"og:locale\" content=\"fi_FI\" \/>\n<meta property=\"og:type\" content=\"article\" \/>\n<meta property=\"og:title\" content=\"\u00c5rstema - Klubitason sivustopohja\" \/>\n<meta property=\"og:description\" content=\"Rotary Internationals \u00e5rstema Rotary Internationals \u00e5rstema Presidenten f\u00f6r Rotary International Barry Rassin har satt som tema f\u00f6r sitt president\u00e5r 2018-2019 Be the Inspiration | Ole innostaja | En inspirationsk\u00e4lla \u201dJag hoppas att vi alla inspirerar varandra att agera \u2013 att se p\u00e5 milj\u00f6fr\u00e5gor, som p\u00e5verkar h\u00e4lsa och v\u00e4lm\u00e5ende v\u00e4rlden \u00f6ver, och g\u00f6ra v\u00e5rt b\u00e4sta [&hellip;]\" \/>\n<meta property=\"og:url\" content=\"https:\/\/rotary.fi\/klubisivusto\/sv\/vem-ar-vi\/arstema\/\" \/>\n<meta property=\"og:site_name\" content=\"Klubitason sivustopohja\" \/>\n<meta property=\"article:modified_time\" content=\"2019-03-19T12:32:38+00:00\" \/>\n<meta name=\"twitter:card\" content=\"summary_large_image\" \/>\n<meta name=\"twitter:label1\" content=\"Arvioitu lukuaika\" \/>\n\t<meta name=\"twitter:data1\" content=\"3 minuuttia\" \/>\n<script type=\"application\/ld+json\" class=\"yoast-schema-graph\">{\"@context\":\"https:\/\/schema.org\",\"@graph\":[{\"@type\":\"WebPage\",\"@id\":\"https:\/\/rotary.fi\/klubisivusto\/sv\/vem-ar-vi\/arstema\/\",\"url\":\"https:\/\/rotary.fi\/klubisivusto\/sv\/vem-ar-vi\/arstema\/\",\"name\":\"\u00c5rstema - Klubitason sivustopohja\",\"isPartOf\":{\"@id\":\"https:\/\/rotary.fi\/klubisivusto\/#website\"},\"datePublished\":\"2019-03-19T12:27:31+00:00\",\"dateModified\":\"2019-03-19T12:32:38+00:00\",\"breadcrumb\":{\"@id\":\"https:\/\/rotary.fi\/klubisivusto\/sv\/vem-ar-vi\/arstema\/#breadcrumb\"},\"inLanguage\":\"fi\",\"potentialAction\":[{\"@type\":\"ReadAction\",\"target\":[\"https:\/\/rotary.fi\/klubisivusto\/sv\/vem-ar-vi\/arstema\/\"]}]},{\"@type\":\"BreadcrumbList\",\"@id\":\"https:\/\/rotary.fi\/klubisivusto\/sv\/vem-ar-vi\/arstema\/#breadcrumb\",\"itemListElement\":[{\"@type\":\"ListItem\",\"position\":1,\"name\":\"Home\",\"item\":\"https:\/\/rotary.fi\/klubisivusto\/\"},{\"@type\":\"ListItem\",\"position\":2,\"name\":\"Vem \u00e4r vi\",\"item\":\"https:\/\/rotary.fi\/klubisivusto\/sv\/vem-ar-vi\/\"},{\"@type\":\"ListItem\",\"position\":3,\"name\":\"\u00c5rstema\"}]},{\"@type\":\"WebSite\",\"@id\":\"https:\/\/rotary.fi\/klubisivusto\/#website\",\"url\":\"https:\/\/rotary.fi\/klubisivusto\/\",\"name\":\"Klubitason sivustopohja\",\"description\":\"Uusi Rotary klubisivusto\",\"potentialAction\":[{\"@type\":\"SearchAction\",\"target\":{\"@type\":\"EntryPoint\",\"urlTemplate\":\"https:\/\/rotary.fi\/klubisivusto\/?s={search_term_string}\"},\"query-input\":{\"@type\":\"PropertyValueSpecification\",\"valueRequired\":true,\"valueName\":\"search_term_string\"}}],\"inLanguage\":\"fi\"}]}<\/script>\n<!-- \/ Yoast SEO plugin. -->","yoast_head_json":{"title":"\u00c5rstema - Klubitason sivustopohja","robots":{"index":"noindex","follow":"follow","max-snippet":"max-snippet:-1","max-image-preview":"max-image-preview:large","max-video-preview":"max-video-preview:-1"},"og_locale":"fi_FI","og_type":"article","og_title":"\u00c5rstema - Klubitason sivustopohja","og_description":"Rotary Internationals \u00e5rstema Rotary Internationals \u00e5rstema Presidenten f\u00f6r Rotary International Barry Rassin har satt som tema f\u00f6r sitt president\u00e5r 2018-2019 Be the Inspiration | Ole innostaja | En inspirationsk\u00e4lla \u201dJag hoppas att vi alla inspirerar varandra att agera \u2013 att se p\u00e5 milj\u00f6fr\u00e5gor, som p\u00e5verkar h\u00e4lsa och v\u00e4lm\u00e5ende v\u00e4rlden \u00f6ver, och g\u00f6ra v\u00e5rt b\u00e4sta [&hellip;]","og_url":"https:\/\/rotary.fi\/klubisivusto\/sv\/vem-ar-vi\/arstema\/","og_site_name":"Klubitason sivustopohja","article_modified_time":"2019-03-19T12:32:38+00:00","twitter_card":"summary_large_image","twitter_misc":{"Arvioitu lukuaika":"3 minuuttia"},"schema":{"@context":"https:\/\/schema.org","@graph":[{"@type":"WebPage","@id":"https:\/\/rotary.fi\/klubisivusto\/sv\/vem-ar-vi\/arstema\/","url":"https:\/\/rotary.fi\/klubisivusto\/sv\/vem-ar-vi\/arstema\/","name":"\u00c5rstema - Klubitason sivustopohja","isPartOf":{"@id":"https:\/\/rotary.fi\/klubisivusto\/#website"},"datePublished":"2019-03-19T12:27:31+00:00","dateModified":"2019-03-19T12:32:38+00:00","breadcrumb":{"@id":"https:\/\/rotary.fi\/klubisivusto\/sv\/vem-ar-vi\/arstema\/#breadcrumb"},"inLanguage":"fi","potentialAction":[{"@type":"ReadAction","target":["https:\/\/rotary.fi\/klubisivusto\/sv\/vem-ar-vi\/arstema\/"]}]},{"@type":"BreadcrumbList","@id":"https:\/\/rotary.fi\/klubisivusto\/sv\/vem-ar-vi\/arstema\/#breadcrumb","itemListElement":[{"@type":"ListItem","position":1,"name":"Home","item":"https:\/\/rotary.fi\/klubisivusto\/"},{"@type":"ListItem","position":2,"name":"Vem \u00e4r vi","item":"https:\/\/rotary.fi\/klubisivusto\/sv\/vem-ar-vi\/"},{"@type":"ListItem","position":3,"name":"\u00c5rstema"}]},{"@type":"WebSite","@id":"https:\/\/rotary.fi\/klubisivusto\/#website","url":"https:\/\/rotary.fi\/klubisivusto\/","name":"Klubitason sivustopohja","description":"Uusi Rotary klubisivusto","potentialAction":[{"@type":"SearchAction","target":{"@type":"EntryPoint","urlTemplate":"https:\/\/rotary.fi\/klubisivusto\/?s={search_term_string}"},"query-input":{"@type":"PropertyValueSpecification","valueRequired":true,"valueName":"search_term_string"}}],"inLanguage":"fi"}]}},"lang":"sv","translations":{"sv":1573,"en":1430,"fi":138,"et":1823},"pll_sync_post":[],"_links":{"self":[{"href":"https:\/\/rotary.fi\/klubisivusto\/wp-json\/wp\/v2\/pages\/1573","targetHints":{"allow":["GET"]}}],"collection":[{"href":"https:\/\/rotary.fi\/klubisivusto\/wp-json\/wp\/v2\/pages"}],"about":[{"href":"https:\/\/rotary.fi\/klubisivusto\/wp-json\/wp\/v2\/types\/page"}],"author":[{"embeddable":true,"href":"https:\/\/rotary.fi\/klubisivusto\/wp-json\/wp\/v2\/users\/1"}],"replies":[{"embeddable":true,"href":"https:\/\/rotary.fi\/klubisivusto\/wp-json\/wp\/v2\/comments?post=1573"}],"version-history":[{"count":4,"href":"https:\/\/rotary.fi\/klubisivusto\/wp-json\/wp\/v2\/pages\/1573\/revisions"}],"predecessor-version":[{"id":1577,"href":"https:\/\/rotary.fi\/klubisivusto\/wp-json\/wp\/v2\/pages\/1573\/revisions\/1577"}],"up":[{"embeddable":true,"href":"https:\/\/rotary.fi\/klubisivusto\/wp-json\/wp\/v2\/pages\/1565"}],"wp:attachment":[{"href":"https:\/\/rotary.fi\/klubisivusto\/wp-json\/wp\/v2\/media?parent=1573"}],"curies":[{"name":"wp","href":"https:\/\/api.w.org\/{rel}","templated":true}]}}