{"id":142,"date":"2018-08-10T14:04:45","date_gmt":"2018-08-10T11:04:45","guid":{"rendered":"https:\/\/rotary.fi\/klubi2\/?page_id=142"},"modified":"2019-04-04T17:29:33","modified_gmt":"2019-04-04T14:29:33","slug":"ilo-esitella","status":"publish","type":"page","link":"https:\/\/rotary.fi\/keuruu\/keita-olemme\/ilo-esitella\/","title":{"rendered":"Ilo esitell\u00e4"},"content":{"rendered":"<p>[et_pb_section bb_built=&#8221;1&#8243; module_class=&#8221;jumbotron-page&#8221; _builder_version=&#8221;3.17.2&#8243; background_image=&#8221;https:\/\/rotary.fi\/keuruu\/wp-content\/uploads\/sites\/111\/2018\/10\/rotary_klubit_alasivu_paakuva_14.jpg&#8221; next_background_color=&#8221;#ffffff&#8221;][et_pb_row _builder_version=&#8221;3.0.48&#8243; background_size=&#8221;initial&#8221; background_position=&#8221;top_left&#8221; background_repeat=&#8221;repeat&#8221;][et_pb_column type=&#8221;4_4&#8243;][et_pb_text admin_label=&#8221;P\u00e4\u00e4otsikko&#8221; _builder_version=&#8221;3.17&#8243; text_orientation=&#8221;center&#8221; background_layout=&#8221;dark&#8221;]<\/p>\n<h1>Ilo esitell\u00e4<\/h1>\n<p>[\/et_pb_text][\/et_pb_column][\/et_pb_row][\/et_pb_section][et_pb_section bb_built=&#8221;1&#8243; specialty=&#8221;on&#8221; module_class_2=&#8221;sivupalkki&#8221; _builder_version=&#8221;3.4.1&#8243; prev_background_color=&#8221;#000000&#8243;][et_pb_column type=&#8221;2_3&#8243; specialty_columns=&#8221;2&#8243;][et_pb_row_inner admin_label=&#8221;Rivi&#8221; _builder_version=&#8221;3.0.47&#8243;][et_pb_column_inner type=&#8221;4_4&#8243; saved_specialty_column_type=&#8221;2_3&#8243;][et_pb_text admin_label=&#8221;Ilo esitell\u00e4 &#8211; Otsikko&#8221; _builder_version=&#8221;3.17&#8243; text_orientation=&#8221;center&#8221;]<\/p>\n<h1>Ilo esitell\u00e4<\/h1>\n<p>[\/et_pb_text][et_pb_text _builder_version=&#8221;3.21&#8243;]<\/p>\n<h1>Keuruun Rotaryklubi 60 vuotta<\/h1>\n<p>Palvelua kansainv\u00e4lisesti ja paikallisesti<br \/>Keuruun Rotaryklubi juhli 60-vuotista toimintataivaltaan viime torstaina Vanhassa Pappilassa.<br \/>Mirja Leijala<br \/>Anna-Maija M\u00e4ki-Pollari<\/p>\n<p>Omat torvisoittajat Pirjo Ikkala ja Erkki Wirkkala puhalsivat alkufanfaarit, kun Keuruun Rotaryklubin j\u00e4senet puolisoineen ja klubiyst\u00e4vineen kokoontuivat vuosijuhlaansa. Juhlaan osallistui vieraita my\u00f6s J\u00e4ms\u00e4n, M\u00e4nt\u00e4n, Pet\u00e4j\u00e4veden ja Virtain Rotaryklubeista ja Keuruun Lions klubista.<br \/>Juhlavieraat toivotti tervetulleiksi klubin presidentti Anna-Maija M\u00e4ki-Pollari. Katsauksen 60 toimintavuoteen loi piirikuvern\u00f6\u00f6rin\u00e4 palvellut Erkki A. Jaatinen. H\u00e4n tarkasteli toiminnassa pysyvin\u00e4 s\u00e4ilyneit\u00e4 k\u00e4yt\u00e4nteit\u00e4, mutta my\u00f6s tapahtuneita muutoksia.<br \/>&#8211; Alkuaikoina jokaviikkoinen l\u00e4sn\u00e4olo kokouksissa oli kunnia-asia ja kokousasuna oli puku, muisteli Jaatinen. Yksi muutos aikaisempaan on naisj\u00e4senien mukaantulo: Keuruun klubiin ensimm\u00e4inen nainen tuli 20 vuotta sitten, t\u00e4n\u00e4 p\u00e4iv\u00e4n\u00e4 viidennes klubin j\u00e4senist\u00e4 on naisia. <br \/>Rotarytoiminnan merkitt\u00e4v\u00e4 lippulaiva, my\u00f6s Keuruulla, on ollut Jouko J\u00e4rvi\u00f6n k\u00e4ynnist\u00e4m\u00e4 nuorisovaihto. Keuruun klubin l\u00e4hett\u00e4m\u00e4n\u00e4 ovat kymmenet nuoret viett\u00e4neet lukioik\u00e4isin\u00e4 vuoden toisessa, kaukaisessakin maassa. Samalla kohdemaasta on tullut vuodeksi nuori Keuruulle tutustumaan suomalaiseen el\u00e4m\u00e4nmenoon. Vaihtovuoden aikana nuori on saanut tutustua uuteen kulttuuriin, avartaa maailmankuvaansa ja luoda pitk\u00e4aikaisia yst\u00e4vyyssuhteita. Viime vuosina my\u00f6s lyhyempi muoto, kes\u00e4vaihto on tullut suosituksi. Paitsi lukioik\u00e4isille Rotary on tarjonnut vaihtomahdollisuuden kuukauden ajaksi eri alojen alle 40-vuotiaille ammattilaisille. T\u00e4ss\u00e4 aikuisten vaihto-ohjelmassa on keuruulaisia viimeksi ollut Brasiliassa ja Taiwanissa. Meill\u00e4 taas on vieraillut ryhmi\u00e4 mm. Yhdysvalloista, Australiasta, Kanadasta ja Intiasta.<br \/>Kansainv\u00e4lisist\u00e4 palveluprojekteista mittavin on vuonna 1985 aloitettu polion h\u00e4vitt\u00e4miseen t\u00e4ht\u00e4\u00e4v\u00e4 ohjelma PolioPlus. Vuodesta 1988 l\u00e4htien Rotary on tehnyt yhteisty\u00f6t\u00e4 WHO:n, UNICEF:in ja useiden kansainv\u00e4listen toimijoiden kanssa. Kattavien rokotusohjelmien ansiosta vuosittainen uusien poliotapausten m\u00e4\u00e4r\u00e4 on tippunut yli 350 000 tapauksesta vain muutamaan esiintym\u00e4\u00e4n, viimeisimm\u00e4t en\u00e4\u00e4 Afganistanissa ja Pakistanissa.<br \/>L\u00e4hiseudulle suuntautuvaa toimintaa on stipendien jako koululaisille, viime vuosina my\u00f6s erityisopetuksen oppilaille. Sosiaalitoimen alueelle on tehty lahjoituksia ja veteraaneille on tarjottu osallistuminen M\u00e4nt\u00e4ss\u00e4 j\u00e4rjestettyyn itsen\u00e4isyysjuhlaan. Nuoria on osallistunut my\u00f6s rotarien johtamiskoulutukseen ja lapsille on tarjottu retki S\u00e4rk\u00e4nniemeen. Rotarit ovat tehneet omia ryhm\u00e4matkoja my\u00f6s ulkomaille.<br \/>&#8211; Eik\u00f6h\u00e4n l\u00e4hdet\u00e4 ensi kev\u00e4\u00e4n\u00e4 taas yhteiselle matkalle, nyt Rotarien maailmankonferenssiin Hampuriin, innosti klubin presidentti M\u00e4ki-Pollari.<br \/>Juhlaan musiikkiesityksen toi trio, jossa viulua soittivat Pauli Salminen ja Yvette Nzeza, pianoa Anna Tervonen. Ennen juhla-ateriaa kuultiin piirikuvern\u00f6\u00f6rin tervehdys. Ruokailun ja kahvin \u00e4\u00e4ress\u00e4 jatkui iloinen seurustelu ja tilaisuus p\u00e4\u00e4ttyi Pertti Walleniuksen johdattamaan Rotarien lauluun.<\/p>\n<p>&nbsp;<\/p>\n<p>[\/et_pb_text][\/et_pb_column_inner][\/et_pb_row_inner][\/et_pb_column][et_pb_column type=&#8221;1_3&#8243;][et_pb_sidebar area=&#8221;sidebar-1&#8243; module_class=&#8221;sivupalkki_sisalto&#8221; _builder_version=&#8221;3.4.1&#8243; locked=&#8221;on&#8221;]<\/p>\n<p>[\/et_pb_sidebar][et_pb_image _builder_version=&#8221;3.21&#8243; src=&#8221;https:\/\/rotary.fi\/keuruu\/wp-content\/uploads\/sites\/111\/2019\/04\/klubi-60v-m-p-palukka-saastamoinen-lehmonen.jpg&#8221; \/][et_pb_image _builder_version=&#8221;3.21&#8243; src=&#8221;https:\/\/rotary.fi\/keuruu\/wp-content\/uploads\/sites\/111\/2019\/04\/klubi-60v-ikkala-wirkkala.jpg&#8221; \/][\/et_pb_column][\/et_pb_section]<\/p>\n","protected":false},"excerpt":{"rendered":"<p>Ilo esitell\u00e4 Ilo esitell\u00e4 Keuruun Rotaryklubi 60 vuotta Palvelua kansainv\u00e4lisesti ja paikallisestiKeuruun Rotaryklubi juhli 60-vuotista toimintataivaltaan viime torstaina Vanhassa Pappilassa.Mirja LeijalaAnna-Maija M\u00e4ki-Pollari Omat torvisoittajat Pirjo Ikkala ja Erkki Wirkkala puhalsivat alkufanfaarit, kun Keuruun Rotaryklubin j\u00e4senet puolisoineen ja klubiyst\u00e4vineen kokoontuivat vuosijuhlaansa. Juhlaan osallistui vieraita my\u00f6s J\u00e4ms\u00e4n, M\u00e4nt\u00e4n, Pet\u00e4j\u00e4veden ja Virtain Rotaryklubeista ja Keuruun Lions klubista.Juhlavieraat toivotti [&hellip;]<\/p>\n","protected":false},"author":1,"featured_media":0,"parent":129,"menu_order":0,"comment_status":"closed","ping_status":"closed","template":"","meta":{"_acf_changed":false,"_et_pb_use_builder":"on","_et_pb_old_content":"","_et_gb_content_width":"","footnotes":""},"class_list":["post-142","page","type-page","status-publish","hentry"],"acf":[],"yoast_head":"<!-- This site is optimized with the Yoast SEO plugin v27.4 - https:\/\/yoast.com\/product\/yoast-seo-wordpress\/ -->\n<title>Ilo esitell\u00e4 - Keuruun Rotaryklubi<\/title>\n<meta name=\"robots\" content=\"index, follow, max-snippet:-1, max-image-preview:large, max-video-preview:-1\" \/>\n<link rel=\"canonical\" href=\"https:\/\/rotary.fi\/keuruu\/keita-olemme\/ilo-esitella\/\" \/>\n<meta property=\"og:locale\" content=\"fi_FI\" \/>\n<meta property=\"og:type\" content=\"article\" \/>\n<meta property=\"og:title\" content=\"Ilo esitell\u00e4 - Keuruun Rotaryklubi\" \/>\n<meta property=\"og:description\" content=\"Ilo esitell\u00e4 Ilo esitell\u00e4 Keuruun Rotaryklubi 60 vuotta Palvelua kansainv\u00e4lisesti ja paikallisestiKeuruun Rotaryklubi juhli 60-vuotista toimintataivaltaan viime torstaina Vanhassa Pappilassa.Mirja LeijalaAnna-Maija M\u00e4ki-Pollari Omat torvisoittajat Pirjo Ikkala ja Erkki Wirkkala puhalsivat alkufanfaarit, kun Keuruun Rotaryklubin j\u00e4senet puolisoineen ja klubiyst\u00e4vineen kokoontuivat vuosijuhlaansa. Juhlaan osallistui vieraita my\u00f6s J\u00e4ms\u00e4n, M\u00e4nt\u00e4n, Pet\u00e4j\u00e4veden ja Virtain Rotaryklubeista ja Keuruun Lions klubista.Juhlavieraat toivotti [&hellip;]\" \/>\n<meta property=\"og:url\" content=\"https:\/\/rotary.fi\/keuruu\/keita-olemme\/ilo-esitella\/\" \/>\n<meta property=\"og:site_name\" content=\"Keuruun Rotaryklubi\" \/>\n<meta property=\"article:modified_time\" content=\"2019-04-04T14:29:33+00:00\" \/>\n<meta name=\"twitter:card\" content=\"summary_large_image\" \/>\n<meta name=\"twitter:label1\" content=\"Arvioitu lukuaika\" \/>\n\t<meta name=\"twitter:data1\" content=\"3 minuuttia\" \/>\n<script type=\"application\/ld+json\" class=\"yoast-schema-graph\">{\"@context\":\"https:\\\/\\\/schema.org\",\"@graph\":[{\"@type\":\"WebPage\",\"@id\":\"https:\\\/\\\/rotary.fi\\\/keuruu\\\/keita-olemme\\\/ilo-esitella\\\/\",\"url\":\"https:\\\/\\\/rotary.fi\\\/keuruu\\\/keita-olemme\\\/ilo-esitella\\\/\",\"name\":\"Ilo esitell\u00e4 - Keuruun Rotaryklubi\",\"isPartOf\":{\"@id\":\"https:\\\/\\\/rotary.fi\\\/keuruu\\\/#website\"},\"datePublished\":\"2018-08-10T11:04:45+00:00\",\"dateModified\":\"2019-04-04T14:29:33+00:00\",\"breadcrumb\":{\"@id\":\"https:\\\/\\\/rotary.fi\\\/keuruu\\\/keita-olemme\\\/ilo-esitella\\\/#breadcrumb\"},\"inLanguage\":\"fi\",\"potentialAction\":[{\"@type\":\"ReadAction\",\"target\":[\"https:\\\/\\\/rotary.fi\\\/keuruu\\\/keita-olemme\\\/ilo-esitella\\\/\"]}]},{\"@type\":\"BreadcrumbList\",\"@id\":\"https:\\\/\\\/rotary.fi\\\/keuruu\\\/keita-olemme\\\/ilo-esitella\\\/#breadcrumb\",\"itemListElement\":[{\"@type\":\"ListItem\",\"position\":1,\"name\":\"Home\",\"item\":\"https:\\\/\\\/rotary.fi\\\/keuruu\\\/\"},{\"@type\":\"ListItem\",\"position\":2,\"name\":\"Keit\u00e4 olemme\",\"item\":\"https:\\\/\\\/rotary.fi\\\/keuruu\\\/keita-olemme\\\/\"},{\"@type\":\"ListItem\",\"position\":3,\"name\":\"Ilo esitell\u00e4\"}]},{\"@type\":\"WebSite\",\"@id\":\"https:\\\/\\\/rotary.fi\\\/keuruu\\\/#website\",\"url\":\"https:\\\/\\\/rotary.fi\\\/keuruu\\\/\",\"name\":\"Keuruun Rotaryklubi\",\"description\":\"Uusi Rotary klubisivusto\",\"potentialAction\":[{\"@type\":\"SearchAction\",\"target\":{\"@type\":\"EntryPoint\",\"urlTemplate\":\"https:\\\/\\\/rotary.fi\\\/keuruu\\\/?s={search_term_string}\"},\"query-input\":{\"@type\":\"PropertyValueSpecification\",\"valueRequired\":true,\"valueName\":\"search_term_string\"}}],\"inLanguage\":\"fi\"}]}<\/script>\n<!-- \/ Yoast SEO plugin. -->","yoast_head_json":{"title":"Ilo esitell\u00e4 - Keuruun Rotaryklubi","robots":{"index":"index","follow":"follow","max-snippet":"max-snippet:-1","max-image-preview":"max-image-preview:large","max-video-preview":"max-video-preview:-1"},"canonical":"https:\/\/rotary.fi\/keuruu\/keita-olemme\/ilo-esitella\/","og_locale":"fi_FI","og_type":"article","og_title":"Ilo esitell\u00e4 - Keuruun Rotaryklubi","og_description":"Ilo esitell\u00e4 Ilo esitell\u00e4 Keuruun Rotaryklubi 60 vuotta Palvelua kansainv\u00e4lisesti ja paikallisestiKeuruun Rotaryklubi juhli 60-vuotista toimintataivaltaan viime torstaina Vanhassa Pappilassa.Mirja LeijalaAnna-Maija M\u00e4ki-Pollari Omat torvisoittajat Pirjo Ikkala ja Erkki Wirkkala puhalsivat alkufanfaarit, kun Keuruun Rotaryklubin j\u00e4senet puolisoineen ja klubiyst\u00e4vineen kokoontuivat vuosijuhlaansa. Juhlaan osallistui vieraita my\u00f6s J\u00e4ms\u00e4n, M\u00e4nt\u00e4n, Pet\u00e4j\u00e4veden ja Virtain Rotaryklubeista ja Keuruun Lions klubista.Juhlavieraat toivotti [&hellip;]","og_url":"https:\/\/rotary.fi\/keuruu\/keita-olemme\/ilo-esitella\/","og_site_name":"Keuruun Rotaryklubi","article_modified_time":"2019-04-04T14:29:33+00:00","twitter_card":"summary_large_image","twitter_misc":{"Arvioitu lukuaika":"3 minuuttia"},"schema":{"@context":"https:\/\/schema.org","@graph":[{"@type":"WebPage","@id":"https:\/\/rotary.fi\/keuruu\/keita-olemme\/ilo-esitella\/","url":"https:\/\/rotary.fi\/keuruu\/keita-olemme\/ilo-esitella\/","name":"Ilo esitell\u00e4 - Keuruun Rotaryklubi","isPartOf":{"@id":"https:\/\/rotary.fi\/keuruu\/#website"},"datePublished":"2018-08-10T11:04:45+00:00","dateModified":"2019-04-04T14:29:33+00:00","breadcrumb":{"@id":"https:\/\/rotary.fi\/keuruu\/keita-olemme\/ilo-esitella\/#breadcrumb"},"inLanguage":"fi","potentialAction":[{"@type":"ReadAction","target":["https:\/\/rotary.fi\/keuruu\/keita-olemme\/ilo-esitella\/"]}]},{"@type":"BreadcrumbList","@id":"https:\/\/rotary.fi\/keuruu\/keita-olemme\/ilo-esitella\/#breadcrumb","itemListElement":[{"@type":"ListItem","position":1,"name":"Home","item":"https:\/\/rotary.fi\/keuruu\/"},{"@type":"ListItem","position":2,"name":"Keit\u00e4 olemme","item":"https:\/\/rotary.fi\/keuruu\/keita-olemme\/"},{"@type":"ListItem","position":3,"name":"Ilo esitell\u00e4"}]},{"@type":"WebSite","@id":"https:\/\/rotary.fi\/keuruu\/#website","url":"https:\/\/rotary.fi\/keuruu\/","name":"Keuruun Rotaryklubi","description":"Uusi Rotary klubisivusto","potentialAction":[{"@type":"SearchAction","target":{"@type":"EntryPoint","urlTemplate":"https:\/\/rotary.fi\/keuruu\/?s={search_term_string}"},"query-input":{"@type":"PropertyValueSpecification","valueRequired":true,"valueName":"search_term_string"}}],"inLanguage":"fi"}]}},"lang":"fi","translations":{"fi":142},"pll_sync_post":[],"_links":{"self":[{"href":"https:\/\/rotary.fi\/keuruu\/wp-json\/wp\/v2\/pages\/142","targetHints":{"allow":["GET"]}}],"collection":[{"href":"https:\/\/rotary.fi\/keuruu\/wp-json\/wp\/v2\/pages"}],"about":[{"href":"https:\/\/rotary.fi\/keuruu\/wp-json\/wp\/v2\/types\/page"}],"author":[{"embeddable":true,"href":"https:\/\/rotary.fi\/keuruu\/wp-json\/wp\/v2\/users\/1"}],"replies":[{"embeddable":true,"href":"https:\/\/rotary.fi\/keuruu\/wp-json\/wp\/v2\/comments?post=142"}],"version-history":[{"count":9,"href":"https:\/\/rotary.fi\/keuruu\/wp-json\/wp\/v2\/pages\/142\/revisions"}],"predecessor-version":[{"id":1602,"href":"https:\/\/rotary.fi\/keuruu\/wp-json\/wp\/v2\/pages\/142\/revisions\/1602"}],"up":[{"embeddable":true,"href":"https:\/\/rotary.fi\/keuruu\/wp-json\/wp\/v2\/pages\/129"}],"wp:attachment":[{"href":"https:\/\/rotary.fi\/keuruu\/wp-json\/wp\/v2\/media?parent=142"}],"curies":[{"name":"wp","href":"https:\/\/api.w.org\/{rel}","templated":true}]}}