{"id":160,"date":"2018-08-13T09:49:16","date_gmt":"2018-08-13T06:49:16","guid":{"rendered":"https:\/\/rotary.fi\/kemi-meri-kemi\/?page_id=160"},"modified":"2024-12-07T22:09:58","modified_gmt":"2024-12-07T20:09:58","slug":"hauskat-tapahtumamme","status":"publish","type":"page","link":"https:\/\/rotary.fi\/kemi-meri-kemi\/mita-teemme\/hauskat-tapahtumamme\/","title":{"rendered":"Hauskat tapahtumamme"},"content":{"rendered":"<p>[et_pb_section fb_built=&#8221;1&#8243; module_class=&#8221;jumbotron-page&#8221; _builder_version=&#8221;4.27.0&#8243; background_image=&#8221;https:\/\/rotary.fi\/kemi-meri-kemi\/wp-content\/uploads\/sites\/259\/2024\/12\/tiede-2-rotakids-step-koulutus-susanna-salokannel.png&#8221; min_height=&#8221;777px&#8221; height=&#8221;416px&#8221; max_height=&#8221;528px&#8221; hover_enabled=&#8221;0&#8243; global_colors_info=&#8221;{}&#8221; width=&#8221;100%&#8221; max_width=&#8221;100%&#8221; sticky_enabled=&#8221;0&#8243;][et_pb_row _builder_version=&#8221;4.16&#8243; background_size=&#8221;initial&#8221; background_position=&#8221;top_left&#8221; background_repeat=&#8221;repeat&#8221; global_colors_info=&#8221;{}&#8221;][et_pb_column type=&#8221;4_4&#8243; _builder_version=&#8221;4.16&#8243; custom_padding=&#8221;|||&#8221; global_colors_info=&#8221;{}&#8221; custom_padding__hover=&#8221;|||&#8221;][et_pb_text admin_label=&#8221;P\u00e4\u00e4otsikko&#8221; _builder_version=&#8221;4.27.0&#8243; transform_translate=&#8221;-4px|-13px&#8221; text_orientation=&#8221;center&#8221; background_layout=&#8221;dark&#8221; global_colors_info=&#8221;{}&#8221;]<\/p>\n<h1>Hauskat tapahtumamme<\/h1>\n<p>[\/et_pb_text][\/et_pb_column][\/et_pb_row][\/et_pb_section][et_pb_section fb_built=&#8221;1&#8243; specialty=&#8221;on&#8221; module_class_2=&#8221;sivupalkki&#8221; _builder_version=&#8221;4.16&#8243; global_colors_info=&#8221;{}&#8221;][et_pb_column type=&#8221;2_3&#8243; specialty_columns=&#8221;2&#8243; _builder_version=&#8221;4.16&#8243; custom_padding=&#8221;|||&#8221; global_colors_info=&#8221;{}&#8221; custom_padding__hover=&#8221;|||&#8221;][et_pb_row_inner admin_label=&#8221;Rivi&#8221; _builder_version=&#8221;4.16&#8243; global_colors_info=&#8221;{}&#8221;][et_pb_column_inner saved_specialty_column_type=&#8221;2_3&#8243; _builder_version=&#8221;4.16&#8243; custom_padding=&#8221;|||&#8221; global_colors_info=&#8221;{}&#8221; custom_padding__hover=&#8221;|||&#8221;][et_pb_text _builder_version=&#8221;4.16&#8243; custom_padding=&#8221;||0px|10px||&#8221; global_colors_info=&#8221;{}&#8221;]<\/p>\n<p><span style=\"font-weight: 400\"><\/span><\/p>\n<p><span style=\"font-weight: 400\">Viikkokokousten, yritysvierailujen ja palveluprojektien lis\u00e4ksi klubiemme ohjelmaan kuuluu yhteist\u00e4 hauskanpitoa. Useimpina vuosina t\u00e4h\u00e4n on sis\u00e4ltynyt yhteinen\u00a0<\/span><\/p>\n<p><span style=\"font-weight: 400\"><\/span><\/p>\n<ul>\n<li style=\"font-weight: 400\"><span style=\"font-weight: 400\">\u00a0 \u00a0 \u00a0 K\u00e4\u00e4tyjenvaihtotilaisuus<\/span><span style=\"font-weight: 400\">\u00a0\u00a0<\/span><\/li>\n<li style=\"font-weight: 400\"><span style=\"font-weight: 400\">\u00a0 \u00a0 \u00a0 Klubien syntym\u00e4p\u00e4iv\u00e4juhla<\/span><span style=\"font-weight: 400\">\u00a0<\/span><\/li>\n<li style=\"font-weight: 400\"><span style=\"font-weight: 400\">\u00a0 \u00a0 \u00a0 Joululounas<\/span><span style=\"font-weight: 400\">\u00a0\u00a0<\/span><\/li>\n<li style=\"font-weight: 400\"><span style=\"font-weight: 400\">\u00a0 \u00a0 \u00a0 Polioker\u00e4ystapahtuma<\/span><\/li>\n<li style=\"font-weight: 400\"><span style=\"font-weight: 400\">\u00a0 \u00a0 \u00a0 ja mm. j\u00e4rjest\u00f6messut, Nalletohtorip\u00e4iv\u00e4 ja \u00c4l\u00e4 kiusaa -tapahtuma.<\/span>\u00a0<\/li>\n<\/ul>\n<p>[\/et_pb_text][\/et_pb_column_inner][\/et_pb_row_inner][\/et_pb_column][et_pb_column type=&#8221;1_3&#8243; _builder_version=&#8221;4.16&#8243; custom_padding=&#8221;|||&#8221; global_colors_info=&#8221;{}&#8221; custom_padding__hover=&#8221;|||&#8221;][et_pb_sidebar area=&#8221;sidebar-1&#8243; module_class=&#8221;sivupalkki_sisalto&#8221; _builder_version=&#8221;4.16&#8243; locked=&#8221;on&#8221; global_colors_info=&#8221;{}&#8221;]<br \/>\n[\/et_pb_sidebar][\/et_pb_column][\/et_pb_section]<\/p>\n","protected":false},"excerpt":{"rendered":"<p>Hauskat tapahtumamme Viikkokokousten, yritysvierailujen ja palveluprojektien lis\u00e4ksi klubiemme ohjelmaan kuuluu yhteist\u00e4 hauskanpitoa. Useimpina vuosina t\u00e4h\u00e4n on sis\u00e4ltynyt yhteinen\u00a0 \u00a0 \u00a0 \u00a0 K\u00e4\u00e4tyjenvaihtotilaisuus\u00a0\u00a0 \u00a0 \u00a0 \u00a0 Klubien syntym\u00e4p\u00e4iv\u00e4juhla\u00a0 \u00a0 \u00a0 \u00a0 Joululounas\u00a0\u00a0 \u00a0 \u00a0 \u00a0 Polioker\u00e4ystapahtuma \u00a0 \u00a0 \u00a0 ja mm. j\u00e4rjest\u00f6messut, Nalletohtorip\u00e4iv\u00e4 ja \u00c4l\u00e4 kiusaa -tapahtuma.\u00a0<\/p>\n","protected":false},"author":1,"featured_media":0,"parent":77,"menu_order":0,"comment_status":"closed","ping_status":"closed","template":"","meta":{"_acf_changed":false,"_et_pb_use_builder":"on","_et_pb_old_content":"","_et_gb_content_width":"","footnotes":""},"class_list":["post-160","page","type-page","status-publish","hentry"],"acf":[],"yoast_head":"<!-- This site is optimized with the Yoast SEO plugin v27.0 - https:\/\/yoast.com\/product\/yoast-seo-wordpress\/ -->\n<title>Hauskat tapahtumamme - Kemi ja Meri-Kemi<\/title>\n<meta name=\"robots\" content=\"index, follow, max-snippet:-1, max-image-preview:large, max-video-preview:-1\" \/>\n<link rel=\"canonical\" href=\"https:\/\/rotary.fi\/kemi-meri-kemi\/mita-teemme\/hauskat-tapahtumamme\/\" \/>\n<meta property=\"og:locale\" content=\"fi_FI\" \/>\n<meta property=\"og:type\" content=\"article\" \/>\n<meta property=\"og:title\" content=\"Hauskat tapahtumamme - Kemi ja Meri-Kemi\" \/>\n<meta property=\"og:description\" content=\"Hauskat tapahtumamme Viikkokokousten, yritysvierailujen ja palveluprojektien lis\u00e4ksi klubiemme ohjelmaan kuuluu yhteist\u00e4 hauskanpitoa. Useimpina vuosina t\u00e4h\u00e4n on sis\u00e4ltynyt yhteinen\u00a0 \u00a0 \u00a0 \u00a0 K\u00e4\u00e4tyjenvaihtotilaisuus\u00a0\u00a0 \u00a0 \u00a0 \u00a0 Klubien syntym\u00e4p\u00e4iv\u00e4juhla\u00a0 \u00a0 \u00a0 \u00a0 Joululounas\u00a0\u00a0 \u00a0 \u00a0 \u00a0 Polioker\u00e4ystapahtuma \u00a0 \u00a0 \u00a0 ja mm. j\u00e4rjest\u00f6messut, Nalletohtorip\u00e4iv\u00e4 ja \u00c4l\u00e4 kiusaa -tapahtuma.\u00a0\" \/>\n<meta property=\"og:url\" content=\"https:\/\/rotary.fi\/kemi-meri-kemi\/mita-teemme\/hauskat-tapahtumamme\/\" \/>\n<meta property=\"og:site_name\" content=\"Kemi ja Meri-Kemi\" \/>\n<meta property=\"article:modified_time\" content=\"2024-12-07T20:09:58+00:00\" \/>\n<meta name=\"twitter:card\" content=\"summary_large_image\" \/>\n<meta name=\"twitter:label1\" content=\"Arvioitu lukuaika\" \/>\n\t<meta name=\"twitter:data1\" content=\"1 minuutti\" \/>\n<script type=\"application\/ld+json\" class=\"yoast-schema-graph\">{\"@context\":\"https:\/\/schema.org\",\"@graph\":[{\"@type\":\"WebPage\",\"@id\":\"https:\/\/rotary.fi\/kemi-meri-kemi\/mita-teemme\/hauskat-tapahtumamme\/\",\"url\":\"https:\/\/rotary.fi\/kemi-meri-kemi\/mita-teemme\/hauskat-tapahtumamme\/\",\"name\":\"Hauskat tapahtumamme - Kemi ja Meri-Kemi\",\"isPartOf\":{\"@id\":\"https:\/\/rotary.fi\/kemi-meri-kemi\/#website\"},\"datePublished\":\"2018-08-13T06:49:16+00:00\",\"dateModified\":\"2024-12-07T20:09:58+00:00\",\"breadcrumb\":{\"@id\":\"https:\/\/rotary.fi\/kemi-meri-kemi\/mita-teemme\/hauskat-tapahtumamme\/#breadcrumb\"},\"inLanguage\":\"fi\",\"potentialAction\":[{\"@type\":\"ReadAction\",\"target\":[\"https:\/\/rotary.fi\/kemi-meri-kemi\/mita-teemme\/hauskat-tapahtumamme\/\"]}]},{\"@type\":\"BreadcrumbList\",\"@id\":\"https:\/\/rotary.fi\/kemi-meri-kemi\/mita-teemme\/hauskat-tapahtumamme\/#breadcrumb\",\"itemListElement\":[{\"@type\":\"ListItem\",\"position\":1,\"name\":\"Home\",\"item\":\"https:\/\/rotary.fi\/kemi-meri-kemi\/\"},{\"@type\":\"ListItem\",\"position\":2,\"name\":\"Mit\u00e4 teemme\",\"item\":\"https:\/\/rotary.fi\/kemi-meri-kemi\/mita-teemme\/\"},{\"@type\":\"ListItem\",\"position\":3,\"name\":\"Hauskat tapahtumamme\"}]},{\"@type\":\"WebSite\",\"@id\":\"https:\/\/rotary.fi\/kemi-meri-kemi\/#website\",\"url\":\"https:\/\/rotary.fi\/kemi-meri-kemi\/\",\"name\":\"Kemi ja Meri-Kemi\",\"description\":\"Uusi Rotary klubisivusto\",\"potentialAction\":[{\"@type\":\"SearchAction\",\"target\":{\"@type\":\"EntryPoint\",\"urlTemplate\":\"https:\/\/rotary.fi\/kemi-meri-kemi\/?s={search_term_string}\"},\"query-input\":{\"@type\":\"PropertyValueSpecification\",\"valueRequired\":true,\"valueName\":\"search_term_string\"}}],\"inLanguage\":\"fi\"}]}<\/script>\n<!-- \/ Yoast SEO plugin. -->","yoast_head_json":{"title":"Hauskat tapahtumamme - Kemi ja Meri-Kemi","robots":{"index":"index","follow":"follow","max-snippet":"max-snippet:-1","max-image-preview":"max-image-preview:large","max-video-preview":"max-video-preview:-1"},"canonical":"https:\/\/rotary.fi\/kemi-meri-kemi\/mita-teemme\/hauskat-tapahtumamme\/","og_locale":"fi_FI","og_type":"article","og_title":"Hauskat tapahtumamme - Kemi ja Meri-Kemi","og_description":"Hauskat tapahtumamme Viikkokokousten, yritysvierailujen ja palveluprojektien lis\u00e4ksi klubiemme ohjelmaan kuuluu yhteist\u00e4 hauskanpitoa. Useimpina vuosina t\u00e4h\u00e4n on sis\u00e4ltynyt yhteinen\u00a0 \u00a0 \u00a0 \u00a0 K\u00e4\u00e4tyjenvaihtotilaisuus\u00a0\u00a0 \u00a0 \u00a0 \u00a0 Klubien syntym\u00e4p\u00e4iv\u00e4juhla\u00a0 \u00a0 \u00a0 \u00a0 Joululounas\u00a0\u00a0 \u00a0 \u00a0 \u00a0 Polioker\u00e4ystapahtuma \u00a0 \u00a0 \u00a0 ja mm. j\u00e4rjest\u00f6messut, Nalletohtorip\u00e4iv\u00e4 ja \u00c4l\u00e4 kiusaa -tapahtuma.\u00a0","og_url":"https:\/\/rotary.fi\/kemi-meri-kemi\/mita-teemme\/hauskat-tapahtumamme\/","og_site_name":"Kemi ja Meri-Kemi","article_modified_time":"2024-12-07T20:09:58+00:00","twitter_card":"summary_large_image","twitter_misc":{"Arvioitu lukuaika":"1 minuutti"},"schema":{"@context":"https:\/\/schema.org","@graph":[{"@type":"WebPage","@id":"https:\/\/rotary.fi\/kemi-meri-kemi\/mita-teemme\/hauskat-tapahtumamme\/","url":"https:\/\/rotary.fi\/kemi-meri-kemi\/mita-teemme\/hauskat-tapahtumamme\/","name":"Hauskat tapahtumamme - Kemi ja Meri-Kemi","isPartOf":{"@id":"https:\/\/rotary.fi\/kemi-meri-kemi\/#website"},"datePublished":"2018-08-13T06:49:16+00:00","dateModified":"2024-12-07T20:09:58+00:00","breadcrumb":{"@id":"https:\/\/rotary.fi\/kemi-meri-kemi\/mita-teemme\/hauskat-tapahtumamme\/#breadcrumb"},"inLanguage":"fi","potentialAction":[{"@type":"ReadAction","target":["https:\/\/rotary.fi\/kemi-meri-kemi\/mita-teemme\/hauskat-tapahtumamme\/"]}]},{"@type":"BreadcrumbList","@id":"https:\/\/rotary.fi\/kemi-meri-kemi\/mita-teemme\/hauskat-tapahtumamme\/#breadcrumb","itemListElement":[{"@type":"ListItem","position":1,"name":"Home","item":"https:\/\/rotary.fi\/kemi-meri-kemi\/"},{"@type":"ListItem","position":2,"name":"Mit\u00e4 teemme","item":"https:\/\/rotary.fi\/kemi-meri-kemi\/mita-teemme\/"},{"@type":"ListItem","position":3,"name":"Hauskat tapahtumamme"}]},{"@type":"WebSite","@id":"https:\/\/rotary.fi\/kemi-meri-kemi\/#website","url":"https:\/\/rotary.fi\/kemi-meri-kemi\/","name":"Kemi ja Meri-Kemi","description":"Uusi Rotary klubisivusto","potentialAction":[{"@type":"SearchAction","target":{"@type":"EntryPoint","urlTemplate":"https:\/\/rotary.fi\/kemi-meri-kemi\/?s={search_term_string}"},"query-input":{"@type":"PropertyValueSpecification","valueRequired":true,"valueName":"search_term_string"}}],"inLanguage":"fi"}]}},"lang":"fi","translations":{"fi":160},"pll_sync_post":[],"_links":{"self":[{"href":"https:\/\/rotary.fi\/kemi-meri-kemi\/wp-json\/wp\/v2\/pages\/160","targetHints":{"allow":["GET"]}}],"collection":[{"href":"https:\/\/rotary.fi\/kemi-meri-kemi\/wp-json\/wp\/v2\/pages"}],"about":[{"href":"https:\/\/rotary.fi\/kemi-meri-kemi\/wp-json\/wp\/v2\/types\/page"}],"author":[{"embeddable":true,"href":"https:\/\/rotary.fi\/kemi-meri-kemi\/wp-json\/wp\/v2\/users\/1"}],"replies":[{"embeddable":true,"href":"https:\/\/rotary.fi\/kemi-meri-kemi\/wp-json\/wp\/v2\/comments?post=160"}],"version-history":[{"count":10,"href":"https:\/\/rotary.fi\/kemi-meri-kemi\/wp-json\/wp\/v2\/pages\/160\/revisions"}],"predecessor-version":[{"id":2253,"href":"https:\/\/rotary.fi\/kemi-meri-kemi\/wp-json\/wp\/v2\/pages\/160\/revisions\/2253"}],"up":[{"embeddable":true,"href":"https:\/\/rotary.fi\/kemi-meri-kemi\/wp-json\/wp\/v2\/pages\/77"}],"wp:attachment":[{"href":"https:\/\/rotary.fi\/kemi-meri-kemi\/wp-json\/wp\/v2\/media?parent=160"}],"curies":[{"name":"wp","href":"https:\/\/api.w.org\/{rel}","templated":true}]}}