{"id":158,"date":"2018-08-13T09:47:58","date_gmt":"2018-08-13T06:47:58","guid":{"rendered":"https:\/\/rotary.fi\/kemi-meri-kemi\/?page_id=158"},"modified":"2024-12-04T21:46:54","modified_gmt":"2024-12-04T19:46:54","slug":"tuemme-rotarysaatiota","status":"publish","type":"page","link":"https:\/\/rotary.fi\/kemi-meri-kemi\/mita-teemme\/tuemme-rotarysaatiota\/","title":{"rendered":"Tuemme Rotarys\u00e4\u00e4ti\u00f6t\u00e4"},"content":{"rendered":"<p>[et_pb_section fb_built=&#8221;1&#8243; module_class=&#8221;jumbotron-page&#8221; _builder_version=&#8221;4.27.0&#8243; background_image=&#8221;https:\/\/rotary.fi\/kemi-meri-kemi\/wp-content\/uploads\/sites\/259\/2024\/12\/img-2249.jpg&#8221; hover_enabled=&#8221;0&#8243; global_colors_info=&#8221;{}&#8221; sticky_enabled=&#8221;0&#8243; title_text=&#8221;IMG_2249&#8243; max_width=&#8221;100%&#8221; width=&#8221;100%&#8221; min_height=&#8221;448px&#8221; height=&#8221;100px&#8221; transform_translate=&#8221;4px|0px&#8221;][et_pb_row _builder_version=&#8221;4.16&#8243; background_size=&#8221;initial&#8221; background_position=&#8221;top_left&#8221; background_repeat=&#8221;repeat&#8221; global_colors_info=&#8221;{}&#8221;][et_pb_column type=&#8221;4_4&#8243; _builder_version=&#8221;4.16&#8243; custom_padding=&#8221;|||&#8221; global_colors_info=&#8221;{}&#8221; custom_padding__hover=&#8221;|||&#8221;][et_pb_text admin_label=&#8221;P\u00e4\u00e4otsikko&#8221; _builder_version=&#8221;4.27.0&#8243; text_orientation=&#8221;center&#8221; background_layout=&#8221;dark&#8221; hover_enabled=&#8221;0&#8243; global_colors_info=&#8221;{}&#8221; transform_translate=&#8221;-3px|220px&#8221; sticky_enabled=&#8221;0&#8243;]<\/p>\n<h1>Tuemme Rotarys\u00e4\u00e4ti\u00f6t\u00e4<\/h1>\n<p>[\/et_pb_text][\/et_pb_column][\/et_pb_row][\/et_pb_section][et_pb_section fb_built=&#8221;1&#8243; specialty=&#8221;on&#8221; module_class_2=&#8221;sivupalkki&#8221; _builder_version=&#8221;4.16&#8243; global_colors_info=&#8221;{}&#8221;][et_pb_column type=&#8221;2_3&#8243; specialty_columns=&#8221;2&#8243; _builder_version=&#8221;4.16&#8243; custom_padding=&#8221;|||&#8221; global_colors_info=&#8221;{}&#8221; custom_padding__hover=&#8221;|||&#8221;][et_pb_row_inner admin_label=&#8221;Rivi&#8221; _builder_version=&#8221;4.16&#8243; global_colors_info=&#8221;{}&#8221;][et_pb_column_inner saved_specialty_column_type=&#8221;2_3&#8243; _builder_version=&#8221;4.16&#8243; custom_padding=&#8221;|||&#8221; global_colors_info=&#8221;{}&#8221; custom_padding__hover=&#8221;|||&#8221;][et_pb_text admin_label=&#8221;Tuemme Rotarys\u00e4\u00e4ti\u00f6t\u00e4 &#8211; Otsikko&#8221; _builder_version=&#8221;4.16&#8243; text_orientation=&#8221;center&#8221; global_colors_info=&#8221;{}&#8221;][\/et_pb_text][et_pb_text _builder_version=&#8221;4.16&#8243; global_colors_info=&#8221;{}&#8221;]<\/p>\n<p><span style=\"font-size: 16px\"><\/span><\/p>\n<p><span style=\"font-size: 16px\">Teemme sek\u00e4 omalla alueellamme ett\u00e4 ulkomailla humanitaarisia hankkeita, joihin saamme Rotarys\u00e4\u00e4ti\u00f6n tukea. Niinp\u00e4 my\u00f6s osaltamme autamme Rotarys\u00e4\u00e4ti\u00f6t\u00e4 klubimme lahjoituksin. My\u00f6s useat j\u00e4senemme ovat ottaneet tavakseen lahjoittaa Rotarys\u00e4\u00e4ti\u00f6n vuosirahastoon ainakin 100 dollarin verran vuosittain. Jokainen j\u00e4sen tukee my\u00f6s Polion h\u00e4vitt\u00e4mist\u00e4 maapallolta lahjoittamalla Polio rahastoon.<\/span><\/p>\n<p><span style=\"font-size: 16px\"><\/span><\/p>\n<p><span style=\"font-size: 16px\"><\/span><\/p>\n<p>&nbsp;<\/p>\n<p>[\/et_pb_text][et_pb_image src=&#8221;https:\/\/rotary.fi\/kemi-meri-kemi\/wp-content\/uploads\/sites\/259\/2024\/12\/img-3301.jpg&#8221; title_text=&#8221;IMG_3301&#8243; _builder_version=&#8221;4.27.0&#8243; _module_preset=&#8221;default&#8221; hover_enabled=&#8221;0&#8243; global_colors_info=&#8221;{}&#8221; width=&#8221;51%&#8221; sticky_enabled=&#8221;0&#8243;][\/et_pb_image][\/et_pb_column_inner][\/et_pb_row_inner][\/et_pb_column][et_pb_column type=&#8221;1_3&#8243; _builder_version=&#8221;4.16&#8243; custom_padding=&#8221;|||&#8221; global_colors_info=&#8221;{}&#8221; custom_padding__hover=&#8221;|||&#8221;][et_pb_sidebar area=&#8221;sidebar-1&#8243; module_class=&#8221;sivupalkki_sisalto&#8221; _builder_version=&#8221;4.16&#8243; locked=&#8221;on&#8221; global_colors_info=&#8221;{}&#8221;]<br \/>\n[\/et_pb_sidebar][\/et_pb_column][\/et_pb_section]<\/p>\n","protected":false},"excerpt":{"rendered":"<p>Tuemme Rotarys\u00e4\u00e4ti\u00f6t\u00e4 Teemme sek\u00e4 omalla alueellamme ett\u00e4 ulkomailla humanitaarisia hankkeita, joihin saamme Rotarys\u00e4\u00e4ti\u00f6n tukea. Niinp\u00e4 my\u00f6s osaltamme autamme Rotarys\u00e4\u00e4ti\u00f6t\u00e4 klubimme lahjoituksin. My\u00f6s useat j\u00e4senemme ovat ottaneet tavakseen lahjoittaa Rotarys\u00e4\u00e4ti\u00f6n vuosirahastoon ainakin 100 dollarin verran vuosittain. Jokainen j\u00e4sen tukee my\u00f6s Polion h\u00e4vitt\u00e4mist\u00e4 maapallolta lahjoittamalla Polio rahastoon. &nbsp;<\/p>\n","protected":false},"author":1,"featured_media":0,"parent":77,"menu_order":0,"comment_status":"closed","ping_status":"closed","template":"","meta":{"_acf_changed":false,"_et_pb_use_builder":"on","_et_pb_old_content":"","_et_gb_content_width":"","footnotes":""},"class_list":["post-158","page","type-page","status-publish","hentry"],"acf":[],"yoast_head":"<!-- This site is optimized with the Yoast SEO plugin v27.0 - https:\/\/yoast.com\/product\/yoast-seo-wordpress\/ -->\n<title>Tuemme Rotarys\u00e4\u00e4ti\u00f6t\u00e4 - Kemi ja Meri-Kemi<\/title>\n<meta name=\"robots\" content=\"index, follow, max-snippet:-1, max-image-preview:large, max-video-preview:-1\" \/>\n<link rel=\"canonical\" href=\"https:\/\/rotary.fi\/kemi-meri-kemi\/mita-teemme\/tuemme-rotarysaatiota\/\" \/>\n<meta property=\"og:locale\" content=\"fi_FI\" \/>\n<meta property=\"og:type\" content=\"article\" \/>\n<meta property=\"og:title\" content=\"Tuemme Rotarys\u00e4\u00e4ti\u00f6t\u00e4 - Kemi ja Meri-Kemi\" \/>\n<meta property=\"og:description\" content=\"Tuemme Rotarys\u00e4\u00e4ti\u00f6t\u00e4 Teemme sek\u00e4 omalla alueellamme ett\u00e4 ulkomailla humanitaarisia hankkeita, joihin saamme Rotarys\u00e4\u00e4ti\u00f6n tukea. Niinp\u00e4 my\u00f6s osaltamme autamme Rotarys\u00e4\u00e4ti\u00f6t\u00e4 klubimme lahjoituksin. My\u00f6s useat j\u00e4senemme ovat ottaneet tavakseen lahjoittaa Rotarys\u00e4\u00e4ti\u00f6n vuosirahastoon ainakin 100 dollarin verran vuosittain. Jokainen j\u00e4sen tukee my\u00f6s Polion h\u00e4vitt\u00e4mist\u00e4 maapallolta lahjoittamalla Polio rahastoon. &nbsp;\" \/>\n<meta property=\"og:url\" content=\"https:\/\/rotary.fi\/kemi-meri-kemi\/mita-teemme\/tuemme-rotarysaatiota\/\" \/>\n<meta property=\"og:site_name\" content=\"Kemi ja Meri-Kemi\" \/>\n<meta property=\"article:modified_time\" content=\"2024-12-04T19:46:54+00:00\" \/>\n<meta name=\"twitter:card\" content=\"summary_large_image\" \/>\n<meta name=\"twitter:label1\" content=\"Arvioitu lukuaika\" \/>\n\t<meta name=\"twitter:data1\" content=\"1 minuutti\" \/>\n<script type=\"application\/ld+json\" class=\"yoast-schema-graph\">{\"@context\":\"https:\/\/schema.org\",\"@graph\":[{\"@type\":\"WebPage\",\"@id\":\"https:\/\/rotary.fi\/kemi-meri-kemi\/mita-teemme\/tuemme-rotarysaatiota\/\",\"url\":\"https:\/\/rotary.fi\/kemi-meri-kemi\/mita-teemme\/tuemme-rotarysaatiota\/\",\"name\":\"Tuemme Rotarys\u00e4\u00e4ti\u00f6t\u00e4 - Kemi ja Meri-Kemi\",\"isPartOf\":{\"@id\":\"https:\/\/rotary.fi\/kemi-meri-kemi\/#website\"},\"datePublished\":\"2018-08-13T06:47:58+00:00\",\"dateModified\":\"2024-12-04T19:46:54+00:00\",\"breadcrumb\":{\"@id\":\"https:\/\/rotary.fi\/kemi-meri-kemi\/mita-teemme\/tuemme-rotarysaatiota\/#breadcrumb\"},\"inLanguage\":\"fi\",\"potentialAction\":[{\"@type\":\"ReadAction\",\"target\":[\"https:\/\/rotary.fi\/kemi-meri-kemi\/mita-teemme\/tuemme-rotarysaatiota\/\"]}]},{\"@type\":\"BreadcrumbList\",\"@id\":\"https:\/\/rotary.fi\/kemi-meri-kemi\/mita-teemme\/tuemme-rotarysaatiota\/#breadcrumb\",\"itemListElement\":[{\"@type\":\"ListItem\",\"position\":1,\"name\":\"Home\",\"item\":\"https:\/\/rotary.fi\/kemi-meri-kemi\/\"},{\"@type\":\"ListItem\",\"position\":2,\"name\":\"Mit\u00e4 teemme\",\"item\":\"https:\/\/rotary.fi\/kemi-meri-kemi\/mita-teemme\/\"},{\"@type\":\"ListItem\",\"position\":3,\"name\":\"Tuemme Rotarys\u00e4\u00e4ti\u00f6t\u00e4\"}]},{\"@type\":\"WebSite\",\"@id\":\"https:\/\/rotary.fi\/kemi-meri-kemi\/#website\",\"url\":\"https:\/\/rotary.fi\/kemi-meri-kemi\/\",\"name\":\"Kemi ja Meri-Kemi\",\"description\":\"Uusi Rotary klubisivusto\",\"potentialAction\":[{\"@type\":\"SearchAction\",\"target\":{\"@type\":\"EntryPoint\",\"urlTemplate\":\"https:\/\/rotary.fi\/kemi-meri-kemi\/?s={search_term_string}\"},\"query-input\":{\"@type\":\"PropertyValueSpecification\",\"valueRequired\":true,\"valueName\":\"search_term_string\"}}],\"inLanguage\":\"fi\"}]}<\/script>\n<!-- \/ Yoast SEO plugin. -->","yoast_head_json":{"title":"Tuemme Rotarys\u00e4\u00e4ti\u00f6t\u00e4 - Kemi ja Meri-Kemi","robots":{"index":"index","follow":"follow","max-snippet":"max-snippet:-1","max-image-preview":"max-image-preview:large","max-video-preview":"max-video-preview:-1"},"canonical":"https:\/\/rotary.fi\/kemi-meri-kemi\/mita-teemme\/tuemme-rotarysaatiota\/","og_locale":"fi_FI","og_type":"article","og_title":"Tuemme Rotarys\u00e4\u00e4ti\u00f6t\u00e4 - Kemi ja Meri-Kemi","og_description":"Tuemme Rotarys\u00e4\u00e4ti\u00f6t\u00e4 Teemme sek\u00e4 omalla alueellamme ett\u00e4 ulkomailla humanitaarisia hankkeita, joihin saamme Rotarys\u00e4\u00e4ti\u00f6n tukea. Niinp\u00e4 my\u00f6s osaltamme autamme Rotarys\u00e4\u00e4ti\u00f6t\u00e4 klubimme lahjoituksin. My\u00f6s useat j\u00e4senemme ovat ottaneet tavakseen lahjoittaa Rotarys\u00e4\u00e4ti\u00f6n vuosirahastoon ainakin 100 dollarin verran vuosittain. Jokainen j\u00e4sen tukee my\u00f6s Polion h\u00e4vitt\u00e4mist\u00e4 maapallolta lahjoittamalla Polio rahastoon. &nbsp;","og_url":"https:\/\/rotary.fi\/kemi-meri-kemi\/mita-teemme\/tuemme-rotarysaatiota\/","og_site_name":"Kemi ja Meri-Kemi","article_modified_time":"2024-12-04T19:46:54+00:00","twitter_card":"summary_large_image","twitter_misc":{"Arvioitu lukuaika":"1 minuutti"},"schema":{"@context":"https:\/\/schema.org","@graph":[{"@type":"WebPage","@id":"https:\/\/rotary.fi\/kemi-meri-kemi\/mita-teemme\/tuemme-rotarysaatiota\/","url":"https:\/\/rotary.fi\/kemi-meri-kemi\/mita-teemme\/tuemme-rotarysaatiota\/","name":"Tuemme Rotarys\u00e4\u00e4ti\u00f6t\u00e4 - Kemi ja Meri-Kemi","isPartOf":{"@id":"https:\/\/rotary.fi\/kemi-meri-kemi\/#website"},"datePublished":"2018-08-13T06:47:58+00:00","dateModified":"2024-12-04T19:46:54+00:00","breadcrumb":{"@id":"https:\/\/rotary.fi\/kemi-meri-kemi\/mita-teemme\/tuemme-rotarysaatiota\/#breadcrumb"},"inLanguage":"fi","potentialAction":[{"@type":"ReadAction","target":["https:\/\/rotary.fi\/kemi-meri-kemi\/mita-teemme\/tuemme-rotarysaatiota\/"]}]},{"@type":"BreadcrumbList","@id":"https:\/\/rotary.fi\/kemi-meri-kemi\/mita-teemme\/tuemme-rotarysaatiota\/#breadcrumb","itemListElement":[{"@type":"ListItem","position":1,"name":"Home","item":"https:\/\/rotary.fi\/kemi-meri-kemi\/"},{"@type":"ListItem","position":2,"name":"Mit\u00e4 teemme","item":"https:\/\/rotary.fi\/kemi-meri-kemi\/mita-teemme\/"},{"@type":"ListItem","position":3,"name":"Tuemme Rotarys\u00e4\u00e4ti\u00f6t\u00e4"}]},{"@type":"WebSite","@id":"https:\/\/rotary.fi\/kemi-meri-kemi\/#website","url":"https:\/\/rotary.fi\/kemi-meri-kemi\/","name":"Kemi ja Meri-Kemi","description":"Uusi Rotary klubisivusto","potentialAction":[{"@type":"SearchAction","target":{"@type":"EntryPoint","urlTemplate":"https:\/\/rotary.fi\/kemi-meri-kemi\/?s={search_term_string}"},"query-input":{"@type":"PropertyValueSpecification","valueRequired":true,"valueName":"search_term_string"}}],"inLanguage":"fi"}]}},"lang":"fi","translations":{"fi":158},"pll_sync_post":[],"_links":{"self":[{"href":"https:\/\/rotary.fi\/kemi-meri-kemi\/wp-json\/wp\/v2\/pages\/158","targetHints":{"allow":["GET"]}}],"collection":[{"href":"https:\/\/rotary.fi\/kemi-meri-kemi\/wp-json\/wp\/v2\/pages"}],"about":[{"href":"https:\/\/rotary.fi\/kemi-meri-kemi\/wp-json\/wp\/v2\/types\/page"}],"author":[{"embeddable":true,"href":"https:\/\/rotary.fi\/kemi-meri-kemi\/wp-json\/wp\/v2\/users\/1"}],"replies":[{"embeddable":true,"href":"https:\/\/rotary.fi\/kemi-meri-kemi\/wp-json\/wp\/v2\/comments?post=158"}],"version-history":[{"count":11,"href":"https:\/\/rotary.fi\/kemi-meri-kemi\/wp-json\/wp\/v2\/pages\/158\/revisions"}],"predecessor-version":[{"id":2221,"href":"https:\/\/rotary.fi\/kemi-meri-kemi\/wp-json\/wp\/v2\/pages\/158\/revisions\/2221"}],"up":[{"embeddable":true,"href":"https:\/\/rotary.fi\/kemi-meri-kemi\/wp-json\/wp\/v2\/pages\/77"}],"wp:attachment":[{"href":"https:\/\/rotary.fi\/kemi-meri-kemi\/wp-json\/wp\/v2\/media?parent=158"}],"curies":[{"name":"wp","href":"https:\/\/api.w.org\/{rel}","templated":true}]}}