{"id":138,"date":"2018-08-10T14:01:44","date_gmt":"2018-08-10T11:01:44","guid":{"rendered":"https:\/\/rotary.fi\/klubi2\/?page_id=138"},"modified":"2025-02-12T13:52:36","modified_gmt":"2025-02-12T11:52:36","slug":"vuositeema","status":"publish","type":"page","link":"https:\/\/rotary.fi\/kemi-meri-kemi\/keita-olemme\/vuositeema\/","title":{"rendered":"Vuositeema"},"content":{"rendered":"<p>[et_pb_section fb_built=&#8221;1&#8243; module_class=&#8221;jumbotron-page&#8221; _builder_version=&#8221;4.16&#8243; background_image=&#8221;https:\/\/rotary.fi\/kemi-meri-kemi\/wp-content\/uploads\/sites\/259\/2018\/10\/rotary_klubit_alasivu_paakuva_14.jpg&#8221; global_colors_info=&#8221;{}&#8221;][et_pb_row _builder_version=&#8221;4.16&#8243; background_size=&#8221;initial&#8221; background_position=&#8221;top_left&#8221; background_repeat=&#8221;repeat&#8221; global_colors_info=&#8221;{}&#8221;][et_pb_column type=&#8221;4_4&#8243; _builder_version=&#8221;4.16&#8243; custom_padding=&#8221;|||&#8221; global_colors_info=&#8221;{}&#8221; custom_padding__hover=&#8221;|||&#8221;][et_pb_text admin_label=&#8221;P\u00e4\u00e4otsikko&#8221; _builder_version=&#8221;4.16&#8243; text_orientation=&#8221;center&#8221; background_layout=&#8221;dark&#8221; global_colors_info=&#8221;{}&#8221;]<\/p>\n<h1>Vuositeema<\/h1>\n<p>&nbsp;<\/p>\n<p>[\/et_pb_text][\/et_pb_column][\/et_pb_row][\/et_pb_section][et_pb_section fb_built=&#8221;1&#8243; specialty=&#8221;on&#8221; module_class_2=&#8221;sivupalkki&#8221; _builder_version=&#8221;4.16&#8243; global_colors_info=&#8221;{}&#8221;][et_pb_column type=&#8221;2_3&#8243; specialty_columns=&#8221;2&#8243; _builder_version=&#8221;4.16&#8243; custom_padding=&#8221;|||&#8221; global_colors_info=&#8221;{}&#8221; custom_padding__hover=&#8221;|||&#8221;][et_pb_row_inner admin_label=&#8221;Rivi&#8221; _builder_version=&#8221;4.16&#8243; width=&#8221;79.1%&#8221; global_colors_info=&#8221;{}&#8221;][et_pb_column_inner saved_specialty_column_type=&#8221;2_3&#8243; _builder_version=&#8221;4.16&#8243; custom_padding=&#8221;|||&#8221; global_colors_info=&#8221;{}&#8221; custom_padding__hover=&#8221;|||&#8221;][et_pb_text admin_label=&#8221;Rotary Internationalin vuositeema &#8211; Otsikko&#8221; _builder_version=&#8221;4.27.0&#8243; transform_scale=&#8221;112%|112%&#8221; text_orientation=&#8221;center&#8221; width=&#8221;92%&#8221; max_width=&#8221;94%&#8221; custom_padding=&#8221;|0px||||&#8221; global_colors_info=&#8221;{}&#8221; inline_fonts=&#8221;ABeeZee&#8221;]<\/p>\n<h2><span style=\"font-family: inherit;font-weight: normal\"><strong><span style=\"font-size: xx-large\">Rotary<\/span><\/strong><\/span><\/h2>\n<h2><span style=\"font-family: inherit;font-weight: normal\"><strong><span style=\"font-size: xx-large\">Internationalin <\/span><\/strong><\/span><\/h2>\n<h2><span style=\"font-family: inherit;font-weight: normal\"><strong><span style=\"font-size: xx-large\">vuositeema<\/span><\/strong><\/span><\/h2>\n<p>[\/et_pb_text][et_pb_text admin_label=&#8221;Teksti&#8221; _builder_version=&#8221;4.21.0&#8243; global_colors_info=&#8221;{}&#8221;]<\/p>\n<p>&nbsp;<\/p>\n<p>Rotary Internationalin presidentti Stephanie Urchick on nimennyt presidenttivuotensa 2024 &#8211; 2025 teemaksi<\/p>\n<p><b>Rotaryn taikaa \/ The Magic Of Rotary<\/b><\/p>\n<blockquote>\n<p>&#8221;J\u00e4senet ovat Rotaryn taika. Jokainen projekti, joka on tehty, jokainen hyv\u00e4ntekev\u00e4isyyteen ker\u00e4tty raha tai uusien j\u00e4senien mukaantulo toimintaan ovat osa t\u00e4t\u00e4 taikaa. Jatkamme taistelua polion h\u00e4vitt\u00e4miseksi. Kamppailemme my\u00f6s positiivisen rauhan edest\u00e4.&#8221;<\/p>\n<p>&nbsp;<\/p>\n<h4><strong>J\u00e4senkokemus keski\u00f6ss\u00e4<\/strong><\/h4>\n<p><strong><\/strong><\/p>\n<p><span>J\u00e4senkokemus ja se, ett\u00e4 j\u00e4senen\u00e4 sinusta on mukava toimia mukana toisten rotarien kanssa, ovat keski\u00f6ss\u00e4 Rotaryn kehitt\u00e4misess\u00e4. Uudet j\u00e4senet tuovat uusia ideoita toimintaan. Uudet tavat toimia puolestaan houkuttelevat uusia erilaisia j\u00e4seni\u00e4.<\/span><\/p>\n<p>&nbsp;<\/p>\n<p>Rotary on parhaimmillaan silloin, kun mukana on erilaisia j\u00e4seni\u00e4. Monimuotoinen j\u00e4senist\u00f6 on voimavaramme. Yhteis\u00f6t ymp\u00e4rill\u00e4mme muuttuvat, niin muuttuu my\u00f6s Rotary j\u00e4rjest\u00f6n\u00e4. Sen vuoksi panostuksemme monimuotoisuuteen, oikeudenmukaisuuteen ja inklusiiviseen klubitoimintaan on t\u00e4rke\u00e4\u00e4 toimintamme kehitt\u00e4misess\u00e4 ja uusien j\u00e4senien houkuttelemisessa mukaan toimintaamme.<\/p>\n<p>&nbsp;<\/p>\n<\/blockquote>\n<p>Muita teemavuoden aiheita ovat:<\/p>\n<p>Positiivisen rauhan rakentaminen<\/p>\n<p>Rauhan rakentaminen on Rotaryn keski\u00f6ss\u00e4. Edist\u00e4mme monissa palveluprojekteissamme positiivisen rauhan edellytyksi\u00e4. Teemme jatkuvasti t\u00f6it\u00e4 esteiden ylitt\u00e4miseksi ja uusien ihmisten v\u00e4listen yhteyksien luomiseksi.<\/p>\n<p>Tytt\u00f6jen voimaannuttaminen<\/p>\n<p>Tytt\u00f6jen voimaannuttaminen on teema, joka jatkuu edellisen Rotary Internationalin presidentin kaudelta. T\u00e4ll\u00e4 teemalla haluamme edist\u00e4\u00e4 tytt\u00f6jen terveytt\u00e4, hyvinvointia, koulutusta, taloudellista turvaa ja itsem\u00e4\u00e4r\u00e4\u00e4misoikeutta maailmassa.<\/p>\n<p>Olemme esimerkiksi mukana hankkeessa, jossa intialaiseen tytt\u00f6jen kouluun hankintaan sanitaatioj\u00e4rjestelm\u00e4. T\u00e4m\u00e4 edist\u00e4\u00e4 tytt\u00f6jen mahdollisuutta k\u00e4yd\u00e4 koulua.<\/p>\n<p>[\/et_pb_text][et_pb_image src=&#8221;https:\/\/rotary.fi\/kemi-meri-kemi\/wp-content\/uploads\/sites\/259\/2024\/08\/t2425en-logo-rgb.png&#8221; title_text=&#8221;T2425EN-Logo-RGB&#8221; align=&#8221;right&#8221; _builder_version=&#8221;4.25.2&#8243; _module_preset=&#8221;default&#8221; custom_padding=&#8221;|289px||||&#8221; global_colors_info=&#8221;{}&#8221;][\/et_pb_image][et_pb_image admin_label=&#8221;Kuva&#8221; _builder_version=&#8221;4.16&#8243; _module_preset=&#8221;default&#8221; global_colors_info=&#8221;{}&#8221;][\/et_pb_image][\/et_pb_column_inner][\/et_pb_row_inner][et_pb_row_inner admin_label=&#8221;Rivi&#8221; _builder_version=&#8221;4.16&#8243; global_colors_info=&#8221;{}&#8221;][et_pb_column_inner saved_specialty_column_type=&#8221;2_3&#8243; _builder_version=&#8221;4.16&#8243; custom_padding=&#8221;|||&#8221; global_colors_info=&#8221;{}&#8221; custom_padding__hover=&#8221;|||&#8221;][\/et_pb_column_inner][\/et_pb_row_inner][\/et_pb_column][et_pb_column type=&#8221;1_3&#8243; _builder_version=&#8221;4.16&#8243; custom_padding=&#8221;|||&#8221; global_colors_info=&#8221;{}&#8221; custom_padding__hover=&#8221;|||&#8221;][et_pb_sidebar area=&#8221;sidebar-1&#8243; module_class=&#8221;sivupalkki_sisalto&#8221; _builder_version=&#8221;4.16&#8243; locked=&#8221;on&#8221; global_colors_info=&#8221;{}&#8221;][\/et_pb_sidebar][\/et_pb_column][\/et_pb_section]<\/p>\n","protected":false},"excerpt":{"rendered":"<p>Vuositeema &nbsp; Rotary Internationalin vuositeema&nbsp; Rotary Internationalin presidentti Stephanie Urchick on nimennyt presidenttivuotensa 2024 &#8211; 2025 teemaksi Rotaryn taikaa \/ The Magic Of Rotary &#8221;J\u00e4senet ovat Rotaryn taika. Jokainen projekti, joka on tehty, jokainen hyv\u00e4ntekev\u00e4isyyteen ker\u00e4tty raha tai uusien j\u00e4senien mukaantulo toimintaan ovat osa t\u00e4t\u00e4 taikaa. Jatkamme taistelua polion h\u00e4vitt\u00e4miseksi. Kamppailemme my\u00f6s positiivisen rauhan edest\u00e4.&#8221; [&hellip;]<\/p>\n","protected":false},"author":1,"featured_media":0,"parent":129,"menu_order":0,"comment_status":"closed","ping_status":"closed","template":"","meta":{"_acf_changed":false,"_et_pb_use_builder":"on","_et_pb_old_content":"","_et_gb_content_width":"","footnotes":""},"class_list":["post-138","page","type-page","status-publish","hentry"],"acf":[],"yoast_head":"<!-- This site is optimized with the Yoast SEO plugin v27.0 - https:\/\/yoast.com\/product\/yoast-seo-wordpress\/ -->\n<title>Vuositeema - Kemi ja Meri-Kemi<\/title>\n<meta name=\"robots\" content=\"index, follow, max-snippet:-1, max-image-preview:large, max-video-preview:-1\" \/>\n<link rel=\"canonical\" href=\"https:\/\/rotary.fi\/kemi-meri-kemi\/keita-olemme\/vuositeema\/\" \/>\n<meta property=\"og:locale\" content=\"fi_FI\" \/>\n<meta property=\"og:type\" content=\"article\" \/>\n<meta property=\"og:title\" content=\"Vuositeema - Kemi ja Meri-Kemi\" \/>\n<meta property=\"og:description\" content=\"Vuositeema &nbsp; Rotary Internationalin vuositeema&nbsp; Rotary Internationalin presidentti Stephanie Urchick on nimennyt presidenttivuotensa 2024 - 2025 teemaksi Rotaryn taikaa \/ The Magic Of Rotary &quot;J\u00e4senet ovat Rotaryn taika. Jokainen projekti, joka on tehty, jokainen hyv\u00e4ntekev\u00e4isyyteen ker\u00e4tty raha tai uusien j\u00e4senien mukaantulo toimintaan ovat osa t\u00e4t\u00e4 taikaa. Jatkamme taistelua polion h\u00e4vitt\u00e4miseksi. Kamppailemme my\u00f6s positiivisen rauhan edest\u00e4.&quot; [&hellip;]\" \/>\n<meta property=\"og:url\" content=\"https:\/\/rotary.fi\/kemi-meri-kemi\/keita-olemme\/vuositeema\/\" \/>\n<meta property=\"og:site_name\" content=\"Kemi ja Meri-Kemi\" \/>\n<meta property=\"article:modified_time\" content=\"2025-02-12T11:52:36+00:00\" \/>\n<meta name=\"twitter:card\" content=\"summary_large_image\" \/>\n<meta name=\"twitter:label1\" content=\"Arvioitu lukuaika\" \/>\n\t<meta name=\"twitter:data1\" content=\"1 minuutti\" \/>\n<script type=\"application\/ld+json\" class=\"yoast-schema-graph\">{\"@context\":\"https:\/\/schema.org\",\"@graph\":[{\"@type\":\"WebPage\",\"@id\":\"https:\/\/rotary.fi\/kemi-meri-kemi\/keita-olemme\/vuositeema\/\",\"url\":\"https:\/\/rotary.fi\/kemi-meri-kemi\/keita-olemme\/vuositeema\/\",\"name\":\"Vuositeema - Kemi ja Meri-Kemi\",\"isPartOf\":{\"@id\":\"https:\/\/rotary.fi\/kemi-meri-kemi\/#website\"},\"datePublished\":\"2018-08-10T11:01:44+00:00\",\"dateModified\":\"2025-02-12T11:52:36+00:00\",\"breadcrumb\":{\"@id\":\"https:\/\/rotary.fi\/kemi-meri-kemi\/keita-olemme\/vuositeema\/#breadcrumb\"},\"inLanguage\":\"fi\",\"potentialAction\":[{\"@type\":\"ReadAction\",\"target\":[\"https:\/\/rotary.fi\/kemi-meri-kemi\/keita-olemme\/vuositeema\/\"]}]},{\"@type\":\"BreadcrumbList\",\"@id\":\"https:\/\/rotary.fi\/kemi-meri-kemi\/keita-olemme\/vuositeema\/#breadcrumb\",\"itemListElement\":[{\"@type\":\"ListItem\",\"position\":1,\"name\":\"Home\",\"item\":\"https:\/\/rotary.fi\/kemi-meri-kemi\/\"},{\"@type\":\"ListItem\",\"position\":2,\"name\":\"Keit\u00e4 olemme\",\"item\":\"https:\/\/rotary.fi\/kemi-meri-kemi\/keita-olemme\/\"},{\"@type\":\"ListItem\",\"position\":3,\"name\":\"Vuositeema\"}]},{\"@type\":\"WebSite\",\"@id\":\"https:\/\/rotary.fi\/kemi-meri-kemi\/#website\",\"url\":\"https:\/\/rotary.fi\/kemi-meri-kemi\/\",\"name\":\"Kemi ja Meri-Kemi\",\"description\":\"Uusi Rotary klubisivusto\",\"potentialAction\":[{\"@type\":\"SearchAction\",\"target\":{\"@type\":\"EntryPoint\",\"urlTemplate\":\"https:\/\/rotary.fi\/kemi-meri-kemi\/?s={search_term_string}\"},\"query-input\":{\"@type\":\"PropertyValueSpecification\",\"valueRequired\":true,\"valueName\":\"search_term_string\"}}],\"inLanguage\":\"fi\"}]}<\/script>\n<!-- \/ Yoast SEO plugin. -->","yoast_head_json":{"title":"Vuositeema - Kemi ja Meri-Kemi","robots":{"index":"index","follow":"follow","max-snippet":"max-snippet:-1","max-image-preview":"max-image-preview:large","max-video-preview":"max-video-preview:-1"},"canonical":"https:\/\/rotary.fi\/kemi-meri-kemi\/keita-olemme\/vuositeema\/","og_locale":"fi_FI","og_type":"article","og_title":"Vuositeema - Kemi ja Meri-Kemi","og_description":"Vuositeema &nbsp; Rotary Internationalin vuositeema&nbsp; Rotary Internationalin presidentti Stephanie Urchick on nimennyt presidenttivuotensa 2024 - 2025 teemaksi Rotaryn taikaa \/ The Magic Of Rotary \"J\u00e4senet ovat Rotaryn taika. Jokainen projekti, joka on tehty, jokainen hyv\u00e4ntekev\u00e4isyyteen ker\u00e4tty raha tai uusien j\u00e4senien mukaantulo toimintaan ovat osa t\u00e4t\u00e4 taikaa. Jatkamme taistelua polion h\u00e4vitt\u00e4miseksi. Kamppailemme my\u00f6s positiivisen rauhan edest\u00e4.\" [&hellip;]","og_url":"https:\/\/rotary.fi\/kemi-meri-kemi\/keita-olemme\/vuositeema\/","og_site_name":"Kemi ja Meri-Kemi","article_modified_time":"2025-02-12T11:52:36+00:00","twitter_card":"summary_large_image","twitter_misc":{"Arvioitu lukuaika":"1 minuutti"},"schema":{"@context":"https:\/\/schema.org","@graph":[{"@type":"WebPage","@id":"https:\/\/rotary.fi\/kemi-meri-kemi\/keita-olemme\/vuositeema\/","url":"https:\/\/rotary.fi\/kemi-meri-kemi\/keita-olemme\/vuositeema\/","name":"Vuositeema - Kemi ja Meri-Kemi","isPartOf":{"@id":"https:\/\/rotary.fi\/kemi-meri-kemi\/#website"},"datePublished":"2018-08-10T11:01:44+00:00","dateModified":"2025-02-12T11:52:36+00:00","breadcrumb":{"@id":"https:\/\/rotary.fi\/kemi-meri-kemi\/keita-olemme\/vuositeema\/#breadcrumb"},"inLanguage":"fi","potentialAction":[{"@type":"ReadAction","target":["https:\/\/rotary.fi\/kemi-meri-kemi\/keita-olemme\/vuositeema\/"]}]},{"@type":"BreadcrumbList","@id":"https:\/\/rotary.fi\/kemi-meri-kemi\/keita-olemme\/vuositeema\/#breadcrumb","itemListElement":[{"@type":"ListItem","position":1,"name":"Home","item":"https:\/\/rotary.fi\/kemi-meri-kemi\/"},{"@type":"ListItem","position":2,"name":"Keit\u00e4 olemme","item":"https:\/\/rotary.fi\/kemi-meri-kemi\/keita-olemme\/"},{"@type":"ListItem","position":3,"name":"Vuositeema"}]},{"@type":"WebSite","@id":"https:\/\/rotary.fi\/kemi-meri-kemi\/#website","url":"https:\/\/rotary.fi\/kemi-meri-kemi\/","name":"Kemi ja Meri-Kemi","description":"Uusi Rotary klubisivusto","potentialAction":[{"@type":"SearchAction","target":{"@type":"EntryPoint","urlTemplate":"https:\/\/rotary.fi\/kemi-meri-kemi\/?s={search_term_string}"},"query-input":{"@type":"PropertyValueSpecification","valueRequired":true,"valueName":"search_term_string"}}],"inLanguage":"fi"}]}},"lang":"fi","translations":{"fi":138},"pll_sync_post":[],"_links":{"self":[{"href":"https:\/\/rotary.fi\/kemi-meri-kemi\/wp-json\/wp\/v2\/pages\/138","targetHints":{"allow":["GET"]}}],"collection":[{"href":"https:\/\/rotary.fi\/kemi-meri-kemi\/wp-json\/wp\/v2\/pages"}],"about":[{"href":"https:\/\/rotary.fi\/kemi-meri-kemi\/wp-json\/wp\/v2\/types\/page"}],"author":[{"embeddable":true,"href":"https:\/\/rotary.fi\/kemi-meri-kemi\/wp-json\/wp\/v2\/users\/1"}],"replies":[{"embeddable":true,"href":"https:\/\/rotary.fi\/kemi-meri-kemi\/wp-json\/wp\/v2\/comments?post=138"}],"version-history":[{"count":11,"href":"https:\/\/rotary.fi\/kemi-meri-kemi\/wp-json\/wp\/v2\/pages\/138\/revisions"}],"predecessor-version":[{"id":2312,"href":"https:\/\/rotary.fi\/kemi-meri-kemi\/wp-json\/wp\/v2\/pages\/138\/revisions\/2312"}],"up":[{"embeddable":true,"href":"https:\/\/rotary.fi\/kemi-meri-kemi\/wp-json\/wp\/v2\/pages\/129"}],"wp:attachment":[{"href":"https:\/\/rotary.fi\/kemi-meri-kemi\/wp-json\/wp\/v2\/media?parent=138"}],"curies":[{"name":"wp","href":"https:\/\/api.w.org\/{rel}","templated":true}]}}