{"id":132,"date":"2018-08-10T13:59:56","date_gmt":"2018-08-10T10:59:56","guid":{"rendered":"https:\/\/rotary.fi\/klubi2\/?page_id=132"},"modified":"2025-02-12T13:48:20","modified_gmt":"2025-02-12T11:48:20","slug":"klubien-toimihenkilot","status":"publish","type":"page","link":"https:\/\/rotary.fi\/kemi-meri-kemi\/keita-olemme\/klubien-toimihenkilot\/","title":{"rendered":"Klubien toimihenkil\u00f6t"},"content":{"rendered":"<p>[et_pb_section fb_built=&#8221;1&#8243; _builder_version=&#8221;4.16&#8243; _module_preset=&#8221;default&#8221; global_colors_info=&#8221;{}&#8221;][et_pb_row column_structure=&#8221;1_2,1_2&#8243; _builder_version=&#8221;4.16&#8243; _module_preset=&#8221;default&#8221; custom_padding=&#8221;|||2px||&#8221; global_colors_info=&#8221;{}&#8221;][et_pb_column type=&#8221;1_2&#8243; _builder_version=&#8221;4.16&#8243; _module_preset=&#8221;default&#8221; global_colors_info=&#8221;{}&#8221;][et_pb_text _builder_version=&#8221;4.27.0&#8243; _module_preset=&#8221;default&#8221; custom_padding=&#8221;||23px|||&#8221; global_colors_info=&#8221;{}&#8221;]<\/p>\n<div class=\"et_pb_column et_pb_column_1_3 et_pb_column_inner et_pb_column_inner_3\">\n<p>&nbsp;<\/p>\n<div class=\"et_pb_module et_pb_text et_pb_text_4  et_pb_text_align_left et_pb_bg_layout_light\">\n<div class=\"et_pb_text_inner\"><\/div>\n<\/div>\n<\/div>\n<div class=\"et_pb_column et_pb_column_1_3 et_pb_column_inner et_pb_column_inner_4 et-last-child\">\n<div class=\"et_pb_module et_pb_text et_pb_text_5  et_pb_text_align_left et_pb_bg_layout_light\">\n<div class=\"et_pb_text_inner\">\n<h2><span style=\"font-size: 20px;color: #019fcb\">Kemin Rotaryklubi<\/span><\/h2>\n<p><span style=\"font-size: 20px;color: #019fcb\"><\/span><\/p>\n<h3><span style=\"font-size: 20px;color: #019fcb\">Presidentti<\/span><\/h3>\n<p><span style=\"color: #000000\">Arja Saarento\u00a0<\/span><br \/><span style=\"color: #000000\">p. 040 5624954<\/span><br \/><span style=\"color: #000000\"><a href=\"mailto:arja.saarento@outlook.com\">arja.saarento@outlook.com<\/a><\/span><span style=\"color: #000000\"><\/span><\/p>\n<h3><\/h3>\n<h3><span style=\"color: #019fcb\">Sihteeri<\/span><\/h3>\n<p><span style=\"color: #000000\">Jukka Halttunen<\/span><br \/><span style=\"color: #000000\">p. 040 0289432 <a href=\"mailto:jukka.halttunen@pp.inet.fi\">jukka.halttunen@pp.inet.fi<\/a><\/span><\/p>\n<p><span style=\"color: #000000\"><\/span><\/p>\n<p><span style=\"color: #000000\"><\/span><\/p>\n<p><span style=\"color: #000000\"><\/span><\/p>\n<p><span style=\"color: #000000\"><\/span><\/p>\n<p><span style=\"color: #000000\"><\/span><\/p>\n<p><span style=\"color: #019fcb;font-family: 'Roboto Slab', Georgia, 'Times New Roman', serif;font-size: 20px\"><\/span><\/p>\n<p><span style=\"color: #019fcb;font-family: 'Roboto Slab', Georgia, 'Times New Roman', serif;font-size: 20px\">Meri-Kemin Rotaryklubi<\/span><span style=\"color: #000000\"><\/span><span style=\"color: #000000\"><\/span><\/p>\n<p><span style=\"color: #000000\"><\/span><\/p>\n<h3><span style=\"font-size: 20px;color: #019fcb\">Presidentti<\/span><\/h3>\n<p><span style=\"color: #000000\">Esa Jauhola\u00a0 \u00a0 \u00a0 \u00a0 \u00a0 \u00a0 \u00a0<\/span><span style=\"color: #000000\">p. <span>040 5515847<\/span>\u00a0<\/span><br \/><span style=\"color: #000000\"><a href=\"mailto:esa.jauhola@gmail.com\">esa.jauhola@gmail.com<\/a><\/span><\/p>\n<p><span style=\"color: #000000\"><\/span><\/p>\n<h3><span style=\"color: #019fcb\">Sihteeri<\/span><\/h3>\n<p><span style=\"color: #000000\"><a href=\"mailto:esa.jauhola@gmail.com\" style=\"color: #000000\">Arto Vakkala<\/a><a href=\"mailto:esa.jauhola@gmail.com\"> arto.vakkala@avaki.fi<\/a><\/span><\/p>\n<p><span style=\"color: #000000\"><\/span><\/p>\n<p>&nbsp;<\/p>\n<h3><\/h3>\n<p>&nbsp;<\/p>\n<\/div>\n<\/div>\n<\/div>\n<p>[\/et_pb_text][\/et_pb_column][et_pb_column type=&#8221;1_2&#8243; _builder_version=&#8221;4.16&#8243; _module_preset=&#8221;default&#8221; global_colors_info=&#8221;{}&#8221;][et_pb_text _builder_version=&#8221;4.27.0&#8243; _module_preset=&#8221;default&#8221; text_text_color=&#8221;#000000&#8243; text_line_height=&#8221;1em&#8221; global_colors_info=&#8221;{}&#8221;]<\/p>\n<p><strong>Kemin Rotaryklubi virkailijat 2024-2025<\/strong><\/p>\n<p>Presidentti\u00a0\u00a0\u00a0\u00a0\u00a0\u00a0\u00a0\u00a0\u00a0\u00a0\u00a0\u00a0\u00a0\u00a0\u00a0\u00a0\u00a0\u00a0\u00a0\u00a0\u00a0\u00a0\u00a0\u00a0\u00a0 \u00a0\u00a0\u00a0\u00a0\u00a0\u00a0\u00a0\u00a0\u00a0\u00a0\u00a0\u00a0\u00a0\u00a0\u00a0\u00a0\u00a0\u00a0\u00a0\u00a0\u00a0 Saarento Arja<\/p>\n<p>Tuleva presidentti<\/p>\n<p>Edellinen presidentti\u00a0 \u00a0 \u00a0 \u00a0 \u00a0 \u00a0 \u00a0 \u00a0 \u00a0 \u00a0 \u00a0 \u00a0 \u00a0 \u00a0 \u00a0 \u00a0Koutonen Susanna<\/p>\n<p>Varapresidentti\u00a0 \u00a0 \u00a0 \u00a0 \u00a0 \u00a0 \u00a0 \u00a0 \u00a0 \u00a0 \u00a0 \u00a0 \u00a0 \u00a0 \u00a0 \u00a0 \u00a0 \u00a0 \u00a0 \u00a0 Suopaj\u00e4rvi Pekka<\/p>\n<p>1.Sihteeri\u00a0 \u00a0 \u00a0 \u00a0 \u00a0 \u00a0 \u00a0 \u00a0 \u00a0 \u00a0 \u00a0 \u00a0 \u00a0 \u00a0 \u00a0 \u00a0 \u00a0 \u00a0 \u00a0 \u00a0 \u00a0 \u00a0 \u00a0 \u00a0 \u00a0 \u00a0Halttunen Jukka<\/p>\n<p>Satelliittiklubin johtaja\u00a0 \u00a0 \u00a0 \u00a0 \u00a0 \u00a0 \u00a0 \u00a0 \u00a0 \u00a0 \u00a0 \u00a0 \u00a0 \u00a0 Piri Ismo<\/p>\n<p>Rahastonhoitaja\u00a0\u00a0\u00a0\u00a0\u00a0\u00a0\u00a0\u00a0\u00a0\u00a0\u00a0\u00a0\u00a0\u00a0\u00a0\u00a0\u00a0\u00a0\u00a0\u00a0\u00a0\u00a0\u00a0\u00a0\u00a0\u00a0\u00a0\u00a0\u00a0\u00a0\u00a0\u00a0\u00a0\u00a0\u00a0\u00a0\u00a0\u00a0 Kankaanp\u00e4\u00e4 Hannu<\/p>\n<p>1.Klubimestari\u00a0\u00a0\u00a0\u00a0\u00a0\u00a0\u00a0\u00a0\u00a0\u00a0\u00a0\u00a0\u00a0\u00a0\u00a0\u00a0\u00a0\u00a0\u00a0\u00a0\u00a0\u00a0\u00a0\u00a0\u00a0\u00a0\u00a0\u00a0\u00a0\u00a0\u00a0\u00a0\u00a0\u00a0\u00a0\u00a0\u00a0\u00a0\u00a0\u00a0\u00a0 Kemppainen Reima<\/p>\n<p>2.Klubimestari\u00a0\u00a0\u00a0\u00a0\u00a0\u00a0\u00a0\u00a0\u00a0\u00a0\u00a0\u00a0\u00a0\u00a0\u00a0\u00a0\u00a0\u00a0\u00a0\u00a0\u00a0\u00a0\u00a0\u00a0\u00a0\u00a0\u00a0\u00a0\u00a0\u00a0\u00a0\u00a0\u00a0\u00a0\u00a0\u00a0\u00a0\u00a0\u00a0\u00a0\u00a0 Halttunen Jukka<\/p>\n<p>Rotarys\u00e4\u00e4ti\u00f6n pj.\u00a0\u00a0\u00a0\u00a0\u00a0\u00a0\u00a0\u00a0\u00a0\u00a0\u00a0\u00a0\u00a0\u00a0\u00a0\u00a0\u00a0\u00a0\u00a0\u00a0\u00a0\u00a0\u00a0\u00a0\u00a0\u00a0\u00a0\u00a0\u00a0\u00a0\u00a0\u00a0\u00a0\u00a0\u00a0\u00a0\u00a0 Saarento Arja<\/p>\n<p><strong>\u00a0<\/strong><\/p>\n<p><strong>\u00a0<\/strong><\/p>\n<p><strong>Meri-Kemin Rotaryklubi virkailijat 2024-2025<\/strong><\/p>\n<p>Presidentti\u00a0\u00a0\u00a0 \u00a0\u00a0\u00a0\u00a0\u00a0\u00a0\u00a0\u00a0\u00a0\u00a0\u00a0\u00a0\u00a0\u00a0\u00a0\u00a0\u00a0\u00a0\u00a0\u00a0\u00a0 \u00a0\u00a0\u00a0\u00a0\u00a0\u00a0\u00a0\u00a0\u00a0\u00a0\u00a0\u00a0\u00a0\u00a0\u00a0\u00a0\u00a0\u00a0\u00a0\u00a0\u00a0 Jauhola Esa<\/p>\n<p>Tuleva presidentti\u00a0 \u00a0 \u00a0 \u00a0 \u00a0 \u00a0 \u00a0 \u00a0 \u00a0 \u00a0 \u00a0 \u00a0 \u00a0 \u00a0 \u00a0 \u00a0 \u00a0 \u00a0Ylipiessa Matti<\/p>\n<p>Varapresidentti\u00a0 \u00a0 \u00a0 \u00a0 \u00a0 \u00a0 \u00a0 \u00a0 \u00a0 \u00a0 \u00a0 \u00a0 \u00a0 \u00a0 \u00a0 \u00a0 \u00a0 \u00a0 \u00a0 \u00a0L\u00e4\u00e4kk\u00f6l\u00e4 Heikki<\/p>\n<p>Edellinen presidentti\u00a0 \u00a0 \u00a0 \u00a0 \u00a0 \u00a0 \u00a0 \u00a0 \u00a0 \u00a0 \u00a0 \u00a0 \u00a0 \u00a0 \u00a0 Bergman Aino<\/p>\n<p>1.Sihteeri\u00a0\u00a0\u00a0\u00a0\u00a0\u00a0\u00a0\u00a0\u00a0\u00a0\u00a0\u00a0\u00a0\u00a0\u00a0\u00a0\u00a0\u00a0\u00a0\u00a0\u00a0\u00a0\u00a0\u00a0\u00a0\u00a0\u00a0 \u00a0\u00a0\u00a0\u00a0\u00a0\u00a0\u00a0\u00a0\u00a0\u00a0\u00a0\u00a0\u00a0\u00a0\u00a0\u00a0\u00a0\u00a0\u00a0\u00a0\u00a0 Vakkala Arto<\/p>\n<p>1.Sihteeri\u00a0\u00a0\u00a0\u00a0\u00a0\u00a0\u00a0\u00a0\u00a0\u00a0\u00a0\u00a0\u00a0\u00a0\u00a0\u00a0\u00a0\u00a0\u00a0\u00a0\u00a0\u00a0\u00a0\u00a0\u00a0\u00a0\u00a0 \u00a0\u00a0\u00a0\u00a0\u00a0\u00a0\u00a0\u00a0\u00a0\u00a0\u00a0\u00a0\u00a0\u00a0\u00a0\u00a0\u00a0\u00a0\u00a0\u00a0\u00a0 Kotkansalo Jaana<\/p>\n<p>Rahastonhoitaja\u00a0 \u00a0 \u00a0 \u00a0 \u00a0 \u00a0 \u00a0 \u00a0 \u00a0 \u00a0 \u00a0 \u00a0 \u00a0 \u00a0 \u00a0 \u00a0 \u00a0 \u00a0 \u00a0 Ylipiessa Matti<\/p>\n<p>1.Klubimestari\u00a0 \u00a0 \u00a0 \u00a0 \u00a0 \u00a0 \u00a0 \u00a0 \u00a0 \u00a0 \u00a0 \u00a0 \u00a0 \u00a0 \u00a0 \u00a0 \u00a0 \u00a0 \u00a0 \u00a0 \u00a0Taanila Juha<\/p>\n<p>Nuorisovaihtoasiamies\u00a0 \u00a0 \u00a0 \u00a0 \u00a0 \u00a0 \u00a0 \u00a0 \u00a0 \u00a0 \u00a0 \u00a0 \u00a0 Jauhola Esa<\/p>\n<p>Rotarys\u00e4\u00e4ti\u00f6komitean pj.\u00a0 \u00a0 \u00a0 \u00a0 \u00a0 \u00a0 \u00a0 \u00a0 \u00a0 \u00a0 \u00a0 Alah\u00e4iv\u00e4l\u00e4 Arto<\/p>\n<p>[\/et_pb_text][\/et_pb_column][\/et_pb_row][\/et_pb_section]<\/p>\n","protected":false},"excerpt":{"rendered":"<p>&nbsp; Kemin Rotaryklubi Presidentti Arja Saarento\u00a0p. 040 5624954arja.saarento@outlook.com Sihteeri Jukka Halttunenp. 040 0289432 jukka.halttunen@pp.inet.fi Meri-Kemin Rotaryklubi Presidentti Esa Jauhola\u00a0 \u00a0 \u00a0 \u00a0 \u00a0 \u00a0 \u00a0p. 040 5515847\u00a0esa.jauhola@gmail.com Sihteeri Arto Vakkala arto.vakkala@avaki.fi &nbsp; &nbsp; Kemin Rotaryklubi virkailijat 2024-2025 Presidentti\u00a0\u00a0\u00a0\u00a0\u00a0\u00a0\u00a0\u00a0\u00a0\u00a0\u00a0\u00a0\u00a0\u00a0\u00a0\u00a0\u00a0\u00a0\u00a0\u00a0\u00a0\u00a0\u00a0\u00a0\u00a0 \u00a0\u00a0\u00a0\u00a0\u00a0\u00a0\u00a0\u00a0\u00a0\u00a0\u00a0\u00a0\u00a0\u00a0\u00a0\u00a0\u00a0\u00a0\u00a0\u00a0\u00a0 Saarento Arja Tuleva presidentti Edellinen presidentti\u00a0 \u00a0 \u00a0 \u00a0 \u00a0 \u00a0 \u00a0 \u00a0 \u00a0 \u00a0 \u00a0 [&hellip;]<\/p>\n","protected":false},"author":1,"featured_media":0,"parent":129,"menu_order":0,"comment_status":"closed","ping_status":"closed","template":"","meta":{"_acf_changed":false,"_et_pb_use_builder":"on","_et_pb_old_content":"","_et_gb_content_width":"","footnotes":""},"class_list":["post-132","page","type-page","status-publish","hentry"],"acf":[],"yoast_head":"<!-- This site is optimized with the Yoast SEO plugin v27.0 - https:\/\/yoast.com\/product\/yoast-seo-wordpress\/ -->\n<title>Klubien toimihenkil\u00f6t - Kemi ja Meri-Kemi<\/title>\n<meta name=\"robots\" content=\"index, follow, max-snippet:-1, max-image-preview:large, max-video-preview:-1\" \/>\n<link rel=\"canonical\" href=\"https:\/\/rotary.fi\/kemi-meri-kemi\/keita-olemme\/klubien-toimihenkilot\/\" \/>\n<meta property=\"og:locale\" content=\"fi_FI\" \/>\n<meta property=\"og:type\" content=\"article\" \/>\n<meta property=\"og:title\" content=\"Klubien toimihenkil\u00f6t - Kemi ja Meri-Kemi\" \/>\n<meta property=\"og:description\" content=\"&nbsp; Kemin Rotaryklubi Presidentti Arja Saarento\u00a0p. 040 5624954arja.saarento@outlook.com Sihteeri Jukka Halttunenp. 040 0289432 jukka.halttunen@pp.inet.fi Meri-Kemin Rotaryklubi Presidentti Esa Jauhola\u00a0 \u00a0 \u00a0 \u00a0 \u00a0 \u00a0 \u00a0p. 040 5515847\u00a0esa.jauhola@gmail.com Sihteeri Arto Vakkala arto.vakkala@avaki.fi &nbsp; &nbsp; Kemin Rotaryklubi virkailijat 2024-2025 Presidentti\u00a0\u00a0\u00a0\u00a0\u00a0\u00a0\u00a0\u00a0\u00a0\u00a0\u00a0\u00a0\u00a0\u00a0\u00a0\u00a0\u00a0\u00a0\u00a0\u00a0\u00a0\u00a0\u00a0\u00a0\u00a0 \u00a0\u00a0\u00a0\u00a0\u00a0\u00a0\u00a0\u00a0\u00a0\u00a0\u00a0\u00a0\u00a0\u00a0\u00a0\u00a0\u00a0\u00a0\u00a0\u00a0\u00a0 Saarento Arja Tuleva presidentti Edellinen presidentti\u00a0 \u00a0 \u00a0 \u00a0 \u00a0 \u00a0 \u00a0 \u00a0 \u00a0 \u00a0 \u00a0 [&hellip;]\" \/>\n<meta property=\"og:url\" content=\"https:\/\/rotary.fi\/kemi-meri-kemi\/keita-olemme\/klubien-toimihenkilot\/\" \/>\n<meta property=\"og:site_name\" content=\"Kemi ja Meri-Kemi\" \/>\n<meta property=\"article:modified_time\" content=\"2025-02-12T11:48:20+00:00\" \/>\n<meta name=\"twitter:card\" content=\"summary_large_image\" \/>\n<meta name=\"twitter:label1\" content=\"Arvioitu lukuaika\" \/>\n\t<meta name=\"twitter:data1\" content=\"1 minuutti\" \/>\n<script type=\"application\/ld+json\" class=\"yoast-schema-graph\">{\"@context\":\"https:\/\/schema.org\",\"@graph\":[{\"@type\":\"WebPage\",\"@id\":\"https:\/\/rotary.fi\/kemi-meri-kemi\/keita-olemme\/klubien-toimihenkilot\/\",\"url\":\"https:\/\/rotary.fi\/kemi-meri-kemi\/keita-olemme\/klubien-toimihenkilot\/\",\"name\":\"Klubien toimihenkil\u00f6t - Kemi ja Meri-Kemi\",\"isPartOf\":{\"@id\":\"https:\/\/rotary.fi\/kemi-meri-kemi\/#website\"},\"datePublished\":\"2018-08-10T10:59:56+00:00\",\"dateModified\":\"2025-02-12T11:48:20+00:00\",\"breadcrumb\":{\"@id\":\"https:\/\/rotary.fi\/kemi-meri-kemi\/keita-olemme\/klubien-toimihenkilot\/#breadcrumb\"},\"inLanguage\":\"fi\",\"potentialAction\":[{\"@type\":\"ReadAction\",\"target\":[\"https:\/\/rotary.fi\/kemi-meri-kemi\/keita-olemme\/klubien-toimihenkilot\/\"]}]},{\"@type\":\"BreadcrumbList\",\"@id\":\"https:\/\/rotary.fi\/kemi-meri-kemi\/keita-olemme\/klubien-toimihenkilot\/#breadcrumb\",\"itemListElement\":[{\"@type\":\"ListItem\",\"position\":1,\"name\":\"Home\",\"item\":\"https:\/\/rotary.fi\/kemi-meri-kemi\/\"},{\"@type\":\"ListItem\",\"position\":2,\"name\":\"Keit\u00e4 olemme\",\"item\":\"https:\/\/rotary.fi\/kemi-meri-kemi\/keita-olemme\/\"},{\"@type\":\"ListItem\",\"position\":3,\"name\":\"Klubien toimihenkil\u00f6t\"}]},{\"@type\":\"WebSite\",\"@id\":\"https:\/\/rotary.fi\/kemi-meri-kemi\/#website\",\"url\":\"https:\/\/rotary.fi\/kemi-meri-kemi\/\",\"name\":\"Kemi ja Meri-Kemi\",\"description\":\"Uusi Rotary klubisivusto\",\"potentialAction\":[{\"@type\":\"SearchAction\",\"target\":{\"@type\":\"EntryPoint\",\"urlTemplate\":\"https:\/\/rotary.fi\/kemi-meri-kemi\/?s={search_term_string}\"},\"query-input\":{\"@type\":\"PropertyValueSpecification\",\"valueRequired\":true,\"valueName\":\"search_term_string\"}}],\"inLanguage\":\"fi\"}]}<\/script>\n<!-- \/ Yoast SEO plugin. -->","yoast_head_json":{"title":"Klubien toimihenkil\u00f6t - Kemi ja Meri-Kemi","robots":{"index":"index","follow":"follow","max-snippet":"max-snippet:-1","max-image-preview":"max-image-preview:large","max-video-preview":"max-video-preview:-1"},"canonical":"https:\/\/rotary.fi\/kemi-meri-kemi\/keita-olemme\/klubien-toimihenkilot\/","og_locale":"fi_FI","og_type":"article","og_title":"Klubien toimihenkil\u00f6t - Kemi ja Meri-Kemi","og_description":"&nbsp; Kemin Rotaryklubi Presidentti Arja Saarento\u00a0p. 040 5624954arja.saarento@outlook.com Sihteeri Jukka Halttunenp. 040 0289432 jukka.halttunen@pp.inet.fi Meri-Kemin Rotaryklubi Presidentti Esa Jauhola\u00a0 \u00a0 \u00a0 \u00a0 \u00a0 \u00a0 \u00a0p. 040 5515847\u00a0esa.jauhola@gmail.com Sihteeri Arto Vakkala arto.vakkala@avaki.fi &nbsp; &nbsp; Kemin Rotaryklubi virkailijat 2024-2025 Presidentti\u00a0\u00a0\u00a0\u00a0\u00a0\u00a0\u00a0\u00a0\u00a0\u00a0\u00a0\u00a0\u00a0\u00a0\u00a0\u00a0\u00a0\u00a0\u00a0\u00a0\u00a0\u00a0\u00a0\u00a0\u00a0 \u00a0\u00a0\u00a0\u00a0\u00a0\u00a0\u00a0\u00a0\u00a0\u00a0\u00a0\u00a0\u00a0\u00a0\u00a0\u00a0\u00a0\u00a0\u00a0\u00a0\u00a0 Saarento Arja Tuleva presidentti Edellinen presidentti\u00a0 \u00a0 \u00a0 \u00a0 \u00a0 \u00a0 \u00a0 \u00a0 \u00a0 \u00a0 \u00a0 [&hellip;]","og_url":"https:\/\/rotary.fi\/kemi-meri-kemi\/keita-olemme\/klubien-toimihenkilot\/","og_site_name":"Kemi ja Meri-Kemi","article_modified_time":"2025-02-12T11:48:20+00:00","twitter_card":"summary_large_image","twitter_misc":{"Arvioitu lukuaika":"1 minuutti"},"schema":{"@context":"https:\/\/schema.org","@graph":[{"@type":"WebPage","@id":"https:\/\/rotary.fi\/kemi-meri-kemi\/keita-olemme\/klubien-toimihenkilot\/","url":"https:\/\/rotary.fi\/kemi-meri-kemi\/keita-olemme\/klubien-toimihenkilot\/","name":"Klubien toimihenkil\u00f6t - Kemi ja Meri-Kemi","isPartOf":{"@id":"https:\/\/rotary.fi\/kemi-meri-kemi\/#website"},"datePublished":"2018-08-10T10:59:56+00:00","dateModified":"2025-02-12T11:48:20+00:00","breadcrumb":{"@id":"https:\/\/rotary.fi\/kemi-meri-kemi\/keita-olemme\/klubien-toimihenkilot\/#breadcrumb"},"inLanguage":"fi","potentialAction":[{"@type":"ReadAction","target":["https:\/\/rotary.fi\/kemi-meri-kemi\/keita-olemme\/klubien-toimihenkilot\/"]}]},{"@type":"BreadcrumbList","@id":"https:\/\/rotary.fi\/kemi-meri-kemi\/keita-olemme\/klubien-toimihenkilot\/#breadcrumb","itemListElement":[{"@type":"ListItem","position":1,"name":"Home","item":"https:\/\/rotary.fi\/kemi-meri-kemi\/"},{"@type":"ListItem","position":2,"name":"Keit\u00e4 olemme","item":"https:\/\/rotary.fi\/kemi-meri-kemi\/keita-olemme\/"},{"@type":"ListItem","position":3,"name":"Klubien toimihenkil\u00f6t"}]},{"@type":"WebSite","@id":"https:\/\/rotary.fi\/kemi-meri-kemi\/#website","url":"https:\/\/rotary.fi\/kemi-meri-kemi\/","name":"Kemi ja Meri-Kemi","description":"Uusi Rotary klubisivusto","potentialAction":[{"@type":"SearchAction","target":{"@type":"EntryPoint","urlTemplate":"https:\/\/rotary.fi\/kemi-meri-kemi\/?s={search_term_string}"},"query-input":{"@type":"PropertyValueSpecification","valueRequired":true,"valueName":"search_term_string"}}],"inLanguage":"fi"}]}},"lang":"fi","translations":{"fi":132},"pll_sync_post":[],"_links":{"self":[{"href":"https:\/\/rotary.fi\/kemi-meri-kemi\/wp-json\/wp\/v2\/pages\/132","targetHints":{"allow":["GET"]}}],"collection":[{"href":"https:\/\/rotary.fi\/kemi-meri-kemi\/wp-json\/wp\/v2\/pages"}],"about":[{"href":"https:\/\/rotary.fi\/kemi-meri-kemi\/wp-json\/wp\/v2\/types\/page"}],"author":[{"embeddable":true,"href":"https:\/\/rotary.fi\/kemi-meri-kemi\/wp-json\/wp\/v2\/users\/1"}],"replies":[{"embeddable":true,"href":"https:\/\/rotary.fi\/kemi-meri-kemi\/wp-json\/wp\/v2\/comments?post=132"}],"version-history":[{"count":12,"href":"https:\/\/rotary.fi\/kemi-meri-kemi\/wp-json\/wp\/v2\/pages\/132\/revisions"}],"predecessor-version":[{"id":2309,"href":"https:\/\/rotary.fi\/kemi-meri-kemi\/wp-json\/wp\/v2\/pages\/132\/revisions\/2309"}],"up":[{"embeddable":true,"href":"https:\/\/rotary.fi\/kemi-meri-kemi\/wp-json\/wp\/v2\/pages\/129"}],"wp:attachment":[{"href":"https:\/\/rotary.fi\/kemi-meri-kemi\/wp-json\/wp\/v2\/media?parent=132"}],"curies":[{"name":"wp","href":"https:\/\/api.w.org\/{rel}","templated":true}]}}