{"id":129,"date":"2018-08-10T13:41:39","date_gmt":"2018-08-10T10:41:39","guid":{"rendered":"https:\/\/rotary.fi\/klubi2\/?page_id=129"},"modified":"2024-12-08T09:12:37","modified_gmt":"2024-12-08T07:12:37","slug":"keita-olemme","status":"publish","type":"page","link":"https:\/\/rotary.fi\/kemi-meri-kemi\/keita-olemme\/","title":{"rendered":"Keit\u00e4 olemme"},"content":{"rendered":"<p>[et_pb_section fb_built=&#8221;1&#8243; inner_shadow=&#8221;on&#8221; admin_label=&#8221;Osio&#8221; module_class=&#8221;jumbotron-page&#8221; _builder_version=&#8221;4.27.0&#8243; background_image=&#8221;https:\/\/rotary.fi\/kemi-meri-kemi\/wp-content\/uploads\/sites\/259\/2024\/09\/457191053-905013721651159-4315820744100342789-n.jpg&#8221; transform_scale=&#8221;103%|103%&#8221; transform_translate=&#8221;-11px|-51px&#8221; module_alignment=&#8221;center&#8221; min_height=&#8221;100px&#8221; height=&#8221;537px&#8221; max_height=&#8221;534px&#8221; custom_margin=&#8221;||-94px|||&#8221; custom_padding=&#8221;94px||0px|||&#8221; global_colors_info=&#8221;{}&#8221;][et_pb_row _builder_version=&#8221;4.27.0&#8243; _module_preset=&#8221;default&#8221; global_colors_info=&#8221;{}&#8221;][et_pb_column type=&#8221;4_4&#8243; _builder_version=&#8221;4.27.0&#8243; _module_preset=&#8221;default&#8221; global_colors_info=&#8221;{}&#8221;][et_pb_heading title=&#8221;Keit\u00e4 olemme&#8221; _builder_version=&#8221;4.27.0&#8243; _module_preset=&#8221;default&#8221; title_text_align=&#8221;center&#8221; title_text_color=&#8221;#FFFFFF&#8221; title_font_size=&#8221;56px&#8221; transform_scale=&#8221;88%|88%&#8221; transform_translate=&#8221;39px|203px&#8221; text_shadow_style=&#8221;preset3&#8243; text_shadow_color=&#8221;RGBA(255,255,255,0)&#8221; global_colors_info=&#8221;{}&#8221;][\/et_pb_heading][\/et_pb_column][\/et_pb_row][\/et_pb_section][et_pb_section fb_built=&#8221;1&#8243; specialty=&#8221;on&#8221; module_class_2=&#8221;sivupalkki&#8221; _builder_version=&#8221;4.16&#8243; min_height=&#8221;1468.9px&#8221; custom_margin=&#8221;-55px|||||&#8221; global_colors_info=&#8221;{}&#8221;][et_pb_column type=&#8221;2_3&#8243; specialty_columns=&#8221;2&#8243; _builder_version=&#8221;4.16&#8243; custom_padding=&#8221;|||&#8221; global_colors_info=&#8221;{}&#8221; custom_padding__hover=&#8221;|||&#8221;][et_pb_row_inner admin_label=&#8221;Rivi&#8221; _builder_version=&#8221;4.16&#8243; global_colors_info=&#8221;{}&#8221;][et_pb_column_inner saved_specialty_column_type=&#8221;2_3&#8243; _builder_version=&#8221;4.16&#8243; custom_padding=&#8221;|||&#8221; global_colors_info=&#8221;{}&#8221; custom_padding__hover=&#8221;|||&#8221;][et_pb_text admin_label=&#8221;Otsikko&#8221; _builder_version=&#8221;4.16&#8243; text_orientation=&#8221;center&#8221; global_colors_info=&#8221;{}&#8221;]<\/p>\n<h1>Keit\u00e4 olemme<\/h1>\n<p>[\/et_pb_text][et_pb_text _builder_version=&#8221;4.27.0&#8243; custom_padding=&#8221;|||0px||&#8221; global_colors_info=&#8221;{}&#8221;]<\/p>\n<p><span style=\"font-weight: 400\">Kemin ja Meri-Kemin Rotaryklubit ovat uudistuvia ja toimeliaita rotaryklubeja. Kokoonnumme s\u00e4\u00e4nn\u00f6llisesti tapaamaan toisiamme ja edist\u00e4m\u00e4\u00e4n hyv\u00e4\u00e4 omalla paikkakunnallamme. Vuonna 2024 Kemin Rotaryklubiin liittyi mukaan my\u00f6s Iin satelliittiklubi. K\u00e4ymme vierailuilla kiinnostavissa yrityksiss\u00e4 ja muissa organisaatioissa, retkill\u00e4 ja jopa ulkomailla. Tule sin\u00e4kin mukaan tekem\u00e4\u00e4n kanssamme hyv\u00e4\u00e4.\u00a0<\/span><\/p>\n<p><span style=\"font-weight: 400\">Klubissamme yhdistyv\u00e4t rotaryperinteet ja uuteen suuntautuva toiminta. Kemin Rotaryklubi on perustettu 13.12.1947 ja siin\u00e4 on t\u00e4ll\u00e4 hetkell\u00e4 28 j\u00e4sent\u00e4. Meri-Kemin Rotaryklubi on perustettu 2.12.1968 ja siin\u00e4 on 25 j\u00e4sent\u00e4. Jo nykyiset j\u00e4senemme edustavat monipuolisesti yhteiskunnan eri toimintakentti\u00e4, mutta j\u00e4senkent\u00e4n laajentaminen avaisi uusia mahdollisuuksia monipuolisempiin palveluprojekteihin. Voisitko sin\u00e4 olla se j\u00e4sen, jota klubissamme ei viel\u00e4 ole?<\/span><\/p>\n<p>&nbsp;<\/p>\n<h4>Harrastus, jolla on tarkoitus<\/h4>\n<p><span style=\"font-weight: 400\">Haluamme rakentaa klubistamme uudenaikaisen, toiminnaltaan ja j\u00e4senist\u00f6lt\u00e4\u00e4n monipuolisen, rauhaa ja yhteisymm\u00e4rryst\u00e4 aktiivisesti rakentavan, sek\u00e4 miehist\u00e4 ett\u00e4 naisista koostuvan rotaryklubin. Viikottaisissa kokouksissamme meill\u00e4 on usein mielenkiintoisia esitelmi\u00e4 ja teemme my\u00f6s tutustumisk\u00e4yntej\u00e4 paikallisiin organisaatioihin ja yrityksiin. Tutustumme eri aloilla toimiviin ihmisiin, pid\u00e4mme hauskaa ja teemme hyv\u00e4\u00e4.<\/span><\/p>\n<p><span style=\"font-weight: 400\">Toimintamme perustuu n\u00e4ihin arvoihin:<\/span><\/p>\n<ul>\n<li style=\"font-weight: 400\"><span style=\"font-weight: 400\">\u00a0 \u00a0 \u00a0 \u00a0<\/span><span style=\"font-weight: 400\">toveruus ja maailmanlaajuinen yhteisymm\u00e4rrys<\/span><\/li>\n<li style=\"font-weight: 400\"><span style=\"font-weight: 400\">\u00a0 \u00a0 \u00a0 \u00a0<\/span><span style=\"font-weight: 400\">eettisyys ja rehellisyys<\/span><\/li>\n<li style=\"font-weight: 400\"><span style=\"font-size: 16px\">\u00a0 \u00a0 \u00a0 \u00a0<\/span><span style=\"font-size: 16px\">moninaisuus<\/span><\/li>\n<li style=\"font-weight: 400\"><span style=\"font-weight: 400\">\u00a0 \u00a0 \u00a0 \u00a0<\/span><span style=\"font-weight: 400\">ammattitaito, palvelu ja johtajuus\u00a0\u00a0<\/span><\/li>\n<\/ul>\n<p><span style=\"font-weight: 400\">Jos n\u00e4m\u00e4 ajatukset vastaavat omiasi, ota meihin yhteytt\u00e4. Tervetuloa tutustumaan, ideoimaan toimintaamme ja tulemaan osaksi maailmanlaajuista rotary-yhteis\u00f6\u00e4!<\/span><\/p>\n<p><span style=\"font-weight: 400\"><\/span><\/p>\n<p>&nbsp;<\/p>\n<h4>Vaikuttava kansainv\u00e4linen verkosto<\/h4>\n<p>Rotary on Chicagossa 23.2.1905 perustettu kansainv\u00e4linen palvelu- ja hyv\u00e4ntekev\u00e4isyysorganisaatio. Rotary Internationalin kotipaikka on Evanston, USA:n osavaltiossa Illinoisissa. Tunnuslauseemme on Palvelu itsekkyyden edelle (Service Above Self).<\/p>\n<p>Rotaryyn kuuluu 1,2 miljoona j\u00e4sent\u00e4 35 000 klubissa yli 200 maassa. Rotary on merkitt\u00e4v\u00e4 kansainv\u00e4linen palvelu- ja hyv\u00e4ntekev\u00e4isyysj\u00e4rjest\u00f6. Suomi on jaettu viiteen rotarypiiriin, joista yhteen kuuluvat my\u00f6s Viron klubit. Suomessa ja Virossa on yhteens\u00e4 300 klubia, joissa runsaat 9 000 rotaria.<\/p>\n<p><span style=\"background-color: #ffffff;font-size: 16px\">Pid\u00e4mme erityisesti arvossa maailman rotarien yhteisi\u00e4 ponnisteluja polion h\u00e4vitt\u00e4miseksi maapallolta. Pelk\u00e4st\u00e4\u00e4n t\u00e4h\u00e4n ty\u00f6h\u00f6n Rotary on suunnannut runsaasti vapaaehtoisvoimaa sek\u00e4 yli 1,2 miljardia US-dollaria<\/span><\/p>\n<p>&nbsp;<\/p>\n<p>&nbsp;<\/p>\n<p>[\/et_pb_text][\/et_pb_column_inner][\/et_pb_row_inner][\/et_pb_column][et_pb_column type=&#8221;1_3&#8243; _builder_version=&#8221;4.16&#8243; custom_padding=&#8221;|||&#8221; global_colors_info=&#8221;{}&#8221; custom_padding__hover=&#8221;|||&#8221;][et_pb_sidebar area=&#8221;sidebar-1&#8243; module_class=&#8221;sivupalkki_sisalto&#8221; _builder_version=&#8221;4.16&#8243; locked=&#8221;on&#8221; global_colors_info=&#8221;{}&#8221;]<\/p>\n<p>[\/et_pb_sidebar][\/et_pb_column][\/et_pb_section]<\/p>\n","protected":false},"excerpt":{"rendered":"<p>Keit\u00e4 olemme Kemin ja Meri-Kemin Rotaryklubit ovat uudistuvia ja toimeliaita rotaryklubeja. Kokoonnumme s\u00e4\u00e4nn\u00f6llisesti tapaamaan toisiamme ja edist\u00e4m\u00e4\u00e4n hyv\u00e4\u00e4 omalla paikkakunnallamme. Vuonna 2024 Kemin Rotaryklubiin liittyi mukaan my\u00f6s Iin satelliittiklubi. K\u00e4ymme vierailuilla kiinnostavissa yrityksiss\u00e4 ja muissa organisaatioissa, retkill\u00e4 ja jopa ulkomailla. Tule sin\u00e4kin mukaan tekem\u00e4\u00e4n kanssamme hyv\u00e4\u00e4.\u00a0 Klubissamme yhdistyv\u00e4t rotaryperinteet ja uuteen suuntautuva toiminta. Kemin Rotaryklubi [&hellip;]<\/p>\n","protected":false},"author":1,"featured_media":0,"parent":0,"menu_order":0,"comment_status":"closed","ping_status":"closed","template":"","meta":{"_acf_changed":false,"_et_pb_use_builder":"on","_et_pb_old_content":"","_et_gb_content_width":"","footnotes":""},"class_list":["post-129","page","type-page","status-publish","hentry"],"acf":[],"yoast_head":"<!-- This site is optimized with the Yoast SEO plugin v27.0 - https:\/\/yoast.com\/product\/yoast-seo-wordpress\/ -->\n<title>Keit\u00e4 olemme - Kemi ja Meri-Kemi<\/title>\n<meta name=\"robots\" content=\"index, follow, max-snippet:-1, max-image-preview:large, max-video-preview:-1\" \/>\n<link rel=\"canonical\" href=\"https:\/\/rotary.fi\/kemi-meri-kemi\/keita-olemme\/\" \/>\n<meta property=\"og:locale\" content=\"fi_FI\" \/>\n<meta property=\"og:type\" content=\"article\" \/>\n<meta property=\"og:title\" content=\"Keit\u00e4 olemme - Kemi ja Meri-Kemi\" \/>\n<meta property=\"og:description\" content=\"Keit\u00e4 olemme Kemin ja Meri-Kemin Rotaryklubit ovat uudistuvia ja toimeliaita rotaryklubeja. Kokoonnumme s\u00e4\u00e4nn\u00f6llisesti tapaamaan toisiamme ja edist\u00e4m\u00e4\u00e4n hyv\u00e4\u00e4 omalla paikkakunnallamme. Vuonna 2024 Kemin Rotaryklubiin liittyi mukaan my\u00f6s Iin satelliittiklubi. K\u00e4ymme vierailuilla kiinnostavissa yrityksiss\u00e4 ja muissa organisaatioissa, retkill\u00e4 ja jopa ulkomailla. Tule sin\u00e4kin mukaan tekem\u00e4\u00e4n kanssamme hyv\u00e4\u00e4.\u00a0 Klubissamme yhdistyv\u00e4t rotaryperinteet ja uuteen suuntautuva toiminta. Kemin Rotaryklubi [&hellip;]\" \/>\n<meta property=\"og:url\" content=\"https:\/\/rotary.fi\/kemi-meri-kemi\/keita-olemme\/\" \/>\n<meta property=\"og:site_name\" content=\"Kemi ja Meri-Kemi\" \/>\n<meta property=\"article:modified_time\" content=\"2024-12-08T07:12:37+00:00\" \/>\n<meta name=\"twitter:card\" content=\"summary_large_image\" \/>\n<meta name=\"twitter:label1\" content=\"Arvioitu lukuaika\" \/>\n\t<meta name=\"twitter:data1\" content=\"3 minuuttia\" \/>\n<script type=\"application\/ld+json\" class=\"yoast-schema-graph\">{\"@context\":\"https:\/\/schema.org\",\"@graph\":[{\"@type\":\"WebPage\",\"@id\":\"https:\/\/rotary.fi\/kemi-meri-kemi\/keita-olemme\/\",\"url\":\"https:\/\/rotary.fi\/kemi-meri-kemi\/keita-olemme\/\",\"name\":\"Keit\u00e4 olemme - Kemi ja Meri-Kemi\",\"isPartOf\":{\"@id\":\"https:\/\/rotary.fi\/kemi-meri-kemi\/#website\"},\"datePublished\":\"2018-08-10T10:41:39+00:00\",\"dateModified\":\"2024-12-08T07:12:37+00:00\",\"breadcrumb\":{\"@id\":\"https:\/\/rotary.fi\/kemi-meri-kemi\/keita-olemme\/#breadcrumb\"},\"inLanguage\":\"fi\",\"potentialAction\":[{\"@type\":\"ReadAction\",\"target\":[\"https:\/\/rotary.fi\/kemi-meri-kemi\/keita-olemme\/\"]}]},{\"@type\":\"BreadcrumbList\",\"@id\":\"https:\/\/rotary.fi\/kemi-meri-kemi\/keita-olemme\/#breadcrumb\",\"itemListElement\":[{\"@type\":\"ListItem\",\"position\":1,\"name\":\"Home\",\"item\":\"https:\/\/rotary.fi\/kemi-meri-kemi\/\"},{\"@type\":\"ListItem\",\"position\":2,\"name\":\"Keit\u00e4 olemme\"}]},{\"@type\":\"WebSite\",\"@id\":\"https:\/\/rotary.fi\/kemi-meri-kemi\/#website\",\"url\":\"https:\/\/rotary.fi\/kemi-meri-kemi\/\",\"name\":\"Kemi ja Meri-Kemi\",\"description\":\"Uusi Rotary klubisivusto\",\"potentialAction\":[{\"@type\":\"SearchAction\",\"target\":{\"@type\":\"EntryPoint\",\"urlTemplate\":\"https:\/\/rotary.fi\/kemi-meri-kemi\/?s={search_term_string}\"},\"query-input\":{\"@type\":\"PropertyValueSpecification\",\"valueRequired\":true,\"valueName\":\"search_term_string\"}}],\"inLanguage\":\"fi\"}]}<\/script>\n<!-- \/ Yoast SEO plugin. -->","yoast_head_json":{"title":"Keit\u00e4 olemme - Kemi ja Meri-Kemi","robots":{"index":"index","follow":"follow","max-snippet":"max-snippet:-1","max-image-preview":"max-image-preview:large","max-video-preview":"max-video-preview:-1"},"canonical":"https:\/\/rotary.fi\/kemi-meri-kemi\/keita-olemme\/","og_locale":"fi_FI","og_type":"article","og_title":"Keit\u00e4 olemme - Kemi ja Meri-Kemi","og_description":"Keit\u00e4 olemme Kemin ja Meri-Kemin Rotaryklubit ovat uudistuvia ja toimeliaita rotaryklubeja. Kokoonnumme s\u00e4\u00e4nn\u00f6llisesti tapaamaan toisiamme ja edist\u00e4m\u00e4\u00e4n hyv\u00e4\u00e4 omalla paikkakunnallamme. Vuonna 2024 Kemin Rotaryklubiin liittyi mukaan my\u00f6s Iin satelliittiklubi. K\u00e4ymme vierailuilla kiinnostavissa yrityksiss\u00e4 ja muissa organisaatioissa, retkill\u00e4 ja jopa ulkomailla. Tule sin\u00e4kin mukaan tekem\u00e4\u00e4n kanssamme hyv\u00e4\u00e4.\u00a0 Klubissamme yhdistyv\u00e4t rotaryperinteet ja uuteen suuntautuva toiminta. Kemin Rotaryklubi [&hellip;]","og_url":"https:\/\/rotary.fi\/kemi-meri-kemi\/keita-olemme\/","og_site_name":"Kemi ja Meri-Kemi","article_modified_time":"2024-12-08T07:12:37+00:00","twitter_card":"summary_large_image","twitter_misc":{"Arvioitu lukuaika":"3 minuuttia"},"schema":{"@context":"https:\/\/schema.org","@graph":[{"@type":"WebPage","@id":"https:\/\/rotary.fi\/kemi-meri-kemi\/keita-olemme\/","url":"https:\/\/rotary.fi\/kemi-meri-kemi\/keita-olemme\/","name":"Keit\u00e4 olemme - Kemi ja Meri-Kemi","isPartOf":{"@id":"https:\/\/rotary.fi\/kemi-meri-kemi\/#website"},"datePublished":"2018-08-10T10:41:39+00:00","dateModified":"2024-12-08T07:12:37+00:00","breadcrumb":{"@id":"https:\/\/rotary.fi\/kemi-meri-kemi\/keita-olemme\/#breadcrumb"},"inLanguage":"fi","potentialAction":[{"@type":"ReadAction","target":["https:\/\/rotary.fi\/kemi-meri-kemi\/keita-olemme\/"]}]},{"@type":"BreadcrumbList","@id":"https:\/\/rotary.fi\/kemi-meri-kemi\/keita-olemme\/#breadcrumb","itemListElement":[{"@type":"ListItem","position":1,"name":"Home","item":"https:\/\/rotary.fi\/kemi-meri-kemi\/"},{"@type":"ListItem","position":2,"name":"Keit\u00e4 olemme"}]},{"@type":"WebSite","@id":"https:\/\/rotary.fi\/kemi-meri-kemi\/#website","url":"https:\/\/rotary.fi\/kemi-meri-kemi\/","name":"Kemi ja Meri-Kemi","description":"Uusi Rotary klubisivusto","potentialAction":[{"@type":"SearchAction","target":{"@type":"EntryPoint","urlTemplate":"https:\/\/rotary.fi\/kemi-meri-kemi\/?s={search_term_string}"},"query-input":{"@type":"PropertyValueSpecification","valueRequired":true,"valueName":"search_term_string"}}],"inLanguage":"fi"}]}},"lang":"fi","translations":{"fi":129},"pll_sync_post":[],"_links":{"self":[{"href":"https:\/\/rotary.fi\/kemi-meri-kemi\/wp-json\/wp\/v2\/pages\/129","targetHints":{"allow":["GET"]}}],"collection":[{"href":"https:\/\/rotary.fi\/kemi-meri-kemi\/wp-json\/wp\/v2\/pages"}],"about":[{"href":"https:\/\/rotary.fi\/kemi-meri-kemi\/wp-json\/wp\/v2\/types\/page"}],"author":[{"embeddable":true,"href":"https:\/\/rotary.fi\/kemi-meri-kemi\/wp-json\/wp\/v2\/users\/1"}],"replies":[{"embeddable":true,"href":"https:\/\/rotary.fi\/kemi-meri-kemi\/wp-json\/wp\/v2\/comments?post=129"}],"version-history":[{"count":11,"href":"https:\/\/rotary.fi\/kemi-meri-kemi\/wp-json\/wp\/v2\/pages\/129\/revisions"}],"predecessor-version":[{"id":2265,"href":"https:\/\/rotary.fi\/kemi-meri-kemi\/wp-json\/wp\/v2\/pages\/129\/revisions\/2265"}],"wp:attachment":[{"href":"https:\/\/rotary.fi\/kemi-meri-kemi\/wp-json\/wp\/v2\/media?parent=129"}],"curies":[{"name":"wp","href":"https:\/\/api.w.org\/{rel}","templated":true}]}}