{"id":129,"date":"2018-08-10T13:41:39","date_gmt":"2018-08-10T10:41:39","guid":{"rendered":"https:\/\/rotary.fi\/klubi2\/?page_id=129"},"modified":"2025-04-20T13:54:47","modified_gmt":"2025-04-20T10:54:47","slug":"keita-olemme","status":"publish","type":"page","link":"https:\/\/rotary.fi\/kauniainen\/keita-olemme\/","title":{"rendered":"Keit\u00e4 olemme"},"content":{"rendered":"<p>[et_pb_section fb_built=&#8221;1&#8243; theme_builder_area=&#8221;post_content&#8221; _builder_version=&#8221;4.27.4&#8243; _module_preset=&#8221;default&#8221;][et_pb_row _builder_version=&#8221;4.27.4&#8243; _module_preset=&#8221;default&#8221; theme_builder_area=&#8221;post_content&#8221;][et_pb_column _builder_version=&#8221;4.27.4&#8243; _module_preset=&#8221;default&#8221; type=&#8221;4_4&#8243; theme_builder_area=&#8221;post_content&#8221;][et_pb_text _builder_version=&#8221;4.27.4&#8243; _module_preset=&#8221;default&#8221; theme_builder_area=&#8221;post_content&#8221; hover_enabled=&#8221;0&#8243; sticky_enabled=&#8221;0&#8243;]<\/p>\n<p style=\"font-weight: 400\">Kauniainen-Grankulla Rotaryklubi on Kauniaisissa toimiva rotaryklubi. Kokoonnumme joka toinen tiistai Palvelukeskus Villa Bredassa Kauniaisissa klo 17.30-19.00. Klubi on osa rotarypiiri\u00e4 1420, joka toimii Uudellamaalla ja Virossa.<\/p>\n<p style=\"font-weight: 400\">Klubin perusajatuksena on toteuttaa rotaryn palvelun ideaa`Service above self`.<\/p>\n<p style=\"font-weight: 400\">T\u00e4t\u00e4 toteutamme toiminnassa osallistumalla rotaryn humanitaarisiin projekteihin, olemalla mukana nuorisovaihdossa, sek\u00e4 toteuttamalla paikallista palvelutoimintaa.<\/p>\n<p style=\"font-weight: 400\">Klubikokouksissa pidett\u00e4v\u00e4t mielenkiintoiset esitelm\u00e4t ja keskustelut koskevat eri aihepiirej\u00e4 kuten esim. yhteiskunnallisia kysymyksi\u00e4, ymp\u00e4rist\u00f6- ja terveysaiheita, humanitaarista ty\u00f6t\u00e4 ja nuorisopalvelua. Osa kokouksista on vierailukokouksia erilaisiin kohteisiin. Olemme my\u00f6s yhteisty\u00f6ss\u00e4 paikallisten koulujen kanssa, sek\u00e4 Kauniaisten Musiikkiopiston kanssa. Musiikkiopiston kanssa j\u00e4rjest\u00e4mme vuosittain yhteistoiminnassa konsertin, jossa nuoret opiskelijat esiintyv\u00e4t.<\/p>\n<p style=\"font-weight: 400\">Rotary \u2013 merkityksellinen harrastus<\/p>\n<p style=\"font-weight: 400\">\n<p style=\"font-weight: 400\">Keskeist\u00e4 rotarytoiminnassa on vahvistaa rotary-yst\u00e4vyytt\u00e4 ja toveruutta. Toisia rohkaistaan palvelemaan itse kunkin ammatin kautta. Kansojen keskin\u00e4isen yhteisymm\u00e4rryksen ja rauhan edist\u00e4minen on yksi rotarien k\u00e4rkiteemoista. Rotarit ovat rauharakentamista sellaisissa yhteis\u00f6iss\u00e4, jotka ovat ajautuneet konfliktiin. Rotarien humanitaarinen ty\u00f6n yksi t\u00e4rkeimmist\u00e4 hankkeista puolestaan on ollut polion h\u00e4vitt\u00e4minen maailmasta. Toistaiseksi siihen on k\u00e4ytetty 1,2 mrd US -dollaria. Ty\u00f6 on ollut tuloksellista ja tauti on l\u00e4hes kokonaan saatu h\u00e4vitetyksi laajojen rokotusohjelmien avulla. Rotarien kansainv\u00e4lisen nuorisovaihdon avulla nuoret tutustuvat toisiinsa ja toisten maiden kulttuureihin.<\/p>\n<p style=\"font-weight: 400\">Vaikuttava kansainv\u00e4linen verkosto<\/p>\n<p style=\"font-weight: 400\">Rotary on Chicagossa 23.2.1905 perustettu kansainv\u00e4linen palvelu- ja hyv\u00e4ntekev\u00e4isyysorganisaatio. Rotary Internationalin kotipaikka on Evanston, USA:n osavaltiossa Illinoisissa. Tunnuslauseemme on Palvelu itsekkyyden edelle (Service Above Self).<\/p>\n<p style=\"font-weight: 400\">Rotaryyn kuuluu 1,2 miljoona j\u00e4sent\u00e4 35 000 klubissa yli 200 maassa. Rotary on merkitt\u00e4v\u00e4 kansainv\u00e4linen palvelu- ja hyv\u00e4ntekev\u00e4isyysj\u00e4rjest\u00f6. Suomi on jaettu kuuteen rotarypiiriin, joista yhteen kuuluvat my\u00f6s Viron klubit. Suomessa ja Virossa on yhteens\u00e4 300 klubia, joissa runsaat 10\u00a0000 rotaria<\/p>\n<p>[\/et_pb_text][\/et_pb_column][\/et_pb_row][\/et_pb_section]<\/p>\n","protected":false},"excerpt":{"rendered":"<p>Kauniainen-Grankulla Rotaryklubi on Kauniaisissa toimiva rotaryklubi. Kokoonnumme joka toinen tiistai Palvelukeskus Villa Bredassa Kauniaisissa klo 17.30-19.00. Klubi on osa rotarypiiri\u00e4 1420, joka toimii Uudellamaalla ja Virossa. Klubin perusajatuksena on toteuttaa rotaryn palvelun ideaa`Service above self`. T\u00e4t\u00e4 toteutamme toiminnassa osallistumalla rotaryn humanitaarisiin projekteihin, olemalla mukana nuorisovaihdossa, sek\u00e4 toteuttamalla paikallista palvelutoimintaa. Klubikokouksissa pidett\u00e4v\u00e4t mielenkiintoiset esitelm\u00e4t ja keskustelut [&hellip;]<\/p>\n","protected":false},"author":1,"featured_media":0,"parent":0,"menu_order":0,"comment_status":"closed","ping_status":"closed","template":"","meta":{"_acf_changed":false,"_et_pb_use_builder":"on","_et_pb_old_content":"","_et_gb_content_width":"","footnotes":""},"class_list":["post-129","page","type-page","status-publish","hentry"],"acf":[],"yoast_head":"<!-- This site is optimized with the Yoast SEO plugin v27.4 - https:\/\/yoast.com\/product\/yoast-seo-wordpress\/ -->\n<title>Keit\u00e4 olemme - Kauniainen-Grankulla Rotaryklubi<\/title>\n<meta name=\"robots\" content=\"index, follow, max-snippet:-1, max-image-preview:large, max-video-preview:-1\" \/>\n<link rel=\"canonical\" href=\"https:\/\/rotary.fi\/kauniainen\/keita-olemme\/\" \/>\n<meta property=\"og:locale\" content=\"fi_FI\" \/>\n<meta property=\"og:type\" content=\"article\" \/>\n<meta property=\"og:title\" content=\"Keit\u00e4 olemme - Kauniainen-Grankulla Rotaryklubi\" \/>\n<meta property=\"og:description\" content=\"Kauniainen-Grankulla Rotaryklubi on Kauniaisissa toimiva rotaryklubi. Kokoonnumme joka toinen tiistai Palvelukeskus Villa Bredassa Kauniaisissa klo 17.30-19.00. Klubi on osa rotarypiiri\u00e4 1420, joka toimii Uudellamaalla ja Virossa. Klubin perusajatuksena on toteuttaa rotaryn palvelun ideaa`Service above self`. T\u00e4t\u00e4 toteutamme toiminnassa osallistumalla rotaryn humanitaarisiin projekteihin, olemalla mukana nuorisovaihdossa, sek\u00e4 toteuttamalla paikallista palvelutoimintaa. Klubikokouksissa pidett\u00e4v\u00e4t mielenkiintoiset esitelm\u00e4t ja keskustelut [&hellip;]\" \/>\n<meta property=\"og:url\" content=\"https:\/\/rotary.fi\/kauniainen\/keita-olemme\/\" \/>\n<meta property=\"og:site_name\" content=\"Kauniainen-Grankulla Rotaryklubi\" \/>\n<meta property=\"article:modified_time\" content=\"2025-04-20T10:54:47+00:00\" \/>\n<meta name=\"twitter:card\" content=\"summary_large_image\" \/>\n<meta name=\"twitter:label1\" content=\"Arvioitu lukuaika\" \/>\n\t<meta name=\"twitter:data1\" content=\"2 minuuttia\" \/>\n<script type=\"application\/ld+json\" class=\"yoast-schema-graph\">{\"@context\":\"https:\\\/\\\/schema.org\",\"@graph\":[{\"@type\":\"WebPage\",\"@id\":\"https:\\\/\\\/rotary.fi\\\/kauniainen\\\/keita-olemme\\\/\",\"url\":\"https:\\\/\\\/rotary.fi\\\/kauniainen\\\/keita-olemme\\\/\",\"name\":\"Keit\u00e4 olemme - Kauniainen-Grankulla Rotaryklubi\",\"isPartOf\":{\"@id\":\"https:\\\/\\\/rotary.fi\\\/kauniainen\\\/#website\"},\"datePublished\":\"2018-08-10T10:41:39+00:00\",\"dateModified\":\"2025-04-20T10:54:47+00:00\",\"breadcrumb\":{\"@id\":\"https:\\\/\\\/rotary.fi\\\/kauniainen\\\/keita-olemme\\\/#breadcrumb\"},\"inLanguage\":\"fi\",\"potentialAction\":[{\"@type\":\"ReadAction\",\"target\":[\"https:\\\/\\\/rotary.fi\\\/kauniainen\\\/keita-olemme\\\/\"]}]},{\"@type\":\"BreadcrumbList\",\"@id\":\"https:\\\/\\\/rotary.fi\\\/kauniainen\\\/keita-olemme\\\/#breadcrumb\",\"itemListElement\":[{\"@type\":\"ListItem\",\"position\":1,\"name\":\"Home\",\"item\":\"https:\\\/\\\/rotary.fi\\\/kauniainen\\\/\"},{\"@type\":\"ListItem\",\"position\":2,\"name\":\"Keit\u00e4 olemme\"}]},{\"@type\":\"WebSite\",\"@id\":\"https:\\\/\\\/rotary.fi\\\/kauniainen\\\/#website\",\"url\":\"https:\\\/\\\/rotary.fi\\\/kauniainen\\\/\",\"name\":\"Kauniainen-Grankulla Rotaryklubi\",\"description\":\"Uusi Rotary klubisivusto\",\"publisher\":{\"@id\":\"https:\\\/\\\/rotary.fi\\\/kauniainen\\\/#organization\"},\"potentialAction\":[{\"@type\":\"SearchAction\",\"target\":{\"@type\":\"EntryPoint\",\"urlTemplate\":\"https:\\\/\\\/rotary.fi\\\/kauniainen\\\/?s={search_term_string}\"},\"query-input\":{\"@type\":\"PropertyValueSpecification\",\"valueRequired\":true,\"valueName\":\"search_term_string\"}}],\"inLanguage\":\"fi\"},{\"@type\":\"Organization\",\"@id\":\"https:\\\/\\\/rotary.fi\\\/kauniainen\\\/#organization\",\"name\":\"Kauniainen-Grankulla Rotaryklubi\",\"url\":\"https:\\\/\\\/rotary.fi\\\/kauniainen\\\/\",\"logo\":{\"@type\":\"ImageObject\",\"inLanguage\":\"fi\",\"@id\":\"https:\\\/\\\/rotary.fi\\\/kauniainen\\\/#\\\/schema\\\/logo\\\/image\\\/\",\"url\":\"https:\\\/\\\/rotary.fi\\\/kauniainen\\\/wp-content\\\/uploads\\\/sites\\\/253\\\/2018\\\/08\\\/rotary-logo-main-2.png\",\"contentUrl\":\"https:\\\/\\\/rotary.fi\\\/kauniainen\\\/wp-content\\\/uploads\\\/sites\\\/253\\\/2018\\\/08\\\/rotary-logo-main-2.png\",\"width\":135,\"height\":52,\"caption\":\"Kauniainen-Grankulla Rotaryklubi\"},\"image\":{\"@id\":\"https:\\\/\\\/rotary.fi\\\/kauniainen\\\/#\\\/schema\\\/logo\\\/image\\\/\"}}]}<\/script>\n<!-- \/ Yoast SEO plugin. -->","yoast_head_json":{"title":"Keit\u00e4 olemme - Kauniainen-Grankulla Rotaryklubi","robots":{"index":"index","follow":"follow","max-snippet":"max-snippet:-1","max-image-preview":"max-image-preview:large","max-video-preview":"max-video-preview:-1"},"canonical":"https:\/\/rotary.fi\/kauniainen\/keita-olemme\/","og_locale":"fi_FI","og_type":"article","og_title":"Keit\u00e4 olemme - Kauniainen-Grankulla Rotaryklubi","og_description":"Kauniainen-Grankulla Rotaryklubi on Kauniaisissa toimiva rotaryklubi. Kokoonnumme joka toinen tiistai Palvelukeskus Villa Bredassa Kauniaisissa klo 17.30-19.00. Klubi on osa rotarypiiri\u00e4 1420, joka toimii Uudellamaalla ja Virossa. Klubin perusajatuksena on toteuttaa rotaryn palvelun ideaa`Service above self`. T\u00e4t\u00e4 toteutamme toiminnassa osallistumalla rotaryn humanitaarisiin projekteihin, olemalla mukana nuorisovaihdossa, sek\u00e4 toteuttamalla paikallista palvelutoimintaa. Klubikokouksissa pidett\u00e4v\u00e4t mielenkiintoiset esitelm\u00e4t ja keskustelut [&hellip;]","og_url":"https:\/\/rotary.fi\/kauniainen\/keita-olemme\/","og_site_name":"Kauniainen-Grankulla Rotaryklubi","article_modified_time":"2025-04-20T10:54:47+00:00","twitter_card":"summary_large_image","twitter_misc":{"Arvioitu lukuaika":"2 minuuttia"},"schema":{"@context":"https:\/\/schema.org","@graph":[{"@type":"WebPage","@id":"https:\/\/rotary.fi\/kauniainen\/keita-olemme\/","url":"https:\/\/rotary.fi\/kauniainen\/keita-olemme\/","name":"Keit\u00e4 olemme - Kauniainen-Grankulla Rotaryklubi","isPartOf":{"@id":"https:\/\/rotary.fi\/kauniainen\/#website"},"datePublished":"2018-08-10T10:41:39+00:00","dateModified":"2025-04-20T10:54:47+00:00","breadcrumb":{"@id":"https:\/\/rotary.fi\/kauniainen\/keita-olemme\/#breadcrumb"},"inLanguage":"fi","potentialAction":[{"@type":"ReadAction","target":["https:\/\/rotary.fi\/kauniainen\/keita-olemme\/"]}]},{"@type":"BreadcrumbList","@id":"https:\/\/rotary.fi\/kauniainen\/keita-olemme\/#breadcrumb","itemListElement":[{"@type":"ListItem","position":1,"name":"Home","item":"https:\/\/rotary.fi\/kauniainen\/"},{"@type":"ListItem","position":2,"name":"Keit\u00e4 olemme"}]},{"@type":"WebSite","@id":"https:\/\/rotary.fi\/kauniainen\/#website","url":"https:\/\/rotary.fi\/kauniainen\/","name":"Kauniainen-Grankulla Rotaryklubi","description":"Uusi Rotary klubisivusto","publisher":{"@id":"https:\/\/rotary.fi\/kauniainen\/#organization"},"potentialAction":[{"@type":"SearchAction","target":{"@type":"EntryPoint","urlTemplate":"https:\/\/rotary.fi\/kauniainen\/?s={search_term_string}"},"query-input":{"@type":"PropertyValueSpecification","valueRequired":true,"valueName":"search_term_string"}}],"inLanguage":"fi"},{"@type":"Organization","@id":"https:\/\/rotary.fi\/kauniainen\/#organization","name":"Kauniainen-Grankulla Rotaryklubi","url":"https:\/\/rotary.fi\/kauniainen\/","logo":{"@type":"ImageObject","inLanguage":"fi","@id":"https:\/\/rotary.fi\/kauniainen\/#\/schema\/logo\/image\/","url":"https:\/\/rotary.fi\/kauniainen\/wp-content\/uploads\/sites\/253\/2018\/08\/rotary-logo-main-2.png","contentUrl":"https:\/\/rotary.fi\/kauniainen\/wp-content\/uploads\/sites\/253\/2018\/08\/rotary-logo-main-2.png","width":135,"height":52,"caption":"Kauniainen-Grankulla Rotaryklubi"},"image":{"@id":"https:\/\/rotary.fi\/kauniainen\/#\/schema\/logo\/image\/"}}]}},"lang":"fi","translations":{"fi":129},"pll_sync_post":[],"_links":{"self":[{"href":"https:\/\/rotary.fi\/kauniainen\/wp-json\/wp\/v2\/pages\/129","targetHints":{"allow":["GET"]}}],"collection":[{"href":"https:\/\/rotary.fi\/kauniainen\/wp-json\/wp\/v2\/pages"}],"about":[{"href":"https:\/\/rotary.fi\/kauniainen\/wp-json\/wp\/v2\/types\/page"}],"author":[{"embeddable":true,"href":"https:\/\/rotary.fi\/kauniainen\/wp-json\/wp\/v2\/users\/1"}],"replies":[{"embeddable":true,"href":"https:\/\/rotary.fi\/kauniainen\/wp-json\/wp\/v2\/comments?post=129"}],"version-history":[{"count":9,"href":"https:\/\/rotary.fi\/kauniainen\/wp-json\/wp\/v2\/pages\/129\/revisions"}],"predecessor-version":[{"id":1703,"href":"https:\/\/rotary.fi\/kauniainen\/wp-json\/wp\/v2\/pages\/129\/revisions\/1703"}],"wp:attachment":[{"href":"https:\/\/rotary.fi\/kauniainen\/wp-json\/wp\/v2\/media?parent=129"}],"curies":[{"name":"wp","href":"https:\/\/api.w.org\/{rel}","templated":true}]}}