{"id":94,"date":"2018-08-09T15:14:30","date_gmt":"2018-08-09T12:14:30","guid":{"rendered":"https:\/\/rotary.fi\/klubi2\/?page_id=94"},"modified":"2020-08-02T11:24:42","modified_gmt":"2020-08-02T08:24:42","slug":"ajankohtaista","status":"publish","type":"page","link":"https:\/\/rotary.fi\/kauhavarc\/ajankohtaista\/","title":{"rendered":"Ajankohtaista"},"content":{"rendered":"<p>[et_pb_section fb_built=&#8221;1&#8243; module_class=&#8221;jumbotron-page&#8221; _builder_version=&#8221;4.4.8&#8243; background_image=&#8221;https:\/\/rotary.fi\/kauhavarc\/wp-content\/uploads\/sites\/22\/2020\/08\/ak-tiukka.jpg&#8221; background_position=&#8221;bottom_center&#8221; hover_enabled=&#8221;0&#8243; title_text=&#8221;ak tiukka&#8221;][et_pb_row _builder_version=&#8221;4.4.8&#8243; background_size=&#8221;initial&#8221; background_position=&#8221;top_left&#8221; background_repeat=&#8221;repeat&#8221; hover_enabled=&#8221;0&#8243;][et_pb_column type=&#8221;4_4&#8243; _builder_version=&#8221;3.25&#8243; custom_padding=&#8221;|||&#8221; custom_padding__hover=&#8221;|||&#8221;][et_pb_text admin_label=&#8221;P\u00e4\u00e4otsikko&#8221; _builder_version=&#8221;4.4.8&#8243; text_orientation=&#8221;center&#8221; background_layout=&#8221;dark&#8221; hover_enabled=&#8221;0&#8243;]<\/p>\n<h1>\u00a0<\/h1>\n<h1>Ajankohtaista<\/h1>\n<p>[\/et_pb_text][\/et_pb_column][\/et_pb_row][\/et_pb_section][et_pb_section fb_built=&#8221;1&#8243; specialty=&#8221;on&#8221; module_class_2=&#8221;sivupalkki&#8221; _builder_version=&#8221;3.22&#8243; locked=&#8221;on&#8221;][et_pb_column type=&#8221;2_3&#8243; specialty_columns=&#8221;2&#8243; _builder_version=&#8221;3.25&#8243; custom_padding=&#8221;|||&#8221; custom_padding__hover=&#8221;|||&#8221;][et_pb_row_inner admin_label=&#8221;Rivi&#8221; _builder_version=&#8221;3.25&#8243; locked=&#8221;on&#8221;][et_pb_column_inner saved_specialty_column_type=&#8221;2_3&#8243; _builder_version=&#8221;3.25&#8243; custom_padding=&#8221;|||&#8221; custom_padding__hover=&#8221;|||&#8221;][et_pb_text admin_label=&#8221;Otsikko&#8221; _builder_version=&#8221;3.27.4&#8243; text_orientation=&#8221;center&#8221;]<\/p>\n<h1>Ajankohtaista<\/h1>\n<p>[\/et_pb_text][et_pb_code admin_label=&#8221;Ajankohtaisten listaus&#8221; module_class=&#8221;kaikki_ajankohtaiset&#8221; _builder_version=&#8221;3.17.6&#8243;]<ul class=\"display-posts-listing\"><li class=\"listing-item\"><a class=\"title\" href=\"https:\/\/rotary.fi\/kauhavarc\/ajankohtaiset\/klubiveljemme-tapani-lahti-nimettiin-tulevaksi-piirikuvernooriksi-kaudelle-2028-29\/\">Klubiveljemme Tapani Lahti nimettiin tulevaksi piirikuvern\u00f6\u00f6riksi kaudelle 2028-29<\/a> <span class=\"date\">15.4. 2026<\/span><\/li><li class=\"listing-item\"><a class=\"title\" href=\"https:\/\/rotary.fi\/kauhavarc\/ajankohtaiset\/suomen-rotary-ansiomerkki-klubimme-jasenelle\/\">Suomen Rotary ansiomerkki klubimme j\u00e4senelle<\/a> <span class=\"date\">15.4. 2026<\/span><\/li><li class=\"listing-item\"><a class=\"title\" href=\"https:\/\/rotary.fi\/kauhavarc\/ajankohtaiset\/klubin-nettisivuille-on-lisatty-uusi-klubimme-projekteja-osio\/\">Klubin nettisivuille on lis\u00e4tty uusi &#8221;Klubimme projekteja&#8221; osio<\/a> <span class=\"date\">15.4. 2026<\/span><\/li><li class=\"listing-item\"><a class=\"title\" href=\"https:\/\/rotary.fi\/kauhavarc\/ajankohtaiset\/kausi-2021-22-paattyi-nuijanvaihtajaisiin\/\">Klubikausi 2021-22 p\u00e4\u00e4ttyi k\u00e4\u00e4tyjen vaihtoon Hirvijoella<\/a> <span class=\"date\">8.7. 2022<\/span><\/li><li class=\"listing-item\"><a class=\"title\" href=\"https:\/\/rotary.fi\/kauhavarc\/ajankohtaiset\/kuvernoorivierailu\/\">Kuvern\u00f6\u00f6rivierailu ja PHF:ien jako 9.12.2021<\/a> <span class=\"date\">14.12. 2021<\/span><\/li><li class=\"listing-item\"><a class=\"title\" href=\"https:\/\/rotary.fi\/kauhavarc\/ajankohtaiset\/klubin-saantomaarainen-vuosikokous\/\">Klubin s\u00e4\u00e4nt\u00f6m\u00e4\u00e4r\u00e4inen vuosikokous<\/a> <span class=\"date\">25.11. 2021<\/span><\/li><li class=\"listing-item\"><a class=\"title\" href=\"https:\/\/rotary.fi\/kauhavarc\/ajankohtaiset\/kauhava-rc-lahjoitti-television-iltakellon-yhteistiloihin\/\">Kauhava RC lahjoitti television Iltakellon yhteistiloihin<\/a> <span class=\"date\">5.8. 2021<\/span><\/li><li class=\"listing-item\"><a class=\"title\" href=\"https:\/\/rotary.fi\/kauhavarc\/ajankohtaiset\/kauhava-rc-luovutti-kaksi-phf-ansiomerkkia-ansioituneille-klubilaisille\/\">Kauhava RC jakoi kaksi PHF-ansiomerkki\u00e4 ansioituneille klubilaisille!<\/a> <span class=\"date\">1.6. 2021<\/span><\/li><li class=\"listing-item\"><a class=\"title\" href=\"https:\/\/rotary.fi\/kauhavarc\/ajankohtaiset\/kauhava-rc-mukana-global-grant-hankkeessa-beirutilaisen-sairaalan-kunnostamiseksi\/\">Kauhava RC mukana Global Grant hankkeessa Beirutilaisen sairaalan kunnostamiseksi<\/a> <span class=\"date\">8.12. 2020<\/span><\/li><li class=\"listing-item\"><a class=\"title\" href=\"https:\/\/rotary.fi\/kauhavarc\/ajankohtaiset\/kauhavan-rotaryklubi-siirtyy-toistaiseksi-etakokouksiin\/\">Kauhavan Rotaryklubi siirtyy toistaiseksi et\u00e4kokouksiin!<\/a> <span class=\"date\">3.12. 2020<\/span><\/li><li class=\"listing-item\"><a class=\"title\" href=\"https:\/\/rotary.fi\/kauhavarc\/ajankohtaiset\/kauhava-rcn-jatkankyttiloita-ja-linnunponttoja-myynnissa-kauhavan-k-supermarket-kauppatiella\/\">Kauhava RC:n j\u00e4tk\u00e4nkyttil\u00f6it\u00e4 ja linnunp\u00f6ntt\u00f6j\u00e4 myynniss\u00e4 Kauhavan K-Supermarket Kauppatiell\u00e4.<\/a> <span class=\"date\">18.11. 2020<\/span><\/li><li class=\"listing-item\"><a class=\"title\" href=\"https:\/\/rotary.fi\/kauhavarc\/ajankohtaiset\/kauhava-rc-sai-maailmanpresidentin-citation-kunniamaininnan-kauden-2019-20-toiminnasta\/\">Kauhava RC sai maailmanpresidentin Citation kunniamaininnan kauden 2019-20 toiminnasta!<\/a> <span class=\"date\">1.10. 2020<\/span><\/li><li class=\"listing-item\"><a class=\"title\" href=\"https:\/\/rotary.fi\/kauhavarc\/ajankohtaiset\/kuvernoorin-syyskuun-kuukausikirje\/\">Kuvern\u00f6\u00f6rin syyskuun kuukausikirje<\/a> <span class=\"date\">24.9. 2020<\/span><\/li><li class=\"listing-item\"><a class=\"title\" href=\"https:\/\/rotary.fi\/kauhavarc\/ajankohtaiset\/kauhava-rc-sitoutui-endplasticsoap-toiminnan-ensimmaiseksi-suurlahettilasklubiksi-suomessa\/\">Kauhava RC sitoutui EndPlasticSoup toiminnan ensimm\u00e4iseksi suurl\u00e4hettil\u00e4s klubiksi Suomessa<\/a> <span class=\"date\">17.8. 2020<\/span><\/li><li class=\"listing-item\"><a class=\"title\" href=\"https:\/\/rotary.fi\/kauhavarc\/ajankohtaiset\/klubin-nuijanvaihtajaiset-1-8-2020\/\">Tunnelmia klubin nuijanvaihtajaisista<\/a> <span class=\"date\">2.8. 2020<\/span><\/li><li class=\"listing-item\"><a class=\"title\" href=\"https:\/\/rotary.fi\/kauhavarc\/ajankohtaiset\/kuvernoorin-kuukausikirje-heinakuu-2020\/\">Kuvern\u00f6\u00f6rin kuukausikirje hein\u00e4kuu 2020<\/a> <span class=\"date\">10.7. 2020<\/span><\/li><li class=\"listing-item\"><a class=\"title\" href=\"https:\/\/rotary.fi\/kauhavarc\/ajankohtaiset\/kuvernoorin-kuukausikirje-kesakuu-2020\/\">KUVERN\u00d6\u00d6RIN KUUKAUSIKIRJE 12\/2019\u20132020<\/a> <span class=\"date\">1.7. 2020<\/span><\/li><li class=\"listing-item\"><a class=\"title\" href=\"https:\/\/rotary.fi\/kauhavarc\/ajankohtaiset\/kuvernoorin-kuukausikirje-toukokuu-2020\/\">Kuvern\u00f6\u00f6rin kuukausikirje toukokuu 2020<\/a> <span class=\"date\">28.5. 2020<\/span><\/li><li class=\"listing-item\"><a class=\"title\" href=\"https:\/\/rotary.fi\/kauhavarc\/ajankohtaiset\/kuvernoori-arja-rantasen-huhtikuun-kuukausikirje\/\">Kuvern\u00f6\u00f6ri Arja Rantasen huhtikuun kuukausikirje<\/a> <span class=\"date\">8.4. 2020<\/span><\/li><li class=\"listing-item\"><a class=\"title\" href=\"https:\/\/rotary.fi\/kauhavarc\/ajankohtaiset\/kauhava-rc-siirtyy-toistaiseksi-etakokouksiin\/\">Kauhava RC siirtyy toistaiseksi et\u00e4kokouksiin<\/a> <span class=\"date\">31.3. 2020<\/span><\/li><li class=\"listing-item\"><a class=\"title\" href=\"https:\/\/rotary.fi\/kauhavarc\/ajankohtaiset\/piirikuvernoori-arja-rantasen-maaliskuun-kuukausikirje-korona-jne\/\">Piirikuvern\u00f6\u00f6ri Arja Rantasen maaliskuun kuukausikirje. Korona jne.<\/a> <span class=\"date\">15.3. 2020<\/span><\/li><li class=\"listing-item\"><a class=\"title\" href=\"https:\/\/rotary.fi\/kauhavarc\/ajankohtaiset\/piirikonferenssi-peruttu-ja-pets-koulutus-siirtyy-myohemmaksi-koronatilanteen-takia\/\">Piirikonferenssi peruttu ja PETS koulutus siirtyy my\u00f6hemm\u00e4ksi koronatilanteen takia<\/a> <span class=\"date\">15.3. 2020<\/span><\/li><li class=\"listing-item\"><a class=\"title\" href=\"https:\/\/rotary.fi\/kauhavarc\/ajankohtaiset\/kauden-2020-2021-kansainvalinen-teema-on-julkistettu\/\">Kauden 2020-2021 kansainv\u00e4linen Rotary teema on julkistettu.<\/a> <span class=\"date\">20.2. 2020<\/span><\/li><li class=\"listing-item\"><a class=\"title\" href=\"https:\/\/rotary.fi\/kauhavarc\/ajankohtaiset\/kevatkauden-viikko-ohjelma-julkaistu\/\">Kev\u00e4tkauden viikko-ohjelma julkaistu<\/a> <span class=\"date\">27.1. 2020<\/span><\/li><li class=\"listing-item\"><a class=\"title\" href=\"https:\/\/rotary.fi\/kauhavarc\/ajankohtaiset\/kuvernoorin-kuukausikirje-tammikuu\/\">Kuvern\u00f6\u00f6rin kuukausikirje tammikuu 2020<\/a> <span class=\"date\">9.1. 2020<\/span><\/li><li class=\"listing-item\"><a class=\"title\" href=\"https:\/\/rotary.fi\/kauhavarc\/ajankohtaiset\/kuvernoorin-kuukausikirje-joulukuu-2019\/\">Kuvern\u00f6\u00f6rin kuukausikirje joulukuu 2019<\/a> <span class=\"date\">3.1. 2020<\/span><\/li><li class=\"listing-item\"><a class=\"title\" href=\"https:\/\/rotary.fi\/kauhavarc\/presidentin_uutiset\/kuvernoorin-kuukausikirje-marraskuu\/\">Kuvern\u00f6\u00f6rin kuukausikirje Marraskuu<\/a> <span class=\"date\">5.11. 2019<\/span><\/li><li class=\"listing-item\"><a class=\"title\" href=\"https:\/\/rotary.fi\/kauhavarc\/presidentin_uutiset\/kuvernoorin-syyskuun-kuukausikirje\/\">Kuvern\u00f6\u00f6rin syyskuun kuukausikirje<\/a> <span class=\"date\">24.9. 2019<\/span><\/li><li class=\"listing-item\"><a class=\"title\" href=\"https:\/\/rotary.fi\/kauhavarc\/ajankohtaiset\/syysiloa-erityisryhmille-elokuvatapahtuma\/\">&#8221;Syysiloa erityisryhmille&#8221; elokuvatapahtuma to. 10.10.2019<\/a> <span class=\"date\">24.9. 2019<\/span><\/li><li class=\"listing-item\"><a class=\"title\" href=\"https:\/\/rotary.fi\/kauhavarc\/presidentin_uutiset\/rotaryn-syyskuun-teema-peruskoulutuksen-seka-luku-ja-kirjoitustaidon-kuukausi\/\">Rotaryn syyskuun teema &#8211; Peruskoulutuksen sek\u00e4 luku- ja kirjoitustaidon kuukausi<\/a> <span class=\"date\">12.9. 2019<\/span><\/li><li class=\"listing-item\"><a class=\"title\" href=\"https:\/\/rotary.fi\/kauhavarc\/ajankohtaiset\/kuvernoorin-elokuun-kuukausikirje\/\">Kuvern\u00f6\u00f6rin elokuun kuukausikirje<\/a> <span class=\"date\">28.8. 2019<\/span><\/li><li class=\"listing-item\"><a class=\"title\" href=\"https:\/\/rotary.fi\/kauhavarc\/ajankohtaiset\/uusi-vaihto-oppilaamme-esittayti-klubille\/\">Uusi vaihto-oppilaamme esitt\u00e4ytyi klubille<\/a> <span class=\"date\">23.8. 2019<\/span><\/li><li class=\"listing-item\"><a class=\"title\" href=\"https:\/\/rotary.fi\/kauhavarc\/ajankohtaiset\/piirin-1380-kotisivut-vaihtuvat\/\">Piirin 1380 kotisivut vaihtuvat<\/a> <span class=\"date\">9.8. 2019<\/span><\/li><li class=\"listing-item\"><a class=\"title\" href=\"https:\/\/rotary.fi\/kauhavarc\/presidentin_uutiset\/kuvernoori-arja-rantasen-ensimmainen-kuukausikirje\/\">Kuvern\u00f6\u00f6ri Arja Rantasen ensimm\u00e4inen kuukausikirje<\/a> <span class=\"date\">8.8. 2019<\/span><\/li><li class=\"listing-item\"><a class=\"title\" href=\"https:\/\/rotary.fi\/kauhavarc\/ajankohtaiset\/kuvernoorin-kesakuun-kuukausikirje\/\">Kuvern\u00f6\u00f6rin kes\u00e4kuun kuukausikirje<\/a> <span class=\"date\">2.7. 2019<\/span><\/li><li class=\"listing-item\"><a class=\"title\" href=\"https:\/\/rotary.fi\/kauhavarc\/ajankohtaiset\/klubiveljillemme-kaksi-uutta-phf-ansiomerkkia\/\">Klubiveljillemme kaksi uutta PHF ansiomerkki\u00e4<\/a> <span class=\"date\">4.4. 2019<\/span><\/li><li class=\"listing-item\"><a class=\"title\" href=\"https:\/\/rotary.fi\/kauhavarc\/ajankohtaiset\/kauhavan-rotaryklubin-60-v-juhlat-30-3-2019\/\">Kauhavan Rotaryklubin 60-V juhlat 30.3.2019. Kuvagalleria.<\/a> <span class=\"date\">31.3. 2019<\/span><\/li><li class=\"listing-item\"><a class=\"title\" href=\"https:\/\/rotary.fi\/kauhavarc\/ajankohtaiset\/kauhavan-rotaryklubi-lahjoitti-shelterboxin\/\">Kauhavan Rotaryklubi lahjoitti ShelterBoxin<\/a> <span class=\"date\">17.3. 2019<\/span><\/li><li class=\"listing-item\"><a class=\"title\" href=\"https:\/\/rotary.fi\/kauhavarc\/ajankohtaiset\/kauden-2019-20-teema-on-julkaistu\/\">Kauden 2019-20 teema on julkaistu<\/a> <span class=\"date\">18.2. 2019<\/span><\/li><li class=\"listing-item\"><a class=\"title\" href=\"https:\/\/rotary.fi\/kauhavarc\/ajankohtaiset\/kuvernoori-jaakko-panulan-kuukausikirje-1-2019\/\">Kuvern\u00f6\u00f6ri Jaakko Panulan Kuukausikirje 1\/2019<\/a> <span class=\"date\">29.1. 2019<\/span><\/li><li class=\"listing-item\"><a class=\"title\" href=\"https:\/\/rotary.fi\/kauhavarc\/presidentin_uutiset\/kuvernoori-jaakko-panulan-kuukausikirje-12-2018\/\">Kuvern\u00f6\u00f6ri Jaakko Panulan Kuukausikirje 12\/2018<\/a> <span class=\"date\">16.12. 2018<\/span><\/li><li class=\"listing-item\"><a class=\"title\" href=\"https:\/\/rotary.fi\/kauhavarc\/ajankohtaiset\/kauhava-rc-nyt-myos-facebookissa\/\">Kauhavan Rotaryklubi l\u00f6ytyy nyky\u00e4\u00e4n my\u00f6s Facebookista<\/a> <span class=\"date\">10.12. 2018<\/span><\/li><li class=\"listing-item\"><a class=\"title\" href=\"https:\/\/rotary.fi\/kauhavarc\/ajankohtaiset\/piirin-1380-klubit-tekivat-suurlahjoituksen-poliopaivan-kunniaksi\/\">Piirin 1380 klubit tekiv\u00e4t suurlahjoituksen Poliop\u00e4iv\u00e4n kunniaksi<\/a> <span class=\"date\">10.12. 2018<\/span><\/li><li class=\"listing-item\"><a class=\"title\" href=\"https:\/\/rotary.fi\/kauhavarc\/ajankohtaiset\/rotarylentopallon-sm-kisat\/\">Rotarylentopallon SM-kisat 2018<\/a> <span class=\"date\">10.12. 2018<\/span><\/li><li class=\"listing-item\"><a class=\"title\" href=\"https:\/\/rotary.fi\/kauhavarc\/presidentin_uutiset\/hyvaa-rotarysaation-kuukautta\/\">Hyv\u00e4\u00e4 Rotarys\u00e4\u00e4ti\u00f6n kuukautta!<\/a> <span class=\"date\">30.11. 2018<\/span><\/li><li class=\"listing-item\"><a class=\"title\" href=\"https:\/\/rotary.fi\/kauhavarc\/presidentin_uutiset\/suomen-rotarypalvelun-tuleva-hallitus-valittu\/\">Suomen Rotarypalvelun tuleva hallitus valittu<\/a> <span class=\"date\">25.11. 2018<\/span><\/li><\/ul>[\/et_pb_code][\/et_pb_column_inner][\/et_pb_row_inner][\/et_pb_column][et_pb_column type=&#8221;1_3&#8243; _builder_version=&#8221;3.25&#8243; custom_padding=&#8221;|||&#8221; custom_padding__hover=&#8221;|||&#8221;][et_pb_sidebar area=&#8221;sidebar-1&#8243; module_class=&#8221;sivupalkki_sisalto&#8221; _builder_version=&#8221;3.4.1&#8243;][\/et_pb_sidebar][\/et_pb_column][\/et_pb_section]<\/p>\n","protected":false},"excerpt":{"rendered":"<p>[et_pb_section fb_built=&#8221;1&#8243; module_class=&#8221;jumbotron-page&#8221; _builder_version=&#8221;4.4.8&#8243; background_image=&#8221;https:\/\/rotary.fi\/kauhavarc\/wp-content\/uploads\/sites\/22\/2020\/08\/ak-tiukka.jpg&#8221; background_position=&#8221;bottom_center&#8221; hover_enabled=&#8221;0&#8243; title_text=&#8221;ak tiukka&#8221;][et_pb_row _builder_version=&#8221;4.4.8&#8243; background_size=&#8221;initial&#8221; background_position=&#8221;top_left&#8221; background_repeat=&#8221;repeat&#8221; hover_enabled=&#8221;0&#8243;][et_pb_column type=&#8221;4_4&#8243; _builder_version=&#8221;3.25&#8243; custom_padding=&#8221;|||&#8221; custom_padding__hover=&#8221;|||&#8221;][et_pb_text admin_label=&#8221;P\u00e4\u00e4otsikko&#8221; _builder_version=&#8221;4.4.8&#8243; text_orientation=&#8221;center&#8221; background_layout=&#8221;dark&#8221; hover_enabled=&#8221;0&#8243;] \u00a0 Ajankohtaista [\/et_pb_text][\/et_pb_column][\/et_pb_row][\/et_pb_section][et_pb_section fb_built=&#8221;1&#8243; specialty=&#8221;on&#8221; module_class_2=&#8221;sivupalkki&#8221; _builder_version=&#8221;3.22&#8243; locked=&#8221;on&#8221;][et_pb_column type=&#8221;2_3&#8243; specialty_columns=&#8221;2&#8243; _builder_version=&#8221;3.25&#8243; custom_padding=&#8221;|||&#8221; custom_padding__hover=&#8221;|||&#8221;][et_pb_row_inner admin_label=&#8221;Rivi&#8221; _builder_version=&#8221;3.25&#8243; locked=&#8221;on&#8221;][et_pb_column_inner saved_specialty_column_type=&#8221;2_3&#8243; _builder_version=&#8221;3.25&#8243; custom_padding=&#8221;|||&#8221; custom_padding__hover=&#8221;|||&#8221;][et_pb_text admin_label=&#8221;Otsikko&#8221; _builder_version=&#8221;3.27.4&#8243; text_orientation=&#8221;center&#8221;] Ajankohtaista [\/et_pb_text][et_pb_code admin_label=&#8221;Ajankohtaisten listaus&#8221; module_class=&#8221;kaikki_ajankohtaiset&#8221; _builder_version=&#8221;3.17.6&#8243;][\/et_pb_code][\/et_pb_column_inner][\/et_pb_row_inner][\/et_pb_column][et_pb_column type=&#8221;1_3&#8243; _builder_version=&#8221;3.25&#8243; custom_padding=&#8221;|||&#8221; [&hellip;]<\/p>\n","protected":false},"author":1,"featured_media":0,"parent":0,"menu_order":0,"comment_status":"closed","ping_status":"closed","template":"","meta":{"_acf_changed":false,"_et_pb_use_builder":"on","_et_pb_old_content":"","_et_gb_content_width":"","footnotes":""},"class_list":["post-94","page","type-page","status-publish","hentry"],"acf":[],"yoast_head":"<!-- This site is optimized with the Yoast SEO plugin v27.4 - https:\/\/yoast.com\/product\/yoast-seo-wordpress\/ -->\n<title>Ajankohtaista - Kauhavan Rotaryklubi ry<\/title>\n<meta name=\"robots\" content=\"index, follow, max-snippet:-1, max-image-preview:large, max-video-preview:-1\" \/>\n<link rel=\"canonical\" href=\"https:\/\/rotary.fi\/kauhavarc\/ajankohtaista\/\" \/>\n<meta property=\"og:locale\" content=\"fi_FI\" \/>\n<meta property=\"og:type\" content=\"article\" \/>\n<meta property=\"og:title\" content=\"Ajankohtaista - Kauhavan Rotaryklubi ry\" \/>\n<meta property=\"og:description\" content=\"[et_pb_section fb_built=&#8221;1&#8243; module_class=&#8221;jumbotron-page&#8221; _builder_version=&#8221;4.4.8&#8243; background_image=&#8221;https:\/\/rotary.fi\/kauhavarc\/wp-content\/uploads\/sites\/22\/2020\/08\/ak-tiukka.jpg&#8221; background_position=&#8221;bottom_center&#8221; hover_enabled=&#8221;0&#8243; title_text=&#8221;ak tiukka&#8221;][et_pb_row _builder_version=&#8221;4.4.8&#8243; background_size=&#8221;initial&#8221; background_position=&#8221;top_left&#8221; background_repeat=&#8221;repeat&#8221; hover_enabled=&#8221;0&#8243;][et_pb_column type=&#8221;4_4&#8243; _builder_version=&#8221;3.25&#8243; custom_padding=&#8221;|||&#8221; custom_padding__hover=&#8221;|||&#8221;][et_pb_text admin_label=&#8221;P\u00e4\u00e4otsikko&#8221; _builder_version=&#8221;4.4.8&#8243; text_orientation=&#8221;center&#8221; background_layout=&#8221;dark&#8221; hover_enabled=&#8221;0&#8243;] \u00a0 Ajankohtaista [\/et_pb_text][\/et_pb_column][\/et_pb_row][\/et_pb_section][et_pb_section fb_built=&#8221;1&#8243; specialty=&#8221;on&#8221; module_class_2=&#8221;sivupalkki&#8221; _builder_version=&#8221;3.22&#8243; locked=&#8221;on&#8221;][et_pb_column type=&#8221;2_3&#8243; specialty_columns=&#8221;2&#8243; _builder_version=&#8221;3.25&#8243; custom_padding=&#8221;|||&#8221; custom_padding__hover=&#8221;|||&#8221;][et_pb_row_inner admin_label=&#8221;Rivi&#8221; _builder_version=&#8221;3.25&#8243; locked=&#8221;on&#8221;][et_pb_column_inner saved_specialty_column_type=&#8221;2_3&#8243; _builder_version=&#8221;3.25&#8243; custom_padding=&#8221;|||&#8221; custom_padding__hover=&#8221;|||&#8221;][et_pb_text admin_label=&#8221;Otsikko&#8221; _builder_version=&#8221;3.27.4&#8243; text_orientation=&#8221;center&#8221;] Ajankohtaista [\/et_pb_text][et_pb_code admin_label=&#8221;Ajankohtaisten listaus&#8221; module_class=&#8221;kaikki_ajankohtaiset&#8221; _builder_version=&#8221;3.17.6&#8243;][\/et_pb_code][\/et_pb_column_inner][\/et_pb_row_inner][\/et_pb_column][et_pb_column type=&#8221;1_3&#8243; _builder_version=&#8221;3.25&#8243; custom_padding=&#8221;|||&#8221; [&hellip;]\" \/>\n<meta property=\"og:url\" content=\"https:\/\/rotary.fi\/kauhavarc\/ajankohtaista\/\" \/>\n<meta property=\"og:site_name\" content=\"Kauhavan Rotaryklubi ry\" \/>\n<meta property=\"article:modified_time\" content=\"2020-08-02T08:24:42+00:00\" \/>\n<meta name=\"twitter:card\" content=\"summary_large_image\" \/>\n<meta name=\"twitter:label1\" content=\"Arvioitu lukuaika\" \/>\n\t<meta name=\"twitter:data1\" content=\"1 minuutti\" \/>\n<script type=\"application\/ld+json\" class=\"yoast-schema-graph\">{\"@context\":\"https:\\\/\\\/schema.org\",\"@graph\":[{\"@type\":\"WebPage\",\"@id\":\"https:\\\/\\\/rotary.fi\\\/kauhavarc\\\/ajankohtaista\\\/\",\"url\":\"https:\\\/\\\/rotary.fi\\\/kauhavarc\\\/ajankohtaista\\\/\",\"name\":\"Ajankohtaista - Kauhavan Rotaryklubi ry\",\"isPartOf\":{\"@id\":\"https:\\\/\\\/rotary.fi\\\/kauhavarc\\\/#website\"},\"datePublished\":\"2018-08-09T12:14:30+00:00\",\"dateModified\":\"2020-08-02T08:24:42+00:00\",\"breadcrumb\":{\"@id\":\"https:\\\/\\\/rotary.fi\\\/kauhavarc\\\/ajankohtaista\\\/#breadcrumb\"},\"inLanguage\":\"fi\",\"potentialAction\":[{\"@type\":\"ReadAction\",\"target\":[\"https:\\\/\\\/rotary.fi\\\/kauhavarc\\\/ajankohtaista\\\/\"]}]},{\"@type\":\"BreadcrumbList\",\"@id\":\"https:\\\/\\\/rotary.fi\\\/kauhavarc\\\/ajankohtaista\\\/#breadcrumb\",\"itemListElement\":[{\"@type\":\"ListItem\",\"position\":1,\"name\":\"Home\",\"item\":\"https:\\\/\\\/rotary.fi\\\/kauhavarc\\\/\"},{\"@type\":\"ListItem\",\"position\":2,\"name\":\"Ajankohtaista\"}]},{\"@type\":\"WebSite\",\"@id\":\"https:\\\/\\\/rotary.fi\\\/kauhavarc\\\/#website\",\"url\":\"https:\\\/\\\/rotary.fi\\\/kauhavarc\\\/\",\"name\":\"Kauhavan Rotaryklubi ry\",\"description\":\"Uusi Rotary klubisivusto\",\"potentialAction\":[{\"@type\":\"SearchAction\",\"target\":{\"@type\":\"EntryPoint\",\"urlTemplate\":\"https:\\\/\\\/rotary.fi\\\/kauhavarc\\\/?s={search_term_string}\"},\"query-input\":{\"@type\":\"PropertyValueSpecification\",\"valueRequired\":true,\"valueName\":\"search_term_string\"}}],\"inLanguage\":\"fi\"}]}<\/script>\n<!-- \/ Yoast SEO plugin. -->","yoast_head_json":{"title":"Ajankohtaista - Kauhavan Rotaryklubi ry","robots":{"index":"index","follow":"follow","max-snippet":"max-snippet:-1","max-image-preview":"max-image-preview:large","max-video-preview":"max-video-preview:-1"},"canonical":"https:\/\/rotary.fi\/kauhavarc\/ajankohtaista\/","og_locale":"fi_FI","og_type":"article","og_title":"Ajankohtaista - Kauhavan Rotaryklubi ry","og_description":"[et_pb_section fb_built=&#8221;1&#8243; module_class=&#8221;jumbotron-page&#8221; _builder_version=&#8221;4.4.8&#8243; background_image=&#8221;https:\/\/rotary.fi\/kauhavarc\/wp-content\/uploads\/sites\/22\/2020\/08\/ak-tiukka.jpg&#8221; background_position=&#8221;bottom_center&#8221; hover_enabled=&#8221;0&#8243; title_text=&#8221;ak tiukka&#8221;][et_pb_row _builder_version=&#8221;4.4.8&#8243; background_size=&#8221;initial&#8221; background_position=&#8221;top_left&#8221; background_repeat=&#8221;repeat&#8221; hover_enabled=&#8221;0&#8243;][et_pb_column type=&#8221;4_4&#8243; _builder_version=&#8221;3.25&#8243; custom_padding=&#8221;|||&#8221; custom_padding__hover=&#8221;|||&#8221;][et_pb_text admin_label=&#8221;P\u00e4\u00e4otsikko&#8221; _builder_version=&#8221;4.4.8&#8243; text_orientation=&#8221;center&#8221; background_layout=&#8221;dark&#8221; hover_enabled=&#8221;0&#8243;] \u00a0 Ajankohtaista [\/et_pb_text][\/et_pb_column][\/et_pb_row][\/et_pb_section][et_pb_section fb_built=&#8221;1&#8243; specialty=&#8221;on&#8221; module_class_2=&#8221;sivupalkki&#8221; _builder_version=&#8221;3.22&#8243; locked=&#8221;on&#8221;][et_pb_column type=&#8221;2_3&#8243; specialty_columns=&#8221;2&#8243; _builder_version=&#8221;3.25&#8243; custom_padding=&#8221;|||&#8221; custom_padding__hover=&#8221;|||&#8221;][et_pb_row_inner admin_label=&#8221;Rivi&#8221; _builder_version=&#8221;3.25&#8243; locked=&#8221;on&#8221;][et_pb_column_inner saved_specialty_column_type=&#8221;2_3&#8243; _builder_version=&#8221;3.25&#8243; custom_padding=&#8221;|||&#8221; custom_padding__hover=&#8221;|||&#8221;][et_pb_text admin_label=&#8221;Otsikko&#8221; _builder_version=&#8221;3.27.4&#8243; text_orientation=&#8221;center&#8221;] Ajankohtaista [\/et_pb_text][et_pb_code admin_label=&#8221;Ajankohtaisten listaus&#8221; module_class=&#8221;kaikki_ajankohtaiset&#8221; _builder_version=&#8221;3.17.6&#8243;][\/et_pb_code][\/et_pb_column_inner][\/et_pb_row_inner][\/et_pb_column][et_pb_column type=&#8221;1_3&#8243; _builder_version=&#8221;3.25&#8243; custom_padding=&#8221;|||&#8221; [&hellip;]","og_url":"https:\/\/rotary.fi\/kauhavarc\/ajankohtaista\/","og_site_name":"Kauhavan Rotaryklubi ry","article_modified_time":"2020-08-02T08:24:42+00:00","twitter_card":"summary_large_image","twitter_misc":{"Arvioitu lukuaika":"1 minuutti"},"schema":{"@context":"https:\/\/schema.org","@graph":[{"@type":"WebPage","@id":"https:\/\/rotary.fi\/kauhavarc\/ajankohtaista\/","url":"https:\/\/rotary.fi\/kauhavarc\/ajankohtaista\/","name":"Ajankohtaista - Kauhavan Rotaryklubi ry","isPartOf":{"@id":"https:\/\/rotary.fi\/kauhavarc\/#website"},"datePublished":"2018-08-09T12:14:30+00:00","dateModified":"2020-08-02T08:24:42+00:00","breadcrumb":{"@id":"https:\/\/rotary.fi\/kauhavarc\/ajankohtaista\/#breadcrumb"},"inLanguage":"fi","potentialAction":[{"@type":"ReadAction","target":["https:\/\/rotary.fi\/kauhavarc\/ajankohtaista\/"]}]},{"@type":"BreadcrumbList","@id":"https:\/\/rotary.fi\/kauhavarc\/ajankohtaista\/#breadcrumb","itemListElement":[{"@type":"ListItem","position":1,"name":"Home","item":"https:\/\/rotary.fi\/kauhavarc\/"},{"@type":"ListItem","position":2,"name":"Ajankohtaista"}]},{"@type":"WebSite","@id":"https:\/\/rotary.fi\/kauhavarc\/#website","url":"https:\/\/rotary.fi\/kauhavarc\/","name":"Kauhavan Rotaryklubi ry","description":"Uusi Rotary klubisivusto","potentialAction":[{"@type":"SearchAction","target":{"@type":"EntryPoint","urlTemplate":"https:\/\/rotary.fi\/kauhavarc\/?s={search_term_string}"},"query-input":{"@type":"PropertyValueSpecification","valueRequired":true,"valueName":"search_term_string"}}],"inLanguage":"fi"}]}},"lang":"fi","translations":{"fi":94},"pll_sync_post":[],"_links":{"self":[{"href":"https:\/\/rotary.fi\/kauhavarc\/wp-json\/wp\/v2\/pages\/94","targetHints":{"allow":["GET"]}}],"collection":[{"href":"https:\/\/rotary.fi\/kauhavarc\/wp-json\/wp\/v2\/pages"}],"about":[{"href":"https:\/\/rotary.fi\/kauhavarc\/wp-json\/wp\/v2\/types\/page"}],"author":[{"embeddable":true,"href":"https:\/\/rotary.fi\/kauhavarc\/wp-json\/wp\/v2\/users\/1"}],"replies":[{"embeddable":true,"href":"https:\/\/rotary.fi\/kauhavarc\/wp-json\/wp\/v2\/comments?post=94"}],"version-history":[{"count":9,"href":"https:\/\/rotary.fi\/kauhavarc\/wp-json\/wp\/v2\/pages\/94\/revisions"}],"predecessor-version":[{"id":3291,"href":"https:\/\/rotary.fi\/kauhavarc\/wp-json\/wp\/v2\/pages\/94\/revisions\/3291"}],"wp:attachment":[{"href":"https:\/\/rotary.fi\/kauhavarc\/wp-json\/wp\/v2\/media?parent=94"}],"curies":[{"name":"wp","href":"https:\/\/api.w.org\/{rel}","templated":true}]}}