{"id":4958,"date":"2025-08-07T15:37:10","date_gmt":"2025-08-07T12:37:10","guid":{"rendered":"https:\/\/rotary.fi\/kauhavarc\/?page_id=4958"},"modified":"2025-08-07T15:37:16","modified_gmt":"2025-08-07T12:37:16","slug":"rotary-norden-lehti","status":"publish","type":"page","link":"https:\/\/rotary.fi\/kauhavarc\/rotary-norden-lehti\/","title":{"rendered":"Rotary Norden &#8211; lehti"},"content":{"rendered":"<p>[et_pb_section fb_built=&#8221;1&#8243; theme_builder_area=&#8221;post_content&#8221; _builder_version=&#8221;4.27.4&#8243; _module_preset=&#8221;default&#8221;][et_pb_row _builder_version=&#8221;4.27.4&#8243; _module_preset=&#8221;default&#8221; theme_builder_area=&#8221;post_content&#8221;][et_pb_column _builder_version=&#8221;4.27.4&#8243; _module_preset=&#8221;default&#8221; type=&#8221;4_4&#8243; theme_builder_area=&#8221;post_content&#8221;][et_pb_text _builder_version=&#8221;4.27.4&#8243; _module_preset=&#8221;default&#8221; theme_builder_area=&#8221;post_content&#8221; hover_enabled=&#8221;0&#8243; sticky_enabled=&#8221;0&#8243;]<\/p>\n<p><img loading=\"lazy\" decoding=\"async\" class=\"wp-image-4961 size-large aligncenter\" src=\"https:\/\/rotary.fi\/kauhavarc\/wp-content\/uploads\/sites\/22\/2025\/08\/rotary-norden-789x1024.jpg\" alt=\"\" width=\"789\" height=\"1024\" srcset=\"https:\/\/rotary.fi\/kauhavarc\/wp-content\/uploads\/sites\/22\/2025\/08\/rotary-norden-789x1024.jpg 789w, https:\/\/rotary.fi\/kauhavarc\/wp-content\/uploads\/sites\/22\/2025\/08\/rotary-norden-480x623.jpg 480w\" sizes=\"(min-width: 0px) and (max-width: 480px) 480px, (min-width: 481px) 789px, 100vw\" \/><\/p>\n<p>&nbsp;<\/p>\n<h3 class=\"et_pb_module_heading\" style=\"text-align: center\">Rotary Norden -lehti<\/h3>\n<p style=\"text-align: center\">Lue mit\u00e4 Rotary tekee Suomessa ja muissa Pohjoismaissa!<\/p>\n<p style=\"text-align: center\">Rotary Norden on viiden Pohjoismaan yhteinen j\u00e4senlehti, joka ilmestyy s\u00e4hk\u00f6isesti kuusi kertaa vuodessa.<\/p>\n<p style=\"text-align: center\">Jokaisella maalla on omat sivunsa, joissa kerrotaan klubien ja piirien projekteista.<\/p>\n<p style=\"text-align: center\">Lehden voi lukea jokaisella pohjoismaisella kielell\u00e4.<\/p>\n<p>[\/et_pb_text][et_pb_button _builder_version=&#8221;4.27.4&#8243; _module_preset=&#8221;default&#8221; theme_builder_area=&#8221;post_content&#8221; admin_label=&#8221;Lue lehti painike&#8221; custom_margin=&#8221;30px||30px||false|false&#8221; button_alignment=&#8221;center&#8221; button_url=&#8221;https:\/\/rotarynorden.e-pages.pub\/titles\/rotaryfinland\/14260&#8243; button_text=&#8221;Lue lehti t\u00e4st\u00e4&#8221; hover_enabled=&#8221;0&#8243; sticky_enabled=&#8221;0&#8243;][\/et_pb_button][\/et_pb_column][\/et_pb_row][\/et_pb_section]<\/p>\n","protected":false},"excerpt":{"rendered":"<p>&nbsp; Rotary Norden -lehti Lue mit\u00e4 Rotary tekee Suomessa ja muissa Pohjoismaissa! Rotary Norden on viiden Pohjoismaan yhteinen j\u00e4senlehti, joka ilmestyy s\u00e4hk\u00f6isesti kuusi kertaa vuodessa. Jokaisella maalla on omat sivunsa, joissa kerrotaan klubien ja piirien projekteista. Lehden voi lukea jokaisella pohjoismaisella kielell\u00e4.<\/p>\n","protected":false},"author":16,"featured_media":0,"parent":0,"menu_order":0,"comment_status":"closed","ping_status":"closed","template":"","meta":{"_acf_changed":false,"_et_pb_use_builder":"on","_et_pb_old_content":"","_et_gb_content_width":"","footnotes":""},"class_list":["post-4958","page","type-page","status-publish","hentry"],"acf":[],"yoast_head":"<!-- This site is optimized with the Yoast SEO plugin v27.0 - https:\/\/yoast.com\/product\/yoast-seo-wordpress\/ -->\n<title>Rotary Norden - lehti - Kauhavan Rotaryklubi ry<\/title>\n<meta name=\"robots\" content=\"index, follow, max-snippet:-1, max-image-preview:large, max-video-preview:-1\" \/>\n<link rel=\"canonical\" href=\"https:\/\/rotary.fi\/kauhavarc\/rotary-norden-lehti\/\" \/>\n<meta property=\"og:locale\" content=\"fi_FI\" \/>\n<meta property=\"og:type\" content=\"article\" \/>\n<meta property=\"og:title\" content=\"Rotary Norden - lehti - Kauhavan Rotaryklubi ry\" \/>\n<meta property=\"og:description\" content=\"&nbsp; Rotary Norden -lehti Lue mit\u00e4 Rotary tekee Suomessa ja muissa Pohjoismaissa! Rotary Norden on viiden Pohjoismaan yhteinen j\u00e4senlehti, joka ilmestyy s\u00e4hk\u00f6isesti kuusi kertaa vuodessa. Jokaisella maalla on omat sivunsa, joissa kerrotaan klubien ja piirien projekteista. Lehden voi lukea jokaisella pohjoismaisella kielell\u00e4.\" \/>\n<meta property=\"og:url\" content=\"https:\/\/rotary.fi\/kauhavarc\/rotary-norden-lehti\/\" \/>\n<meta property=\"og:site_name\" content=\"Kauhavan Rotaryklubi ry\" \/>\n<meta property=\"article:modified_time\" content=\"2025-08-07T12:37:16+00:00\" \/>\n<meta property=\"og:image\" content=\"https:\/\/rotary.fi\/kauhavarc\/wp-content\/uploads\/sites\/22\/2025\/08\/rotary-norden.jpg\" \/>\n\t<meta property=\"og:image:width\" content=\"807\" \/>\n\t<meta property=\"og:image:height\" content=\"1047\" \/>\n\t<meta property=\"og:image:type\" content=\"image\/jpeg\" \/>\n<meta name=\"twitter:card\" content=\"summary_large_image\" \/>\n<meta name=\"twitter:label1\" content=\"Arvioitu lukuaika\" \/>\n\t<meta name=\"twitter:data1\" content=\"1 minuutti\" \/>\n<script type=\"application\/ld+json\" class=\"yoast-schema-graph\">{\"@context\":\"https:\/\/schema.org\",\"@graph\":[{\"@type\":\"WebPage\",\"@id\":\"https:\/\/rotary.fi\/kauhavarc\/rotary-norden-lehti\/\",\"url\":\"https:\/\/rotary.fi\/kauhavarc\/rotary-norden-lehti\/\",\"name\":\"Rotary Norden - lehti - Kauhavan Rotaryklubi ry\",\"isPartOf\":{\"@id\":\"https:\/\/rotary.fi\/kauhavarc\/#website\"},\"primaryImageOfPage\":{\"@id\":\"https:\/\/rotary.fi\/kauhavarc\/rotary-norden-lehti\/#primaryimage\"},\"image\":{\"@id\":\"https:\/\/rotary.fi\/kauhavarc\/rotary-norden-lehti\/#primaryimage\"},\"thumbnailUrl\":\"https:\/\/rotary.fi\/kauhavarc\/wp-content\/uploads\/sites\/22\/2025\/08\/rotary-norden-789x1024.jpg\",\"datePublished\":\"2025-08-07T12:37:10+00:00\",\"dateModified\":\"2025-08-07T12:37:16+00:00\",\"breadcrumb\":{\"@id\":\"https:\/\/rotary.fi\/kauhavarc\/rotary-norden-lehti\/#breadcrumb\"},\"inLanguage\":\"fi\",\"potentialAction\":[{\"@type\":\"ReadAction\",\"target\":[\"https:\/\/rotary.fi\/kauhavarc\/rotary-norden-lehti\/\"]}]},{\"@type\":\"ImageObject\",\"inLanguage\":\"fi\",\"@id\":\"https:\/\/rotary.fi\/kauhavarc\/rotary-norden-lehti\/#primaryimage\",\"url\":\"https:\/\/rotary.fi\/kauhavarc\/wp-content\/uploads\/sites\/22\/2025\/08\/rotary-norden.jpg\",\"contentUrl\":\"https:\/\/rotary.fi\/kauhavarc\/wp-content\/uploads\/sites\/22\/2025\/08\/rotary-norden.jpg\",\"width\":807,\"height\":1047},{\"@type\":\"BreadcrumbList\",\"@id\":\"https:\/\/rotary.fi\/kauhavarc\/rotary-norden-lehti\/#breadcrumb\",\"itemListElement\":[{\"@type\":\"ListItem\",\"position\":1,\"name\":\"Home\",\"item\":\"https:\/\/rotary.fi\/kauhavarc\/\"},{\"@type\":\"ListItem\",\"position\":2,\"name\":\"Rotary Norden &#8211; lehti\"}]},{\"@type\":\"WebSite\",\"@id\":\"https:\/\/rotary.fi\/kauhavarc\/#website\",\"url\":\"https:\/\/rotary.fi\/kauhavarc\/\",\"name\":\"Kauhavan Rotaryklubi ry\",\"description\":\"Uusi Rotary klubisivusto\",\"potentialAction\":[{\"@type\":\"SearchAction\",\"target\":{\"@type\":\"EntryPoint\",\"urlTemplate\":\"https:\/\/rotary.fi\/kauhavarc\/?s={search_term_string}\"},\"query-input\":{\"@type\":\"PropertyValueSpecification\",\"valueRequired\":true,\"valueName\":\"search_term_string\"}}],\"inLanguage\":\"fi\"}]}<\/script>\n<!-- \/ Yoast SEO plugin. -->","yoast_head_json":{"title":"Rotary Norden - lehti - Kauhavan Rotaryklubi ry","robots":{"index":"index","follow":"follow","max-snippet":"max-snippet:-1","max-image-preview":"max-image-preview:large","max-video-preview":"max-video-preview:-1"},"canonical":"https:\/\/rotary.fi\/kauhavarc\/rotary-norden-lehti\/","og_locale":"fi_FI","og_type":"article","og_title":"Rotary Norden - lehti - Kauhavan Rotaryklubi ry","og_description":"&nbsp; Rotary Norden -lehti Lue mit\u00e4 Rotary tekee Suomessa ja muissa Pohjoismaissa! Rotary Norden on viiden Pohjoismaan yhteinen j\u00e4senlehti, joka ilmestyy s\u00e4hk\u00f6isesti kuusi kertaa vuodessa. Jokaisella maalla on omat sivunsa, joissa kerrotaan klubien ja piirien projekteista. Lehden voi lukea jokaisella pohjoismaisella kielell\u00e4.","og_url":"https:\/\/rotary.fi\/kauhavarc\/rotary-norden-lehti\/","og_site_name":"Kauhavan Rotaryklubi ry","article_modified_time":"2025-08-07T12:37:16+00:00","og_image":[{"width":807,"height":1047,"url":"https:\/\/rotary.fi\/kauhavarc\/wp-content\/uploads\/sites\/22\/2025\/08\/rotary-norden.jpg","type":"image\/jpeg"}],"twitter_card":"summary_large_image","twitter_misc":{"Arvioitu lukuaika":"1 minuutti"},"schema":{"@context":"https:\/\/schema.org","@graph":[{"@type":"WebPage","@id":"https:\/\/rotary.fi\/kauhavarc\/rotary-norden-lehti\/","url":"https:\/\/rotary.fi\/kauhavarc\/rotary-norden-lehti\/","name":"Rotary Norden - lehti - Kauhavan Rotaryklubi ry","isPartOf":{"@id":"https:\/\/rotary.fi\/kauhavarc\/#website"},"primaryImageOfPage":{"@id":"https:\/\/rotary.fi\/kauhavarc\/rotary-norden-lehti\/#primaryimage"},"image":{"@id":"https:\/\/rotary.fi\/kauhavarc\/rotary-norden-lehti\/#primaryimage"},"thumbnailUrl":"https:\/\/rotary.fi\/kauhavarc\/wp-content\/uploads\/sites\/22\/2025\/08\/rotary-norden-789x1024.jpg","datePublished":"2025-08-07T12:37:10+00:00","dateModified":"2025-08-07T12:37:16+00:00","breadcrumb":{"@id":"https:\/\/rotary.fi\/kauhavarc\/rotary-norden-lehti\/#breadcrumb"},"inLanguage":"fi","potentialAction":[{"@type":"ReadAction","target":["https:\/\/rotary.fi\/kauhavarc\/rotary-norden-lehti\/"]}]},{"@type":"ImageObject","inLanguage":"fi","@id":"https:\/\/rotary.fi\/kauhavarc\/rotary-norden-lehti\/#primaryimage","url":"https:\/\/rotary.fi\/kauhavarc\/wp-content\/uploads\/sites\/22\/2025\/08\/rotary-norden.jpg","contentUrl":"https:\/\/rotary.fi\/kauhavarc\/wp-content\/uploads\/sites\/22\/2025\/08\/rotary-norden.jpg","width":807,"height":1047},{"@type":"BreadcrumbList","@id":"https:\/\/rotary.fi\/kauhavarc\/rotary-norden-lehti\/#breadcrumb","itemListElement":[{"@type":"ListItem","position":1,"name":"Home","item":"https:\/\/rotary.fi\/kauhavarc\/"},{"@type":"ListItem","position":2,"name":"Rotary Norden &#8211; lehti"}]},{"@type":"WebSite","@id":"https:\/\/rotary.fi\/kauhavarc\/#website","url":"https:\/\/rotary.fi\/kauhavarc\/","name":"Kauhavan Rotaryklubi ry","description":"Uusi Rotary klubisivusto","potentialAction":[{"@type":"SearchAction","target":{"@type":"EntryPoint","urlTemplate":"https:\/\/rotary.fi\/kauhavarc\/?s={search_term_string}"},"query-input":{"@type":"PropertyValueSpecification","valueRequired":true,"valueName":"search_term_string"}}],"inLanguage":"fi"}]}},"lang":"fi","translations":{"fi":4958},"pll_sync_post":[],"_links":{"self":[{"href":"https:\/\/rotary.fi\/kauhavarc\/wp-json\/wp\/v2\/pages\/4958","targetHints":{"allow":["GET"]}}],"collection":[{"href":"https:\/\/rotary.fi\/kauhavarc\/wp-json\/wp\/v2\/pages"}],"about":[{"href":"https:\/\/rotary.fi\/kauhavarc\/wp-json\/wp\/v2\/types\/page"}],"author":[{"embeddable":true,"href":"https:\/\/rotary.fi\/kauhavarc\/wp-json\/wp\/v2\/users\/16"}],"replies":[{"embeddable":true,"href":"https:\/\/rotary.fi\/kauhavarc\/wp-json\/wp\/v2\/comments?post=4958"}],"version-history":[{"count":6,"href":"https:\/\/rotary.fi\/kauhavarc\/wp-json\/wp\/v2\/pages\/4958\/revisions"}],"predecessor-version":[{"id":4966,"href":"https:\/\/rotary.fi\/kauhavarc\/wp-json\/wp\/v2\/pages\/4958\/revisions\/4966"}],"wp:attachment":[{"href":"https:\/\/rotary.fi\/kauhavarc\/wp-json\/wp\/v2\/media?parent=4958"}],"curies":[{"name":"wp","href":"https:\/\/api.w.org\/{rel}","templated":true}]}}