{"id":4739,"date":"2024-07-01T11:36:28","date_gmt":"2024-07-01T08:36:28","guid":{"rendered":"https:\/\/rotary.fi\/kauhavarc\/?page_id=4739"},"modified":"2024-07-01T11:47:51","modified_gmt":"2024-07-01T08:47:51","slug":"kauden-2022-2023-ohjelma","status":"publish","type":"page","link":"https:\/\/rotary.fi\/kauhavarc\/kauden-2022-2023-ohjelma\/","title":{"rendered":"Kauhavan Rotaryklubin kauden 2022 -2023 ohjelma"},"content":{"rendered":"<p>[et_pb_section fb_built=&#8221;1&#8243; _builder_version=&#8221;4.16&#8243; global_colors_info=&#8221;{}&#8221;][et_pb_row _builder_version=&#8221;4.16&#8243; background_size=&#8221;initial&#8221; background_position=&#8221;top_left&#8221; background_repeat=&#8221;repeat&#8221; global_colors_info=&#8221;{}&#8221;][et_pb_column type=&#8221;4_4&#8243; _builder_version=&#8221;4.16&#8243; custom_padding=&#8221;|||&#8221; global_colors_info=&#8221;{}&#8221; custom_padding__hover=&#8221;|||&#8221;][et_pb_text _builder_version=&#8221;4.25.2&#8243; background_size=&#8221;initial&#8221; background_position=&#8221;top_left&#8221; background_repeat=&#8221;repeat&#8221; global_colors_info=&#8221;{}&#8221;]<\/p>\n<p><img loading=\"lazy\" decoding=\"async\" class=\"wp-image-4510 alignnone size-large aligncenter\" src=\"https:\/\/rotary.fi\/kauhavarc\/wp-content\/uploads\/sites\/22\/2023\/07\/vuositeema-23-24-1024x191.png\" alt=\"\" width=\"1024\" height=\"191\" srcset=\"https:\/\/rotary.fi\/kauhavarc\/wp-content\/uploads\/sites\/22\/2023\/07\/vuositeema-23-24-980x183.png 980w, https:\/\/rotary.fi\/kauhavarc\/wp-content\/uploads\/sites\/22\/2023\/07\/vuositeema-23-24-480x89.png 480w\" sizes=\"(min-width: 0px) and (max-width: 480px) 480px, (min-width: 481px) and (max-width: 980px) 980px, (min-width: 981px) 1024px, 100vw\" \/><\/p>\n<p>[\/et_pb_text][et_pb_text admin_label=&#8221;Teksti&#8221; _builder_version=&#8221;4.25.2&#8243; background_size=&#8221;initial&#8221; background_position=&#8221;top_left&#8221; background_repeat=&#8221;repeat&#8221; global_colors_info=&#8221;{}&#8221;]<\/p>\n<p style=\"text-align: center\"><strong><br \/>Presidentti :\u00a0 Seppo Prusti\u00a0 \u00a0&#8211;\u00a0 Sihteeri:\u00a0 Tapani Lahti<\/strong><\/p>\n<p>[\/et_pb_text][et_pb_text _builder_version=&#8221;4.25.2&#8243; _module_preset=&#8221;default&#8221; global_colors_info=&#8221;{}&#8221;]<\/p>\n<p>&nbsp;<\/p>\n<table width=\"681\">\n<tbody>\n<tr>\n<td width=\"64\">Viikko<\/td>\n<td width=\"64\">Pvm<\/td>\n<td width=\"553\"><strong>Kauhava RC ohjelma syyskausi 2022<\/strong><\/td>\n<\/tr>\n<tr>\n<td>\u00a0<\/td>\n<td>\u00a0<\/td>\n<td>\u00a0<\/td>\n<\/tr>\n<tr>\n<td>\u00a0<\/td>\n<td>\u00a0<\/td>\n<td><strong>Elokuun Rotaryteema:\u00a0 J\u00e4senist\u00f6n ja laajennusty\u00f6n kuukausi<\/strong><\/td>\n<\/tr>\n<tr>\n<td>\u00a0<\/td>\n<td>\u00a0<\/td>\n<td>\u00a0<\/td>\n<\/tr>\n<tr>\n<td>31<\/td>\n<td>4.8.<\/td>\n<td>Kauden avaus &#8211; kes\u00e4vaihtarit Heidi ja Julia kertovat kokemuksistaan<\/td>\n<\/tr>\n<tr>\n<td>32<\/td>\n<td>11.8.<\/td>\n<td>Esitelm\u00e4vierailija: Veera Prusti &#8211; Patologia<\/td>\n<\/tr>\n<tr>\n<td>33<\/td>\n<td>17.8.<\/td>\n<td>IC Kuvern\u00f6\u00f6rivierailu &#8211; DG Arja Saarento ( huom. keskiviikko, Kuntsarilla)<\/td>\n<\/tr>\n<tr>\n<td>34<\/td>\n<td>25.8.<\/td>\n<td>Poimitaan kukkia ja valmistaudutaan j\u00e4rjest\u00f6markkimoille, grilli-ilta Karjanlahdessa<\/td>\n<\/tr>\n<tr>\n<td>34<\/td>\n<td>26.8.<\/td>\n<td>Klubin standi esill\u00e4 Kauhavan j\u00e4rjest\u00f6markkinoilla<\/td>\n<\/tr>\n<tr>\n<td>\u00a0<\/td>\n<td>\u00a0<\/td>\n<td>\u00a0<\/td>\n<\/tr>\n<tr>\n<td>\u00a0<\/td>\n<td>\u00a0<\/td>\n<td><strong>Syyskuun Rotaryteema: Peruskoulutuksen sek\u00e4 luku- ja kirjoitustaidon kuukausi<\/strong><\/td>\n<\/tr>\n<tr>\n<td>\u00a0<\/td>\n<td>\u00a0<\/td>\n<td>\u00a0<\/td>\n<\/tr>\n<tr>\n<td>35<\/td>\n<td>1.9.<\/td>\n<td>Ty\u00f6terveyshuolto &#8211; esitelm\u00e4vierailijana ty\u00f6terveyshoitaja Anne Annala, Terveystalosta<\/td>\n<\/tr>\n<tr>\n<td>36<\/td>\n<td>8.9.<\/td>\n<td>Erityisopetus ja erityisopettajan ty\u00f6 &#8211;\u00a0 Leena Vainionp\u00e4\u00e4n luokite-esitelm\u00e4<\/td>\n<\/tr>\n<tr>\n<td>36<\/td>\n<td>12.9.<\/td>\n<td>Klubitalkoot &#8211; kelojen ker\u00e4\u00e4mist\u00e4 Susivuoresta<\/td>\n<\/tr>\n<tr>\n<td>37<\/td>\n<td>15.9.<\/td>\n<td>Yritysvierailu &#8211; H\u00e4jy Distillery oy<\/td>\n<\/tr>\n<tr>\n<td>38<\/td>\n<td>22.9.<\/td>\n<td>Kirjailijavieraana Antti Tuuri &#8211; J\u00e4rvilakeuden kansalaisopisto, huom. Koulukeskuksella<\/td>\n<\/tr>\n<tr>\n<td>38<\/td>\n<td>24.9.<\/td>\n<td>Klubin myyntipiste Kauhava Cruising tapahtumassa<\/td>\n<\/tr>\n<tr>\n<td>39<\/td>\n<td>29.9.<\/td>\n<td>Tutustuminen MPK-toimintaan\u00a0 \u2013 esitelm\u00e4vieraana koulutusp\u00e4\u00e4llikk\u00f6 Juhani Alkio<\/td>\n<\/tr>\n<tr>\n<td>\u00a0<\/td>\n<td>\u00a0<\/td>\n<td>\u00a0<\/td>\n<\/tr>\n<tr>\n<td>\u00a0<\/td>\n<td>\u00a0<\/td>\n<td><strong>Lokakuun Rotaryteema: Talouskehityksen ja yhteiskunnallisen kehityksen kuukausi<\/strong><\/td>\n<\/tr>\n<tr>\n<td>\u00a0<\/td>\n<td>\u00a0<\/td>\n<td>\u00a0<\/td>\n<\/tr>\n<tr>\n<td>39<\/td>\n<td>30.9-2.10<\/td>\n<td>Klubitalkoot &#8211; klubimme j\u00e4rjest\u00e4\u00e4 D1385 vuosivaihtareiden piirileirin Ojutj\u00e4rvell\u00e4<\/td>\n<\/tr>\n<tr>\n<td>39<\/td>\n<td>1.10 &#8211; 2.10<\/td>\n<td>Piirin RLI-koulutus, Limingan luontokeskus<\/td>\n<\/tr>\n<tr>\n<td>40<\/td>\n<td>6.10.<\/td>\n<td>Moottoripy\u00f6r\u00e4ily\u00e4 Norjassa &#8211; veli Jorma Risku<\/td>\n<\/tr>\n<tr>\n<td>41<\/td>\n<td>13.10.<\/td>\n<td>Esa Saarinen &#8211; Suomalainen mieli on hyv\u00e4 mieli &#8211; J\u00e4rvilakeuden Kansalaisopiston j\u00e4rjest\u00e4m\u00e4 et\u00e4luento<\/td>\n<\/tr>\n<tr>\n<td>41<\/td>\n<td>15.10.<\/td>\n<td>D1385 piirikokous Kalajoella<\/td>\n<\/tr>\n<tr>\n<td>42<\/td>\n<td>20.10.<\/td>\n<td>syysloma &#8211; ei kokousta<\/td>\n<\/tr>\n<tr>\n<td>43<\/td>\n<td>27.10.<\/td>\n<td>Mit\u00e4 kiire on?\u00a0 &#8211; veli Seppo Prusti<\/td>\n<\/tr>\n<tr>\n<td>\u00a0<\/td>\n<td>\u00a0<\/td>\n<td>\u00a0<\/td>\n<\/tr>\n<tr>\n<td>\u00a0<\/td>\n<td>\u00a0<\/td>\n<td><strong>Marraskuun Rotaryteema: Rotarys\u00e4\u00e4ti\u00f6<\/strong><\/td>\n<\/tr>\n<tr>\n<td>\u00a0<\/td>\n<td>\u00a0<\/td>\n<td>\u00a0<\/td>\n<\/tr>\n<tr>\n<td>44<\/td>\n<td>3.11.<\/td>\n<td>Osallistuminen Yritt\u00e4jien Halloween toritapahtumaan<\/td>\n<\/tr>\n<tr>\n<td>45<\/td>\n<td>11.11.<\/td>\n<td>Teatteriretki &#8211; Ylikyl\u00e4 NS:n &#8221; Is\u00e4&#8221;-n\u00e4ytelm\u00e4 &#8211; AVEC &#8211;\u00a0 Huom pe klo 19.00.<\/td>\n<\/tr>\n<tr>\n<td>46<\/td>\n<td>17.11.<\/td>\n<td>Klubin s\u00e4\u00e4t\u00f6m\u00e4\u00e4r\u00e4inen syyskokous<\/td>\n<\/tr>\n<tr>\n<td>46<\/td>\n<td>21.11.<\/td>\n<td>Klubitalkoot &#8211; j\u00e4tk\u00e4nkynttil\u00f6iden tekoa Per\u00e4l\u00e4ss\u00e4<\/td>\n<\/tr>\n<tr>\n<td>47<\/td>\n<td>24.11.<\/td>\n<td>Sijaisvanhemmuus &#8211; esitelm\u00e4vierailijat Sirpa ja Matti Ylikantola<\/td>\n<\/tr>\n<tr>\n<td>47<\/td>\n<td>26.11.<\/td>\n<td>Klubitalkoot &#8211; klubin myyntipiste Kauhavan joulunavausmarkkinoilla<\/td>\n<\/tr>\n<tr>\n<td>48<\/td>\n<td>28.11.<\/td>\n<td>Klubitalkoot &#8211; j\u00e4tk\u00e4nkynttil\u00f6iden toimitus Lapualle ja Sein\u00e4joelle<\/td>\n<\/tr>\n<tr>\n<td>48<\/td>\n<td>28-30.11<\/td>\n<td>Klubitalkoot &#8211; Kauhavan Joulu lehden lukeminen \u00e4\u00e4nilehdeksi<\/td>\n<\/tr>\n<tr>\n<td>\u00a0<\/td>\n<td>\u00a0<\/td>\n<td>\u00a0<\/td>\n<\/tr>\n<tr>\n<td>\u00a0<\/td>\n<td>\u00a0<\/td>\n<td><strong>Joulukuun Rotaryteema : Sairauksien torjunta<\/strong><\/td>\n<\/tr>\n<tr>\n<td>\u00a0<\/td>\n<td>\u00a0<\/td>\n<td>\u00a0<\/td>\n<\/tr>\n<tr>\n<td>48<\/td>\n<td>1.12.<\/td>\n<td>Yritysvierailu \u2013 Piristeel oy<\/td>\n<\/tr>\n<tr>\n<td>49<\/td>\n<td>8.12.<\/td>\n<td>Pikkujoulu illallinen Kaija Suokolla &#8211; AVEC<\/td>\n<\/tr>\n<tr>\n<td>50<\/td>\n<td>15.12.<\/td>\n<td>Hopeapuro oy esittelee toimintaansa ja korumallistoaan. Avec. Huom. Yritt\u00e4j\u00e4opiston pikku auditorio<\/td>\n<\/tr>\n<tr>\n<td>51<\/td>\n<td>22.12.<\/td>\n<td>Gl\u00f6gikokous &#8211; Matti V\u00e4h\u00e4passi<\/td>\n<\/tr>\n<tr>\n<td>52<\/td>\n<td>29.12.<\/td>\n<td>Joululoma &#8211; ei kokousta<\/td>\n<\/tr>\n<tr>\n<td>\u00a0<\/td>\n<td>\u00a0<\/td>\n<td>\u00a0<\/td>\n<\/tr>\n<tr>\n<td>\u00a0<\/td>\n<td>\u00a0<\/td>\n<td>\u00a0<\/td>\n<\/tr>\n<tr>\n<td>\u00a0<\/td>\n<td>\u00a0<\/td>\n<td><strong>Kauhava RC ohjelma kev\u00e4tkausi 2023<\/strong><\/td>\n<\/tr>\n<tr>\n<td>\u00a0<\/td>\n<td>\u00a0<\/td>\n<td>\u00a0<\/td>\n<\/tr>\n<tr>\n<td>\u00a0<\/td>\n<td>\u00a0<\/td>\n<td><strong>Tammikuun Rotaryteema: Ammattipalvelu<\/strong><\/td>\n<\/tr>\n<tr>\n<td>\u00a0<\/td>\n<td>\u00a0<\/td>\n<td>\u00a0<\/td>\n<\/tr>\n<tr>\n<td>1<\/td>\n<td>5.1.<\/td>\n<td>Joululoma &#8211; ei kokousta<\/td>\n<\/tr>\n<tr>\n<td>2<\/td>\n<td>12.1.<\/td>\n<td>Kauden suunnittelua &#8211; esitelm\u00e4vieraana PDG Erkki Salmu Pietarsaari M\u00e4sskar klubista<\/td>\n<\/tr>\n<tr>\n<td>3<\/td>\n<td>19.1.<\/td>\n<td>Yritysvierailu &#8211; Steel Comp oy &#8211; klo 17.00<\/td>\n<\/tr>\n<tr>\n<td>4<\/td>\n<td>26.1.<\/td>\n<td>Esitelm\u00e4vierailija eversti Heikki Rintanen &#8211; J\u00e4\u00e4k\u00e4rieversti Matti Laurilan ura<\/td>\n<\/tr>\n<tr>\n<td>4<\/td>\n<td>29.1.<\/td>\n<td>Klubitalkoot &#8211; liikenteen ohjausta Tammisunnuntai maakuntajuhlassa<\/td>\n<\/tr>\n<tr>\n<td>\u00a0<\/td>\n<td>\u00a0<\/td>\n<td>\u00a0<\/td>\n<\/tr>\n<tr>\n<td>\u00a0<\/td>\n<td>\u00a0<\/td>\n<td><strong>Helmikuun Rotaryteema: Rauhantutkimus ja konfliktien ehk\u00e4isy<\/strong><\/td>\n<\/tr>\n<tr>\n<td>\u00a0<\/td>\n<td>\u00a0<\/td>\n<td>\u00a0<\/td>\n<\/tr>\n<tr>\n<td>5<\/td>\n<td>2.2.<\/td>\n<td>\u00c4rsyke ja reaktio &#8211; Seppo Prusti<\/td>\n<\/tr>\n<tr>\n<td>6<\/td>\n<td>9.2.<\/td>\n<td>Esitelm\u00e4vierailija\u00a0 Timo Suominen &#8211; Autokoulu Kauhavan Ajokoulutus oy<\/td>\n<\/tr>\n<tr>\n<td>7<\/td>\n<td>16.2.<\/td>\n<td>Piirin D1385 PrePETS koulutus Zoomissa klo 18-20<\/td>\n<\/tr>\n<tr>\n<td>7<\/td>\n<td>16.2.<\/td>\n<td>Muistoja matkoilta &#8211; Matti Jouppi<\/td>\n<\/tr>\n<tr>\n<td>8<\/td>\n<td>23.2.<\/td>\n<td>Esitelm\u00e4vierailija Marjo Kuutti-Kamppinen &#8211; J\u00e4ljest\u00e4minen<\/td>\n<\/tr>\n<tr>\n<td>\u00a0<\/td>\n<td>\u00a0<\/td>\n<td>\u00a0<\/td>\n<\/tr>\n<tr>\n<td>\u00a0<\/td>\n<td>\u00a0<\/td>\n<td><strong>Maaliskuun Rotaryteema: Vesi, sanitaatio ja hygienia<\/strong><\/td>\n<\/tr>\n<tr>\n<td>\u00a0<\/td>\n<td>\u00a0<\/td>\n<td>\u00a0<\/td>\n<\/tr>\n<tr>\n<td>9<\/td>\n<td>2.3.<\/td>\n<td>Hiihtoloma &#8211; ei kokousta<\/td>\n<\/tr>\n<tr>\n<td>10<\/td>\n<td>9.3.<\/td>\n<td>\u201dHarmaa ilta\u201d , lonkeron historia ja kauden lonkero uutuudet \u2013\u00a0 Esa Olli<\/td>\n<\/tr>\n<tr>\n<td>11<\/td>\n<td>16.3.<\/td>\n<td>Vierailu Kosolan talossa Lapualla &#8211; esittelee Heli karhum\u00e4ki<\/td>\n<\/tr>\n<tr>\n<td>12<\/td>\n<td>23.3.<\/td>\n<td>Tutustuminen lounaskahvila Jonnaan \u2013 tietokilpailu<\/td>\n<\/tr>\n<tr>\n<td>12<\/td>\n<td>25-26-3<\/td>\n<td>Piirin D1385 PETS koulutus Kalajoella<\/td>\n<\/tr>\n<tr>\n<td>13<\/td>\n<td>30.3.<\/td>\n<td>&#8221;Raamatun kivet&#8221; &#8211;\u00a0 geologi Teuvo \u00d6hman &#8211; JL kansalaisopiston yleis\u00f6luento Y-kinolla &#8211; huom. Ilmoittautuminen!<\/td>\n<\/tr>\n<tr>\n<td>\u00a0<\/td>\n<td>\u00a0<\/td>\n<td>\u00a0<\/td>\n<\/tr>\n<tr>\n<td>\u00a0<\/td>\n<td>\u00a0<\/td>\n<td><strong>Huhtikuun Rotaryteema: \u00c4itien ja lasten terveys<\/strong><\/td>\n<\/tr>\n<tr>\n<td>\u00a0<\/td>\n<td>\u00a0<\/td>\n<td>\u00a0<\/td>\n<\/tr>\n<tr>\n<td>14<\/td>\n<td>6.4.<\/td>\n<td>Kiirastorstai\u00a0 &#8211; ei kokousta<\/td>\n<\/tr>\n<tr>\n<td>16<\/td>\n<td>17.4.<\/td>\n<td>Avoin yleis\u00f6esitelm\u00e4 Ukrainan tilanteesta Y-Kinossa &#8211; Yulia Pavichenko, Kharkiv Nadiya RC<\/td>\n<\/tr>\n<tr>\n<td>16<\/td>\n<td>20.4.<\/td>\n<td>Klubin s\u00e4\u00e4nt\u00f6m\u00e4\u00e4r\u00e4inen kev\u00e4tkokous<\/td>\n<\/tr>\n<tr>\n<td>17<\/td>\n<td>27.4.<\/td>\n<td>Katsaus Kauhavan kaupungin yritystoiminnan nykytilaan \u2013 Matti V\u00e4h\u00e4passi<\/td>\n<\/tr>\n<tr>\n<td>\u00a0<\/td>\n<td>\u00a0<\/td>\n<td>\u00a0<\/td>\n<\/tr>\n<tr>\n<td>\u00a0<\/td>\n<td>\u00a0<\/td>\n<td><strong>Toukokuun Rotaryteema: Nuorisopalvelu<\/strong><\/td>\n<\/tr>\n<tr>\n<td>\u00a0<\/td>\n<td>\u00a0<\/td>\n<td>\u00a0<\/td>\n<\/tr>\n<tr>\n<td>18<\/td>\n<td>4.5.<\/td>\n<td>Luontokato,\u00a0 tarua ja totta \u2013 Jarmo Vainionp\u00e4\u00e4<\/td>\n<\/tr>\n<tr>\n<td>19<\/td>\n<td>6.5 &#8211; 7.5<\/td>\n<td>Piirin D1385 Piirikonferenssi Rovaniemell\u00e4<\/td>\n<\/tr>\n<tr>\n<td>20<\/td>\n<td>12.5.<\/td>\n<td>EndPlasticSoup &#8211; tienvarsien siivousta Ontonnevalla. P\u00e4\u00e4tteeksi sauna-ilta Karjanlahdessa<\/td>\n<\/tr>\n<tr>\n<td>20<\/td>\n<td>18.5.<\/td>\n<td>Klubitalkoot &#8211; Sairaalatarvikkeiden pakkaamista vanhalla TK:lla<\/td>\n<\/tr>\n<tr>\n<td>20<\/td>\n<td>19.5.<\/td>\n<td>Klubitalkoot &#8211; Sairaalatarvikkeiden pakkaamista vanhalla TK:lla<\/td>\n<\/tr>\n<tr>\n<td>21<\/td>\n<td>20.5.<\/td>\n<td>Klubitalkoot &#8211; Sairaalatarvikkeiden pakkaamista vanhalla TK:lla<\/td>\n<\/tr>\n<tr>\n<td>21<\/td>\n<td>24.5.<\/td>\n<td>Klubitalkoot &#8211; Sairaalatarvikkeiden pakkaamista vanhalla TK:lla<\/td>\n<\/tr>\n<tr>\n<td>\u00a0<\/td>\n<td>26.5.<\/td>\n<td>Perinteinen Karren terassikokous\u00a0 ja veljien syntt\u00e4reit\u00e4 &#8211; huom Pe!<\/td>\n<\/tr>\n<tr>\n<td>\u00a0<\/td>\n<td>\u00a0<\/td>\n<td>\u00a0<\/td>\n<\/tr>\n<tr>\n<td>\u00a0<\/td>\n<td>\u00a0<\/td>\n<td><strong>Kes\u00e4kuun Rotaryteema: Rotaryn toveruusryhm\u00e4t<\/strong><\/td>\n<\/tr>\n<tr>\n<td>22<\/td>\n<td>\u00a0<\/td>\n<td>\u00a0<\/td>\n<\/tr>\n<tr>\n<td>23<\/td>\n<td>1.6.<\/td>\n<td>Esitelm\u00e4 \u2013 Leo Latikka muistelee turkistarhuri uraansa<\/td>\n<\/tr>\n<tr>\n<td>23<\/td>\n<td>9.6.<\/td>\n<td>Yritysvierailu \u2013 Leipoma-Kahvila Unelma<\/td>\n<\/tr>\n<tr>\n<td>24<\/td>\n<td>10.6.<\/td>\n<td>Klubitalkoot &#8211; Sairaalatarvikkeiden pakkaamista vanhalla TK:lla<\/td>\n<\/tr>\n<tr>\n<td>24<\/td>\n<td>13.6.<\/td>\n<td>Klubitalkoot &#8211; Ukrainana avustuskuorman lastaus vanhalla TK:lla<\/td>\n<\/tr>\n<tr>\n<td>25<\/td>\n<td>16.6.<\/td>\n<td>Nuijanvaihtajaiset Mutterissa<\/td>\n<\/tr>\n<tr>\n<td>26<\/td>\n<td>22.6.<\/td>\n<td>Juhannus aatonaatto &#8211; ei kokousta<\/td>\n<\/tr>\n<tr>\n<td>27<\/td>\n<td>30.6.<\/td>\n<td>Vierailu &#8211; Tutustuminen Maurin Honkolan kokoelmiin<\/td>\n<\/tr>\n<\/tbody>\n<\/table>\n<p>[\/et_pb_text][et_pb_button _builder_version=&#8221;4.25.2&#8243; _module_preset=&#8221;default&#8221; button_text=&#8221;Takaisin&#8221; button_alignment=&#8221;center&#8221; button_url=&#8221;https:\/\/rotary.fi\/kauhavarc\/menneiden-kausien-klubiohjelmia\/&#8221; custom_margin=&#8221;30px||30px||false|false&#8221; hover_enabled=&#8221;0&#8243; sticky_enabled=&#8221;0&#8243;][\/et_pb_button][\/et_pb_column][\/et_pb_row][\/et_pb_section]<\/p>\n","protected":false},"excerpt":{"rendered":"<p>Presidentti :\u00a0 Seppo Prusti\u00a0 \u00a0&#8211;\u00a0 Sihteeri:\u00a0 Tapani Lahti&nbsp; Viikko Pvm Kauhava RC ohjelma syyskausi 2022 \u00a0 \u00a0 \u00a0 \u00a0 \u00a0 Elokuun Rotaryteema:\u00a0 J\u00e4senist\u00f6n ja laajennusty\u00f6n kuukausi \u00a0 \u00a0 \u00a0 31 4.8. Kauden avaus &#8211; kes\u00e4vaihtarit Heidi ja Julia kertovat kokemuksistaan 32 11.8. Esitelm\u00e4vierailija: Veera Prusti &#8211; Patologia 33 17.8. IC Kuvern\u00f6\u00f6rivierailu &#8211; DG Arja Saarento [&hellip;]<\/p>\n","protected":false},"author":16,"featured_media":0,"parent":0,"menu_order":0,"comment_status":"closed","ping_status":"closed","template":"","meta":{"_acf_changed":false,"_et_pb_use_builder":"on","_et_pb_old_content":"<p style=\"text-align: center;\"><strong>Presidentti :\u00a0 Seppo Prusti\u00a0 \u00a0-\u00a0 Sihteeri:\u00a0 Tapani Lahti<\/strong><\/p>","_et_gb_content_width":"","footnotes":""},"class_list":["post-4739","page","type-page","status-publish","hentry"],"acf":[],"yoast_head":"<!-- This site is optimized with the Yoast SEO plugin v27.4 - https:\/\/yoast.com\/product\/yoast-seo-wordpress\/ -->\n<title>Kauhavan Rotaryklubin kauden 2022 -2023 ohjelma - Kauhavan Rotaryklubi ry<\/title>\n<meta name=\"robots\" content=\"index, follow, max-snippet:-1, max-image-preview:large, max-video-preview:-1\" \/>\n<link rel=\"canonical\" href=\"https:\/\/rotary.fi\/kauhavarc\/kauden-2022-2023-ohjelma\/\" \/>\n<meta property=\"og:locale\" content=\"fi_FI\" \/>\n<meta property=\"og:type\" content=\"article\" \/>\n<meta property=\"og:title\" content=\"Kauhavan Rotaryklubin kauden 2022 -2023 ohjelma - Kauhavan Rotaryklubi ry\" \/>\n<meta property=\"og:description\" content=\"Presidentti :\u00a0 Seppo Prusti\u00a0 \u00a0-\u00a0 Sihteeri:\u00a0 Tapani Lahti&nbsp; Viikko Pvm Kauhava RC ohjelma syyskausi 2022 \u00a0 \u00a0 \u00a0 \u00a0 \u00a0 Elokuun Rotaryteema:\u00a0 J\u00e4senist\u00f6n ja laajennusty\u00f6n kuukausi \u00a0 \u00a0 \u00a0 31 4.8. Kauden avaus - kes\u00e4vaihtarit Heidi ja Julia kertovat kokemuksistaan 32 11.8. Esitelm\u00e4vierailija: Veera Prusti - Patologia 33 17.8. IC Kuvern\u00f6\u00f6rivierailu - DG Arja Saarento [&hellip;]\" \/>\n<meta property=\"og:url\" content=\"https:\/\/rotary.fi\/kauhavarc\/kauden-2022-2023-ohjelma\/\" \/>\n<meta property=\"og:site_name\" content=\"Kauhavan Rotaryklubi ry\" \/>\n<meta property=\"article:modified_time\" content=\"2024-07-01T08:47:51+00:00\" \/>\n<meta property=\"og:image\" content=\"https:\/\/rotary.fi\/kauhavarc\/wp-content\/uploads\/sites\/22\/2023\/07\/vuositeema-23-24-1024x191.png\" \/>\n<meta name=\"twitter:card\" content=\"summary_large_image\" \/>\n<meta name=\"twitter:label1\" content=\"Arvioitu lukuaika\" \/>\n\t<meta name=\"twitter:data1\" content=\"4 minuuttia\" \/>\n<script type=\"application\/ld+json\" class=\"yoast-schema-graph\">{\"@context\":\"https:\\\/\\\/schema.org\",\"@graph\":[{\"@type\":\"WebPage\",\"@id\":\"https:\\\/\\\/rotary.fi\\\/kauhavarc\\\/kauden-2022-2023-ohjelma\\\/\",\"url\":\"https:\\\/\\\/rotary.fi\\\/kauhavarc\\\/kauden-2022-2023-ohjelma\\\/\",\"name\":\"Kauhavan Rotaryklubin kauden 2022 -2023 ohjelma - Kauhavan Rotaryklubi ry\",\"isPartOf\":{\"@id\":\"https:\\\/\\\/rotary.fi\\\/kauhavarc\\\/#website\"},\"primaryImageOfPage\":{\"@id\":\"https:\\\/\\\/rotary.fi\\\/kauhavarc\\\/kauden-2022-2023-ohjelma\\\/#primaryimage\"},\"image\":{\"@id\":\"https:\\\/\\\/rotary.fi\\\/kauhavarc\\\/kauden-2022-2023-ohjelma\\\/#primaryimage\"},\"thumbnailUrl\":\"https:\\\/\\\/rotary.fi\\\/kauhavarc\\\/wp-content\\\/uploads\\\/sites\\\/22\\\/2023\\\/07\\\/vuositeema-23-24-1024x191.png\",\"datePublished\":\"2024-07-01T08:36:28+00:00\",\"dateModified\":\"2024-07-01T08:47:51+00:00\",\"breadcrumb\":{\"@id\":\"https:\\\/\\\/rotary.fi\\\/kauhavarc\\\/kauden-2022-2023-ohjelma\\\/#breadcrumb\"},\"inLanguage\":\"fi\",\"potentialAction\":[{\"@type\":\"ReadAction\",\"target\":[\"https:\\\/\\\/rotary.fi\\\/kauhavarc\\\/kauden-2022-2023-ohjelma\\\/\"]}]},{\"@type\":\"ImageObject\",\"inLanguage\":\"fi\",\"@id\":\"https:\\\/\\\/rotary.fi\\\/kauhavarc\\\/kauden-2022-2023-ohjelma\\\/#primaryimage\",\"url\":\"https:\\\/\\\/rotary.fi\\\/kauhavarc\\\/wp-content\\\/uploads\\\/sites\\\/22\\\/2023\\\/07\\\/vuositeema-23-24.png\",\"contentUrl\":\"https:\\\/\\\/rotary.fi\\\/kauhavarc\\\/wp-content\\\/uploads\\\/sites\\\/22\\\/2023\\\/07\\\/vuositeema-23-24.png\",\"width\":3227,\"height\":601},{\"@type\":\"BreadcrumbList\",\"@id\":\"https:\\\/\\\/rotary.fi\\\/kauhavarc\\\/kauden-2022-2023-ohjelma\\\/#breadcrumb\",\"itemListElement\":[{\"@type\":\"ListItem\",\"position\":1,\"name\":\"Home\",\"item\":\"https:\\\/\\\/rotary.fi\\\/kauhavarc\\\/\"},{\"@type\":\"ListItem\",\"position\":2,\"name\":\"Kauhavan Rotaryklubin kauden 2022 -2023 ohjelma\"}]},{\"@type\":\"WebSite\",\"@id\":\"https:\\\/\\\/rotary.fi\\\/kauhavarc\\\/#website\",\"url\":\"https:\\\/\\\/rotary.fi\\\/kauhavarc\\\/\",\"name\":\"Kauhavan Rotaryklubi ry\",\"description\":\"Uusi Rotary klubisivusto\",\"potentialAction\":[{\"@type\":\"SearchAction\",\"target\":{\"@type\":\"EntryPoint\",\"urlTemplate\":\"https:\\\/\\\/rotary.fi\\\/kauhavarc\\\/?s={search_term_string}\"},\"query-input\":{\"@type\":\"PropertyValueSpecification\",\"valueRequired\":true,\"valueName\":\"search_term_string\"}}],\"inLanguage\":\"fi\"}]}<\/script>\n<!-- \/ Yoast SEO plugin. -->","yoast_head_json":{"title":"Kauhavan Rotaryklubin kauden 2022 -2023 ohjelma - Kauhavan Rotaryklubi ry","robots":{"index":"index","follow":"follow","max-snippet":"max-snippet:-1","max-image-preview":"max-image-preview:large","max-video-preview":"max-video-preview:-1"},"canonical":"https:\/\/rotary.fi\/kauhavarc\/kauden-2022-2023-ohjelma\/","og_locale":"fi_FI","og_type":"article","og_title":"Kauhavan Rotaryklubin kauden 2022 -2023 ohjelma - Kauhavan Rotaryklubi ry","og_description":"Presidentti :\u00a0 Seppo Prusti\u00a0 \u00a0-\u00a0 Sihteeri:\u00a0 Tapani Lahti&nbsp; Viikko Pvm Kauhava RC ohjelma syyskausi 2022 \u00a0 \u00a0 \u00a0 \u00a0 \u00a0 Elokuun Rotaryteema:\u00a0 J\u00e4senist\u00f6n ja laajennusty\u00f6n kuukausi \u00a0 \u00a0 \u00a0 31 4.8. Kauden avaus - kes\u00e4vaihtarit Heidi ja Julia kertovat kokemuksistaan 32 11.8. Esitelm\u00e4vierailija: Veera Prusti - Patologia 33 17.8. IC Kuvern\u00f6\u00f6rivierailu - DG Arja Saarento [&hellip;]","og_url":"https:\/\/rotary.fi\/kauhavarc\/kauden-2022-2023-ohjelma\/","og_site_name":"Kauhavan Rotaryklubi ry","article_modified_time":"2024-07-01T08:47:51+00:00","og_image":[{"url":"https:\/\/rotary.fi\/kauhavarc\/wp-content\/uploads\/sites\/22\/2023\/07\/vuositeema-23-24-1024x191.png","type":"","width":"","height":""}],"twitter_card":"summary_large_image","twitter_misc":{"Arvioitu lukuaika":"4 minuuttia"},"schema":{"@context":"https:\/\/schema.org","@graph":[{"@type":"WebPage","@id":"https:\/\/rotary.fi\/kauhavarc\/kauden-2022-2023-ohjelma\/","url":"https:\/\/rotary.fi\/kauhavarc\/kauden-2022-2023-ohjelma\/","name":"Kauhavan Rotaryklubin kauden 2022 -2023 ohjelma - Kauhavan Rotaryklubi ry","isPartOf":{"@id":"https:\/\/rotary.fi\/kauhavarc\/#website"},"primaryImageOfPage":{"@id":"https:\/\/rotary.fi\/kauhavarc\/kauden-2022-2023-ohjelma\/#primaryimage"},"image":{"@id":"https:\/\/rotary.fi\/kauhavarc\/kauden-2022-2023-ohjelma\/#primaryimage"},"thumbnailUrl":"https:\/\/rotary.fi\/kauhavarc\/wp-content\/uploads\/sites\/22\/2023\/07\/vuositeema-23-24-1024x191.png","datePublished":"2024-07-01T08:36:28+00:00","dateModified":"2024-07-01T08:47:51+00:00","breadcrumb":{"@id":"https:\/\/rotary.fi\/kauhavarc\/kauden-2022-2023-ohjelma\/#breadcrumb"},"inLanguage":"fi","potentialAction":[{"@type":"ReadAction","target":["https:\/\/rotary.fi\/kauhavarc\/kauden-2022-2023-ohjelma\/"]}]},{"@type":"ImageObject","inLanguage":"fi","@id":"https:\/\/rotary.fi\/kauhavarc\/kauden-2022-2023-ohjelma\/#primaryimage","url":"https:\/\/rotary.fi\/kauhavarc\/wp-content\/uploads\/sites\/22\/2023\/07\/vuositeema-23-24.png","contentUrl":"https:\/\/rotary.fi\/kauhavarc\/wp-content\/uploads\/sites\/22\/2023\/07\/vuositeema-23-24.png","width":3227,"height":601},{"@type":"BreadcrumbList","@id":"https:\/\/rotary.fi\/kauhavarc\/kauden-2022-2023-ohjelma\/#breadcrumb","itemListElement":[{"@type":"ListItem","position":1,"name":"Home","item":"https:\/\/rotary.fi\/kauhavarc\/"},{"@type":"ListItem","position":2,"name":"Kauhavan Rotaryklubin kauden 2022 -2023 ohjelma"}]},{"@type":"WebSite","@id":"https:\/\/rotary.fi\/kauhavarc\/#website","url":"https:\/\/rotary.fi\/kauhavarc\/","name":"Kauhavan Rotaryklubi ry","description":"Uusi Rotary klubisivusto","potentialAction":[{"@type":"SearchAction","target":{"@type":"EntryPoint","urlTemplate":"https:\/\/rotary.fi\/kauhavarc\/?s={search_term_string}"},"query-input":{"@type":"PropertyValueSpecification","valueRequired":true,"valueName":"search_term_string"}}],"inLanguage":"fi"}]}},"lang":"fi","translations":{"fi":4739},"pll_sync_post":[],"_links":{"self":[{"href":"https:\/\/rotary.fi\/kauhavarc\/wp-json\/wp\/v2\/pages\/4739","targetHints":{"allow":["GET"]}}],"collection":[{"href":"https:\/\/rotary.fi\/kauhavarc\/wp-json\/wp\/v2\/pages"}],"about":[{"href":"https:\/\/rotary.fi\/kauhavarc\/wp-json\/wp\/v2\/types\/page"}],"author":[{"embeddable":true,"href":"https:\/\/rotary.fi\/kauhavarc\/wp-json\/wp\/v2\/users\/16"}],"replies":[{"embeddable":true,"href":"https:\/\/rotary.fi\/kauhavarc\/wp-json\/wp\/v2\/comments?post=4739"}],"version-history":[{"count":6,"href":"https:\/\/rotary.fi\/kauhavarc\/wp-json\/wp\/v2\/pages\/4739\/revisions"}],"predecessor-version":[{"id":4748,"href":"https:\/\/rotary.fi\/kauhavarc\/wp-json\/wp\/v2\/pages\/4739\/revisions\/4748"}],"wp:attachment":[{"href":"https:\/\/rotary.fi\/kauhavarc\/wp-json\/wp\/v2\/media?parent=4739"}],"curies":[{"name":"wp","href":"https:\/\/api.w.org\/{rel}","templated":true}]}}