{"id":4189,"date":"2022-03-19T18:20:57","date_gmt":"2022-03-19T16:20:57","guid":{"rendered":"https:\/\/rotary.fi\/kauhavarc\/?page_id=4189"},"modified":"2022-03-19T22:43:44","modified_gmt":"2022-03-19T20:43:44","slug":"kauden-1998-99-ohjelma-2","status":"publish","type":"page","link":"https:\/\/rotary.fi\/kauhavarc\/kauden-1998-99-ohjelma-2\/","title":{"rendered":"Automaattinen luonnos"},"content":{"rendered":"<p>[et_pb_section fb_built=&#8221;1&#8243; _builder_version=&#8221;3.22&#8243; global_colors_info=&#8221;{}&#8221;][et_pb_row _builder_version=&#8221;3.25&#8243; background_size=&#8221;initial&#8221; background_position=&#8221;top_left&#8221; background_repeat=&#8221;repeat&#8221; global_colors_info=&#8221;{}&#8221;][et_pb_column type=&#8221;4_4&#8243; _builder_version=&#8221;3.25&#8243; custom_padding=&#8221;|||&#8221; global_colors_info=&#8221;{}&#8221; custom_padding__hover=&#8221;|||&#8221;][et_pb_text admin_label=&#8221;Teksti&#8221; _builder_version=&#8221;4.14.8&#8243; background_size=&#8221;initial&#8221; background_position=&#8221;top_left&#8221; background_repeat=&#8221;repeat&#8221; hover_enabled=&#8221;0&#8243; global_colors_info=&#8221;{}&#8221; sticky_enabled=&#8221;0&#8243;]<\/p>\n<h3>Kauhavan Rotaryklubin kauden 1999 \u2013 2000 viikko-ohjelma<\/h3>\n<p style=\"text-align: center\">\n<p style=\"text-align: center\">\n<p style=\"text-align: center\">\n<p style=\"text-align: center\"><strong>Presidentti : Juhani Paavola\u00a0 \u00a0&#8211;\u00a0 Sihteeri : Simo Alanen<\/strong><\/p>\n<p>&nbsp;<\/p>\n<p><strong>Syyskausi 1999<\/strong><\/p>\n<p>29.7\u00a0\u00a0\u00a0\u00a0\u00a0\u00a0\u00a0\u00a0\u00a0\u00a0\u00a0\u00a0\u00a0\u00a0\u00a0\u00a0\u00a0\u00a0\u00a0\u00a0\u00a0 Kes\u00e4kokous \u2013 L\u00e4htev\u00e4 vuosivaihtari Hanne Visti esitt\u00e4ytyi<br \/>5.8 \u00a0\u00a0\u00a0\u00a0\u00a0\u00a0\u00a0\u00a0\u00a0\u00a0\u00a0\u00a0\u00a0\u00a0\u00a0\u00a0\u00a0\u00a0\u00a0\u00a0\u00a0\u00a0\u00a0Kes\u00e4kokous \u2013 Yst\u00e4vyyskuntavierailu Tanskaan, Karre Karling<br \/>12.8\u00a0\u00a0\u00a0\u00a0\u00a0\u00a0\u00a0\u00a0\u00a0\u00a0\u00a0\u00a0\u00a0\u00a0\u00a0\u00a0\u00a0\u00a0\u00a0\u00a0\u00a0 Kes\u00e4kokous \u2013 Ideatalkoot ryhm\u00e4t\u00f6in\u00e4<br \/>19.8\u00a0\u00a0\u00a0\u00a0\u00a0\u00a0\u00a0\u00a0\u00a0\u00a0\u00a0\u00a0\u00a0\u00a0\u00a0\u00a0\u00a0\u00a0\u00a0\u00a0\u00a0 Kes\u00e4kokous \u2013 Kuntoiluilta M\u00e4enp\u00e4\u00e4n hiihtomajalla<br \/>26.8\u00a0\u00a0\u00a0\u00a0\u00a0\u00a0\u00a0\u00a0\u00a0\u00a0\u00a0 \u00a0\u00a0\u00a0\u00a0\u00a0\u00a0\u00a0\u00a0\u00a0\u00a0Kes\u00e4kokous \u2013 Uusi vuosivaihtarimme Ronda Smith esitt\u00e4ytyi\u00a0\u00a0<\/p>\n<p>&nbsp;<\/p>\n<p><strong>Syyskuu \u00a0\u2013 \u00a0Uusien sukupolvien kuukausi<\/strong><\/p>\n<p>2.9\u00a0\u00a0\u00a0\u00a0\u00a0\u00a0\u00a0\u00a0\u00a0\u00a0\u00a0\u00a0\u00a0\u00a0\u00a0\u00a0\u00a0\u00a0\u00a0\u00a0\u00a0\u00a0 Governor Matti H\u00e4rm\u00e4n vierailu<br \/>9.9\u00a0 \u00a0\u00a0\u00a0\u00a0\u00a0\u00a0\u00a0\u00a0\u00a0\u00a0\u00a0\u00a0\u00a0\u00a0\u00a0\u00a0\u00a0\u00a0\u00a0\u00a0 Suomen uusi perustuslaki \u2013 Reijo Heinonen<br \/>16.9\u00a0\u00a0\u00a0\u00a0\u00a0\u00a0\u00a0\u00a0\u00a0\u00a0\u00a0\u00a0\u00a0\u00a0\u00a0\u00a0\u00a0\u00a0\u00a0\u00a0 Klubin vuosikokous<br \/>23.9\u00a0\u00a0\u00a0\u00a0\u00a0\u00a0\u00a0\u00a0\u00a0\u00a0\u00a0\u00a0\u00a0\u00a0\u00a0\u00a0\u00a0\u00a0\u00a0\u00a0 Vierailu Botnia Grain Oy:ll\u00e4<br \/>30.9\u00a0\u00a0\u00a0\u00a0\u00a0\u00a0\u00a0\u00a0\u00a0\u00a0\u00a0\u00a0\u00a0\u00a0\u00a0\u00a0\u00a0\u00a0\u00a0\u00a0 Kyl\u00e4yhdistystoiminta \u2013 Mauri Rintala<br \/><strong><br \/>Lokakuu \u2013 Ammattipalvelun kuukausi<\/strong><\/p>\n<p>1.10\u00a0\u00a0\u00a0\u00a0\u00a0\u00a0\u00a0\u00a0\u00a0\u00a0\u00a0\u00a0\u00a0\u00a0\u00a0\u00a0\u00a0\u00a0\u00a0\u00a0Saunakokous, L\u00e4sn\u00e4olotilastot &#8211; Vesa Hilden<br \/>7.10\u00a0\u00a0\u00a0\u00a0\u00a0\u00a0 \u00a0\u00a0\u00a0\u00a0\u00a0\u00a0\u00a0\u00a0\u00a0\u00a0\u00a0\u00a0 Suomi ja NATO \u2013 Timo Soininen<br \/>14.10\u00a0\u00a0\u00a0\u00a0\u00a0\u00a0\u00a0\u00a0\u00a0\u00a0\u00a0\u00a0\u00a0\u00a0\u00a0\u00a0\u00a0 L\u00e4hivakuutus ja sen palvelut \u2013 Asko Hakola<br \/>21.10\u00a0\u00a0\u00a0\u00a0\u00a0\u00a0\u00a0\u00a0\u00a0\u00a0\u00a0\u00a0\u00a0\u00a0\u00a0\u00a0\u00a0 Sijoitussidonnaiset rahastopalvelut, Link Invest \u2013 Janne Pihlajaharju<br \/>28.10\u00a0\u00a0\u00a0\u00a0\u00a0\u00a0\u00a0\u00a0\u00a0\u00a0\u00a0\u00a0\u00a0\u00a0\u00a0\u00a0\u00a0 Kortesj\u00e4rven kulttuuri- ja vapaa-aikatoiminta \u2013 Tellervo Suoranta<\/p>\n<p><strong>Marraskuu\u00a0 \u2013\u00a0 Rotarys\u00e4\u00e4ti\u00f6n kuukausi<\/strong><\/p>\n<p>4.11\u00a0 \u00a0 \u00a0 \u00a0 \u00a0 \u00a0 \u00a0 \u00a0 \u00a0 \u00a0 Palannut vaihtarimme Leena Vent\u00e4 kertoi vaihtovuodestaan Argentiinassa<br \/>11.11\u00a0\u00a0\u00a0\u00a0\u00a0\u00a0\u00a0\u00a0\u00a0\u00a0\u00a0\u00a0\u00a0\u00a0\u00a0\u00a0\u00a0 IC kokous Kokem\u00e4en RK:n kanssa, Upseerikerho<br \/>18.11\u00a0\u00a0\u00a0\u00a0\u00a0\u00a0\u00a0\u00a0\u00a0\u00a0\u00a0\u00a0\u00a0\u00a0\u00a0\u00a0\u00a0 Yritysvierailu Sein\u00e4joen K\u00e4ytt\u00f6autolle<br \/>25.11\u00a0\u00a0\u00a0\u00a0\u00a0\u00a0\u00a0\u00a0\u00a0\u00a0\u00a0\u00a0\u00a0\u00a0\u00a0\u00a0\u00a0 Ronda Smithin esitelm\u00e4 kotimaastaan Kanadasta<\/p>\n<p><strong>Joulukuu<\/strong><\/p>\n<p>3.12\u00a0\u00a0\u00a0\u00a0\u00a0\u00a0\u00a0\u00a0\u00a0\u00a0\u00a0\u00a0\u00a0\u00a0\u00a0\u00a0\u00a0\u00a0\u00a0\u00a0Teatterimatka Vaasaan<br \/>9.12\u00a0 \u00a0\u00a0\u00a0\u00a0\u00a0\u00a0\u00a0\u00a0\u00a0\u00a0\u00a0\u00a0\u00a0\u00a0\u00a0\u00a0\u00a0 Vaalikokous<br \/>16.12\u00a0\u00a0\u00a0\u00a0\u00a0\u00a0\u00a0\u00a0\u00a0\u00a0\u00a0\u00a0\u00a0\u00a0\u00a0\u00a0\u00a0 Kauhavan historia teoksen syntyvaiheet \u2013 Antti Saarinen<br \/>23.12\u00a0\u00a0\u00a0\u00a0\u00a0\u00a0\u00a0\u00a0\u00a0\u00a0\u00a0\u00a0\u00a0\u00a0\u00a0\u00a0\u00a0 Aatonaatto , ei kokousta<br \/>31.12\u00a0\u00a0\u00a0\u00a0\u00a0\u00a0\u00a0\u00a0\u00a0\u00a0\u00a0\u00a0\u00a0\u00a0\u00a0\u00a0 \u00a0Uuden vuoden aatto, ei kokousta<\/p>\n<p><strong><br \/>Kev\u00e4tkausi 2000<\/strong><\/p>\n<p>&nbsp;<\/p>\n<p><strong>Tammikuu \u2013 Rotarytietoisuuden kuukausi<\/strong><\/p>\n<p>6.1\u00a0\u00a0\u00a0\u00a0\u00a0\u00a0\u00a0\u00a0\u00a0\u00a0\u00a0\u00a0\u00a0\u00a0\u00a0\u00a0\u00a0\u00a0\u00a0\u00a0\u00a0\u00a0 Loppiainen \u2013 ei kokousta<br \/>13.1\u00a0\u00a0\u00a0\u00a0\u00a0\u00a0\u00a0\u00a0\u00a0\u00a0\u00a0\u00a0\u00a0\u00a0\u00a0\u00a0\u00a0\u00a0\u00a0\u00a0 Henkil\u00f6st\u00f6johtaminen \u2013 Veli-Matti Heinijoki<br \/>20.1\u00a0\u00a0\u00a0\u00a0\u00a0\u00a0\u00a0\u00a0\u00a0\u00a0\u00a0\u00a0\u00a0\u00a0\u00a0\u00a0\u00a0\u00a0\u00a0\u00a0 Hemmo Rantanen \u2013 egoesitelm\u00e4. Karre Karling &#8211; yst\u00e4vyyskuntatoiminta<br \/>27.1\u00a0\u00a0\u00a0\u00a0\u00a0\u00a0\u00a0\u00a0\u00a0\u00a0\u00a0\u00a0\u00a0\u00a0\u00a0\u00a0\u00a0\u00a0\u00a0\u00a0 Rotarynaisten ohjelma<\/p>\n<p><strong><br \/>Helmikuu \u2013 Maailman yhteisymm\u00e4rryksen kuukausi<\/strong><\/p>\n<p>3.2\u00a0\u00a0\u00a0\u00a0\u00a0\u00a0\u00a0\u00a0\u00a0\u00a0\u00a0\u00a0\u00a0\u00a0\u00a0\u00a0\u00a0\u00a0\u00a0\u00a0\u00a0\u00a0 Saunakokous, klubiasioita<br \/>10.2\u00a0\u00a0\u00a0\u00a0\u00a0\u00a0\u00a0\u00a0\u00a0\u00a0\u00a0\u00a0\u00a0\u00a0\u00a0\u00a0\u00a0\u00a0\u00a0\u00a0\u00a0Kansainv\u00e4lisyys \u2013 Mikko Ilmonen<br \/>17.2\u00a0\u00a0\u00a0\u00a0\u00a0\u00a0\u00a0\u00a0\u00a0\u00a0\u00a0\u00a0\u00a0\u00a0\u00a0\u00a0\u00a0\u00a0\u00a0\u00a0 Luokite-esitelm\u00e4 \u2013 Rauno Kettula<br \/>24.2\u00a0\u00a0\u00a0\u00a0\u00a0\u00a0\u00a0\u00a0\u00a0\u00a0\u00a0\u00a0\u00a0\u00a0\u00a0\u00a0\u00a0\u00a0\u00a0\u00a0 Rotaryrouvien ilta \u2013 vieraana l\u00e4\u00e4nintaiteilija Eija Irmeli Lahti<\/p>\n<p>&nbsp;<\/p>\n<p><strong>Maaliskuu<\/strong><\/p>\n<p>2.3\u00a0\u00a0\u00a0\u00a0\u00a0\u00a0\u00a0\u00a0\u00a0\u00a0\u00a0\u00a0\u00a0\u00a0\u00a0\u00a0\u00a0\u00a0\u00a0\u00a0\u00a0\u00a0 Saunakokous, Rotaract toiminta \u2013 Keijo<br \/>9.3\u00a0\u00a0\u00a0\u00a0\u00a0\u00a0\u00a0\u00a0\u00a0\u00a0\u00a0 \u00a0\u00a0\u00a0\u00a0\u00a0\u00a0\u00a0\u00a0\u00a0\u00a0 Merita vakuutukset \u2013 Heikki Malkola<br \/>16.3\u00a0\u00a0\u00a0\u00a0\u00a0\u00a0\u00a0\u00a0\u00a0\u00a0\u00a0\u00a0\u00a0\u00a0\u00a0\u00a0\u00a0\u00a0\u00a0\u00a0 Sauna ja hiihto M\u00e4enp\u00e4\u00e4ss\u00e4<br \/>23.3\u00a0\u00a0\u00a0\u00a0\u00a0\u00a0\u00a0\u00a0\u00a0\u00a0\u00a0\u00a0\u00a0\u00a0\u00a0\u00a0\u00a0\u00a0\u00a0\u00a0 Vierailu Lillbackan Kauhavan tehtailla<br \/>30.3\u00a0 \u00a0 \u00a0 \u00a0 \u00a0 \u00a0 \u00a0 \u00a0 \u00a0 \u00a0 \u00a0Mercedes Benz urheiluautot \u2013 Aarno Heinonen<\/p>\n<p><strong>Huhtikuu \u2013 Rotarylehtien kuukausi<\/strong><\/p>\n<p>6.4\u00a0 \u00a0\u00a0\u00a0\u00a0\u00a0\u00a0\u00a0\u00a0\u00a0\u00a0\u00a0\u00a0\u00a0\u00a0\u00a0\u00a0\u00a0\u00a0\u00a0\u00a0 Fysioakustisen tuolin luovutustilaisuus Alah\u00e4rm\u00e4ss\u00e4<br \/>13.4\u00a0\u00a0\u00a0\u00a0\u00a0\u00a0\u00a0\u00a0\u00a0\u00a0\u00a0\u00a0\u00a0\u00a0\u00a0\u00a0\u00a0\u00a0\u00a0\u00a0 Rotaryn tiedottaminen \u2013 Matti Lagerstedt<br \/>20.4\u00a0\u00a0\u00a0\u00a0\u00a0\u00a0\u00a0\u00a0\u00a0\u00a0\u00a0\u00a0\u00a0\u00a0\u00a0\u00a0\u00a0\u00a0\u00a0\u00a0 Kiirastorstai \u2013 ei kokousta<br \/>27.4\u00a0\u00a0\u00a0\u00a0\u00a0\u00a0\u00a0\u00a0\u00a0\u00a0\u00a0\u00a0\u00a0\u00a0\u00a0\u00a0\u00a0\u00a0\u00a0\u00a0 PETS kuulumisia \u2013 Erkki Koivula<\/p>\n<p>&nbsp;<\/p>\n<p><strong>Toukokuu<\/strong><\/p>\n<p>4.5\u00a0\u00a0\u00a0\u00a0\u00a0\u00a0\u00a0\u00a0\u00a0\u00a0\u00a0\u00a0\u00a0\u00a0\u00a0\u00a0\u00a0\u00a0\u00a0\u00a0\u00a0\u00a0 Saunakokous, Luokite-esitelm\u00e4 \u2013 Internet, Hemmo Rantanen<br \/>11.5\u00a0\u00a0\u00a0\u00a0\u00a0\u00a0\u00a0\u00a0\u00a0\u00a0\u00a0\u00a0\u00a0\u00a0\u00a0\u00a0\u00a0\u00a0\u00a0\u00a0\u00a0IC tutustuminen J\u00e4rvenp\u00e4\u00e4n puukkotehtaaseen Kurikan RK:n kanssa<br \/>18.5\u00a0\u00a0\u00a0\u00a0\u00a0\u00a0\u00a0\u00a0\u00a0\u00a0\u00a0\u00a0\u00a0\u00a0\u00a0\u00a0\u00a0\u00a0\u00a0\u00a0 Suunnistus ja sauna M\u00e4enp\u00e4\u00e4ss\u00e4 \u2013 Terho Haapala<br \/>25.5\u00a0\u00a0\u00a0\u00a0\u00a0\u00a0\u00a0\u00a0\u00a0\u00a0\u00a0\u00a0\u00a0\u00a0\u00a0\u00a0\u00a0\u00a0\u00a0\u00a0 Esittelyss\u00e4 Sofor Oy \u2013 Juhani Vent\u00e4<\/p>\n<p><strong><br \/>Kes\u00e4kuu<br \/><\/strong>17.6\u00a0\u00a0\u00a0\u00a0\u00a0\u00a0\u00a0\u00a0\u00a0\u00a0\u00a0\u00a0\u00a0\u00a0\u00a0 \u00a0\u00a0\u00a0\u00a0\u00a0SM-Rotaryammunnat Kauhavalla<br \/>30.6\u00a0\u00a0\u00a0\u00a0\u00a0\u00a0\u00a0\u00a0\u00a0\u00a0\u00a0\u00a0\u00a0\u00a0\u00a0\u00a0\u00a0\u00a0\u00a0\u00a0 Nuijanvaihtajaiset Upseerikerholla<\/p>\n<p>&nbsp;<\/p>\n<p>&nbsp;<\/p>\n<p>&nbsp;<\/p>\n<p>[\/et_pb_text][et_pb_button button_url=&#8221;https:\/\/rotary.fi\/kauhavarc\/menneiden-kausien-klubiohjelmia\/&#8221; button_text=&#8221;Takaisin&#8221; button_alignment=&#8221;center&#8221; _builder_version=&#8221;4.4.1&#8243; custom_margin=&#8221;30px||30px||false|false&#8221; global_colors_info=&#8221;{}&#8221;][\/et_pb_button][\/et_pb_column][\/et_pb_row][\/et_pb_section]<\/p>\n","protected":false},"excerpt":{"rendered":"<p>Kauhavan Rotaryklubin kauden 1999 \u2013 2000 viikko-ohjelma Presidentti : Juhani Paavola\u00a0 \u00a0&#8211;\u00a0 Sihteeri : Simo Alanen &nbsp; Syyskausi 1999 29.7\u00a0\u00a0\u00a0\u00a0\u00a0\u00a0\u00a0\u00a0\u00a0\u00a0\u00a0\u00a0\u00a0\u00a0\u00a0\u00a0\u00a0\u00a0\u00a0\u00a0\u00a0 Kes\u00e4kokous \u2013 L\u00e4htev\u00e4 vuosivaihtari Hanne Visti esitt\u00e4ytyi5.8 \u00a0\u00a0\u00a0\u00a0\u00a0\u00a0\u00a0\u00a0\u00a0\u00a0\u00a0\u00a0\u00a0\u00a0\u00a0\u00a0\u00a0\u00a0\u00a0\u00a0\u00a0\u00a0\u00a0Kes\u00e4kokous \u2013 Yst\u00e4vyyskuntavierailu Tanskaan, Karre Karling12.8\u00a0\u00a0\u00a0\u00a0\u00a0\u00a0\u00a0\u00a0\u00a0\u00a0\u00a0\u00a0\u00a0\u00a0\u00a0\u00a0\u00a0\u00a0\u00a0\u00a0\u00a0 Kes\u00e4kokous \u2013 Ideatalkoot ryhm\u00e4t\u00f6in\u00e419.8\u00a0\u00a0\u00a0\u00a0\u00a0\u00a0\u00a0\u00a0\u00a0\u00a0\u00a0\u00a0\u00a0\u00a0\u00a0\u00a0\u00a0\u00a0\u00a0\u00a0\u00a0 Kes\u00e4kokous \u2013 Kuntoiluilta M\u00e4enp\u00e4\u00e4n hiihtomajalla26.8\u00a0\u00a0\u00a0\u00a0\u00a0\u00a0\u00a0\u00a0\u00a0\u00a0\u00a0 \u00a0\u00a0\u00a0\u00a0\u00a0\u00a0\u00a0\u00a0\u00a0\u00a0Kes\u00e4kokous \u2013 Uusi vuosivaihtarimme Ronda Smith esitt\u00e4ytyi\u00a0\u00a0 &nbsp; Syyskuu \u00a0\u2013 \u00a0Uusien sukupolvien kuukausi [&hellip;]<\/p>\n","protected":false},"author":16,"featured_media":0,"parent":0,"menu_order":0,"comment_status":"closed","ping_status":"closed","template":"","meta":{"_acf_changed":false,"_et_pb_use_builder":"on","_et_pb_old_content":"","_et_gb_content_width":"","footnotes":""},"class_list":["post-4189","page","type-page","status-publish","hentry"],"acf":[],"yoast_head":"<!-- This site is optimized with the Yoast SEO plugin v27.4 - https:\/\/yoast.com\/product\/yoast-seo-wordpress\/ -->\n<title>Automaattinen luonnos - Kauhavan Rotaryklubi ry<\/title>\n<meta name=\"robots\" content=\"index, follow, max-snippet:-1, max-image-preview:large, max-video-preview:-1\" \/>\n<link rel=\"canonical\" href=\"https:\/\/rotary.fi\/kauhavarc\/kauden-1998-99-ohjelma-2\/\" \/>\n<meta property=\"og:locale\" content=\"fi_FI\" \/>\n<meta property=\"og:type\" content=\"article\" \/>\n<meta property=\"og:title\" content=\"Automaattinen luonnos - Kauhavan Rotaryklubi ry\" \/>\n<meta property=\"og:description\" content=\"Kauhavan Rotaryklubin kauden 1999 \u2013 2000 viikko-ohjelma Presidentti : Juhani Paavola\u00a0 \u00a0-\u00a0 Sihteeri : Simo Alanen &nbsp; Syyskausi 1999 29.7\u00a0\u00a0\u00a0\u00a0\u00a0\u00a0\u00a0\u00a0\u00a0\u00a0\u00a0\u00a0\u00a0\u00a0\u00a0\u00a0\u00a0\u00a0\u00a0\u00a0\u00a0 Kes\u00e4kokous \u2013 L\u00e4htev\u00e4 vuosivaihtari Hanne Visti esitt\u00e4ytyi5.8 \u00a0\u00a0\u00a0\u00a0\u00a0\u00a0\u00a0\u00a0\u00a0\u00a0\u00a0\u00a0\u00a0\u00a0\u00a0\u00a0\u00a0\u00a0\u00a0\u00a0\u00a0\u00a0\u00a0Kes\u00e4kokous \u2013 Yst\u00e4vyyskuntavierailu Tanskaan, Karre Karling12.8\u00a0\u00a0\u00a0\u00a0\u00a0\u00a0\u00a0\u00a0\u00a0\u00a0\u00a0\u00a0\u00a0\u00a0\u00a0\u00a0\u00a0\u00a0\u00a0\u00a0\u00a0 Kes\u00e4kokous \u2013 Ideatalkoot ryhm\u00e4t\u00f6in\u00e419.8\u00a0\u00a0\u00a0\u00a0\u00a0\u00a0\u00a0\u00a0\u00a0\u00a0\u00a0\u00a0\u00a0\u00a0\u00a0\u00a0\u00a0\u00a0\u00a0\u00a0\u00a0 Kes\u00e4kokous \u2013 Kuntoiluilta M\u00e4enp\u00e4\u00e4n hiihtomajalla26.8\u00a0\u00a0\u00a0\u00a0\u00a0\u00a0\u00a0\u00a0\u00a0\u00a0\u00a0 \u00a0\u00a0\u00a0\u00a0\u00a0\u00a0\u00a0\u00a0\u00a0\u00a0Kes\u00e4kokous \u2013 Uusi vuosivaihtarimme Ronda Smith esitt\u00e4ytyi\u00a0\u00a0 &nbsp; Syyskuu \u00a0\u2013 \u00a0Uusien sukupolvien kuukausi [&hellip;]\" \/>\n<meta property=\"og:url\" content=\"https:\/\/rotary.fi\/kauhavarc\/kauden-1998-99-ohjelma-2\/\" \/>\n<meta property=\"og:site_name\" content=\"Kauhavan Rotaryklubi ry\" \/>\n<meta property=\"article:modified_time\" content=\"2022-03-19T20:43:44+00:00\" \/>\n<meta name=\"twitter:card\" content=\"summary_large_image\" \/>\n<meta name=\"twitter:label1\" content=\"Arvioitu lukuaika\" \/>\n\t<meta name=\"twitter:data1\" content=\"2 minuuttia\" \/>\n<script type=\"application\/ld+json\" class=\"yoast-schema-graph\">{\"@context\":\"https:\\\/\\\/schema.org\",\"@graph\":[{\"@type\":\"WebPage\",\"@id\":\"https:\\\/\\\/rotary.fi\\\/kauhavarc\\\/kauden-1998-99-ohjelma-2\\\/\",\"url\":\"https:\\\/\\\/rotary.fi\\\/kauhavarc\\\/kauden-1998-99-ohjelma-2\\\/\",\"name\":\"Automaattinen luonnos - Kauhavan Rotaryklubi ry\",\"isPartOf\":{\"@id\":\"https:\\\/\\\/rotary.fi\\\/kauhavarc\\\/#website\"},\"datePublished\":\"2022-03-19T16:20:57+00:00\",\"dateModified\":\"2022-03-19T20:43:44+00:00\",\"breadcrumb\":{\"@id\":\"https:\\\/\\\/rotary.fi\\\/kauhavarc\\\/kauden-1998-99-ohjelma-2\\\/#breadcrumb\"},\"inLanguage\":\"fi\",\"potentialAction\":[{\"@type\":\"ReadAction\",\"target\":[\"https:\\\/\\\/rotary.fi\\\/kauhavarc\\\/kauden-1998-99-ohjelma-2\\\/\"]}]},{\"@type\":\"BreadcrumbList\",\"@id\":\"https:\\\/\\\/rotary.fi\\\/kauhavarc\\\/kauden-1998-99-ohjelma-2\\\/#breadcrumb\",\"itemListElement\":[{\"@type\":\"ListItem\",\"position\":1,\"name\":\"Home\",\"item\":\"https:\\\/\\\/rotary.fi\\\/kauhavarc\\\/\"},{\"@type\":\"ListItem\",\"position\":2,\"name\":\"Automaattinen luonnos\"}]},{\"@type\":\"WebSite\",\"@id\":\"https:\\\/\\\/rotary.fi\\\/kauhavarc\\\/#website\",\"url\":\"https:\\\/\\\/rotary.fi\\\/kauhavarc\\\/\",\"name\":\"Kauhavan Rotaryklubi ry\",\"description\":\"Uusi Rotary klubisivusto\",\"potentialAction\":[{\"@type\":\"SearchAction\",\"target\":{\"@type\":\"EntryPoint\",\"urlTemplate\":\"https:\\\/\\\/rotary.fi\\\/kauhavarc\\\/?s={search_term_string}\"},\"query-input\":{\"@type\":\"PropertyValueSpecification\",\"valueRequired\":true,\"valueName\":\"search_term_string\"}}],\"inLanguage\":\"fi\"}]}<\/script>\n<!-- \/ Yoast SEO plugin. -->","yoast_head_json":{"title":"Automaattinen luonnos - Kauhavan Rotaryklubi ry","robots":{"index":"index","follow":"follow","max-snippet":"max-snippet:-1","max-image-preview":"max-image-preview:large","max-video-preview":"max-video-preview:-1"},"canonical":"https:\/\/rotary.fi\/kauhavarc\/kauden-1998-99-ohjelma-2\/","og_locale":"fi_FI","og_type":"article","og_title":"Automaattinen luonnos - Kauhavan Rotaryklubi ry","og_description":"Kauhavan Rotaryklubin kauden 1999 \u2013 2000 viikko-ohjelma Presidentti : Juhani Paavola\u00a0 \u00a0-\u00a0 Sihteeri : Simo Alanen &nbsp; Syyskausi 1999 29.7\u00a0\u00a0\u00a0\u00a0\u00a0\u00a0\u00a0\u00a0\u00a0\u00a0\u00a0\u00a0\u00a0\u00a0\u00a0\u00a0\u00a0\u00a0\u00a0\u00a0\u00a0 Kes\u00e4kokous \u2013 L\u00e4htev\u00e4 vuosivaihtari Hanne Visti esitt\u00e4ytyi5.8 \u00a0\u00a0\u00a0\u00a0\u00a0\u00a0\u00a0\u00a0\u00a0\u00a0\u00a0\u00a0\u00a0\u00a0\u00a0\u00a0\u00a0\u00a0\u00a0\u00a0\u00a0\u00a0\u00a0Kes\u00e4kokous \u2013 Yst\u00e4vyyskuntavierailu Tanskaan, Karre Karling12.8\u00a0\u00a0\u00a0\u00a0\u00a0\u00a0\u00a0\u00a0\u00a0\u00a0\u00a0\u00a0\u00a0\u00a0\u00a0\u00a0\u00a0\u00a0\u00a0\u00a0\u00a0 Kes\u00e4kokous \u2013 Ideatalkoot ryhm\u00e4t\u00f6in\u00e419.8\u00a0\u00a0\u00a0\u00a0\u00a0\u00a0\u00a0\u00a0\u00a0\u00a0\u00a0\u00a0\u00a0\u00a0\u00a0\u00a0\u00a0\u00a0\u00a0\u00a0\u00a0 Kes\u00e4kokous \u2013 Kuntoiluilta M\u00e4enp\u00e4\u00e4n hiihtomajalla26.8\u00a0\u00a0\u00a0\u00a0\u00a0\u00a0\u00a0\u00a0\u00a0\u00a0\u00a0 \u00a0\u00a0\u00a0\u00a0\u00a0\u00a0\u00a0\u00a0\u00a0\u00a0Kes\u00e4kokous \u2013 Uusi vuosivaihtarimme Ronda Smith esitt\u00e4ytyi\u00a0\u00a0 &nbsp; Syyskuu \u00a0\u2013 \u00a0Uusien sukupolvien kuukausi [&hellip;]","og_url":"https:\/\/rotary.fi\/kauhavarc\/kauden-1998-99-ohjelma-2\/","og_site_name":"Kauhavan Rotaryklubi ry","article_modified_time":"2022-03-19T20:43:44+00:00","twitter_card":"summary_large_image","twitter_misc":{"Arvioitu lukuaika":"2 minuuttia"},"schema":{"@context":"https:\/\/schema.org","@graph":[{"@type":"WebPage","@id":"https:\/\/rotary.fi\/kauhavarc\/kauden-1998-99-ohjelma-2\/","url":"https:\/\/rotary.fi\/kauhavarc\/kauden-1998-99-ohjelma-2\/","name":"Automaattinen luonnos - Kauhavan Rotaryklubi ry","isPartOf":{"@id":"https:\/\/rotary.fi\/kauhavarc\/#website"},"datePublished":"2022-03-19T16:20:57+00:00","dateModified":"2022-03-19T20:43:44+00:00","breadcrumb":{"@id":"https:\/\/rotary.fi\/kauhavarc\/kauden-1998-99-ohjelma-2\/#breadcrumb"},"inLanguage":"fi","potentialAction":[{"@type":"ReadAction","target":["https:\/\/rotary.fi\/kauhavarc\/kauden-1998-99-ohjelma-2\/"]}]},{"@type":"BreadcrumbList","@id":"https:\/\/rotary.fi\/kauhavarc\/kauden-1998-99-ohjelma-2\/#breadcrumb","itemListElement":[{"@type":"ListItem","position":1,"name":"Home","item":"https:\/\/rotary.fi\/kauhavarc\/"},{"@type":"ListItem","position":2,"name":"Automaattinen luonnos"}]},{"@type":"WebSite","@id":"https:\/\/rotary.fi\/kauhavarc\/#website","url":"https:\/\/rotary.fi\/kauhavarc\/","name":"Kauhavan Rotaryklubi ry","description":"Uusi Rotary klubisivusto","potentialAction":[{"@type":"SearchAction","target":{"@type":"EntryPoint","urlTemplate":"https:\/\/rotary.fi\/kauhavarc\/?s={search_term_string}"},"query-input":{"@type":"PropertyValueSpecification","valueRequired":true,"valueName":"search_term_string"}}],"inLanguage":"fi"}]}},"lang":"fi","translations":{"fi":4189},"pll_sync_post":[],"_links":{"self":[{"href":"https:\/\/rotary.fi\/kauhavarc\/wp-json\/wp\/v2\/pages\/4189","targetHints":{"allow":["GET"]}}],"collection":[{"href":"https:\/\/rotary.fi\/kauhavarc\/wp-json\/wp\/v2\/pages"}],"about":[{"href":"https:\/\/rotary.fi\/kauhavarc\/wp-json\/wp\/v2\/types\/page"}],"author":[{"embeddable":true,"href":"https:\/\/rotary.fi\/kauhavarc\/wp-json\/wp\/v2\/users\/16"}],"replies":[{"embeddable":true,"href":"https:\/\/rotary.fi\/kauhavarc\/wp-json\/wp\/v2\/comments?post=4189"}],"version-history":[{"count":4,"href":"https:\/\/rotary.fi\/kauhavarc\/wp-json\/wp\/v2\/pages\/4189\/revisions"}],"predecessor-version":[{"id":4220,"href":"https:\/\/rotary.fi\/kauhavarc\/wp-json\/wp\/v2\/pages\/4189\/revisions\/4220"}],"wp:attachment":[{"href":"https:\/\/rotary.fi\/kauhavarc\/wp-json\/wp\/v2\/media?parent=4189"}],"curies":[{"name":"wp","href":"https:\/\/api.w.org\/{rel}","templated":true}]}}