{"id":4136,"date":"2022-02-03T13:07:53","date_gmt":"2022-02-03T11:07:53","guid":{"rendered":"https:\/\/rotary.fi\/kauhavarc\/?page_id=4136"},"modified":"2022-02-03T13:16:31","modified_gmt":"2022-02-03T11:16:31","slug":"kauden-2003-2004ohjelma","status":"publish","type":"page","link":"https:\/\/rotary.fi\/kauhavarc\/kauden-2003-2004ohjelma\/","title":{"rendered":"Automaattinen luonnos"},"content":{"rendered":"<p>[et_pb_section fb_built=&#8221;1&#8243; _builder_version=&#8221;3.22&#8243; global_colors_info=&#8221;{}&#8221;][et_pb_row _builder_version=&#8221;3.25&#8243; background_size=&#8221;initial&#8221; background_position=&#8221;top_left&#8221; background_repeat=&#8221;repeat&#8221; global_colors_info=&#8221;{}&#8221;][et_pb_column type=&#8221;4_4&#8243; _builder_version=&#8221;3.25&#8243; custom_padding=&#8221;|||&#8221; global_colors_info=&#8221;{}&#8221; custom_padding__hover=&#8221;|||&#8221;][et_pb_text admin_label=&#8221;Teksti&#8221; _builder_version=&#8221;4.14.6&#8243; background_size=&#8221;initial&#8221; background_position=&#8221;top_left&#8221; background_repeat=&#8221;repeat&#8221; global_colors_info=&#8221;{}&#8221;]<\/p>\n<h3>Kauhavan Rotaryklubin kauden 2003 \u2013 2004 viikko-ohjelma<\/h3>\n<p>&nbsp;<\/p>\n<p style=\"text-align: center\"><strong>Presidentti : Simo Alanen\u00a0 \u00a0&#8211;\u00a0 Sihteeri : Vesa Hilden<\/strong><\/p>\n<p><strong> <\/strong><\/p>\n<p><strong><\/strong><\/p>\n<p>&nbsp;<\/p>\n<table width=\"726\">\n<tbody>\n<tr>\n<td width=\"63\">31.7.<\/td>\n<td width=\"663\">Kes\u00e4kokous &#8211; Klubiasioita<\/td>\n<\/tr>\n<tr>\n<td>7.8.<\/td>\n<td>Kes\u00e4kokous &#8211; Veli Eero Paavolan matkakertomus Vienan Karjalasta<\/td>\n<\/tr>\n<tr>\n<td>14.8.<\/td>\n<td>Kes\u00e4kokous &#8211;\u00a0 Veli Karre Karlingin matkakertomus yst\u00e4vyyskuntavierailusta Norjan Bryggeen<\/td>\n<\/tr>\n<tr>\n<td>21.8.<\/td>\n<td>Kes\u00e4kokous &#8211; Vaihtarimme Sari Per\u00e4l\u00e4 kertoi Australiassa viett\u00e4m\u00e4st\u00e4\u00e4n vuodesta<\/td>\n<\/tr>\n<tr>\n<td>28.8.<\/td>\n<td>Kes\u00e4kokous &#8211; Klubiasioita, kauden ohjelma<\/td>\n<\/tr>\n<tr>\n<td>4.9.<\/td>\n<td>Saunakokous &#8211; Ajankohtaisa asioita<\/td>\n<\/tr>\n<tr>\n<td>11.9.<\/td>\n<td>L\u00e4sn\u00e4olokomitea, ajankohatiset klubiasiat<\/td>\n<\/tr>\n<tr>\n<td>18.9.<\/td>\n<td>Klubin vuosikokous<\/td>\n<\/tr>\n<tr>\n<td>25.9.<\/td>\n<td>Juhanin Paavolan esitelm\u00e4&#8221;Ajankohtaista sijoittamisessa&#8221;<\/td>\n<\/tr>\n<tr>\n<td>2.10.<\/td>\n<td>Saunakokous &#8211; Ajankohtaiset klubiasiat<\/td>\n<\/tr>\n<tr>\n<td>9.10.<\/td>\n<td>Piirikuvern\u00f6\u00f6ri Pertti Niemisen klubivierailu<\/td>\n<\/tr>\n<tr>\n<td>23.10.<\/td>\n<td>Suomen p\u00e4ivitt\u00e4istavarakaupan nykytila &#8211; Esa Jokiaho<\/td>\n<\/tr>\n<tr>\n<td>30.10.<\/td>\n<td>Vaihtarimme Sophie Sahnnonin esitelm\u00e4<\/td>\n<\/tr>\n<tr>\n<td>6.11.<\/td>\n<td>Saunakoklous &#8211; Esitelm\u00e4 Rotarytoiminnasta &#8211; DGE Vellu Heinijoki<\/td>\n<\/tr>\n<tr>\n<td>13.11.<\/td>\n<td>Keijo Jehkosen alustus rotariuden merkityksest\u00e4 sek\u00e4 matkakertomus Islannista<\/td>\n<\/tr>\n<tr>\n<td>20.11.<\/td>\n<td>Gunnar Ahopellon esitelm\u00e4 ammunasta urheiluharrastuksena<\/td>\n<\/tr>\n<tr>\n<td>27.11.<\/td>\n<td>Ajankohtaisia klubiasioita<\/td>\n<\/tr>\n<tr>\n<td>4.12.<\/td>\n<td>Entisen vaihtarimme Jussi Joupin esitelm\u00e4 ty\u00f6st\u00e4\u00e4n Dubaissa<\/td>\n<\/tr>\n<tr>\n<td>11.12.<\/td>\n<td>Ajankohtaisia klubiasioita<\/td>\n<\/tr>\n<tr>\n<td>19.12.<\/td>\n<td>Klubin pikkujoulu<\/td>\n<\/tr>\n<tr>\n<td>\u00a0<\/td>\n<td>\u00a0<\/td>\n<\/tr>\n<tr>\n<td>\u00a0<\/td>\n<td>\u00a0<\/td>\n<\/tr>\n<tr>\n<td>8.1.<\/td>\n<td>Kev\u00e4tkauden avaus ja vaihtarimme Sophie Shannonin l\u00e4ksi\u00e4iset<\/td>\n<\/tr>\n<tr>\n<td>15.1.<\/td>\n<td>Alumiinitekniikan innovaatiohanke &#8211; erityistutkija Ari Nurkkala, Vaasan yliopisto<\/td>\n<\/tr>\n<tr>\n<td>22.1.<\/td>\n<td>Ilmavoimien Viestikoulun esittely &#8211; eversti Juha Suonper\u00e4<\/td>\n<\/tr>\n<tr>\n<td>29.1.<\/td>\n<td>Karre Karlingin esitelm\u00e4 naisrotariuden historista ja nykytilanteesta Suomessa<\/td>\n<\/tr>\n<tr>\n<td>5.2.<\/td>\n<td>Saunakokous &#8211; Lasse M\u00e4kisen esitelm\u00e4 elinkeinorakenteesta ja v\u00e4est\u00f6ennusteesta EP:ll\u00e4<\/td>\n<\/tr>\n<tr>\n<td>12.2.<\/td>\n<td>Jukka Ylitalon esitelm\u00e4 kodin s\u00e4hk\u00f6turvallisuudesta<\/td>\n<\/tr>\n<tr>\n<td>19.2.<\/td>\n<td>Kapteeni Timo Rauhalan esitelm\u00e4 Midnight Hawks taitolentoryhm\u00e4st\u00e4<\/td>\n<\/tr>\n<tr>\n<td>26.2.<\/td>\n<td>Hiihtoretki + sauna ja ruokailu Tuppiroskassa<\/td>\n<\/tr>\n<tr>\n<td>4.3.<\/td>\n<td>Europarlamentaarikko Ky\u00f6sti Virrankosken esitelm\u00e4<\/td>\n<\/tr>\n<tr>\n<td>11.3.<\/td>\n<td>Seppo Takamaan muistoja GSE-vaihtomatkan johtamisesta Etel\u00e4 Dakotaan 80-luvulla<\/td>\n<\/tr>\n<tr>\n<td>18.3.<\/td>\n<td>Matti Lagerstetin esitelm\u00e4 verouudistusn\u00e4kymist\u00e4<\/td>\n<\/tr>\n<tr>\n<td>25.3.<\/td>\n<td>Aluepalop\u00e4\u00e4llikk\u00f6 Harri Set\u00e4l\u00e4n esitelm\u00e4 pelastustoimesta alueellamme<\/td>\n<\/tr>\n<tr>\n<td>1.4.<\/td>\n<td>Saunakokous &#8211; Kari Tepon esitelm\u00e4 ty\u00f6st\u00e4\u00e4n Arabi Emiraateissa<\/td>\n<\/tr>\n<tr>\n<td>15.4.<\/td>\n<td>Veikko Kustulan esitelm\u00e4 NET Servant oy:st\u00e4<\/td>\n<\/tr>\n<tr>\n<td>22.4.<\/td>\n<td>Klubin vastuulla olevan PETS tapahtuman valmistelu<\/td>\n<\/tr>\n<tr>\n<td>24.4.<\/td>\n<td>Piirin PETS koulutus Kauhavan koulukeskuksella<\/td>\n<\/tr>\n<tr>\n<td>29.4.<\/td>\n<td>Yritysvierailu &#8211; Lapua Ketjut OY<\/td>\n<\/tr>\n<tr>\n<td>6.5.<\/td>\n<td>Saunakokous &#8211;\u00a0 ajankohtaiset klubiasit<\/td>\n<\/tr>\n<tr>\n<td>13.5.<\/td>\n<td>Ulkoilutapahtuma M\u00e4enp\u00e4\u00e4n hiihtomajalla &#8211; vieraanamme Leijona Ladyt<\/td>\n<\/tr>\n<tr>\n<td>27.5.<\/td>\n<td>Tuomas Pollarin esitelm\u00e4 &#8221;Rohkeasti maailmalle&#8221;<\/td>\n<\/tr>\n<tr>\n<td>3.6.<\/td>\n<td>Kes\u00e4kokous &#8211; veli Vellun matkakertomus Rotarykokousmatkalta Japanista<\/td>\n<\/tr>\n<tr>\n<td>10.6.<\/td>\n<td>Kes\u00e4kokous &#8211; L\u00e4htev\u00e4n vuosivaihtarimme Katariina Patrikaisen esitt\u00e4ytyminen, vieraana Kari Piilonen Temora RC:st\u00e4 Australiasta<\/td>\n<\/tr>\n<tr>\n<td>17.6.<\/td>\n<td>Kes\u00e4kokous &#8211; Kauden p\u00e4\u00e4t\u00f6skokous, klubiasiota<\/td>\n<\/tr>\n<tr>\n<td>2.7.<\/td>\n<td>Nuijanvaihtajaiset tulevan presidentin Aarno Heinosen luona Ylih\u00e4rm\u00e4ss\u00e4<\/td>\n<\/tr>\n<\/tbody>\n<\/table>\n<p>&nbsp;<\/p>\n<p>&nbsp;<\/p>\n<p>[\/et_pb_text][et_pb_button button_url=&#8221;https:\/\/rotary.fi\/kauhavarc\/menneiden-kausien-klubiohjelmia\/&#8221; button_text=&#8221;Takaisin&#8221; button_alignment=&#8221;center&#8221; _builder_version=&#8221;4.4.1&#8243; custom_margin=&#8221;30px||30px||false|false&#8221; global_colors_info=&#8221;{}&#8221;][\/et_pb_button][\/et_pb_column][\/et_pb_row][\/et_pb_section]<\/p>\n","protected":false},"excerpt":{"rendered":"<p>Kauhavan Rotaryklubin kauden 2003 \u2013 2004 viikko-ohjelma &nbsp; Presidentti : Simo Alanen\u00a0 \u00a0&#8211;\u00a0 Sihteeri : Vesa Hilden &nbsp; 31.7. Kes\u00e4kokous &#8211; Klubiasioita 7.8. Kes\u00e4kokous &#8211; Veli Eero Paavolan matkakertomus Vienan Karjalasta 14.8. Kes\u00e4kokous &#8211;\u00a0 Veli Karre Karlingin matkakertomus yst\u00e4vyyskuntavierailusta Norjan Bryggeen 21.8. Kes\u00e4kokous &#8211; Vaihtarimme Sari Per\u00e4l\u00e4 kertoi Australiassa viett\u00e4m\u00e4st\u00e4\u00e4n vuodesta 28.8. Kes\u00e4kokous &#8211; Klubiasioita, [&hellip;]<\/p>\n","protected":false},"author":16,"featured_media":0,"parent":0,"menu_order":0,"comment_status":"closed","ping_status":"closed","template":"","meta":{"_acf_changed":false,"_et_pb_use_builder":"on","_et_pb_old_content":"","_et_gb_content_width":"","footnotes":""},"class_list":["post-4136","page","type-page","status-publish","hentry"],"acf":[],"yoast_head":"<!-- This site is optimized with the Yoast SEO plugin v27.4 - https:\/\/yoast.com\/product\/yoast-seo-wordpress\/ -->\n<title>Automaattinen luonnos - Kauhavan Rotaryklubi ry<\/title>\n<meta name=\"robots\" content=\"index, follow, max-snippet:-1, max-image-preview:large, max-video-preview:-1\" \/>\n<link rel=\"canonical\" href=\"https:\/\/rotary.fi\/kauhavarc\/kauden-2003-2004ohjelma\/\" \/>\n<meta property=\"og:locale\" content=\"fi_FI\" \/>\n<meta property=\"og:type\" content=\"article\" \/>\n<meta property=\"og:title\" content=\"Automaattinen luonnos - Kauhavan Rotaryklubi ry\" \/>\n<meta property=\"og:description\" content=\"Kauhavan Rotaryklubin kauden 2003 \u2013 2004 viikko-ohjelma &nbsp; Presidentti : Simo Alanen\u00a0 \u00a0-\u00a0 Sihteeri : Vesa Hilden &nbsp; 31.7. Kes\u00e4kokous - Klubiasioita 7.8. Kes\u00e4kokous - Veli Eero Paavolan matkakertomus Vienan Karjalasta 14.8. Kes\u00e4kokous -\u00a0 Veli Karre Karlingin matkakertomus yst\u00e4vyyskuntavierailusta Norjan Bryggeen 21.8. Kes\u00e4kokous - Vaihtarimme Sari Per\u00e4l\u00e4 kertoi Australiassa viett\u00e4m\u00e4st\u00e4\u00e4n vuodesta 28.8. Kes\u00e4kokous - Klubiasioita, [&hellip;]\" \/>\n<meta property=\"og:url\" content=\"https:\/\/rotary.fi\/kauhavarc\/kauden-2003-2004ohjelma\/\" \/>\n<meta property=\"og:site_name\" content=\"Kauhavan Rotaryklubi ry\" \/>\n<meta property=\"article:modified_time\" content=\"2022-02-03T11:16:31+00:00\" \/>\n<meta name=\"twitter:card\" content=\"summary_large_image\" \/>\n<meta name=\"twitter:label1\" content=\"Arvioitu lukuaika\" \/>\n\t<meta name=\"twitter:data1\" content=\"2 minuuttia\" \/>\n<script type=\"application\/ld+json\" class=\"yoast-schema-graph\">{\"@context\":\"https:\\\/\\\/schema.org\",\"@graph\":[{\"@type\":\"WebPage\",\"@id\":\"https:\\\/\\\/rotary.fi\\\/kauhavarc\\\/kauden-2003-2004ohjelma\\\/\",\"url\":\"https:\\\/\\\/rotary.fi\\\/kauhavarc\\\/kauden-2003-2004ohjelma\\\/\",\"name\":\"Automaattinen luonnos - Kauhavan Rotaryklubi ry\",\"isPartOf\":{\"@id\":\"https:\\\/\\\/rotary.fi\\\/kauhavarc\\\/#website\"},\"datePublished\":\"2022-02-03T11:07:53+00:00\",\"dateModified\":\"2022-02-03T11:16:31+00:00\",\"breadcrumb\":{\"@id\":\"https:\\\/\\\/rotary.fi\\\/kauhavarc\\\/kauden-2003-2004ohjelma\\\/#breadcrumb\"},\"inLanguage\":\"fi\",\"potentialAction\":[{\"@type\":\"ReadAction\",\"target\":[\"https:\\\/\\\/rotary.fi\\\/kauhavarc\\\/kauden-2003-2004ohjelma\\\/\"]}]},{\"@type\":\"BreadcrumbList\",\"@id\":\"https:\\\/\\\/rotary.fi\\\/kauhavarc\\\/kauden-2003-2004ohjelma\\\/#breadcrumb\",\"itemListElement\":[{\"@type\":\"ListItem\",\"position\":1,\"name\":\"Home\",\"item\":\"https:\\\/\\\/rotary.fi\\\/kauhavarc\\\/\"},{\"@type\":\"ListItem\",\"position\":2,\"name\":\"Automaattinen luonnos\"}]},{\"@type\":\"WebSite\",\"@id\":\"https:\\\/\\\/rotary.fi\\\/kauhavarc\\\/#website\",\"url\":\"https:\\\/\\\/rotary.fi\\\/kauhavarc\\\/\",\"name\":\"Kauhavan Rotaryklubi ry\",\"description\":\"Uusi Rotary klubisivusto\",\"potentialAction\":[{\"@type\":\"SearchAction\",\"target\":{\"@type\":\"EntryPoint\",\"urlTemplate\":\"https:\\\/\\\/rotary.fi\\\/kauhavarc\\\/?s={search_term_string}\"},\"query-input\":{\"@type\":\"PropertyValueSpecification\",\"valueRequired\":true,\"valueName\":\"search_term_string\"}}],\"inLanguage\":\"fi\"}]}<\/script>\n<!-- \/ Yoast SEO plugin. -->","yoast_head_json":{"title":"Automaattinen luonnos - Kauhavan Rotaryklubi ry","robots":{"index":"index","follow":"follow","max-snippet":"max-snippet:-1","max-image-preview":"max-image-preview:large","max-video-preview":"max-video-preview:-1"},"canonical":"https:\/\/rotary.fi\/kauhavarc\/kauden-2003-2004ohjelma\/","og_locale":"fi_FI","og_type":"article","og_title":"Automaattinen luonnos - Kauhavan Rotaryklubi ry","og_description":"Kauhavan Rotaryklubin kauden 2003 \u2013 2004 viikko-ohjelma &nbsp; Presidentti : Simo Alanen\u00a0 \u00a0-\u00a0 Sihteeri : Vesa Hilden &nbsp; 31.7. Kes\u00e4kokous - Klubiasioita 7.8. Kes\u00e4kokous - Veli Eero Paavolan matkakertomus Vienan Karjalasta 14.8. Kes\u00e4kokous -\u00a0 Veli Karre Karlingin matkakertomus yst\u00e4vyyskuntavierailusta Norjan Bryggeen 21.8. Kes\u00e4kokous - Vaihtarimme Sari Per\u00e4l\u00e4 kertoi Australiassa viett\u00e4m\u00e4st\u00e4\u00e4n vuodesta 28.8. Kes\u00e4kokous - Klubiasioita, [&hellip;]","og_url":"https:\/\/rotary.fi\/kauhavarc\/kauden-2003-2004ohjelma\/","og_site_name":"Kauhavan Rotaryklubi ry","article_modified_time":"2022-02-03T11:16:31+00:00","twitter_card":"summary_large_image","twitter_misc":{"Arvioitu lukuaika":"2 minuuttia"},"schema":{"@context":"https:\/\/schema.org","@graph":[{"@type":"WebPage","@id":"https:\/\/rotary.fi\/kauhavarc\/kauden-2003-2004ohjelma\/","url":"https:\/\/rotary.fi\/kauhavarc\/kauden-2003-2004ohjelma\/","name":"Automaattinen luonnos - Kauhavan Rotaryklubi ry","isPartOf":{"@id":"https:\/\/rotary.fi\/kauhavarc\/#website"},"datePublished":"2022-02-03T11:07:53+00:00","dateModified":"2022-02-03T11:16:31+00:00","breadcrumb":{"@id":"https:\/\/rotary.fi\/kauhavarc\/kauden-2003-2004ohjelma\/#breadcrumb"},"inLanguage":"fi","potentialAction":[{"@type":"ReadAction","target":["https:\/\/rotary.fi\/kauhavarc\/kauden-2003-2004ohjelma\/"]}]},{"@type":"BreadcrumbList","@id":"https:\/\/rotary.fi\/kauhavarc\/kauden-2003-2004ohjelma\/#breadcrumb","itemListElement":[{"@type":"ListItem","position":1,"name":"Home","item":"https:\/\/rotary.fi\/kauhavarc\/"},{"@type":"ListItem","position":2,"name":"Automaattinen luonnos"}]},{"@type":"WebSite","@id":"https:\/\/rotary.fi\/kauhavarc\/#website","url":"https:\/\/rotary.fi\/kauhavarc\/","name":"Kauhavan Rotaryklubi ry","description":"Uusi Rotary klubisivusto","potentialAction":[{"@type":"SearchAction","target":{"@type":"EntryPoint","urlTemplate":"https:\/\/rotary.fi\/kauhavarc\/?s={search_term_string}"},"query-input":{"@type":"PropertyValueSpecification","valueRequired":true,"valueName":"search_term_string"}}],"inLanguage":"fi"}]}},"lang":"fi","translations":{"fi":4136},"pll_sync_post":[],"_links":{"self":[{"href":"https:\/\/rotary.fi\/kauhavarc\/wp-json\/wp\/v2\/pages\/4136","targetHints":{"allow":["GET"]}}],"collection":[{"href":"https:\/\/rotary.fi\/kauhavarc\/wp-json\/wp\/v2\/pages"}],"about":[{"href":"https:\/\/rotary.fi\/kauhavarc\/wp-json\/wp\/v2\/types\/page"}],"author":[{"embeddable":true,"href":"https:\/\/rotary.fi\/kauhavarc\/wp-json\/wp\/v2\/users\/16"}],"replies":[{"embeddable":true,"href":"https:\/\/rotary.fi\/kauhavarc\/wp-json\/wp\/v2\/comments?post=4136"}],"version-history":[{"count":4,"href":"https:\/\/rotary.fi\/kauhavarc\/wp-json\/wp\/v2\/pages\/4136\/revisions"}],"predecessor-version":[{"id":4142,"href":"https:\/\/rotary.fi\/kauhavarc\/wp-json\/wp\/v2\/pages\/4136\/revisions\/4142"}],"wp:attachment":[{"href":"https:\/\/rotary.fi\/kauhavarc\/wp-json\/wp\/v2\/media?parent=4136"}],"curies":[{"name":"wp","href":"https:\/\/api.w.org\/{rel}","templated":true}]}}