{"id":4116,"date":"2022-01-28T18:28:14","date_gmt":"2022-01-28T16:28:14","guid":{"rendered":"https:\/\/rotary.fi\/kauhavarc\/?page_id=4116"},"modified":"2022-01-29T13:47:09","modified_gmt":"2022-01-29T11:47:09","slug":"kauden-2011-2012-ohjelma","status":"publish","type":"page","link":"https:\/\/rotary.fi\/kauhavarc\/kauden-2011-2012-ohjelma\/","title":{"rendered":"Automaattinen luonnos"},"content":{"rendered":"<p>[et_pb_section fb_built=&#8221;1&#8243; _builder_version=&#8221;4.4.1&#8243; global_colors_info=&#8221;{}&#8221;][et_pb_row _builder_version=&#8221;4.4.1&#8243; global_colors_info=&#8221;{}&#8221;][et_pb_column type=&#8221;4_4&#8243; _builder_version=&#8221;4.4.1&#8243; global_colors_info=&#8221;{}&#8221;][et_pb_text admin_label=&#8221;Teksti&#8221; _builder_version=&#8221;4.14.6&#8243; global_colors_info=&#8221;{}&#8221;]<\/p>\n<h3 style=\"text-align: center\">Kauhavan Rotaryklubin kauden 2011 &#8211; 2012 vuosiohjema<\/h3>\n<p>[\/et_pb_text][et_pb_text admin_label=&#8221;Teksti&#8221; _builder_version=&#8221;4.14.6&#8243; global_colors_info=&#8221;{}&#8221;]<\/p>\n<p style=\"text-align: center\"><strong>Presidentti:\u00a0 Kari Ikola\u00a0 &#8211;\u00a0 \u00a0Sihteeri: Juha Katajam\u00e4ki<\/strong><\/p>\n<p>&nbsp;<\/p>\n<p><strong>HEIN\u00c4KUU<br \/><\/strong>LUKU- JA KIRJOITUSTAIDON KUUKAUSI<\/p>\n<p>Ei kokouksia, kes\u00e4loma<\/p>\n<p><strong>ELOKUU<br \/><\/strong>J\u00c4SENIST\u00d6N JA LAAJENNUSTY\u00d6N KUUKAUSI<\/p>\n<p>\u00a04.8. Saunakokous &#8211; klubineuvottelu. Kauden teema ja ohjelman suunnittelua<br \/>11.8. Komiteoiden esittely. Aleksi Heinonen muisteli vaihtovuottaan Brasiliassa.<br \/>18.8. Kes\u00e4vaihtarimme Annika H\u00f6ls\u00f6m\u00e4ki kertoi Amerikan kokemuksistaan.<br \/>25.8. Kansanedustaja Petri Salon esitelm\u00e4 eduskuntaty\u00f6st\u00e4<br \/><strong><br \/>SYYSKUU<\/strong><br \/>UUSIEN SUKUPOLVIEN KUUKAUSI<\/p>\n<p>1.9. Saunakokous \u2013 klubineuvottelu. Uusi j\u00e4sen Antti Koskela esitt\u00e4ytyi<br \/>8.9. Piirikuvern\u00f6\u00f6ri Erkki Murtom\u00e4en klubivierailu<br \/>17.9. Alaj\u00e4rven Rotaryklubin vierailu Y-kinolla<br \/>22.9. Vuosivaihtarimme Peter Davidson esitt\u00e4ytyi. Lis\u00e4ksi klubiasioita<br \/>29.9. Yritysvierailu Unico oy:ll\u00e4, is\u00e4nt\u00e4n\u00e4 Petri Saarinen<\/p>\n<p><strong>LOKAKUU<\/strong><br \/>AMMATTIPALVELUN KUUKAUSI<\/p>\n<p>\u00a06.10. Saunakokous, klubineuvottelu<br \/>13.10. EP:n yritt\u00e4jien puheenjohtaja Jyrki M\u00e4kysen esitelm\u00e4<br \/>20.10.\u00a0Lasse M\u00e4kisen esitelm\u00e4<br \/>27.10 Klubin vuosikokous ( tilit, toimintakertomus)<\/p>\n<p><strong><br \/>MARRASKUU<\/strong><br \/>ROTARYS\u00c4\u00c4TI\u00d6N KUUKAUSI<\/p>\n<p>\u00a03.11. Tapani Rahkon esitelm\u00e4 ihmisen tasapainoj\u00e4rjestelm\u00e4st\u00e4 ja tasapainoh\u00e4iri\u00f6ist\u00e4<br \/>12.11. Antti Koskelan luokite-esitelm\u00e4: Lentosotakoulun toiminta<br \/>17.11. Esitelm\u00e4: H\u00e4vitt\u00e4j\u00e4lent\u00e4j\u00e4t, Eero Paavola. Lis\u00e4ksi Vellu Heinijoki kertoi kokemuksistaan Rotarykouluttajana San Diegossa.<br \/>24.11. Yritysvierailu \u2013 Finn-Power oy, Juha M\u00e4kitalo<br \/><strong><br \/>JOULUKUU<\/strong><br \/>ROTARYPERHEEN KUUKAUSI<\/p>\n<p>\u00a01.12. Vaalikokous, klubiasioita<br \/>10.12. Teatteriretki Vaasaan &#8211; &#8221;Maailma seis!&#8221; musikaali<br \/>15.12. Klubin pikkujoulu. Kevennyksen\u00e4 Eero Paavolan esitelm\u00e4 tiernapojista<\/p>\n<p>22.12. Joululoma \u2013 ei kokousta<br \/>29.12\u00a0 Joululoma \u2013 ei kokousta<\/p>\n<p><strong>TAMMIKUU<\/strong><br \/>ROTARYTIETOUDEN KUUKAUSI<\/p>\n<p>12.1. Saunakokous &#8211; klubineuvottelu. Erkki Koivula esitteli Fittecin kuntosalia<br \/>19.1. Nuutti Palvialan esitelm\u00e4 kauhavalaisesta h\u00e4vitt\u00e4j\u00e4lent\u00e4j\u00e4st\u00e4 Mauno Fr\u00e4ntil\u00e4st\u00e4<br \/>26.1. Kauhavan Lukion kuulumisia, rehtori Toni Uusim\u00e4ki. Lis\u00e4ksi Ilkka Peura alusti Y-Kinon tilanteesta ja suunnitelmista<\/p>\n<p><strong><br \/>HELMIKUU<\/strong><br \/>MAAILMAN YHTEISYMM\u00c4RRYKSEN KUUKAUSI<\/p>\n<p>\u00a02.2. Saunakokous &#8211; Y-Kinon yhti\u00f6kokous<br \/>\u00a09.2. Seppo Takamaa esitelm\u00e4 Lentosotakoulun historiasta<br \/>16.2. Leo Latikan esitelm\u00e4 turkistarhauksesta<br \/>24.2. Esitelm\u00e4 ja keskustelua Lentosotakoulun lakkautussuunnitelmista, Antti Koskela ja Seppo Takamaa<\/p>\n<p><strong>MAALISKUU<\/strong><br \/>LUKU- JA KIRJOITUSTAIDON KUUKAUSI<\/p>\n<p>\u00a01.3. Saunakokous. Jaakko Per\u00e4l\u00e4n esitelm\u00e4 perunanviljelij\u00e4n vuodenkierrosta<br \/>\u00a08.3. SKAL Rv toiminnanjohtaja Riikka Pakkalan esitelm\u00e4 ammattiautoilun haasteista<br \/>15.3. Pertti Laitilan matkakertomus Intian matkasta<br \/>22.3. Matti Joupin esitelm\u00e4 j\u00e4\u00e4kiekkotuomareiden koulutuksesta<br \/>29.2. Eero Paavolan esitelm\u00e4 N\u00e4silinnan valtauksesta<\/p>\n<p><strong>HUHTIKUU<\/strong><br \/>ROTARYLEHTIEN KUUKAUSI<\/p>\n<p>\u00a05.4. Ei kokousta &#8211; Kiirastorstai<br \/>12.4. Reijo Heinosen esitelm\u00e4 Kemijoen lohesta ja sen kannan tulevaisuudesta<br \/>19.4. Jouni M\u00e4enp\u00e4\u00e4n esitelm\u00e4 Kauhavalle suunniteltavasta urheilun monitoimihallista<br \/>26.4. Teemu Hautalan esitelm\u00e4 Pelastusopistosta<br \/><strong><br \/>TOUKOKUU<\/p>\n<p><\/strong>\u00a03.5. Tuleva presidentti Esa Jokiaho valotti suunnitelmiaan tulevalle kaudelle<br \/>10.5. Vuosivaihtarimme Peter Davidson kertoi vaihtovuoden kokemuksistaan<br \/>17.5. Ei kokousta &#8211; Helatorstai<\/p>\n<p>24.5.\u201dImpin ja Auvon\u201d huumoria, Matti Kuoppala. Lis\u00e4ksi klubiasioita<br \/>31.5 Matti Lagerstedtin matkakertomus omatoimimatkasta Hawajille<\/p>\n<p><strong>KES\u00c4KUU<\/strong><br \/>ROTARYN HARRASTUS- JA AMMATTIRYHMIEN\u00a0KUUKAUSI<\/p>\n<p>\u00a07.6. L\u00e4htevien vaihtareiden Susa Palvialan ja Helena Hakalan esitt\u00e4ytyminen. Pertti Laitila muisteli klubissamme 2006 ja 2010 vierailleita GSE-vaihtoryhmi\u00e4 ja Karre kertoi muistoja vet\u00e4m\u00e4lt\u00e4\u00e4n GSE-vaihtomatkalta Alabamasta.<\/p>\n<p>14.6. Eero Paavolan matkakertomus juuri vet\u00e4m\u00e4lt\u00e4\u00e4n It\u00e4-Karjalan kiertomatkalta<br \/>29.6. Nuijanvaihtajaiset tulevan presidentin Esa Jokiahon kotona<\/p>\n<p>&nbsp;<\/p>\n<p>[\/et_pb_text][et_pb_button button_url=&#8221;https:\/\/rotary.fi\/kauhavarc\/menneiden-kausien-klubiohjelmia\/&#8221; button_text=&#8221;Takaisin&#8221; button_alignment=&#8221;center&#8221; admin_label=&#8221;Takaisin painike&#8221; _builder_version=&#8221;4.4.1&#8243; global_colors_info=&#8221;{}&#8221;][\/et_pb_button][\/et_pb_column][\/et_pb_row][\/et_pb_section]<\/p>\n","protected":false},"excerpt":{"rendered":"<p>Kauhavan Rotaryklubin kauden 2011 &#8211; 2012 vuosiohjemaPresidentti:\u00a0 Kari Ikola\u00a0 &#8211;\u00a0 \u00a0Sihteeri: Juha Katajam\u00e4ki &nbsp; HEIN\u00c4KUULUKU- JA KIRJOITUSTAIDON KUUKAUSI Ei kokouksia, kes\u00e4loma ELOKUUJ\u00c4SENIST\u00d6N JA LAAJENNUSTY\u00d6N KUUKAUSI \u00a04.8. Saunakokous &#8211; klubineuvottelu. Kauden teema ja ohjelman suunnittelua11.8. Komiteoiden esittely. Aleksi Heinonen muisteli vaihtovuottaan Brasiliassa.18.8. Kes\u00e4vaihtarimme Annika H\u00f6ls\u00f6m\u00e4ki kertoi Amerikan kokemuksistaan.25.8. Kansanedustaja Petri Salon esitelm\u00e4 eduskuntaty\u00f6st\u00e4SYYSKUUUUSIEN SUKUPOLVIEN KUUKAUSI 1.9. [&hellip;]<\/p>\n","protected":false},"author":16,"featured_media":0,"parent":0,"menu_order":0,"comment_status":"closed","ping_status":"closed","template":"","meta":{"_acf_changed":false,"_et_pb_use_builder":"on","_et_pb_old_content":"","_et_gb_content_width":"","footnotes":""},"class_list":["post-4116","page","type-page","status-publish","hentry"],"acf":[],"yoast_head":"<!-- This site is optimized with the Yoast SEO plugin v27.4 - https:\/\/yoast.com\/product\/yoast-seo-wordpress\/ -->\n<title>Automaattinen luonnos - Kauhavan Rotaryklubi ry<\/title>\n<meta name=\"robots\" content=\"index, follow, max-snippet:-1, max-image-preview:large, max-video-preview:-1\" \/>\n<link rel=\"canonical\" href=\"https:\/\/rotary.fi\/kauhavarc\/kauden-2011-2012-ohjelma\/\" \/>\n<meta property=\"og:locale\" content=\"fi_FI\" \/>\n<meta property=\"og:type\" content=\"article\" \/>\n<meta property=\"og:title\" content=\"Automaattinen luonnos - Kauhavan Rotaryklubi ry\" \/>\n<meta property=\"og:description\" content=\"Kauhavan Rotaryklubin kauden 2011 - 2012 vuosiohjemaPresidentti:\u00a0 Kari Ikola\u00a0 -\u00a0 \u00a0Sihteeri: Juha Katajam\u00e4ki &nbsp; HEIN\u00c4KUULUKU- JA KIRJOITUSTAIDON KUUKAUSI Ei kokouksia, kes\u00e4loma ELOKUUJ\u00c4SENIST\u00d6N JA LAAJENNUSTY\u00d6N KUUKAUSI \u00a04.8. Saunakokous - klubineuvottelu. Kauden teema ja ohjelman suunnittelua11.8. Komiteoiden esittely. Aleksi Heinonen muisteli vaihtovuottaan Brasiliassa.18.8. Kes\u00e4vaihtarimme Annika H\u00f6ls\u00f6m\u00e4ki kertoi Amerikan kokemuksistaan.25.8. Kansanedustaja Petri Salon esitelm\u00e4 eduskuntaty\u00f6st\u00e4SYYSKUUUUSIEN SUKUPOLVIEN KUUKAUSI 1.9. [&hellip;]\" \/>\n<meta property=\"og:url\" content=\"https:\/\/rotary.fi\/kauhavarc\/kauden-2011-2012-ohjelma\/\" \/>\n<meta property=\"og:site_name\" content=\"Kauhavan Rotaryklubi ry\" \/>\n<meta property=\"article:modified_time\" content=\"2022-01-29T11:47:09+00:00\" \/>\n<meta name=\"twitter:card\" content=\"summary_large_image\" \/>\n<meta name=\"twitter:label1\" content=\"Arvioitu lukuaika\" \/>\n\t<meta name=\"twitter:data1\" content=\"2 minuuttia\" \/>\n<script type=\"application\/ld+json\" class=\"yoast-schema-graph\">{\"@context\":\"https:\\\/\\\/schema.org\",\"@graph\":[{\"@type\":\"WebPage\",\"@id\":\"https:\\\/\\\/rotary.fi\\\/kauhavarc\\\/kauden-2011-2012-ohjelma\\\/\",\"url\":\"https:\\\/\\\/rotary.fi\\\/kauhavarc\\\/kauden-2011-2012-ohjelma\\\/\",\"name\":\"Automaattinen luonnos - Kauhavan Rotaryklubi ry\",\"isPartOf\":{\"@id\":\"https:\\\/\\\/rotary.fi\\\/kauhavarc\\\/#website\"},\"datePublished\":\"2022-01-28T16:28:14+00:00\",\"dateModified\":\"2022-01-29T11:47:09+00:00\",\"breadcrumb\":{\"@id\":\"https:\\\/\\\/rotary.fi\\\/kauhavarc\\\/kauden-2011-2012-ohjelma\\\/#breadcrumb\"},\"inLanguage\":\"fi\",\"potentialAction\":[{\"@type\":\"ReadAction\",\"target\":[\"https:\\\/\\\/rotary.fi\\\/kauhavarc\\\/kauden-2011-2012-ohjelma\\\/\"]}]},{\"@type\":\"BreadcrumbList\",\"@id\":\"https:\\\/\\\/rotary.fi\\\/kauhavarc\\\/kauden-2011-2012-ohjelma\\\/#breadcrumb\",\"itemListElement\":[{\"@type\":\"ListItem\",\"position\":1,\"name\":\"Home\",\"item\":\"https:\\\/\\\/rotary.fi\\\/kauhavarc\\\/\"},{\"@type\":\"ListItem\",\"position\":2,\"name\":\"Automaattinen luonnos\"}]},{\"@type\":\"WebSite\",\"@id\":\"https:\\\/\\\/rotary.fi\\\/kauhavarc\\\/#website\",\"url\":\"https:\\\/\\\/rotary.fi\\\/kauhavarc\\\/\",\"name\":\"Kauhavan Rotaryklubi ry\",\"description\":\"Uusi Rotary klubisivusto\",\"potentialAction\":[{\"@type\":\"SearchAction\",\"target\":{\"@type\":\"EntryPoint\",\"urlTemplate\":\"https:\\\/\\\/rotary.fi\\\/kauhavarc\\\/?s={search_term_string}\"},\"query-input\":{\"@type\":\"PropertyValueSpecification\",\"valueRequired\":true,\"valueName\":\"search_term_string\"}}],\"inLanguage\":\"fi\"}]}<\/script>\n<!-- \/ Yoast SEO plugin. -->","yoast_head_json":{"title":"Automaattinen luonnos - Kauhavan Rotaryklubi ry","robots":{"index":"index","follow":"follow","max-snippet":"max-snippet:-1","max-image-preview":"max-image-preview:large","max-video-preview":"max-video-preview:-1"},"canonical":"https:\/\/rotary.fi\/kauhavarc\/kauden-2011-2012-ohjelma\/","og_locale":"fi_FI","og_type":"article","og_title":"Automaattinen luonnos - Kauhavan Rotaryklubi ry","og_description":"Kauhavan Rotaryklubin kauden 2011 - 2012 vuosiohjemaPresidentti:\u00a0 Kari Ikola\u00a0 -\u00a0 \u00a0Sihteeri: Juha Katajam\u00e4ki &nbsp; HEIN\u00c4KUULUKU- JA KIRJOITUSTAIDON KUUKAUSI Ei kokouksia, kes\u00e4loma ELOKUUJ\u00c4SENIST\u00d6N JA LAAJENNUSTY\u00d6N KUUKAUSI \u00a04.8. Saunakokous - klubineuvottelu. Kauden teema ja ohjelman suunnittelua11.8. Komiteoiden esittely. Aleksi Heinonen muisteli vaihtovuottaan Brasiliassa.18.8. Kes\u00e4vaihtarimme Annika H\u00f6ls\u00f6m\u00e4ki kertoi Amerikan kokemuksistaan.25.8. Kansanedustaja Petri Salon esitelm\u00e4 eduskuntaty\u00f6st\u00e4SYYSKUUUUSIEN SUKUPOLVIEN KUUKAUSI 1.9. [&hellip;]","og_url":"https:\/\/rotary.fi\/kauhavarc\/kauden-2011-2012-ohjelma\/","og_site_name":"Kauhavan Rotaryklubi ry","article_modified_time":"2022-01-29T11:47:09+00:00","twitter_card":"summary_large_image","twitter_misc":{"Arvioitu lukuaika":"2 minuuttia"},"schema":{"@context":"https:\/\/schema.org","@graph":[{"@type":"WebPage","@id":"https:\/\/rotary.fi\/kauhavarc\/kauden-2011-2012-ohjelma\/","url":"https:\/\/rotary.fi\/kauhavarc\/kauden-2011-2012-ohjelma\/","name":"Automaattinen luonnos - Kauhavan Rotaryklubi ry","isPartOf":{"@id":"https:\/\/rotary.fi\/kauhavarc\/#website"},"datePublished":"2022-01-28T16:28:14+00:00","dateModified":"2022-01-29T11:47:09+00:00","breadcrumb":{"@id":"https:\/\/rotary.fi\/kauhavarc\/kauden-2011-2012-ohjelma\/#breadcrumb"},"inLanguage":"fi","potentialAction":[{"@type":"ReadAction","target":["https:\/\/rotary.fi\/kauhavarc\/kauden-2011-2012-ohjelma\/"]}]},{"@type":"BreadcrumbList","@id":"https:\/\/rotary.fi\/kauhavarc\/kauden-2011-2012-ohjelma\/#breadcrumb","itemListElement":[{"@type":"ListItem","position":1,"name":"Home","item":"https:\/\/rotary.fi\/kauhavarc\/"},{"@type":"ListItem","position":2,"name":"Automaattinen luonnos"}]},{"@type":"WebSite","@id":"https:\/\/rotary.fi\/kauhavarc\/#website","url":"https:\/\/rotary.fi\/kauhavarc\/","name":"Kauhavan Rotaryklubi ry","description":"Uusi Rotary klubisivusto","potentialAction":[{"@type":"SearchAction","target":{"@type":"EntryPoint","urlTemplate":"https:\/\/rotary.fi\/kauhavarc\/?s={search_term_string}"},"query-input":{"@type":"PropertyValueSpecification","valueRequired":true,"valueName":"search_term_string"}}],"inLanguage":"fi"}]}},"lang":"fi","translations":{"fi":4116},"pll_sync_post":[],"_links":{"self":[{"href":"https:\/\/rotary.fi\/kauhavarc\/wp-json\/wp\/v2\/pages\/4116","targetHints":{"allow":["GET"]}}],"collection":[{"href":"https:\/\/rotary.fi\/kauhavarc\/wp-json\/wp\/v2\/pages"}],"about":[{"href":"https:\/\/rotary.fi\/kauhavarc\/wp-json\/wp\/v2\/types\/page"}],"author":[{"embeddable":true,"href":"https:\/\/rotary.fi\/kauhavarc\/wp-json\/wp\/v2\/users\/16"}],"replies":[{"embeddable":true,"href":"https:\/\/rotary.fi\/kauhavarc\/wp-json\/wp\/v2\/comments?post=4116"}],"version-history":[{"count":5,"href":"https:\/\/rotary.fi\/kauhavarc\/wp-json\/wp\/v2\/pages\/4116\/revisions"}],"predecessor-version":[{"id":4124,"href":"https:\/\/rotary.fi\/kauhavarc\/wp-json\/wp\/v2\/pages\/4116\/revisions\/4124"}],"wp:attachment":[{"href":"https:\/\/rotary.fi\/kauhavarc\/wp-json\/wp\/v2\/media?parent=4116"}],"curies":[{"name":"wp","href":"https:\/\/api.w.org\/{rel}","templated":true}]}}