{"id":3412,"date":"2020-08-13T22:17:20","date_gmt":"2020-08-13T19:17:20","guid":{"rendered":"https:\/\/rotary.fi\/kauhavarc\/?page_id=3412"},"modified":"2022-01-29T13:54:56","modified_gmt":"2022-01-29T11:54:56","slug":"vuosikalenteri-2010-11","status":"publish","type":"page","link":"https:\/\/rotary.fi\/kauhavarc\/vuosikalenteri-2010-11\/","title":{"rendered":"Vuosikalenteri 2010-2011"},"content":{"rendered":"<p>[et_pb_section fb_built=&#8221;1&#8243; _builder_version=&#8221;3.22&#8243; global_colors_info=&#8221;{}&#8221;][et_pb_row _builder_version=&#8221;3.25&#8243; background_size=&#8221;initial&#8221; background_position=&#8221;top_left&#8221; background_repeat=&#8221;repeat&#8221; global_colors_info=&#8221;{}&#8221;][et_pb_column type=&#8221;4_4&#8243; _builder_version=&#8221;3.25&#8243; custom_padding=&#8221;|||&#8221; global_colors_info=&#8221;{}&#8221; custom_padding__hover=&#8221;|||&#8221;][et_pb_text _builder_version=&#8221;4.4.8&#8243; global_colors_info=&#8221;{}&#8221;]<\/p>\n<h3 style=\"text-align: center\">Kauhavan Rotaryklubin vuosikalenteri 2010-11<\/h3>\n<p>[\/et_pb_text][et_pb_text admin_label=&#8221;Teksti&#8221; _builder_version=&#8221;4.14.6&#8243; background_size=&#8221;initial&#8221; background_position=&#8221;top_left&#8221; background_repeat=&#8221;repeat&#8221; global_colors_info=&#8221;{}&#8221;]<\/p>\n<p style=\"text-align: center\"><strong><br \/>Presidentti: Toni Uusim\u00e4ki\u00a0 &#8211;\u00a0 Sihteeri: Esa Olli<\/strong><\/p>\n<p style=\"text-align: center\"><strong><\/strong><\/p>\n<p style=\"text-align: center\"><strong><\/strong><\/p>\n<p><strong><br \/>HEIN\u00c4KUU<\/strong><br \/>LUKU- JA KIRJOITUSTAIDON KUUKAUSI<\/p>\n<p>Ei kokouksia, Kes\u00e4loma<\/p>\n<p><strong>ELOKUU<\/strong><br \/>J\u00c4SENIST\u00d6N JA LAAJENNUSTY\u00d6N KUUKAUSI<\/p>\n<p>\u00a05.8. Saunakokous, klubineuvottelu ja kauden suunnittelu<br \/>12.8. Kauden ohjelman esittely, presidentti Toni Uusim\u00e4ki <br \/>19.8. Leo Latikan esitelm\u00e4 maratoniin valmistautumisesta<br \/>26.8. AG Matti V\u00e4h\u00e4passin esitelm\u00e4 uuden rotaryklubin perustamisen vaatimuksista<\/p>\n<p><strong>SYYSKUU<\/strong><br \/>UUSIEN SUKUPOLVIEN KUUKAUSI<\/p>\n<p>\u00a02.9. Vaihtarimme Saga Karlssonin esitelm\u00e4 vaihtovuodesta Brasiliassa<br \/>\u00a09.9. Carl Gustav Karlingin esitelm\u00e4 Cinema 2010 tapahtuman annista<br \/>16.9. Piirikuvern\u00f6\u00f6ri Esko Haaparannan vierailu<br \/>23.9. Yritt\u00e4jyyslukiolaisten vierailu klubissa<br \/>30.9. Vierailu H\u00e4jyylyperinteen Keskuksessa Alah\u00e4rm\u00e4ss\u00e4, Matti Kuoppala<\/p>\n<p>&nbsp;<\/p>\n<p><strong>LOKAKUU<\/strong><br \/>AMMATTIPALVELUN KUUKAUSI<\/p>\n<p>\u00a07.10. Saunakokous, klubineuvottelu<br \/>14.10. Vaihto-oppilaamme Seika Haramakin esitelm\u00e4<br \/>21.10. Seppo Takamaan esitelm\u00e4 omakustannekirjan tekemisest\u00e4<br \/>28.10.\u00a0Klubin s\u00e4\u00e4nt\u00f6m\u00e4\u00e4r\u00e4inen vuosikokous<\/p>\n<p><strong><br \/>MARRASKUU<\/strong><br \/>ROTARYS\u00c4\u00c4TI\u00d6N KUUKAUSI<\/p>\n<p>\u00a04.11. Saunakokous, klubineuvottelu<br \/>11.11. Esitelm\u00e4: Turvallisussalan IT-j\u00e4rjestelm\u00e4 &#8211; Seppo Salo, Sofor Oy<br \/>18.11. AG Matti V\u00e4h\u00e4passin esitelm\u00e4 Rotarys\u00e4\u00e4ti\u00f6toiminnasta<br \/>25.11. Yritysvierailu MSK Group, Ylih\u00e4rm\u00e4<\/p>\n<p><strong>JOULUKUU<\/strong><br \/>ROTARYPERHEEN KUUKAUSI<\/p>\n<p>\u00a02.12. Saunakokous, klubineuvottelu. Vaalikokous<br \/>\u00a08.12. Uudistetun Y-Kinon avajaiset<br \/>\u00a09.12. Tutustuminen kauhavalaisiin kuvantekij\u00f6ihin. Kauhavan Taidetalo<br \/>16.12. Perheilta, katsomme elokuvan \u201dPrinsessa\u201d Y-Kinossa<br \/>23.12. Aatonaatto \u2013 ei kokousta<br \/>30.12. Joululoma \u2013 ei kokousta<\/p>\n<p><strong>TAMMIKUU<\/strong><br \/>ROTARYTIETOUDEN KUUKAUSI<\/p>\n<p>\u00a06.1. Loppiainen \u2013 ei kokousta<br \/>13.1. Saunakokous, klubineuvottelu &#8211; H\u00e4rm\u00e4n Kuntokeskuksella<br \/>20.1. Olli Niemisen esitelm\u00e4 Kauhavan lukion ilmailulinjasta<br \/>27.1. Klubineuvottelu. Y-Kino jne.<\/p>\n<p><strong>HELMIKUU<\/strong><br \/>MAAILMAN YHTEISYMM\u00c4RRYKSEN KUUKAUSI<\/p>\n<p>\u00a03.2. Anu-Liisa Martikaisen esitelm\u00e4 pyhiinvaellusmatkasta Santiago De Compostellaan.<br \/>10.2. Hankevet\u00e4j\u00e4 Nina Alkavan esitelm\u00e4 Frami Oy:n (ent. Sein\u00e4joen teknologiakeskus) toiminnasta ja erikoisesti yhteisty\u00f6st\u00e4 Kauhavan kanssa.<br \/>17.2. Rotarit keilaradalla &#8211; Downtown Bowling, Lapua<br \/>19.2. Kauhava-H\u00e4rm\u00e4t RK:n perustamis- eli charterkokous H\u00e4rm\u00e4n Kuntokeskuksella<br \/>24.2. Kalligrafia japanilaisen kulttuurin ilment\u00e4j\u00e4n\u00e4, vaihto-oppilas Keika Harada<\/p>\n<p>&nbsp;<\/p>\n<p><strong>MAALISKUU<\/strong><br \/>LUKU- JA KIRJOITUSTAIDON KUUKAUSI<\/p>\n<p>\u00a03.3. Saunakokous, klubineuvottelu.<br \/>10.3. Rotarykarting \u2013 Power Park<br \/>17.3. Juhana Lehtiniemen esitelm\u00e4 elokuvamusiikista ja sen teosta<br \/>24.3. \u00a0Karoliina Kalliokoski ja Hanna Lahti esitteliv\u00e4t alueemme nelj\u00e4n yritt\u00e4jyyslukion yhteist\u00e4 hanketta, 30.4. Kauhavan koulukeskuksessa pidett\u00e4vi\u00e4, p\u00e4\u00e4s\u00e4\u00e4nt\u00f6isesti vapaa-aikaan ja hyvinvointiin keskittyvi\u00e4 Hyppy-messuja.<br \/>31.3. Anmari Viljamaan esitelm\u00e4 Yritt\u00e4jyyspedagogiikasta Pk-yritt\u00e4jyyden koulutusohjelmassa. Lis\u00e4ksi vaihtarimme Anniina Hyytinen kertoi tuoreita kuulumisia ja kokemuksia Japanista.<\/p>\n<p>&nbsp;<\/p>\n<p><strong>HUHTIKUU<\/strong><br \/>ROTARYLEHTIEN KUUKAUSI<\/p>\n<p>\u00a07.4. Saunakokous, Jaakko Per\u00e4l\u00e4n matkakertomus Dubaista<br \/>14.4. Valmisruokateollisuuden trendej\u00e4 \u2013 \u00c5sa Alanko, Domretor Oy<br \/>21.4. Kiirastorstai \u2013 ei kokousta<br \/>28.4.\u00a0Esitelm\u00e4: Sanomalehti media-alan murroksessa &#8211; Matti Kalliokoski, Ilkka Oy<\/p>\n<p><strong>\u00a0<\/strong><\/p>\n<p><strong>TOUKOKUU<\/strong><\/p>\n<p>\u00a0\u00a05.5. Saunakokous, klubineuvottelu <br \/>12.5. Tutustuminen lentokonesimulaattoriin Lentosotakoululla<br \/>19.5. Suunnistusilta Round Tablen kanssa<br \/>26.5. Esitelm\u00e4: vaihto-oppilaan vuosiesitelm\u00e4,\u00a0Seika Haram\u00e4ki<\/p>\n<p><strong><br \/>KES\u00c4KUU<\/strong><br \/>ROTARYN HARRASTUS- JA AMMATTIRYHMIEN\u00a0KUUKAUSI<\/p>\n<p>\u00a02.6. Helatorstai \u2013 ei kokousta<br \/>\u00a09.6. Seppo Takamaan esitelm\u00e4 palveluksestaan Finbatin komentajana Golanilla<br \/>17.6. Nuijanvaihtajaiset<\/p>\n<p>[\/et_pb_text][et_pb_button button_url=&#8221;https:\/\/rotary.fi\/kauhavarc\/menneiden-kausien-klubiohjelmia\/&#8221; button_text=&#8221;Takaisin&#8221; button_alignment=&#8221;center&#8221; admin_label=&#8221;Takaisin&#8221; _builder_version=&#8221;4.4.1&#8243; global_colors_info=&#8221;{}&#8221;][\/et_pb_button][\/et_pb_column][\/et_pb_row][\/et_pb_section]<\/p>\n","protected":false},"excerpt":{"rendered":"<p>Kauhavan Rotaryklubin vuosikalenteri 2010-11Presidentti: Toni Uusim\u00e4ki\u00a0 &#8211;\u00a0 Sihteeri: Esa Olli HEIN\u00c4KUULUKU- JA KIRJOITUSTAIDON KUUKAUSI Ei kokouksia, Kes\u00e4loma ELOKUUJ\u00c4SENIST\u00d6N JA LAAJENNUSTY\u00d6N KUUKAUSI \u00a05.8. Saunakokous, klubineuvottelu ja kauden suunnittelu12.8. Kauden ohjelman esittely, presidentti Toni Uusim\u00e4ki 19.8. Leo Latikan esitelm\u00e4 maratoniin valmistautumisesta26.8. AG Matti V\u00e4h\u00e4passin esitelm\u00e4 uuden rotaryklubin perustamisen vaatimuksista SYYSKUUUUSIEN SUKUPOLVIEN KUUKAUSI \u00a02.9. Vaihtarimme Saga Karlssonin esitelm\u00e4 [&hellip;]<\/p>\n","protected":false},"author":16,"featured_media":0,"parent":0,"menu_order":0,"comment_status":"closed","ping_status":"closed","template":"","meta":{"_acf_changed":false,"_et_pb_use_builder":"on","_et_pb_old_content":"","_et_gb_content_width":"","footnotes":""},"class_list":["post-3412","page","type-page","status-publish","hentry"],"acf":[],"yoast_head":"<!-- This site is optimized with the Yoast SEO plugin v27.4 - https:\/\/yoast.com\/product\/yoast-seo-wordpress\/ -->\n<title>Vuosikalenteri 2010-2011 - Kauhavan Rotaryklubi ry<\/title>\n<meta name=\"robots\" content=\"index, follow, max-snippet:-1, max-image-preview:large, max-video-preview:-1\" \/>\n<link rel=\"canonical\" href=\"https:\/\/rotary.fi\/kauhavarc\/vuosikalenteri-2010-11\/\" \/>\n<meta property=\"og:locale\" content=\"fi_FI\" \/>\n<meta property=\"og:type\" content=\"article\" \/>\n<meta property=\"og:title\" content=\"Vuosikalenteri 2010-2011 - Kauhavan Rotaryklubi ry\" \/>\n<meta property=\"og:description\" content=\"Kauhavan Rotaryklubin vuosikalenteri 2010-11Presidentti: Toni Uusim\u00e4ki\u00a0 -\u00a0 Sihteeri: Esa Olli HEIN\u00c4KUULUKU- JA KIRJOITUSTAIDON KUUKAUSI Ei kokouksia, Kes\u00e4loma ELOKUUJ\u00c4SENIST\u00d6N JA LAAJENNUSTY\u00d6N KUUKAUSI \u00a05.8. Saunakokous, klubineuvottelu ja kauden suunnittelu12.8. Kauden ohjelman esittely, presidentti Toni Uusim\u00e4ki 19.8. Leo Latikan esitelm\u00e4 maratoniin valmistautumisesta26.8. AG Matti V\u00e4h\u00e4passin esitelm\u00e4 uuden rotaryklubin perustamisen vaatimuksista SYYSKUUUUSIEN SUKUPOLVIEN KUUKAUSI \u00a02.9. Vaihtarimme Saga Karlssonin esitelm\u00e4 [&hellip;]\" \/>\n<meta property=\"og:url\" content=\"https:\/\/rotary.fi\/kauhavarc\/vuosikalenteri-2010-11\/\" \/>\n<meta property=\"og:site_name\" content=\"Kauhavan Rotaryklubi ry\" \/>\n<meta property=\"article:modified_time\" content=\"2022-01-29T11:54:56+00:00\" \/>\n<meta name=\"twitter:card\" content=\"summary_large_image\" \/>\n<meta name=\"twitter:label1\" content=\"Arvioitu lukuaika\" \/>\n\t<meta name=\"twitter:data1\" content=\"2 minuuttia\" \/>\n<script type=\"application\/ld+json\" class=\"yoast-schema-graph\">{\"@context\":\"https:\\\/\\\/schema.org\",\"@graph\":[{\"@type\":\"WebPage\",\"@id\":\"https:\\\/\\\/rotary.fi\\\/kauhavarc\\\/vuosikalenteri-2010-11\\\/\",\"url\":\"https:\\\/\\\/rotary.fi\\\/kauhavarc\\\/vuosikalenteri-2010-11\\\/\",\"name\":\"Vuosikalenteri 2010-2011 - Kauhavan Rotaryklubi ry\",\"isPartOf\":{\"@id\":\"https:\\\/\\\/rotary.fi\\\/kauhavarc\\\/#website\"},\"datePublished\":\"2020-08-13T19:17:20+00:00\",\"dateModified\":\"2022-01-29T11:54:56+00:00\",\"breadcrumb\":{\"@id\":\"https:\\\/\\\/rotary.fi\\\/kauhavarc\\\/vuosikalenteri-2010-11\\\/#breadcrumb\"},\"inLanguage\":\"fi\",\"potentialAction\":[{\"@type\":\"ReadAction\",\"target\":[\"https:\\\/\\\/rotary.fi\\\/kauhavarc\\\/vuosikalenteri-2010-11\\\/\"]}]},{\"@type\":\"BreadcrumbList\",\"@id\":\"https:\\\/\\\/rotary.fi\\\/kauhavarc\\\/vuosikalenteri-2010-11\\\/#breadcrumb\",\"itemListElement\":[{\"@type\":\"ListItem\",\"position\":1,\"name\":\"Home\",\"item\":\"https:\\\/\\\/rotary.fi\\\/kauhavarc\\\/\"},{\"@type\":\"ListItem\",\"position\":2,\"name\":\"Vuosikalenteri 2010-2011\"}]},{\"@type\":\"WebSite\",\"@id\":\"https:\\\/\\\/rotary.fi\\\/kauhavarc\\\/#website\",\"url\":\"https:\\\/\\\/rotary.fi\\\/kauhavarc\\\/\",\"name\":\"Kauhavan Rotaryklubi ry\",\"description\":\"Uusi Rotary klubisivusto\",\"potentialAction\":[{\"@type\":\"SearchAction\",\"target\":{\"@type\":\"EntryPoint\",\"urlTemplate\":\"https:\\\/\\\/rotary.fi\\\/kauhavarc\\\/?s={search_term_string}\"},\"query-input\":{\"@type\":\"PropertyValueSpecification\",\"valueRequired\":true,\"valueName\":\"search_term_string\"}}],\"inLanguage\":\"fi\"}]}<\/script>\n<!-- \/ Yoast SEO plugin. -->","yoast_head_json":{"title":"Vuosikalenteri 2010-2011 - Kauhavan Rotaryklubi ry","robots":{"index":"index","follow":"follow","max-snippet":"max-snippet:-1","max-image-preview":"max-image-preview:large","max-video-preview":"max-video-preview:-1"},"canonical":"https:\/\/rotary.fi\/kauhavarc\/vuosikalenteri-2010-11\/","og_locale":"fi_FI","og_type":"article","og_title":"Vuosikalenteri 2010-2011 - Kauhavan Rotaryklubi ry","og_description":"Kauhavan Rotaryklubin vuosikalenteri 2010-11Presidentti: Toni Uusim\u00e4ki\u00a0 -\u00a0 Sihteeri: Esa Olli HEIN\u00c4KUULUKU- JA KIRJOITUSTAIDON KUUKAUSI Ei kokouksia, Kes\u00e4loma ELOKUUJ\u00c4SENIST\u00d6N JA LAAJENNUSTY\u00d6N KUUKAUSI \u00a05.8. Saunakokous, klubineuvottelu ja kauden suunnittelu12.8. Kauden ohjelman esittely, presidentti Toni Uusim\u00e4ki 19.8. Leo Latikan esitelm\u00e4 maratoniin valmistautumisesta26.8. AG Matti V\u00e4h\u00e4passin esitelm\u00e4 uuden rotaryklubin perustamisen vaatimuksista SYYSKUUUUSIEN SUKUPOLVIEN KUUKAUSI \u00a02.9. Vaihtarimme Saga Karlssonin esitelm\u00e4 [&hellip;]","og_url":"https:\/\/rotary.fi\/kauhavarc\/vuosikalenteri-2010-11\/","og_site_name":"Kauhavan Rotaryklubi ry","article_modified_time":"2022-01-29T11:54:56+00:00","twitter_card":"summary_large_image","twitter_misc":{"Arvioitu lukuaika":"2 minuuttia"},"schema":{"@context":"https:\/\/schema.org","@graph":[{"@type":"WebPage","@id":"https:\/\/rotary.fi\/kauhavarc\/vuosikalenteri-2010-11\/","url":"https:\/\/rotary.fi\/kauhavarc\/vuosikalenteri-2010-11\/","name":"Vuosikalenteri 2010-2011 - Kauhavan Rotaryklubi ry","isPartOf":{"@id":"https:\/\/rotary.fi\/kauhavarc\/#website"},"datePublished":"2020-08-13T19:17:20+00:00","dateModified":"2022-01-29T11:54:56+00:00","breadcrumb":{"@id":"https:\/\/rotary.fi\/kauhavarc\/vuosikalenteri-2010-11\/#breadcrumb"},"inLanguage":"fi","potentialAction":[{"@type":"ReadAction","target":["https:\/\/rotary.fi\/kauhavarc\/vuosikalenteri-2010-11\/"]}]},{"@type":"BreadcrumbList","@id":"https:\/\/rotary.fi\/kauhavarc\/vuosikalenteri-2010-11\/#breadcrumb","itemListElement":[{"@type":"ListItem","position":1,"name":"Home","item":"https:\/\/rotary.fi\/kauhavarc\/"},{"@type":"ListItem","position":2,"name":"Vuosikalenteri 2010-2011"}]},{"@type":"WebSite","@id":"https:\/\/rotary.fi\/kauhavarc\/#website","url":"https:\/\/rotary.fi\/kauhavarc\/","name":"Kauhavan Rotaryklubi ry","description":"Uusi Rotary klubisivusto","potentialAction":[{"@type":"SearchAction","target":{"@type":"EntryPoint","urlTemplate":"https:\/\/rotary.fi\/kauhavarc\/?s={search_term_string}"},"query-input":{"@type":"PropertyValueSpecification","valueRequired":true,"valueName":"search_term_string"}}],"inLanguage":"fi"}]}},"lang":"fi","translations":{"fi":3412},"pll_sync_post":[],"_links":{"self":[{"href":"https:\/\/rotary.fi\/kauhavarc\/wp-json\/wp\/v2\/pages\/3412","targetHints":{"allow":["GET"]}}],"collection":[{"href":"https:\/\/rotary.fi\/kauhavarc\/wp-json\/wp\/v2\/pages"}],"about":[{"href":"https:\/\/rotary.fi\/kauhavarc\/wp-json\/wp\/v2\/types\/page"}],"author":[{"embeddable":true,"href":"https:\/\/rotary.fi\/kauhavarc\/wp-json\/wp\/v2\/users\/16"}],"replies":[{"embeddable":true,"href":"https:\/\/rotary.fi\/kauhavarc\/wp-json\/wp\/v2\/comments?post=3412"}],"version-history":[{"count":8,"href":"https:\/\/rotary.fi\/kauhavarc\/wp-json\/wp\/v2\/pages\/3412\/revisions"}],"predecessor-version":[{"id":4128,"href":"https:\/\/rotary.fi\/kauhavarc\/wp-json\/wp\/v2\/pages\/3412\/revisions\/4128"}],"wp:attachment":[{"href":"https:\/\/rotary.fi\/kauhavarc\/wp-json\/wp\/v2\/media?parent=3412"}],"curies":[{"name":"wp","href":"https:\/\/api.w.org\/{rel}","templated":true}]}}