{"id":2736,"date":"2020-06-02T18:00:30","date_gmt":"2020-06-02T15:00:30","guid":{"rendered":"https:\/\/rotary.fi\/kauhavarc\/?page_id=2736"},"modified":"2020-06-13T13:27:33","modified_gmt":"2020-06-13T10:27:33","slug":"kauden-1995-96-ohjelma","status":"publish","type":"page","link":"https:\/\/rotary.fi\/kauhavarc\/kauden-1995-96-ohjelma\/","title":{"rendered":"Kauhavan Rotaryklubin vuosiohjelma 1995 &#8211; 1996"},"content":{"rendered":"<p>[et_pb_section fb_built=&#8221;1&#8243; _builder_version=&#8221;4.4.1&#8243;][et_pb_row _builder_version=&#8221;4.4.1&#8243;][et_pb_column type=&#8221;4_4&#8243; _builder_version=&#8221;4.4.1&#8243;][et_pb_text _builder_version=&#8221;4.4.8&#8243; hover_enabled=&#8221;0&#8243; admin_label=&#8221;Teksti&#8221;]<\/p>\n<h3 style=\"text-align: center\">Kauhavan Rotaryklubin vuosikalenteri 1995 &#8211; 96<\/h3>\n<p>[\/et_pb_text][et_pb_text _builder_version=&#8221;4.4.8&#8243; custom_padding=&#8221;|||24px||&#8221; hover_enabled=&#8221;0&#8243;]<\/p>\n<p style=\"text-align: center\"><strong>Presidentti:\u00a0 Pertti Laitila\u00a0 &#8211;\u00a0 Sihteeri: Carl-Gustav Karling<\/strong><\/p>\n<p>&nbsp;<\/p>\n<p><strong>Syyskausi 1995<\/strong><\/p>\n<p><strong style=\"font-size: 16px\"><br \/>Syyskuu \u00a0\u2013 \u00a0Nuorisotoimintojen kuukausi<\/strong><\/p>\n<p>7.9\u00a0\u00a0\u00a0\u00a0\u00a0\u00a0\u00a0\u00a0\u00a0\u00a0\u00a0\u00a0\u00a0\u00a0\u00a0\u00a0\u00a0\u00a0\u00a0\u00a0\u00a0\u00a0 Saunakokous, ohjelman esittely \u2013 presidentti ja sihteeri<\/p>\n<p>14.9\u00a0\u00a0\u00a0\u00a0\u00a0\u00a0\u00a0\u00a0\u00a0\u00a0\u00a0\u00a0\u00a0\u00a0\u00a0\u00a0\u00a0\u00a0\u00a0\u00a0 Vuosikokous \u2013 H\u00e4rm\u00e4n kuntokeskus<\/p>\n<p>21.7\u00a0\u00a0\u00a0\u00a0\u00a0\u00a0\u00a0\u00a0\u00a0\u00a0\u00a0\u00a0\u00a0\u00a0\u00a0\u00a0\u00a0\u00a0\u00a0\u00a0 Vaihto-oppilaan vuosi \u2013 Jussi Jouppi<\/p>\n<p>28.9\u00a0\u00a0\u00a0\u00a0\u00a0\u00a0\u00a0\u00a0\u00a0\u00a0\u00a0\u00a0\u00a0\u00a0\u00a0\u00a0\u00a0\u00a0\u00a0\u00a0 Luokite-esitelm\u00e4 \u2013 Juhani V\u00e4h\u00e4s\u00f6yrinki<\/p>\n<p><strong><br \/>Lokakuu \u2013 Ammattipalvelun kuukausi<\/strong><\/p>\n<p>5.10\u00a0\u00a0\u00a0\u00a0\u00a0\u00a0\u00a0\u00a0\u00a0\u00a0\u00a0\u00a0\u00a0\u00a0\u00a0\u00a0\u00a0\u00a0\u00a0\u00a0 Vaihto-oppilaan vuosi \u2013 Miisa Pohto<\/p>\n<p>12.10\u00a0\u00a0\u00a0\u00a0\u00a0\u00a0\u00a0\u00a0\u00a0\u00a0\u00a0\u00a0\u00a0\u00a0\u00a0\u00a0\u00a0 Governorin vierailu<\/p>\n<p>19.10\u00a0\u00a0\u00a0\u00a0\u00a0\u00a0\u00a0\u00a0\u00a0\u00a0\u00a0\u00a0\u00a0\u00a0\u00a0\u00a0\u00a0 Ammattipalvelukomitea<\/p>\n<p>26.10\u00a0\u00a0\u00a0\u00a0\u00a0\u00a0\u00a0\u00a0\u00a0\u00a0\u00a0\u00a0\u00a0\u00a0\u00a0\u00a0\u00a0 Rotarynaisten ohjelmaa<\/p>\n<p>&nbsp;<\/p>\n<p><strong>Marraskuu\u00a0 &#8211;\u00a0 Rotarys\u00e4\u00e4ti\u00f6n kuukausi<\/strong><\/p>\n<p>2.11\u00a0\u00a0\u00a0\u00a0\u00a0\u00a0\u00a0\u00a0\u00a0\u00a0\u00a0\u00a0\u00a0\u00a0\u00a0\u00a0\u00a0\u00a0\u00a0\u00a0 Saunakokous, 3 minuuttia Rotarya<\/p>\n<p>10.11\u00a0\u00a0\u00a0\u00a0\u00a0\u00a0\u00a0\u00a0\u00a0\u00a0\u00a0\u00a0\u00a0\u00a0\u00a0\u00a0\u00a0 Luokite-esitelm\u00e4 \u2013 Matti Jouppi<\/p>\n<p>16.11\u00a0\u00a0\u00a0\u00a0\u00a0\u00a0\u00a0\u00a0\u00a0\u00a0\u00a0\u00a0\u00a0\u00a0\u00a0\u00a0\u00a0 Ajankohtaista \u2013 Jaakko Alahuhtala<\/p>\n<p>23.11\u00a0\u00a0\u00a0\u00a0\u00a0\u00a0\u00a0\u00a0\u00a0\u00a0\u00a0\u00a0\u00a0\u00a0\u00a0\u00a0\u00a0 Esitelm\u00e4 \u2013 Erkki Koivula<\/p>\n<p><strong>Joulukuu<\/strong><\/p>\n<p>7.12\u00a0\u00a0\u00a0\u00a0\u00a0\u00a0\u00a0\u00a0\u00a0\u00a0\u00a0\u00a0\u00a0\u00a0\u00a0\u00a0\u00a0\u00a0\u00a0\u00a0 Saunakokous, 3 minuuttia Rotarya \u2013 Juhani<\/p>\n<p>14.12\u00a0\u00a0\u00a0\u00a0\u00a0\u00a0\u00a0\u00a0\u00a0\u00a0\u00a0\u00a0\u00a0\u00a0\u00a0\u00a0\u00a0 Pikkujoulu \u2013 klubipalvelukomitea<\/p>\n<p>21.12\u00a0\u00a0\u00a0\u00a0\u00a0\u00a0\u00a0\u00a0\u00a0\u00a0\u00a0\u00a0\u00a0\u00a0\u00a0\u00a0\u00a0 Vaalikokous \u2013 H\u00e4rm\u00e4n kuntokeskus<\/p>\n<p>30.12\u00a0\u00a0\u00a0\u00a0\u00a0\u00a0\u00a0\u00a0\u00a0\u00a0\u00a0\u00a0\u00a0\u00a0\u00a0\u00a0\u00a0 Kaukalopallo-ottelu \u2013 kuntoliikuntakomitea<\/p>\n<p><strong><br \/>Kev\u00e4tkausi 1996<\/strong><\/p>\n<p>&nbsp;<\/p>\n<p><strong>Tammikuu &#8211; Rotarytietoisuuden kuukausi<\/strong><\/p>\n<p>4.1\u00a0\u00a0\u00a0\u00a0\u00a0\u00a0\u00a0\u00a0\u00a0\u00a0\u00a0\u00a0\u00a0\u00a0\u00a0\u00a0\u00a0\u00a0\u00a0\u00a0\u00a0\u00a0 Saunakokous \u2013 3 minuuttia Rotarya \u2013 Unto Haapam\u00e4ki<\/p>\n<p>11.1\u00a0\u00a0\u00a0\u00a0\u00a0\u00a0\u00a0\u00a0\u00a0\u00a0\u00a0\u00a0\u00a0\u00a0\u00a0\u00a0\u00a0\u00a0\u00a0\u00a0 L\u00e4sn\u00e4olotilastot \u2013 L\u00e4sn\u00e4olokomitea<\/p>\n<p>18.1\u00a0\u00a0\u00a0\u00a0\u00a0\u00a0\u00a0\u00a0\u00a0\u00a0\u00a0\u00a0\u00a0\u00a0\u00a0\u00a0\u00a0\u00a0\u00a0\u00a0 Rotarytietoisuuskomitea<\/p>\n<p>25.1\u00a0\u00a0\u00a0\u00a0\u00a0\u00a0\u00a0\u00a0\u00a0\u00a0\u00a0\u00a0\u00a0\u00a0\u00a0\u00a0\u00a0\u00a0\u00a0\u00a0 Esitelm\u00e4 &#8211; Rotarynaiset<\/p>\n<p><strong style=\"font-size: 16px\"><br \/>Helmikuu \u2013 Maailman yhteisyyden kuukausi<\/strong><\/p>\n<p>1.2\u00a0\u00a0\u00a0\u00a0\u00a0\u00a0\u00a0\u00a0\u00a0\u00a0\u00a0\u00a0\u00a0\u00a0\u00a0\u00a0\u00a0\u00a0\u00a0\u00a0\u00a0\u00a0 Saunakokous &#8211; 3 minuuttia Rotarya \u2013 Seppo Takamaa<\/p>\n<p>8.2\u00a0\u00a0\u00a0\u00a0\u00a0\u00a0\u00a0\u00a0\u00a0\u00a0\u00a0\u00a0\u00a0\u00a0\u00a0\u00a0\u00a0\u00a0\u00a0\u00a0\u00a0\u00a0 Luokite-esitelm\u00e4 \u2013 Erkki Ikola<\/p>\n<p>15.2\u00a0\u00a0\u00a0\u00a0\u00a0\u00a0\u00a0\u00a0\u00a0\u00a0\u00a0\u00a0\u00a0\u00a0\u00a0\u00a0\u00a0\u00a0\u00a0\u00a0 Hiihtoa ja sauna M\u00e4enp\u00e4\u00e4n hiihtomajalla \u2013 klubipalvelukomitea<\/p>\n<p>22.2\u00a0\u00a0\u00a0\u00a0\u00a0\u00a0\u00a0\u00a0\u00a0\u00a0\u00a0\u00a0\u00a0\u00a0\u00a0\u00a0\u00a0\u00a0\u00a0\u00a0 Kansainv\u00e4lisen palvelun komitea<\/p>\n<p>29.2\u00a0\u00a0\u00a0\u00a0\u00a0\u00a0\u00a0\u00a0\u00a0\u00a0\u00a0\u00a0\u00a0\u00a0\u00a0\u00a0\u00a0\u00a0\u00a0\u00a0 Lions esittely<\/p>\n<p>&nbsp;<\/p>\n<p><strong>Maaliskuu<\/strong><\/p>\n<p>7.3\u00a0\u00a0\u00a0\u00a0\u00a0\u00a0\u00a0\u00a0\u00a0\u00a0\u00a0\u00a0\u00a0\u00a0\u00a0\u00a0\u00a0\u00a0\u00a0\u00a0\u00a0\u00a0 Saunakokous \u2013 3 minuuttia Rotarya \u2013 Mikko Ilmonen<\/p>\n<p>14.3\u00a0\u00a0\u00a0\u00a0\u00a0\u00a0\u00a0\u00a0\u00a0\u00a0\u00a0\u00a0\u00a0\u00a0\u00a0\u00a0\u00a0\u00a0\u00a0\u00a0 Esitelm\u00e4 \u2013 Keijo Jehkonen<\/p>\n<p>21.3\u00a0\u00a0\u00a0\u00a0\u00a0\u00a0\u00a0\u00a0\u00a0\u00a0\u00a0\u00a0\u00a0\u00a0\u00a0\u00a0\u00a0\u00a0\u00a0\u00a0 Nuorisovaihto &#8211; NVA Aarno Heinonen<\/p>\n<p>26.3\u00a0\u00a0\u00a0\u00a0\u00a0\u00a0\u00a0\u00a0\u00a0\u00a0\u00a0\u00a0\u00a0\u00a0\u00a0\u00a0\u00a0\u00a0\u00a0\u00a0 Intercitykokous V\u00f6yrill\u00e4<\/p>\n<p>&nbsp;<\/p>\n<p><strong>Huhtikuu \u2013 Rotarylehtien kuukausi<\/strong><\/p>\n<p>4.4\u00a0\u00a0\u00a0\u00a0\u00a0\u00a0\u00a0\u00a0\u00a0\u00a0\u00a0\u00a0\u00a0\u00a0\u00a0\u00a0\u00a0\u00a0\u00a0\u00a0\u00a0\u00a0 Kiirastorstai \u2013 ei kokousta<\/p>\n<p>11.4\u00a0\u00a0\u00a0\u00a0\u00a0\u00a0\u00a0\u00a0\u00a0\u00a0\u00a0\u00a0\u00a0\u00a0\u00a0\u00a0\u00a0\u00a0\u00a0\u00a0 Esitelm\u00e4 \u2013 Veli-Matti Heinijoki<\/p>\n<p>18.4\u00a0\u00a0\u00a0\u00a0\u00a0\u00a0\u00a0\u00a0\u00a0\u00a0\u00a0\u00a0\u00a0\u00a0\u00a0\u00a0\u00a0\u00a0\u00a0\u00a0 Ajankohtaista \u2013 Lasse M\u00e4kinen<\/p>\n<p>25.4\u00a0\u00a0\u00a0\u00a0\u00a0\u00a0\u00a0\u00a0\u00a0\u00a0\u00a0\u00a0\u00a0\u00a0\u00a0\u00a0\u00a0\u00a0\u00a0\u00a0 Ammatinvalintatilaisuus \u2013 ammattipalvelukomitea<\/p>\n<p>&nbsp;<\/p>\n<p><strong>Toukokuu<\/strong><\/p>\n<p>2.5\u00a0\u00a0\u00a0\u00a0\u00a0\u00a0\u00a0\u00a0\u00a0\u00a0\u00a0\u00a0\u00a0\u00a0\u00a0\u00a0\u00a0\u00a0\u00a0\u00a0\u00a0\u00a0 Saunakokous, l\u00e4sn\u00e4olotilasto<\/p>\n<p>9.5\u00a0\u00a0\u00a0\u00a0\u00a0\u00a0\u00a0\u00a0\u00a0\u00a0\u00a0\u00a0\u00a0\u00a0\u00a0\u00a0\u00a0\u00a0\u00a0\u00a0\u00a0\u00a0 Suunnistus ja sauna M\u00e4enp\u00e4\u00e4n hiihtomajalla \u2013 klubipalvelukomitea<\/p>\n<p>16.5\u00a0\u00a0\u00a0\u00a0\u00a0\u00a0\u00a0\u00a0\u00a0\u00a0\u00a0\u00a0\u00a0\u00a0\u00a0\u00a0\u00a0\u00a0\u00a0\u00a0 Helatorstai \u2013 ei kokousta<\/p>\n<p>23.5\u00a0\u00a0\u00a0\u00a0\u00a0\u00a0\u00a0\u00a0\u00a0\u00a0\u00a0\u00a0\u00a0\u00a0\u00a0\u00a0\u00a0\u00a0\u00a0\u00a0 Esitelm\u00e4 \u2013 Reijo Heinonen<\/p>\n<p>30.5\u00a0\u00a0\u00a0\u00a0\u00a0\u00a0\u00a0\u00a0\u00a0\u00a0\u00a0\u00a0\u00a0\u00a0\u00a0\u00a0\u00a0\u00a0\u00a0\u00a0 Py\u00f6r\u00e4ily Lapualle &#8211; klubipalvelukomitea<\/p>\n<p><strong>Kes\u00e4kuu<\/strong><\/p>\n<p>28.6\u00a0\u00a0\u00a0\u00a0\u00a0\u00a0\u00a0\u00a0\u00a0\u00a0\u00a0\u00a0\u00a0\u00a0\u00a0\u00a0\u00a0\u00a0\u00a0\u00a0 Nuijanvaihtajaiset<\/p>\n<p>[\/et_pb_text][et_pb_button button_url=&#8221;https:\/\/rotary.fi\/kauhavarc\/menneiden-kausien-klubiohjelmia\/&#8221; button_text=&#8221;Takaisin&#8221; button_alignment=&#8221;center&#8221; admin_label=&#8221;Takaisin painike&#8221; _builder_version=&#8221;4.4.1&#8243;][\/et_pb_button][\/et_pb_column][\/et_pb_row][\/et_pb_section]<\/p>\n","protected":false},"excerpt":{"rendered":"<p>Kauhavan Rotaryklubin vuosikalenteri 1995 &#8211; 96 Presidentti:\u00a0 Pertti Laitila\u00a0 &#8211;\u00a0 Sihteeri: Carl-Gustav Karling &nbsp; Syyskausi 1995 Syyskuu \u00a0\u2013 \u00a0Nuorisotoimintojen kuukausi 7.9\u00a0\u00a0\u00a0\u00a0\u00a0\u00a0\u00a0\u00a0\u00a0\u00a0\u00a0\u00a0\u00a0\u00a0\u00a0\u00a0\u00a0\u00a0\u00a0\u00a0\u00a0\u00a0 Saunakokous, ohjelman esittely \u2013 presidentti ja sihteeri 14.9\u00a0\u00a0\u00a0\u00a0\u00a0\u00a0\u00a0\u00a0\u00a0\u00a0\u00a0\u00a0\u00a0\u00a0\u00a0\u00a0\u00a0\u00a0\u00a0\u00a0 Vuosikokous \u2013 H\u00e4rm\u00e4n kuntokeskus 21.7\u00a0\u00a0\u00a0\u00a0\u00a0\u00a0\u00a0\u00a0\u00a0\u00a0\u00a0\u00a0\u00a0\u00a0\u00a0\u00a0\u00a0\u00a0\u00a0\u00a0 Vaihto-oppilaan vuosi \u2013 Jussi Jouppi 28.9\u00a0\u00a0\u00a0\u00a0\u00a0\u00a0\u00a0\u00a0\u00a0\u00a0\u00a0\u00a0\u00a0\u00a0\u00a0\u00a0\u00a0\u00a0\u00a0\u00a0 Luokite-esitelm\u00e4 \u2013 Juhani V\u00e4h\u00e4s\u00f6yrinki Lokakuu \u2013 Ammattipalvelun kuukausi 5.10\u00a0\u00a0\u00a0\u00a0\u00a0\u00a0\u00a0\u00a0\u00a0\u00a0\u00a0\u00a0\u00a0\u00a0\u00a0\u00a0\u00a0\u00a0\u00a0\u00a0 Vaihto-oppilaan vuosi \u2013 Miisa Pohto 12.10\u00a0\u00a0\u00a0\u00a0\u00a0\u00a0\u00a0\u00a0\u00a0\u00a0\u00a0\u00a0\u00a0\u00a0\u00a0\u00a0\u00a0 [&hellip;]<\/p>\n","protected":false},"author":16,"featured_media":0,"parent":0,"menu_order":0,"comment_status":"closed","ping_status":"closed","template":"","meta":{"_acf_changed":false,"_et_pb_use_builder":"on","_et_pb_old_content":"","_et_gb_content_width":"","footnotes":""},"class_list":["post-2736","page","type-page","status-publish","hentry"],"acf":[],"yoast_head":"<!-- This site is optimized with the Yoast SEO plugin v27.4 - https:\/\/yoast.com\/product\/yoast-seo-wordpress\/ -->\n<title>Kauhavan Rotaryklubin vuosiohjelma 1995 - 1996 - Kauhavan Rotaryklubi ry<\/title>\n<meta name=\"robots\" content=\"index, follow, max-snippet:-1, max-image-preview:large, max-video-preview:-1\" \/>\n<link rel=\"canonical\" href=\"https:\/\/rotary.fi\/kauhavarc\/kauden-1995-96-ohjelma\/\" \/>\n<meta property=\"og:locale\" content=\"fi_FI\" \/>\n<meta property=\"og:type\" content=\"article\" \/>\n<meta property=\"og:title\" content=\"Kauhavan Rotaryklubin vuosiohjelma 1995 - 1996 - Kauhavan Rotaryklubi ry\" \/>\n<meta property=\"og:description\" content=\"Kauhavan Rotaryklubin vuosikalenteri 1995 - 96 Presidentti:\u00a0 Pertti Laitila\u00a0 -\u00a0 Sihteeri: Carl-Gustav Karling &nbsp; Syyskausi 1995 Syyskuu \u00a0\u2013 \u00a0Nuorisotoimintojen kuukausi 7.9\u00a0\u00a0\u00a0\u00a0\u00a0\u00a0\u00a0\u00a0\u00a0\u00a0\u00a0\u00a0\u00a0\u00a0\u00a0\u00a0\u00a0\u00a0\u00a0\u00a0\u00a0\u00a0 Saunakokous, ohjelman esittely \u2013 presidentti ja sihteeri 14.9\u00a0\u00a0\u00a0\u00a0\u00a0\u00a0\u00a0\u00a0\u00a0\u00a0\u00a0\u00a0\u00a0\u00a0\u00a0\u00a0\u00a0\u00a0\u00a0\u00a0 Vuosikokous \u2013 H\u00e4rm\u00e4n kuntokeskus 21.7\u00a0\u00a0\u00a0\u00a0\u00a0\u00a0\u00a0\u00a0\u00a0\u00a0\u00a0\u00a0\u00a0\u00a0\u00a0\u00a0\u00a0\u00a0\u00a0\u00a0 Vaihto-oppilaan vuosi \u2013 Jussi Jouppi 28.9\u00a0\u00a0\u00a0\u00a0\u00a0\u00a0\u00a0\u00a0\u00a0\u00a0\u00a0\u00a0\u00a0\u00a0\u00a0\u00a0\u00a0\u00a0\u00a0\u00a0 Luokite-esitelm\u00e4 \u2013 Juhani V\u00e4h\u00e4s\u00f6yrinki Lokakuu \u2013 Ammattipalvelun kuukausi 5.10\u00a0\u00a0\u00a0\u00a0\u00a0\u00a0\u00a0\u00a0\u00a0\u00a0\u00a0\u00a0\u00a0\u00a0\u00a0\u00a0\u00a0\u00a0\u00a0\u00a0 Vaihto-oppilaan vuosi \u2013 Miisa Pohto 12.10\u00a0\u00a0\u00a0\u00a0\u00a0\u00a0\u00a0\u00a0\u00a0\u00a0\u00a0\u00a0\u00a0\u00a0\u00a0\u00a0\u00a0 [&hellip;]\" \/>\n<meta property=\"og:url\" content=\"https:\/\/rotary.fi\/kauhavarc\/kauden-1995-96-ohjelma\/\" \/>\n<meta property=\"og:site_name\" content=\"Kauhavan Rotaryklubi ry\" \/>\n<meta property=\"article:modified_time\" content=\"2020-06-13T10:27:33+00:00\" \/>\n<meta name=\"twitter:card\" content=\"summary_large_image\" \/>\n<meta name=\"twitter:label1\" content=\"Arvioitu lukuaika\" \/>\n\t<meta name=\"twitter:data1\" content=\"1 minuutti\" \/>\n<script type=\"application\/ld+json\" class=\"yoast-schema-graph\">{\"@context\":\"https:\\\/\\\/schema.org\",\"@graph\":[{\"@type\":\"WebPage\",\"@id\":\"https:\\\/\\\/rotary.fi\\\/kauhavarc\\\/kauden-1995-96-ohjelma\\\/\",\"url\":\"https:\\\/\\\/rotary.fi\\\/kauhavarc\\\/kauden-1995-96-ohjelma\\\/\",\"name\":\"Kauhavan Rotaryklubin vuosiohjelma 1995 - 1996 - Kauhavan Rotaryklubi ry\",\"isPartOf\":{\"@id\":\"https:\\\/\\\/rotary.fi\\\/kauhavarc\\\/#website\"},\"datePublished\":\"2020-06-02T15:00:30+00:00\",\"dateModified\":\"2020-06-13T10:27:33+00:00\",\"breadcrumb\":{\"@id\":\"https:\\\/\\\/rotary.fi\\\/kauhavarc\\\/kauden-1995-96-ohjelma\\\/#breadcrumb\"},\"inLanguage\":\"fi\",\"potentialAction\":[{\"@type\":\"ReadAction\",\"target\":[\"https:\\\/\\\/rotary.fi\\\/kauhavarc\\\/kauden-1995-96-ohjelma\\\/\"]}]},{\"@type\":\"BreadcrumbList\",\"@id\":\"https:\\\/\\\/rotary.fi\\\/kauhavarc\\\/kauden-1995-96-ohjelma\\\/#breadcrumb\",\"itemListElement\":[{\"@type\":\"ListItem\",\"position\":1,\"name\":\"Home\",\"item\":\"https:\\\/\\\/rotary.fi\\\/kauhavarc\\\/\"},{\"@type\":\"ListItem\",\"position\":2,\"name\":\"Kauhavan Rotaryklubin vuosiohjelma 1995 &#8211; 1996\"}]},{\"@type\":\"WebSite\",\"@id\":\"https:\\\/\\\/rotary.fi\\\/kauhavarc\\\/#website\",\"url\":\"https:\\\/\\\/rotary.fi\\\/kauhavarc\\\/\",\"name\":\"Kauhavan Rotaryklubi ry\",\"description\":\"Uusi Rotary klubisivusto\",\"potentialAction\":[{\"@type\":\"SearchAction\",\"target\":{\"@type\":\"EntryPoint\",\"urlTemplate\":\"https:\\\/\\\/rotary.fi\\\/kauhavarc\\\/?s={search_term_string}\"},\"query-input\":{\"@type\":\"PropertyValueSpecification\",\"valueRequired\":true,\"valueName\":\"search_term_string\"}}],\"inLanguage\":\"fi\"}]}<\/script>\n<!-- \/ Yoast SEO plugin. -->","yoast_head_json":{"title":"Kauhavan Rotaryklubin vuosiohjelma 1995 - 1996 - Kauhavan Rotaryklubi ry","robots":{"index":"index","follow":"follow","max-snippet":"max-snippet:-1","max-image-preview":"max-image-preview:large","max-video-preview":"max-video-preview:-1"},"canonical":"https:\/\/rotary.fi\/kauhavarc\/kauden-1995-96-ohjelma\/","og_locale":"fi_FI","og_type":"article","og_title":"Kauhavan Rotaryklubin vuosiohjelma 1995 - 1996 - Kauhavan Rotaryklubi ry","og_description":"Kauhavan Rotaryklubin vuosikalenteri 1995 - 96 Presidentti:\u00a0 Pertti Laitila\u00a0 -\u00a0 Sihteeri: Carl-Gustav Karling &nbsp; Syyskausi 1995 Syyskuu \u00a0\u2013 \u00a0Nuorisotoimintojen kuukausi 7.9\u00a0\u00a0\u00a0\u00a0\u00a0\u00a0\u00a0\u00a0\u00a0\u00a0\u00a0\u00a0\u00a0\u00a0\u00a0\u00a0\u00a0\u00a0\u00a0\u00a0\u00a0\u00a0 Saunakokous, ohjelman esittely \u2013 presidentti ja sihteeri 14.9\u00a0\u00a0\u00a0\u00a0\u00a0\u00a0\u00a0\u00a0\u00a0\u00a0\u00a0\u00a0\u00a0\u00a0\u00a0\u00a0\u00a0\u00a0\u00a0\u00a0 Vuosikokous \u2013 H\u00e4rm\u00e4n kuntokeskus 21.7\u00a0\u00a0\u00a0\u00a0\u00a0\u00a0\u00a0\u00a0\u00a0\u00a0\u00a0\u00a0\u00a0\u00a0\u00a0\u00a0\u00a0\u00a0\u00a0\u00a0 Vaihto-oppilaan vuosi \u2013 Jussi Jouppi 28.9\u00a0\u00a0\u00a0\u00a0\u00a0\u00a0\u00a0\u00a0\u00a0\u00a0\u00a0\u00a0\u00a0\u00a0\u00a0\u00a0\u00a0\u00a0\u00a0\u00a0 Luokite-esitelm\u00e4 \u2013 Juhani V\u00e4h\u00e4s\u00f6yrinki Lokakuu \u2013 Ammattipalvelun kuukausi 5.10\u00a0\u00a0\u00a0\u00a0\u00a0\u00a0\u00a0\u00a0\u00a0\u00a0\u00a0\u00a0\u00a0\u00a0\u00a0\u00a0\u00a0\u00a0\u00a0\u00a0 Vaihto-oppilaan vuosi \u2013 Miisa Pohto 12.10\u00a0\u00a0\u00a0\u00a0\u00a0\u00a0\u00a0\u00a0\u00a0\u00a0\u00a0\u00a0\u00a0\u00a0\u00a0\u00a0\u00a0 [&hellip;]","og_url":"https:\/\/rotary.fi\/kauhavarc\/kauden-1995-96-ohjelma\/","og_site_name":"Kauhavan Rotaryklubi ry","article_modified_time":"2020-06-13T10:27:33+00:00","twitter_card":"summary_large_image","twitter_misc":{"Arvioitu lukuaika":"1 minuutti"},"schema":{"@context":"https:\/\/schema.org","@graph":[{"@type":"WebPage","@id":"https:\/\/rotary.fi\/kauhavarc\/kauden-1995-96-ohjelma\/","url":"https:\/\/rotary.fi\/kauhavarc\/kauden-1995-96-ohjelma\/","name":"Kauhavan Rotaryklubin vuosiohjelma 1995 - 1996 - Kauhavan Rotaryklubi ry","isPartOf":{"@id":"https:\/\/rotary.fi\/kauhavarc\/#website"},"datePublished":"2020-06-02T15:00:30+00:00","dateModified":"2020-06-13T10:27:33+00:00","breadcrumb":{"@id":"https:\/\/rotary.fi\/kauhavarc\/kauden-1995-96-ohjelma\/#breadcrumb"},"inLanguage":"fi","potentialAction":[{"@type":"ReadAction","target":["https:\/\/rotary.fi\/kauhavarc\/kauden-1995-96-ohjelma\/"]}]},{"@type":"BreadcrumbList","@id":"https:\/\/rotary.fi\/kauhavarc\/kauden-1995-96-ohjelma\/#breadcrumb","itemListElement":[{"@type":"ListItem","position":1,"name":"Home","item":"https:\/\/rotary.fi\/kauhavarc\/"},{"@type":"ListItem","position":2,"name":"Kauhavan Rotaryklubin vuosiohjelma 1995 &#8211; 1996"}]},{"@type":"WebSite","@id":"https:\/\/rotary.fi\/kauhavarc\/#website","url":"https:\/\/rotary.fi\/kauhavarc\/","name":"Kauhavan Rotaryklubi ry","description":"Uusi Rotary klubisivusto","potentialAction":[{"@type":"SearchAction","target":{"@type":"EntryPoint","urlTemplate":"https:\/\/rotary.fi\/kauhavarc\/?s={search_term_string}"},"query-input":{"@type":"PropertyValueSpecification","valueRequired":true,"valueName":"search_term_string"}}],"inLanguage":"fi"}]}},"lang":"fi","translations":{"fi":2736},"pll_sync_post":[],"_links":{"self":[{"href":"https:\/\/rotary.fi\/kauhavarc\/wp-json\/wp\/v2\/pages\/2736","targetHints":{"allow":["GET"]}}],"collection":[{"href":"https:\/\/rotary.fi\/kauhavarc\/wp-json\/wp\/v2\/pages"}],"about":[{"href":"https:\/\/rotary.fi\/kauhavarc\/wp-json\/wp\/v2\/types\/page"}],"author":[{"embeddable":true,"href":"https:\/\/rotary.fi\/kauhavarc\/wp-json\/wp\/v2\/users\/16"}],"replies":[{"embeddable":true,"href":"https:\/\/rotary.fi\/kauhavarc\/wp-json\/wp\/v2\/comments?post=2736"}],"version-history":[{"count":9,"href":"https:\/\/rotary.fi\/kauhavarc\/wp-json\/wp\/v2\/pages\/2736\/revisions"}],"predecessor-version":[{"id":2819,"href":"https:\/\/rotary.fi\/kauhavarc\/wp-json\/wp\/v2\/pages\/2736\/revisions\/2819"}],"wp:attachment":[{"href":"https:\/\/rotary.fi\/kauhavarc\/wp-json\/wp\/v2\/media?parent=2736"}],"curies":[{"name":"wp","href":"https:\/\/api.w.org\/{rel}","templated":true}]}}