{"id":273,"date":"2018-10-24T11:32:22","date_gmt":"2018-10-24T08:32:22","guid":{"rendered":"https:\/\/rotary.fi\/kauhavarc\/?page_id=273"},"modified":"2026-02-26T13:59:45","modified_gmt":"2026-02-26T11:59:45","slug":"olemme-osa-piiria-1380","status":"publish","type":"page","link":"https:\/\/rotary.fi\/kauhavarc\/keita-olemme\/olemme-osa-piiria-1380\/","title":{"rendered":"Olemme osa piiri\u00e4 1385"},"content":{"rendered":"<p>[et_pb_section fb_built=&#8221;1&#8243; module_class=&#8221;jumbotron-page&#8221; _builder_version=&#8221;4.16&#8243; background_image=&#8221;https:\/\/rotary.fi\/kauhavarc\/wp-content\/uploads\/sites\/22\/2018\/12\/piiri-3.jpg&#8221; background_size=&#8221;contain&#8221; background_position=&#8221;top_center&#8221; global_colors_info=&#8221;{}&#8221;][et_pb_row _builder_version=&#8221;4.16&#8243; background_size=&#8221;initial&#8221; background_position=&#8221;top_left&#8221; background_repeat=&#8221;repeat&#8221; global_colors_info=&#8221;{}&#8221;][et_pb_column type=&#8221;4_4&#8243; _builder_version=&#8221;4.16&#8243; custom_padding=&#8221;|||&#8221; global_colors_info=&#8221;{}&#8221; custom_padding__hover=&#8221;|||&#8221;][et_pb_text admin_label=&#8221;P\u00e4\u00e4otsikko&#8221; _builder_version=&#8221;4.16&#8243; text_orientation=&#8221;center&#8221; background_layout=&#8221;dark&#8221; global_colors_info=&#8221;{}&#8221;]<\/p>\n<h1>Olemme osa piiri\u00e4 1385<\/h1>\n<p>[\/et_pb_text][\/et_pb_column][\/et_pb_row][\/et_pb_section][et_pb_section fb_built=&#8221;1&#8243; specialty=&#8221;on&#8221; module_class_2=&#8221;sivupalkki&#8221; _builder_version=&#8221;4.16&#8243; global_colors_info=&#8221;{}&#8221;][et_pb_column type=&#8221;2_3&#8243; specialty_columns=&#8221;2&#8243; _builder_version=&#8221;4.16&#8243; custom_padding=&#8221;|||&#8221; global_colors_info=&#8221;{}&#8221; custom_padding__hover=&#8221;|||&#8221;][et_pb_row_inner admin_label=&#8221;Rivi&#8221; _builder_version=&#8221;4.16&#8243; global_colors_info=&#8221;{}&#8221;][et_pb_column_inner saved_specialty_column_type=&#8221;2_3&#8243; _builder_version=&#8221;4.16&#8243; custom_padding=&#8221;|||&#8221; global_colors_info=&#8221;{}&#8221; parallax__hover=&#8221;off&#8221; parallax_method__hover=&#8221;on&#8221; custom_padding__hover=&#8221;|||&#8221;][et_pb_text admin_label=&#8221;Rotarypiirit &#8211; Otsikko&#8221; _builder_version=&#8221;4.16&#8243; text_orientation=&#8221;center&#8221; global_colors_info=&#8221;{}&#8221;]<\/p>\n<h1>Rotarypiirit<\/h1>\n<p>[\/et_pb_text][et_pb_text admin_label=&#8221;Teksti&#8221; _builder_version=&#8221;4.27.4&#8243; hover_enabled=&#8221;0&#8243; z_index_tablet=&#8221;500&#8243; text_text_shadow_horizontal_length_tablet=&#8221;0px&#8221; text_text_shadow_vertical_length_tablet=&#8221;0px&#8221; text_text_shadow_blur_strength_tablet=&#8221;1px&#8221; link_text_shadow_horizontal_length_tablet=&#8221;0px&#8221; link_text_shadow_vertical_length_tablet=&#8221;0px&#8221; link_text_shadow_blur_strength_tablet=&#8221;1px&#8221; ul_text_shadow_horizontal_length_tablet=&#8221;0px&#8221; ul_text_shadow_vertical_length_tablet=&#8221;0px&#8221; ul_text_shadow_blur_strength_tablet=&#8221;1px&#8221; ol_text_shadow_horizontal_length_tablet=&#8221;0px&#8221; ol_text_shadow_vertical_length_tablet=&#8221;0px&#8221; ol_text_shadow_blur_strength_tablet=&#8221;1px&#8221; quote_text_shadow_horizontal_length_tablet=&#8221;0px&#8221; quote_text_shadow_vertical_length_tablet=&#8221;0px&#8221; quote_text_shadow_blur_strength_tablet=&#8221;1px&#8221; header_text_shadow_horizontal_length_tablet=&#8221;0px&#8221; header_text_shadow_vertical_length_tablet=&#8221;0px&#8221; header_text_shadow_blur_strength_tablet=&#8221;1px&#8221; header_2_text_shadow_horizontal_length_tablet=&#8221;0px&#8221; header_2_text_shadow_vertical_length_tablet=&#8221;0px&#8221; header_2_text_shadow_blur_strength_tablet=&#8221;1px&#8221; header_3_text_shadow_horizontal_length_tablet=&#8221;0px&#8221; header_3_text_shadow_vertical_length_tablet=&#8221;0px&#8221; header_3_text_shadow_blur_strength_tablet=&#8221;1px&#8221; header_4_text_shadow_horizontal_length_tablet=&#8221;0px&#8221; header_4_text_shadow_vertical_length_tablet=&#8221;0px&#8221; header_4_text_shadow_blur_strength_tablet=&#8221;1px&#8221; header_5_text_shadow_horizontal_length_tablet=&#8221;0px&#8221; header_5_text_shadow_vertical_length_tablet=&#8221;0px&#8221; header_5_text_shadow_blur_strength_tablet=&#8221;1px&#8221; header_6_text_shadow_horizontal_length_tablet=&#8221;0px&#8221; header_6_text_shadow_vertical_length_tablet=&#8221;0px&#8221; header_6_text_shadow_blur_strength_tablet=&#8221;1px&#8221; box_shadow_horizontal_tablet=&#8221;0px&#8221; box_shadow_vertical_tablet=&#8221;0px&#8221; box_shadow_blur_tablet=&#8221;40px&#8221; box_shadow_spread_tablet=&#8221;0px&#8221; global_colors_info=&#8221;{}&#8221; sticky_enabled=&#8221;0&#8243;]<\/p>\n<p>allisesti virkaansa .Suomessa on viisi rotarypiiri\u00e4, joihin kuuluu Suomen lis\u00e4ksi Viro. Jokaista piiri\u00e4 johtaa piirikuvern\u00f6\u00f6ri.<\/p>\n<p>Oma vanha piirimme D1380 ja Pohjos-Suomen piiri D1400 yhdistyiv\u00e4t 1.7.2020 uudeksi piiriksi D1385. Maantieteellisesti t\u00e4m\u00e4 uusi piiri on Suomen suurin, k\u00e4sitt\u00e4en yhteens\u00e4\u00a0 45 rotaryklubia Kristiinankaupungista Ivaloon.<\/p>\n<p><img loading=\"lazy\" decoding=\"async\" class=\"wp-image-3188 aligncenter\" src=\"https:\/\/rotary.fi\/kauhavarc\/wp-content\/uploads\/sites\/22\/2020\/07\/piiri-1385-724x1024.jpg\" alt=\"\" width=\"381\" height=\"713\" \/><span style=\"font-size: 16px\">Piirin toimintaa johtaa vuosittain vaihtuva piirikuvern\u00f6\u00f6ri eli DG. H\u00e4nen<\/span><a style=\"font-size: 16px\" href=\"https:\/\/rotary.fi\/d1385\/rotarypiiri1385\/piirin-organisaatio\/\"> tukenaan<\/a><span style=\"font-size: 16px\"> toimivat piirineuvosto, komiteat ja toimikunnat sek\u00e4 piirin eri alueiden apulaiskuvern\u00f6\u00f6rit. Klubit tekev\u00e4t ehdotukset kuvern\u00f6\u00f6reist\u00e4, ja piirin nime\u00e4miskomitea valitsee ehdokkaista sopivimmaksi katsomansa kuvern\u00f6\u00f6rin. Tuleva kuvern\u00f6\u00f6ri nimitet\u00e4\u00e4n Rotary Internationalin maailmankonferenssissa. Yhdistyneen piirimme ensimm\u00e4isen\u00e4 kuvern\u00f6\u00f6rin\u00e4 kaudella 2020-21 toimi PDG Venanzia Rizzi Oulu City Rotaryklubista. Kaudella 2021-22 kuvern\u00f6\u00f6rin\u00e4mme toimi PDG <\/span><a style=\"font-size: 16px\" href=\"https:\/\/rotary.fi\/d1385\/rotarypiiri1385\/kuvernoori\/\" target=\"_blank\" rel=\"noopener\">Kari Nirha<\/a><span style=\"font-size: 16px\"> \u00a0<\/span><a style=\"font-size: 16px\" href=\"https:\/\/rotary.fi\/lapuakiviristi\/\" target=\"_blank\" rel=\"noopener\">Lapua-Kiviristin Rotaryklubista<\/a><span style=\"font-size: 16px\"> ja kaudella 2022-23 kuvern\u00f6\u00f6rin\u00e4mme toimii PDG Arja Saarento <\/span><a style=\"font-size: 16px\" href=\"https:\/\/kemi.rotary.fi\/kemin-rotaryklubi\/\" target=\"_blank\" rel=\"noopener\">Kemin Rotaryklubista<\/a><span style=\"font-size: 16px\">. Kaudella 2023-2024 kuvern\u00f6\u00f6rin\u00e4mme toimi OPDG Petri Ker\u00e4nen Oulu City Rotaryklubista ja kaudella 2024-2025 IPDG Matias Granvik Sein\u00e4joen Rotaryklubista.<\/span><\/p>\n<p><strong style=\"font-size: 16px\">Kauden 2025-2026\u00a0 kuvern\u00f6\u00f6rimme<\/strong><span style=\"font-size: 16px\"> on DG Tarmo Kokkola Pietari Brahe Rotaryklubista.<\/span><\/p>\n<p>Piiri j\u00e4rjest\u00e4\u00e4 klubeille vuosittain useita tapahtumia. T\u00e4rkeimpi\u00e4 kaikille rotareille tarkoitettuja yhteisi\u00e4 tapahtumia ovat syyskauden piirikokous ja kev\u00e4\u00e4ll\u00e4 pidett\u00e4v\u00e4 juhlava piirikonferenssi.<\/p>\n<p>Piiri j\u00e4rjest\u00e4\u00e4 my\u00f6s erilaisia\u00a0<a href=\"https:\/\/sites.google.com\/rotaryd1385.org\/intranet\/koulutus\" target=\"_blank\" rel=\"noopener\">koulutustapahtumia<\/a>, joista t\u00e4rkein on alkuvuodesta pidett\u00e4v\u00e4 PETS-koulutus tulevan rotaryvuoden klubien presidenteille ja muille klubivirkailijoille.\u00a0 Lis\u00e4ksi tarjolla on mm. nuorisovaihdon ja rotarys\u00e4\u00e4ti\u00f6asioiden koulutusta sek\u00e4\u00a0<a href=\"https:\/\/sites.google.com\/rotaryd1385.org\/rli\" target=\"_blank\" rel=\"noopener\">RLI eli Rotary Leadership Institute<\/a> -koulutus.<\/p>\n<p>Piirikuvern\u00f6\u00f6ri vierailee kaikissa piirins\u00e4 klubeissa toimivuotensa aikana. Apulaiskuvern\u00f6\u00f6rit toimivat kuvern\u00f6\u00f6rin apuna ja linkkin\u00e4 omien alueidensa klubeissa. Oman &#8221;kulmakuntamme&#8221; eli Lapuajokilaakso-alueen AG:na\u00a0 aloitti\u00a0 kaudelle 2025-28 oma klubiveljemme Tapani Lahti.<\/p>\n<p><img loading=\"lazy\" decoding=\"async\" class=\"wp-image-5203 alignnone \" src=\"https:\/\/rotary.fi\/kauhavarc\/wp-content\/uploads\/sites\/22\/2026\/02\/619195412-1181305934118538-5222042748187589854-n-1024x660.jpg\" alt=\"\" width=\"836\" height=\"539\" \/><\/p>\n<p>Kauden 2025-2026 kuvern\u00f6\u00f6ri Tarmo Kokkola tapasi Kauhavan ja Lapuan klubit IC-kokouksessa 22.1.2026 Kuntsarilla.<\/p>\n<p><img loading=\"lazy\" decoding=\"async\" class=\"wp-image-4800 alignnone \" src=\"https:\/\/rotary.fi\/kauhavarc\/wp-content\/uploads\/sites\/22\/2024\/08\/granvik-klubivierailu.jpg\" alt=\"\" width=\"827\" height=\"466\" \/><\/p>\n<p>Kauden 2024 &#8211; 2025 kuvern\u00f6\u00f6ri DG Matias Granvik vieraili klubissamme 14.8.2024<\/p>\n<p><img loading=\"lazy\" decoding=\"async\" class=\"wp-image-4563 alignnone \" src=\"https:\/\/rotary.fi\/kauhavarc\/wp-content\/uploads\/sites\/22\/2023\/09\/leea-ja-petri-1024x615.jpg\" alt=\"\" width=\"831\" height=\"499\" \/><\/p>\n<p>Kauden 2023-2024 kuvern\u00f6\u00f6ri DG Petri Ker\u00e4nen klubivierailulla 18.8.2023<\/p>\n<p><img loading=\"lazy\" decoding=\"async\" class=\"wp-image-4469 alignnone \" src=\"https:\/\/rotary.fi\/kauhavarc\/wp-content\/uploads\/sites\/22\/2023\/03\/kuvernoori-ja-seppo.jpg\" alt=\"\" width=\"840\" height=\"552\" \/><\/p>\n<p>Kauden 2022-23 piirikuvern\u00f6\u00f6ri DG Arja Saarento vieraili klubissamme 17.8.2022<\/p>\n<p><img loading=\"lazy\" decoding=\"async\" class=\"wp-image-4394 alignnone \" src=\"https:\/\/rotary.fi\/kauhavarc\/wp-content\/uploads\/sites\/22\/2022\/09\/299985271-1460192614405588-3575748457476353562-n-1024x606.jpg\" alt=\"\" width=\"845\" height=\"500\" \/><\/p>\n<p><img loading=\"lazy\" decoding=\"async\" class=\"wp-image-4029 alignnone size-full\" src=\"https:\/\/rotary.fi\/kauhavarc\/wp-content\/uploads\/sites\/22\/2021\/12\/08-hornetin-luovutus.jpg\" alt=\"\" width=\"843\" height=\"768\" srcset=\"https:\/\/rotary.fi\/kauhavarc\/wp-content\/uploads\/sites\/22\/2021\/12\/08-hornetin-luovutus.jpg 843w, https:\/\/rotary.fi\/kauhavarc\/wp-content\/uploads\/sites\/22\/2021\/12\/08-hornetin-luovutus-480x437.jpg 480w\" sizes=\"(min-width: 0px) and (max-width: 480px) 480px, (min-width: 481px) 843px, 100vw\" \/><\/p>\n<p>Kauden 2021-22 piirikuvern\u00f6\u00f6ri\u00a0 DG Kari Nirha vierailulla klubissamme 9.12.2021<\/p>\n<p><img loading=\"lazy\" decoding=\"async\" class=\"wp-image-3696 alignnone \" src=\"https:\/\/rotary.fi\/kauhavarc\/wp-content\/uploads\/sites\/22\/2021\/04\/kuvernoorivierailu.jpg\" alt=\"\" width=\"845\" height=\"634\" srcset=\"https:\/\/rotary.fi\/kauhavarc\/wp-content\/uploads\/sites\/22\/2021\/04\/kuvernoorivierailu.jpg 845w, https:\/\/rotary.fi\/kauhavarc\/wp-content\/uploads\/sites\/22\/2021\/04\/kuvernoorivierailu-480x360.jpg 480w\" sizes=\"(min-width: 0px) and (max-width: 480px) 480px, (min-width: 481px) 845px, 100vw\" \/><\/p>\n<p>Kauden 2020-21 piirikuvern\u00f6\u00f6ri DG Venanzia Rizzi vieraili klubissamme 26.9.2020<\/p>\n<p>[\/et_pb_text][et_pb_button button_url=&#8221;https:\/\/rotary.fi\/d1385\/&#8221; url_new_window=&#8221;on&#8221; button_text=&#8221;Piirin 1385 kotisivut&#8221; button_alignment=&#8221;center&#8221; admin_label=&#8221;Piirin kotisivu&#8221; _builder_version=&#8221;4.16&#8243; custom_margin=&#8221;50px|||&#8221; z_index_tablet=&#8221;500&#8243; button_text_shadow_horizontal_length_tablet=&#8221;0px&#8221; button_text_shadow_vertical_length_tablet=&#8221;0px&#8221; button_text_shadow_blur_strength_tablet=&#8221;1px&#8221; box_shadow_horizontal_tablet=&#8221;0px&#8221; box_shadow_vertical_tablet=&#8221;0px&#8221; box_shadow_blur_tablet=&#8221;40px&#8221; box_shadow_spread_tablet=&#8221;0px&#8221; global_colors_info=&#8221;{}&#8221;][\/et_pb_button][\/et_pb_column_inner][\/et_pb_row_inner][\/et_pb_column][et_pb_column type=&#8221;1_3&#8243; _builder_version=&#8221;4.16&#8243; custom_padding=&#8221;|||&#8221; global_colors_info=&#8221;{}&#8221; custom_padding__hover=&#8221;|||&#8221;][et_pb_sidebar area=&#8221;sidebar-1&#8243; module_class=&#8221;sivupalkki_sisalto&#8221; _builder_version=&#8221;4.16&#8243; locked=&#8221;on&#8221; global_colors_info=&#8221;{}&#8221;]<br \/>\n[\/et_pb_sidebar][\/et_pb_column][\/et_pb_section]<\/p>\n","protected":false},"excerpt":{"rendered":"<p>Olemme osa piiri\u00e4 1385Rotarypiirit allisesti virkaansa .Suomessa on viisi rotarypiiri\u00e4, joihin kuuluu Suomen lis\u00e4ksi Viro. Jokaista piiri\u00e4 johtaa piirikuvern\u00f6\u00f6ri. Oma vanha piirimme D1380 ja Pohjos-Suomen piiri D1400 yhdistyiv\u00e4t 1.7.2020 uudeksi piiriksi D1385. Maantieteellisesti t\u00e4m\u00e4 uusi piiri on Suomen suurin, k\u00e4sitt\u00e4en yhteens\u00e4\u00a0 45 rotaryklubia Kristiinankaupungista Ivaloon. Piirin toimintaa johtaa vuosittain vaihtuva piirikuvern\u00f6\u00f6ri eli DG. H\u00e4nen tukenaan [&hellip;]<\/p>\n","protected":false},"author":1,"featured_media":0,"parent":129,"menu_order":0,"comment_status":"closed","ping_status":"closed","template":"","meta":{"_acf_changed":false,"_et_pb_use_builder":"on","_et_pb_old_content":"","_et_gb_content_width":"","footnotes":""},"class_list":["post-273","page","type-page","status-publish","hentry"],"acf":[],"yoast_head":"<!-- This site is optimized with the Yoast SEO plugin v27.4 - https:\/\/yoast.com\/product\/yoast-seo-wordpress\/ -->\n<title>Olemme osa piiri\u00e4 1385 - Kauhavan Rotaryklubi ry<\/title>\n<meta name=\"robots\" content=\"index, follow, max-snippet:-1, max-image-preview:large, max-video-preview:-1\" \/>\n<link rel=\"canonical\" href=\"https:\/\/rotary.fi\/kauhavarc\/keita-olemme\/olemme-osa-piiria-1380\/\" \/>\n<meta property=\"og:locale\" content=\"fi_FI\" \/>\n<meta property=\"og:type\" content=\"article\" \/>\n<meta property=\"og:title\" content=\"Olemme osa piiri\u00e4 1385 - Kauhavan Rotaryklubi ry\" \/>\n<meta property=\"og:description\" content=\"Olemme osa piiri\u00e4 1385Rotarypiirit allisesti virkaansa .Suomessa on viisi rotarypiiri\u00e4, joihin kuuluu Suomen lis\u00e4ksi Viro. Jokaista piiri\u00e4 johtaa piirikuvern\u00f6\u00f6ri. Oma vanha piirimme D1380 ja Pohjos-Suomen piiri D1400 yhdistyiv\u00e4t 1.7.2020 uudeksi piiriksi D1385. Maantieteellisesti t\u00e4m\u00e4 uusi piiri on Suomen suurin, k\u00e4sitt\u00e4en yhteens\u00e4\u00a0 45 rotaryklubia Kristiinankaupungista Ivaloon. Piirin toimintaa johtaa vuosittain vaihtuva piirikuvern\u00f6\u00f6ri eli DG. H\u00e4nen tukenaan [&hellip;]\" \/>\n<meta property=\"og:url\" content=\"https:\/\/rotary.fi\/kauhavarc\/keita-olemme\/olemme-osa-piiria-1380\/\" \/>\n<meta property=\"og:site_name\" content=\"Kauhavan Rotaryklubi ry\" \/>\n<meta property=\"article:modified_time\" content=\"2026-02-26T11:59:45+00:00\" \/>\n<meta property=\"og:image\" content=\"https:\/\/rotary.fi\/kauhavarc\/wp-content\/uploads\/sites\/22\/2020\/07\/piiri-1385.jpg\" \/>\n\t<meta property=\"og:image:width\" content=\"800\" \/>\n\t<meta property=\"og:image:height\" content=\"1132\" \/>\n\t<meta property=\"og:image:type\" content=\"image\/jpeg\" \/>\n<meta name=\"twitter:card\" content=\"summary_large_image\" \/>\n<meta name=\"twitter:label1\" content=\"Arvioitu lukuaika\" \/>\n\t<meta name=\"twitter:data1\" content=\"4 minuuttia\" \/>\n<script type=\"application\/ld+json\" class=\"yoast-schema-graph\">{\"@context\":\"https:\\\/\\\/schema.org\",\"@graph\":[{\"@type\":\"WebPage\",\"@id\":\"https:\\\/\\\/rotary.fi\\\/kauhavarc\\\/keita-olemme\\\/olemme-osa-piiria-1380\\\/\",\"url\":\"https:\\\/\\\/rotary.fi\\\/kauhavarc\\\/keita-olemme\\\/olemme-osa-piiria-1380\\\/\",\"name\":\"Olemme osa piiri\u00e4 1385 - Kauhavan Rotaryklubi ry\",\"isPartOf\":{\"@id\":\"https:\\\/\\\/rotary.fi\\\/kauhavarc\\\/#website\"},\"primaryImageOfPage\":{\"@id\":\"https:\\\/\\\/rotary.fi\\\/kauhavarc\\\/keita-olemme\\\/olemme-osa-piiria-1380\\\/#primaryimage\"},\"image\":{\"@id\":\"https:\\\/\\\/rotary.fi\\\/kauhavarc\\\/keita-olemme\\\/olemme-osa-piiria-1380\\\/#primaryimage\"},\"thumbnailUrl\":\"https:\\\/\\\/rotary.fi\\\/kauhavarc\\\/wp-content\\\/uploads\\\/sites\\\/22\\\/2020\\\/07\\\/piiri-1385-724x1024.jpg\",\"datePublished\":\"2018-10-24T08:32:22+00:00\",\"dateModified\":\"2026-02-26T11:59:45+00:00\",\"breadcrumb\":{\"@id\":\"https:\\\/\\\/rotary.fi\\\/kauhavarc\\\/keita-olemme\\\/olemme-osa-piiria-1380\\\/#breadcrumb\"},\"inLanguage\":\"fi\",\"potentialAction\":[{\"@type\":\"ReadAction\",\"target\":[\"https:\\\/\\\/rotary.fi\\\/kauhavarc\\\/keita-olemme\\\/olemme-osa-piiria-1380\\\/\"]}]},{\"@type\":\"ImageObject\",\"inLanguage\":\"fi\",\"@id\":\"https:\\\/\\\/rotary.fi\\\/kauhavarc\\\/keita-olemme\\\/olemme-osa-piiria-1380\\\/#primaryimage\",\"url\":\"https:\\\/\\\/rotary.fi\\\/kauhavarc\\\/wp-content\\\/uploads\\\/sites\\\/22\\\/2020\\\/07\\\/piiri-1385.jpg\",\"contentUrl\":\"https:\\\/\\\/rotary.fi\\\/kauhavarc\\\/wp-content\\\/uploads\\\/sites\\\/22\\\/2020\\\/07\\\/piiri-1385.jpg\",\"width\":800,\"height\":1132},{\"@type\":\"BreadcrumbList\",\"@id\":\"https:\\\/\\\/rotary.fi\\\/kauhavarc\\\/keita-olemme\\\/olemme-osa-piiria-1380\\\/#breadcrumb\",\"itemListElement\":[{\"@type\":\"ListItem\",\"position\":1,\"name\":\"Home\",\"item\":\"https:\\\/\\\/rotary.fi\\\/kauhavarc\\\/\"},{\"@type\":\"ListItem\",\"position\":2,\"name\":\"Keit\u00e4 olemme\",\"item\":\"https:\\\/\\\/rotary.fi\\\/kauhavarc\\\/keita-olemme\\\/\"},{\"@type\":\"ListItem\",\"position\":3,\"name\":\"Olemme osa piiri\u00e4 1385\"}]},{\"@type\":\"WebSite\",\"@id\":\"https:\\\/\\\/rotary.fi\\\/kauhavarc\\\/#website\",\"url\":\"https:\\\/\\\/rotary.fi\\\/kauhavarc\\\/\",\"name\":\"Kauhavan Rotaryklubi ry\",\"description\":\"Uusi Rotary klubisivusto\",\"potentialAction\":[{\"@type\":\"SearchAction\",\"target\":{\"@type\":\"EntryPoint\",\"urlTemplate\":\"https:\\\/\\\/rotary.fi\\\/kauhavarc\\\/?s={search_term_string}\"},\"query-input\":{\"@type\":\"PropertyValueSpecification\",\"valueRequired\":true,\"valueName\":\"search_term_string\"}}],\"inLanguage\":\"fi\"}]}<\/script>\n<!-- \/ Yoast SEO plugin. -->","yoast_head_json":{"title":"Olemme osa piiri\u00e4 1385 - Kauhavan Rotaryklubi ry","robots":{"index":"index","follow":"follow","max-snippet":"max-snippet:-1","max-image-preview":"max-image-preview:large","max-video-preview":"max-video-preview:-1"},"canonical":"https:\/\/rotary.fi\/kauhavarc\/keita-olemme\/olemme-osa-piiria-1380\/","og_locale":"fi_FI","og_type":"article","og_title":"Olemme osa piiri\u00e4 1385 - Kauhavan Rotaryklubi ry","og_description":"Olemme osa piiri\u00e4 1385Rotarypiirit allisesti virkaansa .Suomessa on viisi rotarypiiri\u00e4, joihin kuuluu Suomen lis\u00e4ksi Viro. Jokaista piiri\u00e4 johtaa piirikuvern\u00f6\u00f6ri. Oma vanha piirimme D1380 ja Pohjos-Suomen piiri D1400 yhdistyiv\u00e4t 1.7.2020 uudeksi piiriksi D1385. Maantieteellisesti t\u00e4m\u00e4 uusi piiri on Suomen suurin, k\u00e4sitt\u00e4en yhteens\u00e4\u00a0 45 rotaryklubia Kristiinankaupungista Ivaloon. Piirin toimintaa johtaa vuosittain vaihtuva piirikuvern\u00f6\u00f6ri eli DG. H\u00e4nen tukenaan [&hellip;]","og_url":"https:\/\/rotary.fi\/kauhavarc\/keita-olemme\/olemme-osa-piiria-1380\/","og_site_name":"Kauhavan Rotaryklubi ry","article_modified_time":"2026-02-26T11:59:45+00:00","og_image":[{"width":800,"height":1132,"url":"https:\/\/rotary.fi\/kauhavarc\/wp-content\/uploads\/sites\/22\/2020\/07\/piiri-1385.jpg","type":"image\/jpeg"}],"twitter_card":"summary_large_image","twitter_misc":{"Arvioitu lukuaika":"4 minuuttia"},"schema":{"@context":"https:\/\/schema.org","@graph":[{"@type":"WebPage","@id":"https:\/\/rotary.fi\/kauhavarc\/keita-olemme\/olemme-osa-piiria-1380\/","url":"https:\/\/rotary.fi\/kauhavarc\/keita-olemme\/olemme-osa-piiria-1380\/","name":"Olemme osa piiri\u00e4 1385 - Kauhavan Rotaryklubi ry","isPartOf":{"@id":"https:\/\/rotary.fi\/kauhavarc\/#website"},"primaryImageOfPage":{"@id":"https:\/\/rotary.fi\/kauhavarc\/keita-olemme\/olemme-osa-piiria-1380\/#primaryimage"},"image":{"@id":"https:\/\/rotary.fi\/kauhavarc\/keita-olemme\/olemme-osa-piiria-1380\/#primaryimage"},"thumbnailUrl":"https:\/\/rotary.fi\/kauhavarc\/wp-content\/uploads\/sites\/22\/2020\/07\/piiri-1385-724x1024.jpg","datePublished":"2018-10-24T08:32:22+00:00","dateModified":"2026-02-26T11:59:45+00:00","breadcrumb":{"@id":"https:\/\/rotary.fi\/kauhavarc\/keita-olemme\/olemme-osa-piiria-1380\/#breadcrumb"},"inLanguage":"fi","potentialAction":[{"@type":"ReadAction","target":["https:\/\/rotary.fi\/kauhavarc\/keita-olemme\/olemme-osa-piiria-1380\/"]}]},{"@type":"ImageObject","inLanguage":"fi","@id":"https:\/\/rotary.fi\/kauhavarc\/keita-olemme\/olemme-osa-piiria-1380\/#primaryimage","url":"https:\/\/rotary.fi\/kauhavarc\/wp-content\/uploads\/sites\/22\/2020\/07\/piiri-1385.jpg","contentUrl":"https:\/\/rotary.fi\/kauhavarc\/wp-content\/uploads\/sites\/22\/2020\/07\/piiri-1385.jpg","width":800,"height":1132},{"@type":"BreadcrumbList","@id":"https:\/\/rotary.fi\/kauhavarc\/keita-olemme\/olemme-osa-piiria-1380\/#breadcrumb","itemListElement":[{"@type":"ListItem","position":1,"name":"Home","item":"https:\/\/rotary.fi\/kauhavarc\/"},{"@type":"ListItem","position":2,"name":"Keit\u00e4 olemme","item":"https:\/\/rotary.fi\/kauhavarc\/keita-olemme\/"},{"@type":"ListItem","position":3,"name":"Olemme osa piiri\u00e4 1385"}]},{"@type":"WebSite","@id":"https:\/\/rotary.fi\/kauhavarc\/#website","url":"https:\/\/rotary.fi\/kauhavarc\/","name":"Kauhavan Rotaryklubi ry","description":"Uusi Rotary klubisivusto","potentialAction":[{"@type":"SearchAction","target":{"@type":"EntryPoint","urlTemplate":"https:\/\/rotary.fi\/kauhavarc\/?s={search_term_string}"},"query-input":{"@type":"PropertyValueSpecification","valueRequired":true,"valueName":"search_term_string"}}],"inLanguage":"fi"}]}},"lang":"fi","translations":{"fi":273},"pll_sync_post":[],"_links":{"self":[{"href":"https:\/\/rotary.fi\/kauhavarc\/wp-json\/wp\/v2\/pages\/273","targetHints":{"allow":["GET"]}}],"collection":[{"href":"https:\/\/rotary.fi\/kauhavarc\/wp-json\/wp\/v2\/pages"}],"about":[{"href":"https:\/\/rotary.fi\/kauhavarc\/wp-json\/wp\/v2\/types\/page"}],"author":[{"embeddable":true,"href":"https:\/\/rotary.fi\/kauhavarc\/wp-json\/wp\/v2\/users\/1"}],"replies":[{"embeddable":true,"href":"https:\/\/rotary.fi\/kauhavarc\/wp-json\/wp\/v2\/comments?post=273"}],"version-history":[{"count":9,"href":"https:\/\/rotary.fi\/kauhavarc\/wp-json\/wp\/v2\/pages\/273\/revisions"}],"predecessor-version":[{"id":5204,"href":"https:\/\/rotary.fi\/kauhavarc\/wp-json\/wp\/v2\/pages\/273\/revisions\/5204"}],"up":[{"embeddable":true,"href":"https:\/\/rotary.fi\/kauhavarc\/wp-json\/wp\/v2\/pages\/129"}],"wp:attachment":[{"href":"https:\/\/rotary.fi\/kauhavarc\/wp-json\/wp\/v2\/media?parent=273"}],"curies":[{"name":"wp","href":"https:\/\/api.w.org\/{rel}","templated":true}]}}