{"id":2714,"date":"2020-06-02T17:08:16","date_gmt":"2020-06-02T14:08:16","guid":{"rendered":"https:\/\/rotary.fi\/kauhavarc\/?page_id=2714"},"modified":"2020-06-14T11:43:22","modified_gmt":"2020-06-14T08:43:22","slug":"kauden-1978-1979-ohjelma","status":"publish","type":"page","link":"https:\/\/rotary.fi\/kauhavarc\/menneiden-kausien-klubiohjelmia\/kauden-1978-1979-ohjelma\/","title":{"rendered":"Kauden 1978 &#8211; 1979 Ohjelma"},"content":{"rendered":"<p>[et_pb_section fb_built=&#8221;1&#8243; _builder_version=&#8221;4.4.1&#8243;][et_pb_row _builder_version=&#8221;4.4.1&#8243;][et_pb_column type=&#8221;4_4&#8243; _builder_version=&#8221;4.4.1&#8243;][et_pb_text admin_label=&#8221;Teksti&#8221; _builder_version=&#8221;4.4.1&#8243;]<\/p>\n<h3 style=\"text-align: center\">Kauhavan Rotaryklubin kauden 1978 &#8211; 79 Vuosikalenteri<\/h3>\n<p>[\/et_pb_text][et_pb_text admin_label=&#8221;Teksti&#8221; _builder_version=&#8221;4.4.8&#8243; hover_enabled=&#8221;0&#8243;]<\/p>\n<p style=\"text-align: center\"><strong>Presidentti: Jussi Tuuri\u00a0 \u00a0&#8211;\u00a0 \u00a0Sihteeri: Pekka Liias<\/strong><\/p>\n<p>&nbsp;<\/p>\n<p><img loading=\"lazy\" decoding=\"async\" class=\"wp-image-2712 size-full aligncenter\" src=\"https:\/\/rotary.fi\/kauhavarc\/wp-content\/uploads\/sites\/22\/2020\/06\/vuosi-1979-a.jpg\" alt=\"\" width=\"751\" height=\"768\" srcset=\"https:\/\/rotary.fi\/kauhavarc\/wp-content\/uploads\/sites\/22\/2020\/06\/vuosi-1979-a.jpg 751w, https:\/\/rotary.fi\/kauhavarc\/wp-content\/uploads\/sites\/22\/2020\/06\/vuosi-1979-a-480x491.jpg 480w\" sizes=\"(min-width: 0px) and (max-width: 480px) 480px, (min-width: 481px) 751px, 100vw\" \/><\/p>\n<p><img loading=\"lazy\" decoding=\"async\" class=\"wp-image-2713 size-full aligncenter\" src=\"https:\/\/rotary.fi\/kauhavarc\/wp-content\/uploads\/sites\/22\/2020\/06\/vuosi-1979-b.jpg\" alt=\"\" width=\"737\" height=\"768\" srcset=\"https:\/\/rotary.fi\/kauhavarc\/wp-content\/uploads\/sites\/22\/2020\/06\/vuosi-1979-b.jpg 737w, https:\/\/rotary.fi\/kauhavarc\/wp-content\/uploads\/sites\/22\/2020\/06\/vuosi-1979-b-480x500.jpg 480w\" sizes=\"(min-width: 0px) and (max-width: 480px) 480px, (min-width: 481px) 737px, 100vw\" \/><\/p>\n<p>&nbsp;<\/p>\n<p>&nbsp;<\/p>\n<p>Viikkokalenterit suunniteltiin ja painettiin jo ennen kauden alkua. Niinp\u00e4 niiss\u00e4 yleens\u00e4 mainittiin esitelm\u00e4st\u00e4 vastaava, mutta esitelm\u00e4n aihe on useinkin auki. My\u00f6skin ohjelmamuutoksia tapahtui tuolloinkin. Totuus lopullisesta ohjelmasta l\u00f6ytyy sitten viikkoselosteista ja toimintakertomuksista. T\u00e4ss\u00e4 vertailun vuoksi my\u00f6s ote kauden 1978-79 vuosikertomuksesta:<\/p>\n<p>&nbsp;<\/p>\n<p>&nbsp;<\/p>\n<p><img loading=\"lazy\" decoding=\"async\" class=\"wp-image-2824 size-large aligncenter\" src=\"https:\/\/rotary.fi\/kauhavarc\/wp-content\/uploads\/sites\/22\/2020\/06\/1978-ohjelma032-707x1024.jpg\" alt=\"\" width=\"707\" height=\"1024\" \/><\/p>\n<p>[\/et_pb_text][et_pb_button button_url=&#8221;https:\/\/rotary.fi\/kauhavarc\/menneiden-kausien-klubiohjelmia\/&#8221; button_text=&#8221;Takaisin&#8221; button_alignment=&#8221;center&#8221; admin_label=&#8221;Takaisin painike&#8221; _builder_version=&#8221;4.4.1&#8243;][\/et_pb_button][\/et_pb_column][\/et_pb_row][\/et_pb_section]<\/p>\n","protected":false},"excerpt":{"rendered":"<p>Kauhavan Rotaryklubin kauden 1978 &#8211; 79 VuosikalenteriPresidentti: Jussi Tuuri\u00a0 \u00a0&#8211;\u00a0 \u00a0Sihteeri: Pekka Liias &nbsp; &nbsp; &nbsp; Viikkokalenterit suunniteltiin ja painettiin jo ennen kauden alkua. Niinp\u00e4 niiss\u00e4 yleens\u00e4 mainittiin esitelm\u00e4st\u00e4 vastaava, mutta esitelm\u00e4n aihe on useinkin auki. My\u00f6skin ohjelmamuutoksia tapahtui tuolloinkin. Totuus lopullisesta ohjelmasta l\u00f6ytyy sitten viikkoselosteista ja toimintakertomuksista. T\u00e4ss\u00e4 vertailun vuoksi my\u00f6s ote kauden 1978-79 [&hellip;]<\/p>\n","protected":false},"author":16,"featured_media":0,"parent":2015,"menu_order":0,"comment_status":"closed","ping_status":"closed","template":"","meta":{"_acf_changed":false,"_et_pb_use_builder":"on","_et_pb_old_content":"","_et_gb_content_width":"","footnotes":""},"class_list":["post-2714","page","type-page","status-publish","hentry"],"acf":[],"yoast_head":"<!-- This site is optimized with the Yoast SEO plugin v27.4 - https:\/\/yoast.com\/product\/yoast-seo-wordpress\/ -->\n<title>Kauden 1978 - 1979 Ohjelma - Kauhavan Rotaryklubi ry<\/title>\n<meta name=\"robots\" content=\"index, follow, max-snippet:-1, max-image-preview:large, max-video-preview:-1\" \/>\n<link rel=\"canonical\" href=\"https:\/\/rotary.fi\/kauhavarc\/menneiden-kausien-klubiohjelmia\/kauden-1978-1979-ohjelma\/\" \/>\n<meta property=\"og:locale\" content=\"fi_FI\" \/>\n<meta property=\"og:type\" content=\"article\" \/>\n<meta property=\"og:title\" content=\"Kauden 1978 - 1979 Ohjelma - Kauhavan Rotaryklubi ry\" \/>\n<meta property=\"og:description\" content=\"Kauhavan Rotaryklubin kauden 1978 - 79 VuosikalenteriPresidentti: Jussi Tuuri\u00a0 \u00a0-\u00a0 \u00a0Sihteeri: Pekka Liias &nbsp; &nbsp; &nbsp; Viikkokalenterit suunniteltiin ja painettiin jo ennen kauden alkua. Niinp\u00e4 niiss\u00e4 yleens\u00e4 mainittiin esitelm\u00e4st\u00e4 vastaava, mutta esitelm\u00e4n aihe on useinkin auki. My\u00f6skin ohjelmamuutoksia tapahtui tuolloinkin. Totuus lopullisesta ohjelmasta l\u00f6ytyy sitten viikkoselosteista ja toimintakertomuksista. T\u00e4ss\u00e4 vertailun vuoksi my\u00f6s ote kauden 1978-79 [&hellip;]\" \/>\n<meta property=\"og:url\" content=\"https:\/\/rotary.fi\/kauhavarc\/menneiden-kausien-klubiohjelmia\/kauden-1978-1979-ohjelma\/\" \/>\n<meta property=\"og:site_name\" content=\"Kauhavan Rotaryklubi ry\" \/>\n<meta property=\"article:modified_time\" content=\"2020-06-14T08:43:22+00:00\" \/>\n<meta property=\"og:image\" content=\"https:\/\/rotary.fi\/kauhavarc\/wp-content\/uploads\/sites\/22\/2020\/06\/vuosi-1979-a.jpg\" \/>\n<meta name=\"twitter:card\" content=\"summary_large_image\" \/>\n<meta name=\"twitter:label1\" content=\"Arvioitu lukuaika\" \/>\n\t<meta name=\"twitter:data1\" content=\"1 minuutti\" \/>\n<script type=\"application\/ld+json\" class=\"yoast-schema-graph\">{\"@context\":\"https:\\\/\\\/schema.org\",\"@graph\":[{\"@type\":\"WebPage\",\"@id\":\"https:\\\/\\\/rotary.fi\\\/kauhavarc\\\/menneiden-kausien-klubiohjelmia\\\/kauden-1978-1979-ohjelma\\\/\",\"url\":\"https:\\\/\\\/rotary.fi\\\/kauhavarc\\\/menneiden-kausien-klubiohjelmia\\\/kauden-1978-1979-ohjelma\\\/\",\"name\":\"Kauden 1978 - 1979 Ohjelma - Kauhavan Rotaryklubi ry\",\"isPartOf\":{\"@id\":\"https:\\\/\\\/rotary.fi\\\/kauhavarc\\\/#website\"},\"primaryImageOfPage\":{\"@id\":\"https:\\\/\\\/rotary.fi\\\/kauhavarc\\\/menneiden-kausien-klubiohjelmia\\\/kauden-1978-1979-ohjelma\\\/#primaryimage\"},\"image\":{\"@id\":\"https:\\\/\\\/rotary.fi\\\/kauhavarc\\\/menneiden-kausien-klubiohjelmia\\\/kauden-1978-1979-ohjelma\\\/#primaryimage\"},\"thumbnailUrl\":\"https:\\\/\\\/rotary.fi\\\/kauhavarc\\\/wp-content\\\/uploads\\\/sites\\\/22\\\/2020\\\/06\\\/vuosi-1979-a.jpg\",\"datePublished\":\"2020-06-02T14:08:16+00:00\",\"dateModified\":\"2020-06-14T08:43:22+00:00\",\"breadcrumb\":{\"@id\":\"https:\\\/\\\/rotary.fi\\\/kauhavarc\\\/menneiden-kausien-klubiohjelmia\\\/kauden-1978-1979-ohjelma\\\/#breadcrumb\"},\"inLanguage\":\"fi\",\"potentialAction\":[{\"@type\":\"ReadAction\",\"target\":[\"https:\\\/\\\/rotary.fi\\\/kauhavarc\\\/menneiden-kausien-klubiohjelmia\\\/kauden-1978-1979-ohjelma\\\/\"]}]},{\"@type\":\"ImageObject\",\"inLanguage\":\"fi\",\"@id\":\"https:\\\/\\\/rotary.fi\\\/kauhavarc\\\/menneiden-kausien-klubiohjelmia\\\/kauden-1978-1979-ohjelma\\\/#primaryimage\",\"url\":\"https:\\\/\\\/rotary.fi\\\/kauhavarc\\\/wp-content\\\/uploads\\\/sites\\\/22\\\/2020\\\/06\\\/vuosi-1979-a.jpg\",\"contentUrl\":\"https:\\\/\\\/rotary.fi\\\/kauhavarc\\\/wp-content\\\/uploads\\\/sites\\\/22\\\/2020\\\/06\\\/vuosi-1979-a.jpg\",\"width\":751,\"height\":768},{\"@type\":\"BreadcrumbList\",\"@id\":\"https:\\\/\\\/rotary.fi\\\/kauhavarc\\\/menneiden-kausien-klubiohjelmia\\\/kauden-1978-1979-ohjelma\\\/#breadcrumb\",\"itemListElement\":[{\"@type\":\"ListItem\",\"position\":1,\"name\":\"Home\",\"item\":\"https:\\\/\\\/rotary.fi\\\/kauhavarc\\\/\"},{\"@type\":\"ListItem\",\"position\":2,\"name\":\"Menneiden kausien klubiohjelmia\",\"item\":\"https:\\\/\\\/rotary.fi\\\/kauhavarc\\\/menneiden-kausien-klubiohjelmia\\\/\"},{\"@type\":\"ListItem\",\"position\":3,\"name\":\"Kauden 1978 &#8211; 1979 Ohjelma\"}]},{\"@type\":\"WebSite\",\"@id\":\"https:\\\/\\\/rotary.fi\\\/kauhavarc\\\/#website\",\"url\":\"https:\\\/\\\/rotary.fi\\\/kauhavarc\\\/\",\"name\":\"Kauhavan Rotaryklubi ry\",\"description\":\"Uusi Rotary klubisivusto\",\"potentialAction\":[{\"@type\":\"SearchAction\",\"target\":{\"@type\":\"EntryPoint\",\"urlTemplate\":\"https:\\\/\\\/rotary.fi\\\/kauhavarc\\\/?s={search_term_string}\"},\"query-input\":{\"@type\":\"PropertyValueSpecification\",\"valueRequired\":true,\"valueName\":\"search_term_string\"}}],\"inLanguage\":\"fi\"}]}<\/script>\n<!-- \/ Yoast SEO plugin. -->","yoast_head_json":{"title":"Kauden 1978 - 1979 Ohjelma - Kauhavan Rotaryklubi ry","robots":{"index":"index","follow":"follow","max-snippet":"max-snippet:-1","max-image-preview":"max-image-preview:large","max-video-preview":"max-video-preview:-1"},"canonical":"https:\/\/rotary.fi\/kauhavarc\/menneiden-kausien-klubiohjelmia\/kauden-1978-1979-ohjelma\/","og_locale":"fi_FI","og_type":"article","og_title":"Kauden 1978 - 1979 Ohjelma - Kauhavan Rotaryklubi ry","og_description":"Kauhavan Rotaryklubin kauden 1978 - 79 VuosikalenteriPresidentti: Jussi Tuuri\u00a0 \u00a0-\u00a0 \u00a0Sihteeri: Pekka Liias &nbsp; &nbsp; &nbsp; Viikkokalenterit suunniteltiin ja painettiin jo ennen kauden alkua. Niinp\u00e4 niiss\u00e4 yleens\u00e4 mainittiin esitelm\u00e4st\u00e4 vastaava, mutta esitelm\u00e4n aihe on useinkin auki. My\u00f6skin ohjelmamuutoksia tapahtui tuolloinkin. Totuus lopullisesta ohjelmasta l\u00f6ytyy sitten viikkoselosteista ja toimintakertomuksista. T\u00e4ss\u00e4 vertailun vuoksi my\u00f6s ote kauden 1978-79 [&hellip;]","og_url":"https:\/\/rotary.fi\/kauhavarc\/menneiden-kausien-klubiohjelmia\/kauden-1978-1979-ohjelma\/","og_site_name":"Kauhavan Rotaryklubi ry","article_modified_time":"2020-06-14T08:43:22+00:00","og_image":[{"url":"https:\/\/rotary.fi\/kauhavarc\/wp-content\/uploads\/sites\/22\/2020\/06\/vuosi-1979-a.jpg","type":"","width":"","height":""}],"twitter_card":"summary_large_image","twitter_misc":{"Arvioitu lukuaika":"1 minuutti"},"schema":{"@context":"https:\/\/schema.org","@graph":[{"@type":"WebPage","@id":"https:\/\/rotary.fi\/kauhavarc\/menneiden-kausien-klubiohjelmia\/kauden-1978-1979-ohjelma\/","url":"https:\/\/rotary.fi\/kauhavarc\/menneiden-kausien-klubiohjelmia\/kauden-1978-1979-ohjelma\/","name":"Kauden 1978 - 1979 Ohjelma - Kauhavan Rotaryklubi ry","isPartOf":{"@id":"https:\/\/rotary.fi\/kauhavarc\/#website"},"primaryImageOfPage":{"@id":"https:\/\/rotary.fi\/kauhavarc\/menneiden-kausien-klubiohjelmia\/kauden-1978-1979-ohjelma\/#primaryimage"},"image":{"@id":"https:\/\/rotary.fi\/kauhavarc\/menneiden-kausien-klubiohjelmia\/kauden-1978-1979-ohjelma\/#primaryimage"},"thumbnailUrl":"https:\/\/rotary.fi\/kauhavarc\/wp-content\/uploads\/sites\/22\/2020\/06\/vuosi-1979-a.jpg","datePublished":"2020-06-02T14:08:16+00:00","dateModified":"2020-06-14T08:43:22+00:00","breadcrumb":{"@id":"https:\/\/rotary.fi\/kauhavarc\/menneiden-kausien-klubiohjelmia\/kauden-1978-1979-ohjelma\/#breadcrumb"},"inLanguage":"fi","potentialAction":[{"@type":"ReadAction","target":["https:\/\/rotary.fi\/kauhavarc\/menneiden-kausien-klubiohjelmia\/kauden-1978-1979-ohjelma\/"]}]},{"@type":"ImageObject","inLanguage":"fi","@id":"https:\/\/rotary.fi\/kauhavarc\/menneiden-kausien-klubiohjelmia\/kauden-1978-1979-ohjelma\/#primaryimage","url":"https:\/\/rotary.fi\/kauhavarc\/wp-content\/uploads\/sites\/22\/2020\/06\/vuosi-1979-a.jpg","contentUrl":"https:\/\/rotary.fi\/kauhavarc\/wp-content\/uploads\/sites\/22\/2020\/06\/vuosi-1979-a.jpg","width":751,"height":768},{"@type":"BreadcrumbList","@id":"https:\/\/rotary.fi\/kauhavarc\/menneiden-kausien-klubiohjelmia\/kauden-1978-1979-ohjelma\/#breadcrumb","itemListElement":[{"@type":"ListItem","position":1,"name":"Home","item":"https:\/\/rotary.fi\/kauhavarc\/"},{"@type":"ListItem","position":2,"name":"Menneiden kausien klubiohjelmia","item":"https:\/\/rotary.fi\/kauhavarc\/menneiden-kausien-klubiohjelmia\/"},{"@type":"ListItem","position":3,"name":"Kauden 1978 &#8211; 1979 Ohjelma"}]},{"@type":"WebSite","@id":"https:\/\/rotary.fi\/kauhavarc\/#website","url":"https:\/\/rotary.fi\/kauhavarc\/","name":"Kauhavan Rotaryklubi ry","description":"Uusi Rotary klubisivusto","potentialAction":[{"@type":"SearchAction","target":{"@type":"EntryPoint","urlTemplate":"https:\/\/rotary.fi\/kauhavarc\/?s={search_term_string}"},"query-input":{"@type":"PropertyValueSpecification","valueRequired":true,"valueName":"search_term_string"}}],"inLanguage":"fi"}]}},"lang":"fi","translations":{"fi":2714},"pll_sync_post":[],"_links":{"self":[{"href":"https:\/\/rotary.fi\/kauhavarc\/wp-json\/wp\/v2\/pages\/2714","targetHints":{"allow":["GET"]}}],"collection":[{"href":"https:\/\/rotary.fi\/kauhavarc\/wp-json\/wp\/v2\/pages"}],"about":[{"href":"https:\/\/rotary.fi\/kauhavarc\/wp-json\/wp\/v2\/types\/page"}],"author":[{"embeddable":true,"href":"https:\/\/rotary.fi\/kauhavarc\/wp-json\/wp\/v2\/users\/16"}],"replies":[{"embeddable":true,"href":"https:\/\/rotary.fi\/kauhavarc\/wp-json\/wp\/v2\/comments?post=2714"}],"version-history":[{"count":11,"href":"https:\/\/rotary.fi\/kauhavarc\/wp-json\/wp\/v2\/pages\/2714\/revisions"}],"predecessor-version":[{"id":2900,"href":"https:\/\/rotary.fi\/kauhavarc\/wp-json\/wp\/v2\/pages\/2714\/revisions\/2900"}],"up":[{"embeddable":true,"href":"https:\/\/rotary.fi\/kauhavarc\/wp-json\/wp\/v2\/pages\/2015"}],"wp:attachment":[{"href":"https:\/\/rotary.fi\/kauhavarc\/wp-json\/wp\/v2\/media?parent=2714"}],"curies":[{"name":"wp","href":"https:\/\/api.w.org\/{rel}","templated":true}]}}