{"id":2654,"date":"2020-06-02T14:41:31","date_gmt":"2020-06-02T11:41:31","guid":{"rendered":"https:\/\/rotary.fi\/kauhavarc\/?page_id=2654"},"modified":"2020-06-12T22:48:11","modified_gmt":"2020-06-12T19:48:11","slug":"jatkankynttilaprojekti","status":"publish","type":"page","link":"https:\/\/rotary.fi\/kauhavarc\/mita-teemme\/projektit\/jatkankynttilaprojekti\/","title":{"rendered":"J\u00e4tk\u00e4nkynttil\u00e4projekti"},"content":{"rendered":"<p>[et_pb_section fb_built=&#8221;1&#8243; _builder_version=&#8221;3.22&#8243;][et_pb_row _builder_version=&#8221;3.25&#8243; background_size=&#8221;initial&#8221; background_position=&#8221;top_left&#8221; background_repeat=&#8221;repeat&#8221;][et_pb_column type=&#8221;4_4&#8243; _builder_version=&#8221;3.25&#8243; custom_padding=&#8221;|||&#8221; custom_padding__hover=&#8221;|||&#8221;][et_pb_text admin_label=&#8221;Teksti&#8221; _builder_version=&#8221;4.4.8&#8243; background_size=&#8221;initial&#8221; background_position=&#8221;top_left&#8221; background_repeat=&#8221;repeat&#8221;]<\/p>\n<p style=\"text-align: left\">Presidentti Heikki Per\u00e4l\u00e4n aloitteesta klubimme piti marraskuussa useita talkoita, jossa tehtiin porukalla perinteisi\u00e4 j\u00e4tk\u00e4nkynttil\u00f6it\u00e4 lahjoituksena saadusta kelopuu p\u00f6lleist\u00e4.<\/p>\n<p><img loading=\"lazy\" decoding=\"async\" class=\"alignnone size-large wp-image-2655\" src=\"https:\/\/rotary.fi\/kauhavarc\/wp-content\/uploads\/sites\/22\/2020\/06\/5d4a9020-1024x672.jpg\" alt=\"\" width=\"1024\" height=\"672\" srcset=\"https:\/\/rotary.fi\/kauhavarc\/wp-content\/uploads\/sites\/22\/2020\/06\/5d4a9020-980x644.jpg 980w, https:\/\/rotary.fi\/kauhavarc\/wp-content\/uploads\/sites\/22\/2020\/06\/5d4a9020-480x315.jpg 480w\" sizes=\"(min-width: 0px) and (max-width: 480px) 480px, (min-width: 481px) and (max-width: 980px) 980px, (min-width: 981px) 1024px, 100vw\" \/><\/p>\n<p style=\"text-align: left\"><img loading=\"lazy\" decoding=\"async\" class=\"alignnone size-large wp-image-2656\" src=\"https:\/\/rotary.fi\/kauhavarc\/wp-content\/uploads\/sites\/22\/2020\/06\/5d4a9059-1024x691.jpg\" alt=\"\" width=\"1024\" height=\"691\" srcset=\"https:\/\/rotary.fi\/kauhavarc\/wp-content\/uploads\/sites\/22\/2020\/06\/5d4a9059-980x661.jpg 980w, https:\/\/rotary.fi\/kauhavarc\/wp-content\/uploads\/sites\/22\/2020\/06\/5d4a9059-480x324.jpg 480w\" sizes=\"(min-width: 0px) and (max-width: 480px) 480px, (min-width: 481px) and (max-width: 980px) 980px, (min-width: 981px) 1024px, 100vw\" \/><\/p>\n<p style=\"text-align: left\"><img loading=\"lazy\" decoding=\"async\" class=\"alignnone size-large wp-image-2658\" src=\"https:\/\/rotary.fi\/kauhavarc\/wp-content\/uploads\/sites\/22\/2020\/06\/5d4a9068-1024x673.jpg\" alt=\"\" width=\"1024\" height=\"673\" srcset=\"https:\/\/rotary.fi\/kauhavarc\/wp-content\/uploads\/sites\/22\/2020\/06\/5d4a9068-980x644.jpg 980w, https:\/\/rotary.fi\/kauhavarc\/wp-content\/uploads\/sites\/22\/2020\/06\/5d4a9068-480x316.jpg 480w\" sizes=\"(min-width: 0px) and (max-width: 480px) 480px, (min-width: 481px) and (max-width: 980px) 980px, (min-width: 981px) 1024px, 100vw\" \/><\/p>\n<p><img loading=\"lazy\" decoding=\"async\" class=\"alignnone size-large wp-image-2657\" src=\"https:\/\/rotary.fi\/kauhavarc\/wp-content\/uploads\/sites\/22\/2020\/06\/5d4a9066-1024x683.jpg\" alt=\"\" width=\"1024\" height=\"683\" srcset=\"https:\/\/rotary.fi\/kauhavarc\/wp-content\/uploads\/sites\/22\/2020\/06\/5d4a9066-980x654.jpg 980w, https:\/\/rotary.fi\/kauhavarc\/wp-content\/uploads\/sites\/22\/2020\/06\/5d4a9066-480x320.jpg 480w\" sizes=\"(min-width: 0px) and (max-width: 480px) 480px, (min-width: 481px) and (max-width: 980px) 980px, (min-width: 981px) 1024px, 100vw\" \/><\/p>\n<p>Valmiita j\u00e4tk\u00e4nkynttil\u00f6it\u00e4 myytiin sitten niin Kauhavan torilla kuin K-kauppatien aulassakin. Lis\u00e4ksi niit\u00e4 lahjoittettiin Kauhavalaisiin itsen\u00e4isyysp\u00e4iv\u00e4n juhlallisuuksiin.<\/p>\n<p><img loading=\"lazy\" decoding=\"async\" class=\"alignnone size-large wp-image-2659\" src=\"https:\/\/rotary.fi\/kauhavarc\/wp-content\/uploads\/sites\/22\/2020\/06\/vaaka-1024x476.jpg\" alt=\"\" width=\"1024\" height=\"476\" srcset=\"https:\/\/rotary.fi\/kauhavarc\/wp-content\/uploads\/sites\/22\/2020\/06\/vaaka-980x456.jpg 980w, https:\/\/rotary.fi\/kauhavarc\/wp-content\/uploads\/sites\/22\/2020\/06\/vaaka-480x223.jpg 480w\" sizes=\"(min-width: 0px) and (max-width: 480px) 480px, (min-width: 481px) and (max-width: 980px) 980px, (min-width: 981px) 1024px, 100vw\" \/><\/p>\n<p>Torikauppiaina veljet Jaakko, Heikki, Karre sek\u00e4 Leo. Presidenttisk\u00e4 Beritkin k\u00e4vi v\u00e4h\u00e4n tsemppaamassa poikia.<\/p>\n<p><img loading=\"lazy\" decoding=\"async\" class=\"alignnone size-large wp-image-2660\" src=\"https:\/\/rotary.fi\/kauhavarc\/wp-content\/uploads\/sites\/22\/2020\/06\/20191216_135019-1-1024x823.jpg\" alt=\"\" width=\"1024\" height=\"823\" srcset=\"https:\/\/rotary.fi\/kauhavarc\/wp-content\/uploads\/sites\/22\/2020\/06\/20191216_135019-1-980x788.jpg 980w, https:\/\/rotary.fi\/kauhavarc\/wp-content\/uploads\/sites\/22\/2020\/06\/20191216_135019-1-480x386.jpg 480w\" sizes=\"(min-width: 0px) and (max-width: 480px) 480px, (min-width: 481px) and (max-width: 980px) 980px, (min-width: 981px) 1024px, 100vw\" \/><\/p>\n<p>Karun miehek\u00e4s myyntipisteemme K-Kauppatien aulassa. Alla myyntitykkein\u00e4 veljet Heikki, Seppo ja Esa.<\/p>\n<p><img loading=\"lazy\" decoding=\"async\" class=\"size-large wp-image-2661 aligncenter\" src=\"https:\/\/rotary.fi\/kauhavarc\/wp-content\/uploads\/sites\/22\/2020\/06\/veojet.jpg\" alt=\"\" width=\"604\" height=\"768\" srcset=\"https:\/\/rotary.fi\/kauhavarc\/wp-content\/uploads\/sites\/22\/2020\/06\/veojet.jpg 604w, https:\/\/rotary.fi\/kauhavarc\/wp-content\/uploads\/sites\/22\/2020\/06\/veojet-480x610.jpg 480w\" sizes=\"(min-width: 0px) and (max-width: 480px) 480px, (min-width: 481px) 604px, 100vw\" \/><\/p>\n<p><img loading=\"lazy\" decoding=\"async\" class=\"size-full wp-image-2662 aligncenter\" src=\"https:\/\/rotary.fi\/kauhavarc\/wp-content\/uploads\/sites\/22\/2020\/06\/itsenaisyyspaiva.jpg\" alt=\"\" width=\"1024\" height=\"444\" srcset=\"https:\/\/rotary.fi\/kauhavarc\/wp-content\/uploads\/sites\/22\/2020\/06\/itsenaisyyspaiva.jpg 1024w, https:\/\/rotary.fi\/kauhavarc\/wp-content\/uploads\/sites\/22\/2020\/06\/itsenaisyyspaiva-980x425.jpg 980w, https:\/\/rotary.fi\/kauhavarc\/wp-content\/uploads\/sites\/22\/2020\/06\/itsenaisyyspaiva-480x208.jpg 480w\" sizes=\"(min-width: 0px) and (max-width: 480px) 480px, (min-width: 481px) and (max-width: 980px) 980px, (min-width: 981px) 1024px, 100vw\" \/><\/p>\n<p>Klubin j\u00e4tk\u00e4nkynttil\u00f6it\u00e4 itsen\u00e4isyysp\u00e4iv\u00e4n\u00e4 Y-kinolla\u00a0 juhlistamassa Tuntematon Sotilas elokuvan erityisn\u00e4yt\u00f6st\u00e4 sek\u00e4 illalla Kauhavan Lentokonepuiston vitriinien edustalla.<\/p>\n<p>[\/et_pb_text][et_pb_button button_url=&#8221;https:\/\/rotary.fi\/kauhavarc\/mita-teemme\/projektit\/&#8221; button_text=&#8221;Takaisin&#8221; admin_label=&#8221;Takaisin projekteihin painike&#8221; _builder_version=&#8221;4.4.8&#8243; hover_enabled=&#8221;0&#8243; button_alignment=&#8221;center&#8221;][\/et_pb_button][\/et_pb_column][\/et_pb_row][\/et_pb_section]<\/p>\n","protected":false},"excerpt":{"rendered":"<p>Presidentti Heikki Per\u00e4l\u00e4n aloitteesta klubimme piti marraskuussa useita talkoita, jossa tehtiin porukalla perinteisi\u00e4 j\u00e4tk\u00e4nkynttil\u00f6it\u00e4 lahjoituksena saadusta kelopuu p\u00f6lleist\u00e4. Valmiita j\u00e4tk\u00e4nkynttil\u00f6it\u00e4 myytiin sitten niin Kauhavan torilla kuin K-kauppatien aulassakin. Lis\u00e4ksi niit\u00e4 lahjoittettiin Kauhavalaisiin itsen\u00e4isyysp\u00e4iv\u00e4n juhlallisuuksiin. Torikauppiaina veljet Jaakko, Heikki, Karre sek\u00e4 Leo. Presidenttisk\u00e4 Beritkin k\u00e4vi v\u00e4h\u00e4n tsemppaamassa poikia. Karun miehek\u00e4s myyntipisteemme K-Kauppatien aulassa. Alla myyntitykkein\u00e4 veljet [&hellip;]<\/p>\n","protected":false},"author":16,"featured_media":0,"parent":156,"menu_order":0,"comment_status":"closed","ping_status":"closed","template":"","meta":{"_acf_changed":false,"_et_pb_use_builder":"on","_et_pb_old_content":"<p style=\"text-align: left;\">Presidentti heikki Per\u00e4l\u00e4n aloitteesta klubimme piti marraskuussa useita talkoita, jossa tehtiin porukalla perinteis\u00e4 j\u00e4tk\u00e4nkynttil\u00f6it\u00e4 lahjoituksena saadusta kelopuu p\u00f6lleist\u00e4.<\/p><p><img class=\"alignnone size-large wp-image-2655\" src=\"https:\/\/rotary.fi\/kauhavarc\/wp-content\/uploads\/sites\/22\/2020\/06\/5d4a9020-1024x672.jpg\" alt=\"\" width=\"1024\" height=\"672\" \/><\/p><p style=\"text-align: left;\"><img class=\"alignnone size-large wp-image-2656\" src=\"https:\/\/rotary.fi\/kauhavarc\/wp-content\/uploads\/sites\/22\/2020\/06\/5d4a9059-1024x691.jpg\" alt=\"\" width=\"1024\" height=\"691\" \/><\/p><p style=\"text-align: left;\"><img class=\"alignnone size-large wp-image-2658\" src=\"https:\/\/rotary.fi\/kauhavarc\/wp-content\/uploads\/sites\/22\/2020\/06\/5d4a9068-1024x673.jpg\" alt=\"\" width=\"1024\" height=\"673\" \/><\/p><p><img class=\"alignnone size-large wp-image-2657\" src=\"https:\/\/rotary.fi\/kauhavarc\/wp-content\/uploads\/sites\/22\/2020\/06\/5d4a9066-1024x683.jpg\" alt=\"\" width=\"1024\" height=\"683\" \/><\/p><p>Valmiita j\u00e4tk\u00e4nkynttil\u00f6it\u00e4 myytiin sitten niin Kauhavan torilla kuin K-kauppatien aulassakin. Lis\u00e4ksi niit\u00e4 lahjoittettiin Kauhavalaisiin itsen\u00e4isyysp\u00e4iv\u00e4n juhlallisuuksiin.<\/p><p><img class=\"alignnone size-large wp-image-2659\" src=\"https:\/\/rotary.fi\/kauhavarc\/wp-content\/uploads\/sites\/22\/2020\/06\/vaaka-1024x476.jpg\" alt=\"\" width=\"1024\" height=\"476\" \/><\/p><p>Torikauppiaina veljet Jaakko, Heikki, Karre sek\u00e4 Leo. Presidenttisk\u00e4 Beritkin k\u00e4vi v\u00e4h\u00e4n tsemppaamassa poikia.<\/p><p><img class=\"alignnone size-large wp-image-2660\" src=\"https:\/\/rotary.fi\/kauhavarc\/wp-content\/uploads\/sites\/22\/2020\/06\/20191216_135019-1-1024x823.jpg\" alt=\"\" width=\"1024\" height=\"823\" \/><\/p><p>Karun miehek\u00e4s myyntipisteemme K-Kauppatien aulassa. Alla myyntitykkein\u00e4 veljet Heikki, Seppo ja Esa.<\/p><p><img class=\"size-large wp-image-2661 aligncenter\" src=\"https:\/\/rotary.fi\/kauhavarc\/wp-content\/uploads\/sites\/22\/2020\/06\/veojet.jpg\" alt=\"\" width=\"604\" height=\"768\" \/><\/p><p><img class=\"size-full wp-image-2662 aligncenter\" src=\"https:\/\/rotary.fi\/kauhavarc\/wp-content\/uploads\/sites\/22\/2020\/06\/itsenaisyyspaiva.jpg\" alt=\"\" width=\"1024\" height=\"444\" \/><\/p><p>Klubin j\u00e4tk\u00e4nkynttil\u00f6it\u00e4 itsen\u00e4isyysp\u00e4iv\u00e4n\u00e4 Y-kinolla\u00a0 juhlistamassa Tuntematon Sotilas-erityisn\u00e4yt\u00f6ksen ja Kauhavan Lentokonepuiston vitriinien edustalla.<\/p>","_et_gb_content_width":"","footnotes":""},"class_list":["post-2654","page","type-page","status-publish","hentry"],"acf":[],"yoast_head":"<!-- This site is optimized with the Yoast SEO plugin v27.0 - https:\/\/yoast.com\/product\/yoast-seo-wordpress\/ -->\n<title>J\u00e4tk\u00e4nkynttil\u00e4projekti - Kauhavan Rotaryklubi ry<\/title>\n<meta name=\"robots\" content=\"index, follow, max-snippet:-1, max-image-preview:large, max-video-preview:-1\" \/>\n<link rel=\"canonical\" href=\"https:\/\/rotary.fi\/kauhavarc\/mita-teemme\/projektit\/jatkankynttilaprojekti\/\" \/>\n<meta property=\"og:locale\" content=\"fi_FI\" \/>\n<meta property=\"og:type\" content=\"article\" \/>\n<meta property=\"og:title\" content=\"J\u00e4tk\u00e4nkynttil\u00e4projekti - Kauhavan Rotaryklubi ry\" \/>\n<meta property=\"og:description\" content=\"Presidentti Heikki Per\u00e4l\u00e4n aloitteesta klubimme piti marraskuussa useita talkoita, jossa tehtiin porukalla perinteisi\u00e4 j\u00e4tk\u00e4nkynttil\u00f6it\u00e4 lahjoituksena saadusta kelopuu p\u00f6lleist\u00e4. Valmiita j\u00e4tk\u00e4nkynttil\u00f6it\u00e4 myytiin sitten niin Kauhavan torilla kuin K-kauppatien aulassakin. Lis\u00e4ksi niit\u00e4 lahjoittettiin Kauhavalaisiin itsen\u00e4isyysp\u00e4iv\u00e4n juhlallisuuksiin. Torikauppiaina veljet Jaakko, Heikki, Karre sek\u00e4 Leo. Presidenttisk\u00e4 Beritkin k\u00e4vi v\u00e4h\u00e4n tsemppaamassa poikia. Karun miehek\u00e4s myyntipisteemme K-Kauppatien aulassa. Alla myyntitykkein\u00e4 veljet [&hellip;]\" \/>\n<meta property=\"og:url\" content=\"https:\/\/rotary.fi\/kauhavarc\/mita-teemme\/projektit\/jatkankynttilaprojekti\/\" \/>\n<meta property=\"og:site_name\" content=\"Kauhavan Rotaryklubi ry\" \/>\n<meta property=\"article:modified_time\" content=\"2020-06-12T19:48:11+00:00\" \/>\n<meta property=\"og:image\" content=\"https:\/\/rotary.fi\/kauhavarc\/wp-content\/uploads\/sites\/22\/2020\/06\/5d4a9020-1024x672.jpg\" \/>\n<meta name=\"twitter:card\" content=\"summary_large_image\" \/>\n<meta name=\"twitter:label1\" content=\"Arvioitu lukuaika\" \/>\n\t<meta name=\"twitter:data1\" content=\"1 minuutti\" \/>\n<script type=\"application\/ld+json\" class=\"yoast-schema-graph\">{\"@context\":\"https:\/\/schema.org\",\"@graph\":[{\"@type\":\"WebPage\",\"@id\":\"https:\/\/rotary.fi\/kauhavarc\/mita-teemme\/projektit\/jatkankynttilaprojekti\/\",\"url\":\"https:\/\/rotary.fi\/kauhavarc\/mita-teemme\/projektit\/jatkankynttilaprojekti\/\",\"name\":\"J\u00e4tk\u00e4nkynttil\u00e4projekti - Kauhavan Rotaryklubi ry\",\"isPartOf\":{\"@id\":\"https:\/\/rotary.fi\/kauhavarc\/#website\"},\"primaryImageOfPage\":{\"@id\":\"https:\/\/rotary.fi\/kauhavarc\/mita-teemme\/projektit\/jatkankynttilaprojekti\/#primaryimage\"},\"image\":{\"@id\":\"https:\/\/rotary.fi\/kauhavarc\/mita-teemme\/projektit\/jatkankynttilaprojekti\/#primaryimage\"},\"thumbnailUrl\":\"https:\/\/rotary.fi\/kauhavarc\/wp-content\/uploads\/sites\/22\/2020\/06\/5d4a9020-1024x672.jpg\",\"datePublished\":\"2020-06-02T11:41:31+00:00\",\"dateModified\":\"2020-06-12T19:48:11+00:00\",\"breadcrumb\":{\"@id\":\"https:\/\/rotary.fi\/kauhavarc\/mita-teemme\/projektit\/jatkankynttilaprojekti\/#breadcrumb\"},\"inLanguage\":\"fi\",\"potentialAction\":[{\"@type\":\"ReadAction\",\"target\":[\"https:\/\/rotary.fi\/kauhavarc\/mita-teemme\/projektit\/jatkankynttilaprojekti\/\"]}]},{\"@type\":\"ImageObject\",\"inLanguage\":\"fi\",\"@id\":\"https:\/\/rotary.fi\/kauhavarc\/mita-teemme\/projektit\/jatkankynttilaprojekti\/#primaryimage\",\"url\":\"https:\/\/rotary.fi\/kauhavarc\/wp-content\/uploads\/sites\/22\/2020\/06\/5d4a9020.jpg\",\"contentUrl\":\"https:\/\/rotary.fi\/kauhavarc\/wp-content\/uploads\/sites\/22\/2020\/06\/5d4a9020.jpg\",\"width\":1366,\"height\":897},{\"@type\":\"BreadcrumbList\",\"@id\":\"https:\/\/rotary.fi\/kauhavarc\/mita-teemme\/projektit\/jatkankynttilaprojekti\/#breadcrumb\",\"itemListElement\":[{\"@type\":\"ListItem\",\"position\":1,\"name\":\"Home\",\"item\":\"https:\/\/rotary.fi\/kauhavarc\/\"},{\"@type\":\"ListItem\",\"position\":2,\"name\":\"Mit\u00e4 teemme\",\"item\":\"https:\/\/rotary.fi\/kauhavarc\/mita-teemme\/\"},{\"@type\":\"ListItem\",\"position\":3,\"name\":\"Takavuosien projekteja\",\"item\":\"https:\/\/rotary.fi\/kauhavarc\/mita-teemme\/projektit\/\"},{\"@type\":\"ListItem\",\"position\":4,\"name\":\"J\u00e4tk\u00e4nkynttil\u00e4projekti\"}]},{\"@type\":\"WebSite\",\"@id\":\"https:\/\/rotary.fi\/kauhavarc\/#website\",\"url\":\"https:\/\/rotary.fi\/kauhavarc\/\",\"name\":\"Kauhavan Rotaryklubi ry\",\"description\":\"Uusi Rotary klubisivusto\",\"potentialAction\":[{\"@type\":\"SearchAction\",\"target\":{\"@type\":\"EntryPoint\",\"urlTemplate\":\"https:\/\/rotary.fi\/kauhavarc\/?s={search_term_string}\"},\"query-input\":{\"@type\":\"PropertyValueSpecification\",\"valueRequired\":true,\"valueName\":\"search_term_string\"}}],\"inLanguage\":\"fi\"}]}<\/script>\n<!-- \/ Yoast SEO plugin. -->","yoast_head_json":{"title":"J\u00e4tk\u00e4nkynttil\u00e4projekti - Kauhavan Rotaryklubi ry","robots":{"index":"index","follow":"follow","max-snippet":"max-snippet:-1","max-image-preview":"max-image-preview:large","max-video-preview":"max-video-preview:-1"},"canonical":"https:\/\/rotary.fi\/kauhavarc\/mita-teemme\/projektit\/jatkankynttilaprojekti\/","og_locale":"fi_FI","og_type":"article","og_title":"J\u00e4tk\u00e4nkynttil\u00e4projekti - Kauhavan Rotaryklubi ry","og_description":"Presidentti Heikki Per\u00e4l\u00e4n aloitteesta klubimme piti marraskuussa useita talkoita, jossa tehtiin porukalla perinteisi\u00e4 j\u00e4tk\u00e4nkynttil\u00f6it\u00e4 lahjoituksena saadusta kelopuu p\u00f6lleist\u00e4. Valmiita j\u00e4tk\u00e4nkynttil\u00f6it\u00e4 myytiin sitten niin Kauhavan torilla kuin K-kauppatien aulassakin. Lis\u00e4ksi niit\u00e4 lahjoittettiin Kauhavalaisiin itsen\u00e4isyysp\u00e4iv\u00e4n juhlallisuuksiin. Torikauppiaina veljet Jaakko, Heikki, Karre sek\u00e4 Leo. Presidenttisk\u00e4 Beritkin k\u00e4vi v\u00e4h\u00e4n tsemppaamassa poikia. Karun miehek\u00e4s myyntipisteemme K-Kauppatien aulassa. Alla myyntitykkein\u00e4 veljet [&hellip;]","og_url":"https:\/\/rotary.fi\/kauhavarc\/mita-teemme\/projektit\/jatkankynttilaprojekti\/","og_site_name":"Kauhavan Rotaryklubi ry","article_modified_time":"2020-06-12T19:48:11+00:00","og_image":[{"url":"https:\/\/rotary.fi\/kauhavarc\/wp-content\/uploads\/sites\/22\/2020\/06\/5d4a9020-1024x672.jpg","type":"","width":"","height":""}],"twitter_card":"summary_large_image","twitter_misc":{"Arvioitu lukuaika":"1 minuutti"},"schema":{"@context":"https:\/\/schema.org","@graph":[{"@type":"WebPage","@id":"https:\/\/rotary.fi\/kauhavarc\/mita-teemme\/projektit\/jatkankynttilaprojekti\/","url":"https:\/\/rotary.fi\/kauhavarc\/mita-teemme\/projektit\/jatkankynttilaprojekti\/","name":"J\u00e4tk\u00e4nkynttil\u00e4projekti - Kauhavan Rotaryklubi ry","isPartOf":{"@id":"https:\/\/rotary.fi\/kauhavarc\/#website"},"primaryImageOfPage":{"@id":"https:\/\/rotary.fi\/kauhavarc\/mita-teemme\/projektit\/jatkankynttilaprojekti\/#primaryimage"},"image":{"@id":"https:\/\/rotary.fi\/kauhavarc\/mita-teemme\/projektit\/jatkankynttilaprojekti\/#primaryimage"},"thumbnailUrl":"https:\/\/rotary.fi\/kauhavarc\/wp-content\/uploads\/sites\/22\/2020\/06\/5d4a9020-1024x672.jpg","datePublished":"2020-06-02T11:41:31+00:00","dateModified":"2020-06-12T19:48:11+00:00","breadcrumb":{"@id":"https:\/\/rotary.fi\/kauhavarc\/mita-teemme\/projektit\/jatkankynttilaprojekti\/#breadcrumb"},"inLanguage":"fi","potentialAction":[{"@type":"ReadAction","target":["https:\/\/rotary.fi\/kauhavarc\/mita-teemme\/projektit\/jatkankynttilaprojekti\/"]}]},{"@type":"ImageObject","inLanguage":"fi","@id":"https:\/\/rotary.fi\/kauhavarc\/mita-teemme\/projektit\/jatkankynttilaprojekti\/#primaryimage","url":"https:\/\/rotary.fi\/kauhavarc\/wp-content\/uploads\/sites\/22\/2020\/06\/5d4a9020.jpg","contentUrl":"https:\/\/rotary.fi\/kauhavarc\/wp-content\/uploads\/sites\/22\/2020\/06\/5d4a9020.jpg","width":1366,"height":897},{"@type":"BreadcrumbList","@id":"https:\/\/rotary.fi\/kauhavarc\/mita-teemme\/projektit\/jatkankynttilaprojekti\/#breadcrumb","itemListElement":[{"@type":"ListItem","position":1,"name":"Home","item":"https:\/\/rotary.fi\/kauhavarc\/"},{"@type":"ListItem","position":2,"name":"Mit\u00e4 teemme","item":"https:\/\/rotary.fi\/kauhavarc\/mita-teemme\/"},{"@type":"ListItem","position":3,"name":"Takavuosien projekteja","item":"https:\/\/rotary.fi\/kauhavarc\/mita-teemme\/projektit\/"},{"@type":"ListItem","position":4,"name":"J\u00e4tk\u00e4nkynttil\u00e4projekti"}]},{"@type":"WebSite","@id":"https:\/\/rotary.fi\/kauhavarc\/#website","url":"https:\/\/rotary.fi\/kauhavarc\/","name":"Kauhavan Rotaryklubi ry","description":"Uusi Rotary klubisivusto","potentialAction":[{"@type":"SearchAction","target":{"@type":"EntryPoint","urlTemplate":"https:\/\/rotary.fi\/kauhavarc\/?s={search_term_string}"},"query-input":{"@type":"PropertyValueSpecification","valueRequired":true,"valueName":"search_term_string"}}],"inLanguage":"fi"}]}},"lang":"fi","translations":{"fi":2654},"pll_sync_post":[],"_links":{"self":[{"href":"https:\/\/rotary.fi\/kauhavarc\/wp-json\/wp\/v2\/pages\/2654","targetHints":{"allow":["GET"]}}],"collection":[{"href":"https:\/\/rotary.fi\/kauhavarc\/wp-json\/wp\/v2\/pages"}],"about":[{"href":"https:\/\/rotary.fi\/kauhavarc\/wp-json\/wp\/v2\/types\/page"}],"author":[{"embeddable":true,"href":"https:\/\/rotary.fi\/kauhavarc\/wp-json\/wp\/v2\/users\/16"}],"replies":[{"embeddable":true,"href":"https:\/\/rotary.fi\/kauhavarc\/wp-json\/wp\/v2\/comments?post=2654"}],"version-history":[{"count":9,"href":"https:\/\/rotary.fi\/kauhavarc\/wp-json\/wp\/v2\/pages\/2654\/revisions"}],"predecessor-version":[{"id":2798,"href":"https:\/\/rotary.fi\/kauhavarc\/wp-json\/wp\/v2\/pages\/2654\/revisions\/2798"}],"up":[{"embeddable":true,"href":"https:\/\/rotary.fi\/kauhavarc\/wp-json\/wp\/v2\/pages\/156"}],"wp:attachment":[{"href":"https:\/\/rotary.fi\/kauhavarc\/wp-json\/wp\/v2\/media?parent=2654"}],"curies":[{"name":"wp","href":"https:\/\/api.w.org\/{rel}","templated":true}]}}