{"id":2627,"date":"2020-06-02T11:31:38","date_gmt":"2020-06-02T08:31:38","guid":{"rendered":"https:\/\/rotary.fi\/kauhavarc\/?page_id=2627"},"modified":"2020-06-02T18:52:14","modified_gmt":"2020-06-02T15:52:14","slug":"kauhavan-rotaryklubin-viikko-ohjelma-2008-2009","status":"publish","type":"page","link":"https:\/\/rotary.fi\/kauhavarc\/menneiden-kausien-klubiohjelmia\/kauhavan-rotaryklubin-viikko-ohjelma-2008-2009\/","title":{"rendered":"Kauhavan Rotaryklubin ohjelma 2008-2009"},"content":{"rendered":"<p>[et_pb_section fb_built=&#8221;1&#8243; _builder_version=&#8221;3.22&#8243;][et_pb_row admin_label=&#8221;Rivi&#8221; _builder_version=&#8221;4.4.1&#8243; background_size=&#8221;initial&#8221; background_position=&#8221;top_left&#8221; background_repeat=&#8221;repeat&#8221;][et_pb_column type=&#8221;4_4&#8243; _builder_version=&#8221;3.25&#8243; custom_padding=&#8221;|||&#8221; custom_padding__hover=&#8221;|||&#8221;][et_pb_text admin_label=&#8221;Teksti&#8221; _builder_version=&#8221;4.4.1&#8243;]<\/p>\n<h3 style=\"text-align: center\">Kauhavan Rotaryklubin ohjelma 2008 &#8211; 2009<\/h3>\n<p>[\/et_pb_text][et_pb_text admin_label=&#8221;Teksti&#8221; _builder_version=&#8221;4.4.1&#8243; background_size=&#8221;initial&#8221; background_position=&#8221;top_left&#8221; background_repeat=&#8221;repeat&#8221;]<\/p>\n<p style=\"text-align: center\"><strong>Presidentti:\u00a0 Jaakko Per\u00e4l\u00e4\u00a0 &#8211;\u00a0 sihteeri:\u00a0 Ilkka Peura<\/strong><\/p>\n<p style=\"text-align: center\"><strong>Vuoden teema:\u00a0 uusi Kauhava tutuksi<\/strong><\/p>\n<table width=\"729\">\n<tbody>\n<tr>\n<td width=\"64\">\u00a0<\/td>\n<td width=\"350\">\u00a0<\/td>\n<td width=\"170\">Alustaja<\/td>\n<td width=\"145\">Tietoisku<\/td>\n<\/tr>\n<tr>\n<td>ELO<\/td>\n<td>J\u00c4SENIST\u00d6N JA LAAJENNUSTY\u00d6N KUUKAUSI<\/td>\n<td>\u00a0<\/td>\n<td>\u00a0<\/td>\n<\/tr>\n<tr>\n<td>7.8.<\/td>\n<td>Sauna ja ajankohtaista kuukauden ajalta<\/td>\n<td>Ahopelto<\/td>\n<td>Jouppi<\/td>\n<\/tr>\n<tr>\n<td>14.8.<\/td>\n<td>Eero Paavola: esitelm\u00e4<\/td>\n<td>\u00a0<\/td>\n<td>Karppinen<\/td>\n<\/tr>\n<tr>\n<td>21.8.<\/td>\n<td>V\u00e4h\u00e4passi Matti &#8211; ty\u00f6paikan esittely<\/td>\n<td>\u00a0<\/td>\n<td>Karre<\/td>\n<\/tr>\n<tr>\n<td>28.8.<\/td>\n<td>Vierailu Stroiteliin Kauhava Viinikka<\/td>\n<td>\u00a0<\/td>\n<td>\u00a0<\/td>\n<\/tr>\n<tr>\n<td>\u00a0<\/td>\n<td>\u00a0<\/td>\n<td>\u00a0<\/td>\n<td>\u00a0<\/td>\n<\/tr>\n<tr>\n<td>SYYS<\/td>\n<td>UUSIEN SUKUPOLVIEN KUUKAUSI<\/td>\n<td>\u00a0<\/td>\n<td>\u00a0<\/td>\n<\/tr>\n<tr>\n<td>4.9.<\/td>\n<td>Anni Per\u00e4l\u00e4 kertoo vaihtariajasta \/Matti Jouppi<\/td>\n<td>Alahuhtala<\/td>\n<td>Katajam\u00e4ki<\/td>\n<\/tr>\n<tr>\n<td>11.9.<\/td>\n<td>Tolla Petri &#8211; Sun Tzun opit<\/td>\n<td>\u00a0<\/td>\n<td>Koivula<\/td>\n<\/tr>\n<tr>\n<td>18.9.<\/td>\n<td>Kauhavan uusi srk &#8211;\u00a0 Ruotsala Seppo\/M\u00e4ki Risto<\/td>\n<td>\u00a0<\/td>\n<td>Koivusalo<\/td>\n<\/tr>\n<tr>\n<td>25.9.<\/td>\n<td>Haapala Terho &#8211; Rotariretki laavulle<\/td>\n<td>\u00a0<\/td>\n<td>\u00a0<\/td>\n<\/tr>\n<tr>\n<td>\u00a0<\/td>\n<td>\u00a0<\/td>\n<td>\u00a0<\/td>\n<td>\u00a0<\/td>\n<\/tr>\n<tr>\n<td>LOKA<\/td>\n<td>AMMATTIPALVELUN KUUKAUSI<\/td>\n<td>\u00a0<\/td>\n<td>\u00a0<\/td>\n<\/tr>\n<tr>\n<td>2.10.<\/td>\n<td>Kuvern\u00f6\u00f6rin vierailu<\/td>\n<td>\u00a0<\/td>\n<td>Kuoppala<\/td>\n<\/tr>\n<tr>\n<td>9.10.<\/td>\n<td>Vierailu Antti ja Tarja Isotalon luona Alah\u00e4rm\u00e4ss\u00e4<\/td>\n<td>\u00a0<\/td>\n<td>\u00a0<\/td>\n<\/tr>\n<tr>\n<td>16.10.<\/td>\n<td>Takamaa Seppo; p\u00e4iv\u00e4 jatkosotaan<\/td>\n<td>\u00a0<\/td>\n<td>Laakso<\/td>\n<\/tr>\n<tr>\n<td>23.10.<\/td>\n<td>Ei esitelm\u00e4\u00e4<\/td>\n<td>\u00a0<\/td>\n<td>Lagerstedt<\/td>\n<\/tr>\n<tr>\n<td>30.10.<\/td>\n<td>Vuosikokous. Matti V\u00e4h\u00e4passin asiaa, jos aikaa j\u00e4\u00e4<\/td>\n<td>\u00a0<\/td>\n<td>\u00a0<\/td>\n<\/tr>\n<tr>\n<td>\u00a0<\/td>\n<td>\u00a0<\/td>\n<td>\u00a0<\/td>\n<td>\u00a0<\/td>\n<\/tr>\n<tr>\n<td>MARRAS<\/td>\n<td>ROTARYS\u00c4\u00c4TI\u00d6N KUUKAUSI<\/td>\n<td>\u00a0<\/td>\n<td>\u00a0<\/td>\n<\/tr>\n<tr>\n<td>6.11.<\/td>\n<td>Sauna ja ajankohtaista. Vaihtari Anni Per\u00e4l\u00e4<\/td>\n<td>Alanen<\/td>\n<td>Laitila<\/td>\n<\/tr>\n<tr>\n<td>13.11.<\/td>\n<td>Jussi Veneranta ja valokuvaus<\/td>\n<td>\u00a0<\/td>\n<td>\u00a0<\/td>\n<\/tr>\n<tr>\n<td>20.11.<\/td>\n<td>Lasse M\u00e4kinen kertoo Uudesta Kauhavasta<\/td>\n<td>\u00a0<\/td>\n<td>Liias<\/td>\n<\/tr>\n<tr>\n<td>27.11.<\/td>\n<td>Perheilta. Peura Ilkka juontaa illan<\/td>\n<td>\u00a0<\/td>\n<td>\u00a0<\/td>\n<\/tr>\n<tr>\n<td>28.11.<\/td>\n<td>Pikkujouluteatteri Vaasassa<\/td>\n<td>\u00a0<\/td>\n<td>\u00a0<\/td>\n<\/tr>\n<tr>\n<td>JOULU<\/td>\n<td>\u00a0<\/td>\n<td>\u00a0<\/td>\n<td>\u00a0<\/td>\n<\/tr>\n<tr>\n<td>4.12.<\/td>\n<td>Ssauna ja ajankohtaista. Esitelm\u00e4 Jorma Risku<\/td>\n<td>Haapala<\/td>\n<td>Olli<\/td>\n<\/tr>\n<tr>\n<td>11.12.<\/td>\n<td>Eero Paavola: kylm\u00e4 sota<\/td>\n<td>\u00a0<\/td>\n<td>Paavola E<\/td>\n<\/tr>\n<tr>\n<td>18.12.<\/td>\n<td>Renko Esa; UK:n tekninen toimi<\/td>\n<td>\u00a0<\/td>\n<td>Paavola J<\/td>\n<\/tr>\n<tr>\n<td>\u00a0<\/td>\n<td>\u00a0<\/td>\n<td>\u00a0<\/td>\n<td>\u00a0<\/td>\n<\/tr>\n<tr>\n<td>TAMMI<\/td>\n<td>ROTARYTIETOUDEN KUUKAUSI<\/td>\n<td>\u00a0<\/td>\n<td>\u00a0<\/td>\n<\/tr>\n<tr>\n<td>8.1.<\/td>\n<td>Sauna ja ajankohtaista. Kauhavan\u00a0 kehityskeskus. Ojanper\u00e4 Terho<\/td>\n<td>Haapam\u00e4ki<\/td>\n<td>Palviala<\/td>\n<\/tr>\n<tr>\n<td>15.1.<\/td>\n<td>Palviala Nuutti: vierailu paloasemalla<\/td>\n<td>\u00a0<\/td>\n<td>\u00a0<\/td>\n<\/tr>\n<tr>\n<td rowspan=\"2\">22.1.<\/td>\n<td>Vierailu<\/td>\n<td rowspan=\"2\">\u00a0<\/td>\n<td rowspan=\"2\">Per\u00e4l\u00e4<\/td>\n<\/tr>\n<tr>\n<td>Veljekset Pirttinen. Klo 18.00 (varma)<\/td>\n<\/tr>\n<tr>\n<td>\u00a0 29.1<\/td>\n<td>Koulupoliisin teht\u00e4v\u00e4t: Kangas Pasi\/Pihlgren Antti<\/td>\n<td>\u00a0<\/td>\n<td>Peura<\/td>\n<\/tr>\n<tr>\n<td>HELMI<\/td>\n<td>MAAILMAN YHTEISYMM\u00c4RRYKSEN KUUKAUSI<\/td>\n<td>\u00a0<\/td>\n<td>\u00a0<\/td>\n<\/tr>\n<tr>\n<td>5.2.<\/td>\n<td>Sauna ja ajankohtaista. Toni Uusim\u00e4ki ja autoilun uudet tuulet<\/td>\n<td>Heinonen A.<\/td>\n<td>Vapaaehtoinen<\/td>\n<\/tr>\n<tr>\n<td>12.2.<\/td>\n<td>Esitelm\u00e4. Esa Olli<\/td>\n<td>\u00a0<\/td>\n<td>\u00a0<\/td>\n<\/tr>\n<tr>\n<td>19.2.<\/td>\n<td>Vaihtari -ilta: vaihto-oppilaat kertovat jatkostaan. Vaihtariperheen teht\u00e4v\u00e4t. Per\u00e4l\u00e4 Kaisu<\/td>\n<td>\u00a0<\/td>\n<td>Takamaa<\/td>\n<\/tr>\n<tr>\n<td>26.2.<\/td>\n<td>UK:n sivistys- ja vapaa-aikatoimi. Karhu Eija<\/td>\n<td>\u00a0<\/td>\n<td>Uusim\u00e4ki<\/td>\n<\/tr>\n<tr>\n<td>\u00a0<\/td>\n<td>\u00a0<\/td>\n<td>\u00a0<\/td>\n<td>\u00a0<\/td>\n<\/tr>\n<tr>\n<td>MAALIS<\/td>\n<td>\u00a0<\/td>\n<td>\u00a0<\/td>\n<td>\u00a0<\/td>\n<\/tr>\n<tr>\n<td>5.3.<\/td>\n<td>Sauna ja ajankohtaista kuukauden ajalta tai tms.<\/td>\n<td>Heinonen R.<\/td>\n<td>Veneranta<\/td>\n<\/tr>\n<tr>\n<td>12.3.<\/td>\n<td>Matti Kuoppala esitelm\u00e4<\/td>\n<td>\u00a0<\/td>\n<td>\u00a0<\/td>\n<\/tr>\n<tr>\n<td>19.3.<\/td>\n<td>J\u00e4\u00e4k\u00e4rimuseoon tutustuminen<\/td>\n<td>\u00a0<\/td>\n<td>Viitanen<\/td>\n<\/tr>\n<tr>\n<td>26.3.<\/td>\n<td>Round Tablen vierailu. Matti Lagerstedtin esitelm\u00e4<\/td>\n<td>\u00a0<\/td>\n<td>V\u00e4h\u00e4passi<\/td>\n<\/tr>\n<tr>\n<td>\u00a0<\/td>\n<td>\u00a0<\/td>\n<td>\u00a0<\/td>\n<td>\u00a0<\/td>\n<\/tr>\n<tr>\n<td>HUHTI<\/td>\n<td>ROTARYLEHTIEN KUUKAUSI<\/td>\n<td>\u00a0<\/td>\n<td>\u00a0<\/td>\n<\/tr>\n<tr>\n<td>2.4.<\/td>\n<td>Sauna ja ajankohtaista kuukauden ajalta tai tms.<\/td>\n<td>Ikola K.<\/td>\n<td>Ahopelto<\/td>\n<\/tr>\n<tr>\n<td>16.4.<\/td>\n<td>Rotarien perhekokous. Musiikkiesitys pianokoulu Korppi<\/td>\n<td>\u00a0<\/td>\n<td>Alahuhtala<\/td>\n<\/tr>\n<tr>\n<td>23.4.<\/td>\n<td>J\u00e4rvilakeuden Kansalaisopisto. \/Leea Keto<\/td>\n<td>\u00a0<\/td>\n<td>Alanen<\/td>\n<\/tr>\n<tr>\n<td>30.4.<\/td>\n<td>Heinonen Aarno; kohde Ylih\u00e4rm\u00e4ss\u00e4 (moottoripy\u00f6r\u00e4 kauppa)<\/td>\n<td>\u00a0<\/td>\n<td>\u00a0<\/td>\n<\/tr>\n<tr>\n<td>\u00a0<\/td>\n<td>\u00a0<\/td>\n<td>\u00a0<\/td>\n<td>\u00a0<\/td>\n<\/tr>\n<tr>\n<td>TOUKO<\/td>\n<td>\u00a0<\/td>\n<td>\u00a0<\/td>\n<td>\u00a0<\/td>\n<\/tr>\n<tr>\n<td>7.5.<\/td>\n<td>Sauna ja ajankohtaista kuukauden ajalta tai tms.<\/td>\n<td>Jehkonen K.<\/td>\n<td>Haapala<\/td>\n<\/tr>\n<tr>\n<td>14.5.<\/td>\n<td>Haapala Terho: suunnistus Round Tablen kanssa<\/td>\n<td>\u00a0<\/td>\n<td>\u00a0<\/td>\n<\/tr>\n<tr>\n<td>28.5.<\/td>\n<td>Vierailu liimapalkkitehtaalla Kortesj\u00e4rvell\u00e4<\/td>\n<td>\u00a0<\/td>\n<td>\u00a0<\/td>\n<\/tr>\n<tr>\n<td>\u00a0<\/td>\n<td>\u00a0<\/td>\n<td>\u00a0<\/td>\n<td>\u00a0<\/td>\n<\/tr>\n<tr>\n<td>KES\u00c4<\/td>\n<td>NUIJANVAIHTAJAISET<\/td>\n<td>\u00a0<\/td>\n<td>\u00a0<\/td>\n<\/tr>\n<tr>\n<td>4.6.<\/td>\n<td>Sauna ja ajankohtaista kuukauden ajalta tai tms.<\/td>\n<td>Jokiaho E.<\/td>\n<td>Haapam\u00e4ki<\/td>\n<\/tr>\n<tr>\n<td>11.6.<\/td>\n<td>Liias Pekka. Esitelm\u00e4<\/td>\n<td>\u00a0<\/td>\n<td>Heinonen A<\/td>\n<\/tr>\n<tr>\n<td>18.6.<\/td>\n<td>Ei kokousta.<\/td>\n<td>\u00a0<\/td>\n<td>\u00a0<\/td>\n<\/tr>\n<tr>\n<td>25.6.<\/td>\n<td>Ei kokousta. Nuija vaihtuu 26.6<\/td>\n<td>\u00a0<\/td>\n<td>\u00a0<\/td>\n<\/tr>\n<\/tbody>\n<\/table>\n<p><strong>\u00a0<\/strong><\/p>\n<p>[\/et_pb_text][et_pb_button button_url=&#8221;https:\/\/rotary.fi\/kauhavarc\/menneiden-kausien-klubiohjelmia\/&#8221; button_text=&#8221;Takaisin&#8221; button_alignment=&#8221;center&#8221; admin_label=&#8221;Takaisin painike&#8221; _builder_version=&#8221;4.4.1&#8243;][\/et_pb_button][\/et_pb_column][\/et_pb_row][\/et_pb_section]<\/p>\n","protected":false},"excerpt":{"rendered":"<p>Kauhavan Rotaryklubin ohjelma 2008 &#8211; 2009Presidentti:\u00a0 Jaakko Per\u00e4l\u00e4\u00a0 &#8211;\u00a0 sihteeri:\u00a0 Ilkka Peura Vuoden teema:\u00a0 uusi Kauhava tutuksi \u00a0 \u00a0 Alustaja Tietoisku ELO J\u00c4SENIST\u00d6N JA LAAJENNUSTY\u00d6N KUUKAUSI \u00a0 \u00a0 7.8. Sauna ja ajankohtaista kuukauden ajalta Ahopelto Jouppi 14.8. Eero Paavola: esitelm\u00e4 \u00a0 Karppinen 21.8. V\u00e4h\u00e4passi Matti &#8211; ty\u00f6paikan esittely \u00a0 Karre 28.8. Vierailu Stroiteliin Kauhava Viinikka [&hellip;]<\/p>\n","protected":false},"author":16,"featured_media":0,"parent":2015,"menu_order":0,"comment_status":"closed","ping_status":"closed","template":"page-template-blank.php","meta":{"_acf_changed":false,"_et_pb_use_builder":"on","_et_pb_old_content":"<p style=\"text-align: center;\"><strong>Presidentti:\u00a0 Jaakko Per\u00e4l\u00e4\u00a0 -\u00a0 sihteeri:\u00a0 Ilkka Peura<\/strong><\/p><p style=\"text-align: center;\"><strong>Vuoden teema:\u00a0 Uusi kauhava tutuksi<\/strong><\/p><p>\u00a0<\/p><p>\u00a0<\/p><table width=\"729\"><tbody><tr><td width=\"64\">\u00a0<\/td><td width=\"350\">\u00a0<\/td><td width=\"170\">Alustaja<\/td><td width=\"145\">Tietoisku<\/td><\/tr><tr><td>ELO<\/td><td>J\u00c4SENIST\u00d6N JA LAAJENNUSTY\u00d6N KUUKAUSI<\/td><td>\u00a0<\/td><td>\u00a0<\/td><\/tr><tr><td>7.8.<\/td><td>Sauna ja ajankohtaista kuukauden ajalta<\/td><td>Ahopelto<\/td><td>Jouppi<\/td><\/tr><tr><td>14.8.<\/td><td>Eero Paavola: esitelm\u00e4<\/td><td>\u00a0<\/td><td>Karppinen<\/td><\/tr><tr><td>21.8.<\/td><td>V\u00e4h\u00e4passi Matti; ty\u00f6paikan esittely<\/td><td>\u00a0<\/td><td>Karre<\/td><\/tr><tr><td>28.8.<\/td><td>Vierailu Stroiteliin Kauhava Viinikka<\/td><td>\u00a0<\/td><td>\u00a0<\/td><\/tr><tr><td>\u00a0<\/td><td>\u00a0<\/td><td>\u00a0<\/td><td>\u00a0<\/td><\/tr><tr><td>SYYS<\/td><td>UUSIEN SUKUPOLVIEN KUUKAUSI<\/td><td>\u00a0<\/td><td>\u00a0<\/td><\/tr><tr><td>4.9.<\/td><td>Anni Per\u00e4l\u00e4 kertoo vaihtariajasta \/Matti Jouppi<\/td><td>Alahuhtala<\/td><td>Katajam\u00e4ki<\/td><\/tr><tr><td>11.9.<\/td><td>Tolla Petri;Sun Tzun opit<\/td><td>\u00a0<\/td><td>Koivula<\/td><\/tr><tr><td>18.9.<\/td><td>Kauhavan uusi srk.; Ruotsala Seppo\/M\u00e4ki Risto<\/td><td>\u00a0<\/td><td>Koivusalo<\/td><\/tr><tr><td>25.9.<\/td><td>Haapala Terho. Rotariretki laavulle:<\/td><td>\u00a0<\/td><td>\u00a0<\/td><\/tr><tr><td>\u00a0<\/td><td>\u00a0<\/td><td>\u00a0<\/td><td>\u00a0<\/td><\/tr><tr><td>LOKA<\/td><td>AMMATTIPALVELUN KUUKAUSI<\/td><td>\u00a0<\/td><td>\u00a0<\/td><\/tr><tr><td>2.10.<\/td><td>Kuvern\u00f6\u00f6rin vierailu<\/td><td>\u00a0<\/td><td>Kuoppala<\/td><\/tr><tr><td>9.10.<\/td><td>Vierailu Antti ja Tarja Isotalon luona Alah\u00e4rm\u00e4ss\u00e4<\/td><td>\u00a0<\/td><td>\u00a0<\/td><\/tr><tr><td>16.10.<\/td><td>Takamaa Seppo; p\u00e4iv\u00e4 jatkosotaan<\/td><td>\u00a0<\/td><td>Laakso<\/td><\/tr><tr><td>23.10.<\/td><td>Ei esitelm\u00e4\u00e4<\/td><td>\u00a0<\/td><td>Lagerstedt<\/td><\/tr><tr><td>30.10.<\/td><td>Vuosikokous. Matti V\u00e4h\u00e4passin asiaa, jos aikaa j\u00e4\u00e4<\/td><td>\u00a0<\/td><td>\u00a0<\/td><\/tr><tr><td>\u00a0<\/td><td>\u00a0<\/td><td>\u00a0<\/td><td>\u00a0<\/td><\/tr><tr><td>MARRAS<\/td><td>ROTARYS\u00c4\u00c4TI\u00d6N KUUKAUSI<\/td><td>\u00a0<\/td><td>\u00a0<\/td><\/tr><tr><td>6.11.<\/td><td>Sauna ja ajankohtaista. Vaihtari Anni Per\u00e4l\u00e4<\/td><td>Alanen<\/td><td>Laitila<\/td><\/tr><tr><td>13.11.<\/td><td>Jussi Veneranta ja valokuvaus<\/td><td>\u00a0<\/td><td>\u00a0<\/td><\/tr><tr><td>20.11.<\/td><td>Lasse M\u00e4kinen kertoo Uudesta Kauhavasta<\/td><td>\u00a0<\/td><td>Liias<\/td><\/tr><tr><td>27.11.<\/td><td>Perheilta. Peura Ilkka juontaa illan<\/td><td>\u00a0<\/td><td>\u00a0<\/td><\/tr><tr><td>28.11.<\/td><td>Pikkujouluteatteri Vaasassa<\/td><td>\u00a0<\/td><td>\u00a0<\/td><\/tr><tr><td>JOULU<\/td><td>\u00a0<\/td><td>\u00a0<\/td><td>\u00a0<\/td><\/tr><tr><td>4.12.<\/td><td>Ssauna ja ajankohtaista. Esitelm\u00e4 Jorma Risku<\/td><td>Haapala<\/td><td>Olli<\/td><\/tr><tr><td>11.12.<\/td><td>Eero Paavola: kylm\u00e4 sota<\/td><td>\u00a0<\/td><td>Paavola E<\/td><\/tr><tr><td>18.12.<\/td><td>Renko Esa; UK:n tekninen toimi<\/td><td>\u00a0<\/td><td>Paavola J<\/td><\/tr><tr><td>\u00a0<\/td><td>\u00a0<\/td><td>\u00a0<\/td><td>\u00a0<\/td><\/tr><tr><td>TAMMI<\/td><td>ROTARYTIETOUDEN KUUKAUSI<\/td><td>\u00a0<\/td><td>\u00a0<\/td><\/tr><tr><td>8.1.<\/td><td>Sauna ja ajankohtaista. Kauhavan\u00a0 kehityskeskus. Ojanper\u00e4 Terho<\/td><td>Haapam\u00e4ki<\/td><td>Palviala<\/td><\/tr><tr><td>15.1.<\/td><td>Palviala Nuutti: vierailu paloasemalla<\/td><td>\u00a0<\/td><td>\u00a0<\/td><\/tr><tr><td rowspan=\"2\">22.1.<\/td><td>Vierailu<\/td><td rowspan=\"2\">\u00a0<\/td><td rowspan=\"2\">Per\u00e4l\u00e4<\/td><\/tr><tr><td>Veljekset Pirttinen. Klo 18.00 (varma)<\/td><\/tr><tr><td>\u00a0 29.1<\/td><td>Koulupoliisin teht\u00e4v\u00e4t: Kangas Pasi\/Pihlgren Antti<\/td><td>\u00a0<\/td><td>Peura<\/td><\/tr><tr><td>HELMI<\/td><td>MAAILMAN YHTEISYMM\u00c4RRYKSEN KUUKAUSI<\/td><td>\u00a0<\/td><td>\u00a0<\/td><\/tr><tr><td>5.2.<\/td><td>Sauna ja ajankohtaista. Toni Uusim\u00e4ki ja autoilun uudet tuulet<\/td><td>Heinonen A.<\/td><td>Vapaaehtoinen<\/td><\/tr><tr><td>12.2.<\/td><td>Esitelm\u00e4. Esa Olli<\/td><td>\u00a0<\/td><td>\u00a0<\/td><\/tr><tr><td>19.2.<\/td><td>Vaihtari -ilta: vaihto-oppilaat kertovat jatkostaan. Vaihtariperheen teht\u00e4v\u00e4t. Per\u00e4l\u00e4 Kaisu<\/td><td>\u00a0<\/td><td>Takamaa<\/td><\/tr><tr><td>26.2.<\/td><td>UK:n sivistys- ja vapaa-aikatoimi. Karhu Eija<\/td><td>\u00a0<\/td><td>Uusim\u00e4ki<\/td><\/tr><tr><td>\u00a0<\/td><td>\u00a0<\/td><td>\u00a0<\/td><td>\u00a0<\/td><\/tr><tr><td>MAALIS<\/td><td>\u00a0<\/td><td>\u00a0<\/td><td>\u00a0<\/td><\/tr><tr><td>5.3.<\/td><td>Sauna ja ajankohtaista kuukauden ajalta tai tms.<\/td><td>Heinonen R.<\/td><td>Veneranta<\/td><\/tr><tr><td>12.3.<\/td><td>Matti Kuoppala esitelm\u00e4<\/td><td>\u00a0<\/td><td>\u00a0<\/td><\/tr><tr><td>19.3.<\/td><td>J\u00e4\u00e4k\u00e4rimuseoon tutustuminen<\/td><td>\u00a0<\/td><td>Viitanen<\/td><\/tr><tr><td>26.3.<\/td><td>Round Tablen vierailu. Matti Lagerstedtin esitelm\u00e4<\/td><td>\u00a0<\/td><td>V\u00e4h\u00e4passi<\/td><\/tr><tr><td>\u00a0<\/td><td>\u00a0<\/td><td>\u00a0<\/td><td>\u00a0<\/td><\/tr><tr><td>HUHTI<\/td><td>ROTARYLEHTIEN KUUKAUSI<\/td><td>\u00a0<\/td><td>\u00a0<\/td><\/tr><tr><td>2.4.<\/td><td>Sauna ja ajankohtaista kuukauden ajalta tai tms.<\/td><td>Ikola K.<\/td><td>Ahopelto<\/td><\/tr><tr><td>16.4.<\/td><td>Rotarien perhekokous. Musiikkiesitys pianokoulu Korppi<\/td><td>\u00a0<\/td><td>Alahuhtala<\/td><\/tr><tr><td>23.4.<\/td><td>J\u00e4rvilakeuden Kansalaisopisto. \/Leea Keto<\/td><td>\u00a0<\/td><td>Alanen<\/td><\/tr><tr><td>30.4.<\/td><td>Heinonen Aarno; kohde Ylih\u00e4rm\u00e4ss\u00e4 (moottoripy\u00f6r\u00e4 kauppa)<\/td><td>\u00a0<\/td><td>\u00a0<\/td><\/tr><tr><td>\u00a0<\/td><td>\u00a0<\/td><td>\u00a0<\/td><td>\u00a0<\/td><\/tr><tr><td>TOUKO<\/td><td>\u00a0<\/td><td>\u00a0<\/td><td>\u00a0<\/td><\/tr><tr><td>7.5.<\/td><td>Sauna ja ajankohtaista kuukauden ajalta tai tms.<\/td><td>Jehkonen K.<\/td><td>Haapala<\/td><\/tr><tr><td>14.5.<\/td><td>Haapala Terho: suunnistus Round Tablen kanssa<\/td><td>\u00a0<\/td><td>\u00a0<\/td><\/tr><tr><td>28.5.<\/td><td>Vierailu liimapalkkitehtaalla Kortesj\u00e4rvell\u00e4<\/td><td>\u00a0<\/td><td>\u00a0<\/td><\/tr><tr><td>\u00a0<\/td><td>\u00a0<\/td><td>\u00a0<\/td><td>\u00a0<\/td><\/tr><tr><td>KES\u00c4<\/td><td>NUIJANVAIHTAJAISET<\/td><td>\u00a0<\/td><td>\u00a0<\/td><\/tr><tr><td>4.6.<\/td><td>Sauna ja ajankohtaista kuukauden ajalta tai tms.<\/td><td>Jokiaho E.<\/td><td>Haapam\u00e4ki<\/td><\/tr><tr><td>11.6.<\/td><td>Liias Pekka. Esitelm\u00e4<\/td><td>\u00a0<\/td><td>Heinonen A<\/td><\/tr><tr><td>18.6.<\/td><td>Ei kokousta.<\/td><td>\u00a0<\/td><td>\u00a0<\/td><\/tr><tr><td>25.6.<\/td><td>Ei kokousta. Nuija vaihtuu 26.6<\/td><td>\u00a0<\/td><td>\u00a0<\/td><\/tr><\/tbody><\/table><p><strong>\u00a0<\/strong><\/p>","_et_gb_content_width":"","footnotes":""},"class_list":["post-2627","page","type-page","status-publish","hentry"],"acf":[],"yoast_head":"<!-- This site is optimized with the Yoast SEO plugin v27.4 - https:\/\/yoast.com\/product\/yoast-seo-wordpress\/ -->\n<title>Kauhavan Rotaryklubin ohjelma 2008-2009 - Kauhavan Rotaryklubi ry<\/title>\n<meta name=\"robots\" content=\"index, follow, max-snippet:-1, max-image-preview:large, max-video-preview:-1\" \/>\n<link rel=\"canonical\" href=\"https:\/\/rotary.fi\/kauhavarc\/menneiden-kausien-klubiohjelmia\/kauhavan-rotaryklubin-viikko-ohjelma-2008-2009\/\" \/>\n<meta property=\"og:locale\" content=\"fi_FI\" \/>\n<meta property=\"og:type\" content=\"article\" \/>\n<meta property=\"og:title\" content=\"Kauhavan Rotaryklubin ohjelma 2008-2009 - Kauhavan Rotaryklubi ry\" \/>\n<meta property=\"og:description\" content=\"Kauhavan Rotaryklubin ohjelma 2008 - 2009Presidentti:\u00a0 Jaakko Per\u00e4l\u00e4\u00a0 -\u00a0 sihteeri:\u00a0 Ilkka Peura Vuoden teema:\u00a0 uusi Kauhava tutuksi \u00a0 \u00a0 Alustaja Tietoisku ELO J\u00c4SENIST\u00d6N JA LAAJENNUSTY\u00d6N KUUKAUSI \u00a0 \u00a0 7.8. Sauna ja ajankohtaista kuukauden ajalta Ahopelto Jouppi 14.8. Eero Paavola: esitelm\u00e4 \u00a0 Karppinen 21.8. V\u00e4h\u00e4passi Matti - ty\u00f6paikan esittely \u00a0 Karre 28.8. Vierailu Stroiteliin Kauhava Viinikka [&hellip;]\" \/>\n<meta property=\"og:url\" content=\"https:\/\/rotary.fi\/kauhavarc\/menneiden-kausien-klubiohjelmia\/kauhavan-rotaryklubin-viikko-ohjelma-2008-2009\/\" \/>\n<meta property=\"og:site_name\" content=\"Kauhavan Rotaryklubi ry\" \/>\n<meta property=\"article:modified_time\" content=\"2020-06-02T15:52:14+00:00\" \/>\n<meta name=\"twitter:card\" content=\"summary_large_image\" \/>\n<meta name=\"twitter:label1\" content=\"Arvioitu lukuaika\" \/>\n\t<meta name=\"twitter:data1\" content=\"2 minuuttia\" \/>\n<script type=\"application\/ld+json\" class=\"yoast-schema-graph\">{\"@context\":\"https:\\\/\\\/schema.org\",\"@graph\":[{\"@type\":\"WebPage\",\"@id\":\"https:\\\/\\\/rotary.fi\\\/kauhavarc\\\/menneiden-kausien-klubiohjelmia\\\/kauhavan-rotaryklubin-viikko-ohjelma-2008-2009\\\/\",\"url\":\"https:\\\/\\\/rotary.fi\\\/kauhavarc\\\/menneiden-kausien-klubiohjelmia\\\/kauhavan-rotaryklubin-viikko-ohjelma-2008-2009\\\/\",\"name\":\"Kauhavan Rotaryklubin ohjelma 2008-2009 - Kauhavan Rotaryklubi ry\",\"isPartOf\":{\"@id\":\"https:\\\/\\\/rotary.fi\\\/kauhavarc\\\/#website\"},\"datePublished\":\"2020-06-02T08:31:38+00:00\",\"dateModified\":\"2020-06-02T15:52:14+00:00\",\"breadcrumb\":{\"@id\":\"https:\\\/\\\/rotary.fi\\\/kauhavarc\\\/menneiden-kausien-klubiohjelmia\\\/kauhavan-rotaryklubin-viikko-ohjelma-2008-2009\\\/#breadcrumb\"},\"inLanguage\":\"fi\",\"potentialAction\":[{\"@type\":\"ReadAction\",\"target\":[\"https:\\\/\\\/rotary.fi\\\/kauhavarc\\\/menneiden-kausien-klubiohjelmia\\\/kauhavan-rotaryklubin-viikko-ohjelma-2008-2009\\\/\"]}]},{\"@type\":\"BreadcrumbList\",\"@id\":\"https:\\\/\\\/rotary.fi\\\/kauhavarc\\\/menneiden-kausien-klubiohjelmia\\\/kauhavan-rotaryklubin-viikko-ohjelma-2008-2009\\\/#breadcrumb\",\"itemListElement\":[{\"@type\":\"ListItem\",\"position\":1,\"name\":\"Home\",\"item\":\"https:\\\/\\\/rotary.fi\\\/kauhavarc\\\/\"},{\"@type\":\"ListItem\",\"position\":2,\"name\":\"Menneiden kausien klubiohjelmia\",\"item\":\"https:\\\/\\\/rotary.fi\\\/kauhavarc\\\/menneiden-kausien-klubiohjelmia\\\/\"},{\"@type\":\"ListItem\",\"position\":3,\"name\":\"Kauhavan Rotaryklubin ohjelma 2008-2009\"}]},{\"@type\":\"WebSite\",\"@id\":\"https:\\\/\\\/rotary.fi\\\/kauhavarc\\\/#website\",\"url\":\"https:\\\/\\\/rotary.fi\\\/kauhavarc\\\/\",\"name\":\"Kauhavan Rotaryklubi ry\",\"description\":\"Uusi Rotary klubisivusto\",\"potentialAction\":[{\"@type\":\"SearchAction\",\"target\":{\"@type\":\"EntryPoint\",\"urlTemplate\":\"https:\\\/\\\/rotary.fi\\\/kauhavarc\\\/?s={search_term_string}\"},\"query-input\":{\"@type\":\"PropertyValueSpecification\",\"valueRequired\":true,\"valueName\":\"search_term_string\"}}],\"inLanguage\":\"fi\"}]}<\/script>\n<!-- \/ Yoast SEO plugin. -->","yoast_head_json":{"title":"Kauhavan Rotaryklubin ohjelma 2008-2009 - Kauhavan Rotaryklubi ry","robots":{"index":"index","follow":"follow","max-snippet":"max-snippet:-1","max-image-preview":"max-image-preview:large","max-video-preview":"max-video-preview:-1"},"canonical":"https:\/\/rotary.fi\/kauhavarc\/menneiden-kausien-klubiohjelmia\/kauhavan-rotaryklubin-viikko-ohjelma-2008-2009\/","og_locale":"fi_FI","og_type":"article","og_title":"Kauhavan Rotaryklubin ohjelma 2008-2009 - Kauhavan Rotaryklubi ry","og_description":"Kauhavan Rotaryklubin ohjelma 2008 - 2009Presidentti:\u00a0 Jaakko Per\u00e4l\u00e4\u00a0 -\u00a0 sihteeri:\u00a0 Ilkka Peura Vuoden teema:\u00a0 uusi Kauhava tutuksi \u00a0 \u00a0 Alustaja Tietoisku ELO J\u00c4SENIST\u00d6N JA LAAJENNUSTY\u00d6N KUUKAUSI \u00a0 \u00a0 7.8. Sauna ja ajankohtaista kuukauden ajalta Ahopelto Jouppi 14.8. Eero Paavola: esitelm\u00e4 \u00a0 Karppinen 21.8. V\u00e4h\u00e4passi Matti - ty\u00f6paikan esittely \u00a0 Karre 28.8. Vierailu Stroiteliin Kauhava Viinikka [&hellip;]","og_url":"https:\/\/rotary.fi\/kauhavarc\/menneiden-kausien-klubiohjelmia\/kauhavan-rotaryklubin-viikko-ohjelma-2008-2009\/","og_site_name":"Kauhavan Rotaryklubi ry","article_modified_time":"2020-06-02T15:52:14+00:00","twitter_card":"summary_large_image","twitter_misc":{"Arvioitu lukuaika":"2 minuuttia"},"schema":{"@context":"https:\/\/schema.org","@graph":[{"@type":"WebPage","@id":"https:\/\/rotary.fi\/kauhavarc\/menneiden-kausien-klubiohjelmia\/kauhavan-rotaryklubin-viikko-ohjelma-2008-2009\/","url":"https:\/\/rotary.fi\/kauhavarc\/menneiden-kausien-klubiohjelmia\/kauhavan-rotaryklubin-viikko-ohjelma-2008-2009\/","name":"Kauhavan Rotaryklubin ohjelma 2008-2009 - Kauhavan Rotaryklubi ry","isPartOf":{"@id":"https:\/\/rotary.fi\/kauhavarc\/#website"},"datePublished":"2020-06-02T08:31:38+00:00","dateModified":"2020-06-02T15:52:14+00:00","breadcrumb":{"@id":"https:\/\/rotary.fi\/kauhavarc\/menneiden-kausien-klubiohjelmia\/kauhavan-rotaryklubin-viikko-ohjelma-2008-2009\/#breadcrumb"},"inLanguage":"fi","potentialAction":[{"@type":"ReadAction","target":["https:\/\/rotary.fi\/kauhavarc\/menneiden-kausien-klubiohjelmia\/kauhavan-rotaryklubin-viikko-ohjelma-2008-2009\/"]}]},{"@type":"BreadcrumbList","@id":"https:\/\/rotary.fi\/kauhavarc\/menneiden-kausien-klubiohjelmia\/kauhavan-rotaryklubin-viikko-ohjelma-2008-2009\/#breadcrumb","itemListElement":[{"@type":"ListItem","position":1,"name":"Home","item":"https:\/\/rotary.fi\/kauhavarc\/"},{"@type":"ListItem","position":2,"name":"Menneiden kausien klubiohjelmia","item":"https:\/\/rotary.fi\/kauhavarc\/menneiden-kausien-klubiohjelmia\/"},{"@type":"ListItem","position":3,"name":"Kauhavan Rotaryklubin ohjelma 2008-2009"}]},{"@type":"WebSite","@id":"https:\/\/rotary.fi\/kauhavarc\/#website","url":"https:\/\/rotary.fi\/kauhavarc\/","name":"Kauhavan Rotaryklubi ry","description":"Uusi Rotary klubisivusto","potentialAction":[{"@type":"SearchAction","target":{"@type":"EntryPoint","urlTemplate":"https:\/\/rotary.fi\/kauhavarc\/?s={search_term_string}"},"query-input":{"@type":"PropertyValueSpecification","valueRequired":true,"valueName":"search_term_string"}}],"inLanguage":"fi"}]}},"lang":"fi","translations":{"fi":2627},"pll_sync_post":[],"_links":{"self":[{"href":"https:\/\/rotary.fi\/kauhavarc\/wp-json\/wp\/v2\/pages\/2627","targetHints":{"allow":["GET"]}}],"collection":[{"href":"https:\/\/rotary.fi\/kauhavarc\/wp-json\/wp\/v2\/pages"}],"about":[{"href":"https:\/\/rotary.fi\/kauhavarc\/wp-json\/wp\/v2\/types\/page"}],"author":[{"embeddable":true,"href":"https:\/\/rotary.fi\/kauhavarc\/wp-json\/wp\/v2\/users\/16"}],"replies":[{"embeddable":true,"href":"https:\/\/rotary.fi\/kauhavarc\/wp-json\/wp\/v2\/comments?post=2627"}],"version-history":[{"count":10,"href":"https:\/\/rotary.fi\/kauhavarc\/wp-json\/wp\/v2\/pages\/2627\/revisions"}],"predecessor-version":[{"id":2752,"href":"https:\/\/rotary.fi\/kauhavarc\/wp-json\/wp\/v2\/pages\/2627\/revisions\/2752"}],"up":[{"embeddable":true,"href":"https:\/\/rotary.fi\/kauhavarc\/wp-json\/wp\/v2\/pages\/2015"}],"wp:attachment":[{"href":"https:\/\/rotary.fi\/kauhavarc\/wp-json\/wp\/v2\/media?parent=2627"}],"curies":[{"name":"wp","href":"https:\/\/api.w.org\/{rel}","templated":true}]}}