{"id":2249,"date":"2019-07-02T09:17:50","date_gmt":"2019-07-02T06:17:50","guid":{"rendered":"https:\/\/rotary.fi\/kauhavarc\/?page_id=2249"},"modified":"2021-09-21T12:28:35","modified_gmt":"2021-09-21T09:28:35","slug":"kauden-2019-2020-ohjelma","status":"publish","type":"page","link":"https:\/\/rotary.fi\/kauhavarc\/kauden-2019-2020-ohjelma\/","title":{"rendered":"Kauden 2019 &#8211; 2020 ohjelma"},"content":{"rendered":"<p>[et_pb_section fb_built=&#8221;1&#8243; admin_label=&#8221;section&#8221; _builder_version=&#8221;4.0.8&#8243;][et_pb_row admin_label=&#8221;row&#8221; _builder_version=&#8221;4.0.8&#8243; background_size=&#8221;initial&#8221; background_position=&#8221;top_left&#8221; background_repeat=&#8221;repeat&#8221;][et_pb_column type=&#8221;4_4&#8243; _builder_version=&#8221;3.0.47&#8243; custom_padding=&#8221;|||&#8221; custom_padding__hover=&#8221;|||&#8221;][et_pb_text admin_label=&#8221;Text&#8221; _builder_version=&#8221;4.1&#8243; background_size=&#8221;initial&#8221; background_position=&#8221;top_left&#8221; background_repeat=&#8221;repeat&#8221; z_index_tablet=&#8221;500&#8243; text_text_shadow_horizontal_length_tablet=&#8221;0px&#8221; text_text_shadow_vertical_length_tablet=&#8221;0px&#8221; text_text_shadow_blur_strength_tablet=&#8221;1px&#8221; link_text_shadow_horizontal_length_tablet=&#8221;0px&#8221; link_text_shadow_vertical_length_tablet=&#8221;0px&#8221; link_text_shadow_blur_strength_tablet=&#8221;1px&#8221; ul_text_shadow_horizontal_length_tablet=&#8221;0px&#8221; ul_text_shadow_vertical_length_tablet=&#8221;0px&#8221; ul_text_shadow_blur_strength_tablet=&#8221;1px&#8221; ol_text_shadow_horizontal_length_tablet=&#8221;0px&#8221; ol_text_shadow_vertical_length_tablet=&#8221;0px&#8221; ol_text_shadow_blur_strength_tablet=&#8221;1px&#8221; quote_text_shadow_horizontal_length_tablet=&#8221;0px&#8221; quote_text_shadow_vertical_length_tablet=&#8221;0px&#8221; quote_text_shadow_blur_strength_tablet=&#8221;1px&#8221; header_text_shadow_horizontal_length_tablet=&#8221;0px&#8221; header_text_shadow_vertical_length_tablet=&#8221;0px&#8221; header_text_shadow_blur_strength_tablet=&#8221;1px&#8221; header_2_text_shadow_horizontal_length_tablet=&#8221;0px&#8221; header_2_text_shadow_vertical_length_tablet=&#8221;0px&#8221; header_2_text_shadow_blur_strength_tablet=&#8221;1px&#8221; header_3_text_shadow_horizontal_length_tablet=&#8221;0px&#8221; header_3_text_shadow_vertical_length_tablet=&#8221;0px&#8221; header_3_text_shadow_blur_strength_tablet=&#8221;1px&#8221; header_4_text_shadow_horizontal_length_tablet=&#8221;0px&#8221; header_4_text_shadow_vertical_length_tablet=&#8221;0px&#8221; header_4_text_shadow_blur_strength_tablet=&#8221;1px&#8221; header_5_text_shadow_horizontal_length_tablet=&#8221;0px&#8221; header_5_text_shadow_vertical_length_tablet=&#8221;0px&#8221; header_5_text_shadow_blur_strength_tablet=&#8221;1px&#8221; header_6_text_shadow_horizontal_length_tablet=&#8221;0px&#8221; header_6_text_shadow_vertical_length_tablet=&#8221;0px&#8221; header_6_text_shadow_blur_strength_tablet=&#8221;1px&#8221; box_shadow_horizontal_tablet=&#8221;0px&#8221; box_shadow_vertical_tablet=&#8221;0px&#8221; box_shadow_blur_tablet=&#8221;40px&#8221; box_shadow_spread_tablet=&#8221;0px&#8221;]<\/p>\n<p><img loading=\"lazy\" decoding=\"async\" class=\"alignnone size-full wp-image-2250\" src=\"https:\/\/rotary.fi\/kauhavarc\/wp-content\/uploads\/sites\/22\/2019\/07\/teema-2020.jpg\" alt=\"\" width=\"970\" height=\"259\" srcset=\"https:\/\/rotary.fi\/kauhavarc\/wp-content\/uploads\/sites\/22\/2019\/07\/teema-2020.jpg 970w, https:\/\/rotary.fi\/kauhavarc\/wp-content\/uploads\/sites\/22\/2019\/07\/teema-2020-300x80.jpg 300w, https:\/\/rotary.fi\/kauhavarc\/wp-content\/uploads\/sites\/22\/2019\/07\/teema-2020-768x205.jpg 768w\" sizes=\"(max-width: 970px) 100vw, 970px\" \/><\/p>\n<p>&nbsp;<\/p>\n<p>[\/et_pb_text][et_pb_gallery gallery_ids=&#8221;2444,2449,2446,2445,2452,2450,2448,2447,2473,2469,2471,2470&#8243; show_title_and_caption=&#8221;off&#8221; admin_label=&#8221;Galleria&#8221; _builder_version=&#8221;4.1&#8243; caption_text_color=&#8221;#ffffff&#8221; caption_font_size=&#8221;1px&#8221;][\/et_pb_gallery][et_pb_text admin_label=&#8221;Otsikko&#8221; _builder_version=&#8221;4.4.8&#8243; custom_margin=&#8221;30px||30px||false|false&#8221;]<\/p>\n<h3 style=\"text-align: center\">Kauhavan Rotaryklubin ohjelma \u2013\u00a0 kausi 2019 \u2013 2020<\/h3>\n<p>[\/et_pb_text][et_pb_text admin_label=&#8221;Text&#8221; _builder_version=&#8221;4.1&#8243; background_size=&#8221;initial&#8221; background_position=&#8221;top_left&#8221; background_repeat=&#8221;repeat&#8221; z_index_tablet=&#8221;500&#8243; text_text_shadow_horizontal_length_tablet=&#8221;0px&#8221; text_text_shadow_vertical_length_tablet=&#8221;0px&#8221; text_text_shadow_blur_strength_tablet=&#8221;1px&#8221; link_text_shadow_horizontal_length_tablet=&#8221;0px&#8221; link_text_shadow_vertical_length_tablet=&#8221;0px&#8221; link_text_shadow_blur_strength_tablet=&#8221;1px&#8221; ul_text_shadow_horizontal_length_tablet=&#8221;0px&#8221; ul_text_shadow_vertical_length_tablet=&#8221;0px&#8221; ul_text_shadow_blur_strength_tablet=&#8221;1px&#8221; ol_text_shadow_horizontal_length_tablet=&#8221;0px&#8221; ol_text_shadow_vertical_length_tablet=&#8221;0px&#8221; ol_text_shadow_blur_strength_tablet=&#8221;1px&#8221; quote_text_shadow_horizontal_length_tablet=&#8221;0px&#8221; quote_text_shadow_vertical_length_tablet=&#8221;0px&#8221; quote_text_shadow_blur_strength_tablet=&#8221;1px&#8221; header_text_shadow_horizontal_length_tablet=&#8221;0px&#8221; header_text_shadow_vertical_length_tablet=&#8221;0px&#8221; header_text_shadow_blur_strength_tablet=&#8221;1px&#8221; header_2_text_shadow_horizontal_length_tablet=&#8221;0px&#8221; header_2_text_shadow_vertical_length_tablet=&#8221;0px&#8221; header_2_text_shadow_blur_strength_tablet=&#8221;1px&#8221; header_3_text_shadow_horizontal_length_tablet=&#8221;0px&#8221; header_3_text_shadow_vertical_length_tablet=&#8221;0px&#8221; header_3_text_shadow_blur_strength_tablet=&#8221;1px&#8221; header_4_text_shadow_horizontal_length_tablet=&#8221;0px&#8221; header_4_text_shadow_vertical_length_tablet=&#8221;0px&#8221; header_4_text_shadow_blur_strength_tablet=&#8221;1px&#8221; header_5_text_shadow_horizontal_length_tablet=&#8221;0px&#8221; header_5_text_shadow_vertical_length_tablet=&#8221;0px&#8221; header_5_text_shadow_blur_strength_tablet=&#8221;1px&#8221; header_6_text_shadow_horizontal_length_tablet=&#8221;0px&#8221; header_6_text_shadow_vertical_length_tablet=&#8221;0px&#8221; header_6_text_shadow_blur_strength_tablet=&#8221;1px&#8221; box_shadow_horizontal_tablet=&#8221;0px&#8221; box_shadow_vertical_tablet=&#8221;0px&#8221; box_shadow_blur_tablet=&#8221;40px&#8221; box_shadow_spread_tablet=&#8221;0px&#8221;]<\/p>\n<p style=\"text-align: center\"><strong>\u00a0Presidentti: Heikki Per\u00e4l\u00e4\u00a0 &#8211;\u00a0 Sihteeri: Jarmo Vainionp\u00e4\u00e4<\/strong><\/p>\n<p><strong> <\/strong><\/p>\n<p>&nbsp;<\/p>\n<p>&nbsp;<\/p>\n<table width=\"1141\">\n<tbody>\n<tr>\n<td width=\"81\">Viikko<\/td>\n<td width=\"81\">Pvm<\/td>\n<td width=\"979\"><strong>Kauhava RC ohjelma syyskausi 2019<\/strong><\/td>\n<\/tr>\n<tr>\n<td><\/td>\n<td><\/td>\n<td><\/td>\n<\/tr>\n<tr>\n<td>32<\/td>\n<td>8.8.2019<\/td>\n<td>Tulevan kauden toiminnan + syksyn viikko-ohjelman suunnittelua<\/td>\n<\/tr>\n<tr>\n<td>33<\/td>\n<td>15.8.2019<\/td>\n<td>Vierailu Kotkanpes\u00e4n laavulle \u2013 esittelee Hannu Lehtinen, H\u00e4rm\u00e4nmaan Latu<\/td>\n<\/tr>\n<tr>\n<td>33<\/td>\n<td>15.8.2019<\/td>\n<td>Rotarypuolisoiden illanistujaiset Per\u00e4l\u00f6ill\u00e4 \u2013 Berit Per\u00e4l\u00e4<\/td>\n<\/tr>\n<tr>\n<td>34<\/td>\n<td>22.8.2019<\/td>\n<td>Vuosivaihtarimme Mederic Lefebvre Kanadasta esitt\u00e4ytyy + lyhytelokuva \u201dElokuvia, elokuvia\u201d<\/td>\n<\/tr>\n<tr>\n<td>35<\/td>\n<td>29.8.2019<\/td>\n<td>Pala Suomen ankeaa merihistoriaa eli merialueiden miinanraivaus 1945-50\u00a0 \u2013 veli Reijo Heinonen<\/td>\n<\/tr>\n<tr>\n<td>36<\/td>\n<td>5.9.2019<\/td>\n<td>Kodin ja kyl\u00e4n turvallisuus \u2013 veli Matti Jouppi<\/td>\n<\/tr>\n<tr>\n<td>37<\/td>\n<td>12.9.2019<\/td>\n<td>Tutustuminen Kauhavan uuteen frisbeegolfrataan ja lajiesittely\u00e4 &#8211;\u00a0 Kalle Vainionp\u00e4\u00e4<\/td>\n<\/tr>\n<tr>\n<td>38<\/td>\n<td>19.9.2019<\/td>\n<td>Yritysvierailu \u2013 Power Park, hevosurheilukeskukset &#8211;\u00a0 esittelij\u00e4n\u00e4 toimitusjohtaja Mikko Kiviluoma \u2013 veli Tapani Lahti<\/td>\n<\/tr>\n<tr>\n<td>38<\/td>\n<td>26.9.2019<\/td>\n<td>Piirin Nuorisovaihdon NVA koulutus &#8211;\u00a0 H\u00e4rm\u00e4n Kylpyl\u00e4 &#8211; NVA Ville Sulkakoski<\/td>\n<\/tr>\n<tr>\n<td>39<\/td>\n<td>26.9.2019<\/td>\n<td>Yritysvierailu &#8211;\u00a0 Lapuan Perunan\/Finnamyl tuotantolaitokset \u2013 esittelee Arto Sillanp\u00e4\u00e4<\/td>\n<\/tr>\n<tr>\n<td>40<\/td>\n<td>3.10.2019<\/td>\n<td>Wojtek, sotaveteraanikarhu \u2013 veli Esa Mattila<\/td>\n<\/tr>\n<tr>\n<td>41<\/td>\n<td>10.10.2019<\/td>\n<td>Klubimme j\u00e4rjest\u00e4m\u00e4 elokuvatapahtuma Kauhavan Kehitysvammaisten tuki ry:n jne. kanssa<\/td>\n<\/tr>\n<tr>\n<td>42<\/td>\n<td>17.10.2019<\/td>\n<td>Syyslomaviikko \u2013 ei kokousta<\/td>\n<\/tr>\n<tr>\n<td>42<\/td>\n<td>19.10.2019<\/td>\n<td>Piirin 1380 syyskokous \u2013 Vaasa &#8211; presidentti Heikki Per\u00e4l\u00e4<\/td>\n<\/tr>\n<tr>\n<td>43<\/td>\n<td>24.10.2019<\/td>\n<td>Yritysvierailu \u2013 Kauhavan Kiviveist\u00e4m\u00f6 oy \u2013 esittelij\u00e4n\u00e4 toimitusjohtaja Antti M\u00e4ki<\/td>\n<\/tr>\n<tr>\n<td>44<\/td>\n<td>31.10.2019<\/td>\n<td>Vierailu Pauli Kankaanp\u00e4\u00e4n puukkopajalle<\/td>\n<\/tr>\n<tr>\n<td>45<\/td>\n<td>7.11.2019<\/td>\n<td>Klubin vuosikokous<\/td>\n<\/tr>\n<tr>\n<td>46<\/td>\n<td>14.11.2019<\/td>\n<td>Yritysvierailu \u2013 Pellon Group \u2013 veli Simo Alanen<\/td>\n<\/tr>\n<tr>\n<td>46<\/td>\n<td>16-17.11<\/td>\n<td>Rotarylentopallon SM-kisat\u00a0 &#8211; Luvia \/ Pori &#8211; tapahtuma peruutettiin<\/td>\n<\/tr>\n<tr>\n<td>47<\/td>\n<td>21.11.2019<\/td>\n<td>Piirikuvern\u00f6\u00f6ri DG Arja Rantasen vierailu &#8211;\u00a0 AVEC kokous<\/td>\n<\/tr>\n<tr>\n<td>47<\/td>\n<td>23.11.2019<\/td>\n<td>Teatteriretki \u2013 Kortesj\u00e4ven Ylikyl\u00e4n NS &#8211; \u201dLiian paksu perhoseksi\u201d &#8211;\u00a0 AVEC<\/td>\n<\/tr>\n<tr>\n<td>48<\/td>\n<td>28.11.2019<\/td>\n<td>Yritysvierailu &#8211;\u00a0 Hermanni Kankaanp\u00e4\u00e4n turkistarha ja nahoittamo<\/td>\n<\/tr>\n<tr>\n<td>19<\/td>\n<td>4.12.2019<\/td>\n<td>IC Kokous Kauhava-H\u00e4rm\u00e4t RC \u2013 P\u00e4ivi Suorsan esitelm\u00e4 Japanin matkastaan (huom. keskiviikko, H\u00e4rm\u00e4n kylpyl\u00e4 )<\/td>\n<\/tr>\n<tr>\n<td>50<\/td>\n<td>12.12.2019<\/td>\n<td>Esitelm\u00e4vierailija Terhi Haapala \u2013 SEDU:n koulutusprojekti Ugandassa, veli Pertti Helenius \u2013 AVEC<\/td>\n<\/tr>\n<tr>\n<td>51<\/td>\n<td>19.12.2019<\/td>\n<td>Pikkujouluateria HELA ravintola \u2013 AVEC<\/td>\n<\/tr>\n<tr>\n<td>52<\/td>\n<td>26.12.2019<\/td>\n<td>Joululoma \u2013 ei kokousta<\/td>\n<\/tr>\n<tr>\n<td><\/td>\n<td><\/td>\n<td><\/td>\n<\/tr>\n<tr>\n<td><\/td>\n<td><\/td>\n<td><\/td>\n<\/tr>\n<tr>\n<td><\/td>\n<td><\/td>\n<td><strong>Kauhava RC ohjelma kev\u00e4tkausi 2020<\/strong><\/td>\n<\/tr>\n<tr>\n<td><\/td>\n<td><\/td>\n<td><\/td>\n<\/tr>\n<tr>\n<td>1<\/td>\n<td>2.1.2020<\/td>\n<td>IC elokuvailta Y-kinossa Kauhava-H\u00e4rm\u00e4t klubin kanssa. AVEC. Katsomme paikalliselokuvan &#8221;Muistoseurat 3 &#8211; Haaveita ja harha-askelia&#8221;<\/td>\n<\/tr>\n<tr>\n<td>2<\/td>\n<td>9.1.2020<\/td>\n<td>Klubiasioiden kokous &#8211; Kev\u00e4tkauden ohjelman suunnittelua<\/td>\n<\/tr>\n<tr>\n<td>3<\/td>\n<td>16.1.2020<\/td>\n<td>Kauhavan VOK:n tarina &#8211;\u00a0 veli Jorma Risku<\/td>\n<\/tr>\n<tr>\n<td>4<\/td>\n<td>23.1.2020<\/td>\n<td>Saunakokous &#8211; LSK Bisnespark &#8211; Juha Jokelainen kertoo LSK:n kuulumisia<\/td>\n<\/tr>\n<tr>\n<td>5<\/td>\n<td>30.1.2020<\/td>\n<td>Suunnistuskarttojen laatimisen uudet tekniikat &#8211; veli Teemu Hautala<\/td>\n<\/tr>\n<tr>\n<td>6<\/td>\n<td>6.2.2020<\/td>\n<td>Tarjolla kes\u00e4n 2020 Karjalan kiertomatka &#8211; veli Eero Paavola kertoo ohjelma- ja reittisuunnitelmastaan<\/td>\n<\/tr>\n<tr>\n<td>7<\/td>\n<td>13.2.2020<\/td>\n<td>Esitelm\u00e4vierailija Jussi Ekola &#8211; Tuulivoima &#8211; veli Nuutti Palviala<\/td>\n<\/tr>\n<tr>\n<td>8<\/td>\n<td>20.2.2020<\/td>\n<td>Yritysvierailu &#8211; Ala-Talkkari oy, Lapuan Hellanmaa<\/td>\n<\/tr>\n<tr>\n<td>8<\/td>\n<td>20.2.2020<\/td>\n<td>Piirin nuorisovaihdon koulutusilta H\u00e4rm\u00e4n kylpyl\u00e4ss\u00e4. NVA (?) ja tuleva vaihtari osallistuvat<\/td>\n<\/tr>\n<tr>\n<td>9<\/td>\n<td>27.2.2020<\/td>\n<td>Hiihtolomaviikko &#8211; ei kokousta<\/td>\n<\/tr>\n<tr>\n<td>10<\/td>\n<td>5.3.2020<\/td>\n<td>Y-kino \/ J\u00e4rvilakeuden kansalaisopisto &#8211; &#8221;Lent\u00e4jien sota&#8221; leffa + esitelm\u00e4. (Ilm. 28.2 menness\u00e4 )<\/td>\n<\/tr>\n<tr>\n<td>11<\/td>\n<td>12.3.2020<\/td>\n<td>Esitelm\u00e4vierailija &#8211;\u00a0 Hannes M\u00e4kipelkola, Safetor oy &#8211; paikka LSK Businesspark, Linnan saunaosasto<\/td>\n<\/tr>\n<tr>\n<td>12<\/td>\n<td>20.3.2020<\/td>\n<td>Klubin vierailu eduskuntaan &#8211;\u00a0 SIIRRETTY ENSI KAUTEEN!<\/td>\n<\/tr>\n<tr>\n<td>13<\/td>\n<td>26.3.2020<\/td>\n<td>Klubi kokeiluluontoinen et\u00e4-viikkokokous &#8211; mm. veli Esa Olli &#8211; Koronan vaikutus v\u00e4hitt\u00e4iskaupan toimintaan<\/td>\n<\/tr>\n<tr>\n<td>13<\/td>\n<td>28-29.3.2020<\/td>\n<td>Piirin PETS koulutusp\u00e4iv\u00e4t Kalajoella &#8211; SIIRRETTY &#8211;\u00a0 DigiPETS netiss\u00e4 10.6.2020<\/td>\n<\/tr>\n<tr>\n<td>14<\/td>\n<td>2.4.2020<\/td>\n<td>Et\u00e4kokous &#8211; esitelm\u00e4 veli Tapani Lahti &#8211; Koronavirus ja sen vaikutukset yhteiskunnassa<\/td>\n<\/tr>\n<tr>\n<td>15<\/td>\n<td>9.4.2020<\/td>\n<td>Et\u00e4kokous &#8211; esitelm\u00e4vieraana PDG Veli-Matti Heinijoki<\/td>\n<\/tr>\n<tr>\n<td>16<\/td>\n<td>16.4.2020<\/td>\n<td>Et\u00e4kokous &#8211; esitelm\u00e4 veli Eero Paavola &#8211; Marskin 75-vuotisjuhlintaa Suomessa ja Saksassa<\/td>\n<\/tr>\n<tr>\n<td>16<\/td>\n<td>18.4.2020<\/td>\n<td>Piirikonferenssi Vaasassa &#8211; PERUTTU!<\/td>\n<\/tr>\n<tr>\n<td>17<\/td>\n<td>23.4.2020<\/td>\n<td>Et\u00e4kokous &#8211; esitelm\u00e4 veli Jorma Risku &#8211; Kaukopartio- ja tiedustelutoiminta radioliikeneteen n\u00e4k\u00f6kulmasta &#8211; Osa 1<\/td>\n<\/tr>\n<tr>\n<td>18<\/td>\n<td>30.4.2020<\/td>\n<td>Vappuaatto &#8211; Klubilaisten et\u00e4vappupubi eli vapaamuostoista yhdess\u00e4 oloa Teamsissa.<\/td>\n<\/tr>\n<tr>\n<td>19<\/td>\n<td>7.5.2020<\/td>\n<td>Et\u00e4kokous &#8211;\u00a0esitelm\u00e4 veli Jorma Risku &#8211;\u00a0 Kaukopartiotoimintaa radistin n\u00e4k\u00f6kulmasta &#8211;\u00a0 Osa 2<\/td>\n<\/tr>\n<tr>\n<td>20<\/td>\n<td>14.5.2020<\/td>\n<td>Internet-citykokous eli yhteis-et\u00e4kokous Kauhava-H\u00e4rm\u00e4t RC:n kanssa &#8211; vieraana IPDG Jaakko Panula<\/td>\n<\/tr>\n<tr>\n<td>21<\/td>\n<td>21.5.2020<\/td>\n<td>Helatorstai &#8211; ei kokousta<\/td>\n<\/tr>\n<tr>\n<td>22<\/td>\n<td>28.5.2020<\/td>\n<td>Kauden viimeinen et\u00e4kokous &#8211; Vaihtarimme Emmi Lahti kertoo vaihtovuodestaan Kanadassa<\/td>\n<\/tr>\n<tr>\n<td>23<\/td>\n<td>4.6.2020<\/td>\n<td>Laavu \/ mets\u00e4 \/ talkoo&#8221;kokous&#8221;. Ker\u00e4\u00e4mme mets\u00e4st\u00e4 raaka-aineita j\u00e4tk\u00e4nkynttil\u00f6it\u00e4 varten.<\/td>\n<\/tr>\n<tr>\n<td>24<\/td>\n<td>11.6.2020<\/td>\n<td>Terassikokous &#8211; veli Karre Karling &#8211; Menneen kauden plussat ja miinukset, tulevan kauden toiveet ja haaveet<\/td>\n<\/tr>\n<tr>\n<td>25<\/td>\n<td>25.6.2020<\/td>\n<td>Vierailu FHRA kiihdytysradalla LSK:lla ja katsaus kisatoimintaan Kauhavalla &#8211; veli Matti V\u00e4h\u00e4passi\u00a0<\/td>\n<\/tr>\n<tr>\n<td>26<\/td>\n<td><\/td>\n<td>Nuijanvaihtajaiset siirtyv\u00e4t elokuulle, seuraavan kauden alkuun &#8211; tuleva presidentti Pertti Helenius<\/td>\n<\/tr>\n<\/tbody>\n<\/table>\n<p>&nbsp;<\/p>\n<p>[\/et_pb_text][et_pb_button button_url=&#8221;https:\/\/rotary.fi\/kauhavarc\/menneiden-kausien-klubiohjelmia\/&#8221; button_text=&#8221;Takaisin&#8221; button_alignment=&#8221;center&#8221; admin_label=&#8221;Painike&#8221; _builder_version=&#8221;4.4.1&#8243; custom_margin=&#8221;30px||50px||false|false&#8221; locked=&#8221;off&#8221;][\/et_pb_button][et_pb_gallery gallery_ids=&#8221;2622,2616,2621,2620,2614,2513,2997,2617,2530,2618,2619,2998,3001,2999,3000,3004,3002,3003,3005,3006&#8243; show_title_and_caption=&#8221;off&#8221; admin_label=&#8221;Galleria&#8221; _builder_version=&#8221;4.4.8&#8243; hover_enabled=&#8221;0&#8243;][\/et_pb_gallery][\/et_pb_column][\/et_pb_row][\/et_pb_section]<\/p>\n","protected":false},"excerpt":{"rendered":"<p>&nbsp;Kauhavan Rotaryklubin ohjelma \u2013\u00a0 kausi 2019 \u2013 2020\u00a0Presidentti: Heikki Per\u00e4l\u00e4\u00a0 &#8211;\u00a0 Sihteeri: Jarmo Vainionp\u00e4\u00e4 &nbsp; &nbsp; Viikko Pvm Kauhava RC ohjelma syyskausi 2019 32 8.8.2019 Tulevan kauden toiminnan + syksyn viikko-ohjelman suunnittelua 33 15.8.2019 Vierailu Kotkanpes\u00e4n laavulle \u2013 esittelee Hannu Lehtinen, H\u00e4rm\u00e4nmaan Latu 33 15.8.2019 Rotarypuolisoiden illanistujaiset Per\u00e4l\u00f6ill\u00e4 \u2013 Berit Per\u00e4l\u00e4 34 22.8.2019 Vuosivaihtarimme Mederic [&hellip;]<\/p>\n","protected":false},"author":16,"featured_media":0,"parent":0,"menu_order":0,"comment_status":"closed","ping_status":"closed","template":"","meta":{"_acf_changed":false,"_et_pb_use_builder":"on","_et_pb_old_content":"<img class=\"alignnone size-full wp-image-2250\" src=\"https:\/\/rotary.fi\/kauhavarc\/wp-content\/uploads\/sites\/22\/2019\/07\/teema-2020.jpg\" alt=\"\" width=\"970\" height=\"259\" \/>\r\n\r\nKauhavan Rotaryklubi on nyt kes\u00e4tauolla. Uuden kauden aloituskokous 8.8.2019 normaaliin aikaan Hela-ravintolassa.\r\n\r\nTulevan kauden ohjelma julkaistaan t\u00e4ss\u00e4 aikanaan.\r\n\r\n\u00a0","_et_gb_content_width":"","footnotes":""},"class_list":["post-2249","page","type-page","status-publish","hentry"],"acf":[],"yoast_head":"<!-- This site is optimized with the Yoast SEO plugin v27.0 - https:\/\/yoast.com\/product\/yoast-seo-wordpress\/ -->\n<title>Kauden 2019 - 2020 ohjelma - Kauhavan Rotaryklubi ry<\/title>\n<meta name=\"robots\" content=\"index, follow, max-snippet:-1, max-image-preview:large, max-video-preview:-1\" \/>\n<link rel=\"canonical\" href=\"https:\/\/rotary.fi\/kauhavarc\/kauden-2019-2020-ohjelma\/\" \/>\n<meta property=\"og:locale\" content=\"fi_FI\" \/>\n<meta property=\"og:type\" content=\"article\" \/>\n<meta property=\"og:title\" content=\"Kauden 2019 - 2020 ohjelma - Kauhavan Rotaryklubi ry\" \/>\n<meta property=\"og:description\" content=\"&nbsp;Kauhavan Rotaryklubin ohjelma \u2013\u00a0 kausi 2019 \u2013 2020\u00a0Presidentti: Heikki Per\u00e4l\u00e4\u00a0 -\u00a0 Sihteeri: Jarmo Vainionp\u00e4\u00e4 &nbsp; &nbsp; Viikko Pvm Kauhava RC ohjelma syyskausi 2019 32 8.8.2019 Tulevan kauden toiminnan + syksyn viikko-ohjelman suunnittelua 33 15.8.2019 Vierailu Kotkanpes\u00e4n laavulle \u2013 esittelee Hannu Lehtinen, H\u00e4rm\u00e4nmaan Latu 33 15.8.2019 Rotarypuolisoiden illanistujaiset Per\u00e4l\u00f6ill\u00e4 \u2013 Berit Per\u00e4l\u00e4 34 22.8.2019 Vuosivaihtarimme Mederic [&hellip;]\" \/>\n<meta property=\"og:url\" content=\"https:\/\/rotary.fi\/kauhavarc\/kauden-2019-2020-ohjelma\/\" \/>\n<meta property=\"og:site_name\" content=\"Kauhavan Rotaryklubi ry\" \/>\n<meta property=\"article:modified_time\" content=\"2021-09-21T09:28:35+00:00\" \/>\n<meta property=\"og:image\" content=\"https:\/\/rotary.fi\/kauhavarc\/wp-content\/uploads\/sites\/22\/2019\/07\/teema-2020.jpg\" \/>\n<meta name=\"twitter:card\" content=\"summary_large_image\" \/>\n<meta name=\"twitter:label1\" content=\"Arvioitu lukuaika\" \/>\n\t<meta name=\"twitter:data1\" content=\"6 minuuttia\" \/>\n<script type=\"application\/ld+json\" class=\"yoast-schema-graph\">{\"@context\":\"https:\/\/schema.org\",\"@graph\":[{\"@type\":\"WebPage\",\"@id\":\"https:\/\/rotary.fi\/kauhavarc\/kauden-2019-2020-ohjelma\/\",\"url\":\"https:\/\/rotary.fi\/kauhavarc\/kauden-2019-2020-ohjelma\/\",\"name\":\"Kauden 2019 - 2020 ohjelma - Kauhavan Rotaryklubi ry\",\"isPartOf\":{\"@id\":\"https:\/\/rotary.fi\/kauhavarc\/#website\"},\"primaryImageOfPage\":{\"@id\":\"https:\/\/rotary.fi\/kauhavarc\/kauden-2019-2020-ohjelma\/#primaryimage\"},\"image\":{\"@id\":\"https:\/\/rotary.fi\/kauhavarc\/kauden-2019-2020-ohjelma\/#primaryimage\"},\"thumbnailUrl\":\"https:\/\/rotary.fi\/kauhavarc\/wp-content\/uploads\/sites\/22\/2019\/07\/teema-2020.jpg\",\"datePublished\":\"2019-07-02T06:17:50+00:00\",\"dateModified\":\"2021-09-21T09:28:35+00:00\",\"breadcrumb\":{\"@id\":\"https:\/\/rotary.fi\/kauhavarc\/kauden-2019-2020-ohjelma\/#breadcrumb\"},\"inLanguage\":\"fi\",\"potentialAction\":[{\"@type\":\"ReadAction\",\"target\":[\"https:\/\/rotary.fi\/kauhavarc\/kauden-2019-2020-ohjelma\/\"]}]},{\"@type\":\"ImageObject\",\"inLanguage\":\"fi\",\"@id\":\"https:\/\/rotary.fi\/kauhavarc\/kauden-2019-2020-ohjelma\/#primaryimage\",\"url\":\"https:\/\/rotary.fi\/kauhavarc\/wp-content\/uploads\/sites\/22\/2019\/07\/teema-2020.jpg\",\"contentUrl\":\"https:\/\/rotary.fi\/kauhavarc\/wp-content\/uploads\/sites\/22\/2019\/07\/teema-2020.jpg\",\"width\":970,\"height\":259},{\"@type\":\"BreadcrumbList\",\"@id\":\"https:\/\/rotary.fi\/kauhavarc\/kauden-2019-2020-ohjelma\/#breadcrumb\",\"itemListElement\":[{\"@type\":\"ListItem\",\"position\":1,\"name\":\"Home\",\"item\":\"https:\/\/rotary.fi\/kauhavarc\/\"},{\"@type\":\"ListItem\",\"position\":2,\"name\":\"Kauden 2019 &#8211; 2020 ohjelma\"}]},{\"@type\":\"WebSite\",\"@id\":\"https:\/\/rotary.fi\/kauhavarc\/#website\",\"url\":\"https:\/\/rotary.fi\/kauhavarc\/\",\"name\":\"Kauhavan Rotaryklubi ry\",\"description\":\"Uusi Rotary klubisivusto\",\"potentialAction\":[{\"@type\":\"SearchAction\",\"target\":{\"@type\":\"EntryPoint\",\"urlTemplate\":\"https:\/\/rotary.fi\/kauhavarc\/?s={search_term_string}\"},\"query-input\":{\"@type\":\"PropertyValueSpecification\",\"valueRequired\":true,\"valueName\":\"search_term_string\"}}],\"inLanguage\":\"fi\"}]}<\/script>\n<!-- \/ Yoast SEO plugin. -->","yoast_head_json":{"title":"Kauden 2019 - 2020 ohjelma - Kauhavan Rotaryklubi ry","robots":{"index":"index","follow":"follow","max-snippet":"max-snippet:-1","max-image-preview":"max-image-preview:large","max-video-preview":"max-video-preview:-1"},"canonical":"https:\/\/rotary.fi\/kauhavarc\/kauden-2019-2020-ohjelma\/","og_locale":"fi_FI","og_type":"article","og_title":"Kauden 2019 - 2020 ohjelma - Kauhavan Rotaryklubi ry","og_description":"&nbsp;Kauhavan Rotaryklubin ohjelma \u2013\u00a0 kausi 2019 \u2013 2020\u00a0Presidentti: Heikki Per\u00e4l\u00e4\u00a0 -\u00a0 Sihteeri: Jarmo Vainionp\u00e4\u00e4 &nbsp; &nbsp; Viikko Pvm Kauhava RC ohjelma syyskausi 2019 32 8.8.2019 Tulevan kauden toiminnan + syksyn viikko-ohjelman suunnittelua 33 15.8.2019 Vierailu Kotkanpes\u00e4n laavulle \u2013 esittelee Hannu Lehtinen, H\u00e4rm\u00e4nmaan Latu 33 15.8.2019 Rotarypuolisoiden illanistujaiset Per\u00e4l\u00f6ill\u00e4 \u2013 Berit Per\u00e4l\u00e4 34 22.8.2019 Vuosivaihtarimme Mederic [&hellip;]","og_url":"https:\/\/rotary.fi\/kauhavarc\/kauden-2019-2020-ohjelma\/","og_site_name":"Kauhavan Rotaryklubi ry","article_modified_time":"2021-09-21T09:28:35+00:00","og_image":[{"url":"https:\/\/rotary.fi\/kauhavarc\/wp-content\/uploads\/sites\/22\/2019\/07\/teema-2020.jpg","type":"","width":"","height":""}],"twitter_card":"summary_large_image","twitter_misc":{"Arvioitu lukuaika":"6 minuuttia"},"schema":{"@context":"https:\/\/schema.org","@graph":[{"@type":"WebPage","@id":"https:\/\/rotary.fi\/kauhavarc\/kauden-2019-2020-ohjelma\/","url":"https:\/\/rotary.fi\/kauhavarc\/kauden-2019-2020-ohjelma\/","name":"Kauden 2019 - 2020 ohjelma - Kauhavan Rotaryklubi ry","isPartOf":{"@id":"https:\/\/rotary.fi\/kauhavarc\/#website"},"primaryImageOfPage":{"@id":"https:\/\/rotary.fi\/kauhavarc\/kauden-2019-2020-ohjelma\/#primaryimage"},"image":{"@id":"https:\/\/rotary.fi\/kauhavarc\/kauden-2019-2020-ohjelma\/#primaryimage"},"thumbnailUrl":"https:\/\/rotary.fi\/kauhavarc\/wp-content\/uploads\/sites\/22\/2019\/07\/teema-2020.jpg","datePublished":"2019-07-02T06:17:50+00:00","dateModified":"2021-09-21T09:28:35+00:00","breadcrumb":{"@id":"https:\/\/rotary.fi\/kauhavarc\/kauden-2019-2020-ohjelma\/#breadcrumb"},"inLanguage":"fi","potentialAction":[{"@type":"ReadAction","target":["https:\/\/rotary.fi\/kauhavarc\/kauden-2019-2020-ohjelma\/"]}]},{"@type":"ImageObject","inLanguage":"fi","@id":"https:\/\/rotary.fi\/kauhavarc\/kauden-2019-2020-ohjelma\/#primaryimage","url":"https:\/\/rotary.fi\/kauhavarc\/wp-content\/uploads\/sites\/22\/2019\/07\/teema-2020.jpg","contentUrl":"https:\/\/rotary.fi\/kauhavarc\/wp-content\/uploads\/sites\/22\/2019\/07\/teema-2020.jpg","width":970,"height":259},{"@type":"BreadcrumbList","@id":"https:\/\/rotary.fi\/kauhavarc\/kauden-2019-2020-ohjelma\/#breadcrumb","itemListElement":[{"@type":"ListItem","position":1,"name":"Home","item":"https:\/\/rotary.fi\/kauhavarc\/"},{"@type":"ListItem","position":2,"name":"Kauden 2019 &#8211; 2020 ohjelma"}]},{"@type":"WebSite","@id":"https:\/\/rotary.fi\/kauhavarc\/#website","url":"https:\/\/rotary.fi\/kauhavarc\/","name":"Kauhavan Rotaryklubi ry","description":"Uusi Rotary klubisivusto","potentialAction":[{"@type":"SearchAction","target":{"@type":"EntryPoint","urlTemplate":"https:\/\/rotary.fi\/kauhavarc\/?s={search_term_string}"},"query-input":{"@type":"PropertyValueSpecification","valueRequired":true,"valueName":"search_term_string"}}],"inLanguage":"fi"}]}},"lang":"fi","translations":{"fi":2249},"pll_sync_post":[],"_links":{"self":[{"href":"https:\/\/rotary.fi\/kauhavarc\/wp-json\/wp\/v2\/pages\/2249","targetHints":{"allow":["GET"]}}],"collection":[{"href":"https:\/\/rotary.fi\/kauhavarc\/wp-json\/wp\/v2\/pages"}],"about":[{"href":"https:\/\/rotary.fi\/kauhavarc\/wp-json\/wp\/v2\/types\/page"}],"author":[{"embeddable":true,"href":"https:\/\/rotary.fi\/kauhavarc\/wp-json\/wp\/v2\/users\/16"}],"replies":[{"embeddable":true,"href":"https:\/\/rotary.fi\/kauhavarc\/wp-json\/wp\/v2\/comments?post=2249"}],"version-history":[{"count":78,"href":"https:\/\/rotary.fi\/kauhavarc\/wp-json\/wp\/v2\/pages\/2249\/revisions"}],"predecessor-version":[{"id":3991,"href":"https:\/\/rotary.fi\/kauhavarc\/wp-json\/wp\/v2\/pages\/2249\/revisions\/3991"}],"wp:attachment":[{"href":"https:\/\/rotary.fi\/kauhavarc\/wp-json\/wp\/v2\/media?parent=2249"}],"curies":[{"name":"wp","href":"https:\/\/api.w.org\/{rel}","templated":true}]}}