{"id":2115,"date":"2018-12-29T21:53:15","date_gmt":"2018-12-29T19:53:15","guid":{"rendered":"https:\/\/rotary.fi\/kauhavarc\/?page_id=2115"},"modified":"2020-06-13T19:11:03","modified_gmt":"2020-06-13T16:11:03","slug":"kauhavan-rotaryklubin-kauden-2009-2010-viikko-ohjelma","status":"publish","type":"page","link":"https:\/\/rotary.fi\/kauhavarc\/kauhavan-rotaryklubin-kauden-2009-2010-viikko-ohjelma\/","title":{"rendered":"Kauhavan Rotaryklubin kauden 2009 \u2013 2010 viikko-ohjelma"},"content":{"rendered":"<p>[et_pb_section fb_built=&#8221;1&#8243; _builder_version=&#8221;3.22&#8243;][et_pb_row _builder_version=&#8221;3.25&#8243; background_size=&#8221;initial&#8221; background_position=&#8221;top_left&#8221; background_repeat=&#8221;repeat&#8221;][et_pb_column type=&#8221;4_4&#8243; _builder_version=&#8221;3.25&#8243; custom_padding=&#8221;|||&#8221; custom_padding__hover=&#8221;|||&#8221;][et_pb_text _builder_version=&#8221;3.27.4&#8243;]<\/p>\n<h3>Kauhavan Rotaryklubin kauden 2009 \u2013 2010 viikko-ohjelma<\/h3>\n<p>[\/et_pb_text][et_pb_text _builder_version=&#8221;3.27.4&#8243;]<\/p>\n<p style=\"text-align: center\"><strong>Presidentti:\u00a0 Ilkka Peura\u00a0 \u00a0 &#8211;\u00a0 \u00a0 Sihteeri:\u00a0 Esa Jokiaho<\/strong><\/p>\n<p>[\/et_pb_text][et_pb_text _builder_version=&#8221;4.4.8&#8243; hover_enabled=&#8221;0&#8243; admin_label=&#8221;Teksti&#8221;]<\/p>\n<p><strong>HEIN\u00c4KUU<\/strong><br \/>LUKU- JA KIRJOITUSTAIDON KUUKAUSI<\/p>\n<p>Ei kokouksia, Kes\u00e4loma<\/p>\n<p><strong>ELOKUU<\/strong><br \/>J\u00c4SENIST\u00d6N JA LAAJENNUSTY\u00d6N KUUKAUSI<\/p>\n<p>6.8. Saunakokous, klubineuvottelu. Mm. kauden teema ja ohjelman suunnittelu<br \/>13.8. Kauden ohjelman esittely, komiteat. 50v juhlien suunnittelu<br \/>20.8. Esitelm\u00e4: GSE-ryhm\u00e4n j\u00e4sen Petra Sippola kertoi Kanadan kuukaudesta<br \/>27.8. Tutustuminen Hunurij\u00e4rven matkailukeskukseen, esitteli Kalevi Hanhim\u00e4ki<\/p>\n<p><strong>SYYSKUU<\/strong><br \/>UUSIEN SUKUPOLVIEN KUUKAUSI<\/p>\n<p>3.9. Saunakokous, klubineuvottelu. Mm tulevat 50-v juhlat ja historiikki<br \/>10.9. Kuvern\u00f6\u00f6ri Pekka Koskisen vierailu klubissa<br \/>17.9. Suunnistus ja tietokilpailu RT:n kanssa M\u00e4enp\u00e4\u00e4ss\u00e4<br \/>19.9. Kauhavan Rotaryklubin 50-vuotisjuhla<br \/>24.9. Esitelm\u00e4: hirvenmets\u00e4stys, Jaakko Per\u00e4l\u00e4 ja\u00a0muut hirvest\u00e4j\u00e4t<\/p>\n<p><strong>LOKAKUU<\/strong><br \/>AMMATTIPALVELUN KUUKAUSI<\/p>\n<p>1.10. Saunakokous, klubineuvottelu. Mm uuden Rotary klubin perustaminen Kauhavalle.<br \/>8.10. Esitelm\u00e4: vaihto-oppilaamme Ana Isabel Vieira<br \/>15.10. Esitelm\u00e4: kaivosteollisuus Suomessa, Matti V\u00e4h\u00e4passi<br \/>22.10.\u00a0Klubineuvottelu,<br \/>24-25.10 Rotary lentopallon SM-turnaus Tikkakoskella<br \/>29.10 Vuosikokous, hallitus. Vuosivaihtarimme Laura Salmi kertoi vaihtovuodestaan Saksassa<\/p>\n<p><strong>MARRASKUU<\/strong><br \/>ROTARYS\u00c4\u00c4TI\u00d6N KUUKAUSI<\/p>\n<p>5.11. Saunakokous, klubineuvottelu<br \/>12.11. Esitelm\u00e4: Hyv\u00e4n johtamisen kulmakivet, presidentti Ilkka Peura<br \/>19.11. IC Kokous: piirin Rotarys\u00e4\u00e4ti\u00f6n puheenjohtaja PDG Timo Katajisto\u00a0esittelee rotarys\u00e4\u00e4ti\u00f6n toimintaa<br \/>26.11. Perheilta, pikkujouluateria<br \/>28.11.Teatteriretki Vaasaan, &#8221;My Fair Lady&#8221;, puolisot mukaan<\/p>\n<p><strong>JOULUKUU<\/strong><br \/>ROTARYPERHEEN KUUKAUSI<\/p>\n<p>3.12. Saunakokous, klubineuvottelu. Mm Y-Kino<br \/>10.12. Vaalikokous.\u00a0Esitelm\u00e4: Suomen pystykorva, Jussi Koivusalo<br \/>17.12. Vierailu: J\u00e4\u00e4k\u00e4rimuseo Kortej\u00e4rvell\u00e4, esitteli Maaria Kouvula-Talkkari<br \/>24.12. Jouluaatto \u2013 ei kokousta<br \/>30.12\u00a0 Ylim\u00e4\u00e4r\u00e4inen kokous. Elokuvien n\u00e4ytt\u00e4misen harjoittelua. Katsottiin elokuva &#8221;Kirjeit\u00e4 pappi Jaakobille&#8221;<br \/>31.12. uudenvuodenaatto \u2013 ei kokousta<\/p>\n<p><strong>TAMMIKUU<\/strong><br \/>ROTARYTIETOUDEN KUUKAUSI<\/p>\n<p>7.1. Saunakokous, klubineuvottelu. Mm Rotarys\u00e4\u00e4ti\u00f6 ja Y-Kino<br \/>14.1. Klubineuvottelu. Y-Kinon teht\u00e4v\u00e4jakoa, osakeyhti\u00f6n perustamisesta p\u00e4\u00e4tt\u00e4minen<br \/>21.1. Esitelm\u00e4: toiminta ammuntakisojen tuomarina,\u00a0Matti V\u00e4h\u00e4passi<br \/>28.1. Tapahtuma esittely: kamarimusiikkia Kauhavalla, Seppo Ruotsala<\/p>\n<p><strong>HELMIKUU<\/strong><br \/>MAAILMAN YHTEISYMM\u00c4RRYKSEN KUUKAUSI<\/p>\n<p>4.2. Saunakokous, klubineuvottelu. Y-Kino tilanne.\u00a0 Vaihtarimme Ana kertoi kokemuksistaan\u00a0 Suomessa<br \/>11.2. Esitelm\u00e4: geenimuunneltu ruoka, Jaakko Alahuhtala<br \/>18.2. Esitelm\u00e4: auton haku Saksasta, Pertti Helenius<br \/>25.2. Tapahtuma esittely: Valehtelun SM-kisat, Joonas Autio<\/p>\n<p><strong>MAALISKUU<\/strong><br \/>LUKU- JA KIRJOITUSTAIDON KUUKAUSI<\/p>\n<p>4.3. Saunakokous, klubineuvottelu. Ex vaihtarimme vuodelta 2006 Mallory Smith vieraili kokouksessa<br \/>11.3. Tapahtuma esittely: Lent\u00e4jien Juhannus, Jari Risikko<br \/>18.3. Esitelm\u00e4: omaehtoinen matkailu, Matti Jouppi<br \/>25.3. Esitelm\u00e4: ammunta, Eero Paavola, Gunnar\u00a0Ahopelto, Jorma Risku<\/p>\n<p><strong>HUHTIKUU<\/strong><br \/>ROTARYLEHTIEN KUUKAUSI<\/p>\n<p>1.4. Kiirastorstai \u2013 ei kokousta<br \/>8.4. Saunakokous, klubineuvottelu. Mm Y-Kino, PETS ja nuorisovaihto<br \/>15.4. Esitelm\u00e4: esitelm\u00e4: YK-yhteysupseerina Bosniassa, Jorma Risku<br \/>22.4. Yritysvierailu &#8211; elokuvateatteri Matin Tupa, Ylistaro<br \/>29.4.\u00a0Esitelm\u00e4: Vapon toiminta ja turpeen hy\u00f6tyk\u00e4ytt\u00f6, Jussi Koivusalo<\/p>\n<p><strong>TOUKOKUU<\/strong><\/p>\n<p>6.5. Saunakokous, klubineuvottelu, mm Y-Kino ja lukion Uravalintatilaisuus<br \/>13.5. Helatorstai \u2013 ei kokousta<br \/>20.5. Esitelm\u00e4: l\u00e4\u00e4ketietellinen tekniikka,\u00a0vierailija DI Hanna M\u00e4ki<\/p>\n<p>27.5. Esitelm\u00e4: vaihto-oppilaan vuosiesitelm\u00e4,\u00a0Ana Isbel Vieira<\/p>\n<p><strong>KES\u00c4KUU<\/strong><br \/>ROTARYN HARRASTUS- JA AMMATTIRYHMIEN\u00a0KUUKAUSI<\/p>\n<p>3.6. Tapahtuma esittely: H\u00e4rm\u00e4l\u00e4\u00e4set H\u00e4jyylyt. Matti Kuoppala<br \/>10.6. Tulevan kauden ohjelman esittely, tuleva presidentti Toni Uusim\u00e4ki<br \/>18.6. Nuijanvaihtajaiset &#8211; Ravintola Pinkki Alvari<\/p>\n<p>[\/et_pb_text][et_pb_button button_url=&#8221;https:\/\/rotary.fi\/kauhavarc\/menneiden-kausien-klubiohjelmia\/&#8221; button_text=&#8221;Takaisin&#8221; button_alignment=&#8221;center&#8221; _builder_version=&#8221;3.17.6&#8243; custom_margin=&#8221;50px||50px|&#8221;][\/et_pb_button][\/et_pb_column][\/et_pb_row][\/et_pb_section]<\/p>\n","protected":false},"excerpt":{"rendered":"<p>Kauhavan Rotaryklubin kauden 2009 \u2013 2010 viikko-ohjelma Presidentti:\u00a0 Ilkka Peura\u00a0 \u00a0 &#8211;\u00a0 \u00a0 Sihteeri:\u00a0 Esa Jokiaho HEIN\u00c4KUULUKU- JA KIRJOITUSTAIDON KUUKAUSI Ei kokouksia, Kes\u00e4loma ELOKUUJ\u00c4SENIST\u00d6N JA LAAJENNUSTY\u00d6N KUUKAUSI 6.8. Saunakokous, klubineuvottelu. Mm. kauden teema ja ohjelman suunnittelu13.8. Kauden ohjelman esittely, komiteat. 50v juhlien suunnittelu20.8. Esitelm\u00e4: GSE-ryhm\u00e4n j\u00e4sen Petra Sippola kertoi Kanadan kuukaudesta27.8. Tutustuminen Hunurij\u00e4rven matkailukeskukseen, esitteli [&hellip;]<\/p>\n","protected":false},"author":16,"featured_media":0,"parent":0,"menu_order":0,"comment_status":"closed","ping_status":"closed","template":"","meta":{"_acf_changed":false,"_et_pb_use_builder":"on","_et_pb_old_content":"<h3>Kauhavan Rotaryklubin kauden 2009 \u2013 2010 viikko-ohjelma<\/h3>","_et_gb_content_width":"","footnotes":""},"class_list":["post-2115","page","type-page","status-publish","hentry"],"acf":[],"yoast_head":"<!-- This site is optimized with the Yoast SEO plugin v27.0 - https:\/\/yoast.com\/product\/yoast-seo-wordpress\/ -->\n<title>Kauhavan Rotaryklubin kauden 2009 \u2013 2010 viikko-ohjelma - Kauhavan Rotaryklubi ry<\/title>\n<meta name=\"robots\" content=\"index, follow, max-snippet:-1, max-image-preview:large, max-video-preview:-1\" \/>\n<link rel=\"canonical\" href=\"https:\/\/rotary.fi\/kauhavarc\/kauhavan-rotaryklubin-kauden-2009-2010-viikko-ohjelma\/\" \/>\n<meta property=\"og:locale\" content=\"fi_FI\" \/>\n<meta property=\"og:type\" content=\"article\" \/>\n<meta property=\"og:title\" content=\"Kauhavan Rotaryklubin kauden 2009 \u2013 2010 viikko-ohjelma - Kauhavan Rotaryklubi ry\" \/>\n<meta property=\"og:description\" content=\"Kauhavan Rotaryklubin kauden 2009 \u2013 2010 viikko-ohjelma Presidentti:\u00a0 Ilkka Peura\u00a0 \u00a0 -\u00a0 \u00a0 Sihteeri:\u00a0 Esa Jokiaho HEIN\u00c4KUULUKU- JA KIRJOITUSTAIDON KUUKAUSI Ei kokouksia, Kes\u00e4loma ELOKUUJ\u00c4SENIST\u00d6N JA LAAJENNUSTY\u00d6N KUUKAUSI 6.8. Saunakokous, klubineuvottelu. Mm. kauden teema ja ohjelman suunnittelu13.8. Kauden ohjelman esittely, komiteat. 50v juhlien suunnittelu20.8. Esitelm\u00e4: GSE-ryhm\u00e4n j\u00e4sen Petra Sippola kertoi Kanadan kuukaudesta27.8. Tutustuminen Hunurij\u00e4rven matkailukeskukseen, esitteli [&hellip;]\" \/>\n<meta property=\"og:url\" content=\"https:\/\/rotary.fi\/kauhavarc\/kauhavan-rotaryklubin-kauden-2009-2010-viikko-ohjelma\/\" \/>\n<meta property=\"og:site_name\" content=\"Kauhavan Rotaryklubi ry\" \/>\n<meta property=\"article:modified_time\" content=\"2020-06-13T16:11:03+00:00\" \/>\n<meta name=\"twitter:card\" content=\"summary_large_image\" \/>\n<meta name=\"twitter:label1\" content=\"Arvioitu lukuaika\" \/>\n\t<meta name=\"twitter:data1\" content=\"2 minuuttia\" \/>\n<script type=\"application\/ld+json\" class=\"yoast-schema-graph\">{\"@context\":\"https:\/\/schema.org\",\"@graph\":[{\"@type\":\"WebPage\",\"@id\":\"https:\/\/rotary.fi\/kauhavarc\/kauhavan-rotaryklubin-kauden-2009-2010-viikko-ohjelma\/\",\"url\":\"https:\/\/rotary.fi\/kauhavarc\/kauhavan-rotaryklubin-kauden-2009-2010-viikko-ohjelma\/\",\"name\":\"Kauhavan Rotaryklubin kauden 2009 \u2013 2010 viikko-ohjelma - Kauhavan Rotaryklubi ry\",\"isPartOf\":{\"@id\":\"https:\/\/rotary.fi\/kauhavarc\/#website\"},\"datePublished\":\"2018-12-29T19:53:15+00:00\",\"dateModified\":\"2020-06-13T16:11:03+00:00\",\"breadcrumb\":{\"@id\":\"https:\/\/rotary.fi\/kauhavarc\/kauhavan-rotaryklubin-kauden-2009-2010-viikko-ohjelma\/#breadcrumb\"},\"inLanguage\":\"fi\",\"potentialAction\":[{\"@type\":\"ReadAction\",\"target\":[\"https:\/\/rotary.fi\/kauhavarc\/kauhavan-rotaryklubin-kauden-2009-2010-viikko-ohjelma\/\"]}]},{\"@type\":\"BreadcrumbList\",\"@id\":\"https:\/\/rotary.fi\/kauhavarc\/kauhavan-rotaryklubin-kauden-2009-2010-viikko-ohjelma\/#breadcrumb\",\"itemListElement\":[{\"@type\":\"ListItem\",\"position\":1,\"name\":\"Home\",\"item\":\"https:\/\/rotary.fi\/kauhavarc\/\"},{\"@type\":\"ListItem\",\"position\":2,\"name\":\"Kauhavan Rotaryklubin kauden 2009 \u2013 2010 viikko-ohjelma\"}]},{\"@type\":\"WebSite\",\"@id\":\"https:\/\/rotary.fi\/kauhavarc\/#website\",\"url\":\"https:\/\/rotary.fi\/kauhavarc\/\",\"name\":\"Kauhavan Rotaryklubi ry\",\"description\":\"Uusi Rotary klubisivusto\",\"potentialAction\":[{\"@type\":\"SearchAction\",\"target\":{\"@type\":\"EntryPoint\",\"urlTemplate\":\"https:\/\/rotary.fi\/kauhavarc\/?s={search_term_string}\"},\"query-input\":{\"@type\":\"PropertyValueSpecification\",\"valueRequired\":true,\"valueName\":\"search_term_string\"}}],\"inLanguage\":\"fi\"}]}<\/script>\n<!-- \/ Yoast SEO plugin. -->","yoast_head_json":{"title":"Kauhavan Rotaryklubin kauden 2009 \u2013 2010 viikko-ohjelma - Kauhavan Rotaryklubi ry","robots":{"index":"index","follow":"follow","max-snippet":"max-snippet:-1","max-image-preview":"max-image-preview:large","max-video-preview":"max-video-preview:-1"},"canonical":"https:\/\/rotary.fi\/kauhavarc\/kauhavan-rotaryklubin-kauden-2009-2010-viikko-ohjelma\/","og_locale":"fi_FI","og_type":"article","og_title":"Kauhavan Rotaryklubin kauden 2009 \u2013 2010 viikko-ohjelma - Kauhavan Rotaryklubi ry","og_description":"Kauhavan Rotaryklubin kauden 2009 \u2013 2010 viikko-ohjelma Presidentti:\u00a0 Ilkka Peura\u00a0 \u00a0 -\u00a0 \u00a0 Sihteeri:\u00a0 Esa Jokiaho HEIN\u00c4KUULUKU- JA KIRJOITUSTAIDON KUUKAUSI Ei kokouksia, Kes\u00e4loma ELOKUUJ\u00c4SENIST\u00d6N JA LAAJENNUSTY\u00d6N KUUKAUSI 6.8. Saunakokous, klubineuvottelu. Mm. kauden teema ja ohjelman suunnittelu13.8. Kauden ohjelman esittely, komiteat. 50v juhlien suunnittelu20.8. Esitelm\u00e4: GSE-ryhm\u00e4n j\u00e4sen Petra Sippola kertoi Kanadan kuukaudesta27.8. Tutustuminen Hunurij\u00e4rven matkailukeskukseen, esitteli [&hellip;]","og_url":"https:\/\/rotary.fi\/kauhavarc\/kauhavan-rotaryklubin-kauden-2009-2010-viikko-ohjelma\/","og_site_name":"Kauhavan Rotaryklubi ry","article_modified_time":"2020-06-13T16:11:03+00:00","twitter_card":"summary_large_image","twitter_misc":{"Arvioitu lukuaika":"2 minuuttia"},"schema":{"@context":"https:\/\/schema.org","@graph":[{"@type":"WebPage","@id":"https:\/\/rotary.fi\/kauhavarc\/kauhavan-rotaryklubin-kauden-2009-2010-viikko-ohjelma\/","url":"https:\/\/rotary.fi\/kauhavarc\/kauhavan-rotaryklubin-kauden-2009-2010-viikko-ohjelma\/","name":"Kauhavan Rotaryklubin kauden 2009 \u2013 2010 viikko-ohjelma - Kauhavan Rotaryklubi ry","isPartOf":{"@id":"https:\/\/rotary.fi\/kauhavarc\/#website"},"datePublished":"2018-12-29T19:53:15+00:00","dateModified":"2020-06-13T16:11:03+00:00","breadcrumb":{"@id":"https:\/\/rotary.fi\/kauhavarc\/kauhavan-rotaryklubin-kauden-2009-2010-viikko-ohjelma\/#breadcrumb"},"inLanguage":"fi","potentialAction":[{"@type":"ReadAction","target":["https:\/\/rotary.fi\/kauhavarc\/kauhavan-rotaryklubin-kauden-2009-2010-viikko-ohjelma\/"]}]},{"@type":"BreadcrumbList","@id":"https:\/\/rotary.fi\/kauhavarc\/kauhavan-rotaryklubin-kauden-2009-2010-viikko-ohjelma\/#breadcrumb","itemListElement":[{"@type":"ListItem","position":1,"name":"Home","item":"https:\/\/rotary.fi\/kauhavarc\/"},{"@type":"ListItem","position":2,"name":"Kauhavan Rotaryklubin kauden 2009 \u2013 2010 viikko-ohjelma"}]},{"@type":"WebSite","@id":"https:\/\/rotary.fi\/kauhavarc\/#website","url":"https:\/\/rotary.fi\/kauhavarc\/","name":"Kauhavan Rotaryklubi ry","description":"Uusi Rotary klubisivusto","potentialAction":[{"@type":"SearchAction","target":{"@type":"EntryPoint","urlTemplate":"https:\/\/rotary.fi\/kauhavarc\/?s={search_term_string}"},"query-input":{"@type":"PropertyValueSpecification","valueRequired":true,"valueName":"search_term_string"}}],"inLanguage":"fi"}]}},"lang":"fi","translations":{"fi":2115},"pll_sync_post":[],"_links":{"self":[{"href":"https:\/\/rotary.fi\/kauhavarc\/wp-json\/wp\/v2\/pages\/2115","targetHints":{"allow":["GET"]}}],"collection":[{"href":"https:\/\/rotary.fi\/kauhavarc\/wp-json\/wp\/v2\/pages"}],"about":[{"href":"https:\/\/rotary.fi\/kauhavarc\/wp-json\/wp\/v2\/types\/page"}],"author":[{"embeddable":true,"href":"https:\/\/rotary.fi\/kauhavarc\/wp-json\/wp\/v2\/users\/16"}],"replies":[{"embeddable":true,"href":"https:\/\/rotary.fi\/kauhavarc\/wp-json\/wp\/v2\/comments?post=2115"}],"version-history":[{"count":5,"href":"https:\/\/rotary.fi\/kauhavarc\/wp-json\/wp\/v2\/pages\/2115\/revisions"}],"predecessor-version":[{"id":2822,"href":"https:\/\/rotary.fi\/kauhavarc\/wp-json\/wp\/v2\/pages\/2115\/revisions\/2822"}],"wp:attachment":[{"href":"https:\/\/rotary.fi\/kauhavarc\/wp-json\/wp\/v2\/media?parent=2115"}],"curies":[{"name":"wp","href":"https:\/\/api.w.org\/{rel}","templated":true}]}}