{"id":1761,"date":"2018-12-13T11:30:18","date_gmt":"2018-12-13T09:30:18","guid":{"rendered":"https:\/\/rotary.fi\/kauhavarc\/?page_id=1761"},"modified":"2018-12-15T15:07:23","modified_gmt":"2018-12-15T13:07:23","slug":"vaihtotoiminnan-alkuhetkia-klubissamme","status":"publish","type":"page","link":"https:\/\/rotary.fi\/kauhavarc\/vaihtotoiminnan-alkuhetkia-klubissamme\/","title":{"rendered":"Vaihtotoiminnan alkuhetki\u00e4 klubissamme"},"content":{"rendered":"<p>[et_pb_section bb_built=&#8221;1&#8243;][et_pb_row][et_pb_column type=&#8221;4_4&#8243;][et_pb_text admin_label=&#8221;Pernaa Teksti&#8221; _builder_version=&#8221;3.17.6&#8243;]<\/p>\n<h3>Nuorisovaihdon alku Kauhavan Rotaryklubissa<\/h3>\n<p><strong>Veli Pernaa<\/p>\n<p><\/strong><\/p>\n<p>Toiminnan ideointi alkoi muistaakseni syksyll\u00e4 1975. Klubikokouksissa tunnusteltiin, olisiko Kauhavan rotarien nuorisossa ulkomaille l\u00e4htij\u00f6it\u00e4 ja vastaavasti, olisiko rotaryperheiss\u00e4 kiinnostusta majoittaa vaihto-oppilas kotiin muutamaksi kuukaudeksi. Kumpaankin l\u00f6ytyi selv\u00e4sti halukkuutta, ja asiat johtivat siihen, ett\u00e4 lukion toisella luokalla ollut P\u00e4ivi-tytt\u00e4remme valittiin ensimm\u00e4iseksi l\u00e4htij\u00e4ehdokkaaksi. Asian muodollisuudet eteniv\u00e4t hyv\u00e4ss\u00e4 j\u00e4rjestyksess\u00e4 ja h\u00e4nen matkansa suuntautui Kaliforniaan Sacramenton l\u00e4helle. Kauhavalle ensimm\u00e4iseksi vaihto-oppilaaksi saapui samanik\u00e4inen Cherie Coloradosta.<\/p>\n<p>Amerikkalaistyt\u00f6n saapuminen her\u00e4tti tietysti suurta paikallista huomiota, mutta alkuun p\u00e4\u00e4stiin varsin sujuvasti. Cherie aloitti insin\u00f6\u00f6rikapteeni Martti H\u00e4nnisen perheess\u00e4 ja sen j\u00e4lkeen jatkoi meill\u00e4 Ilmasotakoulun asuintiloissa. Seitsem\u00e4ntoistavuotias amerikatar ohjattiin yhteiskouluun, mik\u00e4 sekin sujui luontevasti; olihan jo rotareissa oppilaitoksen omaa opettajakuntaa edustettuna. Cherie ei ollut kovin innostunut koululainen eik\u00e4 esimerkiksi suomen kielen opiskelu juuri edistynyt, mutta h\u00e4n oli kiltti ja hyvin mukautuvainen ja yleens\u00e4kin tyytyv\u00e4inen oleskeluunsa. Ehk\u00e4 vastoin odotuksia, suuren maan nuoriso ei yksil\u00f6in\u00e4 ollut mielest\u00e4mme ik\u00e4\u00e4ns\u00e4 n\u00e4hden sen kehittyneemp\u00e4\u00e4 kuin suomalaiset lapset, pikemminkin p\u00e4invastoin.<\/p>\n<p>Kokonaisuudessaan voi sanoa, ett\u00e4 tulokkaan sijoittaminen perhe- ja kouluyhteyteen sujui yll\u00e4tt\u00e4v\u00e4n helposti; h\u00e4n vain \u201dkorvasi\u201d samanik\u00e4isen perheenj\u00e4senen t\u00e4ksi lyhyehk\u00f6ksi jaksoksi.<\/p>\n<p>Vaihto-oppilastoiminta sai saman tien jatkoa, kun klubi p\u00e4\u00e4tti toistaa ensimm\u00e4isen vuoden kokeilun uudelleen. Matkaan l\u00e4hetettiin j\u00e4lleen perheemme tyt\u00e4r, t\u00e4ll\u00e4 kertaa P\u00e4ivin nuorempi sisar Minna, jonka matka suuntautui Uuden Englannin alueelle Massachusettsiin Bostonin l\u00e4helle. Vaihdokkaaksi saapui kolmannen polven amerikansuomalainen, hieman suomea osannut Patricia Lehtola. H\u00e4n oli edelt\u00e4j\u00e4\u00e4ns\u00e4 aktiivisempi ja enemm\u00e4n tiedonhaluinen ja sai siten ilmeisesti paljon enemm\u00e4n irti vaihtovuodestaan. Kun h\u00e4n oli l\u00e4ht\u00f6isin kotimaakuntansa maaseudulta, h\u00e4n oli kiinnostunut my\u00f6s suomalaisesta maataloudesta. Ilmeisesti h\u00e4nen oleskelunsa Matti Sippolan maatilalla muodostui Patricialle hyvin antoisaksi.<\/p>\n<p>Patricia osoitti tarmokkuuttaan my\u00f6s sill\u00e4, ett\u00e4 h\u00e4n pyrki oleskelunsa aikana kehitt\u00e4m\u00e4\u00e4n suomen kielen taitoaan. T\u00e4ss\u00e4 mieless\u00e4 h\u00e4n laati l\u00e4ht\u00f6vaiheessa kirjoituksen pit\u00e4j\u00e4lehti Kauhavaan. Puhe l\u00f6ytynee lehden arkistosta.<\/p>\n<p><img loading=\"lazy\" decoding=\"async\" class=\"alignnone size-full wp-image-1750\" src=\"https:\/\/rotary.fi\/kauhavarc\/wp-content\/uploads\/sites\/22\/2018\/12\/patricia-nettiin.jpg\" alt=\"\" width=\"1366\" height=\"891\" srcset=\"https:\/\/rotary.fi\/kauhavarc\/wp-content\/uploads\/sites\/22\/2018\/12\/patricia-nettiin.jpg 1366w, https:\/\/rotary.fi\/kauhavarc\/wp-content\/uploads\/sites\/22\/2018\/12\/patricia-nettiin-300x196.jpg 300w, https:\/\/rotary.fi\/kauhavarc\/wp-content\/uploads\/sites\/22\/2018\/12\/patricia-nettiin-768x501.jpg 768w, https:\/\/rotary.fi\/kauhavarc\/wp-content\/uploads\/sites\/22\/2018\/12\/patricia-nettiin-1024x668.jpg 1024w, https:\/\/rotary.fi\/kauhavarc\/wp-content\/uploads\/sites\/22\/2018\/12\/patricia-nettiin-1080x704.jpg 1080w\" sizes=\"(max-width: 1366px) 100vw, 1366px\" \/><\/p>\n<p>Vaihto-oppilaille pyrittiin j\u00e4rjest\u00e4m\u00e4\u00e4n laajemminkin mahdollisuuksia tutustua suomalaiseen ymp\u00e4rist\u00f6\u00f6n. T\u00e4ss\u00e4 mieless\u00e4 me teimme matkoja l\u00e4hiet\u00e4isyydelle l\u00e4hinn\u00e4 viikonvaihteissa. T\u00e4ll\u00f6in k\u00e4ytiin esim. kes\u00e4m\u00f6kill\u00e4 ja joissakin paikkakunnan n\u00e4ht\u00e4vyyksiss\u00e4. Rotarypiiri j\u00e4rjesti my\u00f6s piirikohtaisia retki\u00e4 kaikille alueen vaihdokkaille, joihin my\u00f6s meid\u00e4n tytt\u00f6mme osallistuivat. N\u00e4m\u00e4 tapaamiset, joiden yhteydess\u00e4 heill\u00e4 oli tilaisuus keskustella omaa \u00e4idinkielt\u00e4 puhuvien kanssa, n\u00e4ytti oleva heille kovasti mieleen. Ehk\u00e4 he saivat n\u00e4ill\u00e4 tapaamisilla jonkin verran vastinetta koti-ik\u00e4v\u00e4\u00e4ns\u00e4.<\/p>\n<p>Luonnollisesti vaihto-oppilaat vierailivat my\u00f6s klubin viikkokokouksessa, jossa heit\u00e4 jututettiin ja kyseltiin heid\u00e4n tunnelmiaan.<\/p>\n<p>J\u00e4lkeenp\u00e4in on perheemme ollut hieman tekemisiss\u00e4 niiden perheiden kanssa, joissa omat tytt\u00e4remme ovat olleet vaihto-oppilaina.<\/p>\n<p>Vaihto-oppilastoiminta oli alusta l\u00e4htien hyvin rikastuttava laajennus klubin toimintaan.<\/p>\n<p>Koska rotarytoiminta on kansainv\u00e4list\u00e4 ja jopa maailmanlaajuista, vaihto-oppilaat olivat konkreettinen havaintoesimerkki aatteen kansainv\u00e4lisyydest\u00e4. Kun vaihdokkaat liittyiv\u00e4t mukaan paikkakunnan oppikoululaisiin, he puolestaan v\u00e4littiv\u00e4t siell\u00e4 kansainv\u00e4lisyytt\u00e4 ja olivat omiaan laajentamaan my\u00f6s pit\u00e4j\u00e4n koulunuorison el\u00e4m\u00e4nkatsomusta vieraan maan ihmisist\u00e4 ja el\u00e4m\u00e4m\u00e4st\u00e4.<\/p>\n<p>Omalle perhepiirille vaihto-oppilaat toivat luonnollisesti v\u00e4litt\u00f6m\u00e4n vaikutelman heid\u00e4n kotimaastaan ja sen ihmisist\u00e4. Englannin kieli tuli tutummaksi ja sik\u00e4l\u00e4iset p\u00f6yt\u00e4- ym tavat niin ik\u00e4\u00e4n. Omille lapsille, joille oli onnekkaasti tullut mahdolliseksi viett\u00e4\u00e4 vuosi ulkomailla, matka oli tietysti ainutlaatuinen el\u00e4mys. Sen vaikutus jo opitun kielen kannalta oli hyvin t\u00e4rke\u00e4, ja yleisen\u00e4 el\u00e4m\u00e4n kokemuksena tavattoman hy\u00f6dyllinen.<\/p>\n<p>Vanhana is\u00e4nt\u00e4perheen\u00e4 ja vaihto-oppilaiden vanhempina me haluamme v\u00e4litt\u00e4\u00e4 Kauhava rotaryklubille eritt\u00e4in l\u00e4mpim\u00e4t henkil\u00f6kohtaiset kiitokset siit\u00e4, ett\u00e4 meid\u00e4n lapsillamme oli mahdollisuus p\u00e4\u00e4st\u00e4 vaihto-oppilaiksi Yhdysvaltoihin. Ei ole ep\u00e4ilyst\u00e4k\u00e4\u00e4n siit\u00e4, etteik\u00f6 rotarytoiminnan t\u00e4m\u00e4 muoto olisi alusta l\u00e4htien tuottanut hienoa tulosta ja laajalle ulottuvaa, pitk\u00e4aikaista hedelm\u00e4\u00e4.<\/p>\n<p><em>T\u00e4m\u00e4 Veli Pernaan kirjoitus on alunperin julkaistu Kauhavan Rotaryklubin nuorisovaihdon 40-vuotishistoriikissa v. 2016<\/em><\/p>\n<p>[\/et_pb_text][et_pb_button admin_label=&#8221;takaisin painike&#8221; _builder_version=&#8221;3.17.6&#8243; button_text=&#8221;Takaisin&#8221; button_url=&#8221;https:\/\/rotary.fi\/kauhavarc\/keita-olemme\/ilo-esitella\/&#8221; button_alignment=&#8221;center&#8221; custom_margin=&#8221;40px||40px|&#8221; \/][\/et_pb_column][\/et_pb_row][\/et_pb_section]<\/p>\n","protected":false},"excerpt":{"rendered":"<p><div class=\"et_pb_row et_pb_row_0 et_pb_row_empty\">\n\t\t\t\t\n\t\t\t\t\n\t\t\t\t\n\t\t\t\t\n\t\t\t\t\n\t\t\t<\/div> Nuorisovaihdon alku Kauhavan RotaryklubissaVeli PernaaToiminnan ideointi alkoi muistaakseni syksyll\u00e4 1975. Klubikokouksissa tunnusteltiin, olisiko Kauhavan rotarien nuorisossa ulkomaille l\u00e4htij\u00f6it\u00e4 ja vastaavasti, olisiko rotaryperheiss\u00e4 kiinnostusta majoittaa vaihto-oppilas kotiin muutamaksi kuukaudeksi. Kumpaankin l\u00f6ytyi selv\u00e4sti halukkuutta, ja asiat johtivat siihen, ett\u00e4 lukion toisella luokalla ollut P\u00e4ivi-tytt\u00e4remme valittiin ensimm\u00e4iseksi l\u00e4htij\u00e4ehdokkaaksi. Asian muodollisuudet eteniv\u00e4t hyv\u00e4ss\u00e4 j\u00e4rjestyksess\u00e4 ja h\u00e4nen matkansa suuntautui [&hellip;]<\/p>\n","protected":false},"author":16,"featured_media":0,"parent":0,"menu_order":0,"comment_status":"closed","ping_status":"closed","template":"","meta":{"_acf_changed":false,"_et_pb_use_builder":"on","_et_pb_old_content":"<p><strong><span style=\"font-size: small;\"><span lang=\"fi-FI\">Veli Pernaa<\/span><\/span><\/strong><\/p><p><span style=\"font-size: small;\"><span lang=\"fi-FI\">Toiminnan ideointi alkoi muistaakseni syksyll\u00e4 1975. Klubikokouksissa tunnusteltiin, olisiko Kauhavan rotarien nuorisossa ulkomaille l\u00e4htij\u00f6it\u00e4 ja vastaavasti, olisiko rotaryperheiss\u00e4 kiinnostusta majoittaa vaihto-oppilas kotiin muutamaksi kuukaudeksi. Kumpaankin l\u00f6ytyi selv\u00e4sti halukkuutta, ja asiat johtivat siihen, ett\u00e4 lukion toisella luokalla ollut P\u00e4ivi-tytt\u00e4remme valittiin ensimm\u00e4iseksi l\u00e4htij\u00e4ehdokkaaksi. Asian muodollisuudet eteniv\u00e4t hyv\u00e4ss\u00e4 j\u00e4rjestyksess\u00e4 ja h\u00e4nen matkansa suuntautui Kaliforniaan Sacramenton l\u00e4helle. Kauhavalle ensimm\u00e4iseksi vaihto-oppilaaksi saapui samanik\u00e4inen Cherie Coloradosta.<\/span><\/span><\/p><p><span style=\"font-size: small;\"><span lang=\"fi-FI\">Amerikkalaistyt\u00f6n saapuminen her\u00e4tti tietysti suurta paikallista huomiota, mutta alkuun p\u00e4\u00e4stiin varsin sujuvasti. Cherie aloitti insin\u00f6\u00f6rikapteeni Martti H\u00e4nnisen perheess\u00e4 ja sen j\u00e4lkeen jatkoi meill\u00e4 Ilmasotakoulun asuintiloissa. Seitsem\u00e4ntoistavuotias amerikatar ohjattiin yhteiskouluun, mik\u00e4 sekin sujui luontevasti; olihan jo rotareissa oppilaitoksen omaa opettajakuntaa edustettuna. Cherie ei ollut kovin innostunut koululainen eik\u00e4 esimerkiksi suomen kielen opiskelu juuri edistynyt, mutta h\u00e4n oli kiltti ja hyvin mukautuvainen ja yleens\u00e4kin tyytyv\u00e4inen oleskeluunsa. Ehk\u00e4 vastoin odotuksia, suuren maan nuoriso ei yksil\u00f6in\u00e4 ollut mielest\u00e4mme ik\u00e4\u00e4ns\u00e4 n\u00e4hden sen kehittyneemp\u00e4\u00e4 kuin suomalaiset lapset, pikemminkin p\u00e4invastoin.<\/span><\/span><\/p><p><span style=\"font-size: small;\"><span lang=\"fi-FI\">Kokonaisuudessaan voi sanoa, ett\u00e4 tulokkaan sijoittaminen perhe- ja kouluyhteyteen sujui yll\u00e4tt\u00e4v\u00e4n helposti; h\u00e4n vain \u201dkorvasi\u201d samanik\u00e4isen perheenj\u00e4senen t\u00e4ksi lyhyehk\u00f6ksi jaksoksi.<\/span><\/span><\/p><p><span style=\"font-size: small;\"><span lang=\"fi-FI\">Vaihto-oppilastoiminta sai saman tien jatkoa, kun klubi p\u00e4\u00e4tti toistaa ensimm\u00e4isen vuoden kokeilun uudelleen. Matkaan l\u00e4hetettiin j\u00e4lleen perheemme tyt\u00e4r, t\u00e4ll\u00e4 kertaa P\u00e4ivin nuorempi sisar Minna, jonka matka suuntautui Uuden Englannin alueelle Massachusettsiin Bostonin l\u00e4helle. Vaihdokkaaksi saapui kolmannen polven amerikansuomalainen, hieman suomea osannut Patricia Lehtola. H\u00e4n oli edelt\u00e4j\u00e4\u00e4ns\u00e4 aktiivisempi ja enemm\u00e4n tiedonhaluinen ja sai siten ilmeisesti paljon enemm\u00e4n irti vaihtovuodestaan. Kun h\u00e4n oli l\u00e4ht\u00f6isin kotimaakuntansa maaseudulta, h\u00e4n oli kiinnostunut my\u00f6s suomalaisesta maataloudesta. Ilmeisesti h\u00e4nen oleskelunsa Matti Sippolan maatilalla muodostui Patricialle hyvin antoisaksi. <\/span><\/span><\/p><p><span style=\"font-size: small;\"><span lang=\"fi-FI\">Patricia osoitti tarmokkuuttaan my\u00f6s sill\u00e4, ett\u00e4 h\u00e4n pyrki oleskelunsa aikana kehitt\u00e4m\u00e4\u00e4n suomen kielen taitoaan. T\u00e4ss\u00e4 mieless\u00e4 h\u00e4n laati l\u00e4ht\u00f6vaiheessa kirjoituksen pit\u00e4j\u00e4lehti Kauhavaan. Puhe l\u00f6ytynee lehden arkistosta.<\/span><\/span><\/p><p><img class=\"alignnone size-full wp-image-1750\" src=\"https:\/\/rotary.fi\/kauhavarc\/wp-content\/uploads\/sites\/22\/2018\/12\/patricia-nettiin.jpg\" alt=\"\" width=\"1366\" height=\"891\" \/><\/p><p><span style=\"font-size: small;\"><span lang=\"fi-FI\">Vaihto-oppilaille pyrittiin j\u00e4rjest\u00e4m\u00e4\u00e4n laajemminkin mahdollisuuksia tutustua suomalaiseen ymp\u00e4rist\u00f6\u00f6n. T\u00e4ss\u00e4 mieless\u00e4 me teimme matkoja l\u00e4hiet\u00e4isyydelle l\u00e4hinn\u00e4 viikonvaihteissa. T\u00e4ll\u00f6in k\u00e4ytiin esim. kes\u00e4m\u00f6kill\u00e4 ja joissakin paikkakunnan n\u00e4ht\u00e4vyyksiss\u00e4. Rotarypiiri j\u00e4rjesti my\u00f6s piirikohtaisia retki\u00e4 kaikille alueen vaihdokkaille, joihin my\u00f6s meid\u00e4n tytt\u00f6mme osallistuivat. N\u00e4m\u00e4 tapaamiset, joiden yhteydess\u00e4 heill\u00e4 oli tilaisuus keskustella omaa \u00e4idinkielt\u00e4 puhuvien kanssa, n\u00e4ytti oleva heille kovasti mieleen. Ehk\u00e4 he saivat n\u00e4ill\u00e4 tapaamisilla jonkin verran vastinetta koti-ik\u00e4v\u00e4\u00e4ns\u00e4.<\/span><\/span><\/p><p><span style=\"font-size: small;\"><span lang=\"fi-FI\">Luonnollisesti vaihto-oppilaat vierailivat my\u00f6s klubin viikkokokouksessa, jossa heit\u00e4 jututettiin ja kyseltiin heid\u00e4n tunnelmiaan. <\/span><\/span><\/p><p><span style=\"font-size: small;\"><span lang=\"fi-FI\">J\u00e4lkeenp\u00e4in on perheemme ollut hieman tekemisiss\u00e4 niiden perheiden kanssa, joissa omat tytt\u00e4remme ovat olleet vaihto-oppilaina. <\/span><\/span><\/p><p><span style=\"font-size: small;\"><span lang=\"fi-FI\">Vaihto-oppilastoiminta oli alusta l\u00e4htien hyvin rikastuttava laajennus klubin toimintaan. <\/span><\/span><\/p><p><span style=\"font-size: small;\"><span lang=\"fi-FI\">Koska rotarytoiminta on kansainv\u00e4list\u00e4 ja jopa maailmanlaajuista, vaihto-oppilaat olivat konkreettinen havaintoesimerkki aatteen kansainv\u00e4lisyydest\u00e4. Kun vaihdokkaat liittyiv\u00e4t mukaan paikkakunnan oppikoululaisiin, he puolestaan v\u00e4littiv\u00e4t siell\u00e4 kansainv\u00e4lisyytt\u00e4 ja olivat omiaan laajentamaan my\u00f6s pit\u00e4j\u00e4n koulunuorison el\u00e4m\u00e4nkatsomusta vieraan maan ihmisist\u00e4 ja el\u00e4m\u00e4m\u00e4st\u00e4.<\/span><\/span><\/p><p><span style=\"font-size: small;\"><span lang=\"fi-FI\">Omalle perhepiirille vaihto-oppilaat toivat luonnollisesti v\u00e4litt\u00f6m\u00e4n vaikutelman heid\u00e4n kotimaastaan ja sen ihmisist\u00e4. Englannin kieli tuli tutummaksi ja sik\u00e4l\u00e4iset p\u00f6yt\u00e4- ym tavat niin ik\u00e4\u00e4n. Omille lapsille, joille oli onnekkaasti tullut mahdolliseksi viett\u00e4\u00e4 vuosi ulkomailla, matka oli tietysti ainutlaatuinen el\u00e4mys. Sen vaikutus jo opitun kielen kannalta oli hyvin t\u00e4rke\u00e4, ja yleisen\u00e4 el\u00e4m\u00e4n kokemuksena tavattoman hy\u00f6dyllinen.<\/span><\/span><\/p><p><span style=\"font-size: small;\"><span lang=\"fi-FI\">Vanhana is\u00e4nt\u00e4perheen\u00e4 ja vaihto-oppilaiden vanhempina me haluamme v\u00e4litt\u00e4\u00e4 Kauhava rotaryklubille eritt\u00e4in l\u00e4mpim\u00e4t henkil\u00f6kohtaiset kiitokset siit\u00e4, ett\u00e4 meid\u00e4n lapsillamme oli mahdollisuus p\u00e4\u00e4st\u00e4 vaihto-oppilaiksi Yhdysvaltoihin. Ei ole ep\u00e4ilyst\u00e4k\u00e4\u00e4n siit\u00e4, etteik\u00f6 rotarytoiminnan t\u00e4m\u00e4 muoto olisi alusta l\u00e4htien tuottanut hienoa tulosta ja laajalle ulottuvaa, pitk\u00e4aikaista hedelm\u00e4\u00e4.<br \/><\/span><\/span><\/p><p><em>T\u00e4m\u00e4 Veli Pernaan kirjoitus on alunperin julkaistu Kauhavan Rotaryklubin \u0144uorisovaihdon 40-vuotishistoriikissa v. 2016<\/em><\/p>","_et_gb_content_width":"","footnotes":""},"class_list":["post-1761","page","type-page","status-publish","hentry"],"acf":[],"yoast_head":"<!-- This site is optimized with the Yoast SEO plugin v27.4 - https:\/\/yoast.com\/product\/yoast-seo-wordpress\/ -->\n<title>Vaihtotoiminnan alkuhetki\u00e4 klubissamme - Kauhavan Rotaryklubi ry<\/title>\n<meta name=\"robots\" content=\"index, follow, max-snippet:-1, max-image-preview:large, max-video-preview:-1\" \/>\n<link rel=\"canonical\" href=\"https:\/\/rotary.fi\/kauhavarc\/vaihtotoiminnan-alkuhetkia-klubissamme\/\" \/>\n<meta property=\"og:locale\" content=\"fi_FI\" \/>\n<meta property=\"og:type\" content=\"article\" \/>\n<meta property=\"og:title\" content=\"Vaihtotoiminnan alkuhetki\u00e4 klubissamme - Kauhavan Rotaryklubi ry\" \/>\n<meta property=\"og:description\" content=\"Nuorisovaihdon alku Kauhavan RotaryklubissaVeli PernaaToiminnan ideointi alkoi muistaakseni syksyll\u00e4 1975. Klubikokouksissa tunnusteltiin, olisiko Kauhavan rotarien nuorisossa ulkomaille l\u00e4htij\u00f6it\u00e4 ja vastaavasti, olisiko rotaryperheiss\u00e4 kiinnostusta majoittaa vaihto-oppilas kotiin muutamaksi kuukaudeksi. Kumpaankin l\u00f6ytyi selv\u00e4sti halukkuutta, ja asiat johtivat siihen, ett\u00e4 lukion toisella luokalla ollut P\u00e4ivi-tytt\u00e4remme valittiin ensimm\u00e4iseksi l\u00e4htij\u00e4ehdokkaaksi. Asian muodollisuudet eteniv\u00e4t hyv\u00e4ss\u00e4 j\u00e4rjestyksess\u00e4 ja h\u00e4nen matkansa suuntautui [&hellip;]\" \/>\n<meta property=\"og:url\" content=\"https:\/\/rotary.fi\/kauhavarc\/vaihtotoiminnan-alkuhetkia-klubissamme\/\" \/>\n<meta property=\"og:site_name\" content=\"Kauhavan Rotaryklubi ry\" \/>\n<meta property=\"article:modified_time\" content=\"2018-12-15T13:07:23+00:00\" \/>\n<meta property=\"og:image\" content=\"https:\/\/rotary.fi\/kauhavarc\/wp-content\/uploads\/sites\/22\/2018\/12\/patricia-nettiin.jpg\" \/>\n<meta name=\"twitter:card\" content=\"summary_large_image\" \/>\n<meta name=\"twitter:label1\" content=\"Arvioitu lukuaika\" \/>\n\t<meta name=\"twitter:data1\" content=\"4 minuuttia\" \/>\n<script type=\"application\/ld+json\" class=\"yoast-schema-graph\">{\"@context\":\"https:\\\/\\\/schema.org\",\"@graph\":[{\"@type\":\"WebPage\",\"@id\":\"https:\\\/\\\/rotary.fi\\\/kauhavarc\\\/vaihtotoiminnan-alkuhetkia-klubissamme\\\/\",\"url\":\"https:\\\/\\\/rotary.fi\\\/kauhavarc\\\/vaihtotoiminnan-alkuhetkia-klubissamme\\\/\",\"name\":\"Vaihtotoiminnan alkuhetki\u00e4 klubissamme - Kauhavan Rotaryklubi ry\",\"isPartOf\":{\"@id\":\"https:\\\/\\\/rotary.fi\\\/kauhavarc\\\/#website\"},\"primaryImageOfPage\":{\"@id\":\"https:\\\/\\\/rotary.fi\\\/kauhavarc\\\/vaihtotoiminnan-alkuhetkia-klubissamme\\\/#primaryimage\"},\"image\":{\"@id\":\"https:\\\/\\\/rotary.fi\\\/kauhavarc\\\/vaihtotoiminnan-alkuhetkia-klubissamme\\\/#primaryimage\"},\"thumbnailUrl\":\"https:\\\/\\\/rotary.fi\\\/kauhavarc\\\/wp-content\\\/uploads\\\/sites\\\/22\\\/2018\\\/12\\\/patricia-nettiin.jpg\",\"datePublished\":\"2018-12-13T09:30:18+00:00\",\"dateModified\":\"2018-12-15T13:07:23+00:00\",\"breadcrumb\":{\"@id\":\"https:\\\/\\\/rotary.fi\\\/kauhavarc\\\/vaihtotoiminnan-alkuhetkia-klubissamme\\\/#breadcrumb\"},\"inLanguage\":\"fi\",\"potentialAction\":[{\"@type\":\"ReadAction\",\"target\":[\"https:\\\/\\\/rotary.fi\\\/kauhavarc\\\/vaihtotoiminnan-alkuhetkia-klubissamme\\\/\"]}]},{\"@type\":\"ImageObject\",\"inLanguage\":\"fi\",\"@id\":\"https:\\\/\\\/rotary.fi\\\/kauhavarc\\\/vaihtotoiminnan-alkuhetkia-klubissamme\\\/#primaryimage\",\"url\":\"https:\\\/\\\/rotary.fi\\\/kauhavarc\\\/wp-content\\\/uploads\\\/sites\\\/22\\\/2018\\\/12\\\/patricia-nettiin.jpg\",\"contentUrl\":\"https:\\\/\\\/rotary.fi\\\/kauhavarc\\\/wp-content\\\/uploads\\\/sites\\\/22\\\/2018\\\/12\\\/patricia-nettiin.jpg\",\"width\":1366,\"height\":891},{\"@type\":\"BreadcrumbList\",\"@id\":\"https:\\\/\\\/rotary.fi\\\/kauhavarc\\\/vaihtotoiminnan-alkuhetkia-klubissamme\\\/#breadcrumb\",\"itemListElement\":[{\"@type\":\"ListItem\",\"position\":1,\"name\":\"Home\",\"item\":\"https:\\\/\\\/rotary.fi\\\/kauhavarc\\\/\"},{\"@type\":\"ListItem\",\"position\":2,\"name\":\"Vaihtotoiminnan alkuhetki\u00e4 klubissamme\"}]},{\"@type\":\"WebSite\",\"@id\":\"https:\\\/\\\/rotary.fi\\\/kauhavarc\\\/#website\",\"url\":\"https:\\\/\\\/rotary.fi\\\/kauhavarc\\\/\",\"name\":\"Kauhavan Rotaryklubi ry\",\"description\":\"Uusi Rotary klubisivusto\",\"potentialAction\":[{\"@type\":\"SearchAction\",\"target\":{\"@type\":\"EntryPoint\",\"urlTemplate\":\"https:\\\/\\\/rotary.fi\\\/kauhavarc\\\/?s={search_term_string}\"},\"query-input\":{\"@type\":\"PropertyValueSpecification\",\"valueRequired\":true,\"valueName\":\"search_term_string\"}}],\"inLanguage\":\"fi\"}]}<\/script>\n<!-- \/ Yoast SEO plugin. -->","yoast_head_json":{"title":"Vaihtotoiminnan alkuhetki\u00e4 klubissamme - Kauhavan Rotaryklubi ry","robots":{"index":"index","follow":"follow","max-snippet":"max-snippet:-1","max-image-preview":"max-image-preview:large","max-video-preview":"max-video-preview:-1"},"canonical":"https:\/\/rotary.fi\/kauhavarc\/vaihtotoiminnan-alkuhetkia-klubissamme\/","og_locale":"fi_FI","og_type":"article","og_title":"Vaihtotoiminnan alkuhetki\u00e4 klubissamme - Kauhavan Rotaryklubi ry","og_description":"Nuorisovaihdon alku Kauhavan RotaryklubissaVeli PernaaToiminnan ideointi alkoi muistaakseni syksyll\u00e4 1975. Klubikokouksissa tunnusteltiin, olisiko Kauhavan rotarien nuorisossa ulkomaille l\u00e4htij\u00f6it\u00e4 ja vastaavasti, olisiko rotaryperheiss\u00e4 kiinnostusta majoittaa vaihto-oppilas kotiin muutamaksi kuukaudeksi. Kumpaankin l\u00f6ytyi selv\u00e4sti halukkuutta, ja asiat johtivat siihen, ett\u00e4 lukion toisella luokalla ollut P\u00e4ivi-tytt\u00e4remme valittiin ensimm\u00e4iseksi l\u00e4htij\u00e4ehdokkaaksi. Asian muodollisuudet eteniv\u00e4t hyv\u00e4ss\u00e4 j\u00e4rjestyksess\u00e4 ja h\u00e4nen matkansa suuntautui [&hellip;]","og_url":"https:\/\/rotary.fi\/kauhavarc\/vaihtotoiminnan-alkuhetkia-klubissamme\/","og_site_name":"Kauhavan Rotaryklubi ry","article_modified_time":"2018-12-15T13:07:23+00:00","og_image":[{"url":"https:\/\/rotary.fi\/kauhavarc\/wp-content\/uploads\/sites\/22\/2018\/12\/patricia-nettiin.jpg","type":"","width":"","height":""}],"twitter_card":"summary_large_image","twitter_misc":{"Arvioitu lukuaika":"4 minuuttia"},"schema":{"@context":"https:\/\/schema.org","@graph":[{"@type":"WebPage","@id":"https:\/\/rotary.fi\/kauhavarc\/vaihtotoiminnan-alkuhetkia-klubissamme\/","url":"https:\/\/rotary.fi\/kauhavarc\/vaihtotoiminnan-alkuhetkia-klubissamme\/","name":"Vaihtotoiminnan alkuhetki\u00e4 klubissamme - Kauhavan Rotaryklubi ry","isPartOf":{"@id":"https:\/\/rotary.fi\/kauhavarc\/#website"},"primaryImageOfPage":{"@id":"https:\/\/rotary.fi\/kauhavarc\/vaihtotoiminnan-alkuhetkia-klubissamme\/#primaryimage"},"image":{"@id":"https:\/\/rotary.fi\/kauhavarc\/vaihtotoiminnan-alkuhetkia-klubissamme\/#primaryimage"},"thumbnailUrl":"https:\/\/rotary.fi\/kauhavarc\/wp-content\/uploads\/sites\/22\/2018\/12\/patricia-nettiin.jpg","datePublished":"2018-12-13T09:30:18+00:00","dateModified":"2018-12-15T13:07:23+00:00","breadcrumb":{"@id":"https:\/\/rotary.fi\/kauhavarc\/vaihtotoiminnan-alkuhetkia-klubissamme\/#breadcrumb"},"inLanguage":"fi","potentialAction":[{"@type":"ReadAction","target":["https:\/\/rotary.fi\/kauhavarc\/vaihtotoiminnan-alkuhetkia-klubissamme\/"]}]},{"@type":"ImageObject","inLanguage":"fi","@id":"https:\/\/rotary.fi\/kauhavarc\/vaihtotoiminnan-alkuhetkia-klubissamme\/#primaryimage","url":"https:\/\/rotary.fi\/kauhavarc\/wp-content\/uploads\/sites\/22\/2018\/12\/patricia-nettiin.jpg","contentUrl":"https:\/\/rotary.fi\/kauhavarc\/wp-content\/uploads\/sites\/22\/2018\/12\/patricia-nettiin.jpg","width":1366,"height":891},{"@type":"BreadcrumbList","@id":"https:\/\/rotary.fi\/kauhavarc\/vaihtotoiminnan-alkuhetkia-klubissamme\/#breadcrumb","itemListElement":[{"@type":"ListItem","position":1,"name":"Home","item":"https:\/\/rotary.fi\/kauhavarc\/"},{"@type":"ListItem","position":2,"name":"Vaihtotoiminnan alkuhetki\u00e4 klubissamme"}]},{"@type":"WebSite","@id":"https:\/\/rotary.fi\/kauhavarc\/#website","url":"https:\/\/rotary.fi\/kauhavarc\/","name":"Kauhavan Rotaryklubi ry","description":"Uusi Rotary klubisivusto","potentialAction":[{"@type":"SearchAction","target":{"@type":"EntryPoint","urlTemplate":"https:\/\/rotary.fi\/kauhavarc\/?s={search_term_string}"},"query-input":{"@type":"PropertyValueSpecification","valueRequired":true,"valueName":"search_term_string"}}],"inLanguage":"fi"}]}},"lang":"fi","translations":{"fi":1761},"pll_sync_post":[],"_links":{"self":[{"href":"https:\/\/rotary.fi\/kauhavarc\/wp-json\/wp\/v2\/pages\/1761","targetHints":{"allow":["GET"]}}],"collection":[{"href":"https:\/\/rotary.fi\/kauhavarc\/wp-json\/wp\/v2\/pages"}],"about":[{"href":"https:\/\/rotary.fi\/kauhavarc\/wp-json\/wp\/v2\/types\/page"}],"author":[{"embeddable":true,"href":"https:\/\/rotary.fi\/kauhavarc\/wp-json\/wp\/v2\/users\/16"}],"replies":[{"embeddable":true,"href":"https:\/\/rotary.fi\/kauhavarc\/wp-json\/wp\/v2\/comments?post=1761"}],"version-history":[{"count":8,"href":"https:\/\/rotary.fi\/kauhavarc\/wp-json\/wp\/v2\/pages\/1761\/revisions"}],"predecessor-version":[{"id":1950,"href":"https:\/\/rotary.fi\/kauhavarc\/wp-json\/wp\/v2\/pages\/1761\/revisions\/1950"}],"wp:attachment":[{"href":"https:\/\/rotary.fi\/kauhavarc\/wp-json\/wp\/v2\/media?parent=1761"}],"curies":[{"name":"wp","href":"https:\/\/api.w.org\/{rel}","templated":true}]}}