{"id":1708,"date":"2018-12-12T22:02:09","date_gmt":"2018-12-12T20:02:09","guid":{"rendered":"https:\/\/rotary.fi\/kauhavarc\/?page_id=1708"},"modified":"2018-12-14T20:06:17","modified_gmt":"2018-12-14T18:06:17","slug":"liikkuva-rotaryklubi","status":"publish","type":"page","link":"https:\/\/rotary.fi\/kauhavarc\/liikkuva-rotaryklubi\/","title":{"rendered":"Liikkuva Rotaryklubi"},"content":{"rendered":"<p>[et_pb_section bb_built=&#8221;1&#8243;][et_pb_row][et_pb_column type=&#8221;4_4&#8243;][et_pb_text]<\/p>\n<p><span style=\"font-weight: 400\">Liikunnalla on ollut aina suuri merkitys Kauhavan Rotaryklubille. Vuosiohjelmaan kuuluu ainakin kaksi liikuntapainotteista kokousta. Tavallisesti on suunnistettu, saunottu ja paistettu makkaraa M\u00e4enp\u00e4\u00e4n hiihtomajalla ja joskus Alah\u00e4rm\u00e4n Yliviitalassa. My\u00f6s laavu on tullut tutuksi veljille. Vuosiohjelmaan on usein kuulunut sieni- ja marjaretki\u00e4 sek\u00e4 kalastusta. Veljien joukossa on n\u00e4iden alojen tuntijoita ja he ovat jakaneet tietonsa muille n\u00e4ill\u00e4 retkill\u00e4.<\/span><\/p>\n<p><span style=\"font-weight: 400\">Leijonien kanssa oli aikaisemmin paljon yhteisi\u00e4 \u00a0liikuntatilaisuuksia erikoisesti 1980-luvulla. Klubit ottivat toisistaan mittaa j\u00e4\u00e4kiekossa ja pes\u00e4pallossa. My\u00f6s rouvat osallistuivat tilaisuuksiin tuomareina ja palkintojen jakajina. Liikuntap\u00e4iv\u00e4 p\u00e4\u00e4ttyi aina yhteiseen illanviettoon ja Laten Kannun t\u00e4ytt\u00f6\u00f6n ja tyhjennykseen usein upseerikerholla. V\u00e4lill\u00e4 kannu joutui hukkaan mutta l\u00f6ydettiin j\u00e4lleen. Klubien j\u00e4senten keski-ik\u00e4 kuitenkin alkoi nousta ja sit\u00e4 my\u00f6ten my\u00f6s yhteiset liikuntahetket j\u00e4iv\u00e4t pois. Nyt pit\u00e4isi l\u00f6yt\u00e4\u00e4 uusia yhteisty\u00f6muotoja ja harrastuksia leijonien kanssa. Siin\u00e4 on haastetta tuleville presidenteille.<\/span><\/p>\n<p><span style=\"font-weight: 400\">Vuonna 2008 l\u00f6ytyi uutena yhteisty\u00f6tahona Round Table. Heid\u00e4n kanssaan soudettiin viime syksyn\u00e4 kilpaa Kauhavajoella. Taisimme h\u00e4vit\u00e4 kisan. Jatkossa yhteisty\u00f6t\u00e4 Round Tablen \u00a0kanssa kannattaa tiivist\u00e4\u00e4.<\/span><\/p>\n<p><span style=\"font-weight: 400\">Kauhavan klubi kunnostautui my\u00f6s ammunnan Rotaryn SM-kisoissa. \u00a0Ilma-aseilla k\u00e4ydyist\u00e4 kisoista tuli mitaleita sylikaupalla sek\u00e4 kiv\u00e4\u00e4rist\u00e4 ett\u00e4 pistoolista. \u00a0Ampujien m\u00e4\u00e4r\u00e4 kuitenkin laski 2000-luvun alussa, niin ett\u00e4 kisat lopetettiin. Lionsien kanssa ammuttiin kilpaa ilmakiv\u00e4\u00e4rill\u00e4 kev\u00e4\u00e4ll\u00e4 2009. Ampujien v\u00e4liset erot tasattiin sill\u00e4, ett\u00e4 kaikki ampuivat tuelta. Sauna ja makkaran paisto olivat luonnollisesti mukana j\u00e4lkipeliss\u00e4. Ammunta voisikin olla pitempiaikainen yhteisen toiminnan muoto lionsien kanssa.<\/span><\/p>\n<p><span style=\"font-weight: 400\">Lentopallo on ollut vuosien varrella klubin kuningaslaji. 1980-luvun puoliv\u00e4liss\u00e4 alkoi SM-putki, joka toi klubille kahdeksan per\u00e4tt\u00e4ist\u00e4 mestaruutta. Siihen tuskin mik\u00e4\u00e4n toinen klubi pystyy. \u00a0Kilpasarja on nyt vaihtunut harrastesarjaksi ja siin\u00e4 on tullut kolme per\u00e4tt\u00e4ist\u00e4 mestaruutta. Viimeisin tuli vuonna 2008 Virossa T\u00fcriss\u00e4. Joukkue pelasi niin hyvin, ett\u00e4 voisi 2009 Tikkakoskella pelata kilpasarjassa!<\/span><\/p>\n<p><em><span style=\"font-weight: 400\">T\u00e4m\u00e4 Terho Haapalan ja Eero Paavolan laatima arkkeli on alunperin julkaistu Kauhavan Rotaryklubin 50-vuotis historiikissa v. 2009<\/span><\/em><\/p>\n<p>&nbsp;<\/p>\n<p>[\/et_pb_text][et_pb_text _builder_version=&#8221;3.17.6&#8243; \/][et_pb_button _builder_version=&#8221;3.17.6&#8243; button_text=&#8221;Takaisin&#8221; button_alignment=&#8221;center&#8221; custom_margin=&#8221;40px||40px|&#8221; button_url=&#8221;https:\/\/rotary.fi\/kauhavarc\/mita-teemme\/yhteiset-projektit\/ &#8221; \/][\/et_pb_column][\/et_pb_row][\/et_pb_section]<\/p>\n","protected":false},"excerpt":{"rendered":"<p><div class=\"et_pb_row et_pb_row_0 et_pb_row_empty\">\n\t\t\t\t\n\t\t\t\t\n\t\t\t\t\n\t\t\t\t\n\t\t\t\t\n\t\t\t<\/div><div class=\"et_pb_module et_pb_text et_pb_text_0  et_pb_text_align_left et_pb_bg_layout_light\">\n\t\t\t\t\n\t\t\t\t\n\t\t\t\t\n\t\t\t\t\n\t\t\t\t\n\t\t\t<\/div> Liikunnalla on ollut aina suuri merkitys Kauhavan Rotaryklubille. Vuosiohjelmaan kuuluu ainakin kaksi liikuntapainotteista kokousta. Tavallisesti on suunnistettu, saunottu ja paistettu makkaraa M\u00e4enp\u00e4\u00e4n hiihtomajalla ja joskus Alah\u00e4rm\u00e4n Yliviitalassa. My\u00f6s laavu on tullut tutuksi veljille. Vuosiohjelmaan on usein kuulunut sieni- ja marjaretki\u00e4 sek\u00e4 kalastusta. Veljien joukossa on n\u00e4iden alojen tuntijoita ja he ovat jakaneet tietonsa muille [&hellip;]<\/p>\n","protected":false},"author":16,"featured_media":0,"parent":0,"menu_order":0,"comment_status":"closed","ping_status":"closed","template":"","meta":{"_acf_changed":false,"_et_pb_use_builder":"on","_et_pb_old_content":"<p><span style=\"font-weight: 400;\">Liikunnalla on ollut aina suuri merkitys Kauhavan Rotaryklubille. Vuosiohjelmaan kuuluu ainakin kaksi liikuntapainotteista kokousta. Tavallisesti on suunnistettu, saunottu ja paistettu makkaraa M\u00e4enp\u00e4\u00e4n hiihtomajalla ja joskus Alah\u00e4rm\u00e4n Yliviitalassa. My\u00f6s laavu on tullut tutuksi veljille. Vuosiohjelmaan on usein kuulunut sieni- ja marjaretki\u00e4 sek\u00e4 kalastusta. Veljien joukossa on n\u00e4iden alojen tuntijoita ja he ovat jakaneet tietonsa muille n\u00e4ill\u00e4 retkill\u00e4.<\/span><\/p><p><span style=\"font-weight: 400;\">Leijonien kanssa oli aikaisemmin paljon yhteisi\u00e4 \u00a0liikuntatilaisuuksia erikoisesti 1980-luvulla. Klubit ottivat toisistaan mittaa j\u00e4\u00e4kiekossa ja pes\u00e4pallossa. My\u00f6s rouvat osallistuivat tilaisuuksiin tuomareina ja palkintojen jakajina. Liikuntap\u00e4iv\u00e4 p\u00e4\u00e4ttyi aina yhteiseen illanviettoon ja Laten Kannun t\u00e4ytt\u00f6\u00f6n ja tyhjennykseen usein upseerikerholla. V\u00e4lill\u00e4 kannu joutui hukkaan mutta l\u00f6ydettiin j\u00e4lleen. Klubien j\u00e4senten keski-ik\u00e4 kuitenkin alkoi nousta ja sit\u00e4 my\u00f6ten my\u00f6s yhteiset liikuntahetket j\u00e4iv\u00e4t pois. Nyt pit\u00e4isi l\u00f6yt\u00e4\u00e4 uusia yhteisty\u00f6muotoja ja harrastuksia leijonien kanssa. Siin\u00e4 on haastetta tuleville presidenteille.<\/span><\/p><p><span style=\"font-weight: 400;\">Vuonna 2008 l\u00f6ytyi uutena yhteisty\u00f6tahona Round Table. Heid\u00e4n kanssaan soudettiin viime syksyn\u00e4 kilpaa Kauhavajoella. Taisimme h\u00e4vit\u00e4 kisan. Jatkossa yhteisty\u00f6t\u00e4 Round Tablen \u00a0kanssa kannattaa tiivist\u00e4\u00e4.<\/span><\/p><p><span style=\"font-weight: 400;\">Kauhavan klubi kunnostautui my\u00f6s ammunnan Rotaryn SM-kisoissa. \u00a0Ilma-aseilla k\u00e4ydyist\u00e4 kisoista tuli mitaleita sylikaupalla sek\u00e4 kiv\u00e4\u00e4rist\u00e4 ett\u00e4 pistoolista. \u00a0Ampujien m\u00e4\u00e4r\u00e4 kuitenkin laski 2000-luvun alussa, niin ett\u00e4 kisat lopetettiin. Lionsien kanssa ammuttiin kilpaa ilmakiv\u00e4\u00e4rill\u00e4 kev\u00e4\u00e4ll\u00e4 2009. Ampujien v\u00e4liset erot tasattiin sill\u00e4, ett\u00e4 kaikki ampuivat tuelta. Sauna ja makkaran paisto olivat luonnollisesti mukana j\u00e4lkipeliss\u00e4. Ammunta voisikin olla pitempiaikainen yhteisen toiminnan muoto lionsien kanssa.<\/span><\/p><p><span style=\"font-weight: 400;\">Lentopallo on ollut vuosien varrella klubin kuningaslaji. 1980-luvun puoliv\u00e4liss\u00e4 alkoi SM-putki, joka toi klubille kahdeksan per\u00e4tt\u00e4ist\u00e4 mestaruutta. Siihen tuskin mik\u00e4\u00e4n toinen klubi pystyy. \u00a0Kilpasarja on nyt vaihtunut harrastesarjaksi ja siin\u00e4 on tullut kolme per\u00e4tt\u00e4ist\u00e4 mestaruutta. Viimeisin tuli vuonna 2008 Virossa T\u00fcriss\u00e4. Joukkue pelasi niin hyvin, ett\u00e4 voisi 2009 Tikkakoskella pelata kilpasarjassa!<\/span><\/p><p><em><span style=\"font-weight: 400;\">T\u00e4m\u00e4 Terho Haapalan ja Eero Paavolan laatima arkkeli on alunperin julkaistu Kauhavan Rotaryklubin 50-vuotis historiikissa v. 2009<\/span><\/em><\/p><p>\u00a0<\/p>","_et_gb_content_width":"","footnotes":""},"class_list":["post-1708","page","type-page","status-publish","hentry"],"acf":[],"yoast_head":"<!-- This site is optimized with the Yoast SEO plugin v27.0 - https:\/\/yoast.com\/product\/yoast-seo-wordpress\/ -->\n<title>Liikkuva Rotaryklubi - Kauhavan Rotaryklubi ry<\/title>\n<meta name=\"robots\" content=\"index, follow, max-snippet:-1, max-image-preview:large, max-video-preview:-1\" \/>\n<link rel=\"canonical\" href=\"https:\/\/rotary.fi\/kauhavarc\/liikkuva-rotaryklubi\/\" \/>\n<meta property=\"og:locale\" content=\"fi_FI\" \/>\n<meta property=\"og:type\" content=\"article\" \/>\n<meta property=\"og:title\" content=\"Liikkuva Rotaryklubi - Kauhavan Rotaryklubi ry\" \/>\n<meta property=\"og:description\" content=\"Liikunnalla on ollut aina suuri merkitys Kauhavan Rotaryklubille. Vuosiohjelmaan kuuluu ainakin kaksi liikuntapainotteista kokousta. Tavallisesti on suunnistettu, saunottu ja paistettu makkaraa M\u00e4enp\u00e4\u00e4n hiihtomajalla ja joskus Alah\u00e4rm\u00e4n Yliviitalassa. My\u00f6s laavu on tullut tutuksi veljille. Vuosiohjelmaan on usein kuulunut sieni- ja marjaretki\u00e4 sek\u00e4 kalastusta. Veljien joukossa on n\u00e4iden alojen tuntijoita ja he ovat jakaneet tietonsa muille [&hellip;]\" \/>\n<meta property=\"og:url\" content=\"https:\/\/rotary.fi\/kauhavarc\/liikkuva-rotaryklubi\/\" \/>\n<meta property=\"og:site_name\" content=\"Kauhavan Rotaryklubi ry\" \/>\n<meta property=\"article:modified_time\" content=\"2018-12-14T18:06:17+00:00\" \/>\n<meta name=\"twitter:card\" content=\"summary_large_image\" \/>\n<meta name=\"twitter:label1\" content=\"Arvioitu lukuaika\" \/>\n\t<meta name=\"twitter:data1\" content=\"2 minuuttia\" \/>\n<script type=\"application\/ld+json\" class=\"yoast-schema-graph\">{\"@context\":\"https:\/\/schema.org\",\"@graph\":[{\"@type\":\"WebPage\",\"@id\":\"https:\/\/rotary.fi\/kauhavarc\/liikkuva-rotaryklubi\/\",\"url\":\"https:\/\/rotary.fi\/kauhavarc\/liikkuva-rotaryklubi\/\",\"name\":\"Liikkuva Rotaryklubi - Kauhavan Rotaryklubi ry\",\"isPartOf\":{\"@id\":\"https:\/\/rotary.fi\/kauhavarc\/#website\"},\"datePublished\":\"2018-12-12T20:02:09+00:00\",\"dateModified\":\"2018-12-14T18:06:17+00:00\",\"breadcrumb\":{\"@id\":\"https:\/\/rotary.fi\/kauhavarc\/liikkuva-rotaryklubi\/#breadcrumb\"},\"inLanguage\":\"fi\",\"potentialAction\":[{\"@type\":\"ReadAction\",\"target\":[\"https:\/\/rotary.fi\/kauhavarc\/liikkuva-rotaryklubi\/\"]}]},{\"@type\":\"BreadcrumbList\",\"@id\":\"https:\/\/rotary.fi\/kauhavarc\/liikkuva-rotaryklubi\/#breadcrumb\",\"itemListElement\":[{\"@type\":\"ListItem\",\"position\":1,\"name\":\"Home\",\"item\":\"https:\/\/rotary.fi\/kauhavarc\/\"},{\"@type\":\"ListItem\",\"position\":2,\"name\":\"Liikkuva Rotaryklubi\"}]},{\"@type\":\"WebSite\",\"@id\":\"https:\/\/rotary.fi\/kauhavarc\/#website\",\"url\":\"https:\/\/rotary.fi\/kauhavarc\/\",\"name\":\"Kauhavan Rotaryklubi ry\",\"description\":\"Uusi Rotary klubisivusto\",\"potentialAction\":[{\"@type\":\"SearchAction\",\"target\":{\"@type\":\"EntryPoint\",\"urlTemplate\":\"https:\/\/rotary.fi\/kauhavarc\/?s={search_term_string}\"},\"query-input\":{\"@type\":\"PropertyValueSpecification\",\"valueRequired\":true,\"valueName\":\"search_term_string\"}}],\"inLanguage\":\"fi\"}]}<\/script>\n<!-- \/ Yoast SEO plugin. -->","yoast_head_json":{"title":"Liikkuva Rotaryklubi - Kauhavan Rotaryklubi ry","robots":{"index":"index","follow":"follow","max-snippet":"max-snippet:-1","max-image-preview":"max-image-preview:large","max-video-preview":"max-video-preview:-1"},"canonical":"https:\/\/rotary.fi\/kauhavarc\/liikkuva-rotaryklubi\/","og_locale":"fi_FI","og_type":"article","og_title":"Liikkuva Rotaryklubi - Kauhavan Rotaryklubi ry","og_description":"Liikunnalla on ollut aina suuri merkitys Kauhavan Rotaryklubille. Vuosiohjelmaan kuuluu ainakin kaksi liikuntapainotteista kokousta. Tavallisesti on suunnistettu, saunottu ja paistettu makkaraa M\u00e4enp\u00e4\u00e4n hiihtomajalla ja joskus Alah\u00e4rm\u00e4n Yliviitalassa. My\u00f6s laavu on tullut tutuksi veljille. Vuosiohjelmaan on usein kuulunut sieni- ja marjaretki\u00e4 sek\u00e4 kalastusta. Veljien joukossa on n\u00e4iden alojen tuntijoita ja he ovat jakaneet tietonsa muille [&hellip;]","og_url":"https:\/\/rotary.fi\/kauhavarc\/liikkuva-rotaryklubi\/","og_site_name":"Kauhavan Rotaryklubi ry","article_modified_time":"2018-12-14T18:06:17+00:00","twitter_card":"summary_large_image","twitter_misc":{"Arvioitu lukuaika":"2 minuuttia"},"schema":{"@context":"https:\/\/schema.org","@graph":[{"@type":"WebPage","@id":"https:\/\/rotary.fi\/kauhavarc\/liikkuva-rotaryklubi\/","url":"https:\/\/rotary.fi\/kauhavarc\/liikkuva-rotaryklubi\/","name":"Liikkuva Rotaryklubi - Kauhavan Rotaryklubi ry","isPartOf":{"@id":"https:\/\/rotary.fi\/kauhavarc\/#website"},"datePublished":"2018-12-12T20:02:09+00:00","dateModified":"2018-12-14T18:06:17+00:00","breadcrumb":{"@id":"https:\/\/rotary.fi\/kauhavarc\/liikkuva-rotaryklubi\/#breadcrumb"},"inLanguage":"fi","potentialAction":[{"@type":"ReadAction","target":["https:\/\/rotary.fi\/kauhavarc\/liikkuva-rotaryklubi\/"]}]},{"@type":"BreadcrumbList","@id":"https:\/\/rotary.fi\/kauhavarc\/liikkuva-rotaryklubi\/#breadcrumb","itemListElement":[{"@type":"ListItem","position":1,"name":"Home","item":"https:\/\/rotary.fi\/kauhavarc\/"},{"@type":"ListItem","position":2,"name":"Liikkuva Rotaryklubi"}]},{"@type":"WebSite","@id":"https:\/\/rotary.fi\/kauhavarc\/#website","url":"https:\/\/rotary.fi\/kauhavarc\/","name":"Kauhavan Rotaryklubi ry","description":"Uusi Rotary klubisivusto","potentialAction":[{"@type":"SearchAction","target":{"@type":"EntryPoint","urlTemplate":"https:\/\/rotary.fi\/kauhavarc\/?s={search_term_string}"},"query-input":{"@type":"PropertyValueSpecification","valueRequired":true,"valueName":"search_term_string"}}],"inLanguage":"fi"}]}},"lang":"fi","translations":{"fi":1708},"pll_sync_post":[],"_links":{"self":[{"href":"https:\/\/rotary.fi\/kauhavarc\/wp-json\/wp\/v2\/pages\/1708","targetHints":{"allow":["GET"]}}],"collection":[{"href":"https:\/\/rotary.fi\/kauhavarc\/wp-json\/wp\/v2\/pages"}],"about":[{"href":"https:\/\/rotary.fi\/kauhavarc\/wp-json\/wp\/v2\/types\/page"}],"author":[{"embeddable":true,"href":"https:\/\/rotary.fi\/kauhavarc\/wp-json\/wp\/v2\/users\/16"}],"replies":[{"embeddable":true,"href":"https:\/\/rotary.fi\/kauhavarc\/wp-json\/wp\/v2\/comments?post=1708"}],"version-history":[{"count":5,"href":"https:\/\/rotary.fi\/kauhavarc\/wp-json\/wp\/v2\/pages\/1708\/revisions"}],"predecessor-version":[{"id":1899,"href":"https:\/\/rotary.fi\/kauhavarc\/wp-json\/wp\/v2\/pages\/1708\/revisions\/1899"}],"wp:attachment":[{"href":"https:\/\/rotary.fi\/kauhavarc\/wp-json\/wp\/v2\/media?parent=1708"}],"curies":[{"name":"wp","href":"https:\/\/api.w.org\/{rel}","templated":true}]}}