{"id":1696,"date":"2018-12-12T21:19:37","date_gmt":"2018-12-12T19:19:37","guid":{"rendered":"https:\/\/rotary.fi\/kauhavarc\/?page_id=1696"},"modified":"2018-12-14T23:14:29","modified_gmt":"2018-12-14T21:14:29","slug":"klubin-synty","status":"publish","type":"page","link":"https:\/\/rotary.fi\/kauhavarc\/klubin-synty\/","title":{"rendered":"Klubin synty"},"content":{"rendered":"<p>[et_pb_section bb_built=&#8221;1&#8243; admin_label=&#8221;section&#8221;][et_pb_row admin_label=&#8221;row&#8221; background_position=&#8221;top_left&#8221; background_repeat=&#8221;repeat&#8221; background_size=&#8221;initial&#8221;][et_pb_column type=&#8221;4_4&#8243;][et_pb_text _builder_version=&#8221;3.17.6&#8243;]<\/p>\n<h3>Kauhavan Rotaryklubin perustaminen<\/h3>\n<p>[\/et_pb_text][et_pb_text admin_label=&#8221;Text&#8221; background_position=&#8221;top_left&#8221; background_repeat=&#8221;repeat&#8221; background_size=&#8221;initial&#8221; _builder_version=&#8221;3.17.6&#8243;]<\/p>\n<p><b><br \/>Reijo Heinonen<br \/><\/b><\/p>\n<p><span style=\"font-weight: 400\">Vuonna 1959 oli piirigovernorin teht\u00e4v\u00e4ss\u00e4 Onni Sairanen Lapuan Rotaryklubista. H\u00e4n pyysi klubin kauhavalaisia j\u00e4seni\u00e4 selvitt\u00e4m\u00e4\u00e4n, voitaisiinko Kauhavalle perustaa rotaryklubi. N\u00e4m\u00e4 j\u00e4senet, eversti Tauno Meller, varatuomari Kullervo Kemppinen ja liikkeenharjoittaja Ahto Kujanp\u00e4\u00e4 ottivat yhteyksi\u00e4 alueen johtaviin liike- ja virkamiehiin ja j\u00e4rjestiv\u00e4t neuvottelukokouksia asiasta. Eri vaiheiden j\u00e4lkeen l\u00e4hetettiin kirjallinen kutsu liitty\u00e4 perustettavaan klubiin 36 \u00a0kauhavalaiselle, alah\u00e4rm\u00e4l\u00e4iselle ja ylih\u00e4rm\u00e4l\u00e4iselle.<\/span><\/p>\n<p><span style=\"font-weight: 400\">Perustamiskokous pidettiin 26.2.1959 Kauhavan Osuuskaupan ravintolassa. Vuoden 1959-1960 rotarymatrikkelin j\u00e4rjestyksess\u00e4 luetellen j\u00e4seniksi tulivat ylil\u00e4\u00e4k\u00e4ri Aari Bj\u00f6rklund, apteekkari Torsten Granlund, osuuskassanjohtaja Jussi Heinola, rautatiekirjuri Jouko Hietanen, postikonttorinhoitaja Kalevi Huuskonen, toimitusjohtaja Vilho Isosaari, toimitusjohtaja Heino Kahra, johtaja Nikolai Kari, varatuomari Kullervo Kemppinen, liikkeenharjoittaja Ahto Kujanp\u00e4\u00e4, konttorip\u00e4\u00e4llikk\u00f6 Aatos Lahti, kansakoulunopettaja Matti Laitam\u00e4ki, pankinjohtaja Eino Laurila, eversti Tauno Meller, toimitusjohtaja Leuno M\u00e4kihaapoja, apulaisjohtaja Lauri Nurmi, kauppias Heikki Orrenmaa, piiriel\u00e4inl\u00e4\u00e4k\u00e4ri Paavo Parla, maanmittausinsin\u00f6\u00f6ri Martti Plukka, liikkeenhoitaja Esko Rantam\u00e4ki, kunnanl\u00e4\u00e4k\u00e4ri Curt Roos, mets\u00e4talousneuvoja Toivo Ruuhij\u00e4rvi, kauppias Olavi Saarela, lainopin kandidaatti Erkki Sahlberg, rakennusmestari Matti Sepp\u00e4 ja johtaja Reino Vainionp\u00e4\u00e4. <\/span><\/p>\n<p><span style=\"font-weight: 400\">Klubin ensimm\u00e4iseksi presidentiksi valittiin Tauno Meller, joka ilmoitti tavoitteekseen hyv\u00e4n klubihengen luomisen. Sen ensimm\u00e4isen\u00e4 ehtona h\u00e4n piti keskin\u00e4ist\u00e4 luottamusta ja \u00a0&#8211; luottavaisuutta. Kokouksessa p\u00e4\u00e4tettiin my\u00f6s er\u00e4ist\u00e4 k\u00e4yt\u00e4nn\u00f6n asioista. Kokouspaikaksi tuli Kauhavan Osuuskaupan ravintola ja kokousajaksi kello 18 \u2013 19.30 torstaisin. Liittymismaksuksi \u00a0klubiin tuli 30 markkaa. Ruokamaksuna kokouksissa p\u00e4\u00e4tettiin peri\u00e4 nelj\u00e4 markkaa, josta yksi markka tuli klubille. Ruoan edellytettiin olevan jatkossakin hyv\u00e4\u00e4. Ville Isosaarella oli viel\u00e4 lis\u00e4vaatimus: \u201dRuuan pit\u00e4\u00e4 olla aina parempaa kuin kotona, niin silloon viittii paremmin l\u00e4hti\u00e4 kokouksihin\u201d. Poissaolosta j\u00e4sen maksoi klubille poissaolomaksun. <\/span><\/p>\n<p><span style=\"font-weight: 400\">Rotary International hyv\u00e4ksyi klubin maailmanj\u00e4rjest\u00f6n j\u00e4seneksi 21.3.1959.<\/span><\/p>\n<p><span style=\"font-weight: 400\">Klubin perustamisjuhla, charter-juhla oli helatorstaiaattona 6.5.1959 Kauhavan kunnantalon valtuustosalissa. Juhlaan osallistui 85 henkil\u00f6\u00e4. Klubin ulkopuolisia rotareita ja rouvia oli Lapuan klubista 24, Pudasj\u00e4rven klubista viisi, Sein\u00e4joen klubista viisi, Ilmajoen klubista kolme, \u00a0Kurikan klubista kaksi ja Viitasaaren klubista yksi henkil\u00f6. Kauhavan Lions-klubin edustajina olivat presidentti Veikko Pihlajam\u00e4ki ja toinen j\u00e4sen sek\u00e4 rouva. <\/span><\/p>\n<p><span style=\"font-weight: 400\">Juhlan aluksi kunnioitettiin hetken hiljaisuudella sankarivainajien muistoa. Klubin edustajat Aari Bj\u00f6rklund, Aatos Lahti ja Olavi Saarela laskivat klubin seppeleen sankarihaudalle. <\/span><\/p>\n<p><span style=\"font-weight: 400\">Governor Sairanen puhui ja luki klubin perustamiskirjan, jonka presidentti Meller otti vastaan ja piti vastauspuheen. Klubin j\u00e4senet saivat t\u00e4m\u00e4n j\u00e4lkeen governorilta rotarymerkkins\u00e4. \u00a0N\u00e4in juhlan muodollinen osa p\u00e4\u00e4ttyi. Juhla jatkui v\u00e4litt\u00f6m\u00e4sti Ilmasotakoululla Upseerikerholla, joka, samoin kuin juhlaillallisp\u00f6yt\u00e4, oli rouva Vainionp\u00e4\u00e4n kauniisti koristama, muun muassa jokaisen rouvan \u00a0lautasliinalle p\u00f6yd\u00e4ss\u00e4 oli asetettu kukka. Illallisen yhteydess\u00e4 kuultiin useita arvokkaita puheita ja tervehdyksi\u00e4. Puheen naisille piti Jussi Heinola. Iltajuhlatilaisuuteen kuului viel\u00e4 yhteislaulua, kvartetin lauluesityksi\u00e4, lausuntaesitys ja huumoria sek\u00e4 lopuksi tanssia. Viimeiset vieraat poistuivat vasta kellon k\u00e4ydess\u00e4 aamuviitt\u00e4. Charterjuhlaa pidettiinkiin yleisesti varsin onnistuneena.<\/span><\/p>\n<p><span style=\"font-weight: 400\">N\u00e4in olivat klubin perustamistoimet tulleet suoritetuiksi ja toiminta p\u00e4\u00e4ssyt alkuun.<\/span><\/p>\n<p><span style=\"font-weight: 400\">Yhdistyrekisteriin Kauhavan Rotaryklubi on merkitty rekister\u00f6ityn\u00e4 yhdistyksen\u00e4 31.3.1970.<\/span><\/p>\n<p>\u00a0<\/p>\n<p><em>T\u00e4m\u00e4 Reijo Heinosen kirjoittaman artikkeli on alunperin julkaistu Kauhavan Rotaryklubin 50-vuotishistoriikissa v. 2009<\/em><\/p>\n<p>\u00a0<\/p>\n<p><img loading=\"lazy\" decoding=\"async\" class=\"alignnone size-full wp-image-1702\" src=\"https:\/\/rotary.fi\/kauhavarc\/wp-content\/uploads\/sites\/22\/2018\/12\/perustaminen.jpg\" alt=\"\" width=\"1193\" height=\"1086\" srcset=\"https:\/\/rotary.fi\/kauhavarc\/wp-content\/uploads\/sites\/22\/2018\/12\/perustaminen.jpg 1193w, https:\/\/rotary.fi\/kauhavarc\/wp-content\/uploads\/sites\/22\/2018\/12\/perustaminen-300x273.jpg 300w, https:\/\/rotary.fi\/kauhavarc\/wp-content\/uploads\/sites\/22\/2018\/12\/perustaminen-768x699.jpg 768w, https:\/\/rotary.fi\/kauhavarc\/wp-content\/uploads\/sites\/22\/2018\/12\/perustaminen-1024x932.jpg 1024w, https:\/\/rotary.fi\/kauhavarc\/wp-content\/uploads\/sites\/22\/2018\/12\/perustaminen-1080x983.jpg 1080w\" sizes=\"(max-width: 1193px) 100vw, 1193px\" \/><\/p>\n<p>[\/et_pb_text][et_pb_button _builder_version=&#8221;3.17.6&#8243; button_text=&#8221;Takaisin&#8221; button_url=&#8221;https:\/\/rotary.fi\/kauhavarc\/mita-teemme\/yhteiset-projektit\/&#8221; button_alignment=&#8221;center&#8221; custom_margin=&#8221;40px||40px|&#8221; \/][\/et_pb_column][\/et_pb_row][\/et_pb_section]<\/p>\n","protected":false},"excerpt":{"rendered":"<p>Kauhavan Rotaryklubin perustaminen Reijo HeinonenVuonna 1959 oli piirigovernorin teht\u00e4v\u00e4ss\u00e4 Onni Sairanen Lapuan Rotaryklubista. H\u00e4n pyysi klubin kauhavalaisia j\u00e4seni\u00e4 selvitt\u00e4m\u00e4\u00e4n, voitaisiinko Kauhavalle perustaa rotaryklubi. N\u00e4m\u00e4 j\u00e4senet, eversti Tauno Meller, varatuomari Kullervo Kemppinen ja liikkeenharjoittaja Ahto Kujanp\u00e4\u00e4 ottivat yhteyksi\u00e4 alueen johtaviin liike- ja virkamiehiin ja j\u00e4rjestiv\u00e4t neuvottelukokouksia asiasta. Eri vaiheiden j\u00e4lkeen l\u00e4hetettiin kirjallinen kutsu liitty\u00e4 perustettavaan klubiin [&hellip;]<\/p>\n","protected":false},"author":16,"featured_media":0,"parent":0,"menu_order":0,"comment_status":"closed","ping_status":"closed","template":"","meta":{"_acf_changed":false,"_et_pb_use_builder":"on","_et_pb_old_content":"<img class=\"alignnone size-full wp-image-1702 aligncenter\" src=\"https:\/\/rotary.fi\/kauhavarc\/wp-content\/uploads\/sites\/22\/2018\/12\/perustaminen.jpg\" alt=\"\" width=\"1193\" height=\"1086\" \/>\r\n\r\n\u00a0\r\n\r\n<b>KAUHAVAN ROTARYKLUBIN PERUSTAMINEN\r\nReijo Heinonen\r\n<\/b>\r\n\r\n<span style=\"font-weight: 400\">Vuonna 1959 oli piirigovernorin teht\u00e4v\u00e4ss\u00e4 Onni Sairanen Lapuan Rotaryklubista. H\u00e4n pyysi klubin kauhavalaisia j\u00e4seni\u00e4 selvitt\u00e4m\u00e4\u00e4n, voitaisiinko Kauhavalle perustaa rotaryklubi. N\u00e4m\u00e4 j\u00e4senet, eversti Tauno Meller, varatuomari Kullervo Kemppinen ja liikkeenharjoittaja Ahto Kujanp\u00e4\u00e4 ottivat yhteyksi\u00e4 alueen johtaviin liike- ja virkamiehiin ja j\u00e4rjestiv\u00e4t neuvottelukokouksia asiasta. Eri vaiheiden j\u00e4lkeen l\u00e4hetettiin kirjallinen kutsu liitty\u00e4 perustettavaan klubiin 36 \u00a0kauhavalaiselle, alah\u00e4rm\u00e4l\u00e4iselle ja ylih\u00e4rm\u00e4l\u00e4iselle.<\/span>\r\n\r\n<span style=\"font-weight: 400\">Perustamiskokous pidettiin 26.2.1959 Kauhavan Osuuskaupan ravintolassa. Vuoden 1959-1960 rotarymatrikkelin j\u00e4rjestyksess\u00e4 luetellen j\u00e4seniksi tulivat ylil\u00e4\u00e4k\u00e4ri Aari Bj\u00f6rklund, apteekkari Torsten Granlund, osuuskassanjohtaja Jussi Heinola, rautatiekirjuri Jouko Hietanen, postikonttorinhoitaja Kalevi Huuskonen, toimitusjohtaja Vilho Isosaari, toimitusjohtaja Heino Kahra, johtaja Nikolai Kari, varatuomari Kullervo Kemppinen, liikkeenharjoittaja Ahto Kujanp\u00e4\u00e4, konttorip\u00e4\u00e4llikk\u00f6 Aatos Lahti, kansakoulunopettaja Matti Laitam\u00e4ki, pankinjohtaja Eino Laurila, eversti Tauno Meller, toimitusjohtaja Leuno M\u00e4kihaapoja, apulaisjohtaja Lauri Nurmi, kauppias Heikki Orrenmaa, piiriel\u00e4inl\u00e4\u00e4k\u00e4ri Paavo Parla, maanmittausinsin\u00f6\u00f6ri Martti Plukka, liikkeenhoitaja Esko Rantam\u00e4ki, kunnanl\u00e4\u00e4k\u00e4ri Curt Roos, mets\u00e4talousneuvoja Toivo Ruuhij\u00e4rvi, kauppias Olavi Saarela, lainopin kandidaatti Erkki Sahlberg, rakennusmestari Matti Sepp\u00e4 ja johtaja Reino Vainionp\u00e4\u00e4. <\/span>\r\n\r\n<span style=\"font-weight: 400\">Klubin ensimm\u00e4iseksi presidentiksi valittiin Tauno Meller, joka ilmoitti tavoitteekseen hyv\u00e4n klubihengen luomisen. Sen ensimm\u00e4isen\u00e4 ehtona h\u00e4n piti keskin\u00e4ist\u00e4 luottamusta ja \u00a0- luottavaisuutta. Kokouksessa p\u00e4\u00e4tettiin my\u00f6s er\u00e4ist\u00e4 k\u00e4yt\u00e4nn\u00f6n asioista. Kokouspaikaksi tuli Kauhavan Osuuskaupan ravintola ja kokousajaksi kello 18 \u2013 19.30 torstaisin. Liittymismaksuksi \u00a0klubiin tuli 30 markkaa. Ruokamaksuna kokouksissa p\u00e4\u00e4tettiin peri\u00e4 nelj\u00e4 markkaa, josta yksi markka tuli klubille. Ruoan edellytettiin olevan jatkossakin hyv\u00e4\u00e4. Ville Isosaarella oli viel\u00e4 lis\u00e4vaatimus: \u201dRuuan pit\u00e4\u00e4 olla aina parempaa kuin kotona, niin silloon viittii paremmin l\u00e4hti\u00e4 kokouksihin\u201d. Poissaolosta j\u00e4sen maksoi klubille poissaolomaksun. <\/span>\r\n\r\n<span style=\"font-weight: 400\">Rotary International hyv\u00e4ksyi klubin maailmanj\u00e4rjest\u00f6n j\u00e4seneksi 21.3.1959.<\/span>\r\n\r\n<span style=\"font-weight: 400\">Klubin perustamisjuhla, charter-juhla oli helatorstaiaattona 6.5.1959 Kauhavan kunnantalon valtuustosalissa. Juhlaan osallistui 85 henkil\u00f6\u00e4. Klubin ulkopuolisia rotareita ja rouvia oli Lapuan klubista 24, Pudasj\u00e4rven klubista viisi, Sein\u00e4joen klubista viisi, Ilmajoen klubista kolme, \u00a0Kurikan klubista kaksi ja Viitasaaren klubista yksi henkil\u00f6. Kauhavan Lions-klubin edustajina olivat presidentti Veikko Pihlajam\u00e4ki ja toinen j\u00e4sen sek\u00e4 rouva. <\/span>\r\n\r\n<span style=\"font-weight: 400\">Juhlan aluksi kunnioitettiin hetken hiljaisuudella sankarivainajien muistoa. Klubin edustajat Aari Bj\u00f6rklund, Aatos Lahti ja Olavi Saarela laskivat klubin seppeleen sankarihaudalle. <\/span>\r\n\r\n<span style=\"font-weight: 400\">Governor Sairanen puhui ja luki klubin perustamiskirjan, jonka presidentti Meller otti vastaan ja piti vastauspuheen. Klubin j\u00e4senet saivat t\u00e4m\u00e4n j\u00e4lkeen governorilta rotarymerkkins\u00e4. \u00a0N\u00e4in juhlan muodollinen osa p\u00e4\u00e4ttyi. Juhla jatkui v\u00e4litt\u00f6m\u00e4sti Ilmasotakoululla Upseerikerholla, joka, samoin kuin juhlaillallisp\u00f6yt\u00e4, oli rouva Vainionp\u00e4\u00e4n kauniisti koristama, muun muassa jokaisen rouvan \u00a0lautasliinalle p\u00f6yd\u00e4ss\u00e4 oli asetettu kukka. Illallisen yhteydess\u00e4 kuultiin useita arvokkaita puheita ja tervehdyksi\u00e4. Puheen naisille piti Jussi Heinola. Iltajuhlatilaisuuteen kuului viel\u00e4 yhteislaulua, kvartetin lauluesityksi\u00e4, lausuntaesitys ja huumoria sek\u00e4 lopuksi tanssia. Viimeiset vieraat poistuivat vasta kellon k\u00e4ydess\u00e4 aamuviitt\u00e4. Charterjuhlaa pidettiinkiin yleisesti varsin onnistuneena.<\/span>\r\n\r\n<span style=\"font-weight: 400\">N\u00e4in olivat klubin perustamistoimet tulleet suoritetuiksi ja toiminta p\u00e4\u00e4ssyt alkuun.<\/span>\r\n\r\n<span style=\"font-weight: 400\">Yhdistyrekisteriin Kauhavan Rotaryklubi on merkitty rekister\u00f6ityn\u00e4 yhdistyksen\u00e4 31.3.1970.<\/span>\r\n\r\n\u00a0\r\n\r\n<em>T\u00e4m\u00e4 veli Reijo Heinosen artikkeli on alunperin kirjoitettu Kauhavan Rotaryklubin 50-vuotishistoriikkiin<\/em>\r\n\r\n\u00a0","_et_gb_content_width":"","footnotes":""},"class_list":["post-1696","page","type-page","status-publish","hentry"],"acf":[],"yoast_head":"<!-- This site is optimized with the Yoast SEO plugin v27.0 - https:\/\/yoast.com\/product\/yoast-seo-wordpress\/ -->\n<title>Klubin synty - Kauhavan Rotaryklubi ry<\/title>\n<meta name=\"robots\" content=\"index, follow, max-snippet:-1, max-image-preview:large, max-video-preview:-1\" \/>\n<link rel=\"canonical\" href=\"https:\/\/rotary.fi\/kauhavarc\/klubin-synty\/\" \/>\n<meta property=\"og:locale\" content=\"fi_FI\" \/>\n<meta property=\"og:type\" content=\"article\" \/>\n<meta property=\"og:title\" content=\"Klubin synty - Kauhavan Rotaryklubi ry\" \/>\n<meta property=\"og:description\" content=\"Kauhavan Rotaryklubin perustaminen Reijo HeinonenVuonna 1959 oli piirigovernorin teht\u00e4v\u00e4ss\u00e4 Onni Sairanen Lapuan Rotaryklubista. H\u00e4n pyysi klubin kauhavalaisia j\u00e4seni\u00e4 selvitt\u00e4m\u00e4\u00e4n, voitaisiinko Kauhavalle perustaa rotaryklubi. N\u00e4m\u00e4 j\u00e4senet, eversti Tauno Meller, varatuomari Kullervo Kemppinen ja liikkeenharjoittaja Ahto Kujanp\u00e4\u00e4 ottivat yhteyksi\u00e4 alueen johtaviin liike- ja virkamiehiin ja j\u00e4rjestiv\u00e4t neuvottelukokouksia asiasta. Eri vaiheiden j\u00e4lkeen l\u00e4hetettiin kirjallinen kutsu liitty\u00e4 perustettavaan klubiin [&hellip;]\" \/>\n<meta property=\"og:url\" content=\"https:\/\/rotary.fi\/kauhavarc\/klubin-synty\/\" \/>\n<meta property=\"og:site_name\" content=\"Kauhavan Rotaryklubi ry\" \/>\n<meta property=\"article:modified_time\" content=\"2018-12-14T21:14:29+00:00\" \/>\n<meta property=\"og:image\" content=\"https:\/\/rotary.fi\/kauhavarc\/wp-content\/uploads\/sites\/22\/2018\/12\/perustaminen.jpg\" \/>\n<meta name=\"twitter:card\" content=\"summary_large_image\" \/>\n<meta name=\"twitter:label1\" content=\"Arvioitu lukuaika\" \/>\n\t<meta name=\"twitter:data1\" content=\"3 minuuttia\" \/>\n<script type=\"application\/ld+json\" class=\"yoast-schema-graph\">{\"@context\":\"https:\/\/schema.org\",\"@graph\":[{\"@type\":\"WebPage\",\"@id\":\"https:\/\/rotary.fi\/kauhavarc\/klubin-synty\/\",\"url\":\"https:\/\/rotary.fi\/kauhavarc\/klubin-synty\/\",\"name\":\"Klubin synty - Kauhavan Rotaryklubi ry\",\"isPartOf\":{\"@id\":\"https:\/\/rotary.fi\/kauhavarc\/#website\"},\"primaryImageOfPage\":{\"@id\":\"https:\/\/rotary.fi\/kauhavarc\/klubin-synty\/#primaryimage\"},\"image\":{\"@id\":\"https:\/\/rotary.fi\/kauhavarc\/klubin-synty\/#primaryimage\"},\"thumbnailUrl\":\"https:\/\/rotary.fi\/kauhavarc\/wp-content\/uploads\/sites\/22\/2018\/12\/perustaminen.jpg\",\"datePublished\":\"2018-12-12T19:19:37+00:00\",\"dateModified\":\"2018-12-14T21:14:29+00:00\",\"breadcrumb\":{\"@id\":\"https:\/\/rotary.fi\/kauhavarc\/klubin-synty\/#breadcrumb\"},\"inLanguage\":\"fi\",\"potentialAction\":[{\"@type\":\"ReadAction\",\"target\":[\"https:\/\/rotary.fi\/kauhavarc\/klubin-synty\/\"]}]},{\"@type\":\"ImageObject\",\"inLanguage\":\"fi\",\"@id\":\"https:\/\/rotary.fi\/kauhavarc\/klubin-synty\/#primaryimage\",\"url\":\"https:\/\/rotary.fi\/kauhavarc\/wp-content\/uploads\/sites\/22\/2018\/12\/perustaminen.jpg\",\"contentUrl\":\"https:\/\/rotary.fi\/kauhavarc\/wp-content\/uploads\/sites\/22\/2018\/12\/perustaminen.jpg\",\"width\":1193,\"height\":1086},{\"@type\":\"BreadcrumbList\",\"@id\":\"https:\/\/rotary.fi\/kauhavarc\/klubin-synty\/#breadcrumb\",\"itemListElement\":[{\"@type\":\"ListItem\",\"position\":1,\"name\":\"Home\",\"item\":\"https:\/\/rotary.fi\/kauhavarc\/\"},{\"@type\":\"ListItem\",\"position\":2,\"name\":\"Klubin synty\"}]},{\"@type\":\"WebSite\",\"@id\":\"https:\/\/rotary.fi\/kauhavarc\/#website\",\"url\":\"https:\/\/rotary.fi\/kauhavarc\/\",\"name\":\"Kauhavan Rotaryklubi ry\",\"description\":\"Uusi Rotary klubisivusto\",\"potentialAction\":[{\"@type\":\"SearchAction\",\"target\":{\"@type\":\"EntryPoint\",\"urlTemplate\":\"https:\/\/rotary.fi\/kauhavarc\/?s={search_term_string}\"},\"query-input\":{\"@type\":\"PropertyValueSpecification\",\"valueRequired\":true,\"valueName\":\"search_term_string\"}}],\"inLanguage\":\"fi\"}]}<\/script>\n<!-- \/ Yoast SEO plugin. -->","yoast_head_json":{"title":"Klubin synty - Kauhavan Rotaryklubi ry","robots":{"index":"index","follow":"follow","max-snippet":"max-snippet:-1","max-image-preview":"max-image-preview:large","max-video-preview":"max-video-preview:-1"},"canonical":"https:\/\/rotary.fi\/kauhavarc\/klubin-synty\/","og_locale":"fi_FI","og_type":"article","og_title":"Klubin synty - Kauhavan Rotaryklubi ry","og_description":"Kauhavan Rotaryklubin perustaminen Reijo HeinonenVuonna 1959 oli piirigovernorin teht\u00e4v\u00e4ss\u00e4 Onni Sairanen Lapuan Rotaryklubista. H\u00e4n pyysi klubin kauhavalaisia j\u00e4seni\u00e4 selvitt\u00e4m\u00e4\u00e4n, voitaisiinko Kauhavalle perustaa rotaryklubi. N\u00e4m\u00e4 j\u00e4senet, eversti Tauno Meller, varatuomari Kullervo Kemppinen ja liikkeenharjoittaja Ahto Kujanp\u00e4\u00e4 ottivat yhteyksi\u00e4 alueen johtaviin liike- ja virkamiehiin ja j\u00e4rjestiv\u00e4t neuvottelukokouksia asiasta. Eri vaiheiden j\u00e4lkeen l\u00e4hetettiin kirjallinen kutsu liitty\u00e4 perustettavaan klubiin [&hellip;]","og_url":"https:\/\/rotary.fi\/kauhavarc\/klubin-synty\/","og_site_name":"Kauhavan Rotaryklubi ry","article_modified_time":"2018-12-14T21:14:29+00:00","og_image":[{"url":"https:\/\/rotary.fi\/kauhavarc\/wp-content\/uploads\/sites\/22\/2018\/12\/perustaminen.jpg","type":"","width":"","height":""}],"twitter_card":"summary_large_image","twitter_misc":{"Arvioitu lukuaika":"3 minuuttia"},"schema":{"@context":"https:\/\/schema.org","@graph":[{"@type":"WebPage","@id":"https:\/\/rotary.fi\/kauhavarc\/klubin-synty\/","url":"https:\/\/rotary.fi\/kauhavarc\/klubin-synty\/","name":"Klubin synty - Kauhavan Rotaryklubi ry","isPartOf":{"@id":"https:\/\/rotary.fi\/kauhavarc\/#website"},"primaryImageOfPage":{"@id":"https:\/\/rotary.fi\/kauhavarc\/klubin-synty\/#primaryimage"},"image":{"@id":"https:\/\/rotary.fi\/kauhavarc\/klubin-synty\/#primaryimage"},"thumbnailUrl":"https:\/\/rotary.fi\/kauhavarc\/wp-content\/uploads\/sites\/22\/2018\/12\/perustaminen.jpg","datePublished":"2018-12-12T19:19:37+00:00","dateModified":"2018-12-14T21:14:29+00:00","breadcrumb":{"@id":"https:\/\/rotary.fi\/kauhavarc\/klubin-synty\/#breadcrumb"},"inLanguage":"fi","potentialAction":[{"@type":"ReadAction","target":["https:\/\/rotary.fi\/kauhavarc\/klubin-synty\/"]}]},{"@type":"ImageObject","inLanguage":"fi","@id":"https:\/\/rotary.fi\/kauhavarc\/klubin-synty\/#primaryimage","url":"https:\/\/rotary.fi\/kauhavarc\/wp-content\/uploads\/sites\/22\/2018\/12\/perustaminen.jpg","contentUrl":"https:\/\/rotary.fi\/kauhavarc\/wp-content\/uploads\/sites\/22\/2018\/12\/perustaminen.jpg","width":1193,"height":1086},{"@type":"BreadcrumbList","@id":"https:\/\/rotary.fi\/kauhavarc\/klubin-synty\/#breadcrumb","itemListElement":[{"@type":"ListItem","position":1,"name":"Home","item":"https:\/\/rotary.fi\/kauhavarc\/"},{"@type":"ListItem","position":2,"name":"Klubin synty"}]},{"@type":"WebSite","@id":"https:\/\/rotary.fi\/kauhavarc\/#website","url":"https:\/\/rotary.fi\/kauhavarc\/","name":"Kauhavan Rotaryklubi ry","description":"Uusi Rotary klubisivusto","potentialAction":[{"@type":"SearchAction","target":{"@type":"EntryPoint","urlTemplate":"https:\/\/rotary.fi\/kauhavarc\/?s={search_term_string}"},"query-input":{"@type":"PropertyValueSpecification","valueRequired":true,"valueName":"search_term_string"}}],"inLanguage":"fi"}]}},"lang":"fi","translations":{"fi":1696},"pll_sync_post":[],"_links":{"self":[{"href":"https:\/\/rotary.fi\/kauhavarc\/wp-json\/wp\/v2\/pages\/1696","targetHints":{"allow":["GET"]}}],"collection":[{"href":"https:\/\/rotary.fi\/kauhavarc\/wp-json\/wp\/v2\/pages"}],"about":[{"href":"https:\/\/rotary.fi\/kauhavarc\/wp-json\/wp\/v2\/types\/page"}],"author":[{"embeddable":true,"href":"https:\/\/rotary.fi\/kauhavarc\/wp-json\/wp\/v2\/users\/16"}],"replies":[{"embeddable":true,"href":"https:\/\/rotary.fi\/kauhavarc\/wp-json\/wp\/v2\/comments?post=1696"}],"version-history":[{"count":12,"href":"https:\/\/rotary.fi\/kauhavarc\/wp-json\/wp\/v2\/pages\/1696\/revisions"}],"predecessor-version":[{"id":1930,"href":"https:\/\/rotary.fi\/kauhavarc\/wp-json\/wp\/v2\/pages\/1696\/revisions\/1930"}],"wp:attachment":[{"href":"https:\/\/rotary.fi\/kauhavarc\/wp-json\/wp\/v2\/media?parent=1696"}],"curies":[{"name":"wp","href":"https:\/\/api.w.org\/{rel}","templated":true}]}}